{"id":21233,"date":"2019-10-28T14:14:14","date_gmt":"2019-10-28T13:14:14","guid":{"rendered":"https:\/\/donbaraton.es\/p\/corner-wardrobe-childrens-room-2-doors-6-shelves-luddo\/"},"modified":"2019-11-20T00:13:15","modified_gmt":"2019-11-19T23:13:15","slug":"corner-wardrobe-childrens-room-2-doors-6-shelves-luddo","status":"publish","type":"product","link":"https:\/\/donbaraton.es\/en\/p\/corner-wardrobe-childrens-room-2-doors-6-shelves-luddo\/","title":{"rendered":"Corner Wardrobe for Children&#8217;s Room, 2 Doors, 6 Shelves &#8211; Luddo"},"content":{"rendered":"<p><strong>Corner Wardrobe for Children&#8217;s Room, 2 Doors, 6 Shelves &#8211; Luddo<\/strong><\/p>\n<p>This spacious corner wardrobe is a perfect solution for children&#8217;s bedrooms if best place to install a wardrobe is one of the room\u2019s corners.<\/p>\n<p>The wardrobe is divided into\u00a0<strong>three vertical sections<\/strong>. The section on the left has five compartments for objects like books, gadgets and smaller clothing items. The central section and the right side sections have upper upper shelves and full hanging compartments with rails.<\/p>\n<p>The doors are available in the following colours: <strong>pink, blue, grey or green<\/strong>. The main colour of the wardrobe is neutral <strong>light grey, <\/strong>which is perfect for both boys and girls.<\/p>\n<p>This 2 door corner wardrobe <strong>matches other furniture<\/strong>\u00a0of the Luddo series for kids \u2013 beds, tables, headboards and shelves. You can furnish your kids\u2019 entire room in just a few minutes.<\/p>\n<p><strong>Dimensions: <\/strong>width 175.3 cm, depth 74.7 cm, height 205.6 cm<\/p>\n<p>Assembly service is not included<\/p>\n","protected":false},"excerpt":{"rendered":"<ul>\n<li>2 swing doors<\/li>\n<li>2 hanging rails<\/li>\n<li>6 shelves<\/li>\n<li>4 colours of doors to choose: <strong>pink, blue, grey, green<\/strong><\/li>\n<li>Matches other children&#8217;s of the Luddo series<\/li>\n<\/ul>\n","protected":false},"featured_media":20587,"comment_status":"open","ping_status":"closed","template":"","meta":{"_et_pb_use_builder":"","_et_pb_old_content":"","_et_gb_content_width":""},"product_brand":[],"product_cat":[291,71,138],"product_tag":[],"class_list":{"0":"post-21233","1":"product","2":"type-product","3":"status-publish","4":"has-post-thumbnail","6":"product_cat-children","7":"product_cat-furniture","8":"product_cat-wardrobes","9":"product_shipping_class-articulos-pesado-manufacturing-up-to-10-days","10":"pa_material-mdf-particle-board","12":"first","13":"outofstock","14":"taxable","15":"shipping-taxable","16":"purchasable","17":"product-type-variable"},"yoast_head":"<!-- This site is optimized with the Yoast SEO plugin v27.2 - https:\/\/yoast.com\/product\/yoast-seo-wordpress\/ -->\n<title>Corner Wardrobe for Children&#039;s Room, 2 Doors, 6 Shelves - Luddo - Don Baraton: tienda de sof\u00e1s, muebles y colchones<\/title>\n<meta name=\"robots\" content=\"index, follow, max-snippet:-1, max-image-preview:large, max-video-preview:-1\" \/>\n<link rel=\"canonical\" href=\"https:\/\/donbaraton.es\/en\/p\/corner-wardrobe-childrens-room-2-doors-6-shelves-luddo\/\" \/>\n<meta property=\"og:locale\" content=\"en_GB\" \/>\n<meta property=\"og:type\" content=\"article\" \/>\n<meta property=\"og:title\" content=\"Corner Wardrobe for Children&#039;s Room, 2 Doors, 6 Shelves - Luddo - Don Baraton: tienda de sof\u00e1s, muebles y colchones\" \/>\n<meta property=\"og:description\" content=\"2 swing doors  2 hanging rails  6 shelves  4 colours of doors to choose: pink, blue, grey, green  Matches other children&#039;s of the Luddo series\" \/>\n<meta property=\"og:url\" content=\"https:\/\/donbaraton.es\/en\/p\/corner-wardrobe-childrens-room-2-doors-6-shelves-luddo\/\" \/>\n<meta property=\"og:site_name\" content=\"Don Baraton: tienda de sof\u00e1s, muebles y colchones\" \/>\n<meta property=\"article:publisher\" content=\"https:\/\/www.facebook.com\/donbaraton.es\" \/>\n<meta property=\"article:modified_time\" content=\"2019-11-19T23:13:15+00:00\" \/>\n<meta property=\"og:image\" content=\"https:\/\/i1.wp.com\/donbaraton.es\/wp-content\/uploads\/2019\/10\/Armario-de-rinc\u00f3n-juvenil-con-2-puertas-color-gris-Luddo.jpg?fit=855%2C643&ssl=1\" \/>\n\t<meta property=\"og:image:width\" content=\"855\" \/>\n\t<meta property=\"og:image:height\" content=\"643\" \/>\n\t<meta property=\"og:image:type\" content=\"image\/jpeg\" \/>\n<meta name=\"twitter:card\" content=\"summary_large_image\" \/>\n<meta name=\"twitter:site\" content=\"@don_baraton\" \/>\n<meta name=\"twitter:label1\" content=\"Estimated reading time\" \/>\n\t<meta name=\"twitter:data1\" content=\"1 minute\" \/>\n<script type=\"application\/ld+json\" class=\"yoast-schema-graph\">{\"@context\":\"https:\/\/schema.org\",\"@graph\":[{\"@type\":\"WebPage\",\"@id\":\"https:\/\/donbaraton.es\/en\/p\/corner-wardrobe-childrens-room-2-doors-6-shelves-luddo\/\",\"url\":\"https:\/\/donbaraton.es\/en\/p\/corner-wardrobe-childrens-room-2-doors-6-shelves-luddo\/\",\"name\":\"Corner Wardrobe for Children's Room, 2 Doors, 6 Shelves - Luddo - Don Baraton: tienda de sof\u00e1s, muebles y colchones\",\"isPartOf\":{\"@id\":\"https:\/\/donbaraton.es\/#website\"},\"primaryImageOfPage\":{\"@id\":\"https:\/\/donbaraton.es\/en\/p\/corner-wardrobe-childrens-room-2-doors-6-shelves-luddo\/#primaryimage\"},\"image\":{\"@id\":\"https:\/\/donbaraton.es\/en\/p\/corner-wardrobe-childrens-room-2-doors-6-shelves-luddo\/#primaryimage\"},\"thumbnailUrl\":\"https:\/\/donbaraton.es\/wp-content\/uploads\/2019\/10\/Armario-de-rinc\u00f3n-juvenil-con-2-puertas-color-gris-Luddo.jpg\",\"datePublished\":\"2019-10-28T13:14:14+00:00\",\"dateModified\":\"2019-11-19T23:13:15+00:00\",\"breadcrumb\":{\"@id\":\"https:\/\/donbaraton.es\/en\/p\/corner-wardrobe-childrens-room-2-doors-6-shelves-luddo\/#breadcrumb\"},\"inLanguage\":\"en-GB\",\"potentialAction\":[{\"@type\":\"ReadAction\",\"target\":[\"https:\/\/donbaraton.es\/en\/p\/corner-wardrobe-childrens-room-2-doors-6-shelves-luddo\/\"]}]},{\"@type\":\"ImageObject\",\"inLanguage\":\"en-GB\",\"@id\":\"https:\/\/donbaraton.es\/en\/p\/corner-wardrobe-childrens-room-2-doors-6-shelves-luddo\/#primaryimage\",\"url\":\"https:\/\/donbaraton.es\/wp-content\/uploads\/2019\/10\/Armario-de-rinc\u00f3n-juvenil-con-2-puertas-color-gris-Luddo.jpg\",\"contentUrl\":\"https:\/\/donbaraton.es\/wp-content\/uploads\/2019\/10\/Armario-de-rinc\u00f3n-juvenil-con-2-puertas-color-gris-Luddo.jpg\",\"width\":855,\"height\":643,\"caption\":\"Corner Wardrobe for Children's Room. 2 Grey Doors, 6 Shelves - Luddo\"},{\"@type\":\"BreadcrumbList\",\"@id\":\"https:\/\/donbaraton.es\/en\/p\/corner-wardrobe-childrens-room-2-doors-6-shelves-luddo\/#breadcrumb\",\"itemListElement\":[{\"@type\":\"ListItem\",\"position\":1,\"name\":\"Portada\",\"item\":\"https:\/\/donbaraton.es\/en\/\"},{\"@type\":\"ListItem\",\"position\":2,\"name\":\"Online Shop\",\"item\":\"https:\/\/donbaraton.es\/en\/shop\/\"},{\"@type\":\"ListItem\",\"position\":3,\"name\":\"Corner Wardrobe for Children&#8217;s Room, 2 Doors, 6 Shelves &#8211; Luddo\"}]},{\"@type\":\"WebSite\",\"@id\":\"https:\/\/donbaraton.es\/#website\",\"url\":\"https:\/\/donbaraton.es\/\",\"name\":\"Don Baraton: tienda de sof\u00e1s, muebles y colchones\",\"description\":\"Sofas baratos desde el almac\u00e9n en Almorad\u00ed, Alicante\",\"publisher\":{\"@id\":\"https:\/\/donbaraton.es\/#organization\"},\"potentialAction\":[{\"@type\":\"SearchAction\",\"target\":{\"@type\":\"EntryPoint\",\"urlTemplate\":\"https:\/\/donbaraton.es\/?s={search_term_string}\"},\"query-input\":{\"@type\":\"PropertyValueSpecification\",\"valueRequired\":true,\"valueName\":\"search_term_string\"}}],\"inLanguage\":\"en-GB\"},{\"@type\":\"Organization\",\"@id\":\"https:\/\/donbaraton.es\/#organization\",\"name\":\"Don Baraton\",\"url\":\"https:\/\/donbaraton.es\/\",\"logo\":{\"@type\":\"ImageObject\",\"inLanguage\":\"en-GB\",\"@id\":\"https:\/\/donbaraton.es\/#\/schema\/logo\/image\/\",\"url\":\"https:\/\/i0.wp.com\/donbaraton.es\/wp-content\/uploads\/2016\/11\/logo_don_baraton.png?fit=228%2C110&ssl=1\",\"contentUrl\":\"https:\/\/i0.wp.com\/donbaraton.es\/wp-content\/uploads\/2016\/11\/logo_don_baraton.png?fit=228%2C110&ssl=1\",\"width\":228,\"height\":110,\"caption\":\"Don Baraton\"},\"image\":{\"@id\":\"https:\/\/donbaraton.es\/#\/schema\/logo\/image\/\"},\"sameAs\":[\"https:\/\/www.facebook.com\/donbaraton.es\",\"https:\/\/x.com\/don_baraton\",\"https:\/\/www.instagram.com\/donbaraton.es\",\"https:\/\/www.linkedin.com\/company\/donbaraton\/\",\"https:\/\/es.pinterest.com\/donbaraton\/\",\"https:\/\/www.youtube.com\/channel\/UCL02HOwx-F759Jq5MedAZfQ\"]}]}<\/script>\n<!-- \/ Yoast SEO plugin. -->","yoast_head_json":{"title":"Corner Wardrobe for Children's Room, 2 Doors, 6 Shelves - Luddo - Don Baraton: tienda de sof\u00e1s, muebles y colchones","robots":{"index":"index","follow":"follow","max-snippet":"max-snippet:-1","max-image-preview":"max-image-preview:large","max-video-preview":"max-video-preview:-1"},"canonical":"https:\/\/donbaraton.es\/en\/p\/corner-wardrobe-childrens-room-2-doors-6-shelves-luddo\/","og_locale":"en_GB","og_type":"article","og_title":"Corner Wardrobe for Children's Room, 2 Doors, 6 Shelves - Luddo - Don Baraton: tienda de sof\u00e1s, muebles y colchones","og_description":"2 swing doors  2 hanging rails  6 shelves  4 colours of doors to choose: pink, blue, grey, green  Matches other children's of the Luddo series","og_url":"https:\/\/donbaraton.es\/en\/p\/corner-wardrobe-childrens-room-2-doors-6-shelves-luddo\/","og_site_name":"Don Baraton: tienda de sof\u00e1s, muebles y colchones","article_publisher":"https:\/\/www.facebook.com\/donbaraton.es","article_modified_time":"2019-11-19T23:13:15+00:00","og_image":[{"width":855,"height":643,"url":"https:\/\/i1.wp.com\/donbaraton.es\/wp-content\/uploads\/2019\/10\/Armario-de-rinc\u00f3n-juvenil-con-2-puertas-color-gris-Luddo.jpg?fit=855%2C643&ssl=1","type":"image\/jpeg"}],"twitter_card":"summary_large_image","twitter_site":"@don_baraton","twitter_misc":{"Estimated reading time":"1 minute"},"schema":{"@context":"https:\/\/schema.org","@graph":[{"@type":"WebPage","@id":"https:\/\/donbaraton.es\/en\/p\/corner-wardrobe-childrens-room-2-doors-6-shelves-luddo\/","url":"https:\/\/donbaraton.es\/en\/p\/corner-wardrobe-childrens-room-2-doors-6-shelves-luddo\/","name":"Corner Wardrobe for Children's Room, 2 Doors, 6 Shelves - Luddo - Don Baraton: tienda de sof\u00e1s, muebles y colchones","isPartOf":{"@id":"https:\/\/donbaraton.es\/#website"},"primaryImageOfPage":{"@id":"https:\/\/donbaraton.es\/en\/p\/corner-wardrobe-childrens-room-2-doors-6-shelves-luddo\/#primaryimage"},"image":{"@id":"https:\/\/donbaraton.es\/en\/p\/corner-wardrobe-childrens-room-2-doors-6-shelves-luddo\/#primaryimage"},"thumbnailUrl":"https:\/\/donbaraton.es\/wp-content\/uploads\/2019\/10\/Armario-de-rinc\u00f3n-juvenil-con-2-puertas-color-gris-Luddo.jpg","datePublished":"2019-10-28T13:14:14+00:00","dateModified":"2019-11-19T23:13:15+00:00","breadcrumb":{"@id":"https:\/\/donbaraton.es\/en\/p\/corner-wardrobe-childrens-room-2-doors-6-shelves-luddo\/#breadcrumb"},"inLanguage":"en-GB","potentialAction":[{"@type":"ReadAction","target":["https:\/\/donbaraton.es\/en\/p\/corner-wardrobe-childrens-room-2-doors-6-shelves-luddo\/"]}]},{"@type":"ImageObject","inLanguage":"en-GB","@id":"https:\/\/donbaraton.es\/en\/p\/corner-wardrobe-childrens-room-2-doors-6-shelves-luddo\/#primaryimage","url":"https:\/\/donbaraton.es\/wp-content\/uploads\/2019\/10\/Armario-de-rinc\u00f3n-juvenil-con-2-puertas-color-gris-Luddo.jpg","contentUrl":"https:\/\/donbaraton.es\/wp-content\/uploads\/2019\/10\/Armario-de-rinc\u00f3n-juvenil-con-2-puertas-color-gris-Luddo.jpg","width":855,"height":643,"caption":"Corner Wardrobe for Children's Room. 2 Grey Doors, 6 Shelves - Luddo"},{"@type":"BreadcrumbList","@id":"https:\/\/donbaraton.es\/en\/p\/corner-wardrobe-childrens-room-2-doors-6-shelves-luddo\/#breadcrumb","itemListElement":[{"@type":"ListItem","position":1,"name":"Portada","item":"https:\/\/donbaraton.es\/en\/"},{"@type":"ListItem","position":2,"name":"Online Shop","item":"https:\/\/donbaraton.es\/en\/shop\/"},{"@type":"ListItem","position":3,"name":"Corner Wardrobe for Children&#8217;s Room, 2 Doors, 6 Shelves &#8211; Luddo"}]},{"@type":"WebSite","@id":"https:\/\/donbaraton.es\/#website","url":"https:\/\/donbaraton.es\/","name":"Don Baraton: tienda de sof\u00e1s, muebles y colchones","description":"Sofas baratos desde el almac\u00e9n en Almorad\u00ed, Alicante","publisher":{"@id":"https:\/\/donbaraton.es\/#organization"},"potentialAction":[{"@type":"SearchAction","target":{"@type":"EntryPoint","urlTemplate":"https:\/\/donbaraton.es\/?s={search_term_string}"},"query-input":{"@type":"PropertyValueSpecification","valueRequired":true,"valueName":"search_term_string"}}],"inLanguage":"en-GB"},{"@type":"Organization","@id":"https:\/\/donbaraton.es\/#organization","name":"Don Baraton","url":"https:\/\/donbaraton.es\/","logo":{"@type":"ImageObject","inLanguage":"en-GB","@id":"https:\/\/donbaraton.es\/#\/schema\/logo\/image\/","url":"https:\/\/i0.wp.com\/donbaraton.es\/wp-content\/uploads\/2016\/11\/logo_don_baraton.png?fit=228%2C110&ssl=1","contentUrl":"https:\/\/i0.wp.com\/donbaraton.es\/wp-content\/uploads\/2016\/11\/logo_don_baraton.png?fit=228%2C110&ssl=1","width":228,"height":110,"caption":"Don Baraton"},"image":{"@id":"https:\/\/donbaraton.es\/#\/schema\/logo\/image\/"},"sameAs":["https:\/\/www.facebook.com\/donbaraton.es","https:\/\/x.com\/don_baraton","https:\/\/www.instagram.com\/donbaraton.es","https:\/\/www.linkedin.com\/company\/donbaraton\/","https:\/\/es.pinterest.com\/donbaraton\/","https:\/\/www.youtube.com\/channel\/UCL02HOwx-F759Jq5MedAZfQ"]}]}},"_links":{"self":[{"href":"https:\/\/donbaraton.es\/en\/wp-json\/wp\/v2\/product\/21233","targetHints":{"allow":["GET"]}}],"collection":[{"href":"https:\/\/donbaraton.es\/en\/wp-json\/wp\/v2\/product"}],"about":[{"href":"https:\/\/donbaraton.es\/en\/wp-json\/wp\/v2\/types\/product"}],"replies":[{"embeddable":true,"href":"https:\/\/donbaraton.es\/en\/wp-json\/wp\/v2\/comments?post=21233"}],"wp:featuredmedia":[{"embeddable":true,"href":"https:\/\/donbaraton.es\/en\/wp-json\/wp\/v2\/media\/20587"}],"wp:attachment":[{"href":"https:\/\/donbaraton.es\/en\/wp-json\/wp\/v2\/media?parent=21233"}],"wp:term":[{"taxonomy":"product_brand","embeddable":true,"href":"https:\/\/donbaraton.es\/en\/wp-json\/wp\/v2\/product_brand?post=21233"},{"taxonomy":"product_cat","embeddable":true,"href":"https:\/\/donbaraton.es\/en\/wp-json\/wp\/v2\/product_cat?post=21233"},{"taxonomy":"product_tag","embeddable":true,"href":"https:\/\/donbaraton.es\/en\/wp-json\/wp\/v2\/product_tag?post=21233"}],"curies":[{"name":"wp","href":"https:\/\/api.w.org\/{rel}","templated":true}]}}