{"id":21243,"date":"2019-10-28T15:14:15","date_gmt":"2019-10-28T14:14:15","guid":{"rendered":"https:\/\/donbaraton.es\/p\/floor-standing-shelving-unit-for-a-childrens-room-4-tiers-luddo\/"},"modified":"2019-11-18T22:51:03","modified_gmt":"2019-11-18T21:51:03","slug":"floor-standing-shelving-unit-for-a-childrens-room-4-tiers-luddo","status":"publish","type":"product","link":"https:\/\/donbaraton.es\/en\/p\/floor-standing-shelving-unit-for-a-childrens-room-4-tiers-luddo\/","title":{"rendered":"Floor Standing Shelving Unit for a Children&#8217;s Room, 4 Tiers &#8211; Luddo"},"content":{"rendered":"<p><strong>Floor Standing Shelving Unit for a Children&#8217;s Room, 4 Tiers &#8211; Luddo.<\/strong><\/p>\n<p>A great addition to other children\u2019s furniture of the Luddo range!<\/p>\n<p>Every level of the unit is divided into two parts by two vertical divisions. The smaller part is open on one side and the larger part is closed on both sides.<\/p>\n<p>The depth of 25.5 cm makes this shelving unit suitable even for <strong>rooms with very limited<\/strong> available space.<\/p>\n<p>The <strong>height<\/strong> of this furniture item (152.3 cm) is perfect for kids. Most of them will be able to put things to all shelves, including the top of the unit, and take them back.<\/p>\n<p>The main<strong> light grey<\/strong> colour will fit almost any interior. The colour of the shelves can be <strong>pink, blue, grey or green.\u00a0<\/strong><\/p>\n<p>The Luddo shelving unit <strong>matches other furniture of the range<\/strong>. You can order beds, wardrobes, desks and other shelves in the same colours to furnish the entire kids room.<\/p>\n<p><strong>Dimensions:<\/strong> height 152.3 cm, width 100 cm, depth 25.5 cm<\/p>\n<p>Assembly service is not included<\/p>\n","protected":false},"excerpt":{"rendered":"<ul>\n<li>4 tiers<\/li>\n<li><strong>Light grey<\/strong> main colour<\/li>\n<li>Colours of the shelves to choose: <strong>pink, blue, grey, green<\/strong><\/li>\n<li><strong>Matches other furniture<\/strong> of the Luddo series<\/li>\n<\/ul>\n<p><strong>Dimensions:<\/strong> height 152.3 cm, width 100 cm, depth 25.5 cm<\/p>\n","protected":false},"featured_media":20605,"comment_status":"open","ping_status":"closed","template":"","meta":{"_et_pb_use_builder":"","_et_pb_old_content":"","_et_gb_content_width":""},"product_brand":[],"product_cat":[291,71,303],"product_tag":[],"class_list":{"0":"post-21243","1":"product","2":"type-product","3":"status-publish","4":"has-post-thumbnail","6":"product_cat-children","7":"product_cat-furniture","8":"product_cat-shelves-racks","9":"product_shipping_class-3-20-kg-hasta-10-dias","10":"pa_material-mdf-particle-board","12":"first","13":"outofstock","14":"taxable","15":"shipping-taxable","16":"product-type-variable"},"yoast_head":"<!-- This site is optimized with the Yoast SEO plugin v27.2 - https:\/\/yoast.com\/product\/yoast-seo-wordpress\/ -->\n<title>Floor Standing Shelving Unit for a Children&#039;s Room, 4 Tiers - Luddo - Don Baraton: tienda de sof\u00e1s, muebles y colchones<\/title>\n<meta name=\"robots\" content=\"index, follow, max-snippet:-1, max-image-preview:large, max-video-preview:-1\" \/>\n<link rel=\"canonical\" href=\"https:\/\/donbaraton.es\/en\/p\/floor-standing-shelving-unit-for-a-childrens-room-4-tiers-luddo\/\" \/>\n<meta property=\"og:locale\" content=\"en_GB\" \/>\n<meta property=\"og:type\" content=\"article\" \/>\n<meta property=\"og:title\" content=\"Floor Standing Shelving Unit for a Children&#039;s Room, 4 Tiers - Luddo - Don Baraton: tienda de sof\u00e1s, muebles y colchones\" \/>\n<meta property=\"og:description\" content=\"4 tiers  Light grey main colour  Colours of the shelves to choose: pink, blue, grey, green  Matches other furniture of the Luddo series  Dimensions: height 152.3 cm, width 100 cm, depth 25.5 cm\" \/>\n<meta property=\"og:url\" content=\"https:\/\/donbaraton.es\/en\/p\/floor-standing-shelving-unit-for-a-childrens-room-4-tiers-luddo\/\" \/>\n<meta property=\"og:site_name\" content=\"Don Baraton: tienda de sof\u00e1s, muebles y colchones\" \/>\n<meta property=\"article:publisher\" content=\"https:\/\/www.facebook.com\/donbaraton.es\" \/>\n<meta property=\"article:modified_time\" content=\"2019-11-18T21:51:03+00:00\" \/>\n<meta property=\"og:image\" content=\"https:\/\/i2.wp.com\/donbaraton.es\/wp-content\/uploads\/2019\/10\/Estanter\u00eda-de-suelo-juvenil-rosa-con-gris-claro-4-niveles-Luddo.jpg?fit=773%2C580&ssl=1\" \/>\n\t<meta property=\"og:image:width\" content=\"773\" \/>\n\t<meta property=\"og:image:height\" content=\"580\" \/>\n\t<meta property=\"og:image:type\" content=\"image\/jpeg\" \/>\n<meta name=\"twitter:card\" content=\"summary_large_image\" \/>\n<meta name=\"twitter:site\" content=\"@don_baraton\" \/>\n<meta name=\"twitter:label1\" content=\"Estimated reading time\" \/>\n\t<meta name=\"twitter:data1\" content=\"1 minute\" \/>\n<script type=\"application\/ld+json\" class=\"yoast-schema-graph\">{\"@context\":\"https:\/\/schema.org\",\"@graph\":[{\"@type\":\"WebPage\",\"@id\":\"https:\/\/donbaraton.es\/en\/p\/floor-standing-shelving-unit-for-a-childrens-room-4-tiers-luddo\/\",\"url\":\"https:\/\/donbaraton.es\/en\/p\/floor-standing-shelving-unit-for-a-childrens-room-4-tiers-luddo\/\",\"name\":\"Floor Standing Shelving Unit for a Children's Room, 4 Tiers - Luddo - Don Baraton: tienda de sof\u00e1s, muebles y colchones\",\"isPartOf\":{\"@id\":\"https:\/\/donbaraton.es\/#website\"},\"primaryImageOfPage\":{\"@id\":\"https:\/\/donbaraton.es\/en\/p\/floor-standing-shelving-unit-for-a-childrens-room-4-tiers-luddo\/#primaryimage\"},\"image\":{\"@id\":\"https:\/\/donbaraton.es\/en\/p\/floor-standing-shelving-unit-for-a-childrens-room-4-tiers-luddo\/#primaryimage\"},\"thumbnailUrl\":\"https:\/\/donbaraton.es\/wp-content\/uploads\/2019\/10\/Estanter\u00eda-de-suelo-juvenil-rosa-con-gris-claro-4-niveles-Luddo.jpg\",\"datePublished\":\"2019-10-28T14:14:15+00:00\",\"dateModified\":\"2019-11-18T21:51:03+00:00\",\"breadcrumb\":{\"@id\":\"https:\/\/donbaraton.es\/en\/p\/floor-standing-shelving-unit-for-a-childrens-room-4-tiers-luddo\/#breadcrumb\"},\"inLanguage\":\"en-GB\",\"potentialAction\":[{\"@type\":\"ReadAction\",\"target\":[\"https:\/\/donbaraton.es\/en\/p\/floor-standing-shelving-unit-for-a-childrens-room-4-tiers-luddo\/\"]}]},{\"@type\":\"ImageObject\",\"inLanguage\":\"en-GB\",\"@id\":\"https:\/\/donbaraton.es\/en\/p\/floor-standing-shelving-unit-for-a-childrens-room-4-tiers-luddo\/#primaryimage\",\"url\":\"https:\/\/donbaraton.es\/wp-content\/uploads\/2019\/10\/Estanter\u00eda-de-suelo-juvenil-rosa-con-gris-claro-4-niveles-Luddo.jpg\",\"contentUrl\":\"https:\/\/donbaraton.es\/wp-content\/uploads\/2019\/10\/Estanter\u00eda-de-suelo-juvenil-rosa-con-gris-claro-4-niveles-Luddo.jpg\",\"width\":773,\"height\":580,\"caption\":\"Floor Standing Shelving Unit in Pink for a Children's Room, 4 Tiers - Luddo\"},{\"@type\":\"BreadcrumbList\",\"@id\":\"https:\/\/donbaraton.es\/en\/p\/floor-standing-shelving-unit-for-a-childrens-room-4-tiers-luddo\/#breadcrumb\",\"itemListElement\":[{\"@type\":\"ListItem\",\"position\":1,\"name\":\"Portada\",\"item\":\"https:\/\/donbaraton.es\/en\/\"},{\"@type\":\"ListItem\",\"position\":2,\"name\":\"Online Shop\",\"item\":\"https:\/\/donbaraton.es\/en\/shop\/\"},{\"@type\":\"ListItem\",\"position\":3,\"name\":\"Floor Standing Shelving Unit for a Children&#8217;s Room, 4 Tiers &#8211; Luddo\"}]},{\"@type\":\"WebSite\",\"@id\":\"https:\/\/donbaraton.es\/#website\",\"url\":\"https:\/\/donbaraton.es\/\",\"name\":\"Don Baraton: tienda de sof\u00e1s, muebles y colchones\",\"description\":\"Sofas baratos desde el almac\u00e9n en Almorad\u00ed, Alicante\",\"publisher\":{\"@id\":\"https:\/\/donbaraton.es\/#organization\"},\"potentialAction\":[{\"@type\":\"SearchAction\",\"target\":{\"@type\":\"EntryPoint\",\"urlTemplate\":\"https:\/\/donbaraton.es\/?s={search_term_string}\"},\"query-input\":{\"@type\":\"PropertyValueSpecification\",\"valueRequired\":true,\"valueName\":\"search_term_string\"}}],\"inLanguage\":\"en-GB\"},{\"@type\":\"Organization\",\"@id\":\"https:\/\/donbaraton.es\/#organization\",\"name\":\"Don Baraton\",\"url\":\"https:\/\/donbaraton.es\/\",\"logo\":{\"@type\":\"ImageObject\",\"inLanguage\":\"en-GB\",\"@id\":\"https:\/\/donbaraton.es\/#\/schema\/logo\/image\/\",\"url\":\"https:\/\/i0.wp.com\/donbaraton.es\/wp-content\/uploads\/2016\/11\/logo_don_baraton.png?fit=228%2C110&ssl=1\",\"contentUrl\":\"https:\/\/i0.wp.com\/donbaraton.es\/wp-content\/uploads\/2016\/11\/logo_don_baraton.png?fit=228%2C110&ssl=1\",\"width\":228,\"height\":110,\"caption\":\"Don Baraton\"},\"image\":{\"@id\":\"https:\/\/donbaraton.es\/#\/schema\/logo\/image\/\"},\"sameAs\":[\"https:\/\/www.facebook.com\/donbaraton.es\",\"https:\/\/x.com\/don_baraton\",\"https:\/\/www.instagram.com\/donbaraton.es\",\"https:\/\/www.linkedin.com\/company\/donbaraton\/\",\"https:\/\/es.pinterest.com\/donbaraton\/\",\"https:\/\/www.youtube.com\/channel\/UCL02HOwx-F759Jq5MedAZfQ\"]}]}<\/script>\n<!-- \/ Yoast SEO plugin. -->","yoast_head_json":{"title":"Floor Standing Shelving Unit for a Children's Room, 4 Tiers - Luddo - Don Baraton: tienda de sof\u00e1s, muebles y colchones","robots":{"index":"index","follow":"follow","max-snippet":"max-snippet:-1","max-image-preview":"max-image-preview:large","max-video-preview":"max-video-preview:-1"},"canonical":"https:\/\/donbaraton.es\/en\/p\/floor-standing-shelving-unit-for-a-childrens-room-4-tiers-luddo\/","og_locale":"en_GB","og_type":"article","og_title":"Floor Standing Shelving Unit for a Children's Room, 4 Tiers - Luddo - Don Baraton: tienda de sof\u00e1s, muebles y colchones","og_description":"4 tiers  Light grey main colour  Colours of the shelves to choose: pink, blue, grey, green  Matches other furniture of the Luddo series  Dimensions: height 152.3 cm, width 100 cm, depth 25.5 cm","og_url":"https:\/\/donbaraton.es\/en\/p\/floor-standing-shelving-unit-for-a-childrens-room-4-tiers-luddo\/","og_site_name":"Don Baraton: tienda de sof\u00e1s, muebles y colchones","article_publisher":"https:\/\/www.facebook.com\/donbaraton.es","article_modified_time":"2019-11-18T21:51:03+00:00","og_image":[{"width":773,"height":580,"url":"https:\/\/i2.wp.com\/donbaraton.es\/wp-content\/uploads\/2019\/10\/Estanter\u00eda-de-suelo-juvenil-rosa-con-gris-claro-4-niveles-Luddo.jpg?fit=773%2C580&ssl=1","type":"image\/jpeg"}],"twitter_card":"summary_large_image","twitter_site":"@don_baraton","twitter_misc":{"Estimated reading time":"1 minute"},"schema":{"@context":"https:\/\/schema.org","@graph":[{"@type":"WebPage","@id":"https:\/\/donbaraton.es\/en\/p\/floor-standing-shelving-unit-for-a-childrens-room-4-tiers-luddo\/","url":"https:\/\/donbaraton.es\/en\/p\/floor-standing-shelving-unit-for-a-childrens-room-4-tiers-luddo\/","name":"Floor Standing Shelving Unit for a Children's Room, 4 Tiers - Luddo - Don Baraton: tienda de sof\u00e1s, muebles y colchones","isPartOf":{"@id":"https:\/\/donbaraton.es\/#website"},"primaryImageOfPage":{"@id":"https:\/\/donbaraton.es\/en\/p\/floor-standing-shelving-unit-for-a-childrens-room-4-tiers-luddo\/#primaryimage"},"image":{"@id":"https:\/\/donbaraton.es\/en\/p\/floor-standing-shelving-unit-for-a-childrens-room-4-tiers-luddo\/#primaryimage"},"thumbnailUrl":"https:\/\/donbaraton.es\/wp-content\/uploads\/2019\/10\/Estanter\u00eda-de-suelo-juvenil-rosa-con-gris-claro-4-niveles-Luddo.jpg","datePublished":"2019-10-28T14:14:15+00:00","dateModified":"2019-11-18T21:51:03+00:00","breadcrumb":{"@id":"https:\/\/donbaraton.es\/en\/p\/floor-standing-shelving-unit-for-a-childrens-room-4-tiers-luddo\/#breadcrumb"},"inLanguage":"en-GB","potentialAction":[{"@type":"ReadAction","target":["https:\/\/donbaraton.es\/en\/p\/floor-standing-shelving-unit-for-a-childrens-room-4-tiers-luddo\/"]}]},{"@type":"ImageObject","inLanguage":"en-GB","@id":"https:\/\/donbaraton.es\/en\/p\/floor-standing-shelving-unit-for-a-childrens-room-4-tiers-luddo\/#primaryimage","url":"https:\/\/donbaraton.es\/wp-content\/uploads\/2019\/10\/Estanter\u00eda-de-suelo-juvenil-rosa-con-gris-claro-4-niveles-Luddo.jpg","contentUrl":"https:\/\/donbaraton.es\/wp-content\/uploads\/2019\/10\/Estanter\u00eda-de-suelo-juvenil-rosa-con-gris-claro-4-niveles-Luddo.jpg","width":773,"height":580,"caption":"Floor Standing Shelving Unit in Pink for a Children's Room, 4 Tiers - Luddo"},{"@type":"BreadcrumbList","@id":"https:\/\/donbaraton.es\/en\/p\/floor-standing-shelving-unit-for-a-childrens-room-4-tiers-luddo\/#breadcrumb","itemListElement":[{"@type":"ListItem","position":1,"name":"Portada","item":"https:\/\/donbaraton.es\/en\/"},{"@type":"ListItem","position":2,"name":"Online Shop","item":"https:\/\/donbaraton.es\/en\/shop\/"},{"@type":"ListItem","position":3,"name":"Floor Standing Shelving Unit for a Children&#8217;s Room, 4 Tiers &#8211; Luddo"}]},{"@type":"WebSite","@id":"https:\/\/donbaraton.es\/#website","url":"https:\/\/donbaraton.es\/","name":"Don Baraton: tienda de sof\u00e1s, muebles y colchones","description":"Sofas baratos desde el almac\u00e9n en Almorad\u00ed, Alicante","publisher":{"@id":"https:\/\/donbaraton.es\/#organization"},"potentialAction":[{"@type":"SearchAction","target":{"@type":"EntryPoint","urlTemplate":"https:\/\/donbaraton.es\/?s={search_term_string}"},"query-input":{"@type":"PropertyValueSpecification","valueRequired":true,"valueName":"search_term_string"}}],"inLanguage":"en-GB"},{"@type":"Organization","@id":"https:\/\/donbaraton.es\/#organization","name":"Don Baraton","url":"https:\/\/donbaraton.es\/","logo":{"@type":"ImageObject","inLanguage":"en-GB","@id":"https:\/\/donbaraton.es\/#\/schema\/logo\/image\/","url":"https:\/\/i0.wp.com\/donbaraton.es\/wp-content\/uploads\/2016\/11\/logo_don_baraton.png?fit=228%2C110&ssl=1","contentUrl":"https:\/\/i0.wp.com\/donbaraton.es\/wp-content\/uploads\/2016\/11\/logo_don_baraton.png?fit=228%2C110&ssl=1","width":228,"height":110,"caption":"Don Baraton"},"image":{"@id":"https:\/\/donbaraton.es\/#\/schema\/logo\/image\/"},"sameAs":["https:\/\/www.facebook.com\/donbaraton.es","https:\/\/x.com\/don_baraton","https:\/\/www.instagram.com\/donbaraton.es","https:\/\/www.linkedin.com\/company\/donbaraton\/","https:\/\/es.pinterest.com\/donbaraton\/","https:\/\/www.youtube.com\/channel\/UCL02HOwx-F759Jq5MedAZfQ"]}]}},"_links":{"self":[{"href":"https:\/\/donbaraton.es\/en\/wp-json\/wp\/v2\/product\/21243","targetHints":{"allow":["GET"]}}],"collection":[{"href":"https:\/\/donbaraton.es\/en\/wp-json\/wp\/v2\/product"}],"about":[{"href":"https:\/\/donbaraton.es\/en\/wp-json\/wp\/v2\/types\/product"}],"replies":[{"embeddable":true,"href":"https:\/\/donbaraton.es\/en\/wp-json\/wp\/v2\/comments?post=21243"}],"wp:featuredmedia":[{"embeddable":true,"href":"https:\/\/donbaraton.es\/en\/wp-json\/wp\/v2\/media\/20605"}],"wp:attachment":[{"href":"https:\/\/donbaraton.es\/en\/wp-json\/wp\/v2\/media?parent=21243"}],"wp:term":[{"taxonomy":"product_brand","embeddable":true,"href":"https:\/\/donbaraton.es\/en\/wp-json\/wp\/v2\/product_brand?post=21243"},{"taxonomy":"product_cat","embeddable":true,"href":"https:\/\/donbaraton.es\/en\/wp-json\/wp\/v2\/product_cat?post=21243"},{"taxonomy":"product_tag","embeddable":true,"href":"https:\/\/donbaraton.es\/en\/wp-json\/wp\/v2\/product_tag?post=21243"}],"curies":[{"name":"wp","href":"https:\/\/api.w.org\/{rel}","templated":true}]}}