{"id":21255,"date":"2019-10-28T17:41:55","date_gmt":"2019-10-28T16:41:55","guid":{"rendered":"https:\/\/donbaraton.es\/p\/sectional-wall-shelf-kids-rooms-vertical-horizontal-hanging-luddo\/"},"modified":"2021-01-13T20:58:22","modified_gmt":"2021-01-13T19:58:22","slug":"sectional-wall-shelf-kids-rooms-vertical-horizontal-hanging-luddo","status":"publish","type":"product","link":"https:\/\/donbaraton.es\/en\/p\/sectional-wall-shelf-kids-rooms-vertical-horizontal-hanging-luddo\/","title":{"rendered":"Sectional Wall Shelf for Kids Rooms (Vertical or Horizontal Hanging) &#8211; Luddo"},"content":{"rendered":"<p><strong>Sectional Wall Shelf for Kids Rooms (Vertical or Horizontal Hanging) &#8211; Luddo<\/strong><\/p>\n<p>This shelf can be installed in vertical or horizontal position, depending on you preferences. You can purchase a few of them to have a group shelves in the same style.<\/p>\n<p>The shelf is divided by three vertical divisions into four sections. The\u00a0 two sections in the middle are closed on both sides, while the two side sections are open on one of the sides.<\/p>\n<p>The main<strong>\u00a0light grey<\/strong>\u00a0colour will fit almost any interior. The colour of the shelves can be\u00a0<strong>pink, blue, grey or green.\u00a0<\/strong><\/p>\n<p>This wall mounted sectional shelf is a great addition to other Luddo pieces. It <strong>matches<\/strong> beds, wardrobes, desks and other furniture of the range.<\/p>\n<p><strong>Dimensions:<\/strong> length 100 cm, height 25.5 cm, depth 27.2 cm<\/p>\n<p>Assembly and installation services are not included in the price<\/p>\n","protected":false},"excerpt":{"rendered":"<ul>\n<li><strong>Vertical<\/strong> or <strong>horizontal<\/strong> installation<\/li>\n<li><strong>Light grey<\/strong> main colour<\/li>\n<li>4 back colours to choose: <strong>blue, pink, green, grey<\/strong><\/li>\n<li>Perfect to <strong>install in groups<\/strong> of 2, 3 or more shelves<\/li>\n<li>Matches other furniture of the Luddo range<\/li>\n<\/ul>\n<p><strong>Dimensions:<\/strong> length 100 cm, height 25.5 cm, depth 27.2 cm<\/p>\n","protected":false},"featured_media":20618,"comment_status":"open","ping_status":"closed","template":"","meta":{"_et_pb_use_builder":"","_et_pb_old_content":"","_et_gb_content_width":""},"product_brand":[],"product_cat":[291,71,303],"product_tag":[],"class_list":{"0":"post-21255","1":"product","2":"type-product","3":"status-publish","4":"has-post-thumbnail","6":"product_cat-children","7":"product_cat-furniture","8":"product_cat-shelves-racks","9":"product_shipping_class-hasta-3-kg-hasta-10-dias","10":"pa_material-mdf-particle-board","12":"first","13":"outofstock","14":"taxable","15":"shipping-taxable","16":"purchasable","17":"product-type-variable"},"yoast_head":"<!-- This site is optimized with the Yoast SEO plugin v27.2 - https:\/\/yoast.com\/product\/yoast-seo-wordpress\/ -->\n<title>Sectional Wall Shelf for Kids Rooms (Vertical or Horizontal Hanging) - Luddo - Don Baraton: tienda de sof\u00e1s, muebles y colchones<\/title>\n<meta name=\"robots\" content=\"index, follow, max-snippet:-1, max-image-preview:large, max-video-preview:-1\" \/>\n<link rel=\"canonical\" href=\"https:\/\/donbaraton.es\/en\/p\/sectional-wall-shelf-kids-rooms-vertical-horizontal-hanging-luddo\/\" \/>\n<meta property=\"og:locale\" content=\"en_GB\" \/>\n<meta property=\"og:type\" content=\"article\" \/>\n<meta property=\"og:title\" content=\"Sectional Wall Shelf for Kids Rooms (Vertical or Horizontal Hanging) - Luddo - Don Baraton: tienda de sof\u00e1s, muebles y colchones\" \/>\n<meta property=\"og:description\" content=\"Vertical or horizontal installation  Light grey main colour  4 back colours to choose: blue, pink, green, grey  Perfect to install in groups of 2, 3 or more shelves  Matches other furniture of the Luddo range  Dimensions: length 100 cm, height 25.5 cm, depth 27.2 cm\" \/>\n<meta property=\"og:url\" content=\"https:\/\/donbaraton.es\/en\/p\/sectional-wall-shelf-kids-rooms-vertical-horizontal-hanging-luddo\/\" \/>\n<meta property=\"og:site_name\" content=\"Don Baraton: tienda de sof\u00e1s, muebles y colchones\" \/>\n<meta property=\"article:publisher\" content=\"https:\/\/www.facebook.com\/donbaraton.es\" \/>\n<meta property=\"article:modified_time\" content=\"2021-01-13T19:58:22+00:00\" \/>\n<meta property=\"og:image\" content=\"https:\/\/i1.wp.com\/donbaraton.es\/wp-content\/uploads\/2019\/10\/Estanter\u00eda-juvenil-de-colgar-rosa-posici\u00f3n-vertical-o-horizontal-modelo-Luddo.jpg?fit=517%2C400&ssl=1\" \/>\n\t<meta property=\"og:image:width\" content=\"517\" \/>\n\t<meta property=\"og:image:height\" content=\"400\" \/>\n\t<meta property=\"og:image:type\" content=\"image\/jpeg\" \/>\n<meta name=\"twitter:card\" content=\"summary_large_image\" \/>\n<meta name=\"twitter:site\" content=\"@don_baraton\" \/>\n<meta name=\"twitter:label1\" content=\"Estimated reading time\" \/>\n\t<meta name=\"twitter:data1\" content=\"1 minute\" \/>\n<script type=\"application\/ld+json\" class=\"yoast-schema-graph\">{\"@context\":\"https:\/\/schema.org\",\"@graph\":[{\"@type\":\"WebPage\",\"@id\":\"https:\/\/donbaraton.es\/en\/p\/sectional-wall-shelf-kids-rooms-vertical-horizontal-hanging-luddo\/\",\"url\":\"https:\/\/donbaraton.es\/en\/p\/sectional-wall-shelf-kids-rooms-vertical-horizontal-hanging-luddo\/\",\"name\":\"Sectional Wall Shelf for Kids Rooms (Vertical or Horizontal Hanging) - Luddo - Don Baraton: tienda de sof\u00e1s, muebles y colchones\",\"isPartOf\":{\"@id\":\"https:\/\/donbaraton.es\/#website\"},\"primaryImageOfPage\":{\"@id\":\"https:\/\/donbaraton.es\/en\/p\/sectional-wall-shelf-kids-rooms-vertical-horizontal-hanging-luddo\/#primaryimage\"},\"image\":{\"@id\":\"https:\/\/donbaraton.es\/en\/p\/sectional-wall-shelf-kids-rooms-vertical-horizontal-hanging-luddo\/#primaryimage\"},\"thumbnailUrl\":\"https:\/\/donbaraton.es\/wp-content\/uploads\/2019\/10\/Estanter\u00eda-juvenil-de-colgar-rosa-posici\u00f3n-vertical-o-horizontal-modelo-Luddo.jpg\",\"datePublished\":\"2019-10-28T16:41:55+00:00\",\"dateModified\":\"2021-01-13T19:58:22+00:00\",\"breadcrumb\":{\"@id\":\"https:\/\/donbaraton.es\/en\/p\/sectional-wall-shelf-kids-rooms-vertical-horizontal-hanging-luddo\/#breadcrumb\"},\"inLanguage\":\"en-GB\",\"potentialAction\":[{\"@type\":\"ReadAction\",\"target\":[\"https:\/\/donbaraton.es\/en\/p\/sectional-wall-shelf-kids-rooms-vertical-horizontal-hanging-luddo\/\"]}]},{\"@type\":\"ImageObject\",\"inLanguage\":\"en-GB\",\"@id\":\"https:\/\/donbaraton.es\/en\/p\/sectional-wall-shelf-kids-rooms-vertical-horizontal-hanging-luddo\/#primaryimage\",\"url\":\"https:\/\/donbaraton.es\/wp-content\/uploads\/2019\/10\/Estanter\u00eda-juvenil-de-colgar-rosa-posici\u00f3n-vertical-o-horizontal-modelo-Luddo.jpg\",\"contentUrl\":\"https:\/\/donbaraton.es\/wp-content\/uploads\/2019\/10\/Estanter\u00eda-juvenil-de-colgar-rosa-posici\u00f3n-vertical-o-horizontal-modelo-Luddo.jpg\",\"width\":517,\"height\":400,\"caption\":\"Pink Sectional Wall Shelf for Kids Rooms (Vertical or Horizontal Hanging) - Luddo\"},{\"@type\":\"BreadcrumbList\",\"@id\":\"https:\/\/donbaraton.es\/en\/p\/sectional-wall-shelf-kids-rooms-vertical-horizontal-hanging-luddo\/#breadcrumb\",\"itemListElement\":[{\"@type\":\"ListItem\",\"position\":1,\"name\":\"Portada\",\"item\":\"https:\/\/donbaraton.es\/en\/\"},{\"@type\":\"ListItem\",\"position\":2,\"name\":\"Online Shop\",\"item\":\"https:\/\/donbaraton.es\/en\/shop\/\"},{\"@type\":\"ListItem\",\"position\":3,\"name\":\"Sectional Wall Shelf for Kids Rooms (Vertical or Horizontal Hanging) &#8211; Luddo\"}]},{\"@type\":\"WebSite\",\"@id\":\"https:\/\/donbaraton.es\/#website\",\"url\":\"https:\/\/donbaraton.es\/\",\"name\":\"Don Baraton: tienda de sof\u00e1s, muebles y colchones\",\"description\":\"Sofas baratos desde el almac\u00e9n en Almorad\u00ed, Alicante\",\"publisher\":{\"@id\":\"https:\/\/donbaraton.es\/#organization\"},\"potentialAction\":[{\"@type\":\"SearchAction\",\"target\":{\"@type\":\"EntryPoint\",\"urlTemplate\":\"https:\/\/donbaraton.es\/?s={search_term_string}\"},\"query-input\":{\"@type\":\"PropertyValueSpecification\",\"valueRequired\":true,\"valueName\":\"search_term_string\"}}],\"inLanguage\":\"en-GB\"},{\"@type\":\"Organization\",\"@id\":\"https:\/\/donbaraton.es\/#organization\",\"name\":\"Don Baraton\",\"url\":\"https:\/\/donbaraton.es\/\",\"logo\":{\"@type\":\"ImageObject\",\"inLanguage\":\"en-GB\",\"@id\":\"https:\/\/donbaraton.es\/#\/schema\/logo\/image\/\",\"url\":\"https:\/\/i0.wp.com\/donbaraton.es\/wp-content\/uploads\/2016\/11\/logo_don_baraton.png?fit=228%2C110&ssl=1\",\"contentUrl\":\"https:\/\/i0.wp.com\/donbaraton.es\/wp-content\/uploads\/2016\/11\/logo_don_baraton.png?fit=228%2C110&ssl=1\",\"width\":228,\"height\":110,\"caption\":\"Don Baraton\"},\"image\":{\"@id\":\"https:\/\/donbaraton.es\/#\/schema\/logo\/image\/\"},\"sameAs\":[\"https:\/\/www.facebook.com\/donbaraton.es\",\"https:\/\/x.com\/don_baraton\",\"https:\/\/www.instagram.com\/donbaraton.es\",\"https:\/\/www.linkedin.com\/company\/donbaraton\/\",\"https:\/\/es.pinterest.com\/donbaraton\/\",\"https:\/\/www.youtube.com\/channel\/UCL02HOwx-F759Jq5MedAZfQ\"]}]}<\/script>\n<!-- \/ Yoast SEO plugin. -->","yoast_head_json":{"title":"Sectional Wall Shelf for Kids Rooms (Vertical or Horizontal Hanging) - Luddo - Don Baraton: tienda de sof\u00e1s, muebles y colchones","robots":{"index":"index","follow":"follow","max-snippet":"max-snippet:-1","max-image-preview":"max-image-preview:large","max-video-preview":"max-video-preview:-1"},"canonical":"https:\/\/donbaraton.es\/en\/p\/sectional-wall-shelf-kids-rooms-vertical-horizontal-hanging-luddo\/","og_locale":"en_GB","og_type":"article","og_title":"Sectional Wall Shelf for Kids Rooms (Vertical or Horizontal Hanging) - Luddo - Don Baraton: tienda de sof\u00e1s, muebles y colchones","og_description":"Vertical or horizontal installation  Light grey main colour  4 back colours to choose: blue, pink, green, grey  Perfect to install in groups of 2, 3 or more shelves  Matches other furniture of the Luddo range  Dimensions: length 100 cm, height 25.5 cm, depth 27.2 cm","og_url":"https:\/\/donbaraton.es\/en\/p\/sectional-wall-shelf-kids-rooms-vertical-horizontal-hanging-luddo\/","og_site_name":"Don Baraton: tienda de sof\u00e1s, muebles y colchones","article_publisher":"https:\/\/www.facebook.com\/donbaraton.es","article_modified_time":"2021-01-13T19:58:22+00:00","og_image":[{"width":517,"height":400,"url":"https:\/\/i1.wp.com\/donbaraton.es\/wp-content\/uploads\/2019\/10\/Estanter\u00eda-juvenil-de-colgar-rosa-posici\u00f3n-vertical-o-horizontal-modelo-Luddo.jpg?fit=517%2C400&ssl=1","type":"image\/jpeg"}],"twitter_card":"summary_large_image","twitter_site":"@don_baraton","twitter_misc":{"Estimated reading time":"1 minute"},"schema":{"@context":"https:\/\/schema.org","@graph":[{"@type":"WebPage","@id":"https:\/\/donbaraton.es\/en\/p\/sectional-wall-shelf-kids-rooms-vertical-horizontal-hanging-luddo\/","url":"https:\/\/donbaraton.es\/en\/p\/sectional-wall-shelf-kids-rooms-vertical-horizontal-hanging-luddo\/","name":"Sectional Wall Shelf for Kids Rooms (Vertical or Horizontal Hanging) - Luddo - Don Baraton: tienda de sof\u00e1s, muebles y colchones","isPartOf":{"@id":"https:\/\/donbaraton.es\/#website"},"primaryImageOfPage":{"@id":"https:\/\/donbaraton.es\/en\/p\/sectional-wall-shelf-kids-rooms-vertical-horizontal-hanging-luddo\/#primaryimage"},"image":{"@id":"https:\/\/donbaraton.es\/en\/p\/sectional-wall-shelf-kids-rooms-vertical-horizontal-hanging-luddo\/#primaryimage"},"thumbnailUrl":"https:\/\/donbaraton.es\/wp-content\/uploads\/2019\/10\/Estanter\u00eda-juvenil-de-colgar-rosa-posici\u00f3n-vertical-o-horizontal-modelo-Luddo.jpg","datePublished":"2019-10-28T16:41:55+00:00","dateModified":"2021-01-13T19:58:22+00:00","breadcrumb":{"@id":"https:\/\/donbaraton.es\/en\/p\/sectional-wall-shelf-kids-rooms-vertical-horizontal-hanging-luddo\/#breadcrumb"},"inLanguage":"en-GB","potentialAction":[{"@type":"ReadAction","target":["https:\/\/donbaraton.es\/en\/p\/sectional-wall-shelf-kids-rooms-vertical-horizontal-hanging-luddo\/"]}]},{"@type":"ImageObject","inLanguage":"en-GB","@id":"https:\/\/donbaraton.es\/en\/p\/sectional-wall-shelf-kids-rooms-vertical-horizontal-hanging-luddo\/#primaryimage","url":"https:\/\/donbaraton.es\/wp-content\/uploads\/2019\/10\/Estanter\u00eda-juvenil-de-colgar-rosa-posici\u00f3n-vertical-o-horizontal-modelo-Luddo.jpg","contentUrl":"https:\/\/donbaraton.es\/wp-content\/uploads\/2019\/10\/Estanter\u00eda-juvenil-de-colgar-rosa-posici\u00f3n-vertical-o-horizontal-modelo-Luddo.jpg","width":517,"height":400,"caption":"Pink Sectional Wall Shelf for Kids Rooms (Vertical or Horizontal Hanging) - Luddo"},{"@type":"BreadcrumbList","@id":"https:\/\/donbaraton.es\/en\/p\/sectional-wall-shelf-kids-rooms-vertical-horizontal-hanging-luddo\/#breadcrumb","itemListElement":[{"@type":"ListItem","position":1,"name":"Portada","item":"https:\/\/donbaraton.es\/en\/"},{"@type":"ListItem","position":2,"name":"Online Shop","item":"https:\/\/donbaraton.es\/en\/shop\/"},{"@type":"ListItem","position":3,"name":"Sectional Wall Shelf for Kids Rooms (Vertical or Horizontal Hanging) &#8211; Luddo"}]},{"@type":"WebSite","@id":"https:\/\/donbaraton.es\/#website","url":"https:\/\/donbaraton.es\/","name":"Don Baraton: tienda de sof\u00e1s, muebles y colchones","description":"Sofas baratos desde el almac\u00e9n en Almorad\u00ed, Alicante","publisher":{"@id":"https:\/\/donbaraton.es\/#organization"},"potentialAction":[{"@type":"SearchAction","target":{"@type":"EntryPoint","urlTemplate":"https:\/\/donbaraton.es\/?s={search_term_string}"},"query-input":{"@type":"PropertyValueSpecification","valueRequired":true,"valueName":"search_term_string"}}],"inLanguage":"en-GB"},{"@type":"Organization","@id":"https:\/\/donbaraton.es\/#organization","name":"Don Baraton","url":"https:\/\/donbaraton.es\/","logo":{"@type":"ImageObject","inLanguage":"en-GB","@id":"https:\/\/donbaraton.es\/#\/schema\/logo\/image\/","url":"https:\/\/i0.wp.com\/donbaraton.es\/wp-content\/uploads\/2016\/11\/logo_don_baraton.png?fit=228%2C110&ssl=1","contentUrl":"https:\/\/i0.wp.com\/donbaraton.es\/wp-content\/uploads\/2016\/11\/logo_don_baraton.png?fit=228%2C110&ssl=1","width":228,"height":110,"caption":"Don Baraton"},"image":{"@id":"https:\/\/donbaraton.es\/#\/schema\/logo\/image\/"},"sameAs":["https:\/\/www.facebook.com\/donbaraton.es","https:\/\/x.com\/don_baraton","https:\/\/www.instagram.com\/donbaraton.es","https:\/\/www.linkedin.com\/company\/donbaraton\/","https:\/\/es.pinterest.com\/donbaraton\/","https:\/\/www.youtube.com\/channel\/UCL02HOwx-F759Jq5MedAZfQ"]}]}},"_links":{"self":[{"href":"https:\/\/donbaraton.es\/en\/wp-json\/wp\/v2\/product\/21255","targetHints":{"allow":["GET"]}}],"collection":[{"href":"https:\/\/donbaraton.es\/en\/wp-json\/wp\/v2\/product"}],"about":[{"href":"https:\/\/donbaraton.es\/en\/wp-json\/wp\/v2\/types\/product"}],"replies":[{"embeddable":true,"href":"https:\/\/donbaraton.es\/en\/wp-json\/wp\/v2\/comments?post=21255"}],"wp:featuredmedia":[{"embeddable":true,"href":"https:\/\/donbaraton.es\/en\/wp-json\/wp\/v2\/media\/20618"}],"wp:attachment":[{"href":"https:\/\/donbaraton.es\/en\/wp-json\/wp\/v2\/media?parent=21255"}],"wp:term":[{"taxonomy":"product_brand","embeddable":true,"href":"https:\/\/donbaraton.es\/en\/wp-json\/wp\/v2\/product_brand?post=21255"},{"taxonomy":"product_cat","embeddable":true,"href":"https:\/\/donbaraton.es\/en\/wp-json\/wp\/v2\/product_cat?post=21255"},{"taxonomy":"product_tag","embeddable":true,"href":"https:\/\/donbaraton.es\/en\/wp-json\/wp\/v2\/product_tag?post=21255"}],"curies":[{"name":"wp","href":"https:\/\/api.w.org\/{rel}","templated":true}]}}