{"id":21290,"date":"2019-10-29T14:52:25","date_gmt":"2019-10-29T13:52:25","guid":{"rendered":"https:\/\/donbaraton.es\/p\/childrens-furniture-set-2-wardrobes-bed-desk-shelf-luddo-16\/"},"modified":"2019-11-20T01:17:07","modified_gmt":"2019-11-20T00:17:07","slug":"childrens-furniture-set-2-wardrobes-bed-desk-shelf-luddo-16","status":"publish","type":"product","link":"https:\/\/donbaraton.es\/en\/p\/childrens-furniture-set-2-wardrobes-bed-desk-shelf-luddo-16\/","title":{"rendered":"Children\u2019s Furniture Set: 2 Wardrobes, Bed, Desk and Shelf &#8211; Luddo 16"},"content":{"rendered":"<p><strong>Children\u2019s Furniture Set: 2 Wardrobes, Bed, Desk and Shelf &#8211; Luddo 16<\/strong><\/p>\n<p>A set of a lot of storage space &#8211; two spacious wardrobes, bed and desk with drawers and a wall shelf! Finally enough room to keep ALL toys, clothes, books, gadgets and other stuff your kids have!<\/p>\n<p>The <strong>first wardrobe<\/strong> is a two door corner wardrobe with three sections, two ganging rails and a few shelves inside. Perfect to install in one of the rooms corners.<\/p>\n<p>The <strong>second two door wardrobe<\/strong> has three sections inside (the largest with a hanging rail) and three drawers for smaller objects.<\/p>\n<p>The bed offers two sleeping areas \u2013 the upper bed of 90 x 190 cm, and the lower bed of 90 x 180 cm.<strong>\u00a0Mattresses and slatted bases for the bed are not included (can be purchased separately on our website).\u00a0<\/strong>Three drawers of the bed add another storage opportunity to this furniture set.<\/p>\n<p>The<strong> desk <\/strong>of this furniture set has<strong> two drawers <\/strong>and an<strong> open display shelf<\/strong>\u00a0under the top provide storage space for files, stationery items, toys, books and gadgets.<\/p>\n<p>The long wall mounted <strong>shelf<\/strong> is a great addition to this children\u2019s furniture set. Perfect to install above the bed or the desk.<\/p>\n<p>The base\u00a0<strong>colour<\/strong> of this set is<strong>\u00a0light grey<\/strong> but you can play with the colours of the drawers and doors! <strong>Pink<\/strong> for girls, <strong>blue<\/strong> for boys! <strong>Grey<\/strong> and <strong>green<\/strong> are also available.<\/p>\n<p><strong>Dimensions. Corner wardrobe:<\/strong> with 175.3 cm, depth 74.7 cm, height 205.6 cm.<strong> 2 Door Wardrobe: <\/strong>width 99.7 cm, depth 51.9 cm, height 205.6 cm. <strong>Bed: <\/strong>length 203.2 cm, width 99.5 cm, height 78.5 cm.<strong> Desk: <\/strong>length 203 cm, depth 38 cm \u2013 49.8 cm, height 77 cm.<strong> Wall mounted shelf: <\/strong>length 195 cm, depth 23.2 cm, height 25.5 cm<\/p>\n<p><strong>Assembly service is not included in the price<\/strong><\/p>\n<p><b>Bed bases and mattresses are not included\u00a0<\/b><\/p>\n","protected":false},"excerpt":{"rendered":"<ul>\n<li>Maximum storage for kids bedrooms<\/li>\n<li>1st corner wardrobe, 2 doors<\/li>\n<li>2nd wardrobe, 2 doors and 3 drawers<\/li>\n<li>Trundle bed with 3 drawers<\/li>\n<li>Desk with 2 drawers<\/li>\n<\/ul>\n","protected":false},"featured_media":20676,"comment_status":"open","ping_status":"closed","template":"","meta":{"_et_pb_use_builder":"","_et_pb_old_content":"","_et_gb_content_width":""},"product_brand":[],"product_cat":[291,71],"product_tag":[],"class_list":{"0":"post-21290","1":"product","2":"type-product","3":"status-publish","4":"has-post-thumbnail","6":"product_cat-children","7":"product_cat-furniture","8":"product_shipping_class-articulos-pesado-manufacturing-up-to-10-days","9":"pa_material-mdf-particle-board","11":"first","12":"outofstock","13":"taxable","14":"shipping-taxable","15":"product-type-variable"},"yoast_head":"<!-- This site is optimized with the Yoast SEO plugin v27.2 - https:\/\/yoast.com\/product\/yoast-seo-wordpress\/ -->\n<title>Children\u2019s Furniture Set: 2 Wardrobes, Bed, Desk and Shelf - Luddo 16 - Don Baraton: tienda de sof\u00e1s, muebles y colchones<\/title>\n<meta name=\"robots\" content=\"index, follow, max-snippet:-1, max-image-preview:large, max-video-preview:-1\" \/>\n<link rel=\"canonical\" href=\"https:\/\/donbaraton.es\/en\/p\/childrens-furniture-set-2-wardrobes-bed-desk-shelf-luddo-16\/\" \/>\n<meta property=\"og:locale\" content=\"en_GB\" \/>\n<meta property=\"og:type\" content=\"article\" \/>\n<meta property=\"og:title\" content=\"Children\u2019s Furniture Set: 2 Wardrobes, Bed, Desk and Shelf - Luddo 16 - Don Baraton: tienda de sof\u00e1s, muebles y colchones\" \/>\n<meta property=\"og:description\" content=\"Maximum storage for kids bedrooms  1st corner wardrobe, 2 doors  2nd wardrobe, 2 doors and 3 drawers  Trundle bed with 3 drawers  Desk with 2 drawers\" \/>\n<meta property=\"og:url\" content=\"https:\/\/donbaraton.es\/en\/p\/childrens-furniture-set-2-wardrobes-bed-desk-shelf-luddo-16\/\" \/>\n<meta property=\"og:site_name\" content=\"Don Baraton: tienda de sof\u00e1s, muebles y colchones\" \/>\n<meta property=\"article:publisher\" content=\"https:\/\/www.facebook.com\/donbaraton.es\" \/>\n<meta property=\"article:modified_time\" content=\"2019-11-20T00:17:07+00:00\" \/>\n<meta property=\"og:image\" content=\"https:\/\/i1.wp.com\/donbaraton.es\/wp-content\/uploads\/2019\/10\/Dormitorio-juvenil-en-color-azul-2-armarios-cama-escritorio-y-estante-Luddo-16.jpg?fit=1000%2C750&ssl=1\" \/>\n\t<meta property=\"og:image:width\" content=\"1000\" \/>\n\t<meta property=\"og:image:height\" content=\"750\" \/>\n\t<meta property=\"og:image:type\" content=\"image\/jpeg\" \/>\n<meta name=\"twitter:card\" content=\"summary_large_image\" \/>\n<meta name=\"twitter:site\" content=\"@don_baraton\" \/>\n<meta name=\"twitter:label1\" content=\"Estimated reading time\" \/>\n\t<meta name=\"twitter:data1\" content=\"1 minute\" \/>\n<script type=\"application\/ld+json\" class=\"yoast-schema-graph\">{\"@context\":\"https:\/\/schema.org\",\"@graph\":[{\"@type\":\"WebPage\",\"@id\":\"https:\/\/donbaraton.es\/en\/p\/childrens-furniture-set-2-wardrobes-bed-desk-shelf-luddo-16\/\",\"url\":\"https:\/\/donbaraton.es\/en\/p\/childrens-furniture-set-2-wardrobes-bed-desk-shelf-luddo-16\/\",\"name\":\"Children\u2019s Furniture Set: 2 Wardrobes, Bed, Desk and Shelf - Luddo 16 - Don Baraton: tienda de sof\u00e1s, muebles y colchones\",\"isPartOf\":{\"@id\":\"https:\/\/donbaraton.es\/#website\"},\"primaryImageOfPage\":{\"@id\":\"https:\/\/donbaraton.es\/en\/p\/childrens-furniture-set-2-wardrobes-bed-desk-shelf-luddo-16\/#primaryimage\"},\"image\":{\"@id\":\"https:\/\/donbaraton.es\/en\/p\/childrens-furniture-set-2-wardrobes-bed-desk-shelf-luddo-16\/#primaryimage\"},\"thumbnailUrl\":\"https:\/\/donbaraton.es\/wp-content\/uploads\/2019\/10\/Dormitorio-juvenil-en-color-azul-2-armarios-cama-escritorio-y-estante-Luddo-16.jpg\",\"datePublished\":\"2019-10-29T13:52:25+00:00\",\"dateModified\":\"2019-11-20T00:17:07+00:00\",\"breadcrumb\":{\"@id\":\"https:\/\/donbaraton.es\/en\/p\/childrens-furniture-set-2-wardrobes-bed-desk-shelf-luddo-16\/#breadcrumb\"},\"inLanguage\":\"en-GB\",\"potentialAction\":[{\"@type\":\"ReadAction\",\"target\":[\"https:\/\/donbaraton.es\/en\/p\/childrens-furniture-set-2-wardrobes-bed-desk-shelf-luddo-16\/\"]}]},{\"@type\":\"ImageObject\",\"inLanguage\":\"en-GB\",\"@id\":\"https:\/\/donbaraton.es\/en\/p\/childrens-furniture-set-2-wardrobes-bed-desk-shelf-luddo-16\/#primaryimage\",\"url\":\"https:\/\/donbaraton.es\/wp-content\/uploads\/2019\/10\/Dormitorio-juvenil-en-color-azul-2-armarios-cama-escritorio-y-estante-Luddo-16.jpg\",\"contentUrl\":\"https:\/\/donbaraton.es\/wp-content\/uploads\/2019\/10\/Dormitorio-juvenil-en-color-azul-2-armarios-cama-escritorio-y-estante-Luddo-16.jpg\",\"width\":1000,\"height\":750,\"caption\":\"Children\u2019s Furniture Set in Blue: 2 Wardrobes, Bed, Desk and Shelf - Luddo 16\"},{\"@type\":\"BreadcrumbList\",\"@id\":\"https:\/\/donbaraton.es\/en\/p\/childrens-furniture-set-2-wardrobes-bed-desk-shelf-luddo-16\/#breadcrumb\",\"itemListElement\":[{\"@type\":\"ListItem\",\"position\":1,\"name\":\"Portada\",\"item\":\"https:\/\/donbaraton.es\/en\/\"},{\"@type\":\"ListItem\",\"position\":2,\"name\":\"Online Shop\",\"item\":\"https:\/\/donbaraton.es\/en\/shop\/\"},{\"@type\":\"ListItem\",\"position\":3,\"name\":\"Children\u2019s Furniture Set: 2 Wardrobes, Bed, Desk and Shelf &#8211; Luddo 16\"}]},{\"@type\":\"WebSite\",\"@id\":\"https:\/\/donbaraton.es\/#website\",\"url\":\"https:\/\/donbaraton.es\/\",\"name\":\"Don Baraton: tienda de sof\u00e1s, muebles y colchones\",\"description\":\"Sofas baratos desde el almac\u00e9n en Almorad\u00ed, Alicante\",\"publisher\":{\"@id\":\"https:\/\/donbaraton.es\/#organization\"},\"potentialAction\":[{\"@type\":\"SearchAction\",\"target\":{\"@type\":\"EntryPoint\",\"urlTemplate\":\"https:\/\/donbaraton.es\/?s={search_term_string}\"},\"query-input\":{\"@type\":\"PropertyValueSpecification\",\"valueRequired\":true,\"valueName\":\"search_term_string\"}}],\"inLanguage\":\"en-GB\"},{\"@type\":\"Organization\",\"@id\":\"https:\/\/donbaraton.es\/#organization\",\"name\":\"Don Baraton\",\"url\":\"https:\/\/donbaraton.es\/\",\"logo\":{\"@type\":\"ImageObject\",\"inLanguage\":\"en-GB\",\"@id\":\"https:\/\/donbaraton.es\/#\/schema\/logo\/image\/\",\"url\":\"https:\/\/i0.wp.com\/donbaraton.es\/wp-content\/uploads\/2016\/11\/logo_don_baraton.png?fit=228%2C110&ssl=1\",\"contentUrl\":\"https:\/\/i0.wp.com\/donbaraton.es\/wp-content\/uploads\/2016\/11\/logo_don_baraton.png?fit=228%2C110&ssl=1\",\"width\":228,\"height\":110,\"caption\":\"Don Baraton\"},\"image\":{\"@id\":\"https:\/\/donbaraton.es\/#\/schema\/logo\/image\/\"},\"sameAs\":[\"https:\/\/www.facebook.com\/donbaraton.es\",\"https:\/\/x.com\/don_baraton\",\"https:\/\/www.instagram.com\/donbaraton.es\",\"https:\/\/www.linkedin.com\/company\/donbaraton\/\",\"https:\/\/es.pinterest.com\/donbaraton\/\",\"https:\/\/www.youtube.com\/channel\/UCL02HOwx-F759Jq5MedAZfQ\"]}]}<\/script>\n<!-- \/ Yoast SEO plugin. -->","yoast_head_json":{"title":"Children\u2019s Furniture Set: 2 Wardrobes, Bed, Desk and Shelf - Luddo 16 - Don Baraton: tienda de sof\u00e1s, muebles y colchones","robots":{"index":"index","follow":"follow","max-snippet":"max-snippet:-1","max-image-preview":"max-image-preview:large","max-video-preview":"max-video-preview:-1"},"canonical":"https:\/\/donbaraton.es\/en\/p\/childrens-furniture-set-2-wardrobes-bed-desk-shelf-luddo-16\/","og_locale":"en_GB","og_type":"article","og_title":"Children\u2019s Furniture Set: 2 Wardrobes, Bed, Desk and Shelf - Luddo 16 - Don Baraton: tienda de sof\u00e1s, muebles y colchones","og_description":"Maximum storage for kids bedrooms  1st corner wardrobe, 2 doors  2nd wardrobe, 2 doors and 3 drawers  Trundle bed with 3 drawers  Desk with 2 drawers","og_url":"https:\/\/donbaraton.es\/en\/p\/childrens-furniture-set-2-wardrobes-bed-desk-shelf-luddo-16\/","og_site_name":"Don Baraton: tienda de sof\u00e1s, muebles y colchones","article_publisher":"https:\/\/www.facebook.com\/donbaraton.es","article_modified_time":"2019-11-20T00:17:07+00:00","og_image":[{"width":1000,"height":750,"url":"https:\/\/i1.wp.com\/donbaraton.es\/wp-content\/uploads\/2019\/10\/Dormitorio-juvenil-en-color-azul-2-armarios-cama-escritorio-y-estante-Luddo-16.jpg?fit=1000%2C750&ssl=1","type":"image\/jpeg"}],"twitter_card":"summary_large_image","twitter_site":"@don_baraton","twitter_misc":{"Estimated reading time":"1 minute"},"schema":{"@context":"https:\/\/schema.org","@graph":[{"@type":"WebPage","@id":"https:\/\/donbaraton.es\/en\/p\/childrens-furniture-set-2-wardrobes-bed-desk-shelf-luddo-16\/","url":"https:\/\/donbaraton.es\/en\/p\/childrens-furniture-set-2-wardrobes-bed-desk-shelf-luddo-16\/","name":"Children\u2019s Furniture Set: 2 Wardrobes, Bed, Desk and Shelf - Luddo 16 - Don Baraton: tienda de sof\u00e1s, muebles y colchones","isPartOf":{"@id":"https:\/\/donbaraton.es\/#website"},"primaryImageOfPage":{"@id":"https:\/\/donbaraton.es\/en\/p\/childrens-furniture-set-2-wardrobes-bed-desk-shelf-luddo-16\/#primaryimage"},"image":{"@id":"https:\/\/donbaraton.es\/en\/p\/childrens-furniture-set-2-wardrobes-bed-desk-shelf-luddo-16\/#primaryimage"},"thumbnailUrl":"https:\/\/donbaraton.es\/wp-content\/uploads\/2019\/10\/Dormitorio-juvenil-en-color-azul-2-armarios-cama-escritorio-y-estante-Luddo-16.jpg","datePublished":"2019-10-29T13:52:25+00:00","dateModified":"2019-11-20T00:17:07+00:00","breadcrumb":{"@id":"https:\/\/donbaraton.es\/en\/p\/childrens-furniture-set-2-wardrobes-bed-desk-shelf-luddo-16\/#breadcrumb"},"inLanguage":"en-GB","potentialAction":[{"@type":"ReadAction","target":["https:\/\/donbaraton.es\/en\/p\/childrens-furniture-set-2-wardrobes-bed-desk-shelf-luddo-16\/"]}]},{"@type":"ImageObject","inLanguage":"en-GB","@id":"https:\/\/donbaraton.es\/en\/p\/childrens-furniture-set-2-wardrobes-bed-desk-shelf-luddo-16\/#primaryimage","url":"https:\/\/donbaraton.es\/wp-content\/uploads\/2019\/10\/Dormitorio-juvenil-en-color-azul-2-armarios-cama-escritorio-y-estante-Luddo-16.jpg","contentUrl":"https:\/\/donbaraton.es\/wp-content\/uploads\/2019\/10\/Dormitorio-juvenil-en-color-azul-2-armarios-cama-escritorio-y-estante-Luddo-16.jpg","width":1000,"height":750,"caption":"Children\u2019s Furniture Set in Blue: 2 Wardrobes, Bed, Desk and Shelf - Luddo 16"},{"@type":"BreadcrumbList","@id":"https:\/\/donbaraton.es\/en\/p\/childrens-furniture-set-2-wardrobes-bed-desk-shelf-luddo-16\/#breadcrumb","itemListElement":[{"@type":"ListItem","position":1,"name":"Portada","item":"https:\/\/donbaraton.es\/en\/"},{"@type":"ListItem","position":2,"name":"Online Shop","item":"https:\/\/donbaraton.es\/en\/shop\/"},{"@type":"ListItem","position":3,"name":"Children\u2019s Furniture Set: 2 Wardrobes, Bed, Desk and Shelf &#8211; Luddo 16"}]},{"@type":"WebSite","@id":"https:\/\/donbaraton.es\/#website","url":"https:\/\/donbaraton.es\/","name":"Don Baraton: tienda de sof\u00e1s, muebles y colchones","description":"Sofas baratos desde el almac\u00e9n en Almorad\u00ed, Alicante","publisher":{"@id":"https:\/\/donbaraton.es\/#organization"},"potentialAction":[{"@type":"SearchAction","target":{"@type":"EntryPoint","urlTemplate":"https:\/\/donbaraton.es\/?s={search_term_string}"},"query-input":{"@type":"PropertyValueSpecification","valueRequired":true,"valueName":"search_term_string"}}],"inLanguage":"en-GB"},{"@type":"Organization","@id":"https:\/\/donbaraton.es\/#organization","name":"Don Baraton","url":"https:\/\/donbaraton.es\/","logo":{"@type":"ImageObject","inLanguage":"en-GB","@id":"https:\/\/donbaraton.es\/#\/schema\/logo\/image\/","url":"https:\/\/i0.wp.com\/donbaraton.es\/wp-content\/uploads\/2016\/11\/logo_don_baraton.png?fit=228%2C110&ssl=1","contentUrl":"https:\/\/i0.wp.com\/donbaraton.es\/wp-content\/uploads\/2016\/11\/logo_don_baraton.png?fit=228%2C110&ssl=1","width":228,"height":110,"caption":"Don Baraton"},"image":{"@id":"https:\/\/donbaraton.es\/#\/schema\/logo\/image\/"},"sameAs":["https:\/\/www.facebook.com\/donbaraton.es","https:\/\/x.com\/don_baraton","https:\/\/www.instagram.com\/donbaraton.es","https:\/\/www.linkedin.com\/company\/donbaraton\/","https:\/\/es.pinterest.com\/donbaraton\/","https:\/\/www.youtube.com\/channel\/UCL02HOwx-F759Jq5MedAZfQ"]}]}},"_links":{"self":[{"href":"https:\/\/donbaraton.es\/en\/wp-json\/wp\/v2\/product\/21290","targetHints":{"allow":["GET"]}}],"collection":[{"href":"https:\/\/donbaraton.es\/en\/wp-json\/wp\/v2\/product"}],"about":[{"href":"https:\/\/donbaraton.es\/en\/wp-json\/wp\/v2\/types\/product"}],"replies":[{"embeddable":true,"href":"https:\/\/donbaraton.es\/en\/wp-json\/wp\/v2\/comments?post=21290"}],"wp:featuredmedia":[{"embeddable":true,"href":"https:\/\/donbaraton.es\/en\/wp-json\/wp\/v2\/media\/20676"}],"wp:attachment":[{"href":"https:\/\/donbaraton.es\/en\/wp-json\/wp\/v2\/media?parent=21290"}],"wp:term":[{"taxonomy":"product_brand","embeddable":true,"href":"https:\/\/donbaraton.es\/en\/wp-json\/wp\/v2\/product_brand?post=21290"},{"taxonomy":"product_cat","embeddable":true,"href":"https:\/\/donbaraton.es\/en\/wp-json\/wp\/v2\/product_cat?post=21290"},{"taxonomy":"product_tag","embeddable":true,"href":"https:\/\/donbaraton.es\/en\/wp-json\/wp\/v2\/product_tag?post=21290"}],"curies":[{"name":"wp","href":"https:\/\/api.w.org\/{rel}","templated":true}]}}