{"id":21315,"date":"2019-10-31T19:01:13","date_gmt":"2019-10-31T18:01:13","guid":{"rendered":"https:\/\/donbaraton.es\/p\/childrens-furniture-set-bunk-bed-3-drawers-desk-luddo\/"},"modified":"2019-11-21T01:38:25","modified_gmt":"2019-11-21T00:38:25","slug":"childrens-furniture-set-bunk-bed-3-drawers-desk-luddo","status":"publish","type":"product","link":"https:\/\/donbaraton.es\/en\/p\/childrens-furniture-set-bunk-bed-3-drawers-desk-luddo\/","title":{"rendered":"Children&#8217;s Furniture Set: Bunk Bed with 3 Drawers and Desk &#8211; Luddo 26"},"content":{"rendered":"<p><strong>Children&#8217;s Furniture Set: Bunk Bed with Three Drawers and Desk &#8211; Luddo 26<\/strong><\/p>\n<p>A set of two essential furniture items for a shared kids room. Perfect for tiny Spanish rooms where space is often very limited.<\/p>\n<p>The <strong>bunk bed<\/strong> of the set is perfect for two kids, each will have have a standard size single bed of 90 x 190 cm.<\/p>\n<p>Three\u00a0<strong>drawers<\/strong> will help your kids keep their toys, clothes and shoes in order. You have some place to store things even if you can&#8217;t install a wardrobes in the room!<\/p>\n<p>Two beds (upper and lower) have the same size of 90 x 190 cm. The upper bed has a base, you only need to buy a <strong><a href=\"https:\/\/donbaraton.es\/en\/cat\/mattresses\/\">mattress<\/a><\/strong>. The lower bed also requires a <a href=\"https:\/\/donbaraton.es\/en\/p\/slatted-bed-base-laminor\/\"><strong>slatted base<\/strong><\/a> or a <a href=\"https:\/\/donbaraton.es\/en\/p\/upholstered-bed-base-metal-support-bars-bazio\/\"><strong>flat base<\/strong><\/a> (sold separately).<\/p>\n<p>A medium sized <strong>two drawer desk<\/strong> is also included in this furniture set. Small enough to fit everywhere and big enough for comfortable reading or studying! <strong>Two drawers and an open display shelf<\/strong> under the top provide storage space for stationery items, toys, books and gadgets.<\/p>\n<p>This base colour of this composition is neutral <strong>light grey colour<\/strong> with an option to choose any of the four colours for the bed and desk drawers \u2013 <strong>pink, blue, green <\/strong>and<strong> grey.\u00a0<\/strong><\/p>\n<p><strong>Dimensions.<\/strong> <strong>Bunk bed:<\/strong> length 203.2 cm, height 145.2 cm, depth 100.6 cm. <strong>Desk: <\/strong>length 202 cm, depth 50 cm, height 77 cm<\/p>\n<p>Assembly service is not included in the price<\/p>\n<p>Slatted base for the lower bed is not included.<\/p>\n<p>Mattresses are not included<\/p>\n","protected":false},"excerpt":{"rendered":"<ul>\n<li>Bunk bed with 3 drawers and a ladder<\/li>\n<li>2 drawer desk<\/li>\n<li>4 colours to choose: pink, blue, grey, green<\/li>\n<li>Matches other children&#8217;s furniture of the Luddo range<\/li>\n<\/ul>\n<p><strong>Dimensions. Bed:<\/strong> length 203.2 cm, height 145.2 cm, depth 100.6 cm. <strong>Desk: <\/strong>length 202 cm, depth 50 cm, height 77 cm<\/p>\n","protected":false},"featured_media":20751,"comment_status":"open","ping_status":"closed","template":"","meta":{"_et_pb_use_builder":"","_et_pb_old_content":"","_et_gb_content_width":""},"product_brand":[],"product_cat":[291,71],"product_tag":[],"class_list":{"0":"post-21315","1":"product","2":"type-product","3":"status-publish","4":"has-post-thumbnail","6":"product_cat-children","7":"product_cat-furniture","8":"product_shipping_class-articulos-pesado-manufacturing-up-to-10-days","10":"first","11":"outofstock","12":"taxable","13":"shipping-taxable","14":"product-type-variable"},"yoast_head":"<!-- This site is optimized with the Yoast SEO plugin v27.2 - https:\/\/yoast.com\/product\/yoast-seo-wordpress\/ -->\n<title>Children&#039;s Furniture Set: Bunk Bed with 3 Drawers and Desk - Luddo 26 - Don Baraton: tienda de sof\u00e1s, muebles y colchones<\/title>\n<meta name=\"robots\" content=\"index, follow, max-snippet:-1, max-image-preview:large, max-video-preview:-1\" \/>\n<link rel=\"canonical\" href=\"https:\/\/donbaraton.es\/en\/p\/childrens-furniture-set-bunk-bed-3-drawers-desk-luddo\/\" \/>\n<meta property=\"og:locale\" content=\"en_GB\" \/>\n<meta property=\"og:type\" content=\"article\" \/>\n<meta property=\"og:title\" content=\"Children&#039;s Furniture Set: Bunk Bed with 3 Drawers and Desk - Luddo 26 - Don Baraton: tienda de sof\u00e1s, muebles y colchones\" \/>\n<meta property=\"og:description\" content=\"Bunk bed with 3 drawers and a ladder  2 drawer desk  4 colours to choose: pink, blue, grey, green  Matches other children&#039;s furniture of the Luddo range  Dimensions. Bed: length 203.2 cm, height 145.2 cm, depth 100.6 cm. Desk: length 202 cm, depth 50 cm, height 77 cm\" \/>\n<meta property=\"og:url\" content=\"https:\/\/donbaraton.es\/en\/p\/childrens-furniture-set-bunk-bed-3-drawers-desk-luddo\/\" \/>\n<meta property=\"og:site_name\" content=\"Don Baraton: tienda de sof\u00e1s, muebles y colchones\" \/>\n<meta property=\"article:publisher\" content=\"https:\/\/www.facebook.com\/donbaraton.es\" \/>\n<meta property=\"article:modified_time\" content=\"2019-11-21T00:38:25+00:00\" \/>\n<meta property=\"og:image\" content=\"https:\/\/i2.wp.com\/donbaraton.es\/wp-content\/uploads\/2019\/10\/Dormitorio-juvenil-color-azul-cama-litera-con-cajones-y-escritorio-Luddo-26.jpg?fit=1000%2C750&ssl=1\" \/>\n\t<meta property=\"og:image:width\" content=\"1000\" \/>\n\t<meta property=\"og:image:height\" content=\"750\" \/>\n\t<meta property=\"og:image:type\" content=\"image\/jpeg\" \/>\n<meta name=\"twitter:card\" content=\"summary_large_image\" \/>\n<meta name=\"twitter:site\" content=\"@don_baraton\" \/>\n<meta name=\"twitter:label1\" content=\"Estimated reading time\" \/>\n\t<meta name=\"twitter:data1\" content=\"1 minute\" \/>\n<script type=\"application\/ld+json\" class=\"yoast-schema-graph\">{\"@context\":\"https:\/\/schema.org\",\"@graph\":[{\"@type\":\"WebPage\",\"@id\":\"https:\/\/donbaraton.es\/en\/p\/childrens-furniture-set-bunk-bed-3-drawers-desk-luddo\/\",\"url\":\"https:\/\/donbaraton.es\/en\/p\/childrens-furniture-set-bunk-bed-3-drawers-desk-luddo\/\",\"name\":\"Children's Furniture Set: Bunk Bed with 3 Drawers and Desk - Luddo 26 - Don Baraton: tienda de sof\u00e1s, muebles y colchones\",\"isPartOf\":{\"@id\":\"https:\/\/donbaraton.es\/#website\"},\"primaryImageOfPage\":{\"@id\":\"https:\/\/donbaraton.es\/en\/p\/childrens-furniture-set-bunk-bed-3-drawers-desk-luddo\/#primaryimage\"},\"image\":{\"@id\":\"https:\/\/donbaraton.es\/en\/p\/childrens-furniture-set-bunk-bed-3-drawers-desk-luddo\/#primaryimage\"},\"thumbnailUrl\":\"https:\/\/donbaraton.es\/wp-content\/uploads\/2019\/10\/Dormitorio-juvenil-color-azul-cama-litera-con-cajones-y-escritorio-Luddo-26.jpg\",\"datePublished\":\"2019-10-31T18:01:13+00:00\",\"dateModified\":\"2019-11-21T00:38:25+00:00\",\"breadcrumb\":{\"@id\":\"https:\/\/donbaraton.es\/en\/p\/childrens-furniture-set-bunk-bed-3-drawers-desk-luddo\/#breadcrumb\"},\"inLanguage\":\"en-GB\",\"potentialAction\":[{\"@type\":\"ReadAction\",\"target\":[\"https:\/\/donbaraton.es\/en\/p\/childrens-furniture-set-bunk-bed-3-drawers-desk-luddo\/\"]}]},{\"@type\":\"ImageObject\",\"inLanguage\":\"en-GB\",\"@id\":\"https:\/\/donbaraton.es\/en\/p\/childrens-furniture-set-bunk-bed-3-drawers-desk-luddo\/#primaryimage\",\"url\":\"https:\/\/donbaraton.es\/wp-content\/uploads\/2019\/10\/Dormitorio-juvenil-color-azul-cama-litera-con-cajones-y-escritorio-Luddo-26.jpg\",\"contentUrl\":\"https:\/\/donbaraton.es\/wp-content\/uploads\/2019\/10\/Dormitorio-juvenil-color-azul-cama-litera-con-cajones-y-escritorio-Luddo-26.jpg\",\"width\":1000,\"height\":750,\"caption\":\"Children's Furniture Set: Bunk Bed with 3 Drawers and Desk. Blue Colour. Luddo 26\"},{\"@type\":\"BreadcrumbList\",\"@id\":\"https:\/\/donbaraton.es\/en\/p\/childrens-furniture-set-bunk-bed-3-drawers-desk-luddo\/#breadcrumb\",\"itemListElement\":[{\"@type\":\"ListItem\",\"position\":1,\"name\":\"Portada\",\"item\":\"https:\/\/donbaraton.es\/en\/\"},{\"@type\":\"ListItem\",\"position\":2,\"name\":\"Online Shop\",\"item\":\"https:\/\/donbaraton.es\/en\/shop\/\"},{\"@type\":\"ListItem\",\"position\":3,\"name\":\"Children&#8217;s Furniture Set: Bunk Bed with 3 Drawers and Desk &#8211; Luddo 26\"}]},{\"@type\":\"WebSite\",\"@id\":\"https:\/\/donbaraton.es\/#website\",\"url\":\"https:\/\/donbaraton.es\/\",\"name\":\"Don Baraton: tienda de sof\u00e1s, muebles y colchones\",\"description\":\"Sofas baratos desde el almac\u00e9n en Almorad\u00ed, Alicante\",\"publisher\":{\"@id\":\"https:\/\/donbaraton.es\/#organization\"},\"potentialAction\":[{\"@type\":\"SearchAction\",\"target\":{\"@type\":\"EntryPoint\",\"urlTemplate\":\"https:\/\/donbaraton.es\/?s={search_term_string}\"},\"query-input\":{\"@type\":\"PropertyValueSpecification\",\"valueRequired\":true,\"valueName\":\"search_term_string\"}}],\"inLanguage\":\"en-GB\"},{\"@type\":\"Organization\",\"@id\":\"https:\/\/donbaraton.es\/#organization\",\"name\":\"Don Baraton\",\"url\":\"https:\/\/donbaraton.es\/\",\"logo\":{\"@type\":\"ImageObject\",\"inLanguage\":\"en-GB\",\"@id\":\"https:\/\/donbaraton.es\/#\/schema\/logo\/image\/\",\"url\":\"https:\/\/i0.wp.com\/donbaraton.es\/wp-content\/uploads\/2016\/11\/logo_don_baraton.png?fit=228%2C110&ssl=1\",\"contentUrl\":\"https:\/\/i0.wp.com\/donbaraton.es\/wp-content\/uploads\/2016\/11\/logo_don_baraton.png?fit=228%2C110&ssl=1\",\"width\":228,\"height\":110,\"caption\":\"Don Baraton\"},\"image\":{\"@id\":\"https:\/\/donbaraton.es\/#\/schema\/logo\/image\/\"},\"sameAs\":[\"https:\/\/www.facebook.com\/donbaraton.es\",\"https:\/\/x.com\/don_baraton\",\"https:\/\/www.instagram.com\/donbaraton.es\",\"https:\/\/www.linkedin.com\/company\/donbaraton\/\",\"https:\/\/es.pinterest.com\/donbaraton\/\",\"https:\/\/www.youtube.com\/channel\/UCL02HOwx-F759Jq5MedAZfQ\"]}]}<\/script>\n<!-- \/ Yoast SEO plugin. -->","yoast_head_json":{"title":"Children's Furniture Set: Bunk Bed with 3 Drawers and Desk - Luddo 26 - Don Baraton: tienda de sof\u00e1s, muebles y colchones","robots":{"index":"index","follow":"follow","max-snippet":"max-snippet:-1","max-image-preview":"max-image-preview:large","max-video-preview":"max-video-preview:-1"},"canonical":"https:\/\/donbaraton.es\/en\/p\/childrens-furniture-set-bunk-bed-3-drawers-desk-luddo\/","og_locale":"en_GB","og_type":"article","og_title":"Children's Furniture Set: Bunk Bed with 3 Drawers and Desk - Luddo 26 - Don Baraton: tienda de sof\u00e1s, muebles y colchones","og_description":"Bunk bed with 3 drawers and a ladder  2 drawer desk  4 colours to choose: pink, blue, grey, green  Matches other children's furniture of the Luddo range  Dimensions. Bed: length 203.2 cm, height 145.2 cm, depth 100.6 cm. Desk: length 202 cm, depth 50 cm, height 77 cm","og_url":"https:\/\/donbaraton.es\/en\/p\/childrens-furniture-set-bunk-bed-3-drawers-desk-luddo\/","og_site_name":"Don Baraton: tienda de sof\u00e1s, muebles y colchones","article_publisher":"https:\/\/www.facebook.com\/donbaraton.es","article_modified_time":"2019-11-21T00:38:25+00:00","og_image":[{"width":1000,"height":750,"url":"https:\/\/i2.wp.com\/donbaraton.es\/wp-content\/uploads\/2019\/10\/Dormitorio-juvenil-color-azul-cama-litera-con-cajones-y-escritorio-Luddo-26.jpg?fit=1000%2C750&ssl=1","type":"image\/jpeg"}],"twitter_card":"summary_large_image","twitter_site":"@don_baraton","twitter_misc":{"Estimated reading time":"1 minute"},"schema":{"@context":"https:\/\/schema.org","@graph":[{"@type":"WebPage","@id":"https:\/\/donbaraton.es\/en\/p\/childrens-furniture-set-bunk-bed-3-drawers-desk-luddo\/","url":"https:\/\/donbaraton.es\/en\/p\/childrens-furniture-set-bunk-bed-3-drawers-desk-luddo\/","name":"Children's Furniture Set: Bunk Bed with 3 Drawers and Desk - Luddo 26 - Don Baraton: tienda de sof\u00e1s, muebles y colchones","isPartOf":{"@id":"https:\/\/donbaraton.es\/#website"},"primaryImageOfPage":{"@id":"https:\/\/donbaraton.es\/en\/p\/childrens-furniture-set-bunk-bed-3-drawers-desk-luddo\/#primaryimage"},"image":{"@id":"https:\/\/donbaraton.es\/en\/p\/childrens-furniture-set-bunk-bed-3-drawers-desk-luddo\/#primaryimage"},"thumbnailUrl":"https:\/\/donbaraton.es\/wp-content\/uploads\/2019\/10\/Dormitorio-juvenil-color-azul-cama-litera-con-cajones-y-escritorio-Luddo-26.jpg","datePublished":"2019-10-31T18:01:13+00:00","dateModified":"2019-11-21T00:38:25+00:00","breadcrumb":{"@id":"https:\/\/donbaraton.es\/en\/p\/childrens-furniture-set-bunk-bed-3-drawers-desk-luddo\/#breadcrumb"},"inLanguage":"en-GB","potentialAction":[{"@type":"ReadAction","target":["https:\/\/donbaraton.es\/en\/p\/childrens-furniture-set-bunk-bed-3-drawers-desk-luddo\/"]}]},{"@type":"ImageObject","inLanguage":"en-GB","@id":"https:\/\/donbaraton.es\/en\/p\/childrens-furniture-set-bunk-bed-3-drawers-desk-luddo\/#primaryimage","url":"https:\/\/donbaraton.es\/wp-content\/uploads\/2019\/10\/Dormitorio-juvenil-color-azul-cama-litera-con-cajones-y-escritorio-Luddo-26.jpg","contentUrl":"https:\/\/donbaraton.es\/wp-content\/uploads\/2019\/10\/Dormitorio-juvenil-color-azul-cama-litera-con-cajones-y-escritorio-Luddo-26.jpg","width":1000,"height":750,"caption":"Children's Furniture Set: Bunk Bed with 3 Drawers and Desk. Blue Colour. Luddo 26"},{"@type":"BreadcrumbList","@id":"https:\/\/donbaraton.es\/en\/p\/childrens-furniture-set-bunk-bed-3-drawers-desk-luddo\/#breadcrumb","itemListElement":[{"@type":"ListItem","position":1,"name":"Portada","item":"https:\/\/donbaraton.es\/en\/"},{"@type":"ListItem","position":2,"name":"Online Shop","item":"https:\/\/donbaraton.es\/en\/shop\/"},{"@type":"ListItem","position":3,"name":"Children&#8217;s Furniture Set: Bunk Bed with 3 Drawers and Desk &#8211; Luddo 26"}]},{"@type":"WebSite","@id":"https:\/\/donbaraton.es\/#website","url":"https:\/\/donbaraton.es\/","name":"Don Baraton: tienda de sof\u00e1s, muebles y colchones","description":"Sofas baratos desde el almac\u00e9n en Almorad\u00ed, Alicante","publisher":{"@id":"https:\/\/donbaraton.es\/#organization"},"potentialAction":[{"@type":"SearchAction","target":{"@type":"EntryPoint","urlTemplate":"https:\/\/donbaraton.es\/?s={search_term_string}"},"query-input":{"@type":"PropertyValueSpecification","valueRequired":true,"valueName":"search_term_string"}}],"inLanguage":"en-GB"},{"@type":"Organization","@id":"https:\/\/donbaraton.es\/#organization","name":"Don Baraton","url":"https:\/\/donbaraton.es\/","logo":{"@type":"ImageObject","inLanguage":"en-GB","@id":"https:\/\/donbaraton.es\/#\/schema\/logo\/image\/","url":"https:\/\/i0.wp.com\/donbaraton.es\/wp-content\/uploads\/2016\/11\/logo_don_baraton.png?fit=228%2C110&ssl=1","contentUrl":"https:\/\/i0.wp.com\/donbaraton.es\/wp-content\/uploads\/2016\/11\/logo_don_baraton.png?fit=228%2C110&ssl=1","width":228,"height":110,"caption":"Don Baraton"},"image":{"@id":"https:\/\/donbaraton.es\/#\/schema\/logo\/image\/"},"sameAs":["https:\/\/www.facebook.com\/donbaraton.es","https:\/\/x.com\/don_baraton","https:\/\/www.instagram.com\/donbaraton.es","https:\/\/www.linkedin.com\/company\/donbaraton\/","https:\/\/es.pinterest.com\/donbaraton\/","https:\/\/www.youtube.com\/channel\/UCL02HOwx-F759Jq5MedAZfQ"]}]}},"_links":{"self":[{"href":"https:\/\/donbaraton.es\/en\/wp-json\/wp\/v2\/product\/21315","targetHints":{"allow":["GET"]}}],"collection":[{"href":"https:\/\/donbaraton.es\/en\/wp-json\/wp\/v2\/product"}],"about":[{"href":"https:\/\/donbaraton.es\/en\/wp-json\/wp\/v2\/types\/product"}],"replies":[{"embeddable":true,"href":"https:\/\/donbaraton.es\/en\/wp-json\/wp\/v2\/comments?post=21315"}],"wp:featuredmedia":[{"embeddable":true,"href":"https:\/\/donbaraton.es\/en\/wp-json\/wp\/v2\/media\/20751"}],"wp:attachment":[{"href":"https:\/\/donbaraton.es\/en\/wp-json\/wp\/v2\/media?parent=21315"}],"wp:term":[{"taxonomy":"product_brand","embeddable":true,"href":"https:\/\/donbaraton.es\/en\/wp-json\/wp\/v2\/product_brand?post=21315"},{"taxonomy":"product_cat","embeddable":true,"href":"https:\/\/donbaraton.es\/en\/wp-json\/wp\/v2\/product_cat?post=21315"},{"taxonomy":"product_tag","embeddable":true,"href":"https:\/\/donbaraton.es\/en\/wp-json\/wp\/v2\/product_tag?post=21315"}],"curies":[{"name":"wp","href":"https:\/\/api.w.org\/{rel}","templated":true}]}}