{"id":21343,"date":"2019-10-31T19:31:23","date_gmt":"2019-10-31T18:31:23","guid":{"rendered":"https:\/\/donbaraton.es\/p\/childrens-furniture-set-tall-chest-of-drawers-headboard-desk-bedside-table-shelves-luddo\/"},"modified":"2021-01-13T20:58:22","modified_gmt":"2021-01-13T19:58:22","slug":"childrens-furniture-set-tall-chest-drawers-headboard-desk-bedside-table-shelves-luddo","status":"publish","type":"product","link":"https:\/\/donbaraton.es\/en\/p\/childrens-furniture-set-tall-chest-drawers-headboard-desk-bedside-table-shelves-luddo\/","title":{"rendered":"Children\u2019s Furniture Set: Tall Chest of Drawers, Headboard, Desk, Bedside Table, Shelves &#8211; Luddo 27"},"content":{"rendered":"<p><strong>Children\u2019s Furniture Set: Tall Chest of Drawers, Headboard, Desk, Bedside Table, Shelves &#8211; Luddo 27<\/strong><\/p>\n<p>A set of six furniture items for kids&#8217; bedroom.<\/p>\n<p>Tall narrow <strong>six drawers chest, <\/strong>included in the set, has four wheels to move it easily if necessary. The drawers will help your kids have all their stuff at hand \u2013 toys, gadgets and books \u2013 everything will be kept in order.<\/p>\n<p>Single bed wall mounted <strong>headboard<\/strong> is also part of this furniture composition for kids bedrooms.<\/p>\n<p><strong>L-shaped desk<\/strong> with two drawers matches other items of the set. A lot of space for all things your kids may need to study and play!<\/p>\n<p>Two drawers <strong>bedside table<\/strong> on four wheels is also included.<\/p>\n<p>Two sectional <strong>shelves<\/strong> compliment the composition. They can be installed in vertical or horizontal position, depending on the room&#8217;s design.<\/p>\n<p>The main colour of the set is<strong>\u00a0light grey<\/strong> colour will fit almost any interior. The colour of the fronts of the furniture can be ordered <strong>pink, blue, grey or green.\u00a0<\/strong><\/p>\n<p><strong>Dimensions. Tall chest of drawers:<\/strong> width 50 cm, depth 40.2 cm, height 124.2 cm. <strong>Headboard:<\/strong> width 110 cm, height 45 cm, depth 1.8 cm. <strong>L-shaped desk:<\/strong>\u00a0longer part 240 cm, shorter part 120 cm, depth 50 cm, height 77 cm. <strong>Bedside table:<\/strong> width 50 cm, height 48.2 cm, depth 35.5 cm. <strong>Shelves:<\/strong> length 100 cm, height 25.5 cm, depth 27.2 cm<\/p>\n<p>Assembly service is not included<\/p>\n","protected":false},"excerpt":{"rendered":"<ul>\n<li>6 furniture items for children&#8217;s bedrooms<\/li>\n<li>6 drawer tall <strong>chest of drawers<\/strong><\/li>\n<li>Single bed <strong>headboard<\/strong> ,110 cm<\/li>\n<li>L-shaped <strong>desk<\/strong><\/li>\n<li><strong>Bedside table<\/strong><\/li>\n<li>2 wall mounted <strong>shelves<\/strong><\/li>\n<li>Colors to choose:<strong> pink, blue, grey, green<\/strong><\/li>\n<\/ul>\n","protected":false},"featured_media":20765,"comment_status":"open","ping_status":"closed","template":"","meta":{"_et_pb_use_builder":"","_et_pb_old_content":"","_et_gb_content_width":""},"product_brand":[],"product_cat":[291,71],"product_tag":[],"class_list":{"0":"post-21343","1":"product","2":"type-product","3":"status-publish","4":"has-post-thumbnail","6":"product_cat-children","7":"product_cat-furniture","8":"product_shipping_class-articulos-pesado-manufacturing-up-to-10-days","9":"pa_material-mdf-particle-board","11":"first","12":"outofstock","13":"taxable","14":"shipping-taxable","15":"product-type-variable"},"yoast_head":"<!-- This site is optimized with the Yoast SEO plugin v27.2 - https:\/\/yoast.com\/product\/yoast-seo-wordpress\/ -->\n<title>Children\u2019s Furniture Set: Tall Chest of Drawers, Headboard, Desk, Bedside Table, Shelves - Luddo 27 - Don Baraton: tienda de sof\u00e1s, muebles y colchones<\/title>\n<meta name=\"robots\" content=\"index, follow, max-snippet:-1, max-image-preview:large, max-video-preview:-1\" \/>\n<link rel=\"canonical\" href=\"https:\/\/donbaraton.es\/en\/p\/childrens-furniture-set-tall-chest-drawers-headboard-desk-bedside-table-shelves-luddo\/\" \/>\n<meta property=\"og:locale\" content=\"en_GB\" \/>\n<meta property=\"og:type\" content=\"article\" \/>\n<meta property=\"og:title\" content=\"Children\u2019s Furniture Set: Tall Chest of Drawers, Headboard, Desk, Bedside Table, Shelves - Luddo 27 - Don Baraton: tienda de sof\u00e1s, muebles y colchones\" \/>\n<meta property=\"og:description\" content=\"6 furniture items for children&#039;s bedrooms  6 drawer tall chest of drawers  Single bed headboard ,110 cm  L-shaped desk  Bedside table  2 wall mounted shelves  Colors to choose: pink, blue, grey, green\" \/>\n<meta property=\"og:url\" content=\"https:\/\/donbaraton.es\/en\/p\/childrens-furniture-set-tall-chest-drawers-headboard-desk-bedside-table-shelves-luddo\/\" \/>\n<meta property=\"og:site_name\" content=\"Don Baraton: tienda de sof\u00e1s, muebles y colchones\" \/>\n<meta property=\"article:publisher\" content=\"https:\/\/www.facebook.com\/donbaraton.es\" \/>\n<meta property=\"article:modified_time\" content=\"2021-01-13T19:58:22+00:00\" \/>\n<meta property=\"og:image\" content=\"https:\/\/i0.wp.com\/donbaraton.es\/wp-content\/uploads\/2019\/10\/Dormitorio-juvenil-gris-sinfonier-cabecero-escritorio-mesa-de-noche-estanter\u00edas-Luddo-27.jpg?fit=1000%2C750&ssl=1\" \/>\n\t<meta property=\"og:image:width\" content=\"1000\" \/>\n\t<meta property=\"og:image:height\" content=\"750\" \/>\n\t<meta property=\"og:image:type\" content=\"image\/jpeg\" \/>\n<meta name=\"twitter:card\" content=\"summary_large_image\" \/>\n<meta name=\"twitter:site\" content=\"@don_baraton\" \/>\n<meta name=\"twitter:label1\" content=\"Estimated reading time\" \/>\n\t<meta name=\"twitter:data1\" content=\"1 minute\" \/>\n<script type=\"application\/ld+json\" class=\"yoast-schema-graph\">{\"@context\":\"https:\/\/schema.org\",\"@graph\":[{\"@type\":\"WebPage\",\"@id\":\"https:\/\/donbaraton.es\/en\/p\/childrens-furniture-set-tall-chest-drawers-headboard-desk-bedside-table-shelves-luddo\/\",\"url\":\"https:\/\/donbaraton.es\/en\/p\/childrens-furniture-set-tall-chest-drawers-headboard-desk-bedside-table-shelves-luddo\/\",\"name\":\"Children\u2019s Furniture Set: Tall Chest of Drawers, Headboard, Desk, Bedside Table, Shelves - Luddo 27 - Don Baraton: tienda de sof\u00e1s, muebles y colchones\",\"isPartOf\":{\"@id\":\"https:\/\/donbaraton.es\/#website\"},\"primaryImageOfPage\":{\"@id\":\"https:\/\/donbaraton.es\/en\/p\/childrens-furniture-set-tall-chest-drawers-headboard-desk-bedside-table-shelves-luddo\/#primaryimage\"},\"image\":{\"@id\":\"https:\/\/donbaraton.es\/en\/p\/childrens-furniture-set-tall-chest-drawers-headboard-desk-bedside-table-shelves-luddo\/#primaryimage\"},\"thumbnailUrl\":\"https:\/\/donbaraton.es\/wp-content\/uploads\/2019\/10\/Dormitorio-juvenil-gris-sinfonier-cabecero-escritorio-mesa-de-noche-estanter\u00edas-Luddo-27.jpg\",\"datePublished\":\"2019-10-31T18:31:23+00:00\",\"dateModified\":\"2021-01-13T19:58:22+00:00\",\"breadcrumb\":{\"@id\":\"https:\/\/donbaraton.es\/en\/p\/childrens-furniture-set-tall-chest-drawers-headboard-desk-bedside-table-shelves-luddo\/#breadcrumb\"},\"inLanguage\":\"en-GB\",\"potentialAction\":[{\"@type\":\"ReadAction\",\"target\":[\"https:\/\/donbaraton.es\/en\/p\/childrens-furniture-set-tall-chest-drawers-headboard-desk-bedside-table-shelves-luddo\/\"]}]},{\"@type\":\"ImageObject\",\"inLanguage\":\"en-GB\",\"@id\":\"https:\/\/donbaraton.es\/en\/p\/childrens-furniture-set-tall-chest-drawers-headboard-desk-bedside-table-shelves-luddo\/#primaryimage\",\"url\":\"https:\/\/donbaraton.es\/wp-content\/uploads\/2019\/10\/Dormitorio-juvenil-gris-sinfonier-cabecero-escritorio-mesa-de-noche-estanter\u00edas-Luddo-27.jpg\",\"contentUrl\":\"https:\/\/donbaraton.es\/wp-content\/uploads\/2019\/10\/Dormitorio-juvenil-gris-sinfonier-cabecero-escritorio-mesa-de-noche-estanter\u00edas-Luddo-27.jpg\",\"width\":1000,\"height\":750,\"caption\":\"Children\u2019s Furniture Set in Grey: Tall Chest of Drawers, Headboard, Desk, Bedside Table, Shelves - Luddo 27\"},{\"@type\":\"BreadcrumbList\",\"@id\":\"https:\/\/donbaraton.es\/en\/p\/childrens-furniture-set-tall-chest-drawers-headboard-desk-bedside-table-shelves-luddo\/#breadcrumb\",\"itemListElement\":[{\"@type\":\"ListItem\",\"position\":1,\"name\":\"Portada\",\"item\":\"https:\/\/donbaraton.es\/en\/\"},{\"@type\":\"ListItem\",\"position\":2,\"name\":\"Online Shop\",\"item\":\"https:\/\/donbaraton.es\/en\/shop\/\"},{\"@type\":\"ListItem\",\"position\":3,\"name\":\"Children\u2019s Furniture Set: Tall Chest of Drawers, Headboard, Desk, Bedside Table, Shelves &#8211; Luddo 27\"}]},{\"@type\":\"WebSite\",\"@id\":\"https:\/\/donbaraton.es\/#website\",\"url\":\"https:\/\/donbaraton.es\/\",\"name\":\"Don Baraton: tienda de sof\u00e1s, muebles y colchones\",\"description\":\"Sofas baratos desde el almac\u00e9n en Almorad\u00ed, Alicante\",\"publisher\":{\"@id\":\"https:\/\/donbaraton.es\/#organization\"},\"potentialAction\":[{\"@type\":\"SearchAction\",\"target\":{\"@type\":\"EntryPoint\",\"urlTemplate\":\"https:\/\/donbaraton.es\/?s={search_term_string}\"},\"query-input\":{\"@type\":\"PropertyValueSpecification\",\"valueRequired\":true,\"valueName\":\"search_term_string\"}}],\"inLanguage\":\"en-GB\"},{\"@type\":\"Organization\",\"@id\":\"https:\/\/donbaraton.es\/#organization\",\"name\":\"Don Baraton\",\"url\":\"https:\/\/donbaraton.es\/\",\"logo\":{\"@type\":\"ImageObject\",\"inLanguage\":\"en-GB\",\"@id\":\"https:\/\/donbaraton.es\/#\/schema\/logo\/image\/\",\"url\":\"https:\/\/i0.wp.com\/donbaraton.es\/wp-content\/uploads\/2016\/11\/logo_don_baraton.png?fit=228%2C110&ssl=1\",\"contentUrl\":\"https:\/\/i0.wp.com\/donbaraton.es\/wp-content\/uploads\/2016\/11\/logo_don_baraton.png?fit=228%2C110&ssl=1\",\"width\":228,\"height\":110,\"caption\":\"Don Baraton\"},\"image\":{\"@id\":\"https:\/\/donbaraton.es\/#\/schema\/logo\/image\/\"},\"sameAs\":[\"https:\/\/www.facebook.com\/donbaraton.es\",\"https:\/\/x.com\/don_baraton\",\"https:\/\/www.instagram.com\/donbaraton.es\",\"https:\/\/www.linkedin.com\/company\/donbaraton\/\",\"https:\/\/es.pinterest.com\/donbaraton\/\",\"https:\/\/www.youtube.com\/channel\/UCL02HOwx-F759Jq5MedAZfQ\"]}]}<\/script>\n<!-- \/ Yoast SEO plugin. -->","yoast_head_json":{"title":"Children\u2019s Furniture Set: Tall Chest of Drawers, Headboard, Desk, Bedside Table, Shelves - Luddo 27 - Don Baraton: tienda de sof\u00e1s, muebles y colchones","robots":{"index":"index","follow":"follow","max-snippet":"max-snippet:-1","max-image-preview":"max-image-preview:large","max-video-preview":"max-video-preview:-1"},"canonical":"https:\/\/donbaraton.es\/en\/p\/childrens-furniture-set-tall-chest-drawers-headboard-desk-bedside-table-shelves-luddo\/","og_locale":"en_GB","og_type":"article","og_title":"Children\u2019s Furniture Set: Tall Chest of Drawers, Headboard, Desk, Bedside Table, Shelves - Luddo 27 - Don Baraton: tienda de sof\u00e1s, muebles y colchones","og_description":"6 furniture items for children's bedrooms  6 drawer tall chest of drawers  Single bed headboard ,110 cm  L-shaped desk  Bedside table  2 wall mounted shelves  Colors to choose: pink, blue, grey, green","og_url":"https:\/\/donbaraton.es\/en\/p\/childrens-furniture-set-tall-chest-drawers-headboard-desk-bedside-table-shelves-luddo\/","og_site_name":"Don Baraton: tienda de sof\u00e1s, muebles y colchones","article_publisher":"https:\/\/www.facebook.com\/donbaraton.es","article_modified_time":"2021-01-13T19:58:22+00:00","og_image":[{"width":1000,"height":750,"url":"https:\/\/i0.wp.com\/donbaraton.es\/wp-content\/uploads\/2019\/10\/Dormitorio-juvenil-gris-sinfonier-cabecero-escritorio-mesa-de-noche-estanter\u00edas-Luddo-27.jpg?fit=1000%2C750&ssl=1","type":"image\/jpeg"}],"twitter_card":"summary_large_image","twitter_site":"@don_baraton","twitter_misc":{"Estimated reading time":"1 minute"},"schema":{"@context":"https:\/\/schema.org","@graph":[{"@type":"WebPage","@id":"https:\/\/donbaraton.es\/en\/p\/childrens-furniture-set-tall-chest-drawers-headboard-desk-bedside-table-shelves-luddo\/","url":"https:\/\/donbaraton.es\/en\/p\/childrens-furniture-set-tall-chest-drawers-headboard-desk-bedside-table-shelves-luddo\/","name":"Children\u2019s Furniture Set: Tall Chest of Drawers, Headboard, Desk, Bedside Table, Shelves - Luddo 27 - Don Baraton: tienda de sof\u00e1s, muebles y colchones","isPartOf":{"@id":"https:\/\/donbaraton.es\/#website"},"primaryImageOfPage":{"@id":"https:\/\/donbaraton.es\/en\/p\/childrens-furniture-set-tall-chest-drawers-headboard-desk-bedside-table-shelves-luddo\/#primaryimage"},"image":{"@id":"https:\/\/donbaraton.es\/en\/p\/childrens-furniture-set-tall-chest-drawers-headboard-desk-bedside-table-shelves-luddo\/#primaryimage"},"thumbnailUrl":"https:\/\/donbaraton.es\/wp-content\/uploads\/2019\/10\/Dormitorio-juvenil-gris-sinfonier-cabecero-escritorio-mesa-de-noche-estanter\u00edas-Luddo-27.jpg","datePublished":"2019-10-31T18:31:23+00:00","dateModified":"2021-01-13T19:58:22+00:00","breadcrumb":{"@id":"https:\/\/donbaraton.es\/en\/p\/childrens-furniture-set-tall-chest-drawers-headboard-desk-bedside-table-shelves-luddo\/#breadcrumb"},"inLanguage":"en-GB","potentialAction":[{"@type":"ReadAction","target":["https:\/\/donbaraton.es\/en\/p\/childrens-furniture-set-tall-chest-drawers-headboard-desk-bedside-table-shelves-luddo\/"]}]},{"@type":"ImageObject","inLanguage":"en-GB","@id":"https:\/\/donbaraton.es\/en\/p\/childrens-furniture-set-tall-chest-drawers-headboard-desk-bedside-table-shelves-luddo\/#primaryimage","url":"https:\/\/donbaraton.es\/wp-content\/uploads\/2019\/10\/Dormitorio-juvenil-gris-sinfonier-cabecero-escritorio-mesa-de-noche-estanter\u00edas-Luddo-27.jpg","contentUrl":"https:\/\/donbaraton.es\/wp-content\/uploads\/2019\/10\/Dormitorio-juvenil-gris-sinfonier-cabecero-escritorio-mesa-de-noche-estanter\u00edas-Luddo-27.jpg","width":1000,"height":750,"caption":"Children\u2019s Furniture Set in Grey: Tall Chest of Drawers, Headboard, Desk, Bedside Table, Shelves - Luddo 27"},{"@type":"BreadcrumbList","@id":"https:\/\/donbaraton.es\/en\/p\/childrens-furniture-set-tall-chest-drawers-headboard-desk-bedside-table-shelves-luddo\/#breadcrumb","itemListElement":[{"@type":"ListItem","position":1,"name":"Portada","item":"https:\/\/donbaraton.es\/en\/"},{"@type":"ListItem","position":2,"name":"Online Shop","item":"https:\/\/donbaraton.es\/en\/shop\/"},{"@type":"ListItem","position":3,"name":"Children\u2019s Furniture Set: Tall Chest of Drawers, Headboard, Desk, Bedside Table, Shelves &#8211; Luddo 27"}]},{"@type":"WebSite","@id":"https:\/\/donbaraton.es\/#website","url":"https:\/\/donbaraton.es\/","name":"Don Baraton: tienda de sof\u00e1s, muebles y colchones","description":"Sofas baratos desde el almac\u00e9n en Almorad\u00ed, Alicante","publisher":{"@id":"https:\/\/donbaraton.es\/#organization"},"potentialAction":[{"@type":"SearchAction","target":{"@type":"EntryPoint","urlTemplate":"https:\/\/donbaraton.es\/?s={search_term_string}"},"query-input":{"@type":"PropertyValueSpecification","valueRequired":true,"valueName":"search_term_string"}}],"inLanguage":"en-GB"},{"@type":"Organization","@id":"https:\/\/donbaraton.es\/#organization","name":"Don Baraton","url":"https:\/\/donbaraton.es\/","logo":{"@type":"ImageObject","inLanguage":"en-GB","@id":"https:\/\/donbaraton.es\/#\/schema\/logo\/image\/","url":"https:\/\/i0.wp.com\/donbaraton.es\/wp-content\/uploads\/2016\/11\/logo_don_baraton.png?fit=228%2C110&ssl=1","contentUrl":"https:\/\/i0.wp.com\/donbaraton.es\/wp-content\/uploads\/2016\/11\/logo_don_baraton.png?fit=228%2C110&ssl=1","width":228,"height":110,"caption":"Don Baraton"},"image":{"@id":"https:\/\/donbaraton.es\/#\/schema\/logo\/image\/"},"sameAs":["https:\/\/www.facebook.com\/donbaraton.es","https:\/\/x.com\/don_baraton","https:\/\/www.instagram.com\/donbaraton.es","https:\/\/www.linkedin.com\/company\/donbaraton\/","https:\/\/es.pinterest.com\/donbaraton\/","https:\/\/www.youtube.com\/channel\/UCL02HOwx-F759Jq5MedAZfQ"]}]}},"_links":{"self":[{"href":"https:\/\/donbaraton.es\/en\/wp-json\/wp\/v2\/product\/21343","targetHints":{"allow":["GET"]}}],"collection":[{"href":"https:\/\/donbaraton.es\/en\/wp-json\/wp\/v2\/product"}],"about":[{"href":"https:\/\/donbaraton.es\/en\/wp-json\/wp\/v2\/types\/product"}],"replies":[{"embeddable":true,"href":"https:\/\/donbaraton.es\/en\/wp-json\/wp\/v2\/comments?post=21343"}],"wp:featuredmedia":[{"embeddable":true,"href":"https:\/\/donbaraton.es\/en\/wp-json\/wp\/v2\/media\/20765"}],"wp:attachment":[{"href":"https:\/\/donbaraton.es\/en\/wp-json\/wp\/v2\/media?parent=21343"}],"wp:term":[{"taxonomy":"product_brand","embeddable":true,"href":"https:\/\/donbaraton.es\/en\/wp-json\/wp\/v2\/product_brand?post=21343"},{"taxonomy":"product_cat","embeddable":true,"href":"https:\/\/donbaraton.es\/en\/wp-json\/wp\/v2\/product_cat?post=21343"},{"taxonomy":"product_tag","embeddable":true,"href":"https:\/\/donbaraton.es\/en\/wp-json\/wp\/v2\/product_tag?post=21343"}],"curies":[{"name":"wp","href":"https:\/\/api.w.org\/{rel}","templated":true}]}}