{"id":21534,"date":"2019-10-31T20:03:00","date_gmt":"2019-10-31T19:03:00","guid":{"rendered":"https:\/\/donbaraton.es\/p\/childrens-furniture-set-3-door-wardrobe-bedside-table-headboard-shelving-unit-luddo\/"},"modified":"2019-12-23T19:31:55","modified_gmt":"2019-12-23T18:31:55","slug":"childrens-furniture-set-3-door-wardrobe-bedside-table-headboard-shelving-unit-luddo","status":"publish","type":"product","link":"https:\/\/donbaraton.es\/en\/p\/childrens-furniture-set-3-door-wardrobe-bedside-table-headboard-shelving-unit-luddo\/","title":{"rendered":"Children\u2019s Furniture Set: 3 Door Wardrobe, Bedside Table, Headboard, Shelving Unit \u2013 Luddo 28"},"content":{"rendered":"<p><strong>Children\u2019s Furniture Set: Three Door Wardrobe, Bedside Table, Headboard, Shelf \u2013 Luddo 28<\/strong><\/p>\n<p>A <strong>composition of four furniture items<\/strong> in the same style to furnish a kids bedroom.<\/p>\n<p>Spacious three door and three drawers <strong>wardrobe<\/strong> for larger children rooms. The\u00a0<strong>left part<\/strong> of the wardrobe with two doors is divided into three sections inside \u2013 upper, middle (full hanging) and lower section. Three drawers are located under the central door of the wardrobe. The narrower\u00a0<strong>right part<\/strong>\u00a0with one door is divided into two parts: the upper section and the main full hanging section.<\/p>\n<p><strong>Bedside table<\/strong> with the <strong>four wheels<\/strong> is also included in this set. You can easily move it from one place to another. <strong>Two drawers<\/strong> will contain all things that your kids may want to keep next to the bed.<\/p>\n<p>Single bed wall mounted <strong>headboard<\/strong> is perfect for bed bases up to 110 cm wide.<\/p>\n<p>Floor standing <strong>four tier shelving unit<\/strong> is also part of this furniture set. Every level of the unit is divided into two parts by two vertical divisions.<\/p>\n<p>The main colour of the set is<strong>\u00a0light grey<\/strong>\u00a0colour will fit almost any interior. The colour of the fronts of the furniture can be ordered\u00a0<strong>pink, blue, grey or green.\u00a0<\/strong><\/p>\n<p><strong>Dimensions. 3 door wardrobe puertas:<\/strong> width 149.6 cm, depth\u00a0 51.9 cm, height 205.6 cm. <strong>Bedside table:\u00a0<\/strong>width 50 cm, height 48.2 cm, depth 35.5 cm. <strong>Headboard:<\/strong> width 110 cm, height 45 cm, depth 1.8 cm. <strong>Shelving unit:<\/strong> width 100 cm, height 152.3 cm, depth 25.5 cm<\/p>\n<p>Assembly service is not included<\/p>\n","protected":false},"excerpt":{"rendered":"<ul>\n<li>3 door <strong>wardrobe<\/strong> with 3 drawers<\/li>\n<li>2 drawer<strong> bedside table<\/strong> on wheels<\/li>\n<li>Single bed <strong>headboard<\/strong> 110 cm<\/li>\n<li>4 tier floor standing <strong>shelving unit\u00a0<\/strong><\/li>\n<li>Colours to choose: <strong>blue, pink, grey, green<\/strong><\/li>\n<li>All items <strong>can be purchased separately<\/strong> to combine with other children&#8217;s furniture of the Luddo range<\/li>\n<\/ul>\n","protected":false},"featured_media":20777,"comment_status":"open","ping_status":"closed","template":"","meta":{"_et_pb_use_builder":"","_et_pb_old_content":"","_et_gb_content_width":""},"product_brand":[],"product_cat":[291,71],"product_tag":[],"class_list":{"0":"post-21534","1":"product","2":"type-product","3":"status-publish","4":"has-post-thumbnail","6":"product_cat-children","7":"product_cat-furniture","8":"product_shipping_class-articulos-pesado-manufacturing-up-to-10-days","9":"pa_material-mdf-particle-board","11":"first","12":"outofstock","13":"taxable","14":"shipping-taxable","15":"purchasable","16":"product-type-variable"},"yoast_head":"<!-- This site is optimized with the Yoast SEO plugin v27.2 - https:\/\/yoast.com\/product\/yoast-seo-wordpress\/ -->\n<title>Children\u2019s Furniture Set: 3 Door Wardrobe, Bedside Table, Headboard, Shelving Unit \u2013 Luddo 28 - Don Baraton: tienda de sof\u00e1s, muebles y colchones<\/title>\n<meta name=\"robots\" content=\"index, follow, max-snippet:-1, max-image-preview:large, max-video-preview:-1\" \/>\n<link rel=\"canonical\" href=\"https:\/\/donbaraton.es\/en\/p\/childrens-furniture-set-3-door-wardrobe-bedside-table-headboard-shelving-unit-luddo\/\" \/>\n<meta property=\"og:locale\" content=\"en_GB\" \/>\n<meta property=\"og:type\" content=\"article\" \/>\n<meta property=\"og:title\" content=\"Children\u2019s Furniture Set: 3 Door Wardrobe, Bedside Table, Headboard, Shelving Unit \u2013 Luddo 28 - Don Baraton: tienda de sof\u00e1s, muebles y colchones\" \/>\n<meta property=\"og:description\" content=\"3 door wardrobe with 3 drawers  2 drawer bedside table on wheels  Single bed headboard 110 cm  4 tier floor standing shelving unit\u00a0  Colours to choose: blue, pink, grey, green  All items can be purchased separately to combine with other children&#039;s furniture of the Luddo range\" \/>\n<meta property=\"og:url\" content=\"https:\/\/donbaraton.es\/en\/p\/childrens-furniture-set-3-door-wardrobe-bedside-table-headboard-shelving-unit-luddo\/\" \/>\n<meta property=\"og:site_name\" content=\"Don Baraton: tienda de sof\u00e1s, muebles y colchones\" \/>\n<meta property=\"article:publisher\" content=\"https:\/\/www.facebook.com\/donbaraton.es\" \/>\n<meta property=\"article:modified_time\" content=\"2019-12-23T18:31:55+00:00\" \/>\n<meta property=\"og:image\" content=\"https:\/\/i0.wp.com\/donbaraton.es\/wp-content\/uploads\/2019\/10\/Dormitorio-juvenil-armario-3-puertas-mesita-de-noche-cabecero-estanter\u00eda-verde-Luddo-28.jpg?fit=1000%2C750&ssl=1\" \/>\n\t<meta property=\"og:image:width\" content=\"1000\" \/>\n\t<meta property=\"og:image:height\" content=\"750\" \/>\n\t<meta property=\"og:image:type\" content=\"image\/jpeg\" \/>\n<meta name=\"twitter:card\" content=\"summary_large_image\" \/>\n<meta name=\"twitter:site\" content=\"@don_baraton\" \/>\n<meta name=\"twitter:label1\" content=\"Estimated reading time\" \/>\n\t<meta name=\"twitter:data1\" content=\"1 minute\" \/>\n<script type=\"application\/ld+json\" class=\"yoast-schema-graph\">{\"@context\":\"https:\/\/schema.org\",\"@graph\":[{\"@type\":\"WebPage\",\"@id\":\"https:\/\/donbaraton.es\/en\/p\/childrens-furniture-set-3-door-wardrobe-bedside-table-headboard-shelving-unit-luddo\/\",\"url\":\"https:\/\/donbaraton.es\/en\/p\/childrens-furniture-set-3-door-wardrobe-bedside-table-headboard-shelving-unit-luddo\/\",\"name\":\"Children\u2019s Furniture Set: 3 Door Wardrobe, Bedside Table, Headboard, Shelving Unit \u2013 Luddo 28 - Don Baraton: tienda de sof\u00e1s, muebles y colchones\",\"isPartOf\":{\"@id\":\"https:\/\/donbaraton.es\/#website\"},\"primaryImageOfPage\":{\"@id\":\"https:\/\/donbaraton.es\/en\/p\/childrens-furniture-set-3-door-wardrobe-bedside-table-headboard-shelving-unit-luddo\/#primaryimage\"},\"image\":{\"@id\":\"https:\/\/donbaraton.es\/en\/p\/childrens-furniture-set-3-door-wardrobe-bedside-table-headboard-shelving-unit-luddo\/#primaryimage\"},\"thumbnailUrl\":\"https:\/\/donbaraton.es\/wp-content\/uploads\/2019\/10\/Dormitorio-juvenil-armario-3-puertas-mesita-de-noche-cabecero-estanter\u00eda-verde-Luddo-28.jpg\",\"datePublished\":\"2019-10-31T19:03:00+00:00\",\"dateModified\":\"2019-12-23T18:31:55+00:00\",\"breadcrumb\":{\"@id\":\"https:\/\/donbaraton.es\/en\/p\/childrens-furniture-set-3-door-wardrobe-bedside-table-headboard-shelving-unit-luddo\/#breadcrumb\"},\"inLanguage\":\"en-GB\",\"potentialAction\":[{\"@type\":\"ReadAction\",\"target\":[\"https:\/\/donbaraton.es\/en\/p\/childrens-furniture-set-3-door-wardrobe-bedside-table-headboard-shelving-unit-luddo\/\"]}]},{\"@type\":\"ImageObject\",\"inLanguage\":\"en-GB\",\"@id\":\"https:\/\/donbaraton.es\/en\/p\/childrens-furniture-set-3-door-wardrobe-bedside-table-headboard-shelving-unit-luddo\/#primaryimage\",\"url\":\"https:\/\/donbaraton.es\/wp-content\/uploads\/2019\/10\/Dormitorio-juvenil-armario-3-puertas-mesita-de-noche-cabecero-estanter\u00eda-verde-Luddo-28.jpg\",\"contentUrl\":\"https:\/\/donbaraton.es\/wp-content\/uploads\/2019\/10\/Dormitorio-juvenil-armario-3-puertas-mesita-de-noche-cabecero-estanter\u00eda-verde-Luddo-28.jpg\",\"width\":1000,\"height\":750,\"caption\":\"Children\u2019s Furniture Set in Green: 3 Door Wardrobe, Bedside Table, Headboard, Shelving Unit \u2013 Luddo 28\"},{\"@type\":\"BreadcrumbList\",\"@id\":\"https:\/\/donbaraton.es\/en\/p\/childrens-furniture-set-3-door-wardrobe-bedside-table-headboard-shelving-unit-luddo\/#breadcrumb\",\"itemListElement\":[{\"@type\":\"ListItem\",\"position\":1,\"name\":\"Portada\",\"item\":\"https:\/\/donbaraton.es\/en\/\"},{\"@type\":\"ListItem\",\"position\":2,\"name\":\"Online Shop\",\"item\":\"https:\/\/donbaraton.es\/en\/shop\/\"},{\"@type\":\"ListItem\",\"position\":3,\"name\":\"Children\u2019s Furniture Set: 3 Door Wardrobe, Bedside Table, Headboard, Shelving Unit \u2013 Luddo 28\"}]},{\"@type\":\"WebSite\",\"@id\":\"https:\/\/donbaraton.es\/#website\",\"url\":\"https:\/\/donbaraton.es\/\",\"name\":\"Don Baraton: tienda de sof\u00e1s, muebles y colchones\",\"description\":\"Sofas baratos desde el almac\u00e9n en Almorad\u00ed, Alicante\",\"publisher\":{\"@id\":\"https:\/\/donbaraton.es\/#organization\"},\"potentialAction\":[{\"@type\":\"SearchAction\",\"target\":{\"@type\":\"EntryPoint\",\"urlTemplate\":\"https:\/\/donbaraton.es\/?s={search_term_string}\"},\"query-input\":{\"@type\":\"PropertyValueSpecification\",\"valueRequired\":true,\"valueName\":\"search_term_string\"}}],\"inLanguage\":\"en-GB\"},{\"@type\":\"Organization\",\"@id\":\"https:\/\/donbaraton.es\/#organization\",\"name\":\"Don Baraton\",\"url\":\"https:\/\/donbaraton.es\/\",\"logo\":{\"@type\":\"ImageObject\",\"inLanguage\":\"en-GB\",\"@id\":\"https:\/\/donbaraton.es\/#\/schema\/logo\/image\/\",\"url\":\"https:\/\/i0.wp.com\/donbaraton.es\/wp-content\/uploads\/2016\/11\/logo_don_baraton.png?fit=228%2C110&ssl=1\",\"contentUrl\":\"https:\/\/i0.wp.com\/donbaraton.es\/wp-content\/uploads\/2016\/11\/logo_don_baraton.png?fit=228%2C110&ssl=1\",\"width\":228,\"height\":110,\"caption\":\"Don Baraton\"},\"image\":{\"@id\":\"https:\/\/donbaraton.es\/#\/schema\/logo\/image\/\"},\"sameAs\":[\"https:\/\/www.facebook.com\/donbaraton.es\",\"https:\/\/x.com\/don_baraton\",\"https:\/\/www.instagram.com\/donbaraton.es\",\"https:\/\/www.linkedin.com\/company\/donbaraton\/\",\"https:\/\/es.pinterest.com\/donbaraton\/\",\"https:\/\/www.youtube.com\/channel\/UCL02HOwx-F759Jq5MedAZfQ\"]}]}<\/script>\n<!-- \/ Yoast SEO plugin. -->","yoast_head_json":{"title":"Children\u2019s Furniture Set: 3 Door Wardrobe, Bedside Table, Headboard, Shelving Unit \u2013 Luddo 28 - Don Baraton: tienda de sof\u00e1s, muebles y colchones","robots":{"index":"index","follow":"follow","max-snippet":"max-snippet:-1","max-image-preview":"max-image-preview:large","max-video-preview":"max-video-preview:-1"},"canonical":"https:\/\/donbaraton.es\/en\/p\/childrens-furniture-set-3-door-wardrobe-bedside-table-headboard-shelving-unit-luddo\/","og_locale":"en_GB","og_type":"article","og_title":"Children\u2019s Furniture Set: 3 Door Wardrobe, Bedside Table, Headboard, Shelving Unit \u2013 Luddo 28 - Don Baraton: tienda de sof\u00e1s, muebles y colchones","og_description":"3 door wardrobe with 3 drawers  2 drawer bedside table on wheels  Single bed headboard 110 cm  4 tier floor standing shelving unit\u00a0  Colours to choose: blue, pink, grey, green  All items can be purchased separately to combine with other children's furniture of the Luddo range","og_url":"https:\/\/donbaraton.es\/en\/p\/childrens-furniture-set-3-door-wardrobe-bedside-table-headboard-shelving-unit-luddo\/","og_site_name":"Don Baraton: tienda de sof\u00e1s, muebles y colchones","article_publisher":"https:\/\/www.facebook.com\/donbaraton.es","article_modified_time":"2019-12-23T18:31:55+00:00","og_image":[{"width":1000,"height":750,"url":"https:\/\/i0.wp.com\/donbaraton.es\/wp-content\/uploads\/2019\/10\/Dormitorio-juvenil-armario-3-puertas-mesita-de-noche-cabecero-estanter\u00eda-verde-Luddo-28.jpg?fit=1000%2C750&ssl=1","type":"image\/jpeg"}],"twitter_card":"summary_large_image","twitter_site":"@don_baraton","twitter_misc":{"Estimated reading time":"1 minute"},"schema":{"@context":"https:\/\/schema.org","@graph":[{"@type":"WebPage","@id":"https:\/\/donbaraton.es\/en\/p\/childrens-furniture-set-3-door-wardrobe-bedside-table-headboard-shelving-unit-luddo\/","url":"https:\/\/donbaraton.es\/en\/p\/childrens-furniture-set-3-door-wardrobe-bedside-table-headboard-shelving-unit-luddo\/","name":"Children\u2019s Furniture Set: 3 Door Wardrobe, Bedside Table, Headboard, Shelving Unit \u2013 Luddo 28 - Don Baraton: tienda de sof\u00e1s, muebles y colchones","isPartOf":{"@id":"https:\/\/donbaraton.es\/#website"},"primaryImageOfPage":{"@id":"https:\/\/donbaraton.es\/en\/p\/childrens-furniture-set-3-door-wardrobe-bedside-table-headboard-shelving-unit-luddo\/#primaryimage"},"image":{"@id":"https:\/\/donbaraton.es\/en\/p\/childrens-furniture-set-3-door-wardrobe-bedside-table-headboard-shelving-unit-luddo\/#primaryimage"},"thumbnailUrl":"https:\/\/donbaraton.es\/wp-content\/uploads\/2019\/10\/Dormitorio-juvenil-armario-3-puertas-mesita-de-noche-cabecero-estanter\u00eda-verde-Luddo-28.jpg","datePublished":"2019-10-31T19:03:00+00:00","dateModified":"2019-12-23T18:31:55+00:00","breadcrumb":{"@id":"https:\/\/donbaraton.es\/en\/p\/childrens-furniture-set-3-door-wardrobe-bedside-table-headboard-shelving-unit-luddo\/#breadcrumb"},"inLanguage":"en-GB","potentialAction":[{"@type":"ReadAction","target":["https:\/\/donbaraton.es\/en\/p\/childrens-furniture-set-3-door-wardrobe-bedside-table-headboard-shelving-unit-luddo\/"]}]},{"@type":"ImageObject","inLanguage":"en-GB","@id":"https:\/\/donbaraton.es\/en\/p\/childrens-furniture-set-3-door-wardrobe-bedside-table-headboard-shelving-unit-luddo\/#primaryimage","url":"https:\/\/donbaraton.es\/wp-content\/uploads\/2019\/10\/Dormitorio-juvenil-armario-3-puertas-mesita-de-noche-cabecero-estanter\u00eda-verde-Luddo-28.jpg","contentUrl":"https:\/\/donbaraton.es\/wp-content\/uploads\/2019\/10\/Dormitorio-juvenil-armario-3-puertas-mesita-de-noche-cabecero-estanter\u00eda-verde-Luddo-28.jpg","width":1000,"height":750,"caption":"Children\u2019s Furniture Set in Green: 3 Door Wardrobe, Bedside Table, Headboard, Shelving Unit \u2013 Luddo 28"},{"@type":"BreadcrumbList","@id":"https:\/\/donbaraton.es\/en\/p\/childrens-furniture-set-3-door-wardrobe-bedside-table-headboard-shelving-unit-luddo\/#breadcrumb","itemListElement":[{"@type":"ListItem","position":1,"name":"Portada","item":"https:\/\/donbaraton.es\/en\/"},{"@type":"ListItem","position":2,"name":"Online Shop","item":"https:\/\/donbaraton.es\/en\/shop\/"},{"@type":"ListItem","position":3,"name":"Children\u2019s Furniture Set: 3 Door Wardrobe, Bedside Table, Headboard, Shelving Unit \u2013 Luddo 28"}]},{"@type":"WebSite","@id":"https:\/\/donbaraton.es\/#website","url":"https:\/\/donbaraton.es\/","name":"Don Baraton: tienda de sof\u00e1s, muebles y colchones","description":"Sofas baratos desde el almac\u00e9n en Almorad\u00ed, Alicante","publisher":{"@id":"https:\/\/donbaraton.es\/#organization"},"potentialAction":[{"@type":"SearchAction","target":{"@type":"EntryPoint","urlTemplate":"https:\/\/donbaraton.es\/?s={search_term_string}"},"query-input":{"@type":"PropertyValueSpecification","valueRequired":true,"valueName":"search_term_string"}}],"inLanguage":"en-GB"},{"@type":"Organization","@id":"https:\/\/donbaraton.es\/#organization","name":"Don Baraton","url":"https:\/\/donbaraton.es\/","logo":{"@type":"ImageObject","inLanguage":"en-GB","@id":"https:\/\/donbaraton.es\/#\/schema\/logo\/image\/","url":"https:\/\/i0.wp.com\/donbaraton.es\/wp-content\/uploads\/2016\/11\/logo_don_baraton.png?fit=228%2C110&ssl=1","contentUrl":"https:\/\/i0.wp.com\/donbaraton.es\/wp-content\/uploads\/2016\/11\/logo_don_baraton.png?fit=228%2C110&ssl=1","width":228,"height":110,"caption":"Don Baraton"},"image":{"@id":"https:\/\/donbaraton.es\/#\/schema\/logo\/image\/"},"sameAs":["https:\/\/www.facebook.com\/donbaraton.es","https:\/\/x.com\/don_baraton","https:\/\/www.instagram.com\/donbaraton.es","https:\/\/www.linkedin.com\/company\/donbaraton\/","https:\/\/es.pinterest.com\/donbaraton\/","https:\/\/www.youtube.com\/channel\/UCL02HOwx-F759Jq5MedAZfQ"]}]}},"_links":{"self":[{"href":"https:\/\/donbaraton.es\/en\/wp-json\/wp\/v2\/product\/21534","targetHints":{"allow":["GET"]}}],"collection":[{"href":"https:\/\/donbaraton.es\/en\/wp-json\/wp\/v2\/product"}],"about":[{"href":"https:\/\/donbaraton.es\/en\/wp-json\/wp\/v2\/types\/product"}],"replies":[{"embeddable":true,"href":"https:\/\/donbaraton.es\/en\/wp-json\/wp\/v2\/comments?post=21534"}],"wp:featuredmedia":[{"embeddable":true,"href":"https:\/\/donbaraton.es\/en\/wp-json\/wp\/v2\/media\/20777"}],"wp:attachment":[{"href":"https:\/\/donbaraton.es\/en\/wp-json\/wp\/v2\/media?parent=21534"}],"wp:term":[{"taxonomy":"product_brand","embeddable":true,"href":"https:\/\/donbaraton.es\/en\/wp-json\/wp\/v2\/product_brand?post=21534"},{"taxonomy":"product_cat","embeddable":true,"href":"https:\/\/donbaraton.es\/en\/wp-json\/wp\/v2\/product_cat?post=21534"},{"taxonomy":"product_tag","embeddable":true,"href":"https:\/\/donbaraton.es\/en\/wp-json\/wp\/v2\/product_tag?post=21534"}],"curies":[{"name":"wp","href":"https:\/\/api.w.org\/{rel}","templated":true}]}}