{"id":21564,"date":"2019-11-29T20:37:36","date_gmt":"2019-11-29T19:37:36","guid":{"rendered":"https:\/\/donbaraton.es\/p\/leather-chaise-longue-sofa-with-reclining-headrests-vienna\/"},"modified":"2019-11-29T23:19:09","modified_gmt":"2019-11-29T22:19:09","slug":"leather-chaise-longue-sofa-with-reclining-headrests-vienna","status":"publish","type":"product","link":"https:\/\/donbaraton.es\/en\/p\/leather-chaise-longue-sofa-with-reclining-headrests-vienna\/","title":{"rendered":"Leather Corner Sofa with Pull-out Bed, Storage, Reclining Headrests \u2013 Vienna"},"content":{"rendered":"<p><strong>Leather Corner Sofa with Pull-out Bed, Storage, Reclining Headrests \u2013 Vienna<\/strong><\/p>\n<p>Upholstered in high quality black real leather. Corner on the left side.<\/p>\n<p><strong>Dimensions:<\/strong> length 274 cm, length of the shorter part 206 cm, height (with headrests up) 95 cm, depth 101 cm. <strong>Dimensions of the bed:<\/strong> 130 x 192 cm<\/p>\n","protected":false},"excerpt":{"rendered":"<ul>\n<li>High quality black leather<\/li>\n<li>Pull-out bed 130 x 192 cm<\/li>\n<li>3 reclining headrests<\/li>\n<li>Storage under the seat<\/li>\n<li>Inclined armrest cushion<\/li>\n<li>Corner on the left (viewing front)<\/li>\n<\/ul>\n<p><strong>Dimensions:<\/strong> length 274 cm, length of the corner part 206 cm, height 95 cm, depth 101 cm<\/p>\n","protected":false},"featured_media":21550,"comment_status":"open","ping_status":"closed","template":"","meta":{"_et_pb_use_builder":"","_et_pb_old_content":"","_et_gb_content_width":""},"product_brand":[],"product_cat":[108,41,35],"product_tag":[],"class_list":{"0":"post-21564","1":"product","2":"type-product","3":"status-publish","4":"has-post-thumbnail","6":"product_cat-corner-sofas","7":"product_cat-sofa-beds","8":"product_cat-sofas-en","9":"product_shipping_class-articulos-pesados","10":"pa_lado-left","11":"pa_largo-sofas-251-300-cm-en","12":"pa_material-leather","13":"pa_muelles-sinuous-springs","14":"pa_plazas-4-seater-sofas","16":"first","17":"outofstock","18":"sale","19":"taxable","20":"shipping-taxable","21":"purchasable","22":"product-type-simple"},"yoast_head":"<!-- This site is optimized with the Yoast SEO plugin v27.2 - https:\/\/yoast.com\/product\/yoast-seo-wordpress\/ -->\n<title>Leather Corner Sofa with Pull-out Bed, Storage, Reclining Headrests \u2013 Vienna - Don Baraton: tienda de sof\u00e1s, muebles y colchones<\/title>\n<meta name=\"robots\" content=\"index, follow, max-snippet:-1, max-image-preview:large, max-video-preview:-1\" \/>\n<link rel=\"canonical\" href=\"https:\/\/donbaraton.es\/en\/p\/leather-chaise-longue-sofa-with-reclining-headrests-vienna\/\" \/>\n<meta property=\"og:locale\" content=\"en_GB\" \/>\n<meta property=\"og:type\" content=\"article\" \/>\n<meta property=\"og:title\" content=\"Leather Corner Sofa with Pull-out Bed, Storage, Reclining Headrests \u2013 Vienna - Don Baraton: tienda de sof\u00e1s, muebles y colchones\" \/>\n<meta property=\"og:description\" content=\"High quality black leather  Pull-out bed 130 x 192 cm  3 reclining headrests  Storage under the seat  Inclined armrest cushion  Corner on the left (viewing front)  Dimensions: length 274 cm, length of the corner part 206 cm, height 95 cm, depth 101 cm\" \/>\n<meta property=\"og:url\" content=\"https:\/\/donbaraton.es\/en\/p\/leather-chaise-longue-sofa-with-reclining-headrests-vienna\/\" \/>\n<meta property=\"og:site_name\" content=\"Don Baraton: tienda de sof\u00e1s, muebles y colchones\" \/>\n<meta property=\"article:publisher\" content=\"https:\/\/www.facebook.com\/donbaraton.es\" \/>\n<meta property=\"article:modified_time\" content=\"2019-11-29T22:19:09+00:00\" \/>\n<meta property=\"og:image\" content=\"https:\/\/i1.wp.com\/donbaraton.es\/wp-content\/uploads\/2019\/11\/Sof\u00e1-rinconera-piel-aut\u00e9ntica-con-cama-arc\u00f3n-reposacabezas-reclinables.-Negro-izquierda.-Modelo-Vienna.jpg?fit=1000%2C750&ssl=1\" \/>\n\t<meta property=\"og:image:width\" content=\"1000\" \/>\n\t<meta property=\"og:image:height\" content=\"750\" \/>\n\t<meta property=\"og:image:type\" content=\"image\/jpeg\" \/>\n<meta name=\"twitter:card\" content=\"summary_large_image\" \/>\n<meta name=\"twitter:site\" content=\"@don_baraton\" \/>\n<script type=\"application\/ld+json\" class=\"yoast-schema-graph\">{\"@context\":\"https:\/\/schema.org\",\"@graph\":[{\"@type\":\"WebPage\",\"@id\":\"https:\/\/donbaraton.es\/en\/p\/leather-chaise-longue-sofa-with-reclining-headrests-vienna\/\",\"url\":\"https:\/\/donbaraton.es\/en\/p\/leather-chaise-longue-sofa-with-reclining-headrests-vienna\/\",\"name\":\"Leather Corner Sofa with Pull-out Bed, Storage, Reclining Headrests \u2013 Vienna - Don Baraton: tienda de sof\u00e1s, muebles y colchones\",\"isPartOf\":{\"@id\":\"https:\/\/donbaraton.es\/#website\"},\"primaryImageOfPage\":{\"@id\":\"https:\/\/donbaraton.es\/en\/p\/leather-chaise-longue-sofa-with-reclining-headrests-vienna\/#primaryimage\"},\"image\":{\"@id\":\"https:\/\/donbaraton.es\/en\/p\/leather-chaise-longue-sofa-with-reclining-headrests-vienna\/#primaryimage\"},\"thumbnailUrl\":\"https:\/\/donbaraton.es\/wp-content\/uploads\/2019\/11\/Sof\u00e1-rinconera-piel-aut\u00e9ntica-con-cama-arc\u00f3n-reposacabezas-reclinables.-Negro-izquierda.-Modelo-Vienna.jpg\",\"datePublished\":\"2019-11-29T19:37:36+00:00\",\"dateModified\":\"2019-11-29T22:19:09+00:00\",\"breadcrumb\":{\"@id\":\"https:\/\/donbaraton.es\/en\/p\/leather-chaise-longue-sofa-with-reclining-headrests-vienna\/#breadcrumb\"},\"inLanguage\":\"en-GB\",\"potentialAction\":[{\"@type\":\"ReadAction\",\"target\":[\"https:\/\/donbaraton.es\/en\/p\/leather-chaise-longue-sofa-with-reclining-headrests-vienna\/\"]}]},{\"@type\":\"ImageObject\",\"inLanguage\":\"en-GB\",\"@id\":\"https:\/\/donbaraton.es\/en\/p\/leather-chaise-longue-sofa-with-reclining-headrests-vienna\/#primaryimage\",\"url\":\"https:\/\/donbaraton.es\/wp-content\/uploads\/2019\/11\/Sof\u00e1-rinconera-piel-aut\u00e9ntica-con-cama-arc\u00f3n-reposacabezas-reclinables.-Negro-izquierda.-Modelo-Vienna.jpg\",\"contentUrl\":\"https:\/\/donbaraton.es\/wp-content\/uploads\/2019\/11\/Sof\u00e1-rinconera-piel-aut\u00e9ntica-con-cama-arc\u00f3n-reposacabezas-reclinables.-Negro-izquierda.-Modelo-Vienna.jpg\",\"width\":1000,\"height\":750,\"caption\":\"Leather Corner Sofa with Pull-out Bed, Storage, Reclining Headrests \u2013 Vienna. Black, Left\"},{\"@type\":\"BreadcrumbList\",\"@id\":\"https:\/\/donbaraton.es\/en\/p\/leather-chaise-longue-sofa-with-reclining-headrests-vienna\/#breadcrumb\",\"itemListElement\":[{\"@type\":\"ListItem\",\"position\":1,\"name\":\"Portada\",\"item\":\"https:\/\/donbaraton.es\/en\/\"},{\"@type\":\"ListItem\",\"position\":2,\"name\":\"Online Shop\",\"item\":\"https:\/\/donbaraton.es\/en\/shop\/\"},{\"@type\":\"ListItem\",\"position\":3,\"name\":\"Leather Corner Sofa with Pull-out Bed, Storage, Reclining Headrests \u2013 Vienna\"}]},{\"@type\":\"WebSite\",\"@id\":\"https:\/\/donbaraton.es\/#website\",\"url\":\"https:\/\/donbaraton.es\/\",\"name\":\"Don Baraton: tienda de sof\u00e1s, muebles y colchones\",\"description\":\"Sofas baratos desde el almac\u00e9n en Almorad\u00ed, Alicante\",\"publisher\":{\"@id\":\"https:\/\/donbaraton.es\/#organization\"},\"potentialAction\":[{\"@type\":\"SearchAction\",\"target\":{\"@type\":\"EntryPoint\",\"urlTemplate\":\"https:\/\/donbaraton.es\/?s={search_term_string}\"},\"query-input\":{\"@type\":\"PropertyValueSpecification\",\"valueRequired\":true,\"valueName\":\"search_term_string\"}}],\"inLanguage\":\"en-GB\"},{\"@type\":\"Organization\",\"@id\":\"https:\/\/donbaraton.es\/#organization\",\"name\":\"Don Baraton\",\"url\":\"https:\/\/donbaraton.es\/\",\"logo\":{\"@type\":\"ImageObject\",\"inLanguage\":\"en-GB\",\"@id\":\"https:\/\/donbaraton.es\/#\/schema\/logo\/image\/\",\"url\":\"https:\/\/i0.wp.com\/donbaraton.es\/wp-content\/uploads\/2016\/11\/logo_don_baraton.png?fit=228%2C110&ssl=1\",\"contentUrl\":\"https:\/\/i0.wp.com\/donbaraton.es\/wp-content\/uploads\/2016\/11\/logo_don_baraton.png?fit=228%2C110&ssl=1\",\"width\":228,\"height\":110,\"caption\":\"Don Baraton\"},\"image\":{\"@id\":\"https:\/\/donbaraton.es\/#\/schema\/logo\/image\/\"},\"sameAs\":[\"https:\/\/www.facebook.com\/donbaraton.es\",\"https:\/\/x.com\/don_baraton\",\"https:\/\/www.instagram.com\/donbaraton.es\",\"https:\/\/www.linkedin.com\/company\/donbaraton\/\",\"https:\/\/es.pinterest.com\/donbaraton\/\",\"https:\/\/www.youtube.com\/channel\/UCL02HOwx-F759Jq5MedAZfQ\"]}]}<\/script>\n<!-- \/ Yoast SEO plugin. -->","yoast_head_json":{"title":"Leather Corner Sofa with Pull-out Bed, Storage, Reclining Headrests \u2013 Vienna - Don Baraton: tienda de sof\u00e1s, muebles y colchones","robots":{"index":"index","follow":"follow","max-snippet":"max-snippet:-1","max-image-preview":"max-image-preview:large","max-video-preview":"max-video-preview:-1"},"canonical":"https:\/\/donbaraton.es\/en\/p\/leather-chaise-longue-sofa-with-reclining-headrests-vienna\/","og_locale":"en_GB","og_type":"article","og_title":"Leather Corner Sofa with Pull-out Bed, Storage, Reclining Headrests \u2013 Vienna - Don Baraton: tienda de sof\u00e1s, muebles y colchones","og_description":"High quality black leather  Pull-out bed 130 x 192 cm  3 reclining headrests  Storage under the seat  Inclined armrest cushion  Corner on the left (viewing front)  Dimensions: length 274 cm, length of the corner part 206 cm, height 95 cm, depth 101 cm","og_url":"https:\/\/donbaraton.es\/en\/p\/leather-chaise-longue-sofa-with-reclining-headrests-vienna\/","og_site_name":"Don Baraton: tienda de sof\u00e1s, muebles y colchones","article_publisher":"https:\/\/www.facebook.com\/donbaraton.es","article_modified_time":"2019-11-29T22:19:09+00:00","og_image":[{"width":1000,"height":750,"url":"https:\/\/i1.wp.com\/donbaraton.es\/wp-content\/uploads\/2019\/11\/Sof\u00e1-rinconera-piel-aut\u00e9ntica-con-cama-arc\u00f3n-reposacabezas-reclinables.-Negro-izquierda.-Modelo-Vienna.jpg?fit=1000%2C750&ssl=1","type":"image\/jpeg"}],"twitter_card":"summary_large_image","twitter_site":"@don_baraton","schema":{"@context":"https:\/\/schema.org","@graph":[{"@type":"WebPage","@id":"https:\/\/donbaraton.es\/en\/p\/leather-chaise-longue-sofa-with-reclining-headrests-vienna\/","url":"https:\/\/donbaraton.es\/en\/p\/leather-chaise-longue-sofa-with-reclining-headrests-vienna\/","name":"Leather Corner Sofa with Pull-out Bed, Storage, Reclining Headrests \u2013 Vienna - Don Baraton: tienda de sof\u00e1s, muebles y colchones","isPartOf":{"@id":"https:\/\/donbaraton.es\/#website"},"primaryImageOfPage":{"@id":"https:\/\/donbaraton.es\/en\/p\/leather-chaise-longue-sofa-with-reclining-headrests-vienna\/#primaryimage"},"image":{"@id":"https:\/\/donbaraton.es\/en\/p\/leather-chaise-longue-sofa-with-reclining-headrests-vienna\/#primaryimage"},"thumbnailUrl":"https:\/\/donbaraton.es\/wp-content\/uploads\/2019\/11\/Sof\u00e1-rinconera-piel-aut\u00e9ntica-con-cama-arc\u00f3n-reposacabezas-reclinables.-Negro-izquierda.-Modelo-Vienna.jpg","datePublished":"2019-11-29T19:37:36+00:00","dateModified":"2019-11-29T22:19:09+00:00","breadcrumb":{"@id":"https:\/\/donbaraton.es\/en\/p\/leather-chaise-longue-sofa-with-reclining-headrests-vienna\/#breadcrumb"},"inLanguage":"en-GB","potentialAction":[{"@type":"ReadAction","target":["https:\/\/donbaraton.es\/en\/p\/leather-chaise-longue-sofa-with-reclining-headrests-vienna\/"]}]},{"@type":"ImageObject","inLanguage":"en-GB","@id":"https:\/\/donbaraton.es\/en\/p\/leather-chaise-longue-sofa-with-reclining-headrests-vienna\/#primaryimage","url":"https:\/\/donbaraton.es\/wp-content\/uploads\/2019\/11\/Sof\u00e1-rinconera-piel-aut\u00e9ntica-con-cama-arc\u00f3n-reposacabezas-reclinables.-Negro-izquierda.-Modelo-Vienna.jpg","contentUrl":"https:\/\/donbaraton.es\/wp-content\/uploads\/2019\/11\/Sof\u00e1-rinconera-piel-aut\u00e9ntica-con-cama-arc\u00f3n-reposacabezas-reclinables.-Negro-izquierda.-Modelo-Vienna.jpg","width":1000,"height":750,"caption":"Leather Corner Sofa with Pull-out Bed, Storage, Reclining Headrests \u2013 Vienna. Black, Left"},{"@type":"BreadcrumbList","@id":"https:\/\/donbaraton.es\/en\/p\/leather-chaise-longue-sofa-with-reclining-headrests-vienna\/#breadcrumb","itemListElement":[{"@type":"ListItem","position":1,"name":"Portada","item":"https:\/\/donbaraton.es\/en\/"},{"@type":"ListItem","position":2,"name":"Online Shop","item":"https:\/\/donbaraton.es\/en\/shop\/"},{"@type":"ListItem","position":3,"name":"Leather Corner Sofa with Pull-out Bed, Storage, Reclining Headrests \u2013 Vienna"}]},{"@type":"WebSite","@id":"https:\/\/donbaraton.es\/#website","url":"https:\/\/donbaraton.es\/","name":"Don Baraton: tienda de sof\u00e1s, muebles y colchones","description":"Sofas baratos desde el almac\u00e9n en Almorad\u00ed, Alicante","publisher":{"@id":"https:\/\/donbaraton.es\/#organization"},"potentialAction":[{"@type":"SearchAction","target":{"@type":"EntryPoint","urlTemplate":"https:\/\/donbaraton.es\/?s={search_term_string}"},"query-input":{"@type":"PropertyValueSpecification","valueRequired":true,"valueName":"search_term_string"}}],"inLanguage":"en-GB"},{"@type":"Organization","@id":"https:\/\/donbaraton.es\/#organization","name":"Don Baraton","url":"https:\/\/donbaraton.es\/","logo":{"@type":"ImageObject","inLanguage":"en-GB","@id":"https:\/\/donbaraton.es\/#\/schema\/logo\/image\/","url":"https:\/\/i0.wp.com\/donbaraton.es\/wp-content\/uploads\/2016\/11\/logo_don_baraton.png?fit=228%2C110&ssl=1","contentUrl":"https:\/\/i0.wp.com\/donbaraton.es\/wp-content\/uploads\/2016\/11\/logo_don_baraton.png?fit=228%2C110&ssl=1","width":228,"height":110,"caption":"Don Baraton"},"image":{"@id":"https:\/\/donbaraton.es\/#\/schema\/logo\/image\/"},"sameAs":["https:\/\/www.facebook.com\/donbaraton.es","https:\/\/x.com\/don_baraton","https:\/\/www.instagram.com\/donbaraton.es","https:\/\/www.linkedin.com\/company\/donbaraton\/","https:\/\/es.pinterest.com\/donbaraton\/","https:\/\/www.youtube.com\/channel\/UCL02HOwx-F759Jq5MedAZfQ"]}]}},"_links":{"self":[{"href":"https:\/\/donbaraton.es\/en\/wp-json\/wp\/v2\/product\/21564","targetHints":{"allow":["GET"]}}],"collection":[{"href":"https:\/\/donbaraton.es\/en\/wp-json\/wp\/v2\/product"}],"about":[{"href":"https:\/\/donbaraton.es\/en\/wp-json\/wp\/v2\/types\/product"}],"replies":[{"embeddable":true,"href":"https:\/\/donbaraton.es\/en\/wp-json\/wp\/v2\/comments?post=21564"}],"wp:featuredmedia":[{"embeddable":true,"href":"https:\/\/donbaraton.es\/en\/wp-json\/wp\/v2\/media\/21550"}],"wp:attachment":[{"href":"https:\/\/donbaraton.es\/en\/wp-json\/wp\/v2\/media?parent=21564"}],"wp:term":[{"taxonomy":"product_brand","embeddable":true,"href":"https:\/\/donbaraton.es\/en\/wp-json\/wp\/v2\/product_brand?post=21564"},{"taxonomy":"product_cat","embeddable":true,"href":"https:\/\/donbaraton.es\/en\/wp-json\/wp\/v2\/product_cat?post=21564"},{"taxonomy":"product_tag","embeddable":true,"href":"https:\/\/donbaraton.es\/en\/wp-json\/wp\/v2\/product_tag?post=21564"}],"curies":[{"name":"wp","href":"https:\/\/api.w.org\/{rel}","templated":true}]}}