{"id":21628,"date":"2019-11-30T15:29:53","date_gmt":"2019-11-30T14:29:53","guid":{"rendered":"https:\/\/donbaraton.es\/p\/leather-chaise-longue-sofa-electric-reclining-seat-texas\/"},"modified":"2019-12-01T04:55:28","modified_gmt":"2019-12-01T03:55:28","slug":"leather-chaise-longue-sofa-electric-reclining-seat-texas","status":"publish","type":"product","link":"https:\/\/donbaraton.es\/en\/p\/leather-chaise-longue-sofa-electric-reclining-seat-texas\/","title":{"rendered":"Leather Chaise Longue Sofa with Electric Reclining Seat &#8211; Texas"},"content":{"rendered":"<p><strong>Leather Chaise Longue Sofa with Electric Reclining Seat &#8211; Texas<\/strong><\/p>\n<p>Fantastic sofa with one fixed chaise longue and one electric relining seat upholstered in high quality real leather.<\/p>\n<p><strong>Dimensions:<\/strong> length 257 cm, fixed chaise longue 160 cm, width of the fixed chiase longue 90 cm, length of the extended reclining seat 142 cm, height (with headrests up) 97 cm, height (with headrests down) 75 cm, depth 96 cm<\/p>\n","protected":false},"excerpt":{"rendered":"<ul>\n<li>Real high quality leather<\/li>\n<li>Warm grey colour<\/li>\n<li>Left side fixed chaise longue<\/li>\n<li>Right side electric reclining seat<\/li>\n<li>Adjustable headrests<\/li>\n<li>Inclined metal legs<\/li>\n<\/ul>\n<p><strong>Dimensions:<\/strong> length 257 cm, chaise longue 160 cm, height 97 cm, depth 96 cm<\/p>\n","protected":false},"featured_media":21570,"comment_status":"open","ping_status":"closed","template":"","meta":{"_et_pb_use_builder":"","_et_pb_old_content":"","_et_gb_content_width":""},"product_brand":[],"product_cat":[45,35],"product_tag":[],"class_list":{"0":"post-21628","1":"product","2":"type-product","3":"status-publish","4":"has-post-thumbnail","6":"product_cat-chaise-longue-sofas","7":"product_cat-sofas-en","8":"product_shipping_class-articulos-pesados","9":"pa_lado-left","10":"pa_largo-sofas-251-300-cm-en","11":"pa_material-leather","12":"pa_muelles-sinuous-springs","13":"pa_plazas-3-seater-sofas","15":"first","16":"outofstock","17":"sale","18":"taxable","19":"shipping-taxable","20":"purchasable","21":"product-type-simple"},"yoast_head":"<!-- This site is optimized with the Yoast SEO plugin v27.2 - https:\/\/yoast.com\/product\/yoast-seo-wordpress\/ -->\n<title>Leather Chaise Longue Sofa with Electric Reclining Seat - Texas - Don Baraton: tienda de sof\u00e1s, muebles y colchones<\/title>\n<meta name=\"robots\" content=\"index, follow, max-snippet:-1, max-image-preview:large, max-video-preview:-1\" \/>\n<link rel=\"canonical\" href=\"https:\/\/donbaraton.es\/en\/p\/leather-chaise-longue-sofa-electric-reclining-seat-texas\/\" \/>\n<meta property=\"og:locale\" content=\"en_GB\" \/>\n<meta property=\"og:type\" content=\"article\" \/>\n<meta property=\"og:title\" content=\"Leather Chaise Longue Sofa with Electric Reclining Seat - Texas - Don Baraton: tienda de sof\u00e1s, muebles y colchones\" \/>\n<meta property=\"og:description\" content=\"Real high quality leather  Warm grey colour  Left side fixed chaise longue  Right side electric reclining seat  Adjustable headrests  Inclined metal legs  Dimensions: length 257 cm, chaise longue 160 cm, height 97 cm, depth 96 cm\" \/>\n<meta property=\"og:url\" content=\"https:\/\/donbaraton.es\/en\/p\/leather-chaise-longue-sofa-electric-reclining-seat-texas\/\" \/>\n<meta property=\"og:site_name\" content=\"Don Baraton: tienda de sof\u00e1s, muebles y colchones\" \/>\n<meta property=\"article:publisher\" content=\"https:\/\/www.facebook.com\/donbaraton.es\" \/>\n<meta property=\"article:modified_time\" content=\"2019-12-01T03:55:28+00:00\" \/>\n<meta property=\"og:image\" content=\"https:\/\/i0.wp.com\/donbaraton.es\/wp-content\/uploads\/2019\/11\/Sof\u00e1-chaise-longue-en-piel-aut\u00e9ntica-asiento-relax-el\u00e9ctrico.-Color-gris-c\u00e1lido-Texas.jpg?fit=1000%2C750&ssl=1\" \/>\n\t<meta property=\"og:image:width\" content=\"1000\" \/>\n\t<meta property=\"og:image:height\" content=\"750\" \/>\n\t<meta property=\"og:image:type\" content=\"image\/jpeg\" \/>\n<meta name=\"twitter:card\" content=\"summary_large_image\" \/>\n<meta name=\"twitter:site\" content=\"@don_baraton\" \/>\n<script type=\"application\/ld+json\" class=\"yoast-schema-graph\">{\"@context\":\"https:\/\/schema.org\",\"@graph\":[{\"@type\":\"WebPage\",\"@id\":\"https:\/\/donbaraton.es\/en\/p\/leather-chaise-longue-sofa-electric-reclining-seat-texas\/\",\"url\":\"https:\/\/donbaraton.es\/en\/p\/leather-chaise-longue-sofa-electric-reclining-seat-texas\/\",\"name\":\"Leather Chaise Longue Sofa with Electric Reclining Seat - Texas - Don Baraton: tienda de sof\u00e1s, muebles y colchones\",\"isPartOf\":{\"@id\":\"https:\/\/donbaraton.es\/#website\"},\"primaryImageOfPage\":{\"@id\":\"https:\/\/donbaraton.es\/en\/p\/leather-chaise-longue-sofa-electric-reclining-seat-texas\/#primaryimage\"},\"image\":{\"@id\":\"https:\/\/donbaraton.es\/en\/p\/leather-chaise-longue-sofa-electric-reclining-seat-texas\/#primaryimage\"},\"thumbnailUrl\":\"https:\/\/donbaraton.es\/wp-content\/uploads\/2019\/11\/Sof\u00e1-chaise-longue-en-piel-aut\u00e9ntica-asiento-relax-el\u00e9ctrico.-Color-gris-c\u00e1lido-Texas.jpg\",\"datePublished\":\"2019-11-30T14:29:53+00:00\",\"dateModified\":\"2019-12-01T03:55:28+00:00\",\"breadcrumb\":{\"@id\":\"https:\/\/donbaraton.es\/en\/p\/leather-chaise-longue-sofa-electric-reclining-seat-texas\/#breadcrumb\"},\"inLanguage\":\"en-GB\",\"potentialAction\":[{\"@type\":\"ReadAction\",\"target\":[\"https:\/\/donbaraton.es\/en\/p\/leather-chaise-longue-sofa-electric-reclining-seat-texas\/\"]}]},{\"@type\":\"ImageObject\",\"inLanguage\":\"en-GB\",\"@id\":\"https:\/\/donbaraton.es\/en\/p\/leather-chaise-longue-sofa-electric-reclining-seat-texas\/#primaryimage\",\"url\":\"https:\/\/donbaraton.es\/wp-content\/uploads\/2019\/11\/Sof\u00e1-chaise-longue-en-piel-aut\u00e9ntica-asiento-relax-el\u00e9ctrico.-Color-gris-c\u00e1lido-Texas.jpg\",\"contentUrl\":\"https:\/\/donbaraton.es\/wp-content\/uploads\/2019\/11\/Sof\u00e1-chaise-longue-en-piel-aut\u00e9ntica-asiento-relax-el\u00e9ctrico.-Color-gris-c\u00e1lido-Texas.jpg\",\"width\":1000,\"height\":750,\"caption\":\"Leather Chaise Longue Sofa with Electric Reclining Seat. Warm Grey Colour. Left Side Chaise Longue - Texas\"},{\"@type\":\"BreadcrumbList\",\"@id\":\"https:\/\/donbaraton.es\/en\/p\/leather-chaise-longue-sofa-electric-reclining-seat-texas\/#breadcrumb\",\"itemListElement\":[{\"@type\":\"ListItem\",\"position\":1,\"name\":\"Portada\",\"item\":\"https:\/\/donbaraton.es\/en\/\"},{\"@type\":\"ListItem\",\"position\":2,\"name\":\"Online Shop\",\"item\":\"https:\/\/donbaraton.es\/en\/shop\/\"},{\"@type\":\"ListItem\",\"position\":3,\"name\":\"Leather Chaise Longue Sofa with Electric Reclining Seat &#8211; Texas\"}]},{\"@type\":\"WebSite\",\"@id\":\"https:\/\/donbaraton.es\/#website\",\"url\":\"https:\/\/donbaraton.es\/\",\"name\":\"Don Baraton: tienda de sof\u00e1s, muebles y colchones\",\"description\":\"Sofas baratos desde el almac\u00e9n en Almorad\u00ed, Alicante\",\"publisher\":{\"@id\":\"https:\/\/donbaraton.es\/#organization\"},\"potentialAction\":[{\"@type\":\"SearchAction\",\"target\":{\"@type\":\"EntryPoint\",\"urlTemplate\":\"https:\/\/donbaraton.es\/?s={search_term_string}\"},\"query-input\":{\"@type\":\"PropertyValueSpecification\",\"valueRequired\":true,\"valueName\":\"search_term_string\"}}],\"inLanguage\":\"en-GB\"},{\"@type\":\"Organization\",\"@id\":\"https:\/\/donbaraton.es\/#organization\",\"name\":\"Don Baraton\",\"url\":\"https:\/\/donbaraton.es\/\",\"logo\":{\"@type\":\"ImageObject\",\"inLanguage\":\"en-GB\",\"@id\":\"https:\/\/donbaraton.es\/#\/schema\/logo\/image\/\",\"url\":\"https:\/\/i0.wp.com\/donbaraton.es\/wp-content\/uploads\/2016\/11\/logo_don_baraton.png?fit=228%2C110&ssl=1\",\"contentUrl\":\"https:\/\/i0.wp.com\/donbaraton.es\/wp-content\/uploads\/2016\/11\/logo_don_baraton.png?fit=228%2C110&ssl=1\",\"width\":228,\"height\":110,\"caption\":\"Don Baraton\"},\"image\":{\"@id\":\"https:\/\/donbaraton.es\/#\/schema\/logo\/image\/\"},\"sameAs\":[\"https:\/\/www.facebook.com\/donbaraton.es\",\"https:\/\/x.com\/don_baraton\",\"https:\/\/www.instagram.com\/donbaraton.es\",\"https:\/\/www.linkedin.com\/company\/donbaraton\/\",\"https:\/\/es.pinterest.com\/donbaraton\/\",\"https:\/\/www.youtube.com\/channel\/UCL02HOwx-F759Jq5MedAZfQ\"]}]}<\/script>\n<!-- \/ Yoast SEO plugin. -->","yoast_head_json":{"title":"Leather Chaise Longue Sofa with Electric Reclining Seat - Texas - Don Baraton: tienda de sof\u00e1s, muebles y colchones","robots":{"index":"index","follow":"follow","max-snippet":"max-snippet:-1","max-image-preview":"max-image-preview:large","max-video-preview":"max-video-preview:-1"},"canonical":"https:\/\/donbaraton.es\/en\/p\/leather-chaise-longue-sofa-electric-reclining-seat-texas\/","og_locale":"en_GB","og_type":"article","og_title":"Leather Chaise Longue Sofa with Electric Reclining Seat - Texas - Don Baraton: tienda de sof\u00e1s, muebles y colchones","og_description":"Real high quality leather  Warm grey colour  Left side fixed chaise longue  Right side electric reclining seat  Adjustable headrests  Inclined metal legs  Dimensions: length 257 cm, chaise longue 160 cm, height 97 cm, depth 96 cm","og_url":"https:\/\/donbaraton.es\/en\/p\/leather-chaise-longue-sofa-electric-reclining-seat-texas\/","og_site_name":"Don Baraton: tienda de sof\u00e1s, muebles y colchones","article_publisher":"https:\/\/www.facebook.com\/donbaraton.es","article_modified_time":"2019-12-01T03:55:28+00:00","og_image":[{"width":1000,"height":750,"url":"https:\/\/i0.wp.com\/donbaraton.es\/wp-content\/uploads\/2019\/11\/Sof\u00e1-chaise-longue-en-piel-aut\u00e9ntica-asiento-relax-el\u00e9ctrico.-Color-gris-c\u00e1lido-Texas.jpg?fit=1000%2C750&ssl=1","type":"image\/jpeg"}],"twitter_card":"summary_large_image","twitter_site":"@don_baraton","schema":{"@context":"https:\/\/schema.org","@graph":[{"@type":"WebPage","@id":"https:\/\/donbaraton.es\/en\/p\/leather-chaise-longue-sofa-electric-reclining-seat-texas\/","url":"https:\/\/donbaraton.es\/en\/p\/leather-chaise-longue-sofa-electric-reclining-seat-texas\/","name":"Leather Chaise Longue Sofa with Electric Reclining Seat - Texas - Don Baraton: tienda de sof\u00e1s, muebles y colchones","isPartOf":{"@id":"https:\/\/donbaraton.es\/#website"},"primaryImageOfPage":{"@id":"https:\/\/donbaraton.es\/en\/p\/leather-chaise-longue-sofa-electric-reclining-seat-texas\/#primaryimage"},"image":{"@id":"https:\/\/donbaraton.es\/en\/p\/leather-chaise-longue-sofa-electric-reclining-seat-texas\/#primaryimage"},"thumbnailUrl":"https:\/\/donbaraton.es\/wp-content\/uploads\/2019\/11\/Sof\u00e1-chaise-longue-en-piel-aut\u00e9ntica-asiento-relax-el\u00e9ctrico.-Color-gris-c\u00e1lido-Texas.jpg","datePublished":"2019-11-30T14:29:53+00:00","dateModified":"2019-12-01T03:55:28+00:00","breadcrumb":{"@id":"https:\/\/donbaraton.es\/en\/p\/leather-chaise-longue-sofa-electric-reclining-seat-texas\/#breadcrumb"},"inLanguage":"en-GB","potentialAction":[{"@type":"ReadAction","target":["https:\/\/donbaraton.es\/en\/p\/leather-chaise-longue-sofa-electric-reclining-seat-texas\/"]}]},{"@type":"ImageObject","inLanguage":"en-GB","@id":"https:\/\/donbaraton.es\/en\/p\/leather-chaise-longue-sofa-electric-reclining-seat-texas\/#primaryimage","url":"https:\/\/donbaraton.es\/wp-content\/uploads\/2019\/11\/Sof\u00e1-chaise-longue-en-piel-aut\u00e9ntica-asiento-relax-el\u00e9ctrico.-Color-gris-c\u00e1lido-Texas.jpg","contentUrl":"https:\/\/donbaraton.es\/wp-content\/uploads\/2019\/11\/Sof\u00e1-chaise-longue-en-piel-aut\u00e9ntica-asiento-relax-el\u00e9ctrico.-Color-gris-c\u00e1lido-Texas.jpg","width":1000,"height":750,"caption":"Leather Chaise Longue Sofa with Electric Reclining Seat. Warm Grey Colour. Left Side Chaise Longue - Texas"},{"@type":"BreadcrumbList","@id":"https:\/\/donbaraton.es\/en\/p\/leather-chaise-longue-sofa-electric-reclining-seat-texas\/#breadcrumb","itemListElement":[{"@type":"ListItem","position":1,"name":"Portada","item":"https:\/\/donbaraton.es\/en\/"},{"@type":"ListItem","position":2,"name":"Online Shop","item":"https:\/\/donbaraton.es\/en\/shop\/"},{"@type":"ListItem","position":3,"name":"Leather Chaise Longue Sofa with Electric Reclining Seat &#8211; Texas"}]},{"@type":"WebSite","@id":"https:\/\/donbaraton.es\/#website","url":"https:\/\/donbaraton.es\/","name":"Don Baraton: tienda de sof\u00e1s, muebles y colchones","description":"Sofas baratos desde el almac\u00e9n en Almorad\u00ed, Alicante","publisher":{"@id":"https:\/\/donbaraton.es\/#organization"},"potentialAction":[{"@type":"SearchAction","target":{"@type":"EntryPoint","urlTemplate":"https:\/\/donbaraton.es\/?s={search_term_string}"},"query-input":{"@type":"PropertyValueSpecification","valueRequired":true,"valueName":"search_term_string"}}],"inLanguage":"en-GB"},{"@type":"Organization","@id":"https:\/\/donbaraton.es\/#organization","name":"Don Baraton","url":"https:\/\/donbaraton.es\/","logo":{"@type":"ImageObject","inLanguage":"en-GB","@id":"https:\/\/donbaraton.es\/#\/schema\/logo\/image\/","url":"https:\/\/i0.wp.com\/donbaraton.es\/wp-content\/uploads\/2016\/11\/logo_don_baraton.png?fit=228%2C110&ssl=1","contentUrl":"https:\/\/i0.wp.com\/donbaraton.es\/wp-content\/uploads\/2016\/11\/logo_don_baraton.png?fit=228%2C110&ssl=1","width":228,"height":110,"caption":"Don Baraton"},"image":{"@id":"https:\/\/donbaraton.es\/#\/schema\/logo\/image\/"},"sameAs":["https:\/\/www.facebook.com\/donbaraton.es","https:\/\/x.com\/don_baraton","https:\/\/www.instagram.com\/donbaraton.es","https:\/\/www.linkedin.com\/company\/donbaraton\/","https:\/\/es.pinterest.com\/donbaraton\/","https:\/\/www.youtube.com\/channel\/UCL02HOwx-F759Jq5MedAZfQ"]}]}},"_links":{"self":[{"href":"https:\/\/donbaraton.es\/en\/wp-json\/wp\/v2\/product\/21628","targetHints":{"allow":["GET"]}}],"collection":[{"href":"https:\/\/donbaraton.es\/en\/wp-json\/wp\/v2\/product"}],"about":[{"href":"https:\/\/donbaraton.es\/en\/wp-json\/wp\/v2\/types\/product"}],"replies":[{"embeddable":true,"href":"https:\/\/donbaraton.es\/en\/wp-json\/wp\/v2\/comments?post=21628"}],"wp:featuredmedia":[{"embeddable":true,"href":"https:\/\/donbaraton.es\/en\/wp-json\/wp\/v2\/media\/21570"}],"wp:attachment":[{"href":"https:\/\/donbaraton.es\/en\/wp-json\/wp\/v2\/media?parent=21628"}],"wp:term":[{"taxonomy":"product_brand","embeddable":true,"href":"https:\/\/donbaraton.es\/en\/wp-json\/wp\/v2\/product_brand?post=21628"},{"taxonomy":"product_cat","embeddable":true,"href":"https:\/\/donbaraton.es\/en\/wp-json\/wp\/v2\/product_cat?post=21628"},{"taxonomy":"product_tag","embeddable":true,"href":"https:\/\/donbaraton.es\/en\/wp-json\/wp\/v2\/product_tag?post=21628"}],"curies":[{"name":"wp","href":"https:\/\/api.w.org\/{rel}","templated":true}]}}