{"id":21647,"date":"2021-02-13T01:48:42","date_gmt":"2019-12-01T17:48:42","guid":{"rendered":"https:\/\/donbaraton.es\/p\/small-modern-sofa-bed-side-cushions-armrests-cambridge\/"},"modified":"2021-06-14T19:12:17","modified_gmt":"2021-06-14T17:12:17","slug":"small-modern-sofa-bed-side-cushions-armrests-cambridge","status":"publish","type":"product","link":"https:\/\/donbaraton.es\/en\/p\/small-modern-sofa-bed-side-cushions-armrests-cambridge\/","title":{"rendered":"Small Modern Sofa Bed with Side Cushions (Armrests) \u2013 Cambridge"},"content":{"rendered":"<p><strong>Small Modern Sofa Bed with Side Cushions (Armrests) \u2013 Cambridge<\/strong><\/p>\n<p><strong>Dimensions:<\/strong> length 200 cm, depth 97 cm, height 90 cm. <strong>Dimensions of the bed:<\/strong> 140 x 200 cm<\/p>\n","protected":false},"excerpt":{"rendered":"<ul>\n<li>Modern design with wood colour inserts<\/li>\n<li>2 side cushions and 2 backrest cushions<\/li>\n<li>Bed 140 x 200 cm<\/li>\n<li>Bonnell springs<\/li>\n<li>Storage under the seat<\/li>\n<li>Upholstered in fabric (seat and backrest) and faux leather (sides)<\/li>\n<\/ul>\n<p><strong>Dimensions:<\/strong> length 200 cm, depth 97 cm, height 90 cm<\/p>\n","protected":false},"featured_media":21485,"comment_status":"open","ping_status":"closed","template":"","meta":{"_et_pb_use_builder":"","_et_pb_old_content":"","_et_gb_content_width":""},"product_brand":[],"product_cat":[41,35],"product_tag":[],"class_list":{"0":"post-21647","1":"product","2":"type-product","3":"status-publish","4":"has-post-thumbnail","6":"product_cat-sofa-beds","7":"product_cat-sofas-en","8":"product_shipping_class-articulos-pesados","9":"pa_largo-sofas-200-cm-less","10":"pa_material-fabric","11":"pa_material-faux-leather","12":"pa_muelles-bonnell-springs","13":"pa_plazas-2-seater-sofas","15":"first","16":"outofstock","17":"sale","18":"taxable","19":"shipping-taxable","20":"purchasable","21":"product-type-variable"},"yoast_head":"<!-- This site is optimized with the Yoast SEO plugin v27.2 - https:\/\/yoast.com\/product\/yoast-seo-wordpress\/ -->\n<title>Small Modern Sofa Bed with Side Cushions (Armrests) \u2013 Cambridge - Don Baraton: tienda de sof\u00e1s, muebles y colchones<\/title>\n<meta name=\"robots\" content=\"index, follow, max-snippet:-1, max-image-preview:large, max-video-preview:-1\" \/>\n<link rel=\"canonical\" href=\"https:\/\/donbaraton.es\/en\/p\/small-modern-sofa-bed-side-cushions-armrests-cambridge\/\" \/>\n<meta property=\"og:locale\" content=\"en_GB\" \/>\n<meta property=\"og:type\" content=\"article\" \/>\n<meta property=\"og:title\" content=\"Small Modern Sofa Bed with Side Cushions (Armrests) \u2013 Cambridge - Don Baraton: tienda de sof\u00e1s, muebles y colchones\" \/>\n<meta property=\"og:description\" content=\"Modern design with wood colour inserts  2 side cushions and 2 backrest cushions  Bed 140 x 200 cm  Bonnell springs  Storage under the seat  Upholstered in fabric (seat and backrest) and faux leather (sides)  Dimensions: length 200 cm, depth 97 cm, height 90 cm\" \/>\n<meta property=\"og:url\" content=\"https:\/\/donbaraton.es\/en\/p\/small-modern-sofa-bed-side-cushions-armrests-cambridge\/\" \/>\n<meta property=\"og:site_name\" content=\"Don Baraton: tienda de sof\u00e1s, muebles y colchones\" \/>\n<meta property=\"article:publisher\" content=\"https:\/\/www.facebook.com\/donbaraton.es\" \/>\n<meta property=\"article:modified_time\" content=\"2021-06-14T17:12:17+00:00\" \/>\n<meta property=\"og:image\" content=\"https:\/\/i0.wp.com\/donbaraton.es\/wp-content\/uploads\/2019\/11\/Sof\u00e1-cama-peque\u00f1o-moderno-con-cojines-laterales.-2-tonos-de-gris.-Cambridge.jpg?fit=1000%2C750&ssl=1\" \/>\n\t<meta property=\"og:image:width\" content=\"1000\" \/>\n\t<meta property=\"og:image:height\" content=\"750\" \/>\n\t<meta property=\"og:image:type\" content=\"image\/jpeg\" \/>\n<meta name=\"twitter:card\" content=\"summary_large_image\" \/>\n<meta name=\"twitter:site\" content=\"@don_baraton\" \/>\n<script type=\"application\/ld+json\" class=\"yoast-schema-graph\">{\"@context\":\"https:\/\/schema.org\",\"@graph\":[{\"@type\":\"WebPage\",\"@id\":\"https:\/\/donbaraton.es\/en\/p\/small-modern-sofa-bed-side-cushions-armrests-cambridge\/\",\"url\":\"https:\/\/donbaraton.es\/en\/p\/small-modern-sofa-bed-side-cushions-armrests-cambridge\/\",\"name\":\"Small Modern Sofa Bed with Side Cushions (Armrests) \u2013 Cambridge - Don Baraton: tienda de sof\u00e1s, muebles y colchones\",\"isPartOf\":{\"@id\":\"https:\/\/donbaraton.es\/#website\"},\"primaryImageOfPage\":{\"@id\":\"https:\/\/donbaraton.es\/en\/p\/small-modern-sofa-bed-side-cushions-armrests-cambridge\/#primaryimage\"},\"image\":{\"@id\":\"https:\/\/donbaraton.es\/en\/p\/small-modern-sofa-bed-side-cushions-armrests-cambridge\/#primaryimage\"},\"thumbnailUrl\":\"https:\/\/donbaraton.es\/wp-content\/uploads\/2019\/11\/Sof\u00e1-cama-peque\u00f1o-moderno-con-cojines-laterales.-2-tonos-de-gris.-Cambridge.jpg\",\"datePublished\":\"2019-12-01T17:48:42+00:00\",\"dateModified\":\"2021-06-14T17:12:17+00:00\",\"breadcrumb\":{\"@id\":\"https:\/\/donbaraton.es\/en\/p\/small-modern-sofa-bed-side-cushions-armrests-cambridge\/#breadcrumb\"},\"inLanguage\":\"en-GB\",\"potentialAction\":[{\"@type\":\"ReadAction\",\"target\":[\"https:\/\/donbaraton.es\/en\/p\/small-modern-sofa-bed-side-cushions-armrests-cambridge\/\"]}]},{\"@type\":\"ImageObject\",\"inLanguage\":\"en-GB\",\"@id\":\"https:\/\/donbaraton.es\/en\/p\/small-modern-sofa-bed-side-cushions-armrests-cambridge\/#primaryimage\",\"url\":\"https:\/\/donbaraton.es\/wp-content\/uploads\/2019\/11\/Sof\u00e1-cama-peque\u00f1o-moderno-con-cojines-laterales.-2-tonos-de-gris.-Cambridge.jpg\",\"contentUrl\":\"https:\/\/donbaraton.es\/wp-content\/uploads\/2019\/11\/Sof\u00e1-cama-peque\u00f1o-moderno-con-cojines-laterales.-2-tonos-de-gris.-Cambridge.jpg\",\"width\":1000,\"height\":750,\"caption\":\"Small Modern Sofa Bed with Side Cushions (Armrests) \u2013 Cambridge. 2 Tones of Grey\"},{\"@type\":\"BreadcrumbList\",\"@id\":\"https:\/\/donbaraton.es\/en\/p\/small-modern-sofa-bed-side-cushions-armrests-cambridge\/#breadcrumb\",\"itemListElement\":[{\"@type\":\"ListItem\",\"position\":1,\"name\":\"Portada\",\"item\":\"https:\/\/donbaraton.es\/en\/\"},{\"@type\":\"ListItem\",\"position\":2,\"name\":\"Online Shop\",\"item\":\"https:\/\/donbaraton.es\/en\/shop\/\"},{\"@type\":\"ListItem\",\"position\":3,\"name\":\"Small Modern Sofa Bed with Side Cushions (Armrests) \u2013 Cambridge\"}]},{\"@type\":\"WebSite\",\"@id\":\"https:\/\/donbaraton.es\/#website\",\"url\":\"https:\/\/donbaraton.es\/\",\"name\":\"Don Baraton: tienda de sof\u00e1s, muebles y colchones\",\"description\":\"Sofas baratos desde el almac\u00e9n en Almorad\u00ed, Alicante\",\"publisher\":{\"@id\":\"https:\/\/donbaraton.es\/#organization\"},\"potentialAction\":[{\"@type\":\"SearchAction\",\"target\":{\"@type\":\"EntryPoint\",\"urlTemplate\":\"https:\/\/donbaraton.es\/?s={search_term_string}\"},\"query-input\":{\"@type\":\"PropertyValueSpecification\",\"valueRequired\":true,\"valueName\":\"search_term_string\"}}],\"inLanguage\":\"en-GB\"},{\"@type\":\"Organization\",\"@id\":\"https:\/\/donbaraton.es\/#organization\",\"name\":\"Don Baraton\",\"url\":\"https:\/\/donbaraton.es\/\",\"logo\":{\"@type\":\"ImageObject\",\"inLanguage\":\"en-GB\",\"@id\":\"https:\/\/donbaraton.es\/#\/schema\/logo\/image\/\",\"url\":\"https:\/\/i0.wp.com\/donbaraton.es\/wp-content\/uploads\/2016\/11\/logo_don_baraton.png?fit=228%2C110&ssl=1\",\"contentUrl\":\"https:\/\/i0.wp.com\/donbaraton.es\/wp-content\/uploads\/2016\/11\/logo_don_baraton.png?fit=228%2C110&ssl=1\",\"width\":228,\"height\":110,\"caption\":\"Don Baraton\"},\"image\":{\"@id\":\"https:\/\/donbaraton.es\/#\/schema\/logo\/image\/\"},\"sameAs\":[\"https:\/\/www.facebook.com\/donbaraton.es\",\"https:\/\/x.com\/don_baraton\",\"https:\/\/www.instagram.com\/donbaraton.es\",\"https:\/\/www.linkedin.com\/company\/donbaraton\/\",\"https:\/\/es.pinterest.com\/donbaraton\/\",\"https:\/\/www.youtube.com\/channel\/UCL02HOwx-F759Jq5MedAZfQ\"]}]}<\/script>\n<!-- \/ Yoast SEO plugin. -->","yoast_head_json":{"title":"Small Modern Sofa Bed with Side Cushions (Armrests) \u2013 Cambridge - Don Baraton: tienda de sof\u00e1s, muebles y colchones","robots":{"index":"index","follow":"follow","max-snippet":"max-snippet:-1","max-image-preview":"max-image-preview:large","max-video-preview":"max-video-preview:-1"},"canonical":"https:\/\/donbaraton.es\/en\/p\/small-modern-sofa-bed-side-cushions-armrests-cambridge\/","og_locale":"en_GB","og_type":"article","og_title":"Small Modern Sofa Bed with Side Cushions (Armrests) \u2013 Cambridge - Don Baraton: tienda de sof\u00e1s, muebles y colchones","og_description":"Modern design with wood colour inserts  2 side cushions and 2 backrest cushions  Bed 140 x 200 cm  Bonnell springs  Storage under the seat  Upholstered in fabric (seat and backrest) and faux leather (sides)  Dimensions: length 200 cm, depth 97 cm, height 90 cm","og_url":"https:\/\/donbaraton.es\/en\/p\/small-modern-sofa-bed-side-cushions-armrests-cambridge\/","og_site_name":"Don Baraton: tienda de sof\u00e1s, muebles y colchones","article_publisher":"https:\/\/www.facebook.com\/donbaraton.es","article_modified_time":"2021-06-14T17:12:17+00:00","og_image":[{"width":1000,"height":750,"url":"https:\/\/i0.wp.com\/donbaraton.es\/wp-content\/uploads\/2019\/11\/Sof\u00e1-cama-peque\u00f1o-moderno-con-cojines-laterales.-2-tonos-de-gris.-Cambridge.jpg?fit=1000%2C750&ssl=1","type":"image\/jpeg"}],"twitter_card":"summary_large_image","twitter_site":"@don_baraton","schema":{"@context":"https:\/\/schema.org","@graph":[{"@type":"WebPage","@id":"https:\/\/donbaraton.es\/en\/p\/small-modern-sofa-bed-side-cushions-armrests-cambridge\/","url":"https:\/\/donbaraton.es\/en\/p\/small-modern-sofa-bed-side-cushions-armrests-cambridge\/","name":"Small Modern Sofa Bed with Side Cushions (Armrests) \u2013 Cambridge - Don Baraton: tienda de sof\u00e1s, muebles y colchones","isPartOf":{"@id":"https:\/\/donbaraton.es\/#website"},"primaryImageOfPage":{"@id":"https:\/\/donbaraton.es\/en\/p\/small-modern-sofa-bed-side-cushions-armrests-cambridge\/#primaryimage"},"image":{"@id":"https:\/\/donbaraton.es\/en\/p\/small-modern-sofa-bed-side-cushions-armrests-cambridge\/#primaryimage"},"thumbnailUrl":"https:\/\/donbaraton.es\/wp-content\/uploads\/2019\/11\/Sof\u00e1-cama-peque\u00f1o-moderno-con-cojines-laterales.-2-tonos-de-gris.-Cambridge.jpg","datePublished":"2019-12-01T17:48:42+00:00","dateModified":"2021-06-14T17:12:17+00:00","breadcrumb":{"@id":"https:\/\/donbaraton.es\/en\/p\/small-modern-sofa-bed-side-cushions-armrests-cambridge\/#breadcrumb"},"inLanguage":"en-GB","potentialAction":[{"@type":"ReadAction","target":["https:\/\/donbaraton.es\/en\/p\/small-modern-sofa-bed-side-cushions-armrests-cambridge\/"]}]},{"@type":"ImageObject","inLanguage":"en-GB","@id":"https:\/\/donbaraton.es\/en\/p\/small-modern-sofa-bed-side-cushions-armrests-cambridge\/#primaryimage","url":"https:\/\/donbaraton.es\/wp-content\/uploads\/2019\/11\/Sof\u00e1-cama-peque\u00f1o-moderno-con-cojines-laterales.-2-tonos-de-gris.-Cambridge.jpg","contentUrl":"https:\/\/donbaraton.es\/wp-content\/uploads\/2019\/11\/Sof\u00e1-cama-peque\u00f1o-moderno-con-cojines-laterales.-2-tonos-de-gris.-Cambridge.jpg","width":1000,"height":750,"caption":"Small Modern Sofa Bed with Side Cushions (Armrests) \u2013 Cambridge. 2 Tones of Grey"},{"@type":"BreadcrumbList","@id":"https:\/\/donbaraton.es\/en\/p\/small-modern-sofa-bed-side-cushions-armrests-cambridge\/#breadcrumb","itemListElement":[{"@type":"ListItem","position":1,"name":"Portada","item":"https:\/\/donbaraton.es\/en\/"},{"@type":"ListItem","position":2,"name":"Online Shop","item":"https:\/\/donbaraton.es\/en\/shop\/"},{"@type":"ListItem","position":3,"name":"Small Modern Sofa Bed with Side Cushions (Armrests) \u2013 Cambridge"}]},{"@type":"WebSite","@id":"https:\/\/donbaraton.es\/#website","url":"https:\/\/donbaraton.es\/","name":"Don Baraton: tienda de sof\u00e1s, muebles y colchones","description":"Sofas baratos desde el almac\u00e9n en Almorad\u00ed, Alicante","publisher":{"@id":"https:\/\/donbaraton.es\/#organization"},"potentialAction":[{"@type":"SearchAction","target":{"@type":"EntryPoint","urlTemplate":"https:\/\/donbaraton.es\/?s={search_term_string}"},"query-input":{"@type":"PropertyValueSpecification","valueRequired":true,"valueName":"search_term_string"}}],"inLanguage":"en-GB"},{"@type":"Organization","@id":"https:\/\/donbaraton.es\/#organization","name":"Don Baraton","url":"https:\/\/donbaraton.es\/","logo":{"@type":"ImageObject","inLanguage":"en-GB","@id":"https:\/\/donbaraton.es\/#\/schema\/logo\/image\/","url":"https:\/\/i0.wp.com\/donbaraton.es\/wp-content\/uploads\/2016\/11\/logo_don_baraton.png?fit=228%2C110&ssl=1","contentUrl":"https:\/\/i0.wp.com\/donbaraton.es\/wp-content\/uploads\/2016\/11\/logo_don_baraton.png?fit=228%2C110&ssl=1","width":228,"height":110,"caption":"Don Baraton"},"image":{"@id":"https:\/\/donbaraton.es\/#\/schema\/logo\/image\/"},"sameAs":["https:\/\/www.facebook.com\/donbaraton.es","https:\/\/x.com\/don_baraton","https:\/\/www.instagram.com\/donbaraton.es","https:\/\/www.linkedin.com\/company\/donbaraton\/","https:\/\/es.pinterest.com\/donbaraton\/","https:\/\/www.youtube.com\/channel\/UCL02HOwx-F759Jq5MedAZfQ"]}]}},"_links":{"self":[{"href":"https:\/\/donbaraton.es\/en\/wp-json\/wp\/v2\/product\/21647","targetHints":{"allow":["GET"]}}],"collection":[{"href":"https:\/\/donbaraton.es\/en\/wp-json\/wp\/v2\/product"}],"about":[{"href":"https:\/\/donbaraton.es\/en\/wp-json\/wp\/v2\/types\/product"}],"replies":[{"embeddable":true,"href":"https:\/\/donbaraton.es\/en\/wp-json\/wp\/v2\/comments?post=21647"}],"wp:featuredmedia":[{"embeddable":true,"href":"https:\/\/donbaraton.es\/en\/wp-json\/wp\/v2\/media\/21485"}],"wp:attachment":[{"href":"https:\/\/donbaraton.es\/en\/wp-json\/wp\/v2\/media?parent=21647"}],"wp:term":[{"taxonomy":"product_brand","embeddable":true,"href":"https:\/\/donbaraton.es\/en\/wp-json\/wp\/v2\/product_brand?post=21647"},{"taxonomy":"product_cat","embeddable":true,"href":"https:\/\/donbaraton.es\/en\/wp-json\/wp\/v2\/product_cat?post=21647"},{"taxonomy":"product_tag","embeddable":true,"href":"https:\/\/donbaraton.es\/en\/wp-json\/wp\/v2\/product_tag?post=21647"}],"curies":[{"name":"wp","href":"https:\/\/api.w.org\/{rel}","templated":true}]}}