{"id":21731,"date":"2019-12-03T01:53:48","date_gmt":"2019-12-03T00:53:48","guid":{"rendered":"https:\/\/donbaraton.es\/p\/chaise-longue-sofa-upholstered-leather-denver\/"},"modified":"2020-06-13T16:58:18","modified_gmt":"2020-06-13T14:58:18","slug":"chaise-longue-sofa-upholstered-leather-denver","status":"publish","type":"product","link":"https:\/\/donbaraton.es\/en\/p\/chaise-longue-sofa-upholstered-leather-denver\/","title":{"rendered":"Chaise Longue Sofa Upholstered in Leather &#8211; Denver"},"content":{"rendered":"<p><strong>Chaise Longue Sofa Upholstered in Leather &#8211; Denver<\/strong><\/p>\n<p>Warm grey colour. Wide, chaise longue (one meter). Upholstered in high quality real leather with double stitching.<\/p>\n<p><strong>Dimensions:<\/strong> length 277 cm, length of the chaise longue 155 cm, width of the chaise longue 100 cm, height 85 cm, inner height of the backrest 55 cm, depth 90 cm, depth of the seat 60 cm, height of the seat from the floor 40 cm.<\/p>\n","protected":false},"excerpt":{"rendered":"<ul>\n<li>Upholstered in high quality real leather<\/li>\n<li>Warm grey colour<\/li>\n<li>Wide chaise longue on the right side<\/li>\n<li>Double stitching squares<\/li>\n<li>Wooden legs<\/li>\n<\/ul>\n<p><strong>Dimensions: <\/strong>length 277 cm, length of the chaise longue 155 cm, height 85 cm, depth 90 cm<\/p>\n","protected":false},"featured_media":21717,"comment_status":"open","ping_status":"closed","template":"","meta":{"_et_pb_use_builder":"","_et_pb_old_content":"","_et_gb_content_width":""},"product_brand":[],"product_cat":[45,35],"product_tag":[],"class_list":{"0":"post-21731","1":"product","2":"type-product","3":"status-publish","4":"has-post-thumbnail","6":"product_cat-chaise-longue-sofas","7":"product_cat-sofas-en","8":"product_shipping_class-articulos-pesados","9":"pa_lado-right","10":"pa_largo-sofas-251-300-cm-en","11":"pa_material-leather","12":"pa_muelles-sinuous-springs","13":"pa_plazas-3-seater-sofas","15":"first","16":"outofstock","17":"sale","18":"taxable","19":"shipping-taxable","20":"purchasable","21":"product-type-simple"},"yoast_head":"<!-- This site is optimized with the Yoast SEO plugin v27.5 - https:\/\/yoast.com\/product\/yoast-seo-wordpress\/ -->\n<title>Chaise Longue Sofa Upholstered in Leather - Denver - Don Baraton: tienda de sof\u00e1s, muebles y colchones<\/title>\n<meta name=\"robots\" content=\"index, follow, max-snippet:-1, max-image-preview:large, max-video-preview:-1\" \/>\n<link rel=\"canonical\" href=\"https:\/\/donbaraton.es\/en\/p\/chaise-longue-sofa-upholstered-leather-denver\/\" \/>\n<meta property=\"og:locale\" content=\"en_GB\" \/>\n<meta property=\"og:type\" content=\"article\" \/>\n<meta property=\"og:title\" content=\"Chaise Longue Sofa Upholstered in Leather - Denver - Don Baraton: tienda de sof\u00e1s, muebles y colchones\" \/>\n<meta property=\"og:description\" content=\"Upholstered in high quality real leather  Warm grey colour  Wide chaise longue on the right side  Double stitching squares  Wooden legs  Dimensions: length 277 cm, length of the chaise longue 155 cm, height 85 cm, depth 90 cm\" \/>\n<meta property=\"og:url\" content=\"https:\/\/donbaraton.es\/en\/p\/chaise-longue-sofa-upholstered-leather-denver\/\" \/>\n<meta property=\"og:site_name\" content=\"Don Baraton: tienda de sof\u00e1s, muebles y colchones\" \/>\n<meta property=\"article:publisher\" content=\"https:\/\/www.facebook.com\/donbaraton.es\" \/>\n<meta property=\"article:modified_time\" content=\"2020-06-13T14:58:18+00:00\" \/>\n<meta property=\"og:image\" content=\"https:\/\/i1.wp.com\/donbaraton.es\/wp-content\/uploads\/2019\/12\/Sof\u00e1-chaise-longue-tapizado-en-piel-aut\u00e9ntica-gris-c\u00e1lido.-Chaise-longue-lado-derecho-Denver.jpg?fit=1000%2C750&ssl=1\" \/>\n\t<meta property=\"og:image:width\" content=\"1000\" \/>\n\t<meta property=\"og:image:height\" content=\"750\" \/>\n\t<meta property=\"og:image:type\" content=\"image\/jpeg\" \/>\n<meta name=\"twitter:card\" content=\"summary_large_image\" \/>\n<meta name=\"twitter:site\" content=\"@don_baraton\" \/>\n<script type=\"application\/ld+json\" class=\"yoast-schema-graph\">{\"@context\":\"https:\\\/\\\/schema.org\",\"@graph\":[{\"@type\":\"WebPage\",\"@id\":\"https:\\\/\\\/donbaraton.es\\\/en\\\/p\\\/chaise-longue-sofa-upholstered-leather-denver\\\/\",\"url\":\"https:\\\/\\\/donbaraton.es\\\/en\\\/p\\\/chaise-longue-sofa-upholstered-leather-denver\\\/\",\"name\":\"Chaise Longue Sofa Upholstered in Leather - Denver - Don Baraton: tienda de sof\u00e1s, muebles y colchones\",\"isPartOf\":{\"@id\":\"https:\\\/\\\/donbaraton.es\\\/#website\"},\"primaryImageOfPage\":{\"@id\":\"https:\\\/\\\/donbaraton.es\\\/en\\\/p\\\/chaise-longue-sofa-upholstered-leather-denver\\\/#primaryimage\"},\"image\":{\"@id\":\"https:\\\/\\\/donbaraton.es\\\/en\\\/p\\\/chaise-longue-sofa-upholstered-leather-denver\\\/#primaryimage\"},\"thumbnailUrl\":\"https:\\\/\\\/donbaraton.es\\\/wp-content\\\/uploads\\\/2019\\\/12\\\/Sof\u00e1-chaise-longue-tapizado-en-piel-aut\u00e9ntica-gris-c\u00e1lido.-Chaise-longue-lado-derecho-Denver.jpg\",\"datePublished\":\"2019-12-03T00:53:48+00:00\",\"dateModified\":\"2020-06-13T14:58:18+00:00\",\"breadcrumb\":{\"@id\":\"https:\\\/\\\/donbaraton.es\\\/en\\\/p\\\/chaise-longue-sofa-upholstered-leather-denver\\\/#breadcrumb\"},\"inLanguage\":\"en-GB\",\"potentialAction\":[{\"@type\":\"ReadAction\",\"target\":[\"https:\\\/\\\/donbaraton.es\\\/en\\\/p\\\/chaise-longue-sofa-upholstered-leather-denver\\\/\"]}]},{\"@type\":\"ImageObject\",\"inLanguage\":\"en-GB\",\"@id\":\"https:\\\/\\\/donbaraton.es\\\/en\\\/p\\\/chaise-longue-sofa-upholstered-leather-denver\\\/#primaryimage\",\"url\":\"https:\\\/\\\/donbaraton.es\\\/wp-content\\\/uploads\\\/2019\\\/12\\\/Sof\u00e1-chaise-longue-tapizado-en-piel-aut\u00e9ntica-gris-c\u00e1lido.-Chaise-longue-lado-derecho-Denver.jpg\",\"contentUrl\":\"https:\\\/\\\/donbaraton.es\\\/wp-content\\\/uploads\\\/2019\\\/12\\\/Sof\u00e1-chaise-longue-tapizado-en-piel-aut\u00e9ntica-gris-c\u00e1lido.-Chaise-longue-lado-derecho-Denver.jpg\",\"width\":1000,\"height\":750,\"caption\":\"Chaise Longue Sofa Upholstered in Leather - Denver. Warm Grey Color. Right Side Chaise Longue\"},{\"@type\":\"BreadcrumbList\",\"@id\":\"https:\\\/\\\/donbaraton.es\\\/en\\\/p\\\/chaise-longue-sofa-upholstered-leather-denver\\\/#breadcrumb\",\"itemListElement\":[{\"@type\":\"ListItem\",\"position\":1,\"name\":\"Portada\",\"item\":\"https:\\\/\\\/donbaraton.es\\\/en\\\/\"},{\"@type\":\"ListItem\",\"position\":2,\"name\":\"Online Shop\",\"item\":\"https:\\\/\\\/donbaraton.es\\\/en\\\/shop\\\/\"},{\"@type\":\"ListItem\",\"position\":3,\"name\":\"Chaise Longue Sofa Upholstered in Leather &#8211; Denver\"}]},{\"@type\":\"WebSite\",\"@id\":\"https:\\\/\\\/donbaraton.es\\\/#website\",\"url\":\"https:\\\/\\\/donbaraton.es\\\/\",\"name\":\"Don Baraton: tienda de sof\u00e1s, muebles y colchones\",\"description\":\"Sofas baratos desde el almac\u00e9n en Almorad\u00ed, Alicante\",\"publisher\":{\"@id\":\"https:\\\/\\\/donbaraton.es\\\/#organization\"},\"potentialAction\":[{\"@type\":\"SearchAction\",\"target\":{\"@type\":\"EntryPoint\",\"urlTemplate\":\"https:\\\/\\\/donbaraton.es\\\/?s={search_term_string}\"},\"query-input\":{\"@type\":\"PropertyValueSpecification\",\"valueRequired\":true,\"valueName\":\"search_term_string\"}}],\"inLanguage\":\"en-GB\"},{\"@type\":\"Organization\",\"@id\":\"https:\\\/\\\/donbaraton.es\\\/#organization\",\"name\":\"Don Baraton\",\"url\":\"https:\\\/\\\/donbaraton.es\\\/\",\"logo\":{\"@type\":\"ImageObject\",\"inLanguage\":\"en-GB\",\"@id\":\"https:\\\/\\\/donbaraton.es\\\/#\\\/schema\\\/logo\\\/image\\\/\",\"url\":\"https:\\\/\\\/i0.wp.com\\\/donbaraton.es\\\/wp-content\\\/uploads\\\/2016\\\/11\\\/logo_don_baraton.png?fit=228%2C110&ssl=1\",\"contentUrl\":\"https:\\\/\\\/i0.wp.com\\\/donbaraton.es\\\/wp-content\\\/uploads\\\/2016\\\/11\\\/logo_don_baraton.png?fit=228%2C110&ssl=1\",\"width\":228,\"height\":110,\"caption\":\"Don Baraton\"},\"image\":{\"@id\":\"https:\\\/\\\/donbaraton.es\\\/#\\\/schema\\\/logo\\\/image\\\/\"},\"sameAs\":[\"https:\\\/\\\/www.facebook.com\\\/donbaraton.es\",\"https:\\\/\\\/x.com\\\/don_baraton\",\"https:\\\/\\\/www.instagram.com\\\/donbaraton.es\",\"https:\\\/\\\/www.linkedin.com\\\/company\\\/donbaraton\\\/\",\"https:\\\/\\\/es.pinterest.com\\\/donbaraton\\\/\",\"https:\\\/\\\/www.youtube.com\\\/channel\\\/UCL02HOwx-F759Jq5MedAZfQ\"]}]}<\/script>\n<!-- \/ Yoast SEO plugin. -->","yoast_head_json":{"title":"Chaise Longue Sofa Upholstered in Leather - Denver - Don Baraton: tienda de sof\u00e1s, muebles y colchones","robots":{"index":"index","follow":"follow","max-snippet":"max-snippet:-1","max-image-preview":"max-image-preview:large","max-video-preview":"max-video-preview:-1"},"canonical":"https:\/\/donbaraton.es\/en\/p\/chaise-longue-sofa-upholstered-leather-denver\/","og_locale":"en_GB","og_type":"article","og_title":"Chaise Longue Sofa Upholstered in Leather - Denver - Don Baraton: tienda de sof\u00e1s, muebles y colchones","og_description":"Upholstered in high quality real leather  Warm grey colour  Wide chaise longue on the right side  Double stitching squares  Wooden legs  Dimensions: length 277 cm, length of the chaise longue 155 cm, height 85 cm, depth 90 cm","og_url":"https:\/\/donbaraton.es\/en\/p\/chaise-longue-sofa-upholstered-leather-denver\/","og_site_name":"Don Baraton: tienda de sof\u00e1s, muebles y colchones","article_publisher":"https:\/\/www.facebook.com\/donbaraton.es","article_modified_time":"2020-06-13T14:58:18+00:00","og_image":[{"width":1000,"height":750,"url":"https:\/\/i1.wp.com\/donbaraton.es\/wp-content\/uploads\/2019\/12\/Sof\u00e1-chaise-longue-tapizado-en-piel-aut\u00e9ntica-gris-c\u00e1lido.-Chaise-longue-lado-derecho-Denver.jpg?fit=1000%2C750&ssl=1","type":"image\/jpeg"}],"twitter_card":"summary_large_image","twitter_site":"@don_baraton","schema":{"@context":"https:\/\/schema.org","@graph":[{"@type":"WebPage","@id":"https:\/\/donbaraton.es\/en\/p\/chaise-longue-sofa-upholstered-leather-denver\/","url":"https:\/\/donbaraton.es\/en\/p\/chaise-longue-sofa-upholstered-leather-denver\/","name":"Chaise Longue Sofa Upholstered in Leather - Denver - Don Baraton: tienda de sof\u00e1s, muebles y colchones","isPartOf":{"@id":"https:\/\/donbaraton.es\/#website"},"primaryImageOfPage":{"@id":"https:\/\/donbaraton.es\/en\/p\/chaise-longue-sofa-upholstered-leather-denver\/#primaryimage"},"image":{"@id":"https:\/\/donbaraton.es\/en\/p\/chaise-longue-sofa-upholstered-leather-denver\/#primaryimage"},"thumbnailUrl":"https:\/\/donbaraton.es\/wp-content\/uploads\/2019\/12\/Sof\u00e1-chaise-longue-tapizado-en-piel-aut\u00e9ntica-gris-c\u00e1lido.-Chaise-longue-lado-derecho-Denver.jpg","datePublished":"2019-12-03T00:53:48+00:00","dateModified":"2020-06-13T14:58:18+00:00","breadcrumb":{"@id":"https:\/\/donbaraton.es\/en\/p\/chaise-longue-sofa-upholstered-leather-denver\/#breadcrumb"},"inLanguage":"en-GB","potentialAction":[{"@type":"ReadAction","target":["https:\/\/donbaraton.es\/en\/p\/chaise-longue-sofa-upholstered-leather-denver\/"]}]},{"@type":"ImageObject","inLanguage":"en-GB","@id":"https:\/\/donbaraton.es\/en\/p\/chaise-longue-sofa-upholstered-leather-denver\/#primaryimage","url":"https:\/\/donbaraton.es\/wp-content\/uploads\/2019\/12\/Sof\u00e1-chaise-longue-tapizado-en-piel-aut\u00e9ntica-gris-c\u00e1lido.-Chaise-longue-lado-derecho-Denver.jpg","contentUrl":"https:\/\/donbaraton.es\/wp-content\/uploads\/2019\/12\/Sof\u00e1-chaise-longue-tapizado-en-piel-aut\u00e9ntica-gris-c\u00e1lido.-Chaise-longue-lado-derecho-Denver.jpg","width":1000,"height":750,"caption":"Chaise Longue Sofa Upholstered in Leather - Denver. Warm Grey Color. Right Side Chaise Longue"},{"@type":"BreadcrumbList","@id":"https:\/\/donbaraton.es\/en\/p\/chaise-longue-sofa-upholstered-leather-denver\/#breadcrumb","itemListElement":[{"@type":"ListItem","position":1,"name":"Portada","item":"https:\/\/donbaraton.es\/en\/"},{"@type":"ListItem","position":2,"name":"Online Shop","item":"https:\/\/donbaraton.es\/en\/shop\/"},{"@type":"ListItem","position":3,"name":"Chaise Longue Sofa Upholstered in Leather &#8211; Denver"}]},{"@type":"WebSite","@id":"https:\/\/donbaraton.es\/#website","url":"https:\/\/donbaraton.es\/","name":"Don Baraton: tienda de sof\u00e1s, muebles y colchones","description":"Sofas baratos desde el almac\u00e9n en Almorad\u00ed, Alicante","publisher":{"@id":"https:\/\/donbaraton.es\/#organization"},"potentialAction":[{"@type":"SearchAction","target":{"@type":"EntryPoint","urlTemplate":"https:\/\/donbaraton.es\/?s={search_term_string}"},"query-input":{"@type":"PropertyValueSpecification","valueRequired":true,"valueName":"search_term_string"}}],"inLanguage":"en-GB"},{"@type":"Organization","@id":"https:\/\/donbaraton.es\/#organization","name":"Don Baraton","url":"https:\/\/donbaraton.es\/","logo":{"@type":"ImageObject","inLanguage":"en-GB","@id":"https:\/\/donbaraton.es\/#\/schema\/logo\/image\/","url":"https:\/\/i0.wp.com\/donbaraton.es\/wp-content\/uploads\/2016\/11\/logo_don_baraton.png?fit=228%2C110&ssl=1","contentUrl":"https:\/\/i0.wp.com\/donbaraton.es\/wp-content\/uploads\/2016\/11\/logo_don_baraton.png?fit=228%2C110&ssl=1","width":228,"height":110,"caption":"Don Baraton"},"image":{"@id":"https:\/\/donbaraton.es\/#\/schema\/logo\/image\/"},"sameAs":["https:\/\/www.facebook.com\/donbaraton.es","https:\/\/x.com\/don_baraton","https:\/\/www.instagram.com\/donbaraton.es","https:\/\/www.linkedin.com\/company\/donbaraton\/","https:\/\/es.pinterest.com\/donbaraton\/","https:\/\/www.youtube.com\/channel\/UCL02HOwx-F759Jq5MedAZfQ"]}]}},"_links":{"self":[{"href":"https:\/\/donbaraton.es\/en\/wp-json\/wp\/v2\/product\/21731","targetHints":{"allow":["GET"]}}],"collection":[{"href":"https:\/\/donbaraton.es\/en\/wp-json\/wp\/v2\/product"}],"about":[{"href":"https:\/\/donbaraton.es\/en\/wp-json\/wp\/v2\/types\/product"}],"replies":[{"embeddable":true,"href":"https:\/\/donbaraton.es\/en\/wp-json\/wp\/v2\/comments?post=21731"}],"wp:featuredmedia":[{"embeddable":true,"href":"https:\/\/donbaraton.es\/en\/wp-json\/wp\/v2\/media\/21717"}],"wp:attachment":[{"href":"https:\/\/donbaraton.es\/en\/wp-json\/wp\/v2\/media?parent=21731"}],"wp:term":[{"taxonomy":"product_brand","embeddable":true,"href":"https:\/\/donbaraton.es\/en\/wp-json\/wp\/v2\/product_brand?post=21731"},{"taxonomy":"product_cat","embeddable":true,"href":"https:\/\/donbaraton.es\/en\/wp-json\/wp\/v2\/product_cat?post=21731"},{"taxonomy":"product_tag","embeddable":true,"href":"https:\/\/donbaraton.es\/en\/wp-json\/wp\/v2\/product_tag?post=21731"}],"curies":[{"name":"wp","href":"https:\/\/api.w.org\/{rel}","templated":true}]}}