{"id":21750,"date":"2021-10-15T03:00:41","date_gmt":"2019-12-03T23:11:41","guid":{"rendered":"https:\/\/donbaraton.es\/p\/7-seater-u-shaped-sofa-with-pull-out-bed-and-reclining-headrests-cannes\/"},"modified":"2023-07-30T23:01:39","modified_gmt":"2023-07-30T21:01:39","slug":"7-seater-sofa-pull-out-bed-reclining-headrests-cannes","status":"publish","type":"product","link":"https:\/\/donbaraton.es\/en\/p\/7-seater-sofa-pull-out-bed-reclining-headrests-cannes\/","title":{"rendered":"7 Seater U-shaped Sofa with Pull-out Bed and Reclining Headrests &#8211; Cannes"},"content":{"rendered":"<p><strong>7 Seater U-shaped Sofa with Pull-out Bed and Reclining Headrests &#8211; Cannes<\/strong> <iframe loading=\"lazy\" src=\"https:\/\/www.youtube.com\/embed\/XtcImITHxNY\" width=\"560\" height=\"315\" frameborder=\"0\" allowfullscreen=\"allowfullscreen\"><\/iframe> A spaciuos sofa that is available in the following combinations of materials:<\/p>\n<ul>\n<li>Light grey fabric with white faux leather<\/li>\n<li>Dark grey fabric with black faux leather<\/li>\n<li>Grey fabric all over<\/li>\n<li>Black faux leather and white faux leather<\/li>\n<\/ul>\n<p><strong>Dimensions: <\/strong>length 335 cm, length of the part with armrest 260 cm, length of the part with pouffe 225 cm, height with headrests up 100 cm, height with headrests down 82 cm, depth of the seats 58 cm, height of the seats 42 cm, height of the backrest 60 cm.<strong> Dimensions of the bed:<\/strong> 130 x 240 cm<\/p>\n","protected":false},"excerpt":{"rendered":"<ul>\n<li>Extra large size (XL) corner sofa<\/li>\n<li>7 seats and a side pouffe<\/li>\n<li>High backrests<\/li>\n<li>9 reclining headrests<\/li>\n<li>Pull-out bed 130 x 240 cm<\/li>\n<li>Transforms into L-shaped sofa<\/li>\n<li>Fabric and faux leather<\/li>\n<\/ul>\n<p><strong>Dimensions:<\/strong> length 335 cm, part with armrest 260 cm, part with pouffe 225 cm, height 100 cm<\/p>\n","protected":false},"featured_media":25525,"comment_status":"open","ping_status":"closed","template":"","meta":{"_et_pb_use_builder":"","_et_pb_old_content":"","_et_gb_content_width":""},"product_brand":[],"product_cat":[108,41,35],"product_tag":[],"class_list":{"0":"post-21750","1":"product","2":"type-product","3":"status-publish","4":"has-post-thumbnail","6":"product_cat-corner-sofas","7":"product_cat-sofa-beds","8":"product_cat-sofas-en","9":"product_shipping_class-articulos-pesados","10":"pa_largo-sofas-301-cm-plus","11":"pa_material-fabric","12":"pa_material-faux-leather","13":"pa_muelles-sinuous-springs","14":"pa_plazas-large-sofas","16":"first","17":"outofstock","18":"sale","19":"taxable","20":"shipping-taxable","21":"purchasable","22":"product-type-variable"},"yoast_head":"<!-- This site is optimized with the Yoast SEO plugin v27.2 - https:\/\/yoast.com\/product\/yoast-seo-wordpress\/ -->\n<title>7 Seater U-shaped Sofa with Pull-out Bed and Reclining Headrests - Cannes - Don Baraton: tienda de sof\u00e1s, muebles y colchones<\/title>\n<meta name=\"robots\" content=\"index, follow, max-snippet:-1, max-image-preview:large, max-video-preview:-1\" \/>\n<link rel=\"canonical\" href=\"https:\/\/donbaraton.es\/en\/p\/7-seater-sofa-pull-out-bed-reclining-headrests-cannes\/\" \/>\n<meta property=\"og:locale\" content=\"en_GB\" \/>\n<meta property=\"og:type\" content=\"article\" \/>\n<meta property=\"og:title\" content=\"7 Seater U-shaped Sofa with Pull-out Bed and Reclining Headrests - Cannes - Don Baraton: tienda de sof\u00e1s, muebles y colchones\" \/>\n<meta property=\"og:description\" content=\"Extra large size (XL) corner sofa 7 seats and a side pouffe High backrests 9 reclining headrests Pull-out bed 130 x 240 cm Transforms into L-shaped sofa Fabric and faux leather  Dimensions: length 335 cm, part with armrest 260 cm, part with pouffe 225 cm, height 100 cm\" \/>\n<meta property=\"og:url\" content=\"https:\/\/donbaraton.es\/en\/p\/7-seater-sofa-pull-out-bed-reclining-headrests-cannes\/\" \/>\n<meta property=\"og:site_name\" content=\"Don Baraton: tienda de sof\u00e1s, muebles y colchones\" \/>\n<meta property=\"article:publisher\" content=\"https:\/\/www.facebook.com\/donbaraton.es\" \/>\n<meta property=\"article:modified_time\" content=\"2023-07-30T21:01:39+00:00\" \/>\n<meta property=\"og:image\" content=\"https:\/\/i1.wp.com\/donbaraton.es\/wp-content\/uploads\/2019\/11\/Sof\u00e1-7-plazas-en-forma-de-U-con-cama-extra\u00edble-y-reposacabezas-reclinables-Cannes.-Brazo-lado-derecho.-Tela-gris-claro-con-polipiel-blanca.jpg?fit=1000%2C750&ssl=1\" \/>\n\t<meta property=\"og:image:width\" content=\"1000\" \/>\n\t<meta property=\"og:image:height\" content=\"750\" \/>\n\t<meta property=\"og:image:type\" content=\"image\/jpeg\" \/>\n<meta name=\"twitter:card\" content=\"summary_large_image\" \/>\n<meta name=\"twitter:site\" content=\"@don_baraton\" \/>\n<script type=\"application\/ld+json\" class=\"yoast-schema-graph\">{\"@context\":\"https:\/\/schema.org\",\"@graph\":[{\"@type\":\"WebPage\",\"@id\":\"https:\/\/donbaraton.es\/en\/p\/7-seater-sofa-pull-out-bed-reclining-headrests-cannes\/\",\"url\":\"https:\/\/donbaraton.es\/en\/p\/7-seater-sofa-pull-out-bed-reclining-headrests-cannes\/\",\"name\":\"7 Seater U-shaped Sofa with Pull-out Bed and Reclining Headrests - Cannes - Don Baraton: tienda de sof\u00e1s, muebles y colchones\",\"isPartOf\":{\"@id\":\"https:\/\/donbaraton.es\/#website\"},\"primaryImageOfPage\":{\"@id\":\"https:\/\/donbaraton.es\/en\/p\/7-seater-sofa-pull-out-bed-reclining-headrests-cannes\/#primaryimage\"},\"image\":{\"@id\":\"https:\/\/donbaraton.es\/en\/p\/7-seater-sofa-pull-out-bed-reclining-headrests-cannes\/#primaryimage\"},\"thumbnailUrl\":\"https:\/\/donbaraton.es\/wp-content\/uploads\/2019\/11\/Sof\u00e1-7-plazas-en-forma-de-U-con-cama-extra\u00edble-y-reposacabezas-reclinables-Cannes.-Brazo-lado-derecho.-Tela-gris-claro-con-polipiel-blanca.jpg\",\"datePublished\":\"2019-12-03T23:11:41+00:00\",\"dateModified\":\"2023-07-30T21:01:39+00:00\",\"breadcrumb\":{\"@id\":\"https:\/\/donbaraton.es\/en\/p\/7-seater-sofa-pull-out-bed-reclining-headrests-cannes\/#breadcrumb\"},\"inLanguage\":\"en-GB\",\"potentialAction\":[{\"@type\":\"ReadAction\",\"target\":[\"https:\/\/donbaraton.es\/en\/p\/7-seater-sofa-pull-out-bed-reclining-headrests-cannes\/\"]}]},{\"@type\":\"ImageObject\",\"inLanguage\":\"en-GB\",\"@id\":\"https:\/\/donbaraton.es\/en\/p\/7-seater-sofa-pull-out-bed-reclining-headrests-cannes\/#primaryimage\",\"url\":\"https:\/\/donbaraton.es\/wp-content\/uploads\/2019\/11\/Sof\u00e1-7-plazas-en-forma-de-U-con-cama-extra\u00edble-y-reposacabezas-reclinables-Cannes.-Brazo-lado-derecho.-Tela-gris-claro-con-polipiel-blanca.jpg\",\"contentUrl\":\"https:\/\/donbaraton.es\/wp-content\/uploads\/2019\/11\/Sof\u00e1-7-plazas-en-forma-de-U-con-cama-extra\u00edble-y-reposacabezas-reclinables-Cannes.-Brazo-lado-derecho.-Tela-gris-claro-con-polipiel-blanca.jpg\",\"width\":1000,\"height\":750,\"caption\":\"Seven seater U-shaped sofa with pull-out bed - Cannes. Armrest on the right. Light grey fabric \/ white faux leather\"},{\"@type\":\"BreadcrumbList\",\"@id\":\"https:\/\/donbaraton.es\/en\/p\/7-seater-sofa-pull-out-bed-reclining-headrests-cannes\/#breadcrumb\",\"itemListElement\":[{\"@type\":\"ListItem\",\"position\":1,\"name\":\"Portada\",\"item\":\"https:\/\/donbaraton.es\/en\/\"},{\"@type\":\"ListItem\",\"position\":2,\"name\":\"Online Shop\",\"item\":\"https:\/\/donbaraton.es\/en\/shop\/\"},{\"@type\":\"ListItem\",\"position\":3,\"name\":\"7 Seater U-shaped Sofa with Pull-out Bed and Reclining Headrests &#8211; Cannes\"}]},{\"@type\":\"WebSite\",\"@id\":\"https:\/\/donbaraton.es\/#website\",\"url\":\"https:\/\/donbaraton.es\/\",\"name\":\"Don Baraton: tienda de sof\u00e1s, muebles y colchones\",\"description\":\"Sofas baratos desde el almac\u00e9n en Almorad\u00ed, Alicante\",\"publisher\":{\"@id\":\"https:\/\/donbaraton.es\/#organization\"},\"potentialAction\":[{\"@type\":\"SearchAction\",\"target\":{\"@type\":\"EntryPoint\",\"urlTemplate\":\"https:\/\/donbaraton.es\/?s={search_term_string}\"},\"query-input\":{\"@type\":\"PropertyValueSpecification\",\"valueRequired\":true,\"valueName\":\"search_term_string\"}}],\"inLanguage\":\"en-GB\"},{\"@type\":\"Organization\",\"@id\":\"https:\/\/donbaraton.es\/#organization\",\"name\":\"Don Baraton\",\"url\":\"https:\/\/donbaraton.es\/\",\"logo\":{\"@type\":\"ImageObject\",\"inLanguage\":\"en-GB\",\"@id\":\"https:\/\/donbaraton.es\/#\/schema\/logo\/image\/\",\"url\":\"https:\/\/i0.wp.com\/donbaraton.es\/wp-content\/uploads\/2016\/11\/logo_don_baraton.png?fit=228%2C110&ssl=1\",\"contentUrl\":\"https:\/\/i0.wp.com\/donbaraton.es\/wp-content\/uploads\/2016\/11\/logo_don_baraton.png?fit=228%2C110&ssl=1\",\"width\":228,\"height\":110,\"caption\":\"Don Baraton\"},\"image\":{\"@id\":\"https:\/\/donbaraton.es\/#\/schema\/logo\/image\/\"},\"sameAs\":[\"https:\/\/www.facebook.com\/donbaraton.es\",\"https:\/\/x.com\/don_baraton\",\"https:\/\/www.instagram.com\/donbaraton.es\",\"https:\/\/www.linkedin.com\/company\/donbaraton\/\",\"https:\/\/es.pinterest.com\/donbaraton\/\",\"https:\/\/www.youtube.com\/channel\/UCL02HOwx-F759Jq5MedAZfQ\"]}]}<\/script>\n<!-- \/ Yoast SEO plugin. -->","yoast_head_json":{"title":"7 Seater U-shaped Sofa with Pull-out Bed and Reclining Headrests - Cannes - Don Baraton: tienda de sof\u00e1s, muebles y colchones","robots":{"index":"index","follow":"follow","max-snippet":"max-snippet:-1","max-image-preview":"max-image-preview:large","max-video-preview":"max-video-preview:-1"},"canonical":"https:\/\/donbaraton.es\/en\/p\/7-seater-sofa-pull-out-bed-reclining-headrests-cannes\/","og_locale":"en_GB","og_type":"article","og_title":"7 Seater U-shaped Sofa with Pull-out Bed and Reclining Headrests - Cannes - Don Baraton: tienda de sof\u00e1s, muebles y colchones","og_description":"Extra large size (XL) corner sofa 7 seats and a side pouffe High backrests 9 reclining headrests Pull-out bed 130 x 240 cm Transforms into L-shaped sofa Fabric and faux leather  Dimensions: length 335 cm, part with armrest 260 cm, part with pouffe 225 cm, height 100 cm","og_url":"https:\/\/donbaraton.es\/en\/p\/7-seater-sofa-pull-out-bed-reclining-headrests-cannes\/","og_site_name":"Don Baraton: tienda de sof\u00e1s, muebles y colchones","article_publisher":"https:\/\/www.facebook.com\/donbaraton.es","article_modified_time":"2023-07-30T21:01:39+00:00","og_image":[{"width":1000,"height":750,"url":"https:\/\/i1.wp.com\/donbaraton.es\/wp-content\/uploads\/2019\/11\/Sof\u00e1-7-plazas-en-forma-de-U-con-cama-extra\u00edble-y-reposacabezas-reclinables-Cannes.-Brazo-lado-derecho.-Tela-gris-claro-con-polipiel-blanca.jpg?fit=1000%2C750&ssl=1","type":"image\/jpeg"}],"twitter_card":"summary_large_image","twitter_site":"@don_baraton","schema":{"@context":"https:\/\/schema.org","@graph":[{"@type":"WebPage","@id":"https:\/\/donbaraton.es\/en\/p\/7-seater-sofa-pull-out-bed-reclining-headrests-cannes\/","url":"https:\/\/donbaraton.es\/en\/p\/7-seater-sofa-pull-out-bed-reclining-headrests-cannes\/","name":"7 Seater U-shaped Sofa with Pull-out Bed and Reclining Headrests - Cannes - Don Baraton: tienda de sof\u00e1s, muebles y colchones","isPartOf":{"@id":"https:\/\/donbaraton.es\/#website"},"primaryImageOfPage":{"@id":"https:\/\/donbaraton.es\/en\/p\/7-seater-sofa-pull-out-bed-reclining-headrests-cannes\/#primaryimage"},"image":{"@id":"https:\/\/donbaraton.es\/en\/p\/7-seater-sofa-pull-out-bed-reclining-headrests-cannes\/#primaryimage"},"thumbnailUrl":"https:\/\/donbaraton.es\/wp-content\/uploads\/2019\/11\/Sof\u00e1-7-plazas-en-forma-de-U-con-cama-extra\u00edble-y-reposacabezas-reclinables-Cannes.-Brazo-lado-derecho.-Tela-gris-claro-con-polipiel-blanca.jpg","datePublished":"2019-12-03T23:11:41+00:00","dateModified":"2023-07-30T21:01:39+00:00","breadcrumb":{"@id":"https:\/\/donbaraton.es\/en\/p\/7-seater-sofa-pull-out-bed-reclining-headrests-cannes\/#breadcrumb"},"inLanguage":"en-GB","potentialAction":[{"@type":"ReadAction","target":["https:\/\/donbaraton.es\/en\/p\/7-seater-sofa-pull-out-bed-reclining-headrests-cannes\/"]}]},{"@type":"ImageObject","inLanguage":"en-GB","@id":"https:\/\/donbaraton.es\/en\/p\/7-seater-sofa-pull-out-bed-reclining-headrests-cannes\/#primaryimage","url":"https:\/\/donbaraton.es\/wp-content\/uploads\/2019\/11\/Sof\u00e1-7-plazas-en-forma-de-U-con-cama-extra\u00edble-y-reposacabezas-reclinables-Cannes.-Brazo-lado-derecho.-Tela-gris-claro-con-polipiel-blanca.jpg","contentUrl":"https:\/\/donbaraton.es\/wp-content\/uploads\/2019\/11\/Sof\u00e1-7-plazas-en-forma-de-U-con-cama-extra\u00edble-y-reposacabezas-reclinables-Cannes.-Brazo-lado-derecho.-Tela-gris-claro-con-polipiel-blanca.jpg","width":1000,"height":750,"caption":"Seven seater U-shaped sofa with pull-out bed - Cannes. Armrest on the right. Light grey fabric \/ white faux leather"},{"@type":"BreadcrumbList","@id":"https:\/\/donbaraton.es\/en\/p\/7-seater-sofa-pull-out-bed-reclining-headrests-cannes\/#breadcrumb","itemListElement":[{"@type":"ListItem","position":1,"name":"Portada","item":"https:\/\/donbaraton.es\/en\/"},{"@type":"ListItem","position":2,"name":"Online Shop","item":"https:\/\/donbaraton.es\/en\/shop\/"},{"@type":"ListItem","position":3,"name":"7 Seater U-shaped Sofa with Pull-out Bed and Reclining Headrests &#8211; Cannes"}]},{"@type":"WebSite","@id":"https:\/\/donbaraton.es\/#website","url":"https:\/\/donbaraton.es\/","name":"Don Baraton: tienda de sof\u00e1s, muebles y colchones","description":"Sofas baratos desde el almac\u00e9n en Almorad\u00ed, Alicante","publisher":{"@id":"https:\/\/donbaraton.es\/#organization"},"potentialAction":[{"@type":"SearchAction","target":{"@type":"EntryPoint","urlTemplate":"https:\/\/donbaraton.es\/?s={search_term_string}"},"query-input":{"@type":"PropertyValueSpecification","valueRequired":true,"valueName":"search_term_string"}}],"inLanguage":"en-GB"},{"@type":"Organization","@id":"https:\/\/donbaraton.es\/#organization","name":"Don Baraton","url":"https:\/\/donbaraton.es\/","logo":{"@type":"ImageObject","inLanguage":"en-GB","@id":"https:\/\/donbaraton.es\/#\/schema\/logo\/image\/","url":"https:\/\/i0.wp.com\/donbaraton.es\/wp-content\/uploads\/2016\/11\/logo_don_baraton.png?fit=228%2C110&ssl=1","contentUrl":"https:\/\/i0.wp.com\/donbaraton.es\/wp-content\/uploads\/2016\/11\/logo_don_baraton.png?fit=228%2C110&ssl=1","width":228,"height":110,"caption":"Don Baraton"},"image":{"@id":"https:\/\/donbaraton.es\/#\/schema\/logo\/image\/"},"sameAs":["https:\/\/www.facebook.com\/donbaraton.es","https:\/\/x.com\/don_baraton","https:\/\/www.instagram.com\/donbaraton.es","https:\/\/www.linkedin.com\/company\/donbaraton\/","https:\/\/es.pinterest.com\/donbaraton\/","https:\/\/www.youtube.com\/channel\/UCL02HOwx-F759Jq5MedAZfQ"]}]}},"_links":{"self":[{"href":"https:\/\/donbaraton.es\/en\/wp-json\/wp\/v2\/product\/21750","targetHints":{"allow":["GET"]}}],"collection":[{"href":"https:\/\/donbaraton.es\/en\/wp-json\/wp\/v2\/product"}],"about":[{"href":"https:\/\/donbaraton.es\/en\/wp-json\/wp\/v2\/types\/product"}],"replies":[{"embeddable":true,"href":"https:\/\/donbaraton.es\/en\/wp-json\/wp\/v2\/comments?post=21750"}],"wp:featuredmedia":[{"embeddable":true,"href":"https:\/\/donbaraton.es\/en\/wp-json\/wp\/v2\/media\/25525"}],"wp:attachment":[{"href":"https:\/\/donbaraton.es\/en\/wp-json\/wp\/v2\/media?parent=21750"}],"wp:term":[{"taxonomy":"product_brand","embeddable":true,"href":"https:\/\/donbaraton.es\/en\/wp-json\/wp\/v2\/product_brand?post=21750"},{"taxonomy":"product_cat","embeddable":true,"href":"https:\/\/donbaraton.es\/en\/wp-json\/wp\/v2\/product_cat?post=21750"},{"taxonomy":"product_tag","embeddable":true,"href":"https:\/\/donbaraton.es\/en\/wp-json\/wp\/v2\/product_tag?post=21750"}],"curies":[{"name":"wp","href":"https:\/\/api.w.org\/{rel}","templated":true}]}}