{"id":21816,"date":"2020-11-17T04:56:49","date_gmt":"2019-12-05T01:16:49","guid":{"rendered":"https:\/\/donbaraton.es\/p\/chaise-longue-sofa-bed-high-headrests-albi\/"},"modified":"2023-03-29T05:58:54","modified_gmt":"2023-03-29T03:58:54","slug":"chaise-longue-sofa-bed-high-headrests-albi","status":"publish","type":"product","link":"https:\/\/donbaraton.es\/en\/p\/chaise-longue-sofa-bed-high-headrests-albi\/","title":{"rendered":"Chaise Longue Sofa Bed with High Headrests &#8211; Albi"},"content":{"rendered":"<p><strong>Chaise Longue Sofa Bed with High Headrests &#8211; Albi<\/strong><\/p>\n<p>A model with relatively high backrest and headrests, perfect for taller people. Upholstered in durable synthetic fabric. The <em>delfin<\/em> opening type pull-out bed is easy to open and close. There&#8217;s no need to choose the position of the chaise longue of this model (left or right), as it can be installed on either side at your home.<\/p>\n<p><strong>Dimensions:<\/strong> length 245 cm, chaise longue 180 cm, height with headrests down 78 cm, headrests up 95 cm. Depth of the seat 58 cm, inner height of the backrest with headrests up &#8211; 60 cm. The level of the seat is on 42 cm from the floor. <strong>Dimensions of the bed:<\/strong> 126 x 202 cm<\/p>\n","protected":false},"excerpt":{"rendered":"<ul>\n<li>Reversible chaise longue (left or right side)<\/li>\n<li>Higher backrest and headrests comparing to other models<\/li>\n<li>Pull-out bed 126 cm x 202 cm<\/li>\n<li>Adjustable headrests (7 positions)<\/li>\n<li>Comfy seat with wave springs<\/li>\n<li>Upholstered in durable synthetic fabric and faux leather<\/li>\n<\/ul>\n<p><strong>Dimensions:<\/strong> length 245 cm, chaise longue 180 cm, height 95 cm<\/p>\n","protected":false},"featured_media":28807,"comment_status":"open","ping_status":"closed","template":"","meta":{"_et_pb_use_builder":"","_et_pb_old_content":"","_et_gb_content_width":""},"product_brand":[],"product_cat":[43,45,41,35],"product_tag":[],"class_list":{"0":"post-21816","1":"product","2":"type-product","3":"status-publish","4":"has-post-thumbnail","6":"product_cat-sofa-beds-chaise-longue","7":"product_cat-chaise-longue-sofas","8":"product_cat-sofa-beds","9":"product_cat-sofas-en","10":"product_shipping_class-articulos-pesados","11":"pa_lado-left","12":"pa_lado-reversible-chaise","13":"pa_lado-right","14":"pa_largo-sofas-201-250-cm-en","15":"pa_material-fabric","16":"pa_material-faux-leather","17":"pa_muelles-sinuous-springs","18":"pa_plazas-3-seater-sofas","20":"first","21":"outofstock","22":"taxable","23":"shipping-taxable","24":"product-type-variable"},"yoast_head":"<!-- This site is optimized with the Yoast SEO plugin v27.2 - https:\/\/yoast.com\/product\/yoast-seo-wordpress\/ -->\n<title>Chaise Longue Sofa Bed with High Headrests - Albi - Don Baraton: tienda de sof\u00e1s, muebles y colchones<\/title>\n<meta name=\"robots\" content=\"index, follow, max-snippet:-1, max-image-preview:large, max-video-preview:-1\" \/>\n<link rel=\"canonical\" href=\"https:\/\/donbaraton.es\/en\/p\/chaise-longue-sofa-bed-high-headrests-albi\/\" \/>\n<meta property=\"og:locale\" content=\"en_GB\" \/>\n<meta property=\"og:type\" content=\"article\" \/>\n<meta property=\"og:title\" content=\"Chaise Longue Sofa Bed with High Headrests - Albi - Don Baraton: tienda de sof\u00e1s, muebles y colchones\" \/>\n<meta property=\"og:description\" content=\"Reversible chaise longue (left or right side) Higher backrest and headrests comparing to other models Pull-out bed 126 cm x 202 cm Adjustable headrests (7 positions) Comfy seat with wave springs Upholstered in durable synthetic fabric and faux leather  Dimensions: length 245 cm, chaise longue 180 cm, height 95 cm\" \/>\n<meta property=\"og:url\" content=\"https:\/\/donbaraton.es\/en\/p\/chaise-longue-sofa-bed-high-headrests-albi\/\" \/>\n<meta property=\"og:site_name\" content=\"Don Baraton: tienda de sof\u00e1s, muebles y colchones\" \/>\n<meta property=\"article:publisher\" content=\"https:\/\/www.facebook.com\/donbaraton.es\" \/>\n<meta property=\"article:modified_time\" content=\"2023-03-29T03:58:54+00:00\" \/>\n<meta property=\"og:image\" content=\"https:\/\/i1.wp.com\/donbaraton.es\/wp-content\/uploads\/2020\/11\/Sofa-chaise-longue-cama-con-altos-reposacabezas-Albi.-Tela-gris-piel-sintetica-negra.-Chaise-longue-montado-al-lado-izquierdo.jpg?fit=1000%2C750&ssl=1\" \/>\n\t<meta property=\"og:image:width\" content=\"1000\" \/>\n\t<meta property=\"og:image:height\" content=\"750\" \/>\n\t<meta property=\"og:image:type\" content=\"image\/jpeg\" \/>\n<meta name=\"twitter:card\" content=\"summary_large_image\" \/>\n<meta name=\"twitter:site\" content=\"@don_baraton\" \/>\n<meta name=\"twitter:label1\" content=\"Estimated reading time\" \/>\n\t<meta name=\"twitter:data1\" content=\"1 minute\" \/>\n<script type=\"application\/ld+json\" class=\"yoast-schema-graph\">{\"@context\":\"https:\/\/schema.org\",\"@graph\":[{\"@type\":\"WebPage\",\"@id\":\"https:\/\/donbaraton.es\/en\/p\/chaise-longue-sofa-bed-high-headrests-albi\/\",\"url\":\"https:\/\/donbaraton.es\/en\/p\/chaise-longue-sofa-bed-high-headrests-albi\/\",\"name\":\"Chaise Longue Sofa Bed with High Headrests - Albi - Don Baraton: tienda de sof\u00e1s, muebles y colchones\",\"isPartOf\":{\"@id\":\"https:\/\/donbaraton.es\/#website\"},\"primaryImageOfPage\":{\"@id\":\"https:\/\/donbaraton.es\/en\/p\/chaise-longue-sofa-bed-high-headrests-albi\/#primaryimage\"},\"image\":{\"@id\":\"https:\/\/donbaraton.es\/en\/p\/chaise-longue-sofa-bed-high-headrests-albi\/#primaryimage\"},\"thumbnailUrl\":\"https:\/\/donbaraton.es\/wp-content\/uploads\/2020\/11\/Sofa-chaise-longue-cama-con-altos-reposacabezas-Albi.-Tela-negra-piel-sintetica-blanca.-Chaise-longue-montado-al-lado-izquierdo.jpg\",\"datePublished\":\"2019-12-05T01:16:49+00:00\",\"dateModified\":\"2023-03-29T03:58:54+00:00\",\"breadcrumb\":{\"@id\":\"https:\/\/donbaraton.es\/en\/p\/chaise-longue-sofa-bed-high-headrests-albi\/#breadcrumb\"},\"inLanguage\":\"en-GB\",\"potentialAction\":[{\"@type\":\"ReadAction\",\"target\":[\"https:\/\/donbaraton.es\/en\/p\/chaise-longue-sofa-bed-high-headrests-albi\/\"]}]},{\"@type\":\"ImageObject\",\"inLanguage\":\"en-GB\",\"@id\":\"https:\/\/donbaraton.es\/en\/p\/chaise-longue-sofa-bed-high-headrests-albi\/#primaryimage\",\"url\":\"https:\/\/donbaraton.es\/wp-content\/uploads\/2020\/11\/Sofa-chaise-longue-cama-con-altos-reposacabezas-Albi.-Tela-negra-piel-sintetica-blanca.-Chaise-longue-montado-al-lado-izquierdo.jpg\",\"contentUrl\":\"https:\/\/donbaraton.es\/wp-content\/uploads\/2020\/11\/Sofa-chaise-longue-cama-con-altos-reposacabezas-Albi.-Tela-negra-piel-sintetica-blanca.-Chaise-longue-montado-al-lado-izquierdo.jpg\",\"width\":1000,\"height\":750,\"caption\":\"Chaise longue sofa bed with high headrests - Albi. Black fabric, white faux leather. Chaise longue mounted on the left\"},{\"@type\":\"BreadcrumbList\",\"@id\":\"https:\/\/donbaraton.es\/en\/p\/chaise-longue-sofa-bed-high-headrests-albi\/#breadcrumb\",\"itemListElement\":[{\"@type\":\"ListItem\",\"position\":1,\"name\":\"Portada\",\"item\":\"https:\/\/donbaraton.es\/en\/\"},{\"@type\":\"ListItem\",\"position\":2,\"name\":\"Online Shop\",\"item\":\"https:\/\/donbaraton.es\/en\/shop\/\"},{\"@type\":\"ListItem\",\"position\":3,\"name\":\"Chaise Longue Sofa Bed with High Headrests &#8211; Albi\"}]},{\"@type\":\"WebSite\",\"@id\":\"https:\/\/donbaraton.es\/#website\",\"url\":\"https:\/\/donbaraton.es\/\",\"name\":\"Don Baraton: tienda de sof\u00e1s, muebles y colchones\",\"description\":\"Sofas baratos desde el almac\u00e9n en Almorad\u00ed, Alicante\",\"publisher\":{\"@id\":\"https:\/\/donbaraton.es\/#organization\"},\"potentialAction\":[{\"@type\":\"SearchAction\",\"target\":{\"@type\":\"EntryPoint\",\"urlTemplate\":\"https:\/\/donbaraton.es\/?s={search_term_string}\"},\"query-input\":{\"@type\":\"PropertyValueSpecification\",\"valueRequired\":true,\"valueName\":\"search_term_string\"}}],\"inLanguage\":\"en-GB\"},{\"@type\":\"Organization\",\"@id\":\"https:\/\/donbaraton.es\/#organization\",\"name\":\"Don Baraton\",\"url\":\"https:\/\/donbaraton.es\/\",\"logo\":{\"@type\":\"ImageObject\",\"inLanguage\":\"en-GB\",\"@id\":\"https:\/\/donbaraton.es\/#\/schema\/logo\/image\/\",\"url\":\"https:\/\/i0.wp.com\/donbaraton.es\/wp-content\/uploads\/2016\/11\/logo_don_baraton.png?fit=228%2C110&ssl=1\",\"contentUrl\":\"https:\/\/i0.wp.com\/donbaraton.es\/wp-content\/uploads\/2016\/11\/logo_don_baraton.png?fit=228%2C110&ssl=1\",\"width\":228,\"height\":110,\"caption\":\"Don Baraton\"},\"image\":{\"@id\":\"https:\/\/donbaraton.es\/#\/schema\/logo\/image\/\"},\"sameAs\":[\"https:\/\/www.facebook.com\/donbaraton.es\",\"https:\/\/x.com\/don_baraton\",\"https:\/\/www.instagram.com\/donbaraton.es\",\"https:\/\/www.linkedin.com\/company\/donbaraton\/\",\"https:\/\/es.pinterest.com\/donbaraton\/\",\"https:\/\/www.youtube.com\/channel\/UCL02HOwx-F759Jq5MedAZfQ\"]}]}<\/script>\n<!-- \/ Yoast SEO plugin. -->","yoast_head_json":{"title":"Chaise Longue Sofa Bed with High Headrests - Albi - Don Baraton: tienda de sof\u00e1s, muebles y colchones","robots":{"index":"index","follow":"follow","max-snippet":"max-snippet:-1","max-image-preview":"max-image-preview:large","max-video-preview":"max-video-preview:-1"},"canonical":"https:\/\/donbaraton.es\/en\/p\/chaise-longue-sofa-bed-high-headrests-albi\/","og_locale":"en_GB","og_type":"article","og_title":"Chaise Longue Sofa Bed with High Headrests - Albi - Don Baraton: tienda de sof\u00e1s, muebles y colchones","og_description":"Reversible chaise longue (left or right side) Higher backrest and headrests comparing to other models Pull-out bed 126 cm x 202 cm Adjustable headrests (7 positions) Comfy seat with wave springs Upholstered in durable synthetic fabric and faux leather  Dimensions: length 245 cm, chaise longue 180 cm, height 95 cm","og_url":"https:\/\/donbaraton.es\/en\/p\/chaise-longue-sofa-bed-high-headrests-albi\/","og_site_name":"Don Baraton: tienda de sof\u00e1s, muebles y colchones","article_publisher":"https:\/\/www.facebook.com\/donbaraton.es","article_modified_time":"2023-03-29T03:58:54+00:00","og_image":[{"width":1000,"height":750,"url":"https:\/\/i1.wp.com\/donbaraton.es\/wp-content\/uploads\/2020\/11\/Sofa-chaise-longue-cama-con-altos-reposacabezas-Albi.-Tela-gris-piel-sintetica-negra.-Chaise-longue-montado-al-lado-izquierdo.jpg?fit=1000%2C750&ssl=1","type":"image\/jpeg"}],"twitter_card":"summary_large_image","twitter_site":"@don_baraton","twitter_misc":{"Estimated reading time":"1 minute"},"schema":{"@context":"https:\/\/schema.org","@graph":[{"@type":"WebPage","@id":"https:\/\/donbaraton.es\/en\/p\/chaise-longue-sofa-bed-high-headrests-albi\/","url":"https:\/\/donbaraton.es\/en\/p\/chaise-longue-sofa-bed-high-headrests-albi\/","name":"Chaise Longue Sofa Bed with High Headrests - Albi - Don Baraton: tienda de sof\u00e1s, muebles y colchones","isPartOf":{"@id":"https:\/\/donbaraton.es\/#website"},"primaryImageOfPage":{"@id":"https:\/\/donbaraton.es\/en\/p\/chaise-longue-sofa-bed-high-headrests-albi\/#primaryimage"},"image":{"@id":"https:\/\/donbaraton.es\/en\/p\/chaise-longue-sofa-bed-high-headrests-albi\/#primaryimage"},"thumbnailUrl":"https:\/\/donbaraton.es\/wp-content\/uploads\/2020\/11\/Sofa-chaise-longue-cama-con-altos-reposacabezas-Albi.-Tela-negra-piel-sintetica-blanca.-Chaise-longue-montado-al-lado-izquierdo.jpg","datePublished":"2019-12-05T01:16:49+00:00","dateModified":"2023-03-29T03:58:54+00:00","breadcrumb":{"@id":"https:\/\/donbaraton.es\/en\/p\/chaise-longue-sofa-bed-high-headrests-albi\/#breadcrumb"},"inLanguage":"en-GB","potentialAction":[{"@type":"ReadAction","target":["https:\/\/donbaraton.es\/en\/p\/chaise-longue-sofa-bed-high-headrests-albi\/"]}]},{"@type":"ImageObject","inLanguage":"en-GB","@id":"https:\/\/donbaraton.es\/en\/p\/chaise-longue-sofa-bed-high-headrests-albi\/#primaryimage","url":"https:\/\/donbaraton.es\/wp-content\/uploads\/2020\/11\/Sofa-chaise-longue-cama-con-altos-reposacabezas-Albi.-Tela-negra-piel-sintetica-blanca.-Chaise-longue-montado-al-lado-izquierdo.jpg","contentUrl":"https:\/\/donbaraton.es\/wp-content\/uploads\/2020\/11\/Sofa-chaise-longue-cama-con-altos-reposacabezas-Albi.-Tela-negra-piel-sintetica-blanca.-Chaise-longue-montado-al-lado-izquierdo.jpg","width":1000,"height":750,"caption":"Chaise longue sofa bed with high headrests - Albi. Black fabric, white faux leather. Chaise longue mounted on the left"},{"@type":"BreadcrumbList","@id":"https:\/\/donbaraton.es\/en\/p\/chaise-longue-sofa-bed-high-headrests-albi\/#breadcrumb","itemListElement":[{"@type":"ListItem","position":1,"name":"Portada","item":"https:\/\/donbaraton.es\/en\/"},{"@type":"ListItem","position":2,"name":"Online Shop","item":"https:\/\/donbaraton.es\/en\/shop\/"},{"@type":"ListItem","position":3,"name":"Chaise Longue Sofa Bed with High Headrests &#8211; Albi"}]},{"@type":"WebSite","@id":"https:\/\/donbaraton.es\/#website","url":"https:\/\/donbaraton.es\/","name":"Don Baraton: tienda de sof\u00e1s, muebles y colchones","description":"Sofas baratos desde el almac\u00e9n en Almorad\u00ed, Alicante","publisher":{"@id":"https:\/\/donbaraton.es\/#organization"},"potentialAction":[{"@type":"SearchAction","target":{"@type":"EntryPoint","urlTemplate":"https:\/\/donbaraton.es\/?s={search_term_string}"},"query-input":{"@type":"PropertyValueSpecification","valueRequired":true,"valueName":"search_term_string"}}],"inLanguage":"en-GB"},{"@type":"Organization","@id":"https:\/\/donbaraton.es\/#organization","name":"Don Baraton","url":"https:\/\/donbaraton.es\/","logo":{"@type":"ImageObject","inLanguage":"en-GB","@id":"https:\/\/donbaraton.es\/#\/schema\/logo\/image\/","url":"https:\/\/i0.wp.com\/donbaraton.es\/wp-content\/uploads\/2016\/11\/logo_don_baraton.png?fit=228%2C110&ssl=1","contentUrl":"https:\/\/i0.wp.com\/donbaraton.es\/wp-content\/uploads\/2016\/11\/logo_don_baraton.png?fit=228%2C110&ssl=1","width":228,"height":110,"caption":"Don Baraton"},"image":{"@id":"https:\/\/donbaraton.es\/#\/schema\/logo\/image\/"},"sameAs":["https:\/\/www.facebook.com\/donbaraton.es","https:\/\/x.com\/don_baraton","https:\/\/www.instagram.com\/donbaraton.es","https:\/\/www.linkedin.com\/company\/donbaraton\/","https:\/\/es.pinterest.com\/donbaraton\/","https:\/\/www.youtube.com\/channel\/UCL02HOwx-F759Jq5MedAZfQ"]}]}},"_links":{"self":[{"href":"https:\/\/donbaraton.es\/en\/wp-json\/wp\/v2\/product\/21816","targetHints":{"allow":["GET"]}}],"collection":[{"href":"https:\/\/donbaraton.es\/en\/wp-json\/wp\/v2\/product"}],"about":[{"href":"https:\/\/donbaraton.es\/en\/wp-json\/wp\/v2\/types\/product"}],"replies":[{"embeddable":true,"href":"https:\/\/donbaraton.es\/en\/wp-json\/wp\/v2\/comments?post=21816"}],"wp:featuredmedia":[{"embeddable":true,"href":"https:\/\/donbaraton.es\/en\/wp-json\/wp\/v2\/media\/28807"}],"wp:attachment":[{"href":"https:\/\/donbaraton.es\/en\/wp-json\/wp\/v2\/media?parent=21816"}],"wp:term":[{"taxonomy":"product_brand","embeddable":true,"href":"https:\/\/donbaraton.es\/en\/wp-json\/wp\/v2\/product_brand?post=21816"},{"taxonomy":"product_cat","embeddable":true,"href":"https:\/\/donbaraton.es\/en\/wp-json\/wp\/v2\/product_cat?post=21816"},{"taxonomy":"product_tag","embeddable":true,"href":"https:\/\/donbaraton.es\/en\/wp-json\/wp\/v2\/product_tag?post=21816"}],"curies":[{"name":"wp","href":"https:\/\/api.w.org\/{rel}","templated":true}]}}