{"id":21995,"date":"2021-07-21T15:00:47","date_gmt":"2019-12-11T22:36:47","guid":{"rendered":"https:\/\/donbaraton.es\/p\/corner-sofa-bed-storage-drawer-reclining-armrests-reims\/"},"modified":"2021-08-19T13:30:06","modified_gmt":"2021-08-19T11:30:06","slug":"corner-sofa-bed-storage-drawer-reclining-armrests-reims","status":"publish","type":"product","link":"https:\/\/donbaraton.es\/en\/p\/corner-sofa-bed-storage-drawer-reclining-armrests-reims\/","title":{"rendered":"Corner Sofa with Bed, Storage Drawer and Reclining Armrests &#8211; Reims"},"content":{"rendered":"<p><strong>Corner Sofa with Bed, Storage Drawer and Reclining Armrests &#8211; Reims<\/strong><\/p>\n<p>The two parts of this model are almost of the same size (the differnce is only 15 cm). The shorter part contains a storage drawer and the longer part contains a pull-out bed. The sofa is upholstered in fabric (seats, backrests and armrests) and synthetic leather (the lower part and the outer back). The armrests are reclining and can be used as a support for the head.<\/p>\n<p><strong>Dimensions:<\/strong> 265 x 250 cm, height 82 &#8211; 98 cm, height of the seats from the floor 43 cm, depth of the seats 56 cm. <strong>Dimensions of the bed:<\/strong> 125 x 195 cm<\/p>\n","protected":false},"excerpt":{"rendered":"<ul>\n<li>Pull-out bed 125 x 195 cm<\/li>\n<li>Storage drawer<\/li>\n<li>4 reclining headrests (7 positions)<\/li>\n<li>2 reclining armrests<\/li>\n<li>Upholstered in fabric and synthetic leather<\/li>\n<\/ul>\n<p><strong>Dimension:<\/strong> 265 x 250 cm, depth 90 cm, height 98 cm<\/p>\n","protected":false},"featured_media":34255,"comment_status":"open","ping_status":"closed","template":"","meta":{"_et_pb_use_builder":"","_et_pb_old_content":"","_et_gb_content_width":""},"product_brand":[],"product_cat":[108,41,35],"product_tag":[],"class_list":{"0":"post-21995","1":"product","2":"type-product","3":"status-publish","4":"has-post-thumbnail","6":"product_cat-corner-sofas","7":"product_cat-sofa-beds","8":"product_cat-sofas-en","9":"product_shipping_class-articulos-pesados","10":"pa_lado-left","11":"pa_lado-right","12":"pa_largo-sofas-251-300-cm-en","13":"pa_material-fabric","14":"pa_material-faux-leather","15":"pa_muelles-sinuous-springs","16":"pa_plazas-large-sofas","18":"first","19":"outofstock","20":"sale","21":"taxable","22":"shipping-taxable","23":"purchasable","24":"product-type-variable"},"yoast_head":"<!-- This site is optimized with the Yoast SEO plugin v27.2 - https:\/\/yoast.com\/product\/yoast-seo-wordpress\/ -->\n<title>Corner Sofa with Bed, Storage Drawer and Reclining Armrests - Reims - Don Baraton: tienda de sof\u00e1s, muebles y colchones<\/title>\n<meta name=\"robots\" content=\"index, follow, max-snippet:-1, max-image-preview:large, max-video-preview:-1\" \/>\n<link rel=\"canonical\" href=\"https:\/\/donbaraton.es\/en\/p\/corner-sofa-bed-storage-drawer-reclining-armrests-reims\/\" \/>\n<meta property=\"og:locale\" content=\"en_GB\" \/>\n<meta property=\"og:type\" content=\"article\" \/>\n<meta property=\"og:title\" content=\"Corner Sofa with Bed, Storage Drawer and Reclining Armrests - Reims - Don Baraton: tienda de sof\u00e1s, muebles y colchones\" \/>\n<meta property=\"og:description\" content=\"Pull-out bed 125 x 195 cm Storage drawer 4 reclining headrests (7 positions) 2 reclining armrests Upholstered in fabric and synthetic leather  Dimension: 265 x 250 cm, depth 90 cm, height 98 cm\" \/>\n<meta property=\"og:url\" content=\"https:\/\/donbaraton.es\/en\/p\/corner-sofa-bed-storage-drawer-reclining-armrests-reims\/\" \/>\n<meta property=\"og:site_name\" content=\"Don Baraton: tienda de sof\u00e1s, muebles y colchones\" \/>\n<meta property=\"article:publisher\" content=\"https:\/\/www.facebook.com\/donbaraton.es\" \/>\n<meta property=\"article:modified_time\" content=\"2021-08-19T11:30:06+00:00\" \/>\n<meta property=\"og:image\" content=\"https:\/\/i1.wp.com\/donbaraton.es\/wp-content\/uploads\/2019\/12\/Sof\u00e1-rinconera-con-cama-ba\u00fal-extra\u00edble-izquierdo-y-reposabrazos-reclinables-Reims.-Gris-con-negro.jpg?fit=1000%2C750&ssl=1\" \/>\n\t<meta property=\"og:image:width\" content=\"1000\" \/>\n\t<meta property=\"og:image:height\" content=\"750\" \/>\n\t<meta property=\"og:image:type\" content=\"image\/jpeg\" \/>\n<meta name=\"twitter:card\" content=\"summary_large_image\" \/>\n<meta name=\"twitter:site\" content=\"@don_baraton\" \/>\n<meta name=\"twitter:label1\" content=\"Estimated reading time\" \/>\n\t<meta name=\"twitter:data1\" content=\"1 minute\" \/>\n<script type=\"application\/ld+json\" class=\"yoast-schema-graph\">{\"@context\":\"https:\/\/schema.org\",\"@graph\":[{\"@type\":\"WebPage\",\"@id\":\"https:\/\/donbaraton.es\/en\/p\/corner-sofa-bed-storage-drawer-reclining-armrests-reims\/\",\"url\":\"https:\/\/donbaraton.es\/en\/p\/corner-sofa-bed-storage-drawer-reclining-armrests-reims\/\",\"name\":\"Corner Sofa with Bed, Storage Drawer and Reclining Armrests - Reims - Don Baraton: tienda de sof\u00e1s, muebles y colchones\",\"isPartOf\":{\"@id\":\"https:\/\/donbaraton.es\/#website\"},\"primaryImageOfPage\":{\"@id\":\"https:\/\/donbaraton.es\/en\/p\/corner-sofa-bed-storage-drawer-reclining-armrests-reims\/#primaryimage\"},\"image\":{\"@id\":\"https:\/\/donbaraton.es\/en\/p\/corner-sofa-bed-storage-drawer-reclining-armrests-reims\/#primaryimage\"},\"thumbnailUrl\":\"https:\/\/donbaraton.es\/wp-content\/uploads\/2021\/07\/Sofa-rinconera-con-cama-baul-extraible-izquierdo-y-reposabrazos-reclinables-Reims.-Gris-con-blanco.jpg\",\"datePublished\":\"2019-12-11T22:36:47+00:00\",\"dateModified\":\"2021-08-19T11:30:06+00:00\",\"breadcrumb\":{\"@id\":\"https:\/\/donbaraton.es\/en\/p\/corner-sofa-bed-storage-drawer-reclining-armrests-reims\/#breadcrumb\"},\"inLanguage\":\"en-GB\",\"potentialAction\":[{\"@type\":\"ReadAction\",\"target\":[\"https:\/\/donbaraton.es\/en\/p\/corner-sofa-bed-storage-drawer-reclining-armrests-reims\/\"]}]},{\"@type\":\"ImageObject\",\"inLanguage\":\"en-GB\",\"@id\":\"https:\/\/donbaraton.es\/en\/p\/corner-sofa-bed-storage-drawer-reclining-armrests-reims\/#primaryimage\",\"url\":\"https:\/\/donbaraton.es\/wp-content\/uploads\/2021\/07\/Sofa-rinconera-con-cama-baul-extraible-izquierdo-y-reposabrazos-reclinables-Reims.-Gris-con-blanco.jpg\",\"contentUrl\":\"https:\/\/donbaraton.es\/wp-content\/uploads\/2021\/07\/Sofa-rinconera-con-cama-baul-extraible-izquierdo-y-reposabrazos-reclinables-Reims.-Gris-con-blanco.jpg\",\"width\":1000,\"height\":750,\"caption\":\"Sof\u00e1 rinconera con cama, ba\u00fal extra\u00edble (izquierdo) y reposabrazos reclinables - Reims. Gris con blanco\"},{\"@type\":\"BreadcrumbList\",\"@id\":\"https:\/\/donbaraton.es\/en\/p\/corner-sofa-bed-storage-drawer-reclining-armrests-reims\/#breadcrumb\",\"itemListElement\":[{\"@type\":\"ListItem\",\"position\":1,\"name\":\"Portada\",\"item\":\"https:\/\/donbaraton.es\/en\/\"},{\"@type\":\"ListItem\",\"position\":2,\"name\":\"Online Shop\",\"item\":\"https:\/\/donbaraton.es\/en\/shop\/\"},{\"@type\":\"ListItem\",\"position\":3,\"name\":\"Corner Sofa with Bed, Storage Drawer and Reclining Armrests &#8211; Reims\"}]},{\"@type\":\"WebSite\",\"@id\":\"https:\/\/donbaraton.es\/#website\",\"url\":\"https:\/\/donbaraton.es\/\",\"name\":\"Don Baraton: tienda de sof\u00e1s, muebles y colchones\",\"description\":\"Sofas baratos desde el almac\u00e9n en Almorad\u00ed, Alicante\",\"publisher\":{\"@id\":\"https:\/\/donbaraton.es\/#organization\"},\"potentialAction\":[{\"@type\":\"SearchAction\",\"target\":{\"@type\":\"EntryPoint\",\"urlTemplate\":\"https:\/\/donbaraton.es\/?s={search_term_string}\"},\"query-input\":{\"@type\":\"PropertyValueSpecification\",\"valueRequired\":true,\"valueName\":\"search_term_string\"}}],\"inLanguage\":\"en-GB\"},{\"@type\":\"Organization\",\"@id\":\"https:\/\/donbaraton.es\/#organization\",\"name\":\"Don Baraton\",\"url\":\"https:\/\/donbaraton.es\/\",\"logo\":{\"@type\":\"ImageObject\",\"inLanguage\":\"en-GB\",\"@id\":\"https:\/\/donbaraton.es\/#\/schema\/logo\/image\/\",\"url\":\"https:\/\/i0.wp.com\/donbaraton.es\/wp-content\/uploads\/2016\/11\/logo_don_baraton.png?fit=228%2C110&ssl=1\",\"contentUrl\":\"https:\/\/i0.wp.com\/donbaraton.es\/wp-content\/uploads\/2016\/11\/logo_don_baraton.png?fit=228%2C110&ssl=1\",\"width\":228,\"height\":110,\"caption\":\"Don Baraton\"},\"image\":{\"@id\":\"https:\/\/donbaraton.es\/#\/schema\/logo\/image\/\"},\"sameAs\":[\"https:\/\/www.facebook.com\/donbaraton.es\",\"https:\/\/x.com\/don_baraton\",\"https:\/\/www.instagram.com\/donbaraton.es\",\"https:\/\/www.linkedin.com\/company\/donbaraton\/\",\"https:\/\/es.pinterest.com\/donbaraton\/\",\"https:\/\/www.youtube.com\/channel\/UCL02HOwx-F759Jq5MedAZfQ\"]}]}<\/script>\n<!-- \/ Yoast SEO plugin. -->","yoast_head_json":{"title":"Corner Sofa with Bed, Storage Drawer and Reclining Armrests - Reims - Don Baraton: tienda de sof\u00e1s, muebles y colchones","robots":{"index":"index","follow":"follow","max-snippet":"max-snippet:-1","max-image-preview":"max-image-preview:large","max-video-preview":"max-video-preview:-1"},"canonical":"https:\/\/donbaraton.es\/en\/p\/corner-sofa-bed-storage-drawer-reclining-armrests-reims\/","og_locale":"en_GB","og_type":"article","og_title":"Corner Sofa with Bed, Storage Drawer and Reclining Armrests - Reims - Don Baraton: tienda de sof\u00e1s, muebles y colchones","og_description":"Pull-out bed 125 x 195 cm Storage drawer 4 reclining headrests (7 positions) 2 reclining armrests Upholstered in fabric and synthetic leather  Dimension: 265 x 250 cm, depth 90 cm, height 98 cm","og_url":"https:\/\/donbaraton.es\/en\/p\/corner-sofa-bed-storage-drawer-reclining-armrests-reims\/","og_site_name":"Don Baraton: tienda de sof\u00e1s, muebles y colchones","article_publisher":"https:\/\/www.facebook.com\/donbaraton.es","article_modified_time":"2021-08-19T11:30:06+00:00","og_image":[{"width":1000,"height":750,"url":"https:\/\/i1.wp.com\/donbaraton.es\/wp-content\/uploads\/2019\/12\/Sof\u00e1-rinconera-con-cama-ba\u00fal-extra\u00edble-izquierdo-y-reposabrazos-reclinables-Reims.-Gris-con-negro.jpg?fit=1000%2C750&ssl=1","type":"image\/jpeg"}],"twitter_card":"summary_large_image","twitter_site":"@don_baraton","twitter_misc":{"Estimated reading time":"1 minute"},"schema":{"@context":"https:\/\/schema.org","@graph":[{"@type":"WebPage","@id":"https:\/\/donbaraton.es\/en\/p\/corner-sofa-bed-storage-drawer-reclining-armrests-reims\/","url":"https:\/\/donbaraton.es\/en\/p\/corner-sofa-bed-storage-drawer-reclining-armrests-reims\/","name":"Corner Sofa with Bed, Storage Drawer and Reclining Armrests - Reims - Don Baraton: tienda de sof\u00e1s, muebles y colchones","isPartOf":{"@id":"https:\/\/donbaraton.es\/#website"},"primaryImageOfPage":{"@id":"https:\/\/donbaraton.es\/en\/p\/corner-sofa-bed-storage-drawer-reclining-armrests-reims\/#primaryimage"},"image":{"@id":"https:\/\/donbaraton.es\/en\/p\/corner-sofa-bed-storage-drawer-reclining-armrests-reims\/#primaryimage"},"thumbnailUrl":"https:\/\/donbaraton.es\/wp-content\/uploads\/2021\/07\/Sofa-rinconera-con-cama-baul-extraible-izquierdo-y-reposabrazos-reclinables-Reims.-Gris-con-blanco.jpg","datePublished":"2019-12-11T22:36:47+00:00","dateModified":"2021-08-19T11:30:06+00:00","breadcrumb":{"@id":"https:\/\/donbaraton.es\/en\/p\/corner-sofa-bed-storage-drawer-reclining-armrests-reims\/#breadcrumb"},"inLanguage":"en-GB","potentialAction":[{"@type":"ReadAction","target":["https:\/\/donbaraton.es\/en\/p\/corner-sofa-bed-storage-drawer-reclining-armrests-reims\/"]}]},{"@type":"ImageObject","inLanguage":"en-GB","@id":"https:\/\/donbaraton.es\/en\/p\/corner-sofa-bed-storage-drawer-reclining-armrests-reims\/#primaryimage","url":"https:\/\/donbaraton.es\/wp-content\/uploads\/2021\/07\/Sofa-rinconera-con-cama-baul-extraible-izquierdo-y-reposabrazos-reclinables-Reims.-Gris-con-blanco.jpg","contentUrl":"https:\/\/donbaraton.es\/wp-content\/uploads\/2021\/07\/Sofa-rinconera-con-cama-baul-extraible-izquierdo-y-reposabrazos-reclinables-Reims.-Gris-con-blanco.jpg","width":1000,"height":750,"caption":"Sof\u00e1 rinconera con cama, ba\u00fal extra\u00edble (izquierdo) y reposabrazos reclinables - Reims. Gris con blanco"},{"@type":"BreadcrumbList","@id":"https:\/\/donbaraton.es\/en\/p\/corner-sofa-bed-storage-drawer-reclining-armrests-reims\/#breadcrumb","itemListElement":[{"@type":"ListItem","position":1,"name":"Portada","item":"https:\/\/donbaraton.es\/en\/"},{"@type":"ListItem","position":2,"name":"Online Shop","item":"https:\/\/donbaraton.es\/en\/shop\/"},{"@type":"ListItem","position":3,"name":"Corner Sofa with Bed, Storage Drawer and Reclining Armrests &#8211; Reims"}]},{"@type":"WebSite","@id":"https:\/\/donbaraton.es\/#website","url":"https:\/\/donbaraton.es\/","name":"Don Baraton: tienda de sof\u00e1s, muebles y colchones","description":"Sofas baratos desde el almac\u00e9n en Almorad\u00ed, Alicante","publisher":{"@id":"https:\/\/donbaraton.es\/#organization"},"potentialAction":[{"@type":"SearchAction","target":{"@type":"EntryPoint","urlTemplate":"https:\/\/donbaraton.es\/?s={search_term_string}"},"query-input":{"@type":"PropertyValueSpecification","valueRequired":true,"valueName":"search_term_string"}}],"inLanguage":"en-GB"},{"@type":"Organization","@id":"https:\/\/donbaraton.es\/#organization","name":"Don Baraton","url":"https:\/\/donbaraton.es\/","logo":{"@type":"ImageObject","inLanguage":"en-GB","@id":"https:\/\/donbaraton.es\/#\/schema\/logo\/image\/","url":"https:\/\/i0.wp.com\/donbaraton.es\/wp-content\/uploads\/2016\/11\/logo_don_baraton.png?fit=228%2C110&ssl=1","contentUrl":"https:\/\/i0.wp.com\/donbaraton.es\/wp-content\/uploads\/2016\/11\/logo_don_baraton.png?fit=228%2C110&ssl=1","width":228,"height":110,"caption":"Don Baraton"},"image":{"@id":"https:\/\/donbaraton.es\/#\/schema\/logo\/image\/"},"sameAs":["https:\/\/www.facebook.com\/donbaraton.es","https:\/\/x.com\/don_baraton","https:\/\/www.instagram.com\/donbaraton.es","https:\/\/www.linkedin.com\/company\/donbaraton\/","https:\/\/es.pinterest.com\/donbaraton\/","https:\/\/www.youtube.com\/channel\/UCL02HOwx-F759Jq5MedAZfQ"]}]}},"_links":{"self":[{"href":"https:\/\/donbaraton.es\/en\/wp-json\/wp\/v2\/product\/21995","targetHints":{"allow":["GET"]}}],"collection":[{"href":"https:\/\/donbaraton.es\/en\/wp-json\/wp\/v2\/product"}],"about":[{"href":"https:\/\/donbaraton.es\/en\/wp-json\/wp\/v2\/types\/product"}],"replies":[{"embeddable":true,"href":"https:\/\/donbaraton.es\/en\/wp-json\/wp\/v2\/comments?post=21995"}],"wp:featuredmedia":[{"embeddable":true,"href":"https:\/\/donbaraton.es\/en\/wp-json\/wp\/v2\/media\/34255"}],"wp:attachment":[{"href":"https:\/\/donbaraton.es\/en\/wp-json\/wp\/v2\/media?parent=21995"}],"wp:term":[{"taxonomy":"product_brand","embeddable":true,"href":"https:\/\/donbaraton.es\/en\/wp-json\/wp\/v2\/product_brand?post=21995"},{"taxonomy":"product_cat","embeddable":true,"href":"https:\/\/donbaraton.es\/en\/wp-json\/wp\/v2\/product_cat?post=21995"},{"taxonomy":"product_tag","embeddable":true,"href":"https:\/\/donbaraton.es\/en\/wp-json\/wp\/v2\/product_tag?post=21995"}],"curies":[{"name":"wp","href":"https:\/\/api.w.org\/{rel}","templated":true}]}}