{"id":22154,"date":"2019-11-03T16:25:49","date_gmt":"2019-11-03T15:25:49","guid":{"rendered":"https:\/\/donbaraton.es\/p\/childrens-bedroom-set-bedside-table-headboard-chest-drawers-luddo\/"},"modified":"2019-12-27T16:31:38","modified_gmt":"2019-12-27T15:31:38","slug":"childrens-bedroom-set-bedside-table-headboard-chest-drawers-luddo","status":"publish","type":"product","link":"https:\/\/donbaraton.es\/en\/p\/childrens-bedroom-set-bedside-table-headboard-chest-drawers-luddo\/","title":{"rendered":"Children\u2019s Bedroom Set: Bedside Table, Headboard and Chest of Drawers &#8211; Luddo 33"},"content":{"rendered":"<p><strong>Children\u2019s Bedroom Set: Bedside Table, Headboard and Chest of Drawers &#8211; Luddo 33<\/strong><\/p>\n<p>Basic set of three furniture items for kids\u2019 bedrooms.<\/p>\n<p><strong>Bedside table<\/strong> of the set has four wheels to move it from one place to another. <strong>Two drawers<\/strong> will contain all things that your kids may want to keep at hand next to the bed.<\/p>\n<p>Single bed wall mounted\u00a0<strong>headboard<\/strong> of this furniture set is suitable for <strong><a href=\"https:\/\/donbaraton.es\/en\/p\/upholstered-bed-base-metal-support-bars-bazio\/\">upholstered bed bases<\/a><\/strong> or <a href=\"https:\/\/donbaraton.es\/en\/p\/slatted-bed-base-laminor\/\"><strong>slatted bed bases<\/strong><\/a> up to 110 cm wide (sold separately).<\/p>\n<p>Narrow <strong>six drawers chest is also included. <\/strong>The drawers will help your children to keep toys, books and gadgets in order. The chest also has four wheels.<\/p>\n<p>The main colour of the set is<strong>\u00a0light grey<\/strong> colour will fit almost any interior. The fronts of the furniture can be ordered in <strong>pink, blue, grey or green <\/strong>colour.<\/p>\n<p><strong>Dimensions. Bedside table:\u00a0<\/strong>width 50 cm, height 48.2 cm, depth 35.5 cm. <strong>Headboard: <\/strong>width 110 cm, height 45 cm, depth 1.8 cm.<strong>\u00a0Chest of drawers: <\/strong>width 50 cm, depth 40.2 cm, height 124.2 cm<\/p>\n<p>Assembly service is not included in the price<\/p>\n","protected":false},"excerpt":{"rendered":"<ul>\n<li>Basic combination for children&#8217;s bedrooms<\/li>\n<li>2 drawer <strong>bedside table<\/strong> on wheels<\/li>\n<li>Single bed wall mounted <strong>headboard<\/strong><\/li>\n<li>Tall 6 drawer<strong> chest of drawers<\/strong> with wheels<\/li>\n<li>4 colours to choose: <strong>pink, blue, grey and green<\/strong><\/li>\n<li>Matches other furniture of the Luddo range<\/li>\n<\/ul>\n","protected":false},"featured_media":20871,"comment_status":"open","ping_status":"closed","template":"","meta":{"_et_pb_use_builder":"","_et_pb_old_content":"","_et_gb_content_width":""},"product_brand":[],"product_cat":[291,71],"product_tag":[],"class_list":{"0":"post-22154","1":"product","2":"type-product","3":"status-publish","4":"has-post-thumbnail","6":"product_cat-children","7":"product_cat-furniture","8":"product_shipping_class-3-20-kg-hasta-10-dias","9":"pa_material-mdf-particle-board","11":"first","12":"outofstock","13":"taxable","14":"shipping-taxable","15":"purchasable","16":"product-type-variable"},"yoast_head":"<!-- This site is optimized with the Yoast SEO plugin v27.2 - https:\/\/yoast.com\/product\/yoast-seo-wordpress\/ -->\n<title>Children\u2019s Bedroom Set: Bedside Table, Headboard and Chest of Drawers - Luddo 33 - Don Baraton: tienda de sof\u00e1s, muebles y colchones<\/title>\n<meta name=\"robots\" content=\"index, follow, max-snippet:-1, max-image-preview:large, max-video-preview:-1\" \/>\n<link rel=\"canonical\" href=\"https:\/\/donbaraton.es\/en\/p\/childrens-bedroom-set-bedside-table-headboard-chest-drawers-luddo\/\" \/>\n<meta property=\"og:locale\" content=\"en_GB\" \/>\n<meta property=\"og:type\" content=\"article\" \/>\n<meta property=\"og:title\" content=\"Children\u2019s Bedroom Set: Bedside Table, Headboard and Chest of Drawers - Luddo 33 - Don Baraton: tienda de sof\u00e1s, muebles y colchones\" \/>\n<meta property=\"og:description\" content=\"Basic combination for children&#039;s bedrooms  2 drawer bedside table on wheels  Single bed wall mounted headboard  Tall 6 drawer chest of drawers with wheels  4 colours to choose: pink, blue, grey and green  Matches other furniture of the Luddo range\" \/>\n<meta property=\"og:url\" content=\"https:\/\/donbaraton.es\/en\/p\/childrens-bedroom-set-bedside-table-headboard-chest-drawers-luddo\/\" \/>\n<meta property=\"og:site_name\" content=\"Don Baraton: tienda de sof\u00e1s, muebles y colchones\" \/>\n<meta property=\"article:publisher\" content=\"https:\/\/www.facebook.com\/donbaraton.es\" \/>\n<meta property=\"article:modified_time\" content=\"2019-12-27T15:31:38+00:00\" \/>\n<meta property=\"og:image\" content=\"https:\/\/i0.wp.com\/donbaraton.es\/wp-content\/uploads\/2019\/10\/Conjunto-para-dormitorio-juvenil-mesita-de-noche-cabecero-y-sinfonier.-Rosa-con-gris-claro-Luddo-33.jpg?fit=844%2C633&ssl=1\" \/>\n\t<meta property=\"og:image:width\" content=\"844\" \/>\n\t<meta property=\"og:image:height\" content=\"633\" \/>\n\t<meta property=\"og:image:type\" content=\"image\/jpeg\" \/>\n<meta name=\"twitter:card\" content=\"summary_large_image\" \/>\n<meta name=\"twitter:site\" content=\"@don_baraton\" \/>\n<meta name=\"twitter:label1\" content=\"Estimated reading time\" \/>\n\t<meta name=\"twitter:data1\" content=\"1 minute\" \/>\n<script type=\"application\/ld+json\" class=\"yoast-schema-graph\">{\"@context\":\"https:\/\/schema.org\",\"@graph\":[{\"@type\":\"WebPage\",\"@id\":\"https:\/\/donbaraton.es\/en\/p\/childrens-bedroom-set-bedside-table-headboard-chest-drawers-luddo\/\",\"url\":\"https:\/\/donbaraton.es\/en\/p\/childrens-bedroom-set-bedside-table-headboard-chest-drawers-luddo\/\",\"name\":\"Children\u2019s Bedroom Set: Bedside Table, Headboard and Chest of Drawers - Luddo 33 - Don Baraton: tienda de sof\u00e1s, muebles y colchones\",\"isPartOf\":{\"@id\":\"https:\/\/donbaraton.es\/#website\"},\"primaryImageOfPage\":{\"@id\":\"https:\/\/donbaraton.es\/en\/p\/childrens-bedroom-set-bedside-table-headboard-chest-drawers-luddo\/#primaryimage\"},\"image\":{\"@id\":\"https:\/\/donbaraton.es\/en\/p\/childrens-bedroom-set-bedside-table-headboard-chest-drawers-luddo\/#primaryimage\"},\"thumbnailUrl\":\"https:\/\/donbaraton.es\/wp-content\/uploads\/2019\/10\/Conjunto-para-dormitorio-juvenil-mesita-de-noche-cabecero-y-sinfonier.-Rosa-con-gris-claro-Luddo-33.jpg\",\"datePublished\":\"2019-11-03T15:25:49+00:00\",\"dateModified\":\"2019-12-27T15:31:38+00:00\",\"breadcrumb\":{\"@id\":\"https:\/\/donbaraton.es\/en\/p\/childrens-bedroom-set-bedside-table-headboard-chest-drawers-luddo\/#breadcrumb\"},\"inLanguage\":\"en-GB\",\"potentialAction\":[{\"@type\":\"ReadAction\",\"target\":[\"https:\/\/donbaraton.es\/en\/p\/childrens-bedroom-set-bedside-table-headboard-chest-drawers-luddo\/\"]}]},{\"@type\":\"ImageObject\",\"inLanguage\":\"en-GB\",\"@id\":\"https:\/\/donbaraton.es\/en\/p\/childrens-bedroom-set-bedside-table-headboard-chest-drawers-luddo\/#primaryimage\",\"url\":\"https:\/\/donbaraton.es\/wp-content\/uploads\/2019\/10\/Conjunto-para-dormitorio-juvenil-mesita-de-noche-cabecero-y-sinfonier.-Rosa-con-gris-claro-Luddo-33.jpg\",\"contentUrl\":\"https:\/\/donbaraton.es\/wp-content\/uploads\/2019\/10\/Conjunto-para-dormitorio-juvenil-mesita-de-noche-cabecero-y-sinfonier.-Rosa-con-gris-claro-Luddo-33.jpg\",\"width\":844,\"height\":633,\"caption\":\"Children\u2019s Bedroom Set in Pink: Bedside Table, Headboard and Chest of Drawers - Luddo 33\"},{\"@type\":\"BreadcrumbList\",\"@id\":\"https:\/\/donbaraton.es\/en\/p\/childrens-bedroom-set-bedside-table-headboard-chest-drawers-luddo\/#breadcrumb\",\"itemListElement\":[{\"@type\":\"ListItem\",\"position\":1,\"name\":\"Portada\",\"item\":\"https:\/\/donbaraton.es\/en\/\"},{\"@type\":\"ListItem\",\"position\":2,\"name\":\"Online Shop\",\"item\":\"https:\/\/donbaraton.es\/en\/shop\/\"},{\"@type\":\"ListItem\",\"position\":3,\"name\":\"Children\u2019s Bedroom Set: Bedside Table, Headboard and Chest of Drawers &#8211; Luddo 33\"}]},{\"@type\":\"WebSite\",\"@id\":\"https:\/\/donbaraton.es\/#website\",\"url\":\"https:\/\/donbaraton.es\/\",\"name\":\"Don Baraton: tienda de sof\u00e1s, muebles y colchones\",\"description\":\"Sofas baratos desde el almac\u00e9n en Almorad\u00ed, Alicante\",\"publisher\":{\"@id\":\"https:\/\/donbaraton.es\/#organization\"},\"potentialAction\":[{\"@type\":\"SearchAction\",\"target\":{\"@type\":\"EntryPoint\",\"urlTemplate\":\"https:\/\/donbaraton.es\/?s={search_term_string}\"},\"query-input\":{\"@type\":\"PropertyValueSpecification\",\"valueRequired\":true,\"valueName\":\"search_term_string\"}}],\"inLanguage\":\"en-GB\"},{\"@type\":\"Organization\",\"@id\":\"https:\/\/donbaraton.es\/#organization\",\"name\":\"Don Baraton\",\"url\":\"https:\/\/donbaraton.es\/\",\"logo\":{\"@type\":\"ImageObject\",\"inLanguage\":\"en-GB\",\"@id\":\"https:\/\/donbaraton.es\/#\/schema\/logo\/image\/\",\"url\":\"https:\/\/i0.wp.com\/donbaraton.es\/wp-content\/uploads\/2016\/11\/logo_don_baraton.png?fit=228%2C110&ssl=1\",\"contentUrl\":\"https:\/\/i0.wp.com\/donbaraton.es\/wp-content\/uploads\/2016\/11\/logo_don_baraton.png?fit=228%2C110&ssl=1\",\"width\":228,\"height\":110,\"caption\":\"Don Baraton\"},\"image\":{\"@id\":\"https:\/\/donbaraton.es\/#\/schema\/logo\/image\/\"},\"sameAs\":[\"https:\/\/www.facebook.com\/donbaraton.es\",\"https:\/\/x.com\/don_baraton\",\"https:\/\/www.instagram.com\/donbaraton.es\",\"https:\/\/www.linkedin.com\/company\/donbaraton\/\",\"https:\/\/es.pinterest.com\/donbaraton\/\",\"https:\/\/www.youtube.com\/channel\/UCL02HOwx-F759Jq5MedAZfQ\"]}]}<\/script>\n<!-- \/ Yoast SEO plugin. -->","yoast_head_json":{"title":"Children\u2019s Bedroom Set: Bedside Table, Headboard and Chest of Drawers - Luddo 33 - Don Baraton: tienda de sof\u00e1s, muebles y colchones","robots":{"index":"index","follow":"follow","max-snippet":"max-snippet:-1","max-image-preview":"max-image-preview:large","max-video-preview":"max-video-preview:-1"},"canonical":"https:\/\/donbaraton.es\/en\/p\/childrens-bedroom-set-bedside-table-headboard-chest-drawers-luddo\/","og_locale":"en_GB","og_type":"article","og_title":"Children\u2019s Bedroom Set: Bedside Table, Headboard and Chest of Drawers - Luddo 33 - Don Baraton: tienda de sof\u00e1s, muebles y colchones","og_description":"Basic combination for children's bedrooms  2 drawer bedside table on wheels  Single bed wall mounted headboard  Tall 6 drawer chest of drawers with wheels  4 colours to choose: pink, blue, grey and green  Matches other furniture of the Luddo range","og_url":"https:\/\/donbaraton.es\/en\/p\/childrens-bedroom-set-bedside-table-headboard-chest-drawers-luddo\/","og_site_name":"Don Baraton: tienda de sof\u00e1s, muebles y colchones","article_publisher":"https:\/\/www.facebook.com\/donbaraton.es","article_modified_time":"2019-12-27T15:31:38+00:00","og_image":[{"width":844,"height":633,"url":"https:\/\/i0.wp.com\/donbaraton.es\/wp-content\/uploads\/2019\/10\/Conjunto-para-dormitorio-juvenil-mesita-de-noche-cabecero-y-sinfonier.-Rosa-con-gris-claro-Luddo-33.jpg?fit=844%2C633&ssl=1","type":"image\/jpeg"}],"twitter_card":"summary_large_image","twitter_site":"@don_baraton","twitter_misc":{"Estimated reading time":"1 minute"},"schema":{"@context":"https:\/\/schema.org","@graph":[{"@type":"WebPage","@id":"https:\/\/donbaraton.es\/en\/p\/childrens-bedroom-set-bedside-table-headboard-chest-drawers-luddo\/","url":"https:\/\/donbaraton.es\/en\/p\/childrens-bedroom-set-bedside-table-headboard-chest-drawers-luddo\/","name":"Children\u2019s Bedroom Set: Bedside Table, Headboard and Chest of Drawers - Luddo 33 - Don Baraton: tienda de sof\u00e1s, muebles y colchones","isPartOf":{"@id":"https:\/\/donbaraton.es\/#website"},"primaryImageOfPage":{"@id":"https:\/\/donbaraton.es\/en\/p\/childrens-bedroom-set-bedside-table-headboard-chest-drawers-luddo\/#primaryimage"},"image":{"@id":"https:\/\/donbaraton.es\/en\/p\/childrens-bedroom-set-bedside-table-headboard-chest-drawers-luddo\/#primaryimage"},"thumbnailUrl":"https:\/\/donbaraton.es\/wp-content\/uploads\/2019\/10\/Conjunto-para-dormitorio-juvenil-mesita-de-noche-cabecero-y-sinfonier.-Rosa-con-gris-claro-Luddo-33.jpg","datePublished":"2019-11-03T15:25:49+00:00","dateModified":"2019-12-27T15:31:38+00:00","breadcrumb":{"@id":"https:\/\/donbaraton.es\/en\/p\/childrens-bedroom-set-bedside-table-headboard-chest-drawers-luddo\/#breadcrumb"},"inLanguage":"en-GB","potentialAction":[{"@type":"ReadAction","target":["https:\/\/donbaraton.es\/en\/p\/childrens-bedroom-set-bedside-table-headboard-chest-drawers-luddo\/"]}]},{"@type":"ImageObject","inLanguage":"en-GB","@id":"https:\/\/donbaraton.es\/en\/p\/childrens-bedroom-set-bedside-table-headboard-chest-drawers-luddo\/#primaryimage","url":"https:\/\/donbaraton.es\/wp-content\/uploads\/2019\/10\/Conjunto-para-dormitorio-juvenil-mesita-de-noche-cabecero-y-sinfonier.-Rosa-con-gris-claro-Luddo-33.jpg","contentUrl":"https:\/\/donbaraton.es\/wp-content\/uploads\/2019\/10\/Conjunto-para-dormitorio-juvenil-mesita-de-noche-cabecero-y-sinfonier.-Rosa-con-gris-claro-Luddo-33.jpg","width":844,"height":633,"caption":"Children\u2019s Bedroom Set in Pink: Bedside Table, Headboard and Chest of Drawers - Luddo 33"},{"@type":"BreadcrumbList","@id":"https:\/\/donbaraton.es\/en\/p\/childrens-bedroom-set-bedside-table-headboard-chest-drawers-luddo\/#breadcrumb","itemListElement":[{"@type":"ListItem","position":1,"name":"Portada","item":"https:\/\/donbaraton.es\/en\/"},{"@type":"ListItem","position":2,"name":"Online Shop","item":"https:\/\/donbaraton.es\/en\/shop\/"},{"@type":"ListItem","position":3,"name":"Children\u2019s Bedroom Set: Bedside Table, Headboard and Chest of Drawers &#8211; Luddo 33"}]},{"@type":"WebSite","@id":"https:\/\/donbaraton.es\/#website","url":"https:\/\/donbaraton.es\/","name":"Don Baraton: tienda de sof\u00e1s, muebles y colchones","description":"Sofas baratos desde el almac\u00e9n en Almorad\u00ed, Alicante","publisher":{"@id":"https:\/\/donbaraton.es\/#organization"},"potentialAction":[{"@type":"SearchAction","target":{"@type":"EntryPoint","urlTemplate":"https:\/\/donbaraton.es\/?s={search_term_string}"},"query-input":{"@type":"PropertyValueSpecification","valueRequired":true,"valueName":"search_term_string"}}],"inLanguage":"en-GB"},{"@type":"Organization","@id":"https:\/\/donbaraton.es\/#organization","name":"Don Baraton","url":"https:\/\/donbaraton.es\/","logo":{"@type":"ImageObject","inLanguage":"en-GB","@id":"https:\/\/donbaraton.es\/#\/schema\/logo\/image\/","url":"https:\/\/i0.wp.com\/donbaraton.es\/wp-content\/uploads\/2016\/11\/logo_don_baraton.png?fit=228%2C110&ssl=1","contentUrl":"https:\/\/i0.wp.com\/donbaraton.es\/wp-content\/uploads\/2016\/11\/logo_don_baraton.png?fit=228%2C110&ssl=1","width":228,"height":110,"caption":"Don Baraton"},"image":{"@id":"https:\/\/donbaraton.es\/#\/schema\/logo\/image\/"},"sameAs":["https:\/\/www.facebook.com\/donbaraton.es","https:\/\/x.com\/don_baraton","https:\/\/www.instagram.com\/donbaraton.es","https:\/\/www.linkedin.com\/company\/donbaraton\/","https:\/\/es.pinterest.com\/donbaraton\/","https:\/\/www.youtube.com\/channel\/UCL02HOwx-F759Jq5MedAZfQ"]}]}},"_links":{"self":[{"href":"https:\/\/donbaraton.es\/en\/wp-json\/wp\/v2\/product\/22154","targetHints":{"allow":["GET"]}}],"collection":[{"href":"https:\/\/donbaraton.es\/en\/wp-json\/wp\/v2\/product"}],"about":[{"href":"https:\/\/donbaraton.es\/en\/wp-json\/wp\/v2\/types\/product"}],"replies":[{"embeddable":true,"href":"https:\/\/donbaraton.es\/en\/wp-json\/wp\/v2\/comments?post=22154"}],"wp:featuredmedia":[{"embeddable":true,"href":"https:\/\/donbaraton.es\/en\/wp-json\/wp\/v2\/media\/20871"}],"wp:attachment":[{"href":"https:\/\/donbaraton.es\/en\/wp-json\/wp\/v2\/media?parent=22154"}],"wp:term":[{"taxonomy":"product_brand","embeddable":true,"href":"https:\/\/donbaraton.es\/en\/wp-json\/wp\/v2\/product_brand?post=22154"},{"taxonomy":"product_cat","embeddable":true,"href":"https:\/\/donbaraton.es\/en\/wp-json\/wp\/v2\/product_cat?post=22154"},{"taxonomy":"product_tag","embeddable":true,"href":"https:\/\/donbaraton.es\/en\/wp-json\/wp\/v2\/product_tag?post=22154"}],"curies":[{"name":"wp","href":"https:\/\/api.w.org\/{rel}","templated":true}]}}