{"id":22174,"date":"2019-11-03T16:55:24","date_gmt":"2019-11-03T15:55:24","guid":{"rendered":"https:\/\/donbaraton.es\/p\/childrens-bedroom-set-corner-wardrobe-side-shelves-bed-desk-wall-shelves-luddo\/"},"modified":"2019-12-24T01:45:31","modified_gmt":"2019-12-24T00:45:31","slug":"childrens-bedroom-set-corner-wardrobe-side-shelves-bed-desk-wall-shelf-luddo","status":"publish","type":"product","link":"https:\/\/donbaraton.es\/en\/p\/childrens-bedroom-set-corner-wardrobe-side-shelves-bed-desk-wall-shelf-luddo\/","title":{"rendered":"Children\u2019s Bedroom Set: Corner Wardrobe with Side Shelves, Bed, Desk, Wall Shelf &#8211; Luddo 09"},"content":{"rendered":"<p><strong>Children\u2019s Bedroom Set: Corner Wardrobe with Side Shelves, Bed, Desk, Wall Shelf &#8211; Luddo 09<\/strong><\/p>\n<p>Furniture composition for kids bedrooms consisting of four furniture items.<\/p>\n<p>Spacious two door<strong>\u00a0corner wardrobe<\/strong> with a five tier side shelving unit is perfect for tucking into a corner of the bedroom. The shelves can be installed on either side of the wardrobe.<\/p>\n<p><strong>Trundle bed<\/strong>\u00a0of the set offers two sleeping areas \u2013 the upper bed of 90 x 190 cm, and the lower bed of 90 x 180 cm.<strong>\u00a0Mattresses and slatted bases for the bed are not included (can be purchased separately on our website).\u00a0<\/strong>Three spacious drawers of the bed will help your kids to keep their things in order.<\/p>\n<p>A narrow\u00a0<strong>desk<\/strong>\u00a0with a wider area on one of the sides does\u2019t require much space and provides a convenient workplace.<\/p>\n<p><strong>Wall mounted shelf<\/strong>\u00a0is another item included in the set. Perfect to install on the wall above the bed or above the table.<\/p>\n<p><strong>Four colours<\/strong> to choose from: <strong>pink, blue, grey<\/strong> and <strong>green.<\/strong><\/p>\n<p><strong>Dimensions. <\/strong><strong>Corner wardrobe with side shelves:\u00a0<\/strong>longer side (with shelves) 154 cm, shorter side (with no shelves) 124 cm, height 205.6 cm. \u00a0<strong>Trundle<\/strong>\u00a0<strong>bed (90 x 190):\u00a0<\/strong>length 203.2 cm, width 99.5 cm, height 78.5 cm. <strong>Desk: <\/strong>length 203 cm, depth 38 \u2013 49.8 cm, height 77 cm.<strong> Wall shelf:<\/strong> \u00a0length 195 cm, depth 23.2 cm, height 25.5 cm<\/p>\n<p>Assembly service is not included in the price<\/p>\n<p>Bed bases and mattresses are not included<\/p>\n","protected":false},"excerpt":{"rendered":"<ul>\n<li><strong>Corner wardrobe<\/strong> with side shelves<\/li>\n<li><strong>Trundle bed<\/strong> (2 beds 90 x 190 cm) with 3 drawers (bases and mattresses sold separately)<\/li>\n<li>2 drawers studying <strong>desk<\/strong><\/li>\n<li>Long wall mounted <strong>shelf<\/strong><\/li>\n<li>Colours to choose: <strong>pink, blue, grey<\/strong> and <strong>green<\/strong><\/li>\n<li>All items can be purchased separately to combine with other Luddo furniture<\/li>\n<\/ul>\n","protected":false},"featured_media":20883,"comment_status":"open","ping_status":"closed","template":"","meta":{"_et_pb_use_builder":"","_et_pb_old_content":"","_et_gb_content_width":""},"product_brand":[],"product_cat":[291,71],"product_tag":[],"class_list":{"0":"post-22174","1":"product","2":"type-product","3":"status-publish","4":"has-post-thumbnail","6":"product_cat-children","7":"product_cat-furniture","8":"product_shipping_class-articulos-pesado-manufacturing-up-to-10-days","10":"first","11":"outofstock","12":"taxable","13":"shipping-taxable","14":"purchasable","15":"product-type-variable"},"yoast_head":"<!-- This site is optimized with the Yoast SEO plugin v27.2 - https:\/\/yoast.com\/product\/yoast-seo-wordpress\/ -->\n<title>Children\u2019s Bedroom Set: Corner Wardrobe with Side Shelves, Bed, Desk, Wall Shelf - Luddo 09 - Don Baraton: tienda de sof\u00e1s, muebles y colchones<\/title>\n<meta name=\"robots\" content=\"index, follow, max-snippet:-1, max-image-preview:large, max-video-preview:-1\" \/>\n<link rel=\"canonical\" href=\"https:\/\/donbaraton.es\/en\/p\/childrens-bedroom-set-corner-wardrobe-side-shelves-bed-desk-wall-shelf-luddo\/\" \/>\n<meta property=\"og:locale\" content=\"en_GB\" \/>\n<meta property=\"og:type\" content=\"article\" \/>\n<meta property=\"og:title\" content=\"Children\u2019s Bedroom Set: Corner Wardrobe with Side Shelves, Bed, Desk, Wall Shelf - Luddo 09 - Don Baraton: tienda de sof\u00e1s, muebles y colchones\" \/>\n<meta property=\"og:description\" content=\"Corner wardrobe with side shelves  Trundle bed (2 beds 90 x 190 cm) with 3 drawers (bases and mattresses sold separately)  2 drawers studying desk  Long wall mounted shelf  Colours to choose: pink, blue, grey and green  All items can be purchased separately to combine with other Luddo furniture\" \/>\n<meta property=\"og:url\" content=\"https:\/\/donbaraton.es\/en\/p\/childrens-bedroom-set-corner-wardrobe-side-shelves-bed-desk-wall-shelf-luddo\/\" \/>\n<meta property=\"og:site_name\" content=\"Don Baraton: tienda de sof\u00e1s, muebles y colchones\" \/>\n<meta property=\"article:publisher\" content=\"https:\/\/www.facebook.com\/donbaraton.es\" \/>\n<meta property=\"article:modified_time\" content=\"2019-12-24T00:45:31+00:00\" \/>\n<meta property=\"og:image\" content=\"https:\/\/i1.wp.com\/donbaraton.es\/wp-content\/uploads\/2019\/10\/Dormitorio-juvenil.-Armario-rinc\u00f3n-con-estanter\u00eda-lateral-cama-mesa-estudio-y-estante.-Gris-Luddo-09.jpg?fit=1000%2C750&ssl=1\" \/>\n\t<meta property=\"og:image:width\" content=\"1000\" \/>\n\t<meta property=\"og:image:height\" content=\"750\" \/>\n\t<meta property=\"og:image:type\" content=\"image\/jpeg\" \/>\n<meta name=\"twitter:card\" content=\"summary_large_image\" \/>\n<meta name=\"twitter:site\" content=\"@don_baraton\" \/>\n<meta name=\"twitter:label1\" content=\"Estimated reading time\" \/>\n\t<meta name=\"twitter:data1\" content=\"1 minute\" \/>\n<script type=\"application\/ld+json\" class=\"yoast-schema-graph\">{\"@context\":\"https:\/\/schema.org\",\"@graph\":[{\"@type\":\"WebPage\",\"@id\":\"https:\/\/donbaraton.es\/en\/p\/childrens-bedroom-set-corner-wardrobe-side-shelves-bed-desk-wall-shelf-luddo\/\",\"url\":\"https:\/\/donbaraton.es\/en\/p\/childrens-bedroom-set-corner-wardrobe-side-shelves-bed-desk-wall-shelf-luddo\/\",\"name\":\"Children\u2019s Bedroom Set: Corner Wardrobe with Side Shelves, Bed, Desk, Wall Shelf - Luddo 09 - Don Baraton: tienda de sof\u00e1s, muebles y colchones\",\"isPartOf\":{\"@id\":\"https:\/\/donbaraton.es\/#website\"},\"primaryImageOfPage\":{\"@id\":\"https:\/\/donbaraton.es\/en\/p\/childrens-bedroom-set-corner-wardrobe-side-shelves-bed-desk-wall-shelf-luddo\/#primaryimage\"},\"image\":{\"@id\":\"https:\/\/donbaraton.es\/en\/p\/childrens-bedroom-set-corner-wardrobe-side-shelves-bed-desk-wall-shelf-luddo\/#primaryimage\"},\"thumbnailUrl\":\"https:\/\/donbaraton.es\/wp-content\/uploads\/2019\/10\/Dormitorio-juvenil.-Armario-rinc\u00f3n-con-estanter\u00eda-lateral-cama-mesa-estudio-y-estante.-Gris-Luddo-09.jpg\",\"datePublished\":\"2019-11-03T15:55:24+00:00\",\"dateModified\":\"2019-12-24T00:45:31+00:00\",\"breadcrumb\":{\"@id\":\"https:\/\/donbaraton.es\/en\/p\/childrens-bedroom-set-corner-wardrobe-side-shelves-bed-desk-wall-shelf-luddo\/#breadcrumb\"},\"inLanguage\":\"en-GB\",\"potentialAction\":[{\"@type\":\"ReadAction\",\"target\":[\"https:\/\/donbaraton.es\/en\/p\/childrens-bedroom-set-corner-wardrobe-side-shelves-bed-desk-wall-shelf-luddo\/\"]}]},{\"@type\":\"ImageObject\",\"inLanguage\":\"en-GB\",\"@id\":\"https:\/\/donbaraton.es\/en\/p\/childrens-bedroom-set-corner-wardrobe-side-shelves-bed-desk-wall-shelf-luddo\/#primaryimage\",\"url\":\"https:\/\/donbaraton.es\/wp-content\/uploads\/2019\/10\/Dormitorio-juvenil.-Armario-rinc\u00f3n-con-estanter\u00eda-lateral-cama-mesa-estudio-y-estante.-Gris-Luddo-09.jpg\",\"contentUrl\":\"https:\/\/donbaraton.es\/wp-content\/uploads\/2019\/10\/Dormitorio-juvenil.-Armario-rinc\u00f3n-con-estanter\u00eda-lateral-cama-mesa-estudio-y-estante.-Gris-Luddo-09.jpg\",\"width\":1000,\"height\":750,\"caption\":\"Children\u2019s Bedroom Set in Grey: Corner Wardrobe with Side Shelves, Bed, Desk, Wall Shelves - Luddo 09\"},{\"@type\":\"BreadcrumbList\",\"@id\":\"https:\/\/donbaraton.es\/en\/p\/childrens-bedroom-set-corner-wardrobe-side-shelves-bed-desk-wall-shelf-luddo\/#breadcrumb\",\"itemListElement\":[{\"@type\":\"ListItem\",\"position\":1,\"name\":\"Portada\",\"item\":\"https:\/\/donbaraton.es\/en\/\"},{\"@type\":\"ListItem\",\"position\":2,\"name\":\"Online Shop\",\"item\":\"https:\/\/donbaraton.es\/en\/shop\/\"},{\"@type\":\"ListItem\",\"position\":3,\"name\":\"Children\u2019s Bedroom Set: Corner Wardrobe with Side Shelves, Bed, Desk, Wall Shelf &#8211; Luddo 09\"}]},{\"@type\":\"WebSite\",\"@id\":\"https:\/\/donbaraton.es\/#website\",\"url\":\"https:\/\/donbaraton.es\/\",\"name\":\"Don Baraton: tienda de sof\u00e1s, muebles y colchones\",\"description\":\"Sofas baratos desde el almac\u00e9n en Almorad\u00ed, Alicante\",\"publisher\":{\"@id\":\"https:\/\/donbaraton.es\/#organization\"},\"potentialAction\":[{\"@type\":\"SearchAction\",\"target\":{\"@type\":\"EntryPoint\",\"urlTemplate\":\"https:\/\/donbaraton.es\/?s={search_term_string}\"},\"query-input\":{\"@type\":\"PropertyValueSpecification\",\"valueRequired\":true,\"valueName\":\"search_term_string\"}}],\"inLanguage\":\"en-GB\"},{\"@type\":\"Organization\",\"@id\":\"https:\/\/donbaraton.es\/#organization\",\"name\":\"Don Baraton\",\"url\":\"https:\/\/donbaraton.es\/\",\"logo\":{\"@type\":\"ImageObject\",\"inLanguage\":\"en-GB\",\"@id\":\"https:\/\/donbaraton.es\/#\/schema\/logo\/image\/\",\"url\":\"https:\/\/i0.wp.com\/donbaraton.es\/wp-content\/uploads\/2016\/11\/logo_don_baraton.png?fit=228%2C110&ssl=1\",\"contentUrl\":\"https:\/\/i0.wp.com\/donbaraton.es\/wp-content\/uploads\/2016\/11\/logo_don_baraton.png?fit=228%2C110&ssl=1\",\"width\":228,\"height\":110,\"caption\":\"Don Baraton\"},\"image\":{\"@id\":\"https:\/\/donbaraton.es\/#\/schema\/logo\/image\/\"},\"sameAs\":[\"https:\/\/www.facebook.com\/donbaraton.es\",\"https:\/\/x.com\/don_baraton\",\"https:\/\/www.instagram.com\/donbaraton.es\",\"https:\/\/www.linkedin.com\/company\/donbaraton\/\",\"https:\/\/es.pinterest.com\/donbaraton\/\",\"https:\/\/www.youtube.com\/channel\/UCL02HOwx-F759Jq5MedAZfQ\"]}]}<\/script>\n<!-- \/ Yoast SEO plugin. -->","yoast_head_json":{"title":"Children\u2019s Bedroom Set: Corner Wardrobe with Side Shelves, Bed, Desk, Wall Shelf - Luddo 09 - Don Baraton: tienda de sof\u00e1s, muebles y colchones","robots":{"index":"index","follow":"follow","max-snippet":"max-snippet:-1","max-image-preview":"max-image-preview:large","max-video-preview":"max-video-preview:-1"},"canonical":"https:\/\/donbaraton.es\/en\/p\/childrens-bedroom-set-corner-wardrobe-side-shelves-bed-desk-wall-shelf-luddo\/","og_locale":"en_GB","og_type":"article","og_title":"Children\u2019s Bedroom Set: Corner Wardrobe with Side Shelves, Bed, Desk, Wall Shelf - Luddo 09 - Don Baraton: tienda de sof\u00e1s, muebles y colchones","og_description":"Corner wardrobe with side shelves  Trundle bed (2 beds 90 x 190 cm) with 3 drawers (bases and mattresses sold separately)  2 drawers studying desk  Long wall mounted shelf  Colours to choose: pink, blue, grey and green  All items can be purchased separately to combine with other Luddo furniture","og_url":"https:\/\/donbaraton.es\/en\/p\/childrens-bedroom-set-corner-wardrobe-side-shelves-bed-desk-wall-shelf-luddo\/","og_site_name":"Don Baraton: tienda de sof\u00e1s, muebles y colchones","article_publisher":"https:\/\/www.facebook.com\/donbaraton.es","article_modified_time":"2019-12-24T00:45:31+00:00","og_image":[{"width":1000,"height":750,"url":"https:\/\/i1.wp.com\/donbaraton.es\/wp-content\/uploads\/2019\/10\/Dormitorio-juvenil.-Armario-rinc\u00f3n-con-estanter\u00eda-lateral-cama-mesa-estudio-y-estante.-Gris-Luddo-09.jpg?fit=1000%2C750&ssl=1","type":"image\/jpeg"}],"twitter_card":"summary_large_image","twitter_site":"@don_baraton","twitter_misc":{"Estimated reading time":"1 minute"},"schema":{"@context":"https:\/\/schema.org","@graph":[{"@type":"WebPage","@id":"https:\/\/donbaraton.es\/en\/p\/childrens-bedroom-set-corner-wardrobe-side-shelves-bed-desk-wall-shelf-luddo\/","url":"https:\/\/donbaraton.es\/en\/p\/childrens-bedroom-set-corner-wardrobe-side-shelves-bed-desk-wall-shelf-luddo\/","name":"Children\u2019s Bedroom Set: Corner Wardrobe with Side Shelves, Bed, Desk, Wall Shelf - Luddo 09 - Don Baraton: tienda de sof\u00e1s, muebles y colchones","isPartOf":{"@id":"https:\/\/donbaraton.es\/#website"},"primaryImageOfPage":{"@id":"https:\/\/donbaraton.es\/en\/p\/childrens-bedroom-set-corner-wardrobe-side-shelves-bed-desk-wall-shelf-luddo\/#primaryimage"},"image":{"@id":"https:\/\/donbaraton.es\/en\/p\/childrens-bedroom-set-corner-wardrobe-side-shelves-bed-desk-wall-shelf-luddo\/#primaryimage"},"thumbnailUrl":"https:\/\/donbaraton.es\/wp-content\/uploads\/2019\/10\/Dormitorio-juvenil.-Armario-rinc\u00f3n-con-estanter\u00eda-lateral-cama-mesa-estudio-y-estante.-Gris-Luddo-09.jpg","datePublished":"2019-11-03T15:55:24+00:00","dateModified":"2019-12-24T00:45:31+00:00","breadcrumb":{"@id":"https:\/\/donbaraton.es\/en\/p\/childrens-bedroom-set-corner-wardrobe-side-shelves-bed-desk-wall-shelf-luddo\/#breadcrumb"},"inLanguage":"en-GB","potentialAction":[{"@type":"ReadAction","target":["https:\/\/donbaraton.es\/en\/p\/childrens-bedroom-set-corner-wardrobe-side-shelves-bed-desk-wall-shelf-luddo\/"]}]},{"@type":"ImageObject","inLanguage":"en-GB","@id":"https:\/\/donbaraton.es\/en\/p\/childrens-bedroom-set-corner-wardrobe-side-shelves-bed-desk-wall-shelf-luddo\/#primaryimage","url":"https:\/\/donbaraton.es\/wp-content\/uploads\/2019\/10\/Dormitorio-juvenil.-Armario-rinc\u00f3n-con-estanter\u00eda-lateral-cama-mesa-estudio-y-estante.-Gris-Luddo-09.jpg","contentUrl":"https:\/\/donbaraton.es\/wp-content\/uploads\/2019\/10\/Dormitorio-juvenil.-Armario-rinc\u00f3n-con-estanter\u00eda-lateral-cama-mesa-estudio-y-estante.-Gris-Luddo-09.jpg","width":1000,"height":750,"caption":"Children\u2019s Bedroom Set in Grey: Corner Wardrobe with Side Shelves, Bed, Desk, Wall Shelves - Luddo 09"},{"@type":"BreadcrumbList","@id":"https:\/\/donbaraton.es\/en\/p\/childrens-bedroom-set-corner-wardrobe-side-shelves-bed-desk-wall-shelf-luddo\/#breadcrumb","itemListElement":[{"@type":"ListItem","position":1,"name":"Portada","item":"https:\/\/donbaraton.es\/en\/"},{"@type":"ListItem","position":2,"name":"Online Shop","item":"https:\/\/donbaraton.es\/en\/shop\/"},{"@type":"ListItem","position":3,"name":"Children\u2019s Bedroom Set: Corner Wardrobe with Side Shelves, Bed, Desk, Wall Shelf &#8211; Luddo 09"}]},{"@type":"WebSite","@id":"https:\/\/donbaraton.es\/#website","url":"https:\/\/donbaraton.es\/","name":"Don Baraton: tienda de sof\u00e1s, muebles y colchones","description":"Sofas baratos desde el almac\u00e9n en Almorad\u00ed, Alicante","publisher":{"@id":"https:\/\/donbaraton.es\/#organization"},"potentialAction":[{"@type":"SearchAction","target":{"@type":"EntryPoint","urlTemplate":"https:\/\/donbaraton.es\/?s={search_term_string}"},"query-input":{"@type":"PropertyValueSpecification","valueRequired":true,"valueName":"search_term_string"}}],"inLanguage":"en-GB"},{"@type":"Organization","@id":"https:\/\/donbaraton.es\/#organization","name":"Don Baraton","url":"https:\/\/donbaraton.es\/","logo":{"@type":"ImageObject","inLanguage":"en-GB","@id":"https:\/\/donbaraton.es\/#\/schema\/logo\/image\/","url":"https:\/\/i0.wp.com\/donbaraton.es\/wp-content\/uploads\/2016\/11\/logo_don_baraton.png?fit=228%2C110&ssl=1","contentUrl":"https:\/\/i0.wp.com\/donbaraton.es\/wp-content\/uploads\/2016\/11\/logo_don_baraton.png?fit=228%2C110&ssl=1","width":228,"height":110,"caption":"Don Baraton"},"image":{"@id":"https:\/\/donbaraton.es\/#\/schema\/logo\/image\/"},"sameAs":["https:\/\/www.facebook.com\/donbaraton.es","https:\/\/x.com\/don_baraton","https:\/\/www.instagram.com\/donbaraton.es","https:\/\/www.linkedin.com\/company\/donbaraton\/","https:\/\/es.pinterest.com\/donbaraton\/","https:\/\/www.youtube.com\/channel\/UCL02HOwx-F759Jq5MedAZfQ"]}]}},"_links":{"self":[{"href":"https:\/\/donbaraton.es\/en\/wp-json\/wp\/v2\/product\/22174","targetHints":{"allow":["GET"]}}],"collection":[{"href":"https:\/\/donbaraton.es\/en\/wp-json\/wp\/v2\/product"}],"about":[{"href":"https:\/\/donbaraton.es\/en\/wp-json\/wp\/v2\/types\/product"}],"replies":[{"embeddable":true,"href":"https:\/\/donbaraton.es\/en\/wp-json\/wp\/v2\/comments?post=22174"}],"wp:featuredmedia":[{"embeddable":true,"href":"https:\/\/donbaraton.es\/en\/wp-json\/wp\/v2\/media\/20883"}],"wp:attachment":[{"href":"https:\/\/donbaraton.es\/en\/wp-json\/wp\/v2\/media?parent=22174"}],"wp:term":[{"taxonomy":"product_brand","embeddable":true,"href":"https:\/\/donbaraton.es\/en\/wp-json\/wp\/v2\/product_brand?post=22174"},{"taxonomy":"product_cat","embeddable":true,"href":"https:\/\/donbaraton.es\/en\/wp-json\/wp\/v2\/product_cat?post=22174"},{"taxonomy":"product_tag","embeddable":true,"href":"https:\/\/donbaraton.es\/en\/wp-json\/wp\/v2\/product_tag?post=22174"}],"curies":[{"name":"wp","href":"https:\/\/api.w.org\/{rel}","templated":true}]}}