{"id":22188,"date":"2019-11-03T17:23:39","date_gmt":"2019-11-03T16:23:39","guid":{"rendered":"https:\/\/donbaraton.es\/p\/childrens-bedroom-set-sliding-doors-wardrobe-trundle-bed-shelf-luddo\/"},"modified":"2019-12-26T16:40:43","modified_gmt":"2019-12-26T15:40:43","slug":"childrens-bedroom-set-sliding-doors-wardrobe-trundle-bed-shelf-luddo","status":"publish","type":"product","link":"https:\/\/donbaraton.es\/en\/p\/childrens-bedroom-set-sliding-doors-wardrobe-trundle-bed-shelf-luddo\/","title":{"rendered":"Children\u2019s Bedroom Set: Sliding Doors Wardrobe, Trundle Bed, Shelf &#8211; Luddo 10"},"content":{"rendered":"<p><strong>Children\u2019s Bedroom Set: Sliding Doors Wardrobe, Trundle Bed, Shelf &#8211; Luddo 10<\/strong><\/p>\n<p>Set of three furniture items for children&#8217;s rooms.<\/p>\n<p><strong>Wardrobe<\/strong> with two sliding doors, included in the set, will perfectly fit in small rooms. You don&#8217;t need any additional space to open the doors. The upper shelf inside and the hanging rail are included.<\/p>\n<p><strong>Trundle bed<\/strong> of this furniture set has two sleeping places \u2013 the upper bed of 90 x 190 cm, and the lower bed of 90 x 180 cm.<strong>Three drawers <\/strong>of the bed will help your kids to keep their things. <strong>Mattresses and slatted bases for the bed are not included in the price (can be purchased separately on our website).\u00a0<\/strong><\/p>\n<p>One<strong> shelf,<\/strong> also part of the composition, is divided into 4 sections. It It can be mounted horizontally or vertically, depending on the room\u2019s design.<\/p>\n<p>The base\u00a0<strong>colour<\/strong>\u00a0of all furniture is\u00a0<strong>neutral light grey<\/strong> but you can choose the colours of the fronts. Pink fronts and you have a composition <strong>for girls.\u00a0<\/strong>Choose\u00a0blue fronts and, voila, you have a composition<strong>\u00a0for boys!\u00a0<\/strong>Grey and green colours are also available.<\/p>\n<p><strong>Dimensions. Sliding doors wardrobe:<\/strong> width 139.5 cm, depth 57.1 cm, height 205.6 cm. <strong>Trundle bed with drawers:<\/strong> length 203.2 cm, ancho 99.5 cm, alto 78.5 cm. <strong>Shelf: <\/strong>length 100 cm, height 25.5 cm, depth 27.2 cm<\/p>\n<p>Assembly service is not included<\/p>\n<p>Bed bases and mattresses are not included<\/p>\n","protected":false},"excerpt":{"rendered":"<ul>\n<li><strong>Wardrobe<\/strong>\u00a0with 2 sliding doors<\/li>\n<li><strong>Trundle bed<\/strong>\u00a0(for 90 x 190 and 90 x 180 bases) with 3 drawers<\/li>\n<li>Sectional wall <strong>shelf<\/strong> (vertical or horizontal installation)<\/li>\n<li>4 colours: <strong>blue, pink, grey, green<\/strong><\/li>\n<li>All items can be purchased separately to combine with other Luddo furniture<\/li>\n<\/ul>\n","protected":false},"featured_media":20895,"comment_status":"open","ping_status":"closed","template":"","meta":{"_et_pb_use_builder":"","_et_pb_old_content":"","_et_gb_content_width":""},"product_brand":[],"product_cat":[291,71],"product_tag":[],"class_list":{"0":"post-22188","1":"product","2":"type-product","3":"status-publish","4":"has-post-thumbnail","6":"product_cat-children","7":"product_cat-furniture","8":"product_shipping_class-articulos-pesado-manufacturing-up-to-10-days","9":"pa_material-mdf-particle-board","11":"first","12":"outofstock","13":"taxable","14":"shipping-taxable","15":"purchasable","16":"product-type-variable"},"yoast_head":"<!-- This site is optimized with the Yoast SEO plugin v27.2 - https:\/\/yoast.com\/product\/yoast-seo-wordpress\/ -->\n<title>Children\u2019s Bedroom Set: Sliding Doors Wardrobe, Trundle Bed, Shelf - Luddo 10 - Don Baraton: tienda de sof\u00e1s, muebles y colchones<\/title>\n<meta name=\"robots\" content=\"index, follow, max-snippet:-1, max-image-preview:large, max-video-preview:-1\" \/>\n<link rel=\"canonical\" href=\"https:\/\/donbaraton.es\/en\/p\/childrens-bedroom-set-sliding-doors-wardrobe-trundle-bed-shelf-luddo\/\" \/>\n<meta property=\"og:locale\" content=\"en_GB\" \/>\n<meta property=\"og:type\" content=\"article\" \/>\n<meta property=\"og:title\" content=\"Children\u2019s Bedroom Set: Sliding Doors Wardrobe, Trundle Bed, Shelf - Luddo 10 - Don Baraton: tienda de sof\u00e1s, muebles y colchones\" \/>\n<meta property=\"og:description\" content=\"Wardrobe\u00a0with 2 sliding doors  Trundle bed\u00a0(for 90 x 190 and 90 x 180 bases) with 3 drawers  Sectional wall shelf (vertical or horizontal installation)  4 colours: blue, pink, grey, green  All items can be purchased separately to combine with other Luddo furniture\" \/>\n<meta property=\"og:url\" content=\"https:\/\/donbaraton.es\/en\/p\/childrens-bedroom-set-sliding-doors-wardrobe-trundle-bed-shelf-luddo\/\" \/>\n<meta property=\"og:site_name\" content=\"Don Baraton: tienda de sof\u00e1s, muebles y colchones\" \/>\n<meta property=\"article:publisher\" content=\"https:\/\/www.facebook.com\/donbaraton.es\" \/>\n<meta property=\"article:modified_time\" content=\"2019-12-26T15:40:43+00:00\" \/>\n<meta property=\"og:image\" content=\"https:\/\/i0.wp.com\/donbaraton.es\/wp-content\/uploads\/2019\/10\/Dormitorio-juvenil.-Armario-puertas-correderas-cama-3-cajones-y-estanter\u00eda.-Color-azul-Luddo-10.jpg?fit=1000%2C750&ssl=1\" \/>\n\t<meta property=\"og:image:width\" content=\"1000\" \/>\n\t<meta property=\"og:image:height\" content=\"750\" \/>\n\t<meta property=\"og:image:type\" content=\"image\/jpeg\" \/>\n<meta name=\"twitter:card\" content=\"summary_large_image\" \/>\n<meta name=\"twitter:site\" content=\"@don_baraton\" \/>\n<meta name=\"twitter:label1\" content=\"Estimated reading time\" \/>\n\t<meta name=\"twitter:data1\" content=\"1 minute\" \/>\n<script type=\"application\/ld+json\" class=\"yoast-schema-graph\">{\"@context\":\"https:\/\/schema.org\",\"@graph\":[{\"@type\":\"WebPage\",\"@id\":\"https:\/\/donbaraton.es\/en\/p\/childrens-bedroom-set-sliding-doors-wardrobe-trundle-bed-shelf-luddo\/\",\"url\":\"https:\/\/donbaraton.es\/en\/p\/childrens-bedroom-set-sliding-doors-wardrobe-trundle-bed-shelf-luddo\/\",\"name\":\"Children\u2019s Bedroom Set: Sliding Doors Wardrobe, Trundle Bed, Shelf - Luddo 10 - Don Baraton: tienda de sof\u00e1s, muebles y colchones\",\"isPartOf\":{\"@id\":\"https:\/\/donbaraton.es\/#website\"},\"primaryImageOfPage\":{\"@id\":\"https:\/\/donbaraton.es\/en\/p\/childrens-bedroom-set-sliding-doors-wardrobe-trundle-bed-shelf-luddo\/#primaryimage\"},\"image\":{\"@id\":\"https:\/\/donbaraton.es\/en\/p\/childrens-bedroom-set-sliding-doors-wardrobe-trundle-bed-shelf-luddo\/#primaryimage\"},\"thumbnailUrl\":\"https:\/\/donbaraton.es\/wp-content\/uploads\/2019\/10\/Dormitorio-juvenil.-Armario-puertas-correderas-cama-3-cajones-y-estanter\u00eda.-Color-azul-Luddo-10.jpg\",\"datePublished\":\"2019-11-03T16:23:39+00:00\",\"dateModified\":\"2019-12-26T15:40:43+00:00\",\"breadcrumb\":{\"@id\":\"https:\/\/donbaraton.es\/en\/p\/childrens-bedroom-set-sliding-doors-wardrobe-trundle-bed-shelf-luddo\/#breadcrumb\"},\"inLanguage\":\"en-GB\",\"potentialAction\":[{\"@type\":\"ReadAction\",\"target\":[\"https:\/\/donbaraton.es\/en\/p\/childrens-bedroom-set-sliding-doors-wardrobe-trundle-bed-shelf-luddo\/\"]}]},{\"@type\":\"ImageObject\",\"inLanguage\":\"en-GB\",\"@id\":\"https:\/\/donbaraton.es\/en\/p\/childrens-bedroom-set-sliding-doors-wardrobe-trundle-bed-shelf-luddo\/#primaryimage\",\"url\":\"https:\/\/donbaraton.es\/wp-content\/uploads\/2019\/10\/Dormitorio-juvenil.-Armario-puertas-correderas-cama-3-cajones-y-estanter\u00eda.-Color-azul-Luddo-10.jpg\",\"contentUrl\":\"https:\/\/donbaraton.es\/wp-content\/uploads\/2019\/10\/Dormitorio-juvenil.-Armario-puertas-correderas-cama-3-cajones-y-estanter\u00eda.-Color-azul-Luddo-10.jpg\",\"width\":1000,\"height\":750,\"caption\":\"Children\u2019s Bedroom Set in Blue: Sliding Doors Wardrobe, Trundle Bed, Shelf - Luddo 10\"},{\"@type\":\"BreadcrumbList\",\"@id\":\"https:\/\/donbaraton.es\/en\/p\/childrens-bedroom-set-sliding-doors-wardrobe-trundle-bed-shelf-luddo\/#breadcrumb\",\"itemListElement\":[{\"@type\":\"ListItem\",\"position\":1,\"name\":\"Portada\",\"item\":\"https:\/\/donbaraton.es\/en\/\"},{\"@type\":\"ListItem\",\"position\":2,\"name\":\"Online Shop\",\"item\":\"https:\/\/donbaraton.es\/en\/shop\/\"},{\"@type\":\"ListItem\",\"position\":3,\"name\":\"Children\u2019s Bedroom Set: Sliding Doors Wardrobe, Trundle Bed, Shelf &#8211; Luddo 10\"}]},{\"@type\":\"WebSite\",\"@id\":\"https:\/\/donbaraton.es\/#website\",\"url\":\"https:\/\/donbaraton.es\/\",\"name\":\"Don Baraton: tienda de sof\u00e1s, muebles y colchones\",\"description\":\"Sofas baratos desde el almac\u00e9n en Almorad\u00ed, Alicante\",\"publisher\":{\"@id\":\"https:\/\/donbaraton.es\/#organization\"},\"potentialAction\":[{\"@type\":\"SearchAction\",\"target\":{\"@type\":\"EntryPoint\",\"urlTemplate\":\"https:\/\/donbaraton.es\/?s={search_term_string}\"},\"query-input\":{\"@type\":\"PropertyValueSpecification\",\"valueRequired\":true,\"valueName\":\"search_term_string\"}}],\"inLanguage\":\"en-GB\"},{\"@type\":\"Organization\",\"@id\":\"https:\/\/donbaraton.es\/#organization\",\"name\":\"Don Baraton\",\"url\":\"https:\/\/donbaraton.es\/\",\"logo\":{\"@type\":\"ImageObject\",\"inLanguage\":\"en-GB\",\"@id\":\"https:\/\/donbaraton.es\/#\/schema\/logo\/image\/\",\"url\":\"https:\/\/i0.wp.com\/donbaraton.es\/wp-content\/uploads\/2016\/11\/logo_don_baraton.png?fit=228%2C110&ssl=1\",\"contentUrl\":\"https:\/\/i0.wp.com\/donbaraton.es\/wp-content\/uploads\/2016\/11\/logo_don_baraton.png?fit=228%2C110&ssl=1\",\"width\":228,\"height\":110,\"caption\":\"Don Baraton\"},\"image\":{\"@id\":\"https:\/\/donbaraton.es\/#\/schema\/logo\/image\/\"},\"sameAs\":[\"https:\/\/www.facebook.com\/donbaraton.es\",\"https:\/\/x.com\/don_baraton\",\"https:\/\/www.instagram.com\/donbaraton.es\",\"https:\/\/www.linkedin.com\/company\/donbaraton\/\",\"https:\/\/es.pinterest.com\/donbaraton\/\",\"https:\/\/www.youtube.com\/channel\/UCL02HOwx-F759Jq5MedAZfQ\"]}]}<\/script>\n<!-- \/ Yoast SEO plugin. -->","yoast_head_json":{"title":"Children\u2019s Bedroom Set: Sliding Doors Wardrobe, Trundle Bed, Shelf - Luddo 10 - Don Baraton: tienda de sof\u00e1s, muebles y colchones","robots":{"index":"index","follow":"follow","max-snippet":"max-snippet:-1","max-image-preview":"max-image-preview:large","max-video-preview":"max-video-preview:-1"},"canonical":"https:\/\/donbaraton.es\/en\/p\/childrens-bedroom-set-sliding-doors-wardrobe-trundle-bed-shelf-luddo\/","og_locale":"en_GB","og_type":"article","og_title":"Children\u2019s Bedroom Set: Sliding Doors Wardrobe, Trundle Bed, Shelf - Luddo 10 - Don Baraton: tienda de sof\u00e1s, muebles y colchones","og_description":"Wardrobe\u00a0with 2 sliding doors  Trundle bed\u00a0(for 90 x 190 and 90 x 180 bases) with 3 drawers  Sectional wall shelf (vertical or horizontal installation)  4 colours: blue, pink, grey, green  All items can be purchased separately to combine with other Luddo furniture","og_url":"https:\/\/donbaraton.es\/en\/p\/childrens-bedroom-set-sliding-doors-wardrobe-trundle-bed-shelf-luddo\/","og_site_name":"Don Baraton: tienda de sof\u00e1s, muebles y colchones","article_publisher":"https:\/\/www.facebook.com\/donbaraton.es","article_modified_time":"2019-12-26T15:40:43+00:00","og_image":[{"width":1000,"height":750,"url":"https:\/\/i0.wp.com\/donbaraton.es\/wp-content\/uploads\/2019\/10\/Dormitorio-juvenil.-Armario-puertas-correderas-cama-3-cajones-y-estanter\u00eda.-Color-azul-Luddo-10.jpg?fit=1000%2C750&ssl=1","type":"image\/jpeg"}],"twitter_card":"summary_large_image","twitter_site":"@don_baraton","twitter_misc":{"Estimated reading time":"1 minute"},"schema":{"@context":"https:\/\/schema.org","@graph":[{"@type":"WebPage","@id":"https:\/\/donbaraton.es\/en\/p\/childrens-bedroom-set-sliding-doors-wardrobe-trundle-bed-shelf-luddo\/","url":"https:\/\/donbaraton.es\/en\/p\/childrens-bedroom-set-sliding-doors-wardrobe-trundle-bed-shelf-luddo\/","name":"Children\u2019s Bedroom Set: Sliding Doors Wardrobe, Trundle Bed, Shelf - Luddo 10 - Don Baraton: tienda de sof\u00e1s, muebles y colchones","isPartOf":{"@id":"https:\/\/donbaraton.es\/#website"},"primaryImageOfPage":{"@id":"https:\/\/donbaraton.es\/en\/p\/childrens-bedroom-set-sliding-doors-wardrobe-trundle-bed-shelf-luddo\/#primaryimage"},"image":{"@id":"https:\/\/donbaraton.es\/en\/p\/childrens-bedroom-set-sliding-doors-wardrobe-trundle-bed-shelf-luddo\/#primaryimage"},"thumbnailUrl":"https:\/\/donbaraton.es\/wp-content\/uploads\/2019\/10\/Dormitorio-juvenil.-Armario-puertas-correderas-cama-3-cajones-y-estanter\u00eda.-Color-azul-Luddo-10.jpg","datePublished":"2019-11-03T16:23:39+00:00","dateModified":"2019-12-26T15:40:43+00:00","breadcrumb":{"@id":"https:\/\/donbaraton.es\/en\/p\/childrens-bedroom-set-sliding-doors-wardrobe-trundle-bed-shelf-luddo\/#breadcrumb"},"inLanguage":"en-GB","potentialAction":[{"@type":"ReadAction","target":["https:\/\/donbaraton.es\/en\/p\/childrens-bedroom-set-sliding-doors-wardrobe-trundle-bed-shelf-luddo\/"]}]},{"@type":"ImageObject","inLanguage":"en-GB","@id":"https:\/\/donbaraton.es\/en\/p\/childrens-bedroom-set-sliding-doors-wardrobe-trundle-bed-shelf-luddo\/#primaryimage","url":"https:\/\/donbaraton.es\/wp-content\/uploads\/2019\/10\/Dormitorio-juvenil.-Armario-puertas-correderas-cama-3-cajones-y-estanter\u00eda.-Color-azul-Luddo-10.jpg","contentUrl":"https:\/\/donbaraton.es\/wp-content\/uploads\/2019\/10\/Dormitorio-juvenil.-Armario-puertas-correderas-cama-3-cajones-y-estanter\u00eda.-Color-azul-Luddo-10.jpg","width":1000,"height":750,"caption":"Children\u2019s Bedroom Set in Blue: Sliding Doors Wardrobe, Trundle Bed, Shelf - Luddo 10"},{"@type":"BreadcrumbList","@id":"https:\/\/donbaraton.es\/en\/p\/childrens-bedroom-set-sliding-doors-wardrobe-trundle-bed-shelf-luddo\/#breadcrumb","itemListElement":[{"@type":"ListItem","position":1,"name":"Portada","item":"https:\/\/donbaraton.es\/en\/"},{"@type":"ListItem","position":2,"name":"Online Shop","item":"https:\/\/donbaraton.es\/en\/shop\/"},{"@type":"ListItem","position":3,"name":"Children\u2019s Bedroom Set: Sliding Doors Wardrobe, Trundle Bed, Shelf &#8211; Luddo 10"}]},{"@type":"WebSite","@id":"https:\/\/donbaraton.es\/#website","url":"https:\/\/donbaraton.es\/","name":"Don Baraton: tienda de sof\u00e1s, muebles y colchones","description":"Sofas baratos desde el almac\u00e9n en Almorad\u00ed, Alicante","publisher":{"@id":"https:\/\/donbaraton.es\/#organization"},"potentialAction":[{"@type":"SearchAction","target":{"@type":"EntryPoint","urlTemplate":"https:\/\/donbaraton.es\/?s={search_term_string}"},"query-input":{"@type":"PropertyValueSpecification","valueRequired":true,"valueName":"search_term_string"}}],"inLanguage":"en-GB"},{"@type":"Organization","@id":"https:\/\/donbaraton.es\/#organization","name":"Don Baraton","url":"https:\/\/donbaraton.es\/","logo":{"@type":"ImageObject","inLanguage":"en-GB","@id":"https:\/\/donbaraton.es\/#\/schema\/logo\/image\/","url":"https:\/\/i0.wp.com\/donbaraton.es\/wp-content\/uploads\/2016\/11\/logo_don_baraton.png?fit=228%2C110&ssl=1","contentUrl":"https:\/\/i0.wp.com\/donbaraton.es\/wp-content\/uploads\/2016\/11\/logo_don_baraton.png?fit=228%2C110&ssl=1","width":228,"height":110,"caption":"Don Baraton"},"image":{"@id":"https:\/\/donbaraton.es\/#\/schema\/logo\/image\/"},"sameAs":["https:\/\/www.facebook.com\/donbaraton.es","https:\/\/x.com\/don_baraton","https:\/\/www.instagram.com\/donbaraton.es","https:\/\/www.linkedin.com\/company\/donbaraton\/","https:\/\/es.pinterest.com\/donbaraton\/","https:\/\/www.youtube.com\/channel\/UCL02HOwx-F759Jq5MedAZfQ"]}]}},"_links":{"self":[{"href":"https:\/\/donbaraton.es\/en\/wp-json\/wp\/v2\/product\/22188","targetHints":{"allow":["GET"]}}],"collection":[{"href":"https:\/\/donbaraton.es\/en\/wp-json\/wp\/v2\/product"}],"about":[{"href":"https:\/\/donbaraton.es\/en\/wp-json\/wp\/v2\/types\/product"}],"replies":[{"embeddable":true,"href":"https:\/\/donbaraton.es\/en\/wp-json\/wp\/v2\/comments?post=22188"}],"wp:featuredmedia":[{"embeddable":true,"href":"https:\/\/donbaraton.es\/en\/wp-json\/wp\/v2\/media\/20895"}],"wp:attachment":[{"href":"https:\/\/donbaraton.es\/en\/wp-json\/wp\/v2\/media?parent=22188"}],"wp:term":[{"taxonomy":"product_brand","embeddable":true,"href":"https:\/\/donbaraton.es\/en\/wp-json\/wp\/v2\/product_brand?post=22188"},{"taxonomy":"product_cat","embeddable":true,"href":"https:\/\/donbaraton.es\/en\/wp-json\/wp\/v2\/product_cat?post=22188"},{"taxonomy":"product_tag","embeddable":true,"href":"https:\/\/donbaraton.es\/en\/wp-json\/wp\/v2\/product_tag?post=22188"}],"curies":[{"name":"wp","href":"https:\/\/api.w.org\/{rel}","templated":true}]}}