{"id":22740,"date":"2019-12-31T01:09:30","date_gmt":"2019-12-31T00:09:30","guid":{"rendered":"https:\/\/donbaraton.es\/p\/small-modern-sideboard-2-drawers-2-doors-catania\/"},"modified":"2020-11-25T09:08:44","modified_gmt":"2020-11-25T08:08:44","slug":"small-modern-sideboard-2-drawers-2-doors-catania","status":"publish","type":"product","link":"https:\/\/donbaraton.es\/en\/p\/small-modern-sideboard-2-drawers-2-doors-catania\/","title":{"rendered":"Small Modern Sideboard, 2 Drawers, 2 Doors &#8211; Catania"},"content":{"rendered":"<p><strong>Small Modern Sideboard, Two Drawers, Two Doors &#8211; Catania<\/strong><\/p>\n<p>A relatively small sideborad suitable for a living room of any size.<\/p>\n<p>Available in two colours:<\/p>\n<ul>\n<li>\u201cOak\u201d with white doors<\/li>\n<li>\u201cOak\u201d with dark grey doors<\/li>\n<\/ul>\n<p><strong>Dimensions:<\/strong> width 120 cm, depth 41.4 cm, height 81.5 cm<\/p>\n<p>Assembly service is not included in the price<\/p>\n","protected":false},"excerpt":{"rendered":"<ul>\n<li>Small size<\/li>\n<li>Modern design<\/li>\n<li>2 drawers and 2 doors<\/li>\n<li>2 colours to choose from<\/li>\n<li>Matches other furniture of the Catania range<\/li>\n<\/ul>\n<p><strong>Dimensions:<\/strong> width 120 cm, depth 41.4 cm, height 81.5 cm<\/p>\n","protected":false},"featured_media":22358,"comment_status":"open","ping_status":"closed","template":"","meta":{"_et_pb_use_builder":"","_et_pb_old_content":"","_et_gb_content_width":""},"product_brand":[],"product_cat":[71],"product_tag":[],"class_list":{"0":"post-22740","1":"product","2":"type-product","3":"status-publish","4":"has-post-thumbnail","6":"product_cat-furniture","7":"product_shipping_class-3-20-kg-hasta-10-dias","8":"pa_material-mdf-particle-board","10":"first","11":"onbackorder","12":"sale","13":"taxable","14":"shipping-taxable","15":"purchasable","16":"product-type-variable"},"yoast_head":"<!-- This site is optimized with the Yoast SEO plugin v27.2 - https:\/\/yoast.com\/product\/yoast-seo-wordpress\/ -->\n<title>Small Modern Sideboard, 2 Drawers, 2 Doors - Catania - Don Baraton: tienda de sof\u00e1s, muebles y colchones<\/title>\n<meta name=\"robots\" content=\"index, follow, max-snippet:-1, max-image-preview:large, max-video-preview:-1\" \/>\n<link rel=\"canonical\" href=\"https:\/\/donbaraton.es\/en\/p\/small-modern-sideboard-2-drawers-2-doors-catania\/\" \/>\n<meta property=\"og:locale\" content=\"en_GB\" \/>\n<meta property=\"og:type\" content=\"article\" \/>\n<meta property=\"og:title\" content=\"Small Modern Sideboard, 2 Drawers, 2 Doors - Catania - Don Baraton: tienda de sof\u00e1s, muebles y colchones\" \/>\n<meta property=\"og:description\" content=\"Small size  Modern design  2 drawers and 2 doors  2 colours to choose from  Matches other furniture of the Catania range  Dimensions: width 120 cm, depth 41.4 cm, height 81.5 cm\" \/>\n<meta property=\"og:url\" content=\"https:\/\/donbaraton.es\/en\/p\/small-modern-sideboard-2-drawers-2-doors-catania\/\" \/>\n<meta property=\"og:site_name\" content=\"Don Baraton: tienda de sof\u00e1s, muebles y colchones\" \/>\n<meta property=\"article:publisher\" content=\"https:\/\/www.facebook.com\/donbaraton.es\" \/>\n<meta property=\"article:modified_time\" content=\"2020-11-25T08:08:44+00:00\" \/>\n<meta property=\"og:image\" content=\"https:\/\/i1.wp.com\/donbaraton.es\/wp-content\/uploads\/2019\/12\/Aparador-peque\u00f1o-moderno-2-cajones-2-puertas-Catania.-Color-roble-con-puertas-color-grafito-gris-oscuro.jpg?fit=870%2C653&ssl=1\" \/>\n\t<meta property=\"og:image:width\" content=\"870\" \/>\n\t<meta property=\"og:image:height\" content=\"653\" \/>\n\t<meta property=\"og:image:type\" content=\"image\/jpeg\" \/>\n<meta name=\"twitter:card\" content=\"summary_large_image\" \/>\n<meta name=\"twitter:site\" content=\"@don_baraton\" \/>\n<script type=\"application\/ld+json\" class=\"yoast-schema-graph\">{\"@context\":\"https:\/\/schema.org\",\"@graph\":[{\"@type\":\"WebPage\",\"@id\":\"https:\/\/donbaraton.es\/en\/p\/small-modern-sideboard-2-drawers-2-doors-catania\/\",\"url\":\"https:\/\/donbaraton.es\/en\/p\/small-modern-sideboard-2-drawers-2-doors-catania\/\",\"name\":\"Small Modern Sideboard, 2 Drawers, 2 Doors - Catania - Don Baraton: tienda de sof\u00e1s, muebles y colchones\",\"isPartOf\":{\"@id\":\"https:\/\/donbaraton.es\/#website\"},\"primaryImageOfPage\":{\"@id\":\"https:\/\/donbaraton.es\/en\/p\/small-modern-sideboard-2-drawers-2-doors-catania\/#primaryimage\"},\"image\":{\"@id\":\"https:\/\/donbaraton.es\/en\/p\/small-modern-sideboard-2-drawers-2-doors-catania\/#primaryimage\"},\"thumbnailUrl\":\"https:\/\/donbaraton.es\/wp-content\/uploads\/2019\/12\/Aparador-peque\u00f1o-moderno-2-cajones-2-puertas-Catania.-Color-roble-con-puertas-color-grafito-gris-oscuro.jpg\",\"datePublished\":\"2019-12-31T00:09:30+00:00\",\"dateModified\":\"2020-11-25T08:08:44+00:00\",\"breadcrumb\":{\"@id\":\"https:\/\/donbaraton.es\/en\/p\/small-modern-sideboard-2-drawers-2-doors-catania\/#breadcrumb\"},\"inLanguage\":\"en-GB\",\"potentialAction\":[{\"@type\":\"ReadAction\",\"target\":[\"https:\/\/donbaraton.es\/en\/p\/small-modern-sideboard-2-drawers-2-doors-catania\/\"]}]},{\"@type\":\"ImageObject\",\"inLanguage\":\"en-GB\",\"@id\":\"https:\/\/donbaraton.es\/en\/p\/small-modern-sideboard-2-drawers-2-doors-catania\/#primaryimage\",\"url\":\"https:\/\/donbaraton.es\/wp-content\/uploads\/2019\/12\/Aparador-peque\u00f1o-moderno-2-cajones-2-puertas-Catania.-Color-roble-con-puertas-color-grafito-gris-oscuro.jpg\",\"contentUrl\":\"https:\/\/donbaraton.es\/wp-content\/uploads\/2019\/12\/Aparador-peque\u00f1o-moderno-2-cajones-2-puertas-Catania.-Color-roble-con-puertas-color-grafito-gris-oscuro.jpg\",\"width\":870,\"height\":653,\"caption\":\"Small modern sideboard, 2 drawers, 2 doors - Catania. \u201cOak\u201d with dark grey doors\"},{\"@type\":\"BreadcrumbList\",\"@id\":\"https:\/\/donbaraton.es\/en\/p\/small-modern-sideboard-2-drawers-2-doors-catania\/#breadcrumb\",\"itemListElement\":[{\"@type\":\"ListItem\",\"position\":1,\"name\":\"Portada\",\"item\":\"https:\/\/donbaraton.es\/en\/\"},{\"@type\":\"ListItem\",\"position\":2,\"name\":\"Online Shop\",\"item\":\"https:\/\/donbaraton.es\/en\/shop\/\"},{\"@type\":\"ListItem\",\"position\":3,\"name\":\"Small Modern Sideboard, 2 Drawers, 2 Doors &#8211; Catania\"}]},{\"@type\":\"WebSite\",\"@id\":\"https:\/\/donbaraton.es\/#website\",\"url\":\"https:\/\/donbaraton.es\/\",\"name\":\"Don Baraton: tienda de sof\u00e1s, muebles y colchones\",\"description\":\"Sofas baratos desde el almac\u00e9n en Almorad\u00ed, Alicante\",\"publisher\":{\"@id\":\"https:\/\/donbaraton.es\/#organization\"},\"potentialAction\":[{\"@type\":\"SearchAction\",\"target\":{\"@type\":\"EntryPoint\",\"urlTemplate\":\"https:\/\/donbaraton.es\/?s={search_term_string}\"},\"query-input\":{\"@type\":\"PropertyValueSpecification\",\"valueRequired\":true,\"valueName\":\"search_term_string\"}}],\"inLanguage\":\"en-GB\"},{\"@type\":\"Organization\",\"@id\":\"https:\/\/donbaraton.es\/#organization\",\"name\":\"Don Baraton\",\"url\":\"https:\/\/donbaraton.es\/\",\"logo\":{\"@type\":\"ImageObject\",\"inLanguage\":\"en-GB\",\"@id\":\"https:\/\/donbaraton.es\/#\/schema\/logo\/image\/\",\"url\":\"https:\/\/i0.wp.com\/donbaraton.es\/wp-content\/uploads\/2016\/11\/logo_don_baraton.png?fit=228%2C110&ssl=1\",\"contentUrl\":\"https:\/\/i0.wp.com\/donbaraton.es\/wp-content\/uploads\/2016\/11\/logo_don_baraton.png?fit=228%2C110&ssl=1\",\"width\":228,\"height\":110,\"caption\":\"Don Baraton\"},\"image\":{\"@id\":\"https:\/\/donbaraton.es\/#\/schema\/logo\/image\/\"},\"sameAs\":[\"https:\/\/www.facebook.com\/donbaraton.es\",\"https:\/\/x.com\/don_baraton\",\"https:\/\/www.instagram.com\/donbaraton.es\",\"https:\/\/www.linkedin.com\/company\/donbaraton\/\",\"https:\/\/es.pinterest.com\/donbaraton\/\",\"https:\/\/www.youtube.com\/channel\/UCL02HOwx-F759Jq5MedAZfQ\"]}]}<\/script>\n<!-- \/ Yoast SEO plugin. -->","yoast_head_json":{"title":"Small Modern Sideboard, 2 Drawers, 2 Doors - Catania - Don Baraton: tienda de sof\u00e1s, muebles y colchones","robots":{"index":"index","follow":"follow","max-snippet":"max-snippet:-1","max-image-preview":"max-image-preview:large","max-video-preview":"max-video-preview:-1"},"canonical":"https:\/\/donbaraton.es\/en\/p\/small-modern-sideboard-2-drawers-2-doors-catania\/","og_locale":"en_GB","og_type":"article","og_title":"Small Modern Sideboard, 2 Drawers, 2 Doors - Catania - Don Baraton: tienda de sof\u00e1s, muebles y colchones","og_description":"Small size  Modern design  2 drawers and 2 doors  2 colours to choose from  Matches other furniture of the Catania range  Dimensions: width 120 cm, depth 41.4 cm, height 81.5 cm","og_url":"https:\/\/donbaraton.es\/en\/p\/small-modern-sideboard-2-drawers-2-doors-catania\/","og_site_name":"Don Baraton: tienda de sof\u00e1s, muebles y colchones","article_publisher":"https:\/\/www.facebook.com\/donbaraton.es","article_modified_time":"2020-11-25T08:08:44+00:00","og_image":[{"width":870,"height":653,"url":"https:\/\/i1.wp.com\/donbaraton.es\/wp-content\/uploads\/2019\/12\/Aparador-peque\u00f1o-moderno-2-cajones-2-puertas-Catania.-Color-roble-con-puertas-color-grafito-gris-oscuro.jpg?fit=870%2C653&ssl=1","type":"image\/jpeg"}],"twitter_card":"summary_large_image","twitter_site":"@don_baraton","schema":{"@context":"https:\/\/schema.org","@graph":[{"@type":"WebPage","@id":"https:\/\/donbaraton.es\/en\/p\/small-modern-sideboard-2-drawers-2-doors-catania\/","url":"https:\/\/donbaraton.es\/en\/p\/small-modern-sideboard-2-drawers-2-doors-catania\/","name":"Small Modern Sideboard, 2 Drawers, 2 Doors - Catania - Don Baraton: tienda de sof\u00e1s, muebles y colchones","isPartOf":{"@id":"https:\/\/donbaraton.es\/#website"},"primaryImageOfPage":{"@id":"https:\/\/donbaraton.es\/en\/p\/small-modern-sideboard-2-drawers-2-doors-catania\/#primaryimage"},"image":{"@id":"https:\/\/donbaraton.es\/en\/p\/small-modern-sideboard-2-drawers-2-doors-catania\/#primaryimage"},"thumbnailUrl":"https:\/\/donbaraton.es\/wp-content\/uploads\/2019\/12\/Aparador-peque\u00f1o-moderno-2-cajones-2-puertas-Catania.-Color-roble-con-puertas-color-grafito-gris-oscuro.jpg","datePublished":"2019-12-31T00:09:30+00:00","dateModified":"2020-11-25T08:08:44+00:00","breadcrumb":{"@id":"https:\/\/donbaraton.es\/en\/p\/small-modern-sideboard-2-drawers-2-doors-catania\/#breadcrumb"},"inLanguage":"en-GB","potentialAction":[{"@type":"ReadAction","target":["https:\/\/donbaraton.es\/en\/p\/small-modern-sideboard-2-drawers-2-doors-catania\/"]}]},{"@type":"ImageObject","inLanguage":"en-GB","@id":"https:\/\/donbaraton.es\/en\/p\/small-modern-sideboard-2-drawers-2-doors-catania\/#primaryimage","url":"https:\/\/donbaraton.es\/wp-content\/uploads\/2019\/12\/Aparador-peque\u00f1o-moderno-2-cajones-2-puertas-Catania.-Color-roble-con-puertas-color-grafito-gris-oscuro.jpg","contentUrl":"https:\/\/donbaraton.es\/wp-content\/uploads\/2019\/12\/Aparador-peque\u00f1o-moderno-2-cajones-2-puertas-Catania.-Color-roble-con-puertas-color-grafito-gris-oscuro.jpg","width":870,"height":653,"caption":"Small modern sideboard, 2 drawers, 2 doors - Catania. \u201cOak\u201d with dark grey doors"},{"@type":"BreadcrumbList","@id":"https:\/\/donbaraton.es\/en\/p\/small-modern-sideboard-2-drawers-2-doors-catania\/#breadcrumb","itemListElement":[{"@type":"ListItem","position":1,"name":"Portada","item":"https:\/\/donbaraton.es\/en\/"},{"@type":"ListItem","position":2,"name":"Online Shop","item":"https:\/\/donbaraton.es\/en\/shop\/"},{"@type":"ListItem","position":3,"name":"Small Modern Sideboard, 2 Drawers, 2 Doors &#8211; Catania"}]},{"@type":"WebSite","@id":"https:\/\/donbaraton.es\/#website","url":"https:\/\/donbaraton.es\/","name":"Don Baraton: tienda de sof\u00e1s, muebles y colchones","description":"Sofas baratos desde el almac\u00e9n en Almorad\u00ed, Alicante","publisher":{"@id":"https:\/\/donbaraton.es\/#organization"},"potentialAction":[{"@type":"SearchAction","target":{"@type":"EntryPoint","urlTemplate":"https:\/\/donbaraton.es\/?s={search_term_string}"},"query-input":{"@type":"PropertyValueSpecification","valueRequired":true,"valueName":"search_term_string"}}],"inLanguage":"en-GB"},{"@type":"Organization","@id":"https:\/\/donbaraton.es\/#organization","name":"Don Baraton","url":"https:\/\/donbaraton.es\/","logo":{"@type":"ImageObject","inLanguage":"en-GB","@id":"https:\/\/donbaraton.es\/#\/schema\/logo\/image\/","url":"https:\/\/i0.wp.com\/donbaraton.es\/wp-content\/uploads\/2016\/11\/logo_don_baraton.png?fit=228%2C110&ssl=1","contentUrl":"https:\/\/i0.wp.com\/donbaraton.es\/wp-content\/uploads\/2016\/11\/logo_don_baraton.png?fit=228%2C110&ssl=1","width":228,"height":110,"caption":"Don Baraton"},"image":{"@id":"https:\/\/donbaraton.es\/#\/schema\/logo\/image\/"},"sameAs":["https:\/\/www.facebook.com\/donbaraton.es","https:\/\/x.com\/don_baraton","https:\/\/www.instagram.com\/donbaraton.es","https:\/\/www.linkedin.com\/company\/donbaraton\/","https:\/\/es.pinterest.com\/donbaraton\/","https:\/\/www.youtube.com\/channel\/UCL02HOwx-F759Jq5MedAZfQ"]}]}},"_links":{"self":[{"href":"https:\/\/donbaraton.es\/en\/wp-json\/wp\/v2\/product\/22740","targetHints":{"allow":["GET"]}}],"collection":[{"href":"https:\/\/donbaraton.es\/en\/wp-json\/wp\/v2\/product"}],"about":[{"href":"https:\/\/donbaraton.es\/en\/wp-json\/wp\/v2\/types\/product"}],"replies":[{"embeddable":true,"href":"https:\/\/donbaraton.es\/en\/wp-json\/wp\/v2\/comments?post=22740"}],"wp:featuredmedia":[{"embeddable":true,"href":"https:\/\/donbaraton.es\/en\/wp-json\/wp\/v2\/media\/22358"}],"wp:attachment":[{"href":"https:\/\/donbaraton.es\/en\/wp-json\/wp\/v2\/media?parent=22740"}],"wp:term":[{"taxonomy":"product_brand","embeddable":true,"href":"https:\/\/donbaraton.es\/en\/wp-json\/wp\/v2\/product_brand?post=22740"},{"taxonomy":"product_cat","embeddable":true,"href":"https:\/\/donbaraton.es\/en\/wp-json\/wp\/v2\/product_cat?post=22740"},{"taxonomy":"product_tag","embeddable":true,"href":"https:\/\/donbaraton.es\/en\/wp-json\/wp\/v2\/product_tag?post=22740"}],"curies":[{"name":"wp","href":"https:\/\/api.w.org\/{rel}","templated":true}]}}