{"id":23122,"date":"2020-01-27T01:46:50","date_gmt":"2020-01-27T00:46:50","guid":{"rendered":"https:\/\/donbaraton.es\/p\/modern-living-room-set-wall-mounted-cabinet-tv-stand-180-cm-lucca\/"},"modified":"2023-05-30T15:43:33","modified_gmt":"2023-05-30T13:43:33","slug":"modern-living-room-set-wall-mounted-cabinet-tv-stand-180-cm-lucca","status":"publish","type":"product","link":"https:\/\/donbaraton.es\/en\/p\/modern-living-room-set-wall-mounted-cabinet-tv-stand-180-cm-lucca\/","title":{"rendered":"Modern Living Room Set: Wall Mounted Cabinet and TV Stand, 180 cm &#8211; Lucca"},"content":{"rendered":"<p><strong>Modern Living Room Set: Wall Mounted Cabinet and TV Stand, 180 cm &#8211; Lucca<\/strong><\/p>\n<p>Two furntiure items in the same syle designed for modern living rooms. The TV stand has inclined legs, two doors and two shelves.<\/p>\n<p>The set is available in a combination of two colours \u2013 oak (the frames) and dark grey (the doors).<\/p>\n<p>Both products can be purchased separately<\/p>\n<ul>\n<li><a href=\"https:\/\/donbaraton.es\/en\/p\/modern-wall-mounted-storage-cabinet-160-cm-lucca\/\"><strong>Modern Wall Mounted Storage Cabinet, 160 cm \u2013 Lucca<\/strong><\/a><\/li>\n<li><a href=\"https:\/\/donbaraton.es\/en\/p\/modern-tv-stand-on-high-inclined-legs-lucca\/\"><strong>Modern TV Stand on High Inclined Legs, 180 cm \u2013 Lucca<\/strong><\/a><\/li>\n<\/ul>\n<p><strong>Dimensions. Wall mounted cabinet:<\/strong> length 160 cm, depth 27.8 cm, height 35.2 cm. <strong>TV stand:<\/strong> length 180 cm, depth 39.6 cm, height 49 cm<\/p>\n<p>Assembly service is not included in the price<\/p>\n","protected":false},"excerpt":{"rendered":"<ul>\n<li>Two furniture items in the same style<\/li>\n<li>Stand for TVs up to 80&#8243;<\/li>\n<li>Wall mounted cabinet<\/li>\n<li>Inclined legs<\/li>\n<li>Push to open doors<\/li>\n<li>Color: oak and dark gey<\/li>\n<\/ul>\n","protected":false},"featured_media":22866,"comment_status":"open","ping_status":"closed","template":"","meta":{"_et_pb_use_builder":"","_et_pb_old_content":"","_et_gb_content_width":""},"product_brand":[],"product_cat":[71,263],"product_tag":[],"class_list":{"0":"post-23122","1":"product","2":"type-product","3":"status-publish","4":"has-post-thumbnail","6":"product_cat-furniture","7":"product_cat-living-room-sets","8":"product_shipping_class-articulos-pesado-manufacturing-up-to-10-days","9":"pa_material-mdf-particle-board","11":"first","12":"onbackorder","13":"sale","14":"taxable","15":"shipping-taxable","16":"purchasable","17":"product-type-simple"},"yoast_head":"<!-- This site is optimized with the Yoast SEO plugin v27.2 - https:\/\/yoast.com\/product\/yoast-seo-wordpress\/ -->\n<title>Modern Living Room Set: Wall Mounted Cabinet and TV Stand, 180 cm - Lucca - Don Baraton: tienda de sof\u00e1s, muebles y colchones<\/title>\n<meta name=\"robots\" content=\"index, follow, max-snippet:-1, max-image-preview:large, max-video-preview:-1\" \/>\n<link rel=\"canonical\" href=\"https:\/\/donbaraton.es\/en\/p\/modern-living-room-set-wall-mounted-cabinet-tv-stand-180-cm-lucca\/\" \/>\n<meta property=\"og:locale\" content=\"en_GB\" \/>\n<meta property=\"og:type\" content=\"article\" \/>\n<meta property=\"og:title\" content=\"Modern Living Room Set: Wall Mounted Cabinet and TV Stand, 180 cm - Lucca - Don Baraton: tienda de sof\u00e1s, muebles y colchones\" \/>\n<meta property=\"og:description\" content=\"Two furniture items in the same style  Stand for TVs up to 80&quot;  Wall mounted cabinet  Inclined legs  Push to open doors  Color: oak and dark gey\" \/>\n<meta property=\"og:url\" content=\"https:\/\/donbaraton.es\/en\/p\/modern-living-room-set-wall-mounted-cabinet-tv-stand-180-cm-lucca\/\" \/>\n<meta property=\"og:site_name\" content=\"Don Baraton: tienda de sof\u00e1s, muebles y colchones\" \/>\n<meta property=\"article:publisher\" content=\"https:\/\/www.facebook.com\/donbaraton.es\" \/>\n<meta property=\"article:modified_time\" content=\"2023-05-30T13:43:33+00:00\" \/>\n<meta property=\"og:image\" content=\"https:\/\/i2.wp.com\/donbaraton.es\/wp-content\/uploads\/2020\/01\/Conjunto-de-sal\u00f3n-moderno-patas-inclinadas-180-\u0441\u043c-\u2013-Lucca.jpg?fit=871%2C653&ssl=1\" \/>\n\t<meta property=\"og:image:width\" content=\"871\" \/>\n\t<meta property=\"og:image:height\" content=\"653\" \/>\n\t<meta property=\"og:image:type\" content=\"image\/jpeg\" \/>\n<meta name=\"twitter:card\" content=\"summary_large_image\" \/>\n<meta name=\"twitter:site\" content=\"@don_baraton\" \/>\n<meta name=\"twitter:label1\" content=\"Estimated reading time\" \/>\n\t<meta name=\"twitter:data1\" content=\"1 minute\" \/>\n<script type=\"application\/ld+json\" class=\"yoast-schema-graph\">{\"@context\":\"https:\/\/schema.org\",\"@graph\":[{\"@type\":\"WebPage\",\"@id\":\"https:\/\/donbaraton.es\/en\/p\/modern-living-room-set-wall-mounted-cabinet-tv-stand-180-cm-lucca\/\",\"url\":\"https:\/\/donbaraton.es\/en\/p\/modern-living-room-set-wall-mounted-cabinet-tv-stand-180-cm-lucca\/\",\"name\":\"Modern Living Room Set: Wall Mounted Cabinet and TV Stand, 180 cm - Lucca - Don Baraton: tienda de sof\u00e1s, muebles y colchones\",\"isPartOf\":{\"@id\":\"https:\/\/donbaraton.es\/#website\"},\"primaryImageOfPage\":{\"@id\":\"https:\/\/donbaraton.es\/en\/p\/modern-living-room-set-wall-mounted-cabinet-tv-stand-180-cm-lucca\/#primaryimage\"},\"image\":{\"@id\":\"https:\/\/donbaraton.es\/en\/p\/modern-living-room-set-wall-mounted-cabinet-tv-stand-180-cm-lucca\/#primaryimage\"},\"thumbnailUrl\":\"https:\/\/donbaraton.es\/wp-content\/uploads\/2020\/01\/Conjunto-de-sal\u00f3n-moderno-patas-inclinadas-180-\u0441\u043c-\u2013-Lucca.jpg\",\"datePublished\":\"2020-01-27T00:46:50+00:00\",\"dateModified\":\"2023-05-30T13:43:33+00:00\",\"breadcrumb\":{\"@id\":\"https:\/\/donbaraton.es\/en\/p\/modern-living-room-set-wall-mounted-cabinet-tv-stand-180-cm-lucca\/#breadcrumb\"},\"inLanguage\":\"en-GB\",\"potentialAction\":[{\"@type\":\"ReadAction\",\"target\":[\"https:\/\/donbaraton.es\/en\/p\/modern-living-room-set-wall-mounted-cabinet-tv-stand-180-cm-lucca\/\"]}]},{\"@type\":\"ImageObject\",\"inLanguage\":\"en-GB\",\"@id\":\"https:\/\/donbaraton.es\/en\/p\/modern-living-room-set-wall-mounted-cabinet-tv-stand-180-cm-lucca\/#primaryimage\",\"url\":\"https:\/\/donbaraton.es\/wp-content\/uploads\/2020\/01\/Conjunto-de-sal\u00f3n-moderno-patas-inclinadas-180-\u0441\u043c-\u2013-Lucca.jpg\",\"contentUrl\":\"https:\/\/donbaraton.es\/wp-content\/uploads\/2020\/01\/Conjunto-de-sal\u00f3n-moderno-patas-inclinadas-180-\u0441\u043c-\u2013-Lucca.jpg\",\"width\":871,\"height\":653,\"caption\":\"Modern Living Room Set: Wall Mounted Cabinet and TV Stand, 180 cm - Lucca\"},{\"@type\":\"BreadcrumbList\",\"@id\":\"https:\/\/donbaraton.es\/en\/p\/modern-living-room-set-wall-mounted-cabinet-tv-stand-180-cm-lucca\/#breadcrumb\",\"itemListElement\":[{\"@type\":\"ListItem\",\"position\":1,\"name\":\"Portada\",\"item\":\"https:\/\/donbaraton.es\/en\/\"},{\"@type\":\"ListItem\",\"position\":2,\"name\":\"Online Shop\",\"item\":\"https:\/\/donbaraton.es\/en\/shop\/\"},{\"@type\":\"ListItem\",\"position\":3,\"name\":\"Modern Living Room Set: Wall Mounted Cabinet and TV Stand, 180 cm &#8211; Lucca\"}]},{\"@type\":\"WebSite\",\"@id\":\"https:\/\/donbaraton.es\/#website\",\"url\":\"https:\/\/donbaraton.es\/\",\"name\":\"Don Baraton: tienda de sof\u00e1s, muebles y colchones\",\"description\":\"Sofas baratos desde el almac\u00e9n en Almorad\u00ed, Alicante\",\"publisher\":{\"@id\":\"https:\/\/donbaraton.es\/#organization\"},\"potentialAction\":[{\"@type\":\"SearchAction\",\"target\":{\"@type\":\"EntryPoint\",\"urlTemplate\":\"https:\/\/donbaraton.es\/?s={search_term_string}\"},\"query-input\":{\"@type\":\"PropertyValueSpecification\",\"valueRequired\":true,\"valueName\":\"search_term_string\"}}],\"inLanguage\":\"en-GB\"},{\"@type\":\"Organization\",\"@id\":\"https:\/\/donbaraton.es\/#organization\",\"name\":\"Don Baraton\",\"url\":\"https:\/\/donbaraton.es\/\",\"logo\":{\"@type\":\"ImageObject\",\"inLanguage\":\"en-GB\",\"@id\":\"https:\/\/donbaraton.es\/#\/schema\/logo\/image\/\",\"url\":\"https:\/\/i0.wp.com\/donbaraton.es\/wp-content\/uploads\/2016\/11\/logo_don_baraton.png?fit=228%2C110&ssl=1\",\"contentUrl\":\"https:\/\/i0.wp.com\/donbaraton.es\/wp-content\/uploads\/2016\/11\/logo_don_baraton.png?fit=228%2C110&ssl=1\",\"width\":228,\"height\":110,\"caption\":\"Don Baraton\"},\"image\":{\"@id\":\"https:\/\/donbaraton.es\/#\/schema\/logo\/image\/\"},\"sameAs\":[\"https:\/\/www.facebook.com\/donbaraton.es\",\"https:\/\/x.com\/don_baraton\",\"https:\/\/www.instagram.com\/donbaraton.es\",\"https:\/\/www.linkedin.com\/company\/donbaraton\/\",\"https:\/\/es.pinterest.com\/donbaraton\/\",\"https:\/\/www.youtube.com\/channel\/UCL02HOwx-F759Jq5MedAZfQ\"]}]}<\/script>\n<!-- \/ Yoast SEO plugin. -->","yoast_head_json":{"title":"Modern Living Room Set: Wall Mounted Cabinet and TV Stand, 180 cm - Lucca - Don Baraton: tienda de sof\u00e1s, muebles y colchones","robots":{"index":"index","follow":"follow","max-snippet":"max-snippet:-1","max-image-preview":"max-image-preview:large","max-video-preview":"max-video-preview:-1"},"canonical":"https:\/\/donbaraton.es\/en\/p\/modern-living-room-set-wall-mounted-cabinet-tv-stand-180-cm-lucca\/","og_locale":"en_GB","og_type":"article","og_title":"Modern Living Room Set: Wall Mounted Cabinet and TV Stand, 180 cm - Lucca - Don Baraton: tienda de sof\u00e1s, muebles y colchones","og_description":"Two furniture items in the same style  Stand for TVs up to 80\"  Wall mounted cabinet  Inclined legs  Push to open doors  Color: oak and dark gey","og_url":"https:\/\/donbaraton.es\/en\/p\/modern-living-room-set-wall-mounted-cabinet-tv-stand-180-cm-lucca\/","og_site_name":"Don Baraton: tienda de sof\u00e1s, muebles y colchones","article_publisher":"https:\/\/www.facebook.com\/donbaraton.es","article_modified_time":"2023-05-30T13:43:33+00:00","og_image":[{"width":871,"height":653,"url":"https:\/\/i2.wp.com\/donbaraton.es\/wp-content\/uploads\/2020\/01\/Conjunto-de-sal\u00f3n-moderno-patas-inclinadas-180-\u0441\u043c-\u2013-Lucca.jpg?fit=871%2C653&ssl=1","type":"image\/jpeg"}],"twitter_card":"summary_large_image","twitter_site":"@don_baraton","twitter_misc":{"Estimated reading time":"1 minute"},"schema":{"@context":"https:\/\/schema.org","@graph":[{"@type":"WebPage","@id":"https:\/\/donbaraton.es\/en\/p\/modern-living-room-set-wall-mounted-cabinet-tv-stand-180-cm-lucca\/","url":"https:\/\/donbaraton.es\/en\/p\/modern-living-room-set-wall-mounted-cabinet-tv-stand-180-cm-lucca\/","name":"Modern Living Room Set: Wall Mounted Cabinet and TV Stand, 180 cm - Lucca - Don Baraton: tienda de sof\u00e1s, muebles y colchones","isPartOf":{"@id":"https:\/\/donbaraton.es\/#website"},"primaryImageOfPage":{"@id":"https:\/\/donbaraton.es\/en\/p\/modern-living-room-set-wall-mounted-cabinet-tv-stand-180-cm-lucca\/#primaryimage"},"image":{"@id":"https:\/\/donbaraton.es\/en\/p\/modern-living-room-set-wall-mounted-cabinet-tv-stand-180-cm-lucca\/#primaryimage"},"thumbnailUrl":"https:\/\/donbaraton.es\/wp-content\/uploads\/2020\/01\/Conjunto-de-sal\u00f3n-moderno-patas-inclinadas-180-\u0441\u043c-\u2013-Lucca.jpg","datePublished":"2020-01-27T00:46:50+00:00","dateModified":"2023-05-30T13:43:33+00:00","breadcrumb":{"@id":"https:\/\/donbaraton.es\/en\/p\/modern-living-room-set-wall-mounted-cabinet-tv-stand-180-cm-lucca\/#breadcrumb"},"inLanguage":"en-GB","potentialAction":[{"@type":"ReadAction","target":["https:\/\/donbaraton.es\/en\/p\/modern-living-room-set-wall-mounted-cabinet-tv-stand-180-cm-lucca\/"]}]},{"@type":"ImageObject","inLanguage":"en-GB","@id":"https:\/\/donbaraton.es\/en\/p\/modern-living-room-set-wall-mounted-cabinet-tv-stand-180-cm-lucca\/#primaryimage","url":"https:\/\/donbaraton.es\/wp-content\/uploads\/2020\/01\/Conjunto-de-sal\u00f3n-moderno-patas-inclinadas-180-\u0441\u043c-\u2013-Lucca.jpg","contentUrl":"https:\/\/donbaraton.es\/wp-content\/uploads\/2020\/01\/Conjunto-de-sal\u00f3n-moderno-patas-inclinadas-180-\u0441\u043c-\u2013-Lucca.jpg","width":871,"height":653,"caption":"Modern Living Room Set: Wall Mounted Cabinet and TV Stand, 180 cm - Lucca"},{"@type":"BreadcrumbList","@id":"https:\/\/donbaraton.es\/en\/p\/modern-living-room-set-wall-mounted-cabinet-tv-stand-180-cm-lucca\/#breadcrumb","itemListElement":[{"@type":"ListItem","position":1,"name":"Portada","item":"https:\/\/donbaraton.es\/en\/"},{"@type":"ListItem","position":2,"name":"Online Shop","item":"https:\/\/donbaraton.es\/en\/shop\/"},{"@type":"ListItem","position":3,"name":"Modern Living Room Set: Wall Mounted Cabinet and TV Stand, 180 cm &#8211; Lucca"}]},{"@type":"WebSite","@id":"https:\/\/donbaraton.es\/#website","url":"https:\/\/donbaraton.es\/","name":"Don Baraton: tienda de sof\u00e1s, muebles y colchones","description":"Sofas baratos desde el almac\u00e9n en Almorad\u00ed, Alicante","publisher":{"@id":"https:\/\/donbaraton.es\/#organization"},"potentialAction":[{"@type":"SearchAction","target":{"@type":"EntryPoint","urlTemplate":"https:\/\/donbaraton.es\/?s={search_term_string}"},"query-input":{"@type":"PropertyValueSpecification","valueRequired":true,"valueName":"search_term_string"}}],"inLanguage":"en-GB"},{"@type":"Organization","@id":"https:\/\/donbaraton.es\/#organization","name":"Don Baraton","url":"https:\/\/donbaraton.es\/","logo":{"@type":"ImageObject","inLanguage":"en-GB","@id":"https:\/\/donbaraton.es\/#\/schema\/logo\/image\/","url":"https:\/\/i0.wp.com\/donbaraton.es\/wp-content\/uploads\/2016\/11\/logo_don_baraton.png?fit=228%2C110&ssl=1","contentUrl":"https:\/\/i0.wp.com\/donbaraton.es\/wp-content\/uploads\/2016\/11\/logo_don_baraton.png?fit=228%2C110&ssl=1","width":228,"height":110,"caption":"Don Baraton"},"image":{"@id":"https:\/\/donbaraton.es\/#\/schema\/logo\/image\/"},"sameAs":["https:\/\/www.facebook.com\/donbaraton.es","https:\/\/x.com\/don_baraton","https:\/\/www.instagram.com\/donbaraton.es","https:\/\/www.linkedin.com\/company\/donbaraton\/","https:\/\/es.pinterest.com\/donbaraton\/","https:\/\/www.youtube.com\/channel\/UCL02HOwx-F759Jq5MedAZfQ"]}]}},"_links":{"self":[{"href":"https:\/\/donbaraton.es\/en\/wp-json\/wp\/v2\/product\/23122","targetHints":{"allow":["GET"]}}],"collection":[{"href":"https:\/\/donbaraton.es\/en\/wp-json\/wp\/v2\/product"}],"about":[{"href":"https:\/\/donbaraton.es\/en\/wp-json\/wp\/v2\/types\/product"}],"replies":[{"embeddable":true,"href":"https:\/\/donbaraton.es\/en\/wp-json\/wp\/v2\/comments?post=23122"}],"wp:featuredmedia":[{"embeddable":true,"href":"https:\/\/donbaraton.es\/en\/wp-json\/wp\/v2\/media\/22866"}],"wp:attachment":[{"href":"https:\/\/donbaraton.es\/en\/wp-json\/wp\/v2\/media?parent=23122"}],"wp:term":[{"taxonomy":"product_brand","embeddable":true,"href":"https:\/\/donbaraton.es\/en\/wp-json\/wp\/v2\/product_brand?post=23122"},{"taxonomy":"product_cat","embeddable":true,"href":"https:\/\/donbaraton.es\/en\/wp-json\/wp\/v2\/product_cat?post=23122"},{"taxonomy":"product_tag","embeddable":true,"href":"https:\/\/donbaraton.es\/en\/wp-json\/wp\/v2\/product_tag?post=23122"}],"curies":[{"name":"wp","href":"https:\/\/api.w.org\/{rel}","templated":true}]}}