{"id":23124,"date":"2020-01-28T00:35:32","date_gmt":"2020-01-27T23:35:32","guid":{"rendered":"https:\/\/donbaraton.es\/p\/modern-sideboard-inclined-legs-153-cm-lucca\/"},"modified":"2020-11-07T21:57:25","modified_gmt":"2020-11-07T20:57:25","slug":"modern-sideboard-inclined-legs-153-cm-lucca","status":"publish","type":"product","link":"https:\/\/donbaraton.es\/en\/p\/modern-sideboard-inclined-legs-153-cm-lucca\/","title":{"rendered":"Modern Sideboard with Inclined Legs, 153 cm &#8211; Lucca"},"content":{"rendered":"<p><strong>Modern Sideboard with Inclined Legs, 153 cm &#8211; Lucca<\/strong><\/p>\n<p>A stylish minimalistic piece of furniture for modern living rooms. Push to open doors of the sideboard have doors with no handles.<\/p>\n<p>This model is manufactured from particle board and is available in a combination of two colours &#8211; <strong>&#8220;oak&#8221;<\/strong> (the frame) and <strong>dark grey<\/strong> (the doors).<\/p>\n<p>The Lucca sideboard matches other furniture itemes of the Lucca range, take a look for exapmle at <a href=\"https:\/\/donbaraton.es\/en\/p\/modern-living-room-set-wall-mounted-cabinet-tv-stand-180-cm-lucca\/\"><strong>Modern Living Room Set: Wall Mounted Cabinet and TV Stand &#8211; Lucca<\/strong><\/a><\/p>\n<p><strong>Dimensions:<\/strong> length 153 cm, height 72 cm, depth 39 cm<\/p>\n<p>Assembly service is not included in the price<\/p>\n","protected":false},"excerpt":{"rendered":"<ul>\n<li>Modern design<\/li>\n<li>Inclined legs<\/li>\n<li>3 push to open doors<\/li>\n<li>Combination of oak and dark grey colours<\/li>\n<li>Matches other furniture of the Lucca range<\/li>\n<\/ul>\n<p><strong>Dimensions:<\/strong> length 153 cm, height 72 cm, depth 39 cm<\/p>\n","protected":false},"featured_media":22887,"comment_status":"open","ping_status":"closed","template":"","meta":{"_et_pb_use_builder":"","_et_pb_old_content":"","_et_gb_content_width":""},"product_brand":[],"product_cat":[71],"product_tag":[],"class_list":{"0":"post-23124","1":"product","2":"type-product","3":"status-publish","4":"has-post-thumbnail","6":"product_cat-furniture","7":"product_shipping_class-3-20-kg-hasta-10-dias","8":"pa_material-mdf-particle-board","10":"first","11":"onbackorder","12":"sale","13":"taxable","14":"shipping-taxable","15":"purchasable","16":"product-type-simple"},"yoast_head":"<!-- This site is optimized with the Yoast SEO plugin v27.2 - https:\/\/yoast.com\/product\/yoast-seo-wordpress\/ -->\n<title>Modern Sideboard with Inclined Legs, 153 cm - Lucca - Don Baraton: tienda de sof\u00e1s, muebles y colchones<\/title>\n<meta name=\"robots\" content=\"index, follow, max-snippet:-1, max-image-preview:large, max-video-preview:-1\" \/>\n<link rel=\"canonical\" href=\"https:\/\/donbaraton.es\/en\/p\/modern-sideboard-inclined-legs-153-cm-lucca\/\" \/>\n<meta property=\"og:locale\" content=\"en_GB\" \/>\n<meta property=\"og:type\" content=\"article\" \/>\n<meta property=\"og:title\" content=\"Modern Sideboard with Inclined Legs, 153 cm - Lucca - Don Baraton: tienda de sof\u00e1s, muebles y colchones\" \/>\n<meta property=\"og:description\" content=\"Modern design  Inclined legs  3 push to open doors  Combination of oak and dark grey colours  Matches other furniture of the Lucca range  Dimensions: length 153 cm, height 72 cm, depth 39 cm\" \/>\n<meta property=\"og:url\" content=\"https:\/\/donbaraton.es\/en\/p\/modern-sideboard-inclined-legs-153-cm-lucca\/\" \/>\n<meta property=\"og:site_name\" content=\"Don Baraton: tienda de sof\u00e1s, muebles y colchones\" \/>\n<meta property=\"article:publisher\" content=\"https:\/\/www.facebook.com\/donbaraton.es\" \/>\n<meta property=\"article:modified_time\" content=\"2020-11-07T20:57:25+00:00\" \/>\n<meta property=\"og:image\" content=\"https:\/\/i1.wp.com\/donbaraton.es\/wp-content\/uploads\/2020\/01\/Aparador-moderno-con-patas-inclinadas-153-cm-\u2013-Lucca.jpg?fit=800%2C600&ssl=1\" \/>\n\t<meta property=\"og:image:width\" content=\"800\" \/>\n\t<meta property=\"og:image:height\" content=\"600\" \/>\n\t<meta property=\"og:image:type\" content=\"image\/jpeg\" \/>\n<meta name=\"twitter:card\" content=\"summary_large_image\" \/>\n<meta name=\"twitter:site\" content=\"@don_baraton\" \/>\n<script type=\"application\/ld+json\" class=\"yoast-schema-graph\">{\"@context\":\"https:\/\/schema.org\",\"@graph\":[{\"@type\":\"WebPage\",\"@id\":\"https:\/\/donbaraton.es\/en\/p\/modern-sideboard-inclined-legs-153-cm-lucca\/\",\"url\":\"https:\/\/donbaraton.es\/en\/p\/modern-sideboard-inclined-legs-153-cm-lucca\/\",\"name\":\"Modern Sideboard with Inclined Legs, 153 cm - Lucca - Don Baraton: tienda de sof\u00e1s, muebles y colchones\",\"isPartOf\":{\"@id\":\"https:\/\/donbaraton.es\/#website\"},\"primaryImageOfPage\":{\"@id\":\"https:\/\/donbaraton.es\/en\/p\/modern-sideboard-inclined-legs-153-cm-lucca\/#primaryimage\"},\"image\":{\"@id\":\"https:\/\/donbaraton.es\/en\/p\/modern-sideboard-inclined-legs-153-cm-lucca\/#primaryimage\"},\"thumbnailUrl\":\"https:\/\/donbaraton.es\/wp-content\/uploads\/2020\/01\/Aparador-moderno-con-patas-inclinadas-153-cm-\u2013-Lucca.jpg\",\"datePublished\":\"2020-01-27T23:35:32+00:00\",\"dateModified\":\"2020-11-07T20:57:25+00:00\",\"breadcrumb\":{\"@id\":\"https:\/\/donbaraton.es\/en\/p\/modern-sideboard-inclined-legs-153-cm-lucca\/#breadcrumb\"},\"inLanguage\":\"en-GB\",\"potentialAction\":[{\"@type\":\"ReadAction\",\"target\":[\"https:\/\/donbaraton.es\/en\/p\/modern-sideboard-inclined-legs-153-cm-lucca\/\"]}]},{\"@type\":\"ImageObject\",\"inLanguage\":\"en-GB\",\"@id\":\"https:\/\/donbaraton.es\/en\/p\/modern-sideboard-inclined-legs-153-cm-lucca\/#primaryimage\",\"url\":\"https:\/\/donbaraton.es\/wp-content\/uploads\/2020\/01\/Aparador-moderno-con-patas-inclinadas-153-cm-\u2013-Lucca.jpg\",\"contentUrl\":\"https:\/\/donbaraton.es\/wp-content\/uploads\/2020\/01\/Aparador-moderno-con-patas-inclinadas-153-cm-\u2013-Lucca.jpg\",\"width\":800,\"height\":600,\"caption\":\"Modern Sideboard with Inclined Legs, 153 cm - Lucca\"},{\"@type\":\"BreadcrumbList\",\"@id\":\"https:\/\/donbaraton.es\/en\/p\/modern-sideboard-inclined-legs-153-cm-lucca\/#breadcrumb\",\"itemListElement\":[{\"@type\":\"ListItem\",\"position\":1,\"name\":\"Portada\",\"item\":\"https:\/\/donbaraton.es\/en\/\"},{\"@type\":\"ListItem\",\"position\":2,\"name\":\"Online Shop\",\"item\":\"https:\/\/donbaraton.es\/en\/shop\/\"},{\"@type\":\"ListItem\",\"position\":3,\"name\":\"Modern Sideboard with Inclined Legs, 153 cm &#8211; Lucca\"}]},{\"@type\":\"WebSite\",\"@id\":\"https:\/\/donbaraton.es\/#website\",\"url\":\"https:\/\/donbaraton.es\/\",\"name\":\"Don Baraton: tienda de sof\u00e1s, muebles y colchones\",\"description\":\"Sofas baratos desde el almac\u00e9n en Almorad\u00ed, Alicante\",\"publisher\":{\"@id\":\"https:\/\/donbaraton.es\/#organization\"},\"potentialAction\":[{\"@type\":\"SearchAction\",\"target\":{\"@type\":\"EntryPoint\",\"urlTemplate\":\"https:\/\/donbaraton.es\/?s={search_term_string}\"},\"query-input\":{\"@type\":\"PropertyValueSpecification\",\"valueRequired\":true,\"valueName\":\"search_term_string\"}}],\"inLanguage\":\"en-GB\"},{\"@type\":\"Organization\",\"@id\":\"https:\/\/donbaraton.es\/#organization\",\"name\":\"Don Baraton\",\"url\":\"https:\/\/donbaraton.es\/\",\"logo\":{\"@type\":\"ImageObject\",\"inLanguage\":\"en-GB\",\"@id\":\"https:\/\/donbaraton.es\/#\/schema\/logo\/image\/\",\"url\":\"https:\/\/i0.wp.com\/donbaraton.es\/wp-content\/uploads\/2016\/11\/logo_don_baraton.png?fit=228%2C110&ssl=1\",\"contentUrl\":\"https:\/\/i0.wp.com\/donbaraton.es\/wp-content\/uploads\/2016\/11\/logo_don_baraton.png?fit=228%2C110&ssl=1\",\"width\":228,\"height\":110,\"caption\":\"Don Baraton\"},\"image\":{\"@id\":\"https:\/\/donbaraton.es\/#\/schema\/logo\/image\/\"},\"sameAs\":[\"https:\/\/www.facebook.com\/donbaraton.es\",\"https:\/\/x.com\/don_baraton\",\"https:\/\/www.instagram.com\/donbaraton.es\",\"https:\/\/www.linkedin.com\/company\/donbaraton\/\",\"https:\/\/es.pinterest.com\/donbaraton\/\",\"https:\/\/www.youtube.com\/channel\/UCL02HOwx-F759Jq5MedAZfQ\"]}]}<\/script>\n<!-- \/ Yoast SEO plugin. -->","yoast_head_json":{"title":"Modern Sideboard with Inclined Legs, 153 cm - Lucca - Don Baraton: tienda de sof\u00e1s, muebles y colchones","robots":{"index":"index","follow":"follow","max-snippet":"max-snippet:-1","max-image-preview":"max-image-preview:large","max-video-preview":"max-video-preview:-1"},"canonical":"https:\/\/donbaraton.es\/en\/p\/modern-sideboard-inclined-legs-153-cm-lucca\/","og_locale":"en_GB","og_type":"article","og_title":"Modern Sideboard with Inclined Legs, 153 cm - Lucca - Don Baraton: tienda de sof\u00e1s, muebles y colchones","og_description":"Modern design  Inclined legs  3 push to open doors  Combination of oak and dark grey colours  Matches other furniture of the Lucca range  Dimensions: length 153 cm, height 72 cm, depth 39 cm","og_url":"https:\/\/donbaraton.es\/en\/p\/modern-sideboard-inclined-legs-153-cm-lucca\/","og_site_name":"Don Baraton: tienda de sof\u00e1s, muebles y colchones","article_publisher":"https:\/\/www.facebook.com\/donbaraton.es","article_modified_time":"2020-11-07T20:57:25+00:00","og_image":[{"width":800,"height":600,"url":"https:\/\/i1.wp.com\/donbaraton.es\/wp-content\/uploads\/2020\/01\/Aparador-moderno-con-patas-inclinadas-153-cm-\u2013-Lucca.jpg?fit=800%2C600&ssl=1","type":"image\/jpeg"}],"twitter_card":"summary_large_image","twitter_site":"@don_baraton","schema":{"@context":"https:\/\/schema.org","@graph":[{"@type":"WebPage","@id":"https:\/\/donbaraton.es\/en\/p\/modern-sideboard-inclined-legs-153-cm-lucca\/","url":"https:\/\/donbaraton.es\/en\/p\/modern-sideboard-inclined-legs-153-cm-lucca\/","name":"Modern Sideboard with Inclined Legs, 153 cm - Lucca - Don Baraton: tienda de sof\u00e1s, muebles y colchones","isPartOf":{"@id":"https:\/\/donbaraton.es\/#website"},"primaryImageOfPage":{"@id":"https:\/\/donbaraton.es\/en\/p\/modern-sideboard-inclined-legs-153-cm-lucca\/#primaryimage"},"image":{"@id":"https:\/\/donbaraton.es\/en\/p\/modern-sideboard-inclined-legs-153-cm-lucca\/#primaryimage"},"thumbnailUrl":"https:\/\/donbaraton.es\/wp-content\/uploads\/2020\/01\/Aparador-moderno-con-patas-inclinadas-153-cm-\u2013-Lucca.jpg","datePublished":"2020-01-27T23:35:32+00:00","dateModified":"2020-11-07T20:57:25+00:00","breadcrumb":{"@id":"https:\/\/donbaraton.es\/en\/p\/modern-sideboard-inclined-legs-153-cm-lucca\/#breadcrumb"},"inLanguage":"en-GB","potentialAction":[{"@type":"ReadAction","target":["https:\/\/donbaraton.es\/en\/p\/modern-sideboard-inclined-legs-153-cm-lucca\/"]}]},{"@type":"ImageObject","inLanguage":"en-GB","@id":"https:\/\/donbaraton.es\/en\/p\/modern-sideboard-inclined-legs-153-cm-lucca\/#primaryimage","url":"https:\/\/donbaraton.es\/wp-content\/uploads\/2020\/01\/Aparador-moderno-con-patas-inclinadas-153-cm-\u2013-Lucca.jpg","contentUrl":"https:\/\/donbaraton.es\/wp-content\/uploads\/2020\/01\/Aparador-moderno-con-patas-inclinadas-153-cm-\u2013-Lucca.jpg","width":800,"height":600,"caption":"Modern Sideboard with Inclined Legs, 153 cm - Lucca"},{"@type":"BreadcrumbList","@id":"https:\/\/donbaraton.es\/en\/p\/modern-sideboard-inclined-legs-153-cm-lucca\/#breadcrumb","itemListElement":[{"@type":"ListItem","position":1,"name":"Portada","item":"https:\/\/donbaraton.es\/en\/"},{"@type":"ListItem","position":2,"name":"Online Shop","item":"https:\/\/donbaraton.es\/en\/shop\/"},{"@type":"ListItem","position":3,"name":"Modern Sideboard with Inclined Legs, 153 cm &#8211; Lucca"}]},{"@type":"WebSite","@id":"https:\/\/donbaraton.es\/#website","url":"https:\/\/donbaraton.es\/","name":"Don Baraton: tienda de sof\u00e1s, muebles y colchones","description":"Sofas baratos desde el almac\u00e9n en Almorad\u00ed, Alicante","publisher":{"@id":"https:\/\/donbaraton.es\/#organization"},"potentialAction":[{"@type":"SearchAction","target":{"@type":"EntryPoint","urlTemplate":"https:\/\/donbaraton.es\/?s={search_term_string}"},"query-input":{"@type":"PropertyValueSpecification","valueRequired":true,"valueName":"search_term_string"}}],"inLanguage":"en-GB"},{"@type":"Organization","@id":"https:\/\/donbaraton.es\/#organization","name":"Don Baraton","url":"https:\/\/donbaraton.es\/","logo":{"@type":"ImageObject","inLanguage":"en-GB","@id":"https:\/\/donbaraton.es\/#\/schema\/logo\/image\/","url":"https:\/\/i0.wp.com\/donbaraton.es\/wp-content\/uploads\/2016\/11\/logo_don_baraton.png?fit=228%2C110&ssl=1","contentUrl":"https:\/\/i0.wp.com\/donbaraton.es\/wp-content\/uploads\/2016\/11\/logo_don_baraton.png?fit=228%2C110&ssl=1","width":228,"height":110,"caption":"Don Baraton"},"image":{"@id":"https:\/\/donbaraton.es\/#\/schema\/logo\/image\/"},"sameAs":["https:\/\/www.facebook.com\/donbaraton.es","https:\/\/x.com\/don_baraton","https:\/\/www.instagram.com\/donbaraton.es","https:\/\/www.linkedin.com\/company\/donbaraton\/","https:\/\/es.pinterest.com\/donbaraton\/","https:\/\/www.youtube.com\/channel\/UCL02HOwx-F759Jq5MedAZfQ"]}]}},"_links":{"self":[{"href":"https:\/\/donbaraton.es\/en\/wp-json\/wp\/v2\/product\/23124","targetHints":{"allow":["GET"]}}],"collection":[{"href":"https:\/\/donbaraton.es\/en\/wp-json\/wp\/v2\/product"}],"about":[{"href":"https:\/\/donbaraton.es\/en\/wp-json\/wp\/v2\/types\/product"}],"replies":[{"embeddable":true,"href":"https:\/\/donbaraton.es\/en\/wp-json\/wp\/v2\/comments?post=23124"}],"wp:featuredmedia":[{"embeddable":true,"href":"https:\/\/donbaraton.es\/en\/wp-json\/wp\/v2\/media\/22887"}],"wp:attachment":[{"href":"https:\/\/donbaraton.es\/en\/wp-json\/wp\/v2\/media?parent=23124"}],"wp:term":[{"taxonomy":"product_brand","embeddable":true,"href":"https:\/\/donbaraton.es\/en\/wp-json\/wp\/v2\/product_brand?post=23124"},{"taxonomy":"product_cat","embeddable":true,"href":"https:\/\/donbaraton.es\/en\/wp-json\/wp\/v2\/product_cat?post=23124"},{"taxonomy":"product_tag","embeddable":true,"href":"https:\/\/donbaraton.es\/en\/wp-json\/wp\/v2\/product_tag?post=23124"}],"curies":[{"name":"wp","href":"https:\/\/api.w.org\/{rel}","templated":true}]}}