{"id":23144,"date":"2020-01-28T23:14:39","date_gmt":"2020-01-28T22:14:39","guid":{"rendered":"https:\/\/donbaraton.es\/p\/modern-bedside-table-inclined-legs-lucca\/"},"modified":"2022-07-27T18:17:40","modified_gmt":"2022-07-27T16:17:40","slug":"modern-bedside-table-inclined-legs-lucca","status":"publish","type":"product","link":"https:\/\/donbaraton.es\/en\/p\/modern-bedside-table-inclined-legs-lucca\/","title":{"rendered":"Modern Bedside Table with Inclined Legs &#8211; Lucca"},"content":{"rendered":"<p><strong>Modern Bedside Table with Inclined Legs &#8211; Lucca<\/strong><\/p>\n<p>A perfect addition to other bedroom furniture of the Lucca range, this bedside table has two push-to-open drawers and stylish inclided legs.<\/p>\n<p>Available in two colour combinations:<\/p>\n<ul>\n<li><strong>Brown<\/strong> (frame) and <strong>light grey<\/strong> (doors), with &#8220;distressed&#8221; effect<\/li>\n<li><strong>&#8220;Oak&#8221;<\/strong> (frame) and <strong>dark grey<\/strong> (doors)<\/li>\n<\/ul>\n<p>Manufactured from high quality particle board.<\/p>\n<p>The Lucca bedside table is perfect to combine with other products of the series. Take a look at the matching <a href=\"https:\/\/donbaraton.es\/en\/p\/modern-wall-mounted-headboard-led-lights-210-cm-lucca\/\"><strong>headboard<\/strong> <\/a>and <strong><a href=\"https:\/\/donbaraton.es\/en\/p\/modern-tall-5-drawer-chest-drawers-inclined-legs-lucca\/\">chest of drawers.<\/a><\/strong><\/p>\n<p><strong>Dimensions:<\/strong> width 52 cm, height 50 cm, depth 34.8 cm<\/p>\n<p>Assembly service is not included in the price<\/p>\n","protected":false},"excerpt":{"rendered":"<ul>\n<li>Modern style<\/li>\n<li>Inclined legs<\/li>\n<li>2 drawers<\/li>\n<li>2 colours to choose<\/li>\n<li>Matches other furniture of the Lucca range<\/li>\n<\/ul>\n<p><strong>Dimensions:<\/strong> width 52 cm, height 50 cm, depth 34.8 cm<\/p>\n","protected":false},"featured_media":22922,"comment_status":"open","ping_status":"closed","template":"","meta":{"_et_pb_use_builder":"","_et_pb_old_content":"","_et_gb_content_width":""},"product_brand":[],"product_cat":[309,71],"product_tag":[],"class_list":{"0":"post-23144","1":"product","2":"type-product","3":"status-publish","4":"has-post-thumbnail","6":"product_cat-bedside-tables","7":"product_cat-furniture","8":"product_shipping_class-3-20-kg-hasta-10-dias","9":"pa_material-mdf-particle-board","11":"first","12":"onbackorder","13":"sale","14":"taxable","15":"shipping-taxable","16":"purchasable","17":"product-type-variable"},"yoast_head":"<!-- This site is optimized with the Yoast SEO plugin v27.2 - https:\/\/yoast.com\/product\/yoast-seo-wordpress\/ -->\n<title>Modern Bedside Table with Inclined Legs - Lucca - Don Baraton: tienda de sof\u00e1s, muebles y colchones<\/title>\n<meta name=\"robots\" content=\"index, follow, max-snippet:-1, max-image-preview:large, max-video-preview:-1\" \/>\n<link rel=\"canonical\" href=\"https:\/\/donbaraton.es\/en\/p\/modern-bedside-table-inclined-legs-lucca\/\" \/>\n<meta property=\"og:locale\" content=\"en_GB\" \/>\n<meta property=\"og:type\" content=\"article\" \/>\n<meta property=\"og:title\" content=\"Modern Bedside Table with Inclined Legs - Lucca - Don Baraton: tienda de sof\u00e1s, muebles y colchones\" \/>\n<meta property=\"og:description\" content=\"Modern style  Inclined legs  2 drawers  2 colours to choose  Matches other furniture of the Lucca range  Dimensions: width 52 cm, height 50 cm, depth 34.8 cm\" \/>\n<meta property=\"og:url\" content=\"https:\/\/donbaraton.es\/en\/p\/modern-bedside-table-inclined-legs-lucca\/\" \/>\n<meta property=\"og:site_name\" content=\"Don Baraton: tienda de sof\u00e1s, muebles y colchones\" \/>\n<meta property=\"article:publisher\" content=\"https:\/\/www.facebook.com\/donbaraton.es\" \/>\n<meta property=\"article:modified_time\" content=\"2022-07-27T16:17:40+00:00\" \/>\n<meta property=\"og:image\" content=\"https:\/\/i1.wp.com\/donbaraton.es\/wp-content\/uploads\/2020\/01\/Mesita-de-noche-moderna-con-patas-inclinadas-Lucca.-Color-marron-trufa-con-puertas-gris-claro.jpg?fit=533%2C400&ssl=1\" \/>\n\t<meta property=\"og:image:width\" content=\"533\" \/>\n\t<meta property=\"og:image:height\" content=\"400\" \/>\n\t<meta property=\"og:image:type\" content=\"image\/jpeg\" \/>\n<meta name=\"twitter:card\" content=\"summary_large_image\" \/>\n<meta name=\"twitter:site\" content=\"@don_baraton\" \/>\n<script type=\"application\/ld+json\" class=\"yoast-schema-graph\">{\"@context\":\"https:\/\/schema.org\",\"@graph\":[{\"@type\":\"WebPage\",\"@id\":\"https:\/\/donbaraton.es\/en\/p\/modern-bedside-table-inclined-legs-lucca\/\",\"url\":\"https:\/\/donbaraton.es\/en\/p\/modern-bedside-table-inclined-legs-lucca\/\",\"name\":\"Modern Bedside Table with Inclined Legs - Lucca - Don Baraton: tienda de sof\u00e1s, muebles y colchones\",\"isPartOf\":{\"@id\":\"https:\/\/donbaraton.es\/#website\"},\"primaryImageOfPage\":{\"@id\":\"https:\/\/donbaraton.es\/en\/p\/modern-bedside-table-inclined-legs-lucca\/#primaryimage\"},\"image\":{\"@id\":\"https:\/\/donbaraton.es\/en\/p\/modern-bedside-table-inclined-legs-lucca\/#primaryimage\"},\"thumbnailUrl\":\"https:\/\/donbaraton.es\/wp-content\/uploads\/2020\/01\/Mesita-de-noche-moderna-con-patas-inclinadas-Lucca.-Color-roble-con-puertas-gris-oscuro.jpg\",\"datePublished\":\"2020-01-28T22:14:39+00:00\",\"dateModified\":\"2022-07-27T16:17:40+00:00\",\"breadcrumb\":{\"@id\":\"https:\/\/donbaraton.es\/en\/p\/modern-bedside-table-inclined-legs-lucca\/#breadcrumb\"},\"inLanguage\":\"en-GB\",\"potentialAction\":[{\"@type\":\"ReadAction\",\"target\":[\"https:\/\/donbaraton.es\/en\/p\/modern-bedside-table-inclined-legs-lucca\/\"]}]},{\"@type\":\"ImageObject\",\"inLanguage\":\"en-GB\",\"@id\":\"https:\/\/donbaraton.es\/en\/p\/modern-bedside-table-inclined-legs-lucca\/#primaryimage\",\"url\":\"https:\/\/donbaraton.es\/wp-content\/uploads\/2020\/01\/Mesita-de-noche-moderna-con-patas-inclinadas-Lucca.-Color-roble-con-puertas-gris-oscuro.jpg\",\"contentUrl\":\"https:\/\/donbaraton.es\/wp-content\/uploads\/2020\/01\/Mesita-de-noche-moderna-con-patas-inclinadas-Lucca.-Color-roble-con-puertas-gris-oscuro.jpg\",\"width\":533,\"height\":400,\"caption\":\"Modern bedside table with inclined legs - Lucca. Colour - \\\"oak\\\" and dark grey\"},{\"@type\":\"BreadcrumbList\",\"@id\":\"https:\/\/donbaraton.es\/en\/p\/modern-bedside-table-inclined-legs-lucca\/#breadcrumb\",\"itemListElement\":[{\"@type\":\"ListItem\",\"position\":1,\"name\":\"Portada\",\"item\":\"https:\/\/donbaraton.es\/en\/\"},{\"@type\":\"ListItem\",\"position\":2,\"name\":\"Online Shop\",\"item\":\"https:\/\/donbaraton.es\/en\/shop\/\"},{\"@type\":\"ListItem\",\"position\":3,\"name\":\"Modern Bedside Table with Inclined Legs &#8211; Lucca\"}]},{\"@type\":\"WebSite\",\"@id\":\"https:\/\/donbaraton.es\/#website\",\"url\":\"https:\/\/donbaraton.es\/\",\"name\":\"Don Baraton: tienda de sof\u00e1s, muebles y colchones\",\"description\":\"Sofas baratos desde el almac\u00e9n en Almorad\u00ed, Alicante\",\"publisher\":{\"@id\":\"https:\/\/donbaraton.es\/#organization\"},\"potentialAction\":[{\"@type\":\"SearchAction\",\"target\":{\"@type\":\"EntryPoint\",\"urlTemplate\":\"https:\/\/donbaraton.es\/?s={search_term_string}\"},\"query-input\":{\"@type\":\"PropertyValueSpecification\",\"valueRequired\":true,\"valueName\":\"search_term_string\"}}],\"inLanguage\":\"en-GB\"},{\"@type\":\"Organization\",\"@id\":\"https:\/\/donbaraton.es\/#organization\",\"name\":\"Don Baraton\",\"url\":\"https:\/\/donbaraton.es\/\",\"logo\":{\"@type\":\"ImageObject\",\"inLanguage\":\"en-GB\",\"@id\":\"https:\/\/donbaraton.es\/#\/schema\/logo\/image\/\",\"url\":\"https:\/\/i0.wp.com\/donbaraton.es\/wp-content\/uploads\/2016\/11\/logo_don_baraton.png?fit=228%2C110&ssl=1\",\"contentUrl\":\"https:\/\/i0.wp.com\/donbaraton.es\/wp-content\/uploads\/2016\/11\/logo_don_baraton.png?fit=228%2C110&ssl=1\",\"width\":228,\"height\":110,\"caption\":\"Don Baraton\"},\"image\":{\"@id\":\"https:\/\/donbaraton.es\/#\/schema\/logo\/image\/\"},\"sameAs\":[\"https:\/\/www.facebook.com\/donbaraton.es\",\"https:\/\/x.com\/don_baraton\",\"https:\/\/www.instagram.com\/donbaraton.es\",\"https:\/\/www.linkedin.com\/company\/donbaraton\/\",\"https:\/\/es.pinterest.com\/donbaraton\/\",\"https:\/\/www.youtube.com\/channel\/UCL02HOwx-F759Jq5MedAZfQ\"]}]}<\/script>\n<!-- \/ Yoast SEO plugin. -->","yoast_head_json":{"title":"Modern Bedside Table with Inclined Legs - Lucca - Don Baraton: tienda de sof\u00e1s, muebles y colchones","robots":{"index":"index","follow":"follow","max-snippet":"max-snippet:-1","max-image-preview":"max-image-preview:large","max-video-preview":"max-video-preview:-1"},"canonical":"https:\/\/donbaraton.es\/en\/p\/modern-bedside-table-inclined-legs-lucca\/","og_locale":"en_GB","og_type":"article","og_title":"Modern Bedside Table with Inclined Legs - Lucca - Don Baraton: tienda de sof\u00e1s, muebles y colchones","og_description":"Modern style  Inclined legs  2 drawers  2 colours to choose  Matches other furniture of the Lucca range  Dimensions: width 52 cm, height 50 cm, depth 34.8 cm","og_url":"https:\/\/donbaraton.es\/en\/p\/modern-bedside-table-inclined-legs-lucca\/","og_site_name":"Don Baraton: tienda de sof\u00e1s, muebles y colchones","article_publisher":"https:\/\/www.facebook.com\/donbaraton.es","article_modified_time":"2022-07-27T16:17:40+00:00","og_image":[{"width":533,"height":400,"url":"https:\/\/i1.wp.com\/donbaraton.es\/wp-content\/uploads\/2020\/01\/Mesita-de-noche-moderna-con-patas-inclinadas-Lucca.-Color-marron-trufa-con-puertas-gris-claro.jpg?fit=533%2C400&ssl=1","type":"image\/jpeg"}],"twitter_card":"summary_large_image","twitter_site":"@don_baraton","schema":{"@context":"https:\/\/schema.org","@graph":[{"@type":"WebPage","@id":"https:\/\/donbaraton.es\/en\/p\/modern-bedside-table-inclined-legs-lucca\/","url":"https:\/\/donbaraton.es\/en\/p\/modern-bedside-table-inclined-legs-lucca\/","name":"Modern Bedside Table with Inclined Legs - Lucca - Don Baraton: tienda de sof\u00e1s, muebles y colchones","isPartOf":{"@id":"https:\/\/donbaraton.es\/#website"},"primaryImageOfPage":{"@id":"https:\/\/donbaraton.es\/en\/p\/modern-bedside-table-inclined-legs-lucca\/#primaryimage"},"image":{"@id":"https:\/\/donbaraton.es\/en\/p\/modern-bedside-table-inclined-legs-lucca\/#primaryimage"},"thumbnailUrl":"https:\/\/donbaraton.es\/wp-content\/uploads\/2020\/01\/Mesita-de-noche-moderna-con-patas-inclinadas-Lucca.-Color-roble-con-puertas-gris-oscuro.jpg","datePublished":"2020-01-28T22:14:39+00:00","dateModified":"2022-07-27T16:17:40+00:00","breadcrumb":{"@id":"https:\/\/donbaraton.es\/en\/p\/modern-bedside-table-inclined-legs-lucca\/#breadcrumb"},"inLanguage":"en-GB","potentialAction":[{"@type":"ReadAction","target":["https:\/\/donbaraton.es\/en\/p\/modern-bedside-table-inclined-legs-lucca\/"]}]},{"@type":"ImageObject","inLanguage":"en-GB","@id":"https:\/\/donbaraton.es\/en\/p\/modern-bedside-table-inclined-legs-lucca\/#primaryimage","url":"https:\/\/donbaraton.es\/wp-content\/uploads\/2020\/01\/Mesita-de-noche-moderna-con-patas-inclinadas-Lucca.-Color-roble-con-puertas-gris-oscuro.jpg","contentUrl":"https:\/\/donbaraton.es\/wp-content\/uploads\/2020\/01\/Mesita-de-noche-moderna-con-patas-inclinadas-Lucca.-Color-roble-con-puertas-gris-oscuro.jpg","width":533,"height":400,"caption":"Modern bedside table with inclined legs - Lucca. Colour - \"oak\" and dark grey"},{"@type":"BreadcrumbList","@id":"https:\/\/donbaraton.es\/en\/p\/modern-bedside-table-inclined-legs-lucca\/#breadcrumb","itemListElement":[{"@type":"ListItem","position":1,"name":"Portada","item":"https:\/\/donbaraton.es\/en\/"},{"@type":"ListItem","position":2,"name":"Online Shop","item":"https:\/\/donbaraton.es\/en\/shop\/"},{"@type":"ListItem","position":3,"name":"Modern Bedside Table with Inclined Legs &#8211; Lucca"}]},{"@type":"WebSite","@id":"https:\/\/donbaraton.es\/#website","url":"https:\/\/donbaraton.es\/","name":"Don Baraton: tienda de sof\u00e1s, muebles y colchones","description":"Sofas baratos desde el almac\u00e9n en Almorad\u00ed, Alicante","publisher":{"@id":"https:\/\/donbaraton.es\/#organization"},"potentialAction":[{"@type":"SearchAction","target":{"@type":"EntryPoint","urlTemplate":"https:\/\/donbaraton.es\/?s={search_term_string}"},"query-input":{"@type":"PropertyValueSpecification","valueRequired":true,"valueName":"search_term_string"}}],"inLanguage":"en-GB"},{"@type":"Organization","@id":"https:\/\/donbaraton.es\/#organization","name":"Don Baraton","url":"https:\/\/donbaraton.es\/","logo":{"@type":"ImageObject","inLanguage":"en-GB","@id":"https:\/\/donbaraton.es\/#\/schema\/logo\/image\/","url":"https:\/\/i0.wp.com\/donbaraton.es\/wp-content\/uploads\/2016\/11\/logo_don_baraton.png?fit=228%2C110&ssl=1","contentUrl":"https:\/\/i0.wp.com\/donbaraton.es\/wp-content\/uploads\/2016\/11\/logo_don_baraton.png?fit=228%2C110&ssl=1","width":228,"height":110,"caption":"Don Baraton"},"image":{"@id":"https:\/\/donbaraton.es\/#\/schema\/logo\/image\/"},"sameAs":["https:\/\/www.facebook.com\/donbaraton.es","https:\/\/x.com\/don_baraton","https:\/\/www.instagram.com\/donbaraton.es","https:\/\/www.linkedin.com\/company\/donbaraton\/","https:\/\/es.pinterest.com\/donbaraton\/","https:\/\/www.youtube.com\/channel\/UCL02HOwx-F759Jq5MedAZfQ"]}]}},"_links":{"self":[{"href":"https:\/\/donbaraton.es\/en\/wp-json\/wp\/v2\/product\/23144","targetHints":{"allow":["GET"]}}],"collection":[{"href":"https:\/\/donbaraton.es\/en\/wp-json\/wp\/v2\/product"}],"about":[{"href":"https:\/\/donbaraton.es\/en\/wp-json\/wp\/v2\/types\/product"}],"replies":[{"embeddable":true,"href":"https:\/\/donbaraton.es\/en\/wp-json\/wp\/v2\/comments?post=23144"}],"wp:featuredmedia":[{"embeddable":true,"href":"https:\/\/donbaraton.es\/en\/wp-json\/wp\/v2\/media\/22922"}],"wp:attachment":[{"href":"https:\/\/donbaraton.es\/en\/wp-json\/wp\/v2\/media?parent=23144"}],"wp:term":[{"taxonomy":"product_brand","embeddable":true,"href":"https:\/\/donbaraton.es\/en\/wp-json\/wp\/v2\/product_brand?post=23144"},{"taxonomy":"product_cat","embeddable":true,"href":"https:\/\/donbaraton.es\/en\/wp-json\/wp\/v2\/product_cat?post=23144"},{"taxonomy":"product_tag","embeddable":true,"href":"https:\/\/donbaraton.es\/en\/wp-json\/wp\/v2\/product_tag?post=23144"}],"curies":[{"name":"wp","href":"https:\/\/api.w.org\/{rel}","templated":true}]}}