{"id":23314,"date":"2020-01-31T21:09:43","date_gmt":"2020-01-31T20:09:43","guid":{"rendered":"https:\/\/donbaraton.es\/p\/bedroom-set-tall-chest-drawers-headboard-2-bedside-tables-full-length-mirror-catania\/"},"modified":"2022-02-18T17:39:46","modified_gmt":"2022-02-18T16:39:46","slug":"bedroom-set-tall-chest-drawers-headboard-2-bedside-tables-full-length-mirror-catania","status":"publish","type":"product","link":"https:\/\/donbaraton.es\/en\/p\/bedroom-set-tall-chest-drawers-headboard-2-bedside-tables-full-length-mirror-catania\/","title":{"rendered":"Bedroom Set: Tall Chest of Drawers, Headboard, 2 Bedside Tables, Full Length Mirror &#8211; Catania 02"},"content":{"rendered":"<p><strong>Bedroom Set: Tall Chest of Drawers, Headboard, 2 Bedside Tables, Full Length Mirror &#8211; Catania 02<\/strong><\/p>\n<p>Composition of five furniture items for a modern bedroom.<\/p>\n<p>Available in the following colours:<\/p>\n<ul>\n<li>\u201cOak\u201d with white<\/li>\n<li>\u201cOak\u201d with dark grey (\u201cgraphite\u201d)<\/li>\n<li>Light grey with darker grey<\/li>\n<\/ul>\n<p>All products of the set can be purchased separately.<\/p>\n<p><strong>Dimensions. Headboard:\u00a0<\/strong>width 160 cm, height 119.3 cm, depth 5 cm.\u00a0<strong>Bedside tables:\u00a0<\/strong>width 50 cm, depth 34.6 cm, height 60 cm.\u00a0<strong>Tall chest of drawers:<\/strong> width 60 cm, depth 39.6 cm, height 106.5 cm. <strong>Full length mirror:<\/strong> 180 x 60 x 3.5 cm<\/p>\n<p>Assembly service in not included in the price<\/p>\n","protected":false},"excerpt":{"rendered":"<ul>\n<li>5 products for bedroom in the same style<\/li>\n<li><strong>Headboard<\/strong> for double beds up to 160 cm wide<\/li>\n<li>Tall 5 drawer <strong>chest of drawers<\/strong><\/li>\n<li>2 <strong>bedside tables<\/strong> with 3 drawers<\/li>\n<li>Full length <strong>mirror<\/strong><\/li>\n<li>3 colours to choose<\/li>\n<\/ul>\n","protected":false},"featured_media":23120,"comment_status":"open","ping_status":"closed","template":"","meta":{"_et_pb_use_builder":"","_et_pb_old_content":"","_et_gb_content_width":""},"product_brand":[],"product_cat":[300,71],"product_tag":[],"class_list":{"0":"post-23314","1":"product","2":"type-product","3":"status-publish","4":"has-post-thumbnail","6":"product_cat-bedroom-furniture-sets","7":"product_cat-furniture","8":"product_shipping_class-articulos-pesado-manufacturing-up-to-10-days","9":"pa_material-mdf-particle-board","11":"first","12":"onbackorder","13":"sale","14":"taxable","15":"shipping-taxable","16":"purchasable","17":"product-type-variable"},"yoast_head":"<!-- This site is optimized with the Yoast SEO plugin v27.2 - https:\/\/yoast.com\/product\/yoast-seo-wordpress\/ -->\n<title>Bedroom Set: Tall Chest of Drawers, Headboard, 2 Bedside Tables, Full Length Mirror - Catania 02 - Don Baraton: tienda de sof\u00e1s, muebles y colchones<\/title>\n<meta name=\"robots\" content=\"index, follow, max-snippet:-1, max-image-preview:large, max-video-preview:-1\" \/>\n<link rel=\"canonical\" href=\"https:\/\/donbaraton.es\/en\/p\/bedroom-set-tall-chest-drawers-headboard-2-bedside-tables-full-length-mirror-catania\/\" \/>\n<meta property=\"og:locale\" content=\"en_GB\" \/>\n<meta property=\"og:type\" content=\"article\" \/>\n<meta property=\"og:title\" content=\"Bedroom Set: Tall Chest of Drawers, Headboard, 2 Bedside Tables, Full Length Mirror - Catania 02 - Don Baraton: tienda de sof\u00e1s, muebles y colchones\" \/>\n<meta property=\"og:description\" content=\"5 products for bedroom in the same style  Headboard for double beds up to 160 cm wide  Tall 5 drawer chest of drawers  2 bedside tables with 3 drawers  Full length mirror  3 colours to choose\" \/>\n<meta property=\"og:url\" content=\"https:\/\/donbaraton.es\/en\/p\/bedroom-set-tall-chest-drawers-headboard-2-bedside-tables-full-length-mirror-catania\/\" \/>\n<meta property=\"og:site_name\" content=\"Don Baraton: tienda de sof\u00e1s, muebles y colchones\" \/>\n<meta property=\"article:publisher\" content=\"https:\/\/www.facebook.com\/donbaraton.es\" \/>\n<meta property=\"article:modified_time\" content=\"2022-02-18T16:39:46+00:00\" \/>\n<meta property=\"og:image\" content=\"https:\/\/i1.wp.com\/donbaraton.es\/wp-content\/uploads\/2020\/01\/Conjunto-de-dormitorio-cabecero-2-mesitas-sinfonier-espejo-grande-Catania-02.jpg?fit=1000%2C750&ssl=1\" \/>\n\t<meta property=\"og:image:width\" content=\"1000\" \/>\n\t<meta property=\"og:image:height\" content=\"750\" \/>\n\t<meta property=\"og:image:type\" content=\"image\/jpeg\" \/>\n<meta name=\"twitter:card\" content=\"summary_large_image\" \/>\n<meta name=\"twitter:site\" content=\"@don_baraton\" \/>\n<script type=\"application\/ld+json\" class=\"yoast-schema-graph\">{\"@context\":\"https:\/\/schema.org\",\"@graph\":[{\"@type\":\"WebPage\",\"@id\":\"https:\/\/donbaraton.es\/en\/p\/bedroom-set-tall-chest-drawers-headboard-2-bedside-tables-full-length-mirror-catania\/\",\"url\":\"https:\/\/donbaraton.es\/en\/p\/bedroom-set-tall-chest-drawers-headboard-2-bedside-tables-full-length-mirror-catania\/\",\"name\":\"Bedroom Set: Tall Chest of Drawers, Headboard, 2 Bedside Tables, Full Length Mirror - Catania 02 - Don Baraton: tienda de sof\u00e1s, muebles y colchones\",\"isPartOf\":{\"@id\":\"https:\/\/donbaraton.es\/#website\"},\"primaryImageOfPage\":{\"@id\":\"https:\/\/donbaraton.es\/en\/p\/bedroom-set-tall-chest-drawers-headboard-2-bedside-tables-full-length-mirror-catania\/#primaryimage\"},\"image\":{\"@id\":\"https:\/\/donbaraton.es\/en\/p\/bedroom-set-tall-chest-drawers-headboard-2-bedside-tables-full-length-mirror-catania\/#primaryimage\"},\"thumbnailUrl\":\"https:\/\/donbaraton.es\/wp-content\/uploads\/2020\/01\/Conjunto-de-dormitorio-cabecero-2-mesitas-sinfonier-espejo-grande-Catania-02.jpg\",\"datePublished\":\"2020-01-31T20:09:43+00:00\",\"dateModified\":\"2022-02-18T16:39:46+00:00\",\"breadcrumb\":{\"@id\":\"https:\/\/donbaraton.es\/en\/p\/bedroom-set-tall-chest-drawers-headboard-2-bedside-tables-full-length-mirror-catania\/#breadcrumb\"},\"inLanguage\":\"en-GB\",\"potentialAction\":[{\"@type\":\"ReadAction\",\"target\":[\"https:\/\/donbaraton.es\/en\/p\/bedroom-set-tall-chest-drawers-headboard-2-bedside-tables-full-length-mirror-catania\/\"]}]},{\"@type\":\"ImageObject\",\"inLanguage\":\"en-GB\",\"@id\":\"https:\/\/donbaraton.es\/en\/p\/bedroom-set-tall-chest-drawers-headboard-2-bedside-tables-full-length-mirror-catania\/#primaryimage\",\"url\":\"https:\/\/donbaraton.es\/wp-content\/uploads\/2020\/01\/Conjunto-de-dormitorio-cabecero-2-mesitas-sinfonier-espejo-grande-Catania-02.jpg\",\"contentUrl\":\"https:\/\/donbaraton.es\/wp-content\/uploads\/2020\/01\/Conjunto-de-dormitorio-cabecero-2-mesitas-sinfonier-espejo-grande-Catania-02.jpg\",\"width\":1000,\"height\":750,\"caption\":\"Bedroom set: tall chest of drawers, headboard, 2 bedside tables, full length mirror - Catania 02. \u201cOak\u201d + dark grey\"},{\"@type\":\"BreadcrumbList\",\"@id\":\"https:\/\/donbaraton.es\/en\/p\/bedroom-set-tall-chest-drawers-headboard-2-bedside-tables-full-length-mirror-catania\/#breadcrumb\",\"itemListElement\":[{\"@type\":\"ListItem\",\"position\":1,\"name\":\"Portada\",\"item\":\"https:\/\/donbaraton.es\/en\/\"},{\"@type\":\"ListItem\",\"position\":2,\"name\":\"Online Shop\",\"item\":\"https:\/\/donbaraton.es\/en\/shop\/\"},{\"@type\":\"ListItem\",\"position\":3,\"name\":\"Bedroom Set: Tall Chest of Drawers, Headboard, 2 Bedside Tables, Full Length Mirror &#8211; Catania 02\"}]},{\"@type\":\"WebSite\",\"@id\":\"https:\/\/donbaraton.es\/#website\",\"url\":\"https:\/\/donbaraton.es\/\",\"name\":\"Don Baraton: tienda de sof\u00e1s, muebles y colchones\",\"description\":\"Sofas baratos desde el almac\u00e9n en Almorad\u00ed, Alicante\",\"publisher\":{\"@id\":\"https:\/\/donbaraton.es\/#organization\"},\"potentialAction\":[{\"@type\":\"SearchAction\",\"target\":{\"@type\":\"EntryPoint\",\"urlTemplate\":\"https:\/\/donbaraton.es\/?s={search_term_string}\"},\"query-input\":{\"@type\":\"PropertyValueSpecification\",\"valueRequired\":true,\"valueName\":\"search_term_string\"}}],\"inLanguage\":\"en-GB\"},{\"@type\":\"Organization\",\"@id\":\"https:\/\/donbaraton.es\/#organization\",\"name\":\"Don Baraton\",\"url\":\"https:\/\/donbaraton.es\/\",\"logo\":{\"@type\":\"ImageObject\",\"inLanguage\":\"en-GB\",\"@id\":\"https:\/\/donbaraton.es\/#\/schema\/logo\/image\/\",\"url\":\"https:\/\/i0.wp.com\/donbaraton.es\/wp-content\/uploads\/2016\/11\/logo_don_baraton.png?fit=228%2C110&ssl=1\",\"contentUrl\":\"https:\/\/i0.wp.com\/donbaraton.es\/wp-content\/uploads\/2016\/11\/logo_don_baraton.png?fit=228%2C110&ssl=1\",\"width\":228,\"height\":110,\"caption\":\"Don Baraton\"},\"image\":{\"@id\":\"https:\/\/donbaraton.es\/#\/schema\/logo\/image\/\"},\"sameAs\":[\"https:\/\/www.facebook.com\/donbaraton.es\",\"https:\/\/x.com\/don_baraton\",\"https:\/\/www.instagram.com\/donbaraton.es\",\"https:\/\/www.linkedin.com\/company\/donbaraton\/\",\"https:\/\/es.pinterest.com\/donbaraton\/\",\"https:\/\/www.youtube.com\/channel\/UCL02HOwx-F759Jq5MedAZfQ\"]}]}<\/script>\n<!-- \/ Yoast SEO plugin. -->","yoast_head_json":{"title":"Bedroom Set: Tall Chest of Drawers, Headboard, 2 Bedside Tables, Full Length Mirror - Catania 02 - Don Baraton: tienda de sof\u00e1s, muebles y colchones","robots":{"index":"index","follow":"follow","max-snippet":"max-snippet:-1","max-image-preview":"max-image-preview:large","max-video-preview":"max-video-preview:-1"},"canonical":"https:\/\/donbaraton.es\/en\/p\/bedroom-set-tall-chest-drawers-headboard-2-bedside-tables-full-length-mirror-catania\/","og_locale":"en_GB","og_type":"article","og_title":"Bedroom Set: Tall Chest of Drawers, Headboard, 2 Bedside Tables, Full Length Mirror - Catania 02 - Don Baraton: tienda de sof\u00e1s, muebles y colchones","og_description":"5 products for bedroom in the same style  Headboard for double beds up to 160 cm wide  Tall 5 drawer chest of drawers  2 bedside tables with 3 drawers  Full length mirror  3 colours to choose","og_url":"https:\/\/donbaraton.es\/en\/p\/bedroom-set-tall-chest-drawers-headboard-2-bedside-tables-full-length-mirror-catania\/","og_site_name":"Don Baraton: tienda de sof\u00e1s, muebles y colchones","article_publisher":"https:\/\/www.facebook.com\/donbaraton.es","article_modified_time":"2022-02-18T16:39:46+00:00","og_image":[{"width":1000,"height":750,"url":"https:\/\/i1.wp.com\/donbaraton.es\/wp-content\/uploads\/2020\/01\/Conjunto-de-dormitorio-cabecero-2-mesitas-sinfonier-espejo-grande-Catania-02.jpg?fit=1000%2C750&ssl=1","type":"image\/jpeg"}],"twitter_card":"summary_large_image","twitter_site":"@don_baraton","schema":{"@context":"https:\/\/schema.org","@graph":[{"@type":"WebPage","@id":"https:\/\/donbaraton.es\/en\/p\/bedroom-set-tall-chest-drawers-headboard-2-bedside-tables-full-length-mirror-catania\/","url":"https:\/\/donbaraton.es\/en\/p\/bedroom-set-tall-chest-drawers-headboard-2-bedside-tables-full-length-mirror-catania\/","name":"Bedroom Set: Tall Chest of Drawers, Headboard, 2 Bedside Tables, Full Length Mirror - Catania 02 - Don Baraton: tienda de sof\u00e1s, muebles y colchones","isPartOf":{"@id":"https:\/\/donbaraton.es\/#website"},"primaryImageOfPage":{"@id":"https:\/\/donbaraton.es\/en\/p\/bedroom-set-tall-chest-drawers-headboard-2-bedside-tables-full-length-mirror-catania\/#primaryimage"},"image":{"@id":"https:\/\/donbaraton.es\/en\/p\/bedroom-set-tall-chest-drawers-headboard-2-bedside-tables-full-length-mirror-catania\/#primaryimage"},"thumbnailUrl":"https:\/\/donbaraton.es\/wp-content\/uploads\/2020\/01\/Conjunto-de-dormitorio-cabecero-2-mesitas-sinfonier-espejo-grande-Catania-02.jpg","datePublished":"2020-01-31T20:09:43+00:00","dateModified":"2022-02-18T16:39:46+00:00","breadcrumb":{"@id":"https:\/\/donbaraton.es\/en\/p\/bedroom-set-tall-chest-drawers-headboard-2-bedside-tables-full-length-mirror-catania\/#breadcrumb"},"inLanguage":"en-GB","potentialAction":[{"@type":"ReadAction","target":["https:\/\/donbaraton.es\/en\/p\/bedroom-set-tall-chest-drawers-headboard-2-bedside-tables-full-length-mirror-catania\/"]}]},{"@type":"ImageObject","inLanguage":"en-GB","@id":"https:\/\/donbaraton.es\/en\/p\/bedroom-set-tall-chest-drawers-headboard-2-bedside-tables-full-length-mirror-catania\/#primaryimage","url":"https:\/\/donbaraton.es\/wp-content\/uploads\/2020\/01\/Conjunto-de-dormitorio-cabecero-2-mesitas-sinfonier-espejo-grande-Catania-02.jpg","contentUrl":"https:\/\/donbaraton.es\/wp-content\/uploads\/2020\/01\/Conjunto-de-dormitorio-cabecero-2-mesitas-sinfonier-espejo-grande-Catania-02.jpg","width":1000,"height":750,"caption":"Bedroom set: tall chest of drawers, headboard, 2 bedside tables, full length mirror - Catania 02. \u201cOak\u201d + dark grey"},{"@type":"BreadcrumbList","@id":"https:\/\/donbaraton.es\/en\/p\/bedroom-set-tall-chest-drawers-headboard-2-bedside-tables-full-length-mirror-catania\/#breadcrumb","itemListElement":[{"@type":"ListItem","position":1,"name":"Portada","item":"https:\/\/donbaraton.es\/en\/"},{"@type":"ListItem","position":2,"name":"Online Shop","item":"https:\/\/donbaraton.es\/en\/shop\/"},{"@type":"ListItem","position":3,"name":"Bedroom Set: Tall Chest of Drawers, Headboard, 2 Bedside Tables, Full Length Mirror &#8211; Catania 02"}]},{"@type":"WebSite","@id":"https:\/\/donbaraton.es\/#website","url":"https:\/\/donbaraton.es\/","name":"Don Baraton: tienda de sof\u00e1s, muebles y colchones","description":"Sofas baratos desde el almac\u00e9n en Almorad\u00ed, Alicante","publisher":{"@id":"https:\/\/donbaraton.es\/#organization"},"potentialAction":[{"@type":"SearchAction","target":{"@type":"EntryPoint","urlTemplate":"https:\/\/donbaraton.es\/?s={search_term_string}"},"query-input":{"@type":"PropertyValueSpecification","valueRequired":true,"valueName":"search_term_string"}}],"inLanguage":"en-GB"},{"@type":"Organization","@id":"https:\/\/donbaraton.es\/#organization","name":"Don Baraton","url":"https:\/\/donbaraton.es\/","logo":{"@type":"ImageObject","inLanguage":"en-GB","@id":"https:\/\/donbaraton.es\/#\/schema\/logo\/image\/","url":"https:\/\/i0.wp.com\/donbaraton.es\/wp-content\/uploads\/2016\/11\/logo_don_baraton.png?fit=228%2C110&ssl=1","contentUrl":"https:\/\/i0.wp.com\/donbaraton.es\/wp-content\/uploads\/2016\/11\/logo_don_baraton.png?fit=228%2C110&ssl=1","width":228,"height":110,"caption":"Don Baraton"},"image":{"@id":"https:\/\/donbaraton.es\/#\/schema\/logo\/image\/"},"sameAs":["https:\/\/www.facebook.com\/donbaraton.es","https:\/\/x.com\/don_baraton","https:\/\/www.instagram.com\/donbaraton.es","https:\/\/www.linkedin.com\/company\/donbaraton\/","https:\/\/es.pinterest.com\/donbaraton\/","https:\/\/www.youtube.com\/channel\/UCL02HOwx-F759Jq5MedAZfQ"]}]}},"_links":{"self":[{"href":"https:\/\/donbaraton.es\/en\/wp-json\/wp\/v2\/product\/23314","targetHints":{"allow":["GET"]}}],"collection":[{"href":"https:\/\/donbaraton.es\/en\/wp-json\/wp\/v2\/product"}],"about":[{"href":"https:\/\/donbaraton.es\/en\/wp-json\/wp\/v2\/types\/product"}],"replies":[{"embeddable":true,"href":"https:\/\/donbaraton.es\/en\/wp-json\/wp\/v2\/comments?post=23314"}],"wp:featuredmedia":[{"embeddable":true,"href":"https:\/\/donbaraton.es\/en\/wp-json\/wp\/v2\/media\/23120"}],"wp:attachment":[{"href":"https:\/\/donbaraton.es\/en\/wp-json\/wp\/v2\/media?parent=23314"}],"wp:term":[{"taxonomy":"product_brand","embeddable":true,"href":"https:\/\/donbaraton.es\/en\/wp-json\/wp\/v2\/product_brand?post=23314"},{"taxonomy":"product_cat","embeddable":true,"href":"https:\/\/donbaraton.es\/en\/wp-json\/wp\/v2\/product_cat?post=23314"},{"taxonomy":"product_tag","embeddable":true,"href":"https:\/\/donbaraton.es\/en\/wp-json\/wp\/v2\/product_tag?post=23314"}],"curies":[{"name":"wp","href":"https:\/\/api.w.org\/{rel}","templated":true}]}}