{"id":23348,"date":"2020-02-01T03:06:59","date_gmt":"2020-02-01T02:06:59","guid":{"rendered":"https:\/\/donbaraton.es\/p\/bedroom-set-wrought-iron-style-headboard-2-bedside-tables-alabama\/"},"modified":"2020-02-01T03:06:59","modified_gmt":"2020-02-01T02:06:59","slug":"bedroom-set-wrought-iron-style-headboard-2-bedside-tables-alabama","status":"publish","type":"product","link":"https:\/\/donbaraton.es\/en\/p\/bedroom-set-wrought-iron-style-headboard-2-bedside-tables-alabama\/","title":{"rendered":"Bedroom Set: Wrought Iron Style Headboard and 2 Bedside Tables &#8211; Alabama"},"content":{"rendered":"<p><strong>Bedroom Set: Wrought Iron Style Headboard and Two Bedside Tables &#8211; Alabama<\/strong><\/p>\n<p>A set of three furniture items for a classic bedroom &#8211; wrought style <strong>headboard<\/strong> and two three drawers <strong>bedside tables <\/strong>with imitation wood finish.<\/p>\n<p>The floor standing forging headboard is perfect for 135 &#8211; 140 cm wide beds.<\/p>\n<p>Manufactured from steel and high quality particle board.<\/p>\n<p><strong>Dimensions. Headboard:<\/strong> width 143 cm, height 118 cm, depth 4 cm. <strong>Bedside table:<\/strong> width 66 cm, height 63.8 cm, depth 39.6 cm<\/p>\n<p>Assembly service is not included<\/p>\n","protected":false},"excerpt":{"rendered":"<ul>\n<li>Rustic style<\/li>\n<li>2 bedside tables with 3 drawers<\/li>\n<li>Headboard with metal structure<\/li>\n<li>For beds between 135 and 140 cm wide<\/li>\n<li>Matches other furniture of the Alabama range<\/li>\n<\/ul>\n<p><strong>Dimensions. Headboard:<\/strong> width 143 cm, height 118 cm, depth 4 cm. <strong>Bedside table:<\/strong> width 66 cm, height 63.8 cm, depth 39.6 cm<\/p>\n","protected":false},"featured_media":23074,"comment_status":"open","ping_status":"closed","template":"","meta":{"_et_pb_use_builder":"","_et_pb_old_content":"","_et_gb_content_width":""},"product_brand":[],"product_cat":[300,71],"product_tag":[],"class_list":{"0":"post-23348","1":"product","2":"type-product","3":"status-publish","4":"has-post-thumbnail","6":"product_cat-bedroom-furniture-sets","7":"product_cat-furniture","8":"product_shipping_class-articulos-pesado-manufacturing-up-to-10-days","9":"pa_material-mdf-particle-board","11":"first","12":"onbackorder","13":"sale","14":"taxable","15":"shipping-taxable","16":"purchasable","17":"product-type-simple"},"yoast_head":"<!-- This site is optimized with the Yoast SEO plugin v27.2 - https:\/\/yoast.com\/product\/yoast-seo-wordpress\/ -->\n<title>Bedroom Set: Wrought Iron Style Headboard and 2 Bedside Tables - Alabama - Don Baraton: tienda de sof\u00e1s, muebles y colchones<\/title>\n<meta name=\"robots\" content=\"index, follow, max-snippet:-1, max-image-preview:large, max-video-preview:-1\" \/>\n<link rel=\"canonical\" href=\"https:\/\/donbaraton.es\/en\/p\/bedroom-set-wrought-iron-style-headboard-2-bedside-tables-alabama\/\" \/>\n<meta property=\"og:locale\" content=\"en_GB\" \/>\n<meta property=\"og:type\" content=\"article\" \/>\n<meta property=\"og:title\" content=\"Bedroom Set: Wrought Iron Style Headboard and 2 Bedside Tables - Alabama - Don Baraton: tienda de sof\u00e1s, muebles y colchones\" \/>\n<meta property=\"og:description\" content=\"Rustic style  2 bedside tables with 3 drawers  Headboard with metal structure  For beds between 135 and 140 cm wide  Matches other furniture of the Alabama range  Dimensions. Headboard: width 143 cm, height 118 cm, depth 4 cm. Bedside table: width 66 cm, height 63.8 cm, depth 39.6 cm\" \/>\n<meta property=\"og:url\" content=\"https:\/\/donbaraton.es\/en\/p\/bedroom-set-wrought-iron-style-headboard-2-bedside-tables-alabama\/\" \/>\n<meta property=\"og:site_name\" content=\"Don Baraton: tienda de sof\u00e1s, muebles y colchones\" \/>\n<meta property=\"article:publisher\" content=\"https:\/\/www.facebook.com\/donbaraton.es\" \/>\n<meta property=\"og:image\" content=\"https:\/\/i2.wp.com\/donbaraton.es\/wp-content\/uploads\/2020\/02\/Conjunto-de-cabecero-matrimonial-de-forja-y-2-mesitas-de-noche-Alabama.jpg?fit=1000%2C750&ssl=1\" \/>\n\t<meta property=\"og:image:width\" content=\"1000\" \/>\n\t<meta property=\"og:image:height\" content=\"750\" \/>\n\t<meta property=\"og:image:type\" content=\"image\/jpeg\" \/>\n<meta name=\"twitter:card\" content=\"summary_large_image\" \/>\n<meta name=\"twitter:site\" content=\"@don_baraton\" \/>\n<script type=\"application\/ld+json\" class=\"yoast-schema-graph\">{\"@context\":\"https:\/\/schema.org\",\"@graph\":[{\"@type\":\"WebPage\",\"@id\":\"https:\/\/donbaraton.es\/en\/p\/bedroom-set-wrought-iron-style-headboard-2-bedside-tables-alabama\/\",\"url\":\"https:\/\/donbaraton.es\/en\/p\/bedroom-set-wrought-iron-style-headboard-2-bedside-tables-alabama\/\",\"name\":\"Bedroom Set: Wrought Iron Style Headboard and 2 Bedside Tables - Alabama - Don Baraton: tienda de sof\u00e1s, muebles y colchones\",\"isPartOf\":{\"@id\":\"https:\/\/donbaraton.es\/#website\"},\"primaryImageOfPage\":{\"@id\":\"https:\/\/donbaraton.es\/en\/p\/bedroom-set-wrought-iron-style-headboard-2-bedside-tables-alabama\/#primaryimage\"},\"image\":{\"@id\":\"https:\/\/donbaraton.es\/en\/p\/bedroom-set-wrought-iron-style-headboard-2-bedside-tables-alabama\/#primaryimage\"},\"thumbnailUrl\":\"https:\/\/donbaraton.es\/wp-content\/uploads\/2020\/02\/Conjunto-de-cabecero-matrimonial-de-forja-y-2-mesitas-de-noche-Alabama.jpg\",\"datePublished\":\"2020-02-01T02:06:59+00:00\",\"breadcrumb\":{\"@id\":\"https:\/\/donbaraton.es\/en\/p\/bedroom-set-wrought-iron-style-headboard-2-bedside-tables-alabama\/#breadcrumb\"},\"inLanguage\":\"en-GB\",\"potentialAction\":[{\"@type\":\"ReadAction\",\"target\":[\"https:\/\/donbaraton.es\/en\/p\/bedroom-set-wrought-iron-style-headboard-2-bedside-tables-alabama\/\"]}]},{\"@type\":\"ImageObject\",\"inLanguage\":\"en-GB\",\"@id\":\"https:\/\/donbaraton.es\/en\/p\/bedroom-set-wrought-iron-style-headboard-2-bedside-tables-alabama\/#primaryimage\",\"url\":\"https:\/\/donbaraton.es\/wp-content\/uploads\/2020\/02\/Conjunto-de-cabecero-matrimonial-de-forja-y-2-mesitas-de-noche-Alabama.jpg\",\"contentUrl\":\"https:\/\/donbaraton.es\/wp-content\/uploads\/2020\/02\/Conjunto-de-cabecero-matrimonial-de-forja-y-2-mesitas-de-noche-Alabama.jpg\",\"width\":1000,\"height\":750,\"caption\":\"Bedroom set: wrought iron style headboard and 2 bedside tables - Alabama\"},{\"@type\":\"BreadcrumbList\",\"@id\":\"https:\/\/donbaraton.es\/en\/p\/bedroom-set-wrought-iron-style-headboard-2-bedside-tables-alabama\/#breadcrumb\",\"itemListElement\":[{\"@type\":\"ListItem\",\"position\":1,\"name\":\"Portada\",\"item\":\"https:\/\/donbaraton.es\/en\/\"},{\"@type\":\"ListItem\",\"position\":2,\"name\":\"Online Shop\",\"item\":\"https:\/\/donbaraton.es\/en\/shop\/\"},{\"@type\":\"ListItem\",\"position\":3,\"name\":\"Bedroom Set: Wrought Iron Style Headboard and 2 Bedside Tables &#8211; Alabama\"}]},{\"@type\":\"WebSite\",\"@id\":\"https:\/\/donbaraton.es\/#website\",\"url\":\"https:\/\/donbaraton.es\/\",\"name\":\"Don Baraton: tienda de sof\u00e1s, muebles y colchones\",\"description\":\"Sofas baratos desde el almac\u00e9n en Almorad\u00ed, Alicante\",\"publisher\":{\"@id\":\"https:\/\/donbaraton.es\/#organization\"},\"potentialAction\":[{\"@type\":\"SearchAction\",\"target\":{\"@type\":\"EntryPoint\",\"urlTemplate\":\"https:\/\/donbaraton.es\/?s={search_term_string}\"},\"query-input\":{\"@type\":\"PropertyValueSpecification\",\"valueRequired\":true,\"valueName\":\"search_term_string\"}}],\"inLanguage\":\"en-GB\"},{\"@type\":\"Organization\",\"@id\":\"https:\/\/donbaraton.es\/#organization\",\"name\":\"Don Baraton\",\"url\":\"https:\/\/donbaraton.es\/\",\"logo\":{\"@type\":\"ImageObject\",\"inLanguage\":\"en-GB\",\"@id\":\"https:\/\/donbaraton.es\/#\/schema\/logo\/image\/\",\"url\":\"https:\/\/i0.wp.com\/donbaraton.es\/wp-content\/uploads\/2016\/11\/logo_don_baraton.png?fit=228%2C110&ssl=1\",\"contentUrl\":\"https:\/\/i0.wp.com\/donbaraton.es\/wp-content\/uploads\/2016\/11\/logo_don_baraton.png?fit=228%2C110&ssl=1\",\"width\":228,\"height\":110,\"caption\":\"Don Baraton\"},\"image\":{\"@id\":\"https:\/\/donbaraton.es\/#\/schema\/logo\/image\/\"},\"sameAs\":[\"https:\/\/www.facebook.com\/donbaraton.es\",\"https:\/\/x.com\/don_baraton\",\"https:\/\/www.instagram.com\/donbaraton.es\",\"https:\/\/www.linkedin.com\/company\/donbaraton\/\",\"https:\/\/es.pinterest.com\/donbaraton\/\",\"https:\/\/www.youtube.com\/channel\/UCL02HOwx-F759Jq5MedAZfQ\"]}]}<\/script>\n<!-- \/ Yoast SEO plugin. -->","yoast_head_json":{"title":"Bedroom Set: Wrought Iron Style Headboard and 2 Bedside Tables - Alabama - Don Baraton: tienda de sof\u00e1s, muebles y colchones","robots":{"index":"index","follow":"follow","max-snippet":"max-snippet:-1","max-image-preview":"max-image-preview:large","max-video-preview":"max-video-preview:-1"},"canonical":"https:\/\/donbaraton.es\/en\/p\/bedroom-set-wrought-iron-style-headboard-2-bedside-tables-alabama\/","og_locale":"en_GB","og_type":"article","og_title":"Bedroom Set: Wrought Iron Style Headboard and 2 Bedside Tables - Alabama - Don Baraton: tienda de sof\u00e1s, muebles y colchones","og_description":"Rustic style  2 bedside tables with 3 drawers  Headboard with metal structure  For beds between 135 and 140 cm wide  Matches other furniture of the Alabama range  Dimensions. Headboard: width 143 cm, height 118 cm, depth 4 cm. Bedside table: width 66 cm, height 63.8 cm, depth 39.6 cm","og_url":"https:\/\/donbaraton.es\/en\/p\/bedroom-set-wrought-iron-style-headboard-2-bedside-tables-alabama\/","og_site_name":"Don Baraton: tienda de sof\u00e1s, muebles y colchones","article_publisher":"https:\/\/www.facebook.com\/donbaraton.es","og_image":[{"width":1000,"height":750,"url":"https:\/\/i2.wp.com\/donbaraton.es\/wp-content\/uploads\/2020\/02\/Conjunto-de-cabecero-matrimonial-de-forja-y-2-mesitas-de-noche-Alabama.jpg?fit=1000%2C750&ssl=1","type":"image\/jpeg"}],"twitter_card":"summary_large_image","twitter_site":"@don_baraton","schema":{"@context":"https:\/\/schema.org","@graph":[{"@type":"WebPage","@id":"https:\/\/donbaraton.es\/en\/p\/bedroom-set-wrought-iron-style-headboard-2-bedside-tables-alabama\/","url":"https:\/\/donbaraton.es\/en\/p\/bedroom-set-wrought-iron-style-headboard-2-bedside-tables-alabama\/","name":"Bedroom Set: Wrought Iron Style Headboard and 2 Bedside Tables - Alabama - Don Baraton: tienda de sof\u00e1s, muebles y colchones","isPartOf":{"@id":"https:\/\/donbaraton.es\/#website"},"primaryImageOfPage":{"@id":"https:\/\/donbaraton.es\/en\/p\/bedroom-set-wrought-iron-style-headboard-2-bedside-tables-alabama\/#primaryimage"},"image":{"@id":"https:\/\/donbaraton.es\/en\/p\/bedroom-set-wrought-iron-style-headboard-2-bedside-tables-alabama\/#primaryimage"},"thumbnailUrl":"https:\/\/donbaraton.es\/wp-content\/uploads\/2020\/02\/Conjunto-de-cabecero-matrimonial-de-forja-y-2-mesitas-de-noche-Alabama.jpg","datePublished":"2020-02-01T02:06:59+00:00","breadcrumb":{"@id":"https:\/\/donbaraton.es\/en\/p\/bedroom-set-wrought-iron-style-headboard-2-bedside-tables-alabama\/#breadcrumb"},"inLanguage":"en-GB","potentialAction":[{"@type":"ReadAction","target":["https:\/\/donbaraton.es\/en\/p\/bedroom-set-wrought-iron-style-headboard-2-bedside-tables-alabama\/"]}]},{"@type":"ImageObject","inLanguage":"en-GB","@id":"https:\/\/donbaraton.es\/en\/p\/bedroom-set-wrought-iron-style-headboard-2-bedside-tables-alabama\/#primaryimage","url":"https:\/\/donbaraton.es\/wp-content\/uploads\/2020\/02\/Conjunto-de-cabecero-matrimonial-de-forja-y-2-mesitas-de-noche-Alabama.jpg","contentUrl":"https:\/\/donbaraton.es\/wp-content\/uploads\/2020\/02\/Conjunto-de-cabecero-matrimonial-de-forja-y-2-mesitas-de-noche-Alabama.jpg","width":1000,"height":750,"caption":"Bedroom set: wrought iron style headboard and 2 bedside tables - Alabama"},{"@type":"BreadcrumbList","@id":"https:\/\/donbaraton.es\/en\/p\/bedroom-set-wrought-iron-style-headboard-2-bedside-tables-alabama\/#breadcrumb","itemListElement":[{"@type":"ListItem","position":1,"name":"Portada","item":"https:\/\/donbaraton.es\/en\/"},{"@type":"ListItem","position":2,"name":"Online Shop","item":"https:\/\/donbaraton.es\/en\/shop\/"},{"@type":"ListItem","position":3,"name":"Bedroom Set: Wrought Iron Style Headboard and 2 Bedside Tables &#8211; Alabama"}]},{"@type":"WebSite","@id":"https:\/\/donbaraton.es\/#website","url":"https:\/\/donbaraton.es\/","name":"Don Baraton: tienda de sof\u00e1s, muebles y colchones","description":"Sofas baratos desde el almac\u00e9n en Almorad\u00ed, Alicante","publisher":{"@id":"https:\/\/donbaraton.es\/#organization"},"potentialAction":[{"@type":"SearchAction","target":{"@type":"EntryPoint","urlTemplate":"https:\/\/donbaraton.es\/?s={search_term_string}"},"query-input":{"@type":"PropertyValueSpecification","valueRequired":true,"valueName":"search_term_string"}}],"inLanguage":"en-GB"},{"@type":"Organization","@id":"https:\/\/donbaraton.es\/#organization","name":"Don Baraton","url":"https:\/\/donbaraton.es\/","logo":{"@type":"ImageObject","inLanguage":"en-GB","@id":"https:\/\/donbaraton.es\/#\/schema\/logo\/image\/","url":"https:\/\/i0.wp.com\/donbaraton.es\/wp-content\/uploads\/2016\/11\/logo_don_baraton.png?fit=228%2C110&ssl=1","contentUrl":"https:\/\/i0.wp.com\/donbaraton.es\/wp-content\/uploads\/2016\/11\/logo_don_baraton.png?fit=228%2C110&ssl=1","width":228,"height":110,"caption":"Don Baraton"},"image":{"@id":"https:\/\/donbaraton.es\/#\/schema\/logo\/image\/"},"sameAs":["https:\/\/www.facebook.com\/donbaraton.es","https:\/\/x.com\/don_baraton","https:\/\/www.instagram.com\/donbaraton.es","https:\/\/www.linkedin.com\/company\/donbaraton\/","https:\/\/es.pinterest.com\/donbaraton\/","https:\/\/www.youtube.com\/channel\/UCL02HOwx-F759Jq5MedAZfQ"]}]}},"_links":{"self":[{"href":"https:\/\/donbaraton.es\/en\/wp-json\/wp\/v2\/product\/23348","targetHints":{"allow":["GET"]}}],"collection":[{"href":"https:\/\/donbaraton.es\/en\/wp-json\/wp\/v2\/product"}],"about":[{"href":"https:\/\/donbaraton.es\/en\/wp-json\/wp\/v2\/types\/product"}],"replies":[{"embeddable":true,"href":"https:\/\/donbaraton.es\/en\/wp-json\/wp\/v2\/comments?post=23348"}],"wp:featuredmedia":[{"embeddable":true,"href":"https:\/\/donbaraton.es\/en\/wp-json\/wp\/v2\/media\/23074"}],"wp:attachment":[{"href":"https:\/\/donbaraton.es\/en\/wp-json\/wp\/v2\/media?parent=23348"}],"wp:term":[{"taxonomy":"product_brand","embeddable":true,"href":"https:\/\/donbaraton.es\/en\/wp-json\/wp\/v2\/product_brand?post=23348"},{"taxonomy":"product_cat","embeddable":true,"href":"https:\/\/donbaraton.es\/en\/wp-json\/wp\/v2\/product_cat?post=23348"},{"taxonomy":"product_tag","embeddable":true,"href":"https:\/\/donbaraton.es\/en\/wp-json\/wp\/v2\/product_tag?post=23348"}],"curies":[{"name":"wp","href":"https:\/\/api.w.org\/{rel}","templated":true}]}}