{"id":24565,"date":"2020-04-22T22:11:28","date_gmt":"2020-04-22T20:11:28","guid":{"rendered":"https:\/\/donbaraton.es\/p\/lift-up-bed-deep-storage-geneva\/"},"modified":"2022-02-17T21:31:32","modified_gmt":"2022-02-17T20:31:32","slug":"lift-up-bed-deep-storage-geneva","status":"publish","type":"product","link":"https:\/\/donbaraton.es\/en\/p\/lift-up-bed-deep-storage-geneva\/","title":{"rendered":"Lift Up Bed with Deep Storage \u2013 Geneva"},"content":{"rendered":"<p><strong>Lift Up Bed with Deep Storage \u2013 Geneva<\/strong><\/p>\n<p>The bed is available in the following standard sizes: <strong>90 x 190 cm, 105 x 190 cm, 135 x 190 cm, 150 x 190 cm, 140 x 200 cm, 160 x 200 cm, 180 x 200 cm y 200 x 200 cm<\/strong> and five standard colours: <strong>white, black, beige, grey <\/strong>and <strong>brown (chocolate)<\/strong>.<\/p>\n","protected":false},"excerpt":{"rendered":"<ul>\n<li>20% more storage space<\/li>\n<li>Height with lid 38.5 cm, inside depth of the storage 30 cm<\/li>\n<li>Upholstered in synthetic leather<\/li>\n<li>Modern design with double stitching<\/li>\n<li>Storage for linens, blankets and clothes<\/li>\n<li>Sturdy frame<\/li>\n<li>Opening mechanism with gas springs<\/li>\n<li>Perforated lid for better ventilation of the mattress<\/li>\n<\/ul>\n<p><strong>Choose your size and color to view the price.<\/strong>\u00a0Need a mattress too? Please\u00a0<a href=\"https:\/\/donbaraton.es\/en\/cat\/mattresses\/\">click here to view our mattresses<\/a><\/p>\n","protected":false},"featured_media":24545,"comment_status":"open","ping_status":"closed","template":"","meta":{"_et_pb_use_builder":"","_et_pb_old_content":"","_et_gb_content_width":""},"product_brand":[],"product_cat":[132],"product_tag":[],"class_list":{"0":"post-24565","1":"product","2":"type-product","3":"status-publish","4":"has-post-thumbnail","6":"product_cat-beds","7":"product_shipping_class-articulos-pesado-manufacturing-up-to-10-days","8":"pa_material-faux-leather","10":"first","11":"onbackorder","12":"sale","13":"taxable","14":"shipping-taxable","15":"purchasable","16":"product-type-variable"},"yoast_head":"<!-- This site is optimized with the Yoast SEO plugin v27.2 - https:\/\/yoast.com\/product\/yoast-seo-wordpress\/ -->\n<title>Lift Up Bed with Deep Storage \u2013 Geneva - Don Baraton: tienda de sof\u00e1s, muebles y colchones<\/title>\n<meta name=\"robots\" content=\"index, follow, max-snippet:-1, max-image-preview:large, max-video-preview:-1\" \/>\n<link rel=\"canonical\" href=\"https:\/\/donbaraton.es\/en\/p\/lift-up-bed-deep-storage-geneva\/\" \/>\n<meta property=\"og:locale\" content=\"en_GB\" \/>\n<meta property=\"og:type\" content=\"article\" \/>\n<meta property=\"og:title\" content=\"Lift Up Bed with Deep Storage \u2013 Geneva - Don Baraton: tienda de sof\u00e1s, muebles y colchones\" \/>\n<meta property=\"og:description\" content=\"20% more storage space  Height with lid 38.5 cm, inside depth of the storage 30 cm  Upholstered in synthetic leather  Modern design with double stitching  Storage for linens, blankets and clothes  Sturdy frame  Opening mechanism with gas springs  Perforated lid for better ventilation of the mattress  Choose your size and color to view the price.\u00a0Need a mattress too? Please\u00a0click here to view our mattresses\" \/>\n<meta property=\"og:url\" content=\"https:\/\/donbaraton.es\/en\/p\/lift-up-bed-deep-storage-geneva\/\" \/>\n<meta property=\"og:site_name\" content=\"Don Baraton: tienda de sof\u00e1s, muebles y colchones\" \/>\n<meta property=\"article:publisher\" content=\"https:\/\/www.facebook.com\/donbaraton.es\" \/>\n<meta property=\"article:modified_time\" content=\"2022-02-17T20:31:32+00:00\" \/>\n<meta property=\"og:image\" content=\"https:\/\/i1.wp.com\/donbaraton.es\/wp-content\/uploads\/2020\/04\/Canap\u00e9-gran-capacidad-tapizado-doble-blanco-Geneva.jpg?fit=1000%2C1000&ssl=1\" \/>\n\t<meta property=\"og:image:width\" content=\"1000\" \/>\n\t<meta property=\"og:image:height\" content=\"1000\" \/>\n\t<meta property=\"og:image:type\" content=\"image\/jpeg\" \/>\n<meta name=\"twitter:card\" content=\"summary_large_image\" \/>\n<meta name=\"twitter:site\" content=\"@don_baraton\" \/>\n<script type=\"application\/ld+json\" class=\"yoast-schema-graph\">{\"@context\":\"https:\/\/schema.org\",\"@graph\":[{\"@type\":\"WebPage\",\"@id\":\"https:\/\/donbaraton.es\/en\/p\/lift-up-bed-deep-storage-geneva\/\",\"url\":\"https:\/\/donbaraton.es\/en\/p\/lift-up-bed-deep-storage-geneva\/\",\"name\":\"Lift Up Bed with Deep Storage \u2013 Geneva - Don Baraton: tienda de sof\u00e1s, muebles y colchones\",\"isPartOf\":{\"@id\":\"https:\/\/donbaraton.es\/#website\"},\"primaryImageOfPage\":{\"@id\":\"https:\/\/donbaraton.es\/en\/p\/lift-up-bed-deep-storage-geneva\/#primaryimage\"},\"image\":{\"@id\":\"https:\/\/donbaraton.es\/en\/p\/lift-up-bed-deep-storage-geneva\/#primaryimage\"},\"thumbnailUrl\":\"https:\/\/donbaraton.es\/wp-content\/uploads\/2020\/04\/Canap\u00e9-gran-capacidad-tapizado-doble-blanco-Geneva.jpg\",\"datePublished\":\"2020-04-22T20:11:28+00:00\",\"dateModified\":\"2022-02-17T20:31:32+00:00\",\"breadcrumb\":{\"@id\":\"https:\/\/donbaraton.es\/en\/p\/lift-up-bed-deep-storage-geneva\/#breadcrumb\"},\"inLanguage\":\"en-GB\",\"potentialAction\":[{\"@type\":\"ReadAction\",\"target\":[\"https:\/\/donbaraton.es\/en\/p\/lift-up-bed-deep-storage-geneva\/\"]}]},{\"@type\":\"ImageObject\",\"inLanguage\":\"en-GB\",\"@id\":\"https:\/\/donbaraton.es\/en\/p\/lift-up-bed-deep-storage-geneva\/#primaryimage\",\"url\":\"https:\/\/donbaraton.es\/wp-content\/uploads\/2020\/04\/Canap\u00e9-gran-capacidad-tapizado-doble-blanco-Geneva.jpg\",\"contentUrl\":\"https:\/\/donbaraton.es\/wp-content\/uploads\/2020\/04\/Canap\u00e9-gran-capacidad-tapizado-doble-blanco-Geneva.jpg\",\"width\":1000,\"height\":1000,\"caption\":\"Double lift up bed with deep storage \u2013 Geneva. White faux leather\"},{\"@type\":\"BreadcrumbList\",\"@id\":\"https:\/\/donbaraton.es\/en\/p\/lift-up-bed-deep-storage-geneva\/#breadcrumb\",\"itemListElement\":[{\"@type\":\"ListItem\",\"position\":1,\"name\":\"Portada\",\"item\":\"https:\/\/donbaraton.es\/en\/\"},{\"@type\":\"ListItem\",\"position\":2,\"name\":\"Online Shop\",\"item\":\"https:\/\/donbaraton.es\/en\/shop\/\"},{\"@type\":\"ListItem\",\"position\":3,\"name\":\"Lift Up Bed with Deep Storage \u2013 Geneva\"}]},{\"@type\":\"WebSite\",\"@id\":\"https:\/\/donbaraton.es\/#website\",\"url\":\"https:\/\/donbaraton.es\/\",\"name\":\"Don Baraton: tienda de sof\u00e1s, muebles y colchones\",\"description\":\"Sofas baratos desde el almac\u00e9n en Almorad\u00ed, Alicante\",\"publisher\":{\"@id\":\"https:\/\/donbaraton.es\/#organization\"},\"potentialAction\":[{\"@type\":\"SearchAction\",\"target\":{\"@type\":\"EntryPoint\",\"urlTemplate\":\"https:\/\/donbaraton.es\/?s={search_term_string}\"},\"query-input\":{\"@type\":\"PropertyValueSpecification\",\"valueRequired\":true,\"valueName\":\"search_term_string\"}}],\"inLanguage\":\"en-GB\"},{\"@type\":\"Organization\",\"@id\":\"https:\/\/donbaraton.es\/#organization\",\"name\":\"Don Baraton\",\"url\":\"https:\/\/donbaraton.es\/\",\"logo\":{\"@type\":\"ImageObject\",\"inLanguage\":\"en-GB\",\"@id\":\"https:\/\/donbaraton.es\/#\/schema\/logo\/image\/\",\"url\":\"https:\/\/i0.wp.com\/donbaraton.es\/wp-content\/uploads\/2016\/11\/logo_don_baraton.png?fit=228%2C110&ssl=1\",\"contentUrl\":\"https:\/\/i0.wp.com\/donbaraton.es\/wp-content\/uploads\/2016\/11\/logo_don_baraton.png?fit=228%2C110&ssl=1\",\"width\":228,\"height\":110,\"caption\":\"Don Baraton\"},\"image\":{\"@id\":\"https:\/\/donbaraton.es\/#\/schema\/logo\/image\/\"},\"sameAs\":[\"https:\/\/www.facebook.com\/donbaraton.es\",\"https:\/\/x.com\/don_baraton\",\"https:\/\/www.instagram.com\/donbaraton.es\",\"https:\/\/www.linkedin.com\/company\/donbaraton\/\",\"https:\/\/es.pinterest.com\/donbaraton\/\",\"https:\/\/www.youtube.com\/channel\/UCL02HOwx-F759Jq5MedAZfQ\"]}]}<\/script>\n<!-- \/ Yoast SEO plugin. -->","yoast_head_json":{"title":"Lift Up Bed with Deep Storage \u2013 Geneva - Don Baraton: tienda de sof\u00e1s, muebles y colchones","robots":{"index":"index","follow":"follow","max-snippet":"max-snippet:-1","max-image-preview":"max-image-preview:large","max-video-preview":"max-video-preview:-1"},"canonical":"https:\/\/donbaraton.es\/en\/p\/lift-up-bed-deep-storage-geneva\/","og_locale":"en_GB","og_type":"article","og_title":"Lift Up Bed with Deep Storage \u2013 Geneva - Don Baraton: tienda de sof\u00e1s, muebles y colchones","og_description":"20% more storage space  Height with lid 38.5 cm, inside depth of the storage 30 cm  Upholstered in synthetic leather  Modern design with double stitching  Storage for linens, blankets and clothes  Sturdy frame  Opening mechanism with gas springs  Perforated lid for better ventilation of the mattress  Choose your size and color to view the price.\u00a0Need a mattress too? Please\u00a0click here to view our mattresses","og_url":"https:\/\/donbaraton.es\/en\/p\/lift-up-bed-deep-storage-geneva\/","og_site_name":"Don Baraton: tienda de sof\u00e1s, muebles y colchones","article_publisher":"https:\/\/www.facebook.com\/donbaraton.es","article_modified_time":"2022-02-17T20:31:32+00:00","og_image":[{"width":1000,"height":1000,"url":"https:\/\/i1.wp.com\/donbaraton.es\/wp-content\/uploads\/2020\/04\/Canap\u00e9-gran-capacidad-tapizado-doble-blanco-Geneva.jpg?fit=1000%2C1000&ssl=1","type":"image\/jpeg"}],"twitter_card":"summary_large_image","twitter_site":"@don_baraton","schema":{"@context":"https:\/\/schema.org","@graph":[{"@type":"WebPage","@id":"https:\/\/donbaraton.es\/en\/p\/lift-up-bed-deep-storage-geneva\/","url":"https:\/\/donbaraton.es\/en\/p\/lift-up-bed-deep-storage-geneva\/","name":"Lift Up Bed with Deep Storage \u2013 Geneva - Don Baraton: tienda de sof\u00e1s, muebles y colchones","isPartOf":{"@id":"https:\/\/donbaraton.es\/#website"},"primaryImageOfPage":{"@id":"https:\/\/donbaraton.es\/en\/p\/lift-up-bed-deep-storage-geneva\/#primaryimage"},"image":{"@id":"https:\/\/donbaraton.es\/en\/p\/lift-up-bed-deep-storage-geneva\/#primaryimage"},"thumbnailUrl":"https:\/\/donbaraton.es\/wp-content\/uploads\/2020\/04\/Canap\u00e9-gran-capacidad-tapizado-doble-blanco-Geneva.jpg","datePublished":"2020-04-22T20:11:28+00:00","dateModified":"2022-02-17T20:31:32+00:00","breadcrumb":{"@id":"https:\/\/donbaraton.es\/en\/p\/lift-up-bed-deep-storage-geneva\/#breadcrumb"},"inLanguage":"en-GB","potentialAction":[{"@type":"ReadAction","target":["https:\/\/donbaraton.es\/en\/p\/lift-up-bed-deep-storage-geneva\/"]}]},{"@type":"ImageObject","inLanguage":"en-GB","@id":"https:\/\/donbaraton.es\/en\/p\/lift-up-bed-deep-storage-geneva\/#primaryimage","url":"https:\/\/donbaraton.es\/wp-content\/uploads\/2020\/04\/Canap\u00e9-gran-capacidad-tapizado-doble-blanco-Geneva.jpg","contentUrl":"https:\/\/donbaraton.es\/wp-content\/uploads\/2020\/04\/Canap\u00e9-gran-capacidad-tapizado-doble-blanco-Geneva.jpg","width":1000,"height":1000,"caption":"Double lift up bed with deep storage \u2013 Geneva. White faux leather"},{"@type":"BreadcrumbList","@id":"https:\/\/donbaraton.es\/en\/p\/lift-up-bed-deep-storage-geneva\/#breadcrumb","itemListElement":[{"@type":"ListItem","position":1,"name":"Portada","item":"https:\/\/donbaraton.es\/en\/"},{"@type":"ListItem","position":2,"name":"Online Shop","item":"https:\/\/donbaraton.es\/en\/shop\/"},{"@type":"ListItem","position":3,"name":"Lift Up Bed with Deep Storage \u2013 Geneva"}]},{"@type":"WebSite","@id":"https:\/\/donbaraton.es\/#website","url":"https:\/\/donbaraton.es\/","name":"Don Baraton: tienda de sof\u00e1s, muebles y colchones","description":"Sofas baratos desde el almac\u00e9n en Almorad\u00ed, Alicante","publisher":{"@id":"https:\/\/donbaraton.es\/#organization"},"potentialAction":[{"@type":"SearchAction","target":{"@type":"EntryPoint","urlTemplate":"https:\/\/donbaraton.es\/?s={search_term_string}"},"query-input":{"@type":"PropertyValueSpecification","valueRequired":true,"valueName":"search_term_string"}}],"inLanguage":"en-GB"},{"@type":"Organization","@id":"https:\/\/donbaraton.es\/#organization","name":"Don Baraton","url":"https:\/\/donbaraton.es\/","logo":{"@type":"ImageObject","inLanguage":"en-GB","@id":"https:\/\/donbaraton.es\/#\/schema\/logo\/image\/","url":"https:\/\/i0.wp.com\/donbaraton.es\/wp-content\/uploads\/2016\/11\/logo_don_baraton.png?fit=228%2C110&ssl=1","contentUrl":"https:\/\/i0.wp.com\/donbaraton.es\/wp-content\/uploads\/2016\/11\/logo_don_baraton.png?fit=228%2C110&ssl=1","width":228,"height":110,"caption":"Don Baraton"},"image":{"@id":"https:\/\/donbaraton.es\/#\/schema\/logo\/image\/"},"sameAs":["https:\/\/www.facebook.com\/donbaraton.es","https:\/\/x.com\/don_baraton","https:\/\/www.instagram.com\/donbaraton.es","https:\/\/www.linkedin.com\/company\/donbaraton\/","https:\/\/es.pinterest.com\/donbaraton\/","https:\/\/www.youtube.com\/channel\/UCL02HOwx-F759Jq5MedAZfQ"]}]}},"_links":{"self":[{"href":"https:\/\/donbaraton.es\/en\/wp-json\/wp\/v2\/product\/24565","targetHints":{"allow":["GET"]}}],"collection":[{"href":"https:\/\/donbaraton.es\/en\/wp-json\/wp\/v2\/product"}],"about":[{"href":"https:\/\/donbaraton.es\/en\/wp-json\/wp\/v2\/types\/product"}],"replies":[{"embeddable":true,"href":"https:\/\/donbaraton.es\/en\/wp-json\/wp\/v2\/comments?post=24565"}],"wp:featuredmedia":[{"embeddable":true,"href":"https:\/\/donbaraton.es\/en\/wp-json\/wp\/v2\/media\/24545"}],"wp:attachment":[{"href":"https:\/\/donbaraton.es\/en\/wp-json\/wp\/v2\/media?parent=24565"}],"wp:term":[{"taxonomy":"product_brand","embeddable":true,"href":"https:\/\/donbaraton.es\/en\/wp-json\/wp\/v2\/product_brand?post=24565"},{"taxonomy":"product_cat","embeddable":true,"href":"https:\/\/donbaraton.es\/en\/wp-json\/wp\/v2\/product_cat?post=24565"},{"taxonomy":"product_tag","embeddable":true,"href":"https:\/\/donbaraton.es\/en\/wp-json\/wp\/v2\/product_tag?post=24565"}],"curies":[{"name":"wp","href":"https:\/\/api.w.org\/{rel}","templated":true}]}}