{"id":24775,"date":"2020-02-29T02:42:42","date_gmt":"2020-02-29T01:42:42","guid":{"rendered":"https:\/\/donbaraton.es\/p\/living-room-set-sofa-bed-storage-2-armchairs-monaco\/"},"modified":"2020-05-01T03:57:32","modified_gmt":"2020-05-01T01:57:32","slug":"living-room-set-sofa-bed-storage-2-armchairs-monaco","status":"publish","type":"product","link":"https:\/\/donbaraton.es\/en\/p\/living-room-set-sofa-bed-storage-2-armchairs-monaco\/","title":{"rendered":"Living Room Set: Sofa Bed with Storage and 2 Armchairs &#8211; Monaco"},"content":{"rendered":"<p><strong>Living Room Set: Sofa Bed with Storage and 2 Armchairs &#8211; Monaco<\/strong><\/p>\n<p>Three furniture items in the same style with narrow armrests. Available in the following upholstery fabrics:<\/p>\n<ul>\n<li>Pink<\/li>\n<li>Dark green<\/li>\n<li>\u201cGold\u201d<\/li>\n<li>Dark blue<\/li>\n<li>Dark brown<\/li>\n<li>Light grey<\/li>\n<li>Grey (Inari 94)<\/li>\n<\/ul>\n<p>The <a href=\"https:\/\/donbaraton.es\/en\/p\/sofa-bed-wood-legs-storage-monaco\/\"><strong>sofa bed<\/strong><\/a> and the <a href=\"https:\/\/donbaraton.es\/en\/p\/fabric-armchair-wood-legs-monaco\/\"><strong>armchairs<\/strong> <\/a>of the set can be purchased separately.<\/p>\n<p><strong>Dimensions. Sofa bed:<\/strong> length 213 cm, height 91 cm, depth 101 cm. Height of the seat from the floor \u2013 44 cm. Depth of the seat \u2013 57 cm. <strong>Armchair:<\/strong>\u00a0width 80 cm, height 91 cm, depth 100 cm<\/p>\n","protected":false},"excerpt":{"rendered":"<ul>\n<li>3 products in the same style<\/li>\n<li>Sofa converts into a 140 x 191 cm bed<\/li>\n<li>2 comfy armchairs with narrow armrests<\/li>\n<li>Sturdy frame made of wood and chipboard<\/li>\n<li>Upholstered in fabric of various colours<\/li>\n<li>Solid wood legs<\/li>\n<\/ul>\n","protected":false},"featured_media":23926,"comment_status":"open","ping_status":"closed","template":"","meta":{"_et_pb_use_builder":"","_et_pb_old_content":"","_et_gb_content_width":""},"product_brand":[],"product_cat":[167,35],"product_tag":[],"class_list":{"0":"post-24775","1":"product","2":"type-product","3":"status-publish","4":"has-post-thumbnail","6":"product_cat-sofa-sets","7":"product_cat-sofas-en","8":"product_shipping_class-mas-de-20-kg-fabricacion-hasta-43-dias","9":"pa_largo-sofas-201-250-cm-en","10":"pa_material-fabric","11":"pa_muelles-sinuous-springs","12":"pa_plazas-3-seater-sofas","14":"first","15":"outofstock","16":"taxable","17":"shipping-taxable","18":"product-type-variable"},"yoast_head":"<!-- This site is optimized with the Yoast SEO plugin v27.2 - https:\/\/yoast.com\/product\/yoast-seo-wordpress\/ -->\n<title>Living Room Set: Sofa Bed with Storage and 2 Armchairs - Monaco - Don Baraton: tienda de sof\u00e1s, muebles y colchones<\/title>\n<meta name=\"robots\" content=\"index, follow, max-snippet:-1, max-image-preview:large, max-video-preview:-1\" \/>\n<link rel=\"canonical\" href=\"https:\/\/donbaraton.es\/en\/p\/living-room-set-sofa-bed-storage-2-armchairs-monaco\/\" \/>\n<meta property=\"og:locale\" content=\"en_GB\" \/>\n<meta property=\"og:type\" content=\"article\" \/>\n<meta property=\"og:title\" content=\"Living Room Set: Sofa Bed with Storage and 2 Armchairs - Monaco - Don Baraton: tienda de sof\u00e1s, muebles y colchones\" \/>\n<meta property=\"og:description\" content=\"3 products in the same style  Sofa converts into a 140 x 191 cm bed  2 comfy armchairs with narrow armrests  Sturdy frame made of wood and chipboard  Upholstered in fabric of various colours  Solid wood legs\" \/>\n<meta property=\"og:url\" content=\"https:\/\/donbaraton.es\/en\/p\/living-room-set-sofa-bed-storage-2-armchairs-monaco\/\" \/>\n<meta property=\"og:site_name\" content=\"Don Baraton: tienda de sof\u00e1s, muebles y colchones\" \/>\n<meta property=\"article:publisher\" content=\"https:\/\/www.facebook.com\/donbaraton.es\" \/>\n<meta property=\"article:modified_time\" content=\"2020-05-01T01:57:32+00:00\" \/>\n<meta property=\"og:image\" content=\"https:\/\/i0.wp.com\/donbaraton.es\/wp-content\/uploads\/2020\/02\/Conjunto-de-2-sillones-y-un-sof\u00e1-cama-con-patas-de-madera-y-arc\u00f3n.-Color-gris-claro-Monaco.jpg?fit=1000%2C750&ssl=1\" \/>\n\t<meta property=\"og:image:width\" content=\"1000\" \/>\n\t<meta property=\"og:image:height\" content=\"750\" \/>\n\t<meta property=\"og:image:type\" content=\"image\/jpeg\" \/>\n<meta name=\"twitter:card\" content=\"summary_large_image\" \/>\n<meta name=\"twitter:site\" content=\"@don_baraton\" \/>\n<script type=\"application\/ld+json\" class=\"yoast-schema-graph\">{\"@context\":\"https:\/\/schema.org\",\"@graph\":[{\"@type\":\"WebPage\",\"@id\":\"https:\/\/donbaraton.es\/en\/p\/living-room-set-sofa-bed-storage-2-armchairs-monaco\/\",\"url\":\"https:\/\/donbaraton.es\/en\/p\/living-room-set-sofa-bed-storage-2-armchairs-monaco\/\",\"name\":\"Living Room Set: Sofa Bed with Storage and 2 Armchairs - Monaco - Don Baraton: tienda de sof\u00e1s, muebles y colchones\",\"isPartOf\":{\"@id\":\"https:\/\/donbaraton.es\/#website\"},\"primaryImageOfPage\":{\"@id\":\"https:\/\/donbaraton.es\/en\/p\/living-room-set-sofa-bed-storage-2-armchairs-monaco\/#primaryimage\"},\"image\":{\"@id\":\"https:\/\/donbaraton.es\/en\/p\/living-room-set-sofa-bed-storage-2-armchairs-monaco\/#primaryimage\"},\"thumbnailUrl\":\"https:\/\/donbaraton.es\/wp-content\/uploads\/2020\/02\/Conjunto-de-2-sillones-y-un-sof\u00e1-cama-con-patas-de-madera-y-arc\u00f3n.-Color-gris-claro-Monaco.jpg\",\"datePublished\":\"2020-02-29T01:42:42+00:00\",\"dateModified\":\"2020-05-01T01:57:32+00:00\",\"breadcrumb\":{\"@id\":\"https:\/\/donbaraton.es\/en\/p\/living-room-set-sofa-bed-storage-2-armchairs-monaco\/#breadcrumb\"},\"inLanguage\":\"en-GB\",\"potentialAction\":[{\"@type\":\"ReadAction\",\"target\":[\"https:\/\/donbaraton.es\/en\/p\/living-room-set-sofa-bed-storage-2-armchairs-monaco\/\"]}]},{\"@type\":\"ImageObject\",\"inLanguage\":\"en-GB\",\"@id\":\"https:\/\/donbaraton.es\/en\/p\/living-room-set-sofa-bed-storage-2-armchairs-monaco\/#primaryimage\",\"url\":\"https:\/\/donbaraton.es\/wp-content\/uploads\/2020\/02\/Conjunto-de-2-sillones-y-un-sof\u00e1-cama-con-patas-de-madera-y-arc\u00f3n.-Color-gris-claro-Monaco.jpg\",\"contentUrl\":\"https:\/\/donbaraton.es\/wp-content\/uploads\/2020\/02\/Conjunto-de-2-sillones-y-un-sof\u00e1-cama-con-patas-de-madera-y-arc\u00f3n.-Color-gris-claro-Monaco.jpg\",\"width\":1000,\"height\":750,\"caption\":\"Living room set: sofa bed with storage and 2 armchairs - Monaco. Light grey colour\"},{\"@type\":\"BreadcrumbList\",\"@id\":\"https:\/\/donbaraton.es\/en\/p\/living-room-set-sofa-bed-storage-2-armchairs-monaco\/#breadcrumb\",\"itemListElement\":[{\"@type\":\"ListItem\",\"position\":1,\"name\":\"Portada\",\"item\":\"https:\/\/donbaraton.es\/en\/\"},{\"@type\":\"ListItem\",\"position\":2,\"name\":\"Online Shop\",\"item\":\"https:\/\/donbaraton.es\/en\/shop\/\"},{\"@type\":\"ListItem\",\"position\":3,\"name\":\"Living Room Set: Sofa Bed with Storage and 2 Armchairs &#8211; Monaco\"}]},{\"@type\":\"WebSite\",\"@id\":\"https:\/\/donbaraton.es\/#website\",\"url\":\"https:\/\/donbaraton.es\/\",\"name\":\"Don Baraton: tienda de sof\u00e1s, muebles y colchones\",\"description\":\"Sofas baratos desde el almac\u00e9n en Almorad\u00ed, Alicante\",\"publisher\":{\"@id\":\"https:\/\/donbaraton.es\/#organization\"},\"potentialAction\":[{\"@type\":\"SearchAction\",\"target\":{\"@type\":\"EntryPoint\",\"urlTemplate\":\"https:\/\/donbaraton.es\/?s={search_term_string}\"},\"query-input\":{\"@type\":\"PropertyValueSpecification\",\"valueRequired\":true,\"valueName\":\"search_term_string\"}}],\"inLanguage\":\"en-GB\"},{\"@type\":\"Organization\",\"@id\":\"https:\/\/donbaraton.es\/#organization\",\"name\":\"Don Baraton\",\"url\":\"https:\/\/donbaraton.es\/\",\"logo\":{\"@type\":\"ImageObject\",\"inLanguage\":\"en-GB\",\"@id\":\"https:\/\/donbaraton.es\/#\/schema\/logo\/image\/\",\"url\":\"https:\/\/i0.wp.com\/donbaraton.es\/wp-content\/uploads\/2016\/11\/logo_don_baraton.png?fit=228%2C110&ssl=1\",\"contentUrl\":\"https:\/\/i0.wp.com\/donbaraton.es\/wp-content\/uploads\/2016\/11\/logo_don_baraton.png?fit=228%2C110&ssl=1\",\"width\":228,\"height\":110,\"caption\":\"Don Baraton\"},\"image\":{\"@id\":\"https:\/\/donbaraton.es\/#\/schema\/logo\/image\/\"},\"sameAs\":[\"https:\/\/www.facebook.com\/donbaraton.es\",\"https:\/\/x.com\/don_baraton\",\"https:\/\/www.instagram.com\/donbaraton.es\",\"https:\/\/www.linkedin.com\/company\/donbaraton\/\",\"https:\/\/es.pinterest.com\/donbaraton\/\",\"https:\/\/www.youtube.com\/channel\/UCL02HOwx-F759Jq5MedAZfQ\"]}]}<\/script>\n<!-- \/ Yoast SEO plugin. -->","yoast_head_json":{"title":"Living Room Set: Sofa Bed with Storage and 2 Armchairs - Monaco - Don Baraton: tienda de sof\u00e1s, muebles y colchones","robots":{"index":"index","follow":"follow","max-snippet":"max-snippet:-1","max-image-preview":"max-image-preview:large","max-video-preview":"max-video-preview:-1"},"canonical":"https:\/\/donbaraton.es\/en\/p\/living-room-set-sofa-bed-storage-2-armchairs-monaco\/","og_locale":"en_GB","og_type":"article","og_title":"Living Room Set: Sofa Bed with Storage and 2 Armchairs - Monaco - Don Baraton: tienda de sof\u00e1s, muebles y colchones","og_description":"3 products in the same style  Sofa converts into a 140 x 191 cm bed  2 comfy armchairs with narrow armrests  Sturdy frame made of wood and chipboard  Upholstered in fabric of various colours  Solid wood legs","og_url":"https:\/\/donbaraton.es\/en\/p\/living-room-set-sofa-bed-storage-2-armchairs-monaco\/","og_site_name":"Don Baraton: tienda de sof\u00e1s, muebles y colchones","article_publisher":"https:\/\/www.facebook.com\/donbaraton.es","article_modified_time":"2020-05-01T01:57:32+00:00","og_image":[{"width":1000,"height":750,"url":"https:\/\/i0.wp.com\/donbaraton.es\/wp-content\/uploads\/2020\/02\/Conjunto-de-2-sillones-y-un-sof\u00e1-cama-con-patas-de-madera-y-arc\u00f3n.-Color-gris-claro-Monaco.jpg?fit=1000%2C750&ssl=1","type":"image\/jpeg"}],"twitter_card":"summary_large_image","twitter_site":"@don_baraton","schema":{"@context":"https:\/\/schema.org","@graph":[{"@type":"WebPage","@id":"https:\/\/donbaraton.es\/en\/p\/living-room-set-sofa-bed-storage-2-armchairs-monaco\/","url":"https:\/\/donbaraton.es\/en\/p\/living-room-set-sofa-bed-storage-2-armchairs-monaco\/","name":"Living Room Set: Sofa Bed with Storage and 2 Armchairs - Monaco - Don Baraton: tienda de sof\u00e1s, muebles y colchones","isPartOf":{"@id":"https:\/\/donbaraton.es\/#website"},"primaryImageOfPage":{"@id":"https:\/\/donbaraton.es\/en\/p\/living-room-set-sofa-bed-storage-2-armchairs-monaco\/#primaryimage"},"image":{"@id":"https:\/\/donbaraton.es\/en\/p\/living-room-set-sofa-bed-storage-2-armchairs-monaco\/#primaryimage"},"thumbnailUrl":"https:\/\/donbaraton.es\/wp-content\/uploads\/2020\/02\/Conjunto-de-2-sillones-y-un-sof\u00e1-cama-con-patas-de-madera-y-arc\u00f3n.-Color-gris-claro-Monaco.jpg","datePublished":"2020-02-29T01:42:42+00:00","dateModified":"2020-05-01T01:57:32+00:00","breadcrumb":{"@id":"https:\/\/donbaraton.es\/en\/p\/living-room-set-sofa-bed-storage-2-armchairs-monaco\/#breadcrumb"},"inLanguage":"en-GB","potentialAction":[{"@type":"ReadAction","target":["https:\/\/donbaraton.es\/en\/p\/living-room-set-sofa-bed-storage-2-armchairs-monaco\/"]}]},{"@type":"ImageObject","inLanguage":"en-GB","@id":"https:\/\/donbaraton.es\/en\/p\/living-room-set-sofa-bed-storage-2-armchairs-monaco\/#primaryimage","url":"https:\/\/donbaraton.es\/wp-content\/uploads\/2020\/02\/Conjunto-de-2-sillones-y-un-sof\u00e1-cama-con-patas-de-madera-y-arc\u00f3n.-Color-gris-claro-Monaco.jpg","contentUrl":"https:\/\/donbaraton.es\/wp-content\/uploads\/2020\/02\/Conjunto-de-2-sillones-y-un-sof\u00e1-cama-con-patas-de-madera-y-arc\u00f3n.-Color-gris-claro-Monaco.jpg","width":1000,"height":750,"caption":"Living room set: sofa bed with storage and 2 armchairs - Monaco. Light grey colour"},{"@type":"BreadcrumbList","@id":"https:\/\/donbaraton.es\/en\/p\/living-room-set-sofa-bed-storage-2-armchairs-monaco\/#breadcrumb","itemListElement":[{"@type":"ListItem","position":1,"name":"Portada","item":"https:\/\/donbaraton.es\/en\/"},{"@type":"ListItem","position":2,"name":"Online Shop","item":"https:\/\/donbaraton.es\/en\/shop\/"},{"@type":"ListItem","position":3,"name":"Living Room Set: Sofa Bed with Storage and 2 Armchairs &#8211; Monaco"}]},{"@type":"WebSite","@id":"https:\/\/donbaraton.es\/#website","url":"https:\/\/donbaraton.es\/","name":"Don Baraton: tienda de sof\u00e1s, muebles y colchones","description":"Sofas baratos desde el almac\u00e9n en Almorad\u00ed, Alicante","publisher":{"@id":"https:\/\/donbaraton.es\/#organization"},"potentialAction":[{"@type":"SearchAction","target":{"@type":"EntryPoint","urlTemplate":"https:\/\/donbaraton.es\/?s={search_term_string}"},"query-input":{"@type":"PropertyValueSpecification","valueRequired":true,"valueName":"search_term_string"}}],"inLanguage":"en-GB"},{"@type":"Organization","@id":"https:\/\/donbaraton.es\/#organization","name":"Don Baraton","url":"https:\/\/donbaraton.es\/","logo":{"@type":"ImageObject","inLanguage":"en-GB","@id":"https:\/\/donbaraton.es\/#\/schema\/logo\/image\/","url":"https:\/\/i0.wp.com\/donbaraton.es\/wp-content\/uploads\/2016\/11\/logo_don_baraton.png?fit=228%2C110&ssl=1","contentUrl":"https:\/\/i0.wp.com\/donbaraton.es\/wp-content\/uploads\/2016\/11\/logo_don_baraton.png?fit=228%2C110&ssl=1","width":228,"height":110,"caption":"Don Baraton"},"image":{"@id":"https:\/\/donbaraton.es\/#\/schema\/logo\/image\/"},"sameAs":["https:\/\/www.facebook.com\/donbaraton.es","https:\/\/x.com\/don_baraton","https:\/\/www.instagram.com\/donbaraton.es","https:\/\/www.linkedin.com\/company\/donbaraton\/","https:\/\/es.pinterest.com\/donbaraton\/","https:\/\/www.youtube.com\/channel\/UCL02HOwx-F759Jq5MedAZfQ"]}]}},"_links":{"self":[{"href":"https:\/\/donbaraton.es\/en\/wp-json\/wp\/v2\/product\/24775","targetHints":{"allow":["GET"]}}],"collection":[{"href":"https:\/\/donbaraton.es\/en\/wp-json\/wp\/v2\/product"}],"about":[{"href":"https:\/\/donbaraton.es\/en\/wp-json\/wp\/v2\/types\/product"}],"replies":[{"embeddable":true,"href":"https:\/\/donbaraton.es\/en\/wp-json\/wp\/v2\/comments?post=24775"}],"wp:featuredmedia":[{"embeddable":true,"href":"https:\/\/donbaraton.es\/en\/wp-json\/wp\/v2\/media\/23926"}],"wp:attachment":[{"href":"https:\/\/donbaraton.es\/en\/wp-json\/wp\/v2\/media?parent=24775"}],"wp:term":[{"taxonomy":"product_brand","embeddable":true,"href":"https:\/\/donbaraton.es\/en\/wp-json\/wp\/v2\/product_brand?post=24775"},{"taxonomy":"product_cat","embeddable":true,"href":"https:\/\/donbaraton.es\/en\/wp-json\/wp\/v2\/product_cat?post=24775"},{"taxonomy":"product_tag","embeddable":true,"href":"https:\/\/donbaraton.es\/en\/wp-json\/wp\/v2\/product_tag?post=24775"}],"curies":[{"name":"wp","href":"https:\/\/api.w.org\/{rel}","templated":true}]}}