{"id":25172,"date":"2020-05-03T04:32:29","date_gmt":"2020-05-03T02:32:29","guid":{"rendered":"https:\/\/donbaraton.es\/p\/bed-sprung-mattress-180-200-topper-headboard-angelina\/"},"modified":"2021-02-17T14:52:37","modified_gmt":"2021-02-17T13:52:37","slug":"bed-sprung-mattress-180-200-topper-headboard-angelina","status":"publish","type":"product","link":"https:\/\/donbaraton.es\/en\/p\/bed-sprung-mattress-180-200-topper-headboard-angelina\/","title":{"rendered":"Bed With Sprung Mattress 180 x 200 cm, Topper and Headboard &#8211; Angelina"},"content":{"rendered":"<p><strong>Bed with sprung mattress 180 x 200 cm, topper and headboard &#8211; Angelina<\/strong><\/p>\n<p><strong>Dimensions:<\/strong> length 206 cm, width 190 cm, height 109 cm<\/p>\n","protected":false},"excerpt":{"rendered":"<ul>\n<li>180 x 200 cm sprung mattress<\/li>\n<li>Headboard with two removable cushions<\/li>\n<li>Topper included<\/li>\n<li>Upholstered in fabric<\/li>\n<li>Wooden legs<\/li>\n<\/ul>\n<p><strong>Dimensions:<\/strong> length 206 cm, width 190 cm, height 109 cm<\/p>\n","protected":false},"featured_media":24833,"comment_status":"open","ping_status":"closed","template":"","meta":{"_et_pb_use_builder":"","_et_pb_old_content":"","_et_gb_content_width":""},"product_brand":[],"product_cat":[132],"product_tag":[],"class_list":{"0":"post-25172","1":"product","2":"type-product","3":"status-publish","4":"has-post-thumbnail","6":"product_cat-beds","7":"product_shipping_class-articulos-pesados","8":"pa_material-fabric","9":"pa_muelles-bonnell-springs","11":"first","12":"outofstock","13":"taxable","14":"shipping-taxable","15":"product-type-variable"},"yoast_head":"<!-- This site is optimized with the Yoast SEO plugin v27.2 - https:\/\/yoast.com\/product\/yoast-seo-wordpress\/ -->\n<title>Bed With Sprung Mattress 180 x 200 cm, Topper and Headboard - Angelina - Don Baraton: tienda de sof\u00e1s, muebles y colchones<\/title>\n<meta name=\"robots\" content=\"index, follow, max-snippet:-1, max-image-preview:large, max-video-preview:-1\" \/>\n<link rel=\"canonical\" href=\"https:\/\/donbaraton.es\/en\/p\/bed-sprung-mattress-180-200-topper-headboard-angelina\/\" \/>\n<meta property=\"og:locale\" content=\"en_GB\" \/>\n<meta property=\"og:type\" content=\"article\" \/>\n<meta property=\"og:title\" content=\"Bed With Sprung Mattress 180 x 200 cm, Topper and Headboard - Angelina - Don Baraton: tienda de sof\u00e1s, muebles y colchones\" \/>\n<meta property=\"og:description\" content=\"180 x 200 cm sprung mattress  Headboard with two removable cushions  Topper included  Upholstered in fabric  Wooden legs  Dimensions: length 206 cm, width 190 cm, height 109 cm\" \/>\n<meta property=\"og:url\" content=\"https:\/\/donbaraton.es\/en\/p\/bed-sprung-mattress-180-200-topper-headboard-angelina\/\" \/>\n<meta property=\"og:site_name\" content=\"Don Baraton: tienda de sof\u00e1s, muebles y colchones\" \/>\n<meta property=\"article:publisher\" content=\"https:\/\/www.facebook.com\/donbaraton.es\" \/>\n<meta property=\"article:modified_time\" content=\"2021-02-17T13:52:37+00:00\" \/>\n<meta property=\"og:image\" content=\"https:\/\/i1.wp.com\/donbaraton.es\/wp-content\/uploads\/2020\/05\/Cama-180-x-200-cm-con-colch\u00f3n-de-muelles-topper-y-cabecero-Angelina.jpg?fit=1000%2C750&ssl=1\" \/>\n\t<meta property=\"og:image:width\" content=\"1000\" \/>\n\t<meta property=\"og:image:height\" content=\"750\" \/>\n\t<meta property=\"og:image:type\" content=\"image\/jpeg\" \/>\n<meta name=\"twitter:card\" content=\"summary_large_image\" \/>\n<meta name=\"twitter:site\" content=\"@don_baraton\" \/>\n<script type=\"application\/ld+json\" class=\"yoast-schema-graph\">{\"@context\":\"https:\/\/schema.org\",\"@graph\":[{\"@type\":\"WebPage\",\"@id\":\"https:\/\/donbaraton.es\/en\/p\/bed-sprung-mattress-180-200-topper-headboard-angelina\/\",\"url\":\"https:\/\/donbaraton.es\/en\/p\/bed-sprung-mattress-180-200-topper-headboard-angelina\/\",\"name\":\"Bed With Sprung Mattress 180 x 200 cm, Topper and Headboard - Angelina - Don Baraton: tienda de sof\u00e1s, muebles y colchones\",\"isPartOf\":{\"@id\":\"https:\/\/donbaraton.es\/#website\"},\"primaryImageOfPage\":{\"@id\":\"https:\/\/donbaraton.es\/en\/p\/bed-sprung-mattress-180-200-topper-headboard-angelina\/#primaryimage\"},\"image\":{\"@id\":\"https:\/\/donbaraton.es\/en\/p\/bed-sprung-mattress-180-200-topper-headboard-angelina\/#primaryimage\"},\"thumbnailUrl\":\"https:\/\/donbaraton.es\/wp-content\/uploads\/2020\/05\/Cama-180-x-200-cm-con-colch\u00f3n-de-muelles-topper-y-cabecero-Angelina.jpg\",\"datePublished\":\"2020-05-03T02:32:29+00:00\",\"dateModified\":\"2021-02-17T13:52:37+00:00\",\"breadcrumb\":{\"@id\":\"https:\/\/donbaraton.es\/en\/p\/bed-sprung-mattress-180-200-topper-headboard-angelina\/#breadcrumb\"},\"inLanguage\":\"en-GB\",\"potentialAction\":[{\"@type\":\"ReadAction\",\"target\":[\"https:\/\/donbaraton.es\/en\/p\/bed-sprung-mattress-180-200-topper-headboard-angelina\/\"]}]},{\"@type\":\"ImageObject\",\"inLanguage\":\"en-GB\",\"@id\":\"https:\/\/donbaraton.es\/en\/p\/bed-sprung-mattress-180-200-topper-headboard-angelina\/#primaryimage\",\"url\":\"https:\/\/donbaraton.es\/wp-content\/uploads\/2020\/05\/Cama-180-x-200-cm-con-colch\u00f3n-de-muelles-topper-y-cabecero-Angelina.jpg\",\"contentUrl\":\"https:\/\/donbaraton.es\/wp-content\/uploads\/2020\/05\/Cama-180-x-200-cm-con-colch\u00f3n-de-muelles-topper-y-cabecero-Angelina.jpg\",\"width\":1000,\"height\":750,\"caption\":\"Bed with sprung mattress 180 x 200 cm, topper and headboard - Angelina\"},{\"@type\":\"BreadcrumbList\",\"@id\":\"https:\/\/donbaraton.es\/en\/p\/bed-sprung-mattress-180-200-topper-headboard-angelina\/#breadcrumb\",\"itemListElement\":[{\"@type\":\"ListItem\",\"position\":1,\"name\":\"Portada\",\"item\":\"https:\/\/donbaraton.es\/en\/\"},{\"@type\":\"ListItem\",\"position\":2,\"name\":\"Online Shop\",\"item\":\"https:\/\/donbaraton.es\/en\/shop\/\"},{\"@type\":\"ListItem\",\"position\":3,\"name\":\"Bed With Sprung Mattress 180 x 200 cm, Topper and Headboard &#8211; Angelina\"}]},{\"@type\":\"WebSite\",\"@id\":\"https:\/\/donbaraton.es\/#website\",\"url\":\"https:\/\/donbaraton.es\/\",\"name\":\"Don Baraton: tienda de sof\u00e1s, muebles y colchones\",\"description\":\"Sofas baratos desde el almac\u00e9n en Almorad\u00ed, Alicante\",\"publisher\":{\"@id\":\"https:\/\/donbaraton.es\/#organization\"},\"potentialAction\":[{\"@type\":\"SearchAction\",\"target\":{\"@type\":\"EntryPoint\",\"urlTemplate\":\"https:\/\/donbaraton.es\/?s={search_term_string}\"},\"query-input\":{\"@type\":\"PropertyValueSpecification\",\"valueRequired\":true,\"valueName\":\"search_term_string\"}}],\"inLanguage\":\"en-GB\"},{\"@type\":\"Organization\",\"@id\":\"https:\/\/donbaraton.es\/#organization\",\"name\":\"Don Baraton\",\"url\":\"https:\/\/donbaraton.es\/\",\"logo\":{\"@type\":\"ImageObject\",\"inLanguage\":\"en-GB\",\"@id\":\"https:\/\/donbaraton.es\/#\/schema\/logo\/image\/\",\"url\":\"https:\/\/i0.wp.com\/donbaraton.es\/wp-content\/uploads\/2016\/11\/logo_don_baraton.png?fit=228%2C110&ssl=1\",\"contentUrl\":\"https:\/\/i0.wp.com\/donbaraton.es\/wp-content\/uploads\/2016\/11\/logo_don_baraton.png?fit=228%2C110&ssl=1\",\"width\":228,\"height\":110,\"caption\":\"Don Baraton\"},\"image\":{\"@id\":\"https:\/\/donbaraton.es\/#\/schema\/logo\/image\/\"},\"sameAs\":[\"https:\/\/www.facebook.com\/donbaraton.es\",\"https:\/\/x.com\/don_baraton\",\"https:\/\/www.instagram.com\/donbaraton.es\",\"https:\/\/www.linkedin.com\/company\/donbaraton\/\",\"https:\/\/es.pinterest.com\/donbaraton\/\",\"https:\/\/www.youtube.com\/channel\/UCL02HOwx-F759Jq5MedAZfQ\"]}]}<\/script>\n<!-- \/ Yoast SEO plugin. -->","yoast_head_json":{"title":"Bed With Sprung Mattress 180 x 200 cm, Topper and Headboard - Angelina - Don Baraton: tienda de sof\u00e1s, muebles y colchones","robots":{"index":"index","follow":"follow","max-snippet":"max-snippet:-1","max-image-preview":"max-image-preview:large","max-video-preview":"max-video-preview:-1"},"canonical":"https:\/\/donbaraton.es\/en\/p\/bed-sprung-mattress-180-200-topper-headboard-angelina\/","og_locale":"en_GB","og_type":"article","og_title":"Bed With Sprung Mattress 180 x 200 cm, Topper and Headboard - Angelina - Don Baraton: tienda de sof\u00e1s, muebles y colchones","og_description":"180 x 200 cm sprung mattress  Headboard with two removable cushions  Topper included  Upholstered in fabric  Wooden legs  Dimensions: length 206 cm, width 190 cm, height 109 cm","og_url":"https:\/\/donbaraton.es\/en\/p\/bed-sprung-mattress-180-200-topper-headboard-angelina\/","og_site_name":"Don Baraton: tienda de sof\u00e1s, muebles y colchones","article_publisher":"https:\/\/www.facebook.com\/donbaraton.es","article_modified_time":"2021-02-17T13:52:37+00:00","og_image":[{"width":1000,"height":750,"url":"https:\/\/i1.wp.com\/donbaraton.es\/wp-content\/uploads\/2020\/05\/Cama-180-x-200-cm-con-colch\u00f3n-de-muelles-topper-y-cabecero-Angelina.jpg?fit=1000%2C750&ssl=1","type":"image\/jpeg"}],"twitter_card":"summary_large_image","twitter_site":"@don_baraton","schema":{"@context":"https:\/\/schema.org","@graph":[{"@type":"WebPage","@id":"https:\/\/donbaraton.es\/en\/p\/bed-sprung-mattress-180-200-topper-headboard-angelina\/","url":"https:\/\/donbaraton.es\/en\/p\/bed-sprung-mattress-180-200-topper-headboard-angelina\/","name":"Bed With Sprung Mattress 180 x 200 cm, Topper and Headboard - Angelina - Don Baraton: tienda de sof\u00e1s, muebles y colchones","isPartOf":{"@id":"https:\/\/donbaraton.es\/#website"},"primaryImageOfPage":{"@id":"https:\/\/donbaraton.es\/en\/p\/bed-sprung-mattress-180-200-topper-headboard-angelina\/#primaryimage"},"image":{"@id":"https:\/\/donbaraton.es\/en\/p\/bed-sprung-mattress-180-200-topper-headboard-angelina\/#primaryimage"},"thumbnailUrl":"https:\/\/donbaraton.es\/wp-content\/uploads\/2020\/05\/Cama-180-x-200-cm-con-colch\u00f3n-de-muelles-topper-y-cabecero-Angelina.jpg","datePublished":"2020-05-03T02:32:29+00:00","dateModified":"2021-02-17T13:52:37+00:00","breadcrumb":{"@id":"https:\/\/donbaraton.es\/en\/p\/bed-sprung-mattress-180-200-topper-headboard-angelina\/#breadcrumb"},"inLanguage":"en-GB","potentialAction":[{"@type":"ReadAction","target":["https:\/\/donbaraton.es\/en\/p\/bed-sprung-mattress-180-200-topper-headboard-angelina\/"]}]},{"@type":"ImageObject","inLanguage":"en-GB","@id":"https:\/\/donbaraton.es\/en\/p\/bed-sprung-mattress-180-200-topper-headboard-angelina\/#primaryimage","url":"https:\/\/donbaraton.es\/wp-content\/uploads\/2020\/05\/Cama-180-x-200-cm-con-colch\u00f3n-de-muelles-topper-y-cabecero-Angelina.jpg","contentUrl":"https:\/\/donbaraton.es\/wp-content\/uploads\/2020\/05\/Cama-180-x-200-cm-con-colch\u00f3n-de-muelles-topper-y-cabecero-Angelina.jpg","width":1000,"height":750,"caption":"Bed with sprung mattress 180 x 200 cm, topper and headboard - Angelina"},{"@type":"BreadcrumbList","@id":"https:\/\/donbaraton.es\/en\/p\/bed-sprung-mattress-180-200-topper-headboard-angelina\/#breadcrumb","itemListElement":[{"@type":"ListItem","position":1,"name":"Portada","item":"https:\/\/donbaraton.es\/en\/"},{"@type":"ListItem","position":2,"name":"Online Shop","item":"https:\/\/donbaraton.es\/en\/shop\/"},{"@type":"ListItem","position":3,"name":"Bed With Sprung Mattress 180 x 200 cm, Topper and Headboard &#8211; Angelina"}]},{"@type":"WebSite","@id":"https:\/\/donbaraton.es\/#website","url":"https:\/\/donbaraton.es\/","name":"Don Baraton: tienda de sof\u00e1s, muebles y colchones","description":"Sofas baratos desde el almac\u00e9n en Almorad\u00ed, Alicante","publisher":{"@id":"https:\/\/donbaraton.es\/#organization"},"potentialAction":[{"@type":"SearchAction","target":{"@type":"EntryPoint","urlTemplate":"https:\/\/donbaraton.es\/?s={search_term_string}"},"query-input":{"@type":"PropertyValueSpecification","valueRequired":true,"valueName":"search_term_string"}}],"inLanguage":"en-GB"},{"@type":"Organization","@id":"https:\/\/donbaraton.es\/#organization","name":"Don Baraton","url":"https:\/\/donbaraton.es\/","logo":{"@type":"ImageObject","inLanguage":"en-GB","@id":"https:\/\/donbaraton.es\/#\/schema\/logo\/image\/","url":"https:\/\/i0.wp.com\/donbaraton.es\/wp-content\/uploads\/2016\/11\/logo_don_baraton.png?fit=228%2C110&ssl=1","contentUrl":"https:\/\/i0.wp.com\/donbaraton.es\/wp-content\/uploads\/2016\/11\/logo_don_baraton.png?fit=228%2C110&ssl=1","width":228,"height":110,"caption":"Don Baraton"},"image":{"@id":"https:\/\/donbaraton.es\/#\/schema\/logo\/image\/"},"sameAs":["https:\/\/www.facebook.com\/donbaraton.es","https:\/\/x.com\/don_baraton","https:\/\/www.instagram.com\/donbaraton.es","https:\/\/www.linkedin.com\/company\/donbaraton\/","https:\/\/es.pinterest.com\/donbaraton\/","https:\/\/www.youtube.com\/channel\/UCL02HOwx-F759Jq5MedAZfQ"]}]}},"_links":{"self":[{"href":"https:\/\/donbaraton.es\/en\/wp-json\/wp\/v2\/product\/25172","targetHints":{"allow":["GET"]}}],"collection":[{"href":"https:\/\/donbaraton.es\/en\/wp-json\/wp\/v2\/product"}],"about":[{"href":"https:\/\/donbaraton.es\/en\/wp-json\/wp\/v2\/types\/product"}],"replies":[{"embeddable":true,"href":"https:\/\/donbaraton.es\/en\/wp-json\/wp\/v2\/comments?post=25172"}],"wp:featuredmedia":[{"embeddable":true,"href":"https:\/\/donbaraton.es\/en\/wp-json\/wp\/v2\/media\/24833"}],"wp:attachment":[{"href":"https:\/\/donbaraton.es\/en\/wp-json\/wp\/v2\/media?parent=25172"}],"wp:term":[{"taxonomy":"product_brand","embeddable":true,"href":"https:\/\/donbaraton.es\/en\/wp-json\/wp\/v2\/product_brand?post=25172"},{"taxonomy":"product_cat","embeddable":true,"href":"https:\/\/donbaraton.es\/en\/wp-json\/wp\/v2\/product_cat?post=25172"},{"taxonomy":"product_tag","embeddable":true,"href":"https:\/\/donbaraton.es\/en\/wp-json\/wp\/v2\/product_tag?post=25172"}],"curies":[{"name":"wp","href":"https:\/\/api.w.org\/{rel}","templated":true}]}}