{"id":25988,"date":"2021-04-17T15:30:28","date_gmt":"2020-07-11T23:44:28","guid":{"rendered":"https:\/\/donbaraton.es\/p\/sofa-bed-long-chaise-storage-barrie\/"},"modified":"2021-06-21T12:36:53","modified_gmt":"2021-06-21T10:36:53","slug":"sofa-bed-long-chaise-storage-barrie","status":"publish","type":"product","link":"https:\/\/donbaraton.es\/en\/p\/sofa-bed-long-chaise-storage-barrie\/","title":{"rendered":"Fabric Sofa Bed with Long Chaise and Storage &#8211; Barrie"},"content":{"rendered":"<p><strong>Sofa Bed with Long Chaise and Storage &#8211; Barrie<\/strong><\/p>\n<p>A model with four backrest cushions, upholstered in dark grey synthetic fabric. The sofa has a pull-out bed and storage under the seat. The relatively long chaise longue of 181 cm is perfect for tall people<\/p>\n<p><strong>Product video:<\/strong><\/p>\n<p><iframe loading=\"lazy\" src=\"https:\/\/www.youtube.com\/embed\/Z15XgKnHQqA\" width=\"560\" height=\"315\" frameborder=\"0\" allowfullscreen=\"allowfullscreen\"><\/iframe><\/p>\n<p><strong>Fabric:<\/strong> synthetic, 100% polyester, 480 g\/m2, more than 45000 abrasive cycles\u00a0<\/p>\n<p><strong>Dimensions:<\/strong> length 255 cm, chaise longue 181 cm, height with cushions 90 cm, height without cushions 65 cm, depth 80 cm. Depth of the seat 60 cm. Height of the backrest cushions 50 cm. <strong>Dimensions of the bed:<\/strong> 120 x 220 cm<\/p>\n","protected":false},"excerpt":{"rendered":"<ul>\n<li>Upholstered in dark grey fabric<\/li>\n<li>Pull-out bed 120 x 220 cm<\/li>\n<li>Storage under the seat<\/li>\n<li>Wave springs<\/li>\n<li>4 backrest cushions and 2 small decorative cushions<\/li>\n<li>Reversible chaise longue (mounted in the left or on the right at home)<\/li>\n<\/ul>\n<p><strong>Dimensions:<\/strong> length 255 cm, chaise longue 181 cm, height 90 cm<\/p>\n","protected":false},"featured_media":30255,"comment_status":"open","ping_status":"closed","template":"","meta":{"_et_pb_use_builder":"","_et_pb_old_content":"","_et_gb_content_width":""},"product_brand":[],"product_cat":[43,45,41,35],"product_tag":[],"class_list":{"0":"post-25988","1":"product","2":"type-product","3":"status-publish","4":"has-post-thumbnail","6":"product_cat-sofa-beds-chaise-longue","7":"product_cat-chaise-longue-sofas","8":"product_cat-sofa-beds","9":"product_cat-sofas-en","10":"product_shipping_class-articulos-pesados","11":"pa_lado-left","12":"pa_lado-reversible-chaise","13":"pa_lado-right","14":"pa_largo-sofas-251-300-cm-en","15":"pa_material-fabric","16":"pa_muelles-sinuous-springs","17":"pa_plazas-3-seater-sofas","19":"first","20":"outofstock","21":"sale","22":"featured","23":"taxable","24":"shipping-taxable","25":"purchasable","26":"product-type-simple"},"yoast_head":"<!-- This site is optimized with the Yoast SEO plugin v27.2 - https:\/\/yoast.com\/product\/yoast-seo-wordpress\/ -->\n<title>Fabric Sofa Bed with Long Chaise and Storage - Barrie - Don Baraton: tienda de sof\u00e1s, muebles y colchones<\/title>\n<meta name=\"robots\" content=\"index, follow, max-snippet:-1, max-image-preview:large, max-video-preview:-1\" \/>\n<link rel=\"canonical\" href=\"https:\/\/donbaraton.es\/en\/p\/sofa-bed-long-chaise-storage-barrie\/\" \/>\n<meta property=\"og:locale\" content=\"en_GB\" \/>\n<meta property=\"og:type\" content=\"article\" \/>\n<meta property=\"og:title\" content=\"Fabric Sofa Bed with Long Chaise and Storage - Barrie - Don Baraton: tienda de sof\u00e1s, muebles y colchones\" \/>\n<meta property=\"og:description\" content=\"Upholstered in dark grey fabric Pull-out bed 120 x 220 cm Storage under the seat Wave springs 4 backrest cushions and 2 small decorative cushions Reversible chaise longue (mounted in the left or on the right at home)  Dimensions: length 255 cm, chaise longue 181 cm, height 90 cm\" \/>\n<meta property=\"og:url\" content=\"https:\/\/donbaraton.es\/en\/p\/sofa-bed-long-chaise-storage-barrie\/\" \/>\n<meta property=\"og:site_name\" content=\"Don Baraton: tienda de sof\u00e1s, muebles y colchones\" \/>\n<meta property=\"article:publisher\" content=\"https:\/\/www.facebook.com\/donbaraton.es\" \/>\n<meta property=\"article:modified_time\" content=\"2021-06-21T10:36:53+00:00\" \/>\n<meta property=\"og:image\" content=\"https:\/\/i1.wp.com\/donbaraton.es\/wp-content\/uploads\/2020\/12\/Sofa-cama-con-chaise-longue-larga-izquierda-arcon-cojines-Barrie.-Tela-gris-oscuro.jpg?fit=1000%2C750&ssl=1\" \/>\n\t<meta property=\"og:image:width\" content=\"1000\" \/>\n\t<meta property=\"og:image:height\" content=\"750\" \/>\n\t<meta property=\"og:image:type\" content=\"image\/jpeg\" \/>\n<meta name=\"twitter:card\" content=\"summary_large_image\" \/>\n<meta name=\"twitter:site\" content=\"@don_baraton\" \/>\n<script type=\"application\/ld+json\" class=\"yoast-schema-graph\">{\"@context\":\"https:\/\/schema.org\",\"@graph\":[{\"@type\":\"WebPage\",\"@id\":\"https:\/\/donbaraton.es\/en\/p\/sofa-bed-long-chaise-storage-barrie\/\",\"url\":\"https:\/\/donbaraton.es\/en\/p\/sofa-bed-long-chaise-storage-barrie\/\",\"name\":\"Fabric Sofa Bed with Long Chaise and Storage - Barrie - Don Baraton: tienda de sof\u00e1s, muebles y colchones\",\"isPartOf\":{\"@id\":\"https:\/\/donbaraton.es\/#website\"},\"primaryImageOfPage\":{\"@id\":\"https:\/\/donbaraton.es\/en\/p\/sofa-bed-long-chaise-storage-barrie\/#primaryimage\"},\"image\":{\"@id\":\"https:\/\/donbaraton.es\/en\/p\/sofa-bed-long-chaise-storage-barrie\/#primaryimage\"},\"thumbnailUrl\":\"https:\/\/donbaraton.es\/wp-content\/uploads\/2020\/12\/Sofa-cama-con-chaise-longue-larga-izquierda-arcon-cojines-Barrie.-Tela-gris-oscuro.jpg\",\"datePublished\":\"2020-07-11T23:44:28+00:00\",\"dateModified\":\"2021-06-21T10:36:53+00:00\",\"breadcrumb\":{\"@id\":\"https:\/\/donbaraton.es\/en\/p\/sofa-bed-long-chaise-storage-barrie\/#breadcrumb\"},\"inLanguage\":\"en-GB\",\"potentialAction\":[{\"@type\":\"ReadAction\",\"target\":[\"https:\/\/donbaraton.es\/en\/p\/sofa-bed-long-chaise-storage-barrie\/\"]}]},{\"@type\":\"ImageObject\",\"inLanguage\":\"en-GB\",\"@id\":\"https:\/\/donbaraton.es\/en\/p\/sofa-bed-long-chaise-storage-barrie\/#primaryimage\",\"url\":\"https:\/\/donbaraton.es\/wp-content\/uploads\/2020\/12\/Sofa-cama-con-chaise-longue-larga-izquierda-arcon-cojines-Barrie.-Tela-gris-oscuro.jpg\",\"contentUrl\":\"https:\/\/donbaraton.es\/wp-content\/uploads\/2020\/12\/Sofa-cama-con-chaise-longue-larga-izquierda-arcon-cojines-Barrie.-Tela-gris-oscuro.jpg\",\"width\":1000,\"height\":750,\"caption\":\"Grey sofa bed chaise longue with storage, cushions - Barrie. Corner on the left side\"},{\"@type\":\"BreadcrumbList\",\"@id\":\"https:\/\/donbaraton.es\/en\/p\/sofa-bed-long-chaise-storage-barrie\/#breadcrumb\",\"itemListElement\":[{\"@type\":\"ListItem\",\"position\":1,\"name\":\"Portada\",\"item\":\"https:\/\/donbaraton.es\/en\/\"},{\"@type\":\"ListItem\",\"position\":2,\"name\":\"Online Shop\",\"item\":\"https:\/\/donbaraton.es\/en\/shop\/\"},{\"@type\":\"ListItem\",\"position\":3,\"name\":\"Fabric Sofa Bed with Long Chaise and Storage &#8211; Barrie\"}]},{\"@type\":\"WebSite\",\"@id\":\"https:\/\/donbaraton.es\/#website\",\"url\":\"https:\/\/donbaraton.es\/\",\"name\":\"Don Baraton: tienda de sof\u00e1s, muebles y colchones\",\"description\":\"Sofas baratos desde el almac\u00e9n en Almorad\u00ed, Alicante\",\"publisher\":{\"@id\":\"https:\/\/donbaraton.es\/#organization\"},\"potentialAction\":[{\"@type\":\"SearchAction\",\"target\":{\"@type\":\"EntryPoint\",\"urlTemplate\":\"https:\/\/donbaraton.es\/?s={search_term_string}\"},\"query-input\":{\"@type\":\"PropertyValueSpecification\",\"valueRequired\":true,\"valueName\":\"search_term_string\"}}],\"inLanguage\":\"en-GB\"},{\"@type\":\"Organization\",\"@id\":\"https:\/\/donbaraton.es\/#organization\",\"name\":\"Don Baraton\",\"url\":\"https:\/\/donbaraton.es\/\",\"logo\":{\"@type\":\"ImageObject\",\"inLanguage\":\"en-GB\",\"@id\":\"https:\/\/donbaraton.es\/#\/schema\/logo\/image\/\",\"url\":\"https:\/\/i0.wp.com\/donbaraton.es\/wp-content\/uploads\/2016\/11\/logo_don_baraton.png?fit=228%2C110&ssl=1\",\"contentUrl\":\"https:\/\/i0.wp.com\/donbaraton.es\/wp-content\/uploads\/2016\/11\/logo_don_baraton.png?fit=228%2C110&ssl=1\",\"width\":228,\"height\":110,\"caption\":\"Don Baraton\"},\"image\":{\"@id\":\"https:\/\/donbaraton.es\/#\/schema\/logo\/image\/\"},\"sameAs\":[\"https:\/\/www.facebook.com\/donbaraton.es\",\"https:\/\/x.com\/don_baraton\",\"https:\/\/www.instagram.com\/donbaraton.es\",\"https:\/\/www.linkedin.com\/company\/donbaraton\/\",\"https:\/\/es.pinterest.com\/donbaraton\/\",\"https:\/\/www.youtube.com\/channel\/UCL02HOwx-F759Jq5MedAZfQ\"]}]}<\/script>\n<!-- \/ Yoast SEO plugin. -->","yoast_head_json":{"title":"Fabric Sofa Bed with Long Chaise and Storage - Barrie - Don Baraton: tienda de sof\u00e1s, muebles y colchones","robots":{"index":"index","follow":"follow","max-snippet":"max-snippet:-1","max-image-preview":"max-image-preview:large","max-video-preview":"max-video-preview:-1"},"canonical":"https:\/\/donbaraton.es\/en\/p\/sofa-bed-long-chaise-storage-barrie\/","og_locale":"en_GB","og_type":"article","og_title":"Fabric Sofa Bed with Long Chaise and Storage - Barrie - Don Baraton: tienda de sof\u00e1s, muebles y colchones","og_description":"Upholstered in dark grey fabric Pull-out bed 120 x 220 cm Storage under the seat Wave springs 4 backrest cushions and 2 small decorative cushions Reversible chaise longue (mounted in the left or on the right at home)  Dimensions: length 255 cm, chaise longue 181 cm, height 90 cm","og_url":"https:\/\/donbaraton.es\/en\/p\/sofa-bed-long-chaise-storage-barrie\/","og_site_name":"Don Baraton: tienda de sof\u00e1s, muebles y colchones","article_publisher":"https:\/\/www.facebook.com\/donbaraton.es","article_modified_time":"2021-06-21T10:36:53+00:00","og_image":[{"width":1000,"height":750,"url":"https:\/\/i1.wp.com\/donbaraton.es\/wp-content\/uploads\/2020\/12\/Sofa-cama-con-chaise-longue-larga-izquierda-arcon-cojines-Barrie.-Tela-gris-oscuro.jpg?fit=1000%2C750&ssl=1","type":"image\/jpeg"}],"twitter_card":"summary_large_image","twitter_site":"@don_baraton","schema":{"@context":"https:\/\/schema.org","@graph":[{"@type":"WebPage","@id":"https:\/\/donbaraton.es\/en\/p\/sofa-bed-long-chaise-storage-barrie\/","url":"https:\/\/donbaraton.es\/en\/p\/sofa-bed-long-chaise-storage-barrie\/","name":"Fabric Sofa Bed with Long Chaise and Storage - Barrie - Don Baraton: tienda de sof\u00e1s, muebles y colchones","isPartOf":{"@id":"https:\/\/donbaraton.es\/#website"},"primaryImageOfPage":{"@id":"https:\/\/donbaraton.es\/en\/p\/sofa-bed-long-chaise-storage-barrie\/#primaryimage"},"image":{"@id":"https:\/\/donbaraton.es\/en\/p\/sofa-bed-long-chaise-storage-barrie\/#primaryimage"},"thumbnailUrl":"https:\/\/donbaraton.es\/wp-content\/uploads\/2020\/12\/Sofa-cama-con-chaise-longue-larga-izquierda-arcon-cojines-Barrie.-Tela-gris-oscuro.jpg","datePublished":"2020-07-11T23:44:28+00:00","dateModified":"2021-06-21T10:36:53+00:00","breadcrumb":{"@id":"https:\/\/donbaraton.es\/en\/p\/sofa-bed-long-chaise-storage-barrie\/#breadcrumb"},"inLanguage":"en-GB","potentialAction":[{"@type":"ReadAction","target":["https:\/\/donbaraton.es\/en\/p\/sofa-bed-long-chaise-storage-barrie\/"]}]},{"@type":"ImageObject","inLanguage":"en-GB","@id":"https:\/\/donbaraton.es\/en\/p\/sofa-bed-long-chaise-storage-barrie\/#primaryimage","url":"https:\/\/donbaraton.es\/wp-content\/uploads\/2020\/12\/Sofa-cama-con-chaise-longue-larga-izquierda-arcon-cojines-Barrie.-Tela-gris-oscuro.jpg","contentUrl":"https:\/\/donbaraton.es\/wp-content\/uploads\/2020\/12\/Sofa-cama-con-chaise-longue-larga-izquierda-arcon-cojines-Barrie.-Tela-gris-oscuro.jpg","width":1000,"height":750,"caption":"Grey sofa bed chaise longue with storage, cushions - Barrie. Corner on the left side"},{"@type":"BreadcrumbList","@id":"https:\/\/donbaraton.es\/en\/p\/sofa-bed-long-chaise-storage-barrie\/#breadcrumb","itemListElement":[{"@type":"ListItem","position":1,"name":"Portada","item":"https:\/\/donbaraton.es\/en\/"},{"@type":"ListItem","position":2,"name":"Online Shop","item":"https:\/\/donbaraton.es\/en\/shop\/"},{"@type":"ListItem","position":3,"name":"Fabric Sofa Bed with Long Chaise and Storage &#8211; Barrie"}]},{"@type":"WebSite","@id":"https:\/\/donbaraton.es\/#website","url":"https:\/\/donbaraton.es\/","name":"Don Baraton: tienda de sof\u00e1s, muebles y colchones","description":"Sofas baratos desde el almac\u00e9n en Almorad\u00ed, Alicante","publisher":{"@id":"https:\/\/donbaraton.es\/#organization"},"potentialAction":[{"@type":"SearchAction","target":{"@type":"EntryPoint","urlTemplate":"https:\/\/donbaraton.es\/?s={search_term_string}"},"query-input":{"@type":"PropertyValueSpecification","valueRequired":true,"valueName":"search_term_string"}}],"inLanguage":"en-GB"},{"@type":"Organization","@id":"https:\/\/donbaraton.es\/#organization","name":"Don Baraton","url":"https:\/\/donbaraton.es\/","logo":{"@type":"ImageObject","inLanguage":"en-GB","@id":"https:\/\/donbaraton.es\/#\/schema\/logo\/image\/","url":"https:\/\/i0.wp.com\/donbaraton.es\/wp-content\/uploads\/2016\/11\/logo_don_baraton.png?fit=228%2C110&ssl=1","contentUrl":"https:\/\/i0.wp.com\/donbaraton.es\/wp-content\/uploads\/2016\/11\/logo_don_baraton.png?fit=228%2C110&ssl=1","width":228,"height":110,"caption":"Don Baraton"},"image":{"@id":"https:\/\/donbaraton.es\/#\/schema\/logo\/image\/"},"sameAs":["https:\/\/www.facebook.com\/donbaraton.es","https:\/\/x.com\/don_baraton","https:\/\/www.instagram.com\/donbaraton.es","https:\/\/www.linkedin.com\/company\/donbaraton\/","https:\/\/es.pinterest.com\/donbaraton\/","https:\/\/www.youtube.com\/channel\/UCL02HOwx-F759Jq5MedAZfQ"]}]}},"_links":{"self":[{"href":"https:\/\/donbaraton.es\/en\/wp-json\/wp\/v2\/product\/25988","targetHints":{"allow":["GET"]}}],"collection":[{"href":"https:\/\/donbaraton.es\/en\/wp-json\/wp\/v2\/product"}],"about":[{"href":"https:\/\/donbaraton.es\/en\/wp-json\/wp\/v2\/types\/product"}],"replies":[{"embeddable":true,"href":"https:\/\/donbaraton.es\/en\/wp-json\/wp\/v2\/comments?post=25988"}],"wp:featuredmedia":[{"embeddable":true,"href":"https:\/\/donbaraton.es\/en\/wp-json\/wp\/v2\/media\/30255"}],"wp:attachment":[{"href":"https:\/\/donbaraton.es\/en\/wp-json\/wp\/v2\/media?parent=25988"}],"wp:term":[{"taxonomy":"product_brand","embeddable":true,"href":"https:\/\/donbaraton.es\/en\/wp-json\/wp\/v2\/product_brand?post=25988"},{"taxonomy":"product_cat","embeddable":true,"href":"https:\/\/donbaraton.es\/en\/wp-json\/wp\/v2\/product_cat?post=25988"},{"taxonomy":"product_tag","embeddable":true,"href":"https:\/\/donbaraton.es\/en\/wp-json\/wp\/v2\/product_tag?post=25988"}],"curies":[{"name":"wp","href":"https:\/\/api.w.org\/{rel}","templated":true}]}}