{"id":26548,"date":"2020-08-14T02:28:42","date_gmt":"2020-08-14T00:28:42","guid":{"rendered":"https:\/\/donbaraton.es\/p\/set-2-seater-upholstered-designer-buttoned-sofa-2-armchairs-stockholm\/"},"modified":"2021-05-06T01:10:12","modified_gmt":"2021-05-05T23:10:12","slug":"set-2-seater-upholstered-designer-buttoned-sofa-2-armchairs-stockholm","status":"publish","type":"product","link":"https:\/\/donbaraton.es\/en\/p\/set-2-seater-upholstered-designer-buttoned-sofa-2-armchairs-stockholm\/","title":{"rendered":"Set of 2-Seater Upholstered Designer Buttoned Sofa and 2 Armchairs &#8211; Stockholm"},"content":{"rendered":"<p><strong>Set of Two Seater Upholstered Designer Buttoned Sofa and Two Armchairs &#8211; Stockholm<\/strong><\/p>\n<p>Three items in the same style with buttoned backrests. Very comfortable seats and high backrests. Blue, yellow or grey fabric to choose. Solid pine wood frame and <span id=\"productTitle\" class=\"a-size-large\">legs. Seat filling &#8211; foam reinforced with hollow fibre. Fabric composition: 90%\u00a0polyester, 10% cotton.\u00a0<\/span><\/p>\n<p>The <a href=\"https:\/\/donbaraton.es\/en\/p\/2-seater-upholstered-designer-buttoned-sofa-stockholm\/\"><strong>sofa<\/strong> <\/a>and the <strong><a href=\"https:\/\/donbaraton.es\/en\/p\/upholstered-designer-buttoned-chair-stockholm\/\">armchairs<\/a> <\/strong>of this set can be purchased separately.<\/p>\n<p><strong>Dimensions. Sofa:<\/strong> length 166 cm, height 95 cm, depth 80 cm. <strong>Armchairs:<\/strong> width 95 cm, height 95 cm, depth 77 cm<\/p>\n","protected":false},"excerpt":{"rendered":"<ul>\n<li>Sofa and 2 matching armchairs<\/li>\n<li>Comfy seats and high backrests<\/li>\n<li>Solid pine wood structure and <span id=\"productTitle\" class=\"a-size-large\">legs<\/span><\/li>\n<li><span id=\"productTitle\" class=\"a-size-large\">Seat filling &#8211; foam reinforced with hollow fibre<\/span><\/li>\n<li>3 colores to choose<\/li>\n<li>Products of the set can be purchased separately<\/li>\n<\/ul>\n<p><strong>Dimensions. Sofa:<\/strong> length 166 cm, height 95 cm, depth 80 cm. <strong>Armchairs:<\/strong> width 95 cm, height 95 cm, depth 77 cm<\/p>\n","protected":false},"featured_media":29572,"comment_status":"open","ping_status":"closed","template":"","meta":{"_et_pb_use_builder":"","_et_pb_old_content":"","_et_gb_content_width":""},"product_brand":[],"product_cat":[167,35],"product_tag":[],"class_list":{"0":"post-26548","1":"product","2":"type-product","3":"status-publish","4":"has-post-thumbnail","6":"product_cat-sofa-sets","7":"product_cat-sofas-en","8":"product_shipping_class-articulos-pesados","9":"pa_largo-sofas-200-cm-less","10":"pa_material-fabric","11":"pa_plazas-4-seater-sofas","13":"first","14":"outofstock","15":"taxable","16":"shipping-taxable","17":"purchasable","18":"product-type-variable"},"yoast_head":"<!-- This site is optimized with the Yoast SEO plugin v27.5 - https:\/\/yoast.com\/product\/yoast-seo-wordpress\/ -->\n<title>Set of 2-Seater Upholstered Designer Buttoned Sofa and 2 Armchairs - Stockholm - Don Baraton: tienda de sof\u00e1s, muebles y colchones<\/title>\n<meta name=\"robots\" content=\"index, follow, max-snippet:-1, max-image-preview:large, max-video-preview:-1\" \/>\n<link rel=\"canonical\" href=\"https:\/\/donbaraton.es\/en\/p\/set-2-seater-upholstered-designer-buttoned-sofa-2-armchairs-stockholm\/\" \/>\n<meta property=\"og:locale\" content=\"en_GB\" \/>\n<meta property=\"og:type\" content=\"article\" \/>\n<meta property=\"og:title\" content=\"Set of 2-Seater Upholstered Designer Buttoned Sofa and 2 Armchairs - Stockholm - Don Baraton: tienda de sof\u00e1s, muebles y colchones\" \/>\n<meta property=\"og:description\" content=\"Sofa and 2 matching armchairs  Comfy seats and high backrests  Solid pine wood structure and legs  Seat filling - foam reinforced with hollow fibre  3 colores to choose  Products of the set can be purchased separately  Dimensions. Sofa: length 166 cm, height 95 cm, depth 80 cm. Armchairs: width 95 cm, height 95 cm, depth 77 cm\" \/>\n<meta property=\"og:url\" content=\"https:\/\/donbaraton.es\/en\/p\/set-2-seater-upholstered-designer-buttoned-sofa-2-armchairs-stockholm\/\" \/>\n<meta property=\"og:site_name\" content=\"Don Baraton: tienda de sof\u00e1s, muebles y colchones\" \/>\n<meta property=\"article:publisher\" content=\"https:\/\/www.facebook.com\/donbaraton.es\" \/>\n<meta property=\"article:modified_time\" content=\"2021-05-05T23:10:12+00:00\" \/>\n<meta property=\"og:image\" content=\"https:\/\/i0.wp.com\/donbaraton.es\/wp-content\/uploads\/2020\/12\/Conjunto-de-un-sofa-2-plazas-de-diseno-con-botones-y-2-sillones-\u2013-Stockholm.-Tela-azul.jpg?fit=1000%2C750&ssl=1\" \/>\n\t<meta property=\"og:image:width\" content=\"1000\" \/>\n\t<meta property=\"og:image:height\" content=\"750\" \/>\n\t<meta property=\"og:image:type\" content=\"image\/jpeg\" \/>\n<meta name=\"twitter:card\" content=\"summary_large_image\" \/>\n<meta name=\"twitter:site\" content=\"@don_baraton\" \/>\n<script type=\"application\/ld+json\" class=\"yoast-schema-graph\">{\"@context\":\"https:\\\/\\\/schema.org\",\"@graph\":[{\"@type\":\"WebPage\",\"@id\":\"https:\\\/\\\/donbaraton.es\\\/en\\\/p\\\/set-2-seater-upholstered-designer-buttoned-sofa-2-armchairs-stockholm\\\/\",\"url\":\"https:\\\/\\\/donbaraton.es\\\/en\\\/p\\\/set-2-seater-upholstered-designer-buttoned-sofa-2-armchairs-stockholm\\\/\",\"name\":\"Set of 2-Seater Upholstered Designer Buttoned Sofa and 2 Armchairs - Stockholm - Don Baraton: tienda de sof\u00e1s, muebles y colchones\",\"isPartOf\":{\"@id\":\"https:\\\/\\\/donbaraton.es\\\/#website\"},\"primaryImageOfPage\":{\"@id\":\"https:\\\/\\\/donbaraton.es\\\/en\\\/p\\\/set-2-seater-upholstered-designer-buttoned-sofa-2-armchairs-stockholm\\\/#primaryimage\"},\"image\":{\"@id\":\"https:\\\/\\\/donbaraton.es\\\/en\\\/p\\\/set-2-seater-upholstered-designer-buttoned-sofa-2-armchairs-stockholm\\\/#primaryimage\"},\"thumbnailUrl\":\"https:\\\/\\\/donbaraton.es\\\/wp-content\\\/uploads\\\/2020\\\/12\\\/Conjunto-de-un-sofa-2-plazas-de-diseno-con-botones-y-2-sillones-\u2013-Stockholm.-Tela-azul.jpg\",\"datePublished\":\"2020-08-14T00:28:42+00:00\",\"dateModified\":\"2021-05-05T23:10:12+00:00\",\"breadcrumb\":{\"@id\":\"https:\\\/\\\/donbaraton.es\\\/en\\\/p\\\/set-2-seater-upholstered-designer-buttoned-sofa-2-armchairs-stockholm\\\/#breadcrumb\"},\"inLanguage\":\"en-GB\",\"potentialAction\":[{\"@type\":\"ReadAction\",\"target\":[\"https:\\\/\\\/donbaraton.es\\\/en\\\/p\\\/set-2-seater-upholstered-designer-buttoned-sofa-2-armchairs-stockholm\\\/\"]}]},{\"@type\":\"ImageObject\",\"inLanguage\":\"en-GB\",\"@id\":\"https:\\\/\\\/donbaraton.es\\\/en\\\/p\\\/set-2-seater-upholstered-designer-buttoned-sofa-2-armchairs-stockholm\\\/#primaryimage\",\"url\":\"https:\\\/\\\/donbaraton.es\\\/wp-content\\\/uploads\\\/2020\\\/12\\\/Conjunto-de-un-sofa-2-plazas-de-diseno-con-botones-y-2-sillones-\u2013-Stockholm.-Tela-azul.jpg\",\"contentUrl\":\"https:\\\/\\\/donbaraton.es\\\/wp-content\\\/uploads\\\/2020\\\/12\\\/Conjunto-de-un-sofa-2-plazas-de-diseno-con-botones-y-2-sillones-\u2013-Stockholm.-Tela-azul.jpg\",\"width\":1000,\"height\":750,\"caption\":\"Set of 2-seater upholstered designer buttoned sofa and 2 armchairs - Stockholm. Blue fabric\"},{\"@type\":\"BreadcrumbList\",\"@id\":\"https:\\\/\\\/donbaraton.es\\\/en\\\/p\\\/set-2-seater-upholstered-designer-buttoned-sofa-2-armchairs-stockholm\\\/#breadcrumb\",\"itemListElement\":[{\"@type\":\"ListItem\",\"position\":1,\"name\":\"Portada\",\"item\":\"https:\\\/\\\/donbaraton.es\\\/en\\\/\"},{\"@type\":\"ListItem\",\"position\":2,\"name\":\"Online Shop\",\"item\":\"https:\\\/\\\/donbaraton.es\\\/en\\\/shop\\\/\"},{\"@type\":\"ListItem\",\"position\":3,\"name\":\"Set of 2-Seater Upholstered Designer Buttoned Sofa and 2 Armchairs &#8211; Stockholm\"}]},{\"@type\":\"WebSite\",\"@id\":\"https:\\\/\\\/donbaraton.es\\\/#website\",\"url\":\"https:\\\/\\\/donbaraton.es\\\/\",\"name\":\"Don Baraton: tienda de sof\u00e1s, muebles y colchones\",\"description\":\"Sofas baratos desde el almac\u00e9n en Almorad\u00ed, Alicante\",\"publisher\":{\"@id\":\"https:\\\/\\\/donbaraton.es\\\/#organization\"},\"potentialAction\":[{\"@type\":\"SearchAction\",\"target\":{\"@type\":\"EntryPoint\",\"urlTemplate\":\"https:\\\/\\\/donbaraton.es\\\/?s={search_term_string}\"},\"query-input\":{\"@type\":\"PropertyValueSpecification\",\"valueRequired\":true,\"valueName\":\"search_term_string\"}}],\"inLanguage\":\"en-GB\"},{\"@type\":\"Organization\",\"@id\":\"https:\\\/\\\/donbaraton.es\\\/#organization\",\"name\":\"Don Baraton\",\"url\":\"https:\\\/\\\/donbaraton.es\\\/\",\"logo\":{\"@type\":\"ImageObject\",\"inLanguage\":\"en-GB\",\"@id\":\"https:\\\/\\\/donbaraton.es\\\/#\\\/schema\\\/logo\\\/image\\\/\",\"url\":\"https:\\\/\\\/i0.wp.com\\\/donbaraton.es\\\/wp-content\\\/uploads\\\/2016\\\/11\\\/logo_don_baraton.png?fit=228%2C110&ssl=1\",\"contentUrl\":\"https:\\\/\\\/i0.wp.com\\\/donbaraton.es\\\/wp-content\\\/uploads\\\/2016\\\/11\\\/logo_don_baraton.png?fit=228%2C110&ssl=1\",\"width\":228,\"height\":110,\"caption\":\"Don Baraton\"},\"image\":{\"@id\":\"https:\\\/\\\/donbaraton.es\\\/#\\\/schema\\\/logo\\\/image\\\/\"},\"sameAs\":[\"https:\\\/\\\/www.facebook.com\\\/donbaraton.es\",\"https:\\\/\\\/x.com\\\/don_baraton\",\"https:\\\/\\\/www.instagram.com\\\/donbaraton.es\",\"https:\\\/\\\/www.linkedin.com\\\/company\\\/donbaraton\\\/\",\"https:\\\/\\\/es.pinterest.com\\\/donbaraton\\\/\",\"https:\\\/\\\/www.youtube.com\\\/channel\\\/UCL02HOwx-F759Jq5MedAZfQ\"]}]}<\/script>\n<!-- \/ Yoast SEO plugin. -->","yoast_head_json":{"title":"Set of 2-Seater Upholstered Designer Buttoned Sofa and 2 Armchairs - Stockholm - Don Baraton: tienda de sof\u00e1s, muebles y colchones","robots":{"index":"index","follow":"follow","max-snippet":"max-snippet:-1","max-image-preview":"max-image-preview:large","max-video-preview":"max-video-preview:-1"},"canonical":"https:\/\/donbaraton.es\/en\/p\/set-2-seater-upholstered-designer-buttoned-sofa-2-armchairs-stockholm\/","og_locale":"en_GB","og_type":"article","og_title":"Set of 2-Seater Upholstered Designer Buttoned Sofa and 2 Armchairs - Stockholm - Don Baraton: tienda de sof\u00e1s, muebles y colchones","og_description":"Sofa and 2 matching armchairs  Comfy seats and high backrests  Solid pine wood structure and legs  Seat filling - foam reinforced with hollow fibre  3 colores to choose  Products of the set can be purchased separately  Dimensions. Sofa: length 166 cm, height 95 cm, depth 80 cm. Armchairs: width 95 cm, height 95 cm, depth 77 cm","og_url":"https:\/\/donbaraton.es\/en\/p\/set-2-seater-upholstered-designer-buttoned-sofa-2-armchairs-stockholm\/","og_site_name":"Don Baraton: tienda de sof\u00e1s, muebles y colchones","article_publisher":"https:\/\/www.facebook.com\/donbaraton.es","article_modified_time":"2021-05-05T23:10:12+00:00","og_image":[{"width":1000,"height":750,"url":"https:\/\/i0.wp.com\/donbaraton.es\/wp-content\/uploads\/2020\/12\/Conjunto-de-un-sofa-2-plazas-de-diseno-con-botones-y-2-sillones-\u2013-Stockholm.-Tela-azul.jpg?fit=1000%2C750&ssl=1","type":"image\/jpeg"}],"twitter_card":"summary_large_image","twitter_site":"@don_baraton","schema":{"@context":"https:\/\/schema.org","@graph":[{"@type":"WebPage","@id":"https:\/\/donbaraton.es\/en\/p\/set-2-seater-upholstered-designer-buttoned-sofa-2-armchairs-stockholm\/","url":"https:\/\/donbaraton.es\/en\/p\/set-2-seater-upholstered-designer-buttoned-sofa-2-armchairs-stockholm\/","name":"Set of 2-Seater Upholstered Designer Buttoned Sofa and 2 Armchairs - Stockholm - Don Baraton: tienda de sof\u00e1s, muebles y colchones","isPartOf":{"@id":"https:\/\/donbaraton.es\/#website"},"primaryImageOfPage":{"@id":"https:\/\/donbaraton.es\/en\/p\/set-2-seater-upholstered-designer-buttoned-sofa-2-armchairs-stockholm\/#primaryimage"},"image":{"@id":"https:\/\/donbaraton.es\/en\/p\/set-2-seater-upholstered-designer-buttoned-sofa-2-armchairs-stockholm\/#primaryimage"},"thumbnailUrl":"https:\/\/donbaraton.es\/wp-content\/uploads\/2020\/12\/Conjunto-de-un-sofa-2-plazas-de-diseno-con-botones-y-2-sillones-\u2013-Stockholm.-Tela-azul.jpg","datePublished":"2020-08-14T00:28:42+00:00","dateModified":"2021-05-05T23:10:12+00:00","breadcrumb":{"@id":"https:\/\/donbaraton.es\/en\/p\/set-2-seater-upholstered-designer-buttoned-sofa-2-armchairs-stockholm\/#breadcrumb"},"inLanguage":"en-GB","potentialAction":[{"@type":"ReadAction","target":["https:\/\/donbaraton.es\/en\/p\/set-2-seater-upholstered-designer-buttoned-sofa-2-armchairs-stockholm\/"]}]},{"@type":"ImageObject","inLanguage":"en-GB","@id":"https:\/\/donbaraton.es\/en\/p\/set-2-seater-upholstered-designer-buttoned-sofa-2-armchairs-stockholm\/#primaryimage","url":"https:\/\/donbaraton.es\/wp-content\/uploads\/2020\/12\/Conjunto-de-un-sofa-2-plazas-de-diseno-con-botones-y-2-sillones-\u2013-Stockholm.-Tela-azul.jpg","contentUrl":"https:\/\/donbaraton.es\/wp-content\/uploads\/2020\/12\/Conjunto-de-un-sofa-2-plazas-de-diseno-con-botones-y-2-sillones-\u2013-Stockholm.-Tela-azul.jpg","width":1000,"height":750,"caption":"Set of 2-seater upholstered designer buttoned sofa and 2 armchairs - Stockholm. Blue fabric"},{"@type":"BreadcrumbList","@id":"https:\/\/donbaraton.es\/en\/p\/set-2-seater-upholstered-designer-buttoned-sofa-2-armchairs-stockholm\/#breadcrumb","itemListElement":[{"@type":"ListItem","position":1,"name":"Portada","item":"https:\/\/donbaraton.es\/en\/"},{"@type":"ListItem","position":2,"name":"Online Shop","item":"https:\/\/donbaraton.es\/en\/shop\/"},{"@type":"ListItem","position":3,"name":"Set of 2-Seater Upholstered Designer Buttoned Sofa and 2 Armchairs &#8211; Stockholm"}]},{"@type":"WebSite","@id":"https:\/\/donbaraton.es\/#website","url":"https:\/\/donbaraton.es\/","name":"Don Baraton: tienda de sof\u00e1s, muebles y colchones","description":"Sofas baratos desde el almac\u00e9n en Almorad\u00ed, Alicante","publisher":{"@id":"https:\/\/donbaraton.es\/#organization"},"potentialAction":[{"@type":"SearchAction","target":{"@type":"EntryPoint","urlTemplate":"https:\/\/donbaraton.es\/?s={search_term_string}"},"query-input":{"@type":"PropertyValueSpecification","valueRequired":true,"valueName":"search_term_string"}}],"inLanguage":"en-GB"},{"@type":"Organization","@id":"https:\/\/donbaraton.es\/#organization","name":"Don Baraton","url":"https:\/\/donbaraton.es\/","logo":{"@type":"ImageObject","inLanguage":"en-GB","@id":"https:\/\/donbaraton.es\/#\/schema\/logo\/image\/","url":"https:\/\/i0.wp.com\/donbaraton.es\/wp-content\/uploads\/2016\/11\/logo_don_baraton.png?fit=228%2C110&ssl=1","contentUrl":"https:\/\/i0.wp.com\/donbaraton.es\/wp-content\/uploads\/2016\/11\/logo_don_baraton.png?fit=228%2C110&ssl=1","width":228,"height":110,"caption":"Don Baraton"},"image":{"@id":"https:\/\/donbaraton.es\/#\/schema\/logo\/image\/"},"sameAs":["https:\/\/www.facebook.com\/donbaraton.es","https:\/\/x.com\/don_baraton","https:\/\/www.instagram.com\/donbaraton.es","https:\/\/www.linkedin.com\/company\/donbaraton\/","https:\/\/es.pinterest.com\/donbaraton\/","https:\/\/www.youtube.com\/channel\/UCL02HOwx-F759Jq5MedAZfQ"]}]}},"_links":{"self":[{"href":"https:\/\/donbaraton.es\/en\/wp-json\/wp\/v2\/product\/26548","targetHints":{"allow":["GET"]}}],"collection":[{"href":"https:\/\/donbaraton.es\/en\/wp-json\/wp\/v2\/product"}],"about":[{"href":"https:\/\/donbaraton.es\/en\/wp-json\/wp\/v2\/types\/product"}],"replies":[{"embeddable":true,"href":"https:\/\/donbaraton.es\/en\/wp-json\/wp\/v2\/comments?post=26548"}],"wp:featuredmedia":[{"embeddable":true,"href":"https:\/\/donbaraton.es\/en\/wp-json\/wp\/v2\/media\/29572"}],"wp:attachment":[{"href":"https:\/\/donbaraton.es\/en\/wp-json\/wp\/v2\/media?parent=26548"}],"wp:term":[{"taxonomy":"product_brand","embeddable":true,"href":"https:\/\/donbaraton.es\/en\/wp-json\/wp\/v2\/product_brand?post=26548"},{"taxonomy":"product_cat","embeddable":true,"href":"https:\/\/donbaraton.es\/en\/wp-json\/wp\/v2\/product_cat?post=26548"},{"taxonomy":"product_tag","embeddable":true,"href":"https:\/\/donbaraton.es\/en\/wp-json\/wp\/v2\/product_tag?post=26548"}],"curies":[{"name":"wp","href":"https:\/\/api.w.org\/{rel}","templated":true}]}}