{"id":26912,"date":"2020-08-26T19:10:02","date_gmt":"2020-08-26T17:10:02","guid":{"rendered":"https:\/\/donbaraton.es\/p\/glider-nursing-chair-footstool-bebezen\/"},"modified":"2020-08-26T19:10:02","modified_gmt":"2020-08-26T17:10:02","slug":"glider-nursing-chair-footstool-bebezen","status":"publish","type":"product","link":"https:\/\/donbaraton.es\/en\/p\/glider-nursing-chair-footstool-bebezen\/","title":{"rendered":"Glider Nursing Chair and Footstool &#8211; BebeZen"},"content":{"rendered":"<p><strong>Glider Nursing Chair and Footstool &#8211; BebeZen <\/strong><\/p>\n<p><iframe loading=\"lazy\" src=\"https:\/\/www.youtube.com\/embed\/MCOpO0SOraE\" width=\"560\" height=\"315\" frameborder=\"0\" allowfullscreen=\"allowfullscreen\"><\/iframe><\/p>\n<p>A nursing glider chair and a matching footstool, both with swinging mechanisms. The bases of the chair and the footstool are fixed while the seat and the top of the footstool swing back and forth. Ideal for feeding and soothing your baby!<\/p>\n<p><strong>Dimensions. Chair:<\/strong> width 59 cm, height 97 cm, depth 88 cm. <strong>Footstool:<\/strong> width 48 cm, height 41 cm, depth 43 cm<\/p>\n","protected":false},"excerpt":{"rendered":"<ul>\n<li>Ideal for feeding and soothing your baby<\/li>\n<li>Footstool included<\/li>\n<li>Two swinging mechanisms<\/li>\n<li>Solid wood frame<\/li>\n<li>Upholstered in yellow fabric<\/li>\n<\/ul>\n<p><strong>Chair:<\/strong> width 59 cm, height 97 cm, depth 88 cm. <strong>Footstool:<\/strong> width 48 cm, height 41 cm, depth 43 cm<\/p>\n","protected":false},"featured_media":26861,"comment_status":"open","ping_status":"closed","template":"","meta":{"_et_pb_use_builder":"","_et_pb_old_content":"","_et_gb_content_width":""},"product_brand":[],"product_cat":[39,291],"product_tag":[],"class_list":{"0":"post-26912","1":"product","2":"type-product","3":"status-publish","4":"has-post-thumbnail","6":"product_cat-armchairs","7":"product_cat-children","8":"product_shipping_class-articulos-pesados","9":"pa_material-fabric","10":"pa_material-wood","12":"first","13":"instock","14":"sale","15":"taxable","16":"shipping-taxable","17":"purchasable","18":"product-type-simple"},"yoast_head":"<!-- This site is optimized with the Yoast SEO plugin v27.2 - https:\/\/yoast.com\/product\/yoast-seo-wordpress\/ -->\n<title>Glider Nursing Chair and Footstool - BebeZen - Don Baraton: tienda de sof\u00e1s, muebles y colchones<\/title>\n<meta name=\"robots\" content=\"index, follow, max-snippet:-1, max-image-preview:large, max-video-preview:-1\" \/>\n<link rel=\"canonical\" href=\"https:\/\/donbaraton.es\/en\/p\/glider-nursing-chair-footstool-bebezen\/\" \/>\n<meta property=\"og:locale\" content=\"en_GB\" \/>\n<meta property=\"og:type\" content=\"article\" \/>\n<meta property=\"og:title\" content=\"Glider Nursing Chair and Footstool - BebeZen - Don Baraton: tienda de sof\u00e1s, muebles y colchones\" \/>\n<meta property=\"og:description\" content=\"Ideal for feeding and soothing your baby  Footstool included  Two swinging mechanisms  Solid wood frame  Upholstered in yellow fabric  Chair: width 59 cm, height 97 cm, depth 88 cm. Footstool: width 48 cm, height 41 cm, depth 43 cm\" \/>\n<meta property=\"og:url\" content=\"https:\/\/donbaraton.es\/en\/p\/glider-nursing-chair-footstool-bebezen\/\" \/>\n<meta property=\"og:site_name\" content=\"Don Baraton: tienda de sof\u00e1s, muebles y colchones\" \/>\n<meta property=\"article:publisher\" content=\"https:\/\/www.facebook.com\/donbaraton.es\" \/>\n<meta property=\"og:image\" content=\"https:\/\/i0.wp.com\/donbaraton.es\/wp-content\/uploads\/2020\/08\/Sillon-con-reposapiernas-para-calmar-a-los-bebes-BebeZen.-Tapizado-en-tela-amarilla.jpg?fit=1000%2C750&ssl=1\" \/>\n\t<meta property=\"og:image:width\" content=\"1000\" \/>\n\t<meta property=\"og:image:height\" content=\"750\" \/>\n\t<meta property=\"og:image:type\" content=\"image\/jpeg\" \/>\n<meta name=\"twitter:card\" content=\"summary_large_image\" \/>\n<meta name=\"twitter:site\" content=\"@don_baraton\" \/>\n<script type=\"application\/ld+json\" class=\"yoast-schema-graph\">{\"@context\":\"https:\/\/schema.org\",\"@graph\":[{\"@type\":\"WebPage\",\"@id\":\"https:\/\/donbaraton.es\/en\/p\/glider-nursing-chair-footstool-bebezen\/\",\"url\":\"https:\/\/donbaraton.es\/en\/p\/glider-nursing-chair-footstool-bebezen\/\",\"name\":\"Glider Nursing Chair and Footstool - BebeZen - Don Baraton: tienda de sof\u00e1s, muebles y colchones\",\"isPartOf\":{\"@id\":\"https:\/\/donbaraton.es\/#website\"},\"primaryImageOfPage\":{\"@id\":\"https:\/\/donbaraton.es\/en\/p\/glider-nursing-chair-footstool-bebezen\/#primaryimage\"},\"image\":{\"@id\":\"https:\/\/donbaraton.es\/en\/p\/glider-nursing-chair-footstool-bebezen\/#primaryimage\"},\"thumbnailUrl\":\"https:\/\/donbaraton.es\/wp-content\/uploads\/2020\/08\/Sillon-con-reposapiernas-para-calmar-a-los-bebes-BebeZen.-Tapizado-en-tela-amarilla.jpg\",\"datePublished\":\"2020-08-26T17:10:02+00:00\",\"breadcrumb\":{\"@id\":\"https:\/\/donbaraton.es\/en\/p\/glider-nursing-chair-footstool-bebezen\/#breadcrumb\"},\"inLanguage\":\"en-GB\",\"potentialAction\":[{\"@type\":\"ReadAction\",\"target\":[\"https:\/\/donbaraton.es\/en\/p\/glider-nursing-chair-footstool-bebezen\/\"]}]},{\"@type\":\"ImageObject\",\"inLanguage\":\"en-GB\",\"@id\":\"https:\/\/donbaraton.es\/en\/p\/glider-nursing-chair-footstool-bebezen\/#primaryimage\",\"url\":\"https:\/\/donbaraton.es\/wp-content\/uploads\/2020\/08\/Sillon-con-reposapiernas-para-calmar-a-los-bebes-BebeZen.-Tapizado-en-tela-amarilla.jpg\",\"contentUrl\":\"https:\/\/donbaraton.es\/wp-content\/uploads\/2020\/08\/Sillon-con-reposapiernas-para-calmar-a-los-bebes-BebeZen.-Tapizado-en-tela-amarilla.jpg\",\"width\":1000,\"height\":750,\"caption\":\"Glider nursing chair and footstool - BebeZen\"},{\"@type\":\"BreadcrumbList\",\"@id\":\"https:\/\/donbaraton.es\/en\/p\/glider-nursing-chair-footstool-bebezen\/#breadcrumb\",\"itemListElement\":[{\"@type\":\"ListItem\",\"position\":1,\"name\":\"Portada\",\"item\":\"https:\/\/donbaraton.es\/en\/\"},{\"@type\":\"ListItem\",\"position\":2,\"name\":\"Online Shop\",\"item\":\"https:\/\/donbaraton.es\/en\/shop\/\"},{\"@type\":\"ListItem\",\"position\":3,\"name\":\"Glider Nursing Chair and Footstool &#8211; BebeZen\"}]},{\"@type\":\"WebSite\",\"@id\":\"https:\/\/donbaraton.es\/#website\",\"url\":\"https:\/\/donbaraton.es\/\",\"name\":\"Don Baraton: tienda de sof\u00e1s, muebles y colchones\",\"description\":\"Sofas baratos desde el almac\u00e9n en Almorad\u00ed, Alicante\",\"publisher\":{\"@id\":\"https:\/\/donbaraton.es\/#organization\"},\"potentialAction\":[{\"@type\":\"SearchAction\",\"target\":{\"@type\":\"EntryPoint\",\"urlTemplate\":\"https:\/\/donbaraton.es\/?s={search_term_string}\"},\"query-input\":{\"@type\":\"PropertyValueSpecification\",\"valueRequired\":true,\"valueName\":\"search_term_string\"}}],\"inLanguage\":\"en-GB\"},{\"@type\":\"Organization\",\"@id\":\"https:\/\/donbaraton.es\/#organization\",\"name\":\"Don Baraton\",\"url\":\"https:\/\/donbaraton.es\/\",\"logo\":{\"@type\":\"ImageObject\",\"inLanguage\":\"en-GB\",\"@id\":\"https:\/\/donbaraton.es\/#\/schema\/logo\/image\/\",\"url\":\"https:\/\/i0.wp.com\/donbaraton.es\/wp-content\/uploads\/2016\/11\/logo_don_baraton.png?fit=228%2C110&ssl=1\",\"contentUrl\":\"https:\/\/i0.wp.com\/donbaraton.es\/wp-content\/uploads\/2016\/11\/logo_don_baraton.png?fit=228%2C110&ssl=1\",\"width\":228,\"height\":110,\"caption\":\"Don Baraton\"},\"image\":{\"@id\":\"https:\/\/donbaraton.es\/#\/schema\/logo\/image\/\"},\"sameAs\":[\"https:\/\/www.facebook.com\/donbaraton.es\",\"https:\/\/x.com\/don_baraton\",\"https:\/\/www.instagram.com\/donbaraton.es\",\"https:\/\/www.linkedin.com\/company\/donbaraton\/\",\"https:\/\/es.pinterest.com\/donbaraton\/\",\"https:\/\/www.youtube.com\/channel\/UCL02HOwx-F759Jq5MedAZfQ\"]}]}<\/script>\n<!-- \/ Yoast SEO plugin. -->","yoast_head_json":{"title":"Glider Nursing Chair and Footstool - BebeZen - Don Baraton: tienda de sof\u00e1s, muebles y colchones","robots":{"index":"index","follow":"follow","max-snippet":"max-snippet:-1","max-image-preview":"max-image-preview:large","max-video-preview":"max-video-preview:-1"},"canonical":"https:\/\/donbaraton.es\/en\/p\/glider-nursing-chair-footstool-bebezen\/","og_locale":"en_GB","og_type":"article","og_title":"Glider Nursing Chair and Footstool - BebeZen - Don Baraton: tienda de sof\u00e1s, muebles y colchones","og_description":"Ideal for feeding and soothing your baby  Footstool included  Two swinging mechanisms  Solid wood frame  Upholstered in yellow fabric  Chair: width 59 cm, height 97 cm, depth 88 cm. Footstool: width 48 cm, height 41 cm, depth 43 cm","og_url":"https:\/\/donbaraton.es\/en\/p\/glider-nursing-chair-footstool-bebezen\/","og_site_name":"Don Baraton: tienda de sof\u00e1s, muebles y colchones","article_publisher":"https:\/\/www.facebook.com\/donbaraton.es","og_image":[{"width":1000,"height":750,"url":"https:\/\/i0.wp.com\/donbaraton.es\/wp-content\/uploads\/2020\/08\/Sillon-con-reposapiernas-para-calmar-a-los-bebes-BebeZen.-Tapizado-en-tela-amarilla.jpg?fit=1000%2C750&ssl=1","type":"image\/jpeg"}],"twitter_card":"summary_large_image","twitter_site":"@don_baraton","schema":{"@context":"https:\/\/schema.org","@graph":[{"@type":"WebPage","@id":"https:\/\/donbaraton.es\/en\/p\/glider-nursing-chair-footstool-bebezen\/","url":"https:\/\/donbaraton.es\/en\/p\/glider-nursing-chair-footstool-bebezen\/","name":"Glider Nursing Chair and Footstool - BebeZen - Don Baraton: tienda de sof\u00e1s, muebles y colchones","isPartOf":{"@id":"https:\/\/donbaraton.es\/#website"},"primaryImageOfPage":{"@id":"https:\/\/donbaraton.es\/en\/p\/glider-nursing-chair-footstool-bebezen\/#primaryimage"},"image":{"@id":"https:\/\/donbaraton.es\/en\/p\/glider-nursing-chair-footstool-bebezen\/#primaryimage"},"thumbnailUrl":"https:\/\/donbaraton.es\/wp-content\/uploads\/2020\/08\/Sillon-con-reposapiernas-para-calmar-a-los-bebes-BebeZen.-Tapizado-en-tela-amarilla.jpg","datePublished":"2020-08-26T17:10:02+00:00","breadcrumb":{"@id":"https:\/\/donbaraton.es\/en\/p\/glider-nursing-chair-footstool-bebezen\/#breadcrumb"},"inLanguage":"en-GB","potentialAction":[{"@type":"ReadAction","target":["https:\/\/donbaraton.es\/en\/p\/glider-nursing-chair-footstool-bebezen\/"]}]},{"@type":"ImageObject","inLanguage":"en-GB","@id":"https:\/\/donbaraton.es\/en\/p\/glider-nursing-chair-footstool-bebezen\/#primaryimage","url":"https:\/\/donbaraton.es\/wp-content\/uploads\/2020\/08\/Sillon-con-reposapiernas-para-calmar-a-los-bebes-BebeZen.-Tapizado-en-tela-amarilla.jpg","contentUrl":"https:\/\/donbaraton.es\/wp-content\/uploads\/2020\/08\/Sillon-con-reposapiernas-para-calmar-a-los-bebes-BebeZen.-Tapizado-en-tela-amarilla.jpg","width":1000,"height":750,"caption":"Glider nursing chair and footstool - BebeZen"},{"@type":"BreadcrumbList","@id":"https:\/\/donbaraton.es\/en\/p\/glider-nursing-chair-footstool-bebezen\/#breadcrumb","itemListElement":[{"@type":"ListItem","position":1,"name":"Portada","item":"https:\/\/donbaraton.es\/en\/"},{"@type":"ListItem","position":2,"name":"Online Shop","item":"https:\/\/donbaraton.es\/en\/shop\/"},{"@type":"ListItem","position":3,"name":"Glider Nursing Chair and Footstool &#8211; BebeZen"}]},{"@type":"WebSite","@id":"https:\/\/donbaraton.es\/#website","url":"https:\/\/donbaraton.es\/","name":"Don Baraton: tienda de sof\u00e1s, muebles y colchones","description":"Sofas baratos desde el almac\u00e9n en Almorad\u00ed, Alicante","publisher":{"@id":"https:\/\/donbaraton.es\/#organization"},"potentialAction":[{"@type":"SearchAction","target":{"@type":"EntryPoint","urlTemplate":"https:\/\/donbaraton.es\/?s={search_term_string}"},"query-input":{"@type":"PropertyValueSpecification","valueRequired":true,"valueName":"search_term_string"}}],"inLanguage":"en-GB"},{"@type":"Organization","@id":"https:\/\/donbaraton.es\/#organization","name":"Don Baraton","url":"https:\/\/donbaraton.es\/","logo":{"@type":"ImageObject","inLanguage":"en-GB","@id":"https:\/\/donbaraton.es\/#\/schema\/logo\/image\/","url":"https:\/\/i0.wp.com\/donbaraton.es\/wp-content\/uploads\/2016\/11\/logo_don_baraton.png?fit=228%2C110&ssl=1","contentUrl":"https:\/\/i0.wp.com\/donbaraton.es\/wp-content\/uploads\/2016\/11\/logo_don_baraton.png?fit=228%2C110&ssl=1","width":228,"height":110,"caption":"Don Baraton"},"image":{"@id":"https:\/\/donbaraton.es\/#\/schema\/logo\/image\/"},"sameAs":["https:\/\/www.facebook.com\/donbaraton.es","https:\/\/x.com\/don_baraton","https:\/\/www.instagram.com\/donbaraton.es","https:\/\/www.linkedin.com\/company\/donbaraton\/","https:\/\/es.pinterest.com\/donbaraton\/","https:\/\/www.youtube.com\/channel\/UCL02HOwx-F759Jq5MedAZfQ"]}]}},"_links":{"self":[{"href":"https:\/\/donbaraton.es\/en\/wp-json\/wp\/v2\/product\/26912","targetHints":{"allow":["GET"]}}],"collection":[{"href":"https:\/\/donbaraton.es\/en\/wp-json\/wp\/v2\/product"}],"about":[{"href":"https:\/\/donbaraton.es\/en\/wp-json\/wp\/v2\/types\/product"}],"replies":[{"embeddable":true,"href":"https:\/\/donbaraton.es\/en\/wp-json\/wp\/v2\/comments?post=26912"}],"wp:featuredmedia":[{"embeddable":true,"href":"https:\/\/donbaraton.es\/en\/wp-json\/wp\/v2\/media\/26861"}],"wp:attachment":[{"href":"https:\/\/donbaraton.es\/en\/wp-json\/wp\/v2\/media?parent=26912"}],"wp:term":[{"taxonomy":"product_brand","embeddable":true,"href":"https:\/\/donbaraton.es\/en\/wp-json\/wp\/v2\/product_brand?post=26912"},{"taxonomy":"product_cat","embeddable":true,"href":"https:\/\/donbaraton.es\/en\/wp-json\/wp\/v2\/product_cat?post=26912"},{"taxonomy":"product_tag","embeddable":true,"href":"https:\/\/donbaraton.es\/en\/wp-json\/wp\/v2\/product_tag?post=26912"}],"curies":[{"name":"wp","href":"https:\/\/api.w.org\/{rel}","templated":true}]}}