{"id":26958,"date":"2020-12-30T23:40:35","date_gmt":"2020-09-04T18:38:06","guid":{"rendered":"https:\/\/donbaraton.es\/?post_type=product&#038;p=26958"},"modified":"2020-09-09T22:07:29","modified_gmt":"2020-09-09T20:07:29","slug":"u-shaped-sofa-pouffe-convertibe-bed-lyon","status":"publish","type":"product","link":"https:\/\/donbaraton.es\/en\/p\/u-shaped-sofa-pouffe-convertibe-bed-lyon\/","title":{"rendered":"U-shaped Sofa with Pouffe Covertible Into a Bed &#8211; Lyon"},"content":{"rendered":"<p><strong>U-shaped Sofa with Pouffe Covertible Into a Bed &#8211; Lyon<\/strong><\/p>\n<p><strong>Dimensions.<\/strong> <strong>Sofa:<\/strong> length 320 cm, chaise longue 155 cm, corner 215 cm, height without cushions 67 cm, height with cushions 80 cm, depth 81 cm, depth of the seat 55 cm, height of the seat from the floor 39 cm, height of the backrest cushions 41 cm, width of the armrests 18 cm. <strong>Pouffe:<\/strong> length 138 cm, width 65 cm, height 39 cm<\/p>\n","protected":false},"excerpt":{"rendered":"<ul>\n<li>Rectangular pouffe included<\/li>\n<li>Converts into bed with the pouffe put in the center<\/li>\n<li>Upholstered in fabric and faux leather<\/li>\n<li>6 backrest cushions<\/li>\n<li>2 small decorative cushions<\/li>\n<\/ul>\n<p><strong>Sofa:<\/strong> length 320 cm, chaise longue 155 cm, corner 215 cm, height 80 cm. <strong>Pouffe:<\/strong> length 138 cm, width 65 cm, height 39 cm<\/p>\n<p>&nbsp;<\/p>\n","protected":false},"featured_media":27147,"comment_status":"open","ping_status":"closed","template":"","meta":{"_et_pb_use_builder":"","_et_pb_old_content":"","_et_gb_content_width":""},"product_brand":[],"product_cat":[108,35],"product_tag":[],"class_list":{"0":"post-26958","1":"product","2":"type-product","3":"status-publish","4":"has-post-thumbnail","6":"product_cat-corner-sofas","7":"product_cat-sofas-en","8":"product_shipping_class-articulos-pesados","9":"pa_lado-left","10":"pa_lado-right","11":"pa_largo-sofas-301-cm-plus","12":"pa_material-fabric","13":"pa_material-faux-leather","14":"pa_muelles-sinuous-springs","15":"pa_plazas-4-seater-sofas","16":"pa_plazas-large-sofas","18":"first","19":"outofstock","20":"sale","21":"taxable","22":"shipping-taxable","23":"purchasable","24":"product-type-variable","25":"has-default-attributes"},"yoast_head":"<!-- This site is optimized with the Yoast SEO plugin v27.2 - https:\/\/yoast.com\/product\/yoast-seo-wordpress\/ -->\n<title>U-shaped Sofa with Pouffe Covertible Into a Bed - Lyon - Don Baraton: tienda de sof\u00e1s, muebles y colchones<\/title>\n<meta name=\"robots\" content=\"index, follow, max-snippet:-1, max-image-preview:large, max-video-preview:-1\" \/>\n<link rel=\"canonical\" href=\"https:\/\/donbaraton.es\/en\/p\/u-shaped-sofa-pouffe-convertibe-bed-lyon\/\" \/>\n<meta property=\"og:locale\" content=\"en_GB\" \/>\n<meta property=\"og:type\" content=\"article\" \/>\n<meta property=\"og:title\" content=\"U-shaped Sofa with Pouffe Covertible Into a Bed - Lyon - Don Baraton: tienda de sof\u00e1s, muebles y colchones\" \/>\n<meta property=\"og:description\" content=\"Rectangular pouffe included  Converts into bed with the pouffe put in the center  Upholstered in fabric and faux leather  6 backrest cushions  2 small decorative cushions  Sofa: length 320 cm, chaise longue 155 cm, corner 215 cm, height 80 cm. Pouffe: length 138 cm, width 65 cm, height 39 cm  &nbsp;\" \/>\n<meta property=\"og:url\" content=\"https:\/\/donbaraton.es\/en\/p\/u-shaped-sofa-pouffe-convertibe-bed-lyon\/\" \/>\n<meta property=\"og:site_name\" content=\"Don Baraton: tienda de sof\u00e1s, muebles y colchones\" \/>\n<meta property=\"article:publisher\" content=\"https:\/\/www.facebook.com\/donbaraton.es\" \/>\n<meta property=\"article:modified_time\" content=\"2020-09-09T20:07:29+00:00\" \/>\n<meta property=\"og:image\" content=\"https:\/\/i2.wp.com\/donbaraton.es\/wp-content\/uploads\/2020\/09\/Sofa-rinconera-en-forma-de-U-con-puf-para-hacer-cama-Lyon.-Tela-gris-oscuro.-Polipel-blanca.-Rincon-lado-izquierdo.jpg?fit=1000%2C750&ssl=1\" \/>\n\t<meta property=\"og:image:width\" content=\"1000\" \/>\n\t<meta property=\"og:image:height\" content=\"750\" \/>\n\t<meta property=\"og:image:type\" content=\"image\/jpeg\" \/>\n<meta name=\"twitter:card\" content=\"summary_large_image\" \/>\n<meta name=\"twitter:site\" content=\"@don_baraton\" \/>\n<script type=\"application\/ld+json\" class=\"yoast-schema-graph\">{\"@context\":\"https:\/\/schema.org\",\"@graph\":[{\"@type\":\"WebPage\",\"@id\":\"https:\/\/donbaraton.es\/en\/p\/u-shaped-sofa-pouffe-convertibe-bed-lyon\/\",\"url\":\"https:\/\/donbaraton.es\/en\/p\/u-shaped-sofa-pouffe-convertibe-bed-lyon\/\",\"name\":\"U-shaped Sofa with Pouffe Covertible Into a Bed - Lyon - Don Baraton: tienda de sof\u00e1s, muebles y colchones\",\"isPartOf\":{\"@id\":\"https:\/\/donbaraton.es\/#website\"},\"primaryImageOfPage\":{\"@id\":\"https:\/\/donbaraton.es\/en\/p\/u-shaped-sofa-pouffe-convertibe-bed-lyon\/#primaryimage\"},\"image\":{\"@id\":\"https:\/\/donbaraton.es\/en\/p\/u-shaped-sofa-pouffe-convertibe-bed-lyon\/#primaryimage\"},\"thumbnailUrl\":\"https:\/\/donbaraton.es\/wp-content\/uploads\/2020\/09\/Sofa-rinconera-en-forma-de-U-con-puf-para-hacer-cama-Lyon.-Tela-gris-oscuro.-Polipel-blanca.-Rincon-lado-izquierdo.jpg\",\"datePublished\":\"2020-09-04T18:38:06+00:00\",\"dateModified\":\"2020-09-09T20:07:29+00:00\",\"breadcrumb\":{\"@id\":\"https:\/\/donbaraton.es\/en\/p\/u-shaped-sofa-pouffe-convertibe-bed-lyon\/#breadcrumb\"},\"inLanguage\":\"en-GB\",\"potentialAction\":[{\"@type\":\"ReadAction\",\"target\":[\"https:\/\/donbaraton.es\/en\/p\/u-shaped-sofa-pouffe-convertibe-bed-lyon\/\"]}]},{\"@type\":\"ImageObject\",\"inLanguage\":\"en-GB\",\"@id\":\"https:\/\/donbaraton.es\/en\/p\/u-shaped-sofa-pouffe-convertibe-bed-lyon\/#primaryimage\",\"url\":\"https:\/\/donbaraton.es\/wp-content\/uploads\/2020\/09\/Sofa-rinconera-en-forma-de-U-con-puf-para-hacer-cama-Lyon.-Tela-gris-oscuro.-Polipel-blanca.-Rincon-lado-izquierdo.jpg\",\"contentUrl\":\"https:\/\/donbaraton.es\/wp-content\/uploads\/2020\/09\/Sofa-rinconera-en-forma-de-U-con-puf-para-hacer-cama-Lyon.-Tela-gris-oscuro.-Polipel-blanca.-Rincon-lado-izquierdo.jpg\",\"width\":1000,\"height\":750,\"caption\":\"U-shaped sofa with pouffe covertible into a bed - Lyon. Dark grey fabric, white faux leather, corner on the left\"},{\"@type\":\"BreadcrumbList\",\"@id\":\"https:\/\/donbaraton.es\/en\/p\/u-shaped-sofa-pouffe-convertibe-bed-lyon\/#breadcrumb\",\"itemListElement\":[{\"@type\":\"ListItem\",\"position\":1,\"name\":\"Portada\",\"item\":\"https:\/\/donbaraton.es\/en\/\"},{\"@type\":\"ListItem\",\"position\":2,\"name\":\"Online Shop\",\"item\":\"https:\/\/donbaraton.es\/en\/shop\/\"},{\"@type\":\"ListItem\",\"position\":3,\"name\":\"U-shaped Sofa with Pouffe Covertible Into a Bed &#8211; Lyon\"}]},{\"@type\":\"WebSite\",\"@id\":\"https:\/\/donbaraton.es\/#website\",\"url\":\"https:\/\/donbaraton.es\/\",\"name\":\"Don Baraton: tienda de sof\u00e1s, muebles y colchones\",\"description\":\"Sofas baratos desde el almac\u00e9n en Almorad\u00ed, Alicante\",\"publisher\":{\"@id\":\"https:\/\/donbaraton.es\/#organization\"},\"potentialAction\":[{\"@type\":\"SearchAction\",\"target\":{\"@type\":\"EntryPoint\",\"urlTemplate\":\"https:\/\/donbaraton.es\/?s={search_term_string}\"},\"query-input\":{\"@type\":\"PropertyValueSpecification\",\"valueRequired\":true,\"valueName\":\"search_term_string\"}}],\"inLanguage\":\"en-GB\"},{\"@type\":\"Organization\",\"@id\":\"https:\/\/donbaraton.es\/#organization\",\"name\":\"Don Baraton\",\"url\":\"https:\/\/donbaraton.es\/\",\"logo\":{\"@type\":\"ImageObject\",\"inLanguage\":\"en-GB\",\"@id\":\"https:\/\/donbaraton.es\/#\/schema\/logo\/image\/\",\"url\":\"https:\/\/i0.wp.com\/donbaraton.es\/wp-content\/uploads\/2016\/11\/logo_don_baraton.png?fit=228%2C110&ssl=1\",\"contentUrl\":\"https:\/\/i0.wp.com\/donbaraton.es\/wp-content\/uploads\/2016\/11\/logo_don_baraton.png?fit=228%2C110&ssl=1\",\"width\":228,\"height\":110,\"caption\":\"Don Baraton\"},\"image\":{\"@id\":\"https:\/\/donbaraton.es\/#\/schema\/logo\/image\/\"},\"sameAs\":[\"https:\/\/www.facebook.com\/donbaraton.es\",\"https:\/\/x.com\/don_baraton\",\"https:\/\/www.instagram.com\/donbaraton.es\",\"https:\/\/www.linkedin.com\/company\/donbaraton\/\",\"https:\/\/es.pinterest.com\/donbaraton\/\",\"https:\/\/www.youtube.com\/channel\/UCL02HOwx-F759Jq5MedAZfQ\"]}]}<\/script>\n<!-- \/ Yoast SEO plugin. -->","yoast_head_json":{"title":"U-shaped Sofa with Pouffe Covertible Into a Bed - Lyon - Don Baraton: tienda de sof\u00e1s, muebles y colchones","robots":{"index":"index","follow":"follow","max-snippet":"max-snippet:-1","max-image-preview":"max-image-preview:large","max-video-preview":"max-video-preview:-1"},"canonical":"https:\/\/donbaraton.es\/en\/p\/u-shaped-sofa-pouffe-convertibe-bed-lyon\/","og_locale":"en_GB","og_type":"article","og_title":"U-shaped Sofa with Pouffe Covertible Into a Bed - Lyon - Don Baraton: tienda de sof\u00e1s, muebles y colchones","og_description":"Rectangular pouffe included  Converts into bed with the pouffe put in the center  Upholstered in fabric and faux leather  6 backrest cushions  2 small decorative cushions  Sofa: length 320 cm, chaise longue 155 cm, corner 215 cm, height 80 cm. Pouffe: length 138 cm, width 65 cm, height 39 cm  &nbsp;","og_url":"https:\/\/donbaraton.es\/en\/p\/u-shaped-sofa-pouffe-convertibe-bed-lyon\/","og_site_name":"Don Baraton: tienda de sof\u00e1s, muebles y colchones","article_publisher":"https:\/\/www.facebook.com\/donbaraton.es","article_modified_time":"2020-09-09T20:07:29+00:00","og_image":[{"width":1000,"height":750,"url":"https:\/\/i2.wp.com\/donbaraton.es\/wp-content\/uploads\/2020\/09\/Sofa-rinconera-en-forma-de-U-con-puf-para-hacer-cama-Lyon.-Tela-gris-oscuro.-Polipel-blanca.-Rincon-lado-izquierdo.jpg?fit=1000%2C750&ssl=1","type":"image\/jpeg"}],"twitter_card":"summary_large_image","twitter_site":"@don_baraton","schema":{"@context":"https:\/\/schema.org","@graph":[{"@type":"WebPage","@id":"https:\/\/donbaraton.es\/en\/p\/u-shaped-sofa-pouffe-convertibe-bed-lyon\/","url":"https:\/\/donbaraton.es\/en\/p\/u-shaped-sofa-pouffe-convertibe-bed-lyon\/","name":"U-shaped Sofa with Pouffe Covertible Into a Bed - Lyon - Don Baraton: tienda de sof\u00e1s, muebles y colchones","isPartOf":{"@id":"https:\/\/donbaraton.es\/#website"},"primaryImageOfPage":{"@id":"https:\/\/donbaraton.es\/en\/p\/u-shaped-sofa-pouffe-convertibe-bed-lyon\/#primaryimage"},"image":{"@id":"https:\/\/donbaraton.es\/en\/p\/u-shaped-sofa-pouffe-convertibe-bed-lyon\/#primaryimage"},"thumbnailUrl":"https:\/\/donbaraton.es\/wp-content\/uploads\/2020\/09\/Sofa-rinconera-en-forma-de-U-con-puf-para-hacer-cama-Lyon.-Tela-gris-oscuro.-Polipel-blanca.-Rincon-lado-izquierdo.jpg","datePublished":"2020-09-04T18:38:06+00:00","dateModified":"2020-09-09T20:07:29+00:00","breadcrumb":{"@id":"https:\/\/donbaraton.es\/en\/p\/u-shaped-sofa-pouffe-convertibe-bed-lyon\/#breadcrumb"},"inLanguage":"en-GB","potentialAction":[{"@type":"ReadAction","target":["https:\/\/donbaraton.es\/en\/p\/u-shaped-sofa-pouffe-convertibe-bed-lyon\/"]}]},{"@type":"ImageObject","inLanguage":"en-GB","@id":"https:\/\/donbaraton.es\/en\/p\/u-shaped-sofa-pouffe-convertibe-bed-lyon\/#primaryimage","url":"https:\/\/donbaraton.es\/wp-content\/uploads\/2020\/09\/Sofa-rinconera-en-forma-de-U-con-puf-para-hacer-cama-Lyon.-Tela-gris-oscuro.-Polipel-blanca.-Rincon-lado-izquierdo.jpg","contentUrl":"https:\/\/donbaraton.es\/wp-content\/uploads\/2020\/09\/Sofa-rinconera-en-forma-de-U-con-puf-para-hacer-cama-Lyon.-Tela-gris-oscuro.-Polipel-blanca.-Rincon-lado-izquierdo.jpg","width":1000,"height":750,"caption":"U-shaped sofa with pouffe covertible into a bed - Lyon. Dark grey fabric, white faux leather, corner on the left"},{"@type":"BreadcrumbList","@id":"https:\/\/donbaraton.es\/en\/p\/u-shaped-sofa-pouffe-convertibe-bed-lyon\/#breadcrumb","itemListElement":[{"@type":"ListItem","position":1,"name":"Portada","item":"https:\/\/donbaraton.es\/en\/"},{"@type":"ListItem","position":2,"name":"Online Shop","item":"https:\/\/donbaraton.es\/en\/shop\/"},{"@type":"ListItem","position":3,"name":"U-shaped Sofa with Pouffe Covertible Into a Bed &#8211; Lyon"}]},{"@type":"WebSite","@id":"https:\/\/donbaraton.es\/#website","url":"https:\/\/donbaraton.es\/","name":"Don Baraton: tienda de sof\u00e1s, muebles y colchones","description":"Sofas baratos desde el almac\u00e9n en Almorad\u00ed, Alicante","publisher":{"@id":"https:\/\/donbaraton.es\/#organization"},"potentialAction":[{"@type":"SearchAction","target":{"@type":"EntryPoint","urlTemplate":"https:\/\/donbaraton.es\/?s={search_term_string}"},"query-input":{"@type":"PropertyValueSpecification","valueRequired":true,"valueName":"search_term_string"}}],"inLanguage":"en-GB"},{"@type":"Organization","@id":"https:\/\/donbaraton.es\/#organization","name":"Don Baraton","url":"https:\/\/donbaraton.es\/","logo":{"@type":"ImageObject","inLanguage":"en-GB","@id":"https:\/\/donbaraton.es\/#\/schema\/logo\/image\/","url":"https:\/\/i0.wp.com\/donbaraton.es\/wp-content\/uploads\/2016\/11\/logo_don_baraton.png?fit=228%2C110&ssl=1","contentUrl":"https:\/\/i0.wp.com\/donbaraton.es\/wp-content\/uploads\/2016\/11\/logo_don_baraton.png?fit=228%2C110&ssl=1","width":228,"height":110,"caption":"Don Baraton"},"image":{"@id":"https:\/\/donbaraton.es\/#\/schema\/logo\/image\/"},"sameAs":["https:\/\/www.facebook.com\/donbaraton.es","https:\/\/x.com\/don_baraton","https:\/\/www.instagram.com\/donbaraton.es","https:\/\/www.linkedin.com\/company\/donbaraton\/","https:\/\/es.pinterest.com\/donbaraton\/","https:\/\/www.youtube.com\/channel\/UCL02HOwx-F759Jq5MedAZfQ"]}]}},"_links":{"self":[{"href":"https:\/\/donbaraton.es\/en\/wp-json\/wp\/v2\/product\/26958","targetHints":{"allow":["GET"]}}],"collection":[{"href":"https:\/\/donbaraton.es\/en\/wp-json\/wp\/v2\/product"}],"about":[{"href":"https:\/\/donbaraton.es\/en\/wp-json\/wp\/v2\/types\/product"}],"replies":[{"embeddable":true,"href":"https:\/\/donbaraton.es\/en\/wp-json\/wp\/v2\/comments?post=26958"}],"wp:featuredmedia":[{"embeddable":true,"href":"https:\/\/donbaraton.es\/en\/wp-json\/wp\/v2\/media\/27147"}],"wp:attachment":[{"href":"https:\/\/donbaraton.es\/en\/wp-json\/wp\/v2\/media?parent=26958"}],"wp:term":[{"taxonomy":"product_brand","embeddable":true,"href":"https:\/\/donbaraton.es\/en\/wp-json\/wp\/v2\/product_brand?post=26958"},{"taxonomy":"product_cat","embeddable":true,"href":"https:\/\/donbaraton.es\/en\/wp-json\/wp\/v2\/product_cat?post=26958"},{"taxonomy":"product_tag","embeddable":true,"href":"https:\/\/donbaraton.es\/en\/wp-json\/wp\/v2\/product_tag?post=26958"}],"curies":[{"name":"wp","href":"https:\/\/api.w.org\/{rel}","templated":true}]}}