{"id":27075,"date":"2020-08-27T03:33:37","date_gmt":"2020-08-27T01:33:37","guid":{"rendered":"https:\/\/donbaraton.es\/p\/gliding-armchair-footstool-2-swinging-mechanisms-ringsted\/"},"modified":"2024-10-03T20:34:15","modified_gmt":"2024-10-03T18:34:15","slug":"gliding-armchair-footstool-2-swinging-mechanisms-ringsted","status":"publish","type":"product","link":"https:\/\/donbaraton.es\/en\/p\/gliding-armchair-footstool-2-swinging-mechanisms-ringsted\/","title":{"rendered":"Gliding Armchair and Footstool, 2 Swinging Mechanisms &#8211; Ringsted"},"content":{"rendered":"<p><strong>Gliding Armchair and Footstool, 2 Swinging Mechanisms &#8211; Ringsted<\/strong><\/p>\n<p><iframe loading=\"lazy\" src=\"https:\/\/www.youtube.com\/embed\/P4Omaj-F_t8\" width=\"560\" height=\"315\" frameborder=\"0\" allowfullscreen=\"allowfullscreen\"><\/iframe><\/p>\n<p>A gliding chair and a matching footstool in Nordic design. Two swinging mechanisms. The bases of the chair and the footstool are fixed while the seat and the top of the footstool swing back and forth.<\/p>\n<p><b>Dimensions. Armchair: <\/b>width 74 cm, height 105 cm, depth 83 cm. <strong>Footstool:<\/strong> width 61 cm, height 43 cm, depth 49 cm<\/p>\n","protected":false},"excerpt":{"rendered":"<ul>\n<li>2 swinging mechanisms<\/li>\n<li>Footstool included<\/li>\n<li>Nordic style<\/li>\n<li>Solid wood frame<\/li>\n<li>Side pocket<\/li>\n<li>Upholstered in grey fabric<\/li>\n<\/ul>\n<p><b>Armchair: <\/b>width 74 cm, height 105 cm, depth 83 cm. <strong>Footstool:<\/strong> width 61 cm, height 43 cm, depth 49 cm<\/p>\n","protected":false},"featured_media":26824,"comment_status":"open","ping_status":"closed","template":"","meta":{"_et_pb_use_builder":"","_et_pb_old_content":"","_et_gb_content_width":""},"product_brand":[],"product_cat":[39],"product_tag":[],"class_list":{"0":"post-27075","1":"product","2":"type-product","3":"status-publish","4":"has-post-thumbnail","6":"product_cat-armchairs","7":"product_shipping_class-articulos-pesados","8":"pa_material-fabric","9":"pa_material-wood","11":"first","12":"outofstock","13":"sale","14":"taxable","15":"shipping-taxable","16":"purchasable","17":"product-type-simple"},"yoast_head":"<!-- This site is optimized with the Yoast SEO plugin v27.2 - https:\/\/yoast.com\/product\/yoast-seo-wordpress\/ -->\n<title>Gliding Armchair and Footstool, 2 Swinging Mechanisms - Ringsted - Don Baraton: tienda de sof\u00e1s, muebles y colchones<\/title>\n<meta name=\"robots\" content=\"index, follow, max-snippet:-1, max-image-preview:large, max-video-preview:-1\" \/>\n<link rel=\"canonical\" href=\"https:\/\/donbaraton.es\/en\/p\/gliding-armchair-footstool-2-swinging-mechanisms-ringsted\/\" \/>\n<meta property=\"og:locale\" content=\"en_GB\" \/>\n<meta property=\"og:type\" content=\"article\" \/>\n<meta property=\"og:title\" content=\"Gliding Armchair and Footstool, 2 Swinging Mechanisms - Ringsted - Don Baraton: tienda de sof\u00e1s, muebles y colchones\" \/>\n<meta property=\"og:description\" content=\"2 swinging mechanisms  Footstool included  Nordic style  Solid wood frame  Side pocket  Upholstered in grey fabric  Armchair: width 74 cm, height 105 cm, depth 83 cm. Footstool: width 61 cm, height 43 cm, depth 49 cm\" \/>\n<meta property=\"og:url\" content=\"https:\/\/donbaraton.es\/en\/p\/gliding-armchair-footstool-2-swinging-mechanisms-ringsted\/\" \/>\n<meta property=\"og:site_name\" content=\"Don Baraton: tienda de sof\u00e1s, muebles y colchones\" \/>\n<meta property=\"article:publisher\" content=\"https:\/\/www.facebook.com\/donbaraton.es\" \/>\n<meta property=\"article:modified_time\" content=\"2024-10-03T18:34:15+00:00\" \/>\n<meta property=\"og:image\" content=\"https:\/\/i2.wp.com\/donbaraton.es\/wp-content\/uploads\/2020\/08\/Sillon-con-reposapiernas-2-mecanismos-de-balanceo-Ringsted.-Color-gris.jpg?fit=1000%2C750&ssl=1\" \/>\n\t<meta property=\"og:image:width\" content=\"1000\" \/>\n\t<meta property=\"og:image:height\" content=\"750\" \/>\n\t<meta property=\"og:image:type\" content=\"image\/jpeg\" \/>\n<meta name=\"twitter:card\" content=\"summary_large_image\" \/>\n<meta name=\"twitter:site\" content=\"@don_baraton\" \/>\n<script type=\"application\/ld+json\" class=\"yoast-schema-graph\">{\"@context\":\"https:\/\/schema.org\",\"@graph\":[{\"@type\":\"WebPage\",\"@id\":\"https:\/\/donbaraton.es\/en\/p\/gliding-armchair-footstool-2-swinging-mechanisms-ringsted\/\",\"url\":\"https:\/\/donbaraton.es\/en\/p\/gliding-armchair-footstool-2-swinging-mechanisms-ringsted\/\",\"name\":\"Gliding Armchair and Footstool, 2 Swinging Mechanisms - Ringsted - Don Baraton: tienda de sof\u00e1s, muebles y colchones\",\"isPartOf\":{\"@id\":\"https:\/\/donbaraton.es\/#website\"},\"primaryImageOfPage\":{\"@id\":\"https:\/\/donbaraton.es\/en\/p\/gliding-armchair-footstool-2-swinging-mechanisms-ringsted\/#primaryimage\"},\"image\":{\"@id\":\"https:\/\/donbaraton.es\/en\/p\/gliding-armchair-footstool-2-swinging-mechanisms-ringsted\/#primaryimage\"},\"thumbnailUrl\":\"https:\/\/donbaraton.es\/wp-content\/uploads\/2020\/08\/Sillon-con-reposapiernas-2-mecanismos-de-balanceo-Ringsted.-Color-gris.jpg\",\"datePublished\":\"2020-08-27T01:33:37+00:00\",\"dateModified\":\"2024-10-03T18:34:15+00:00\",\"breadcrumb\":{\"@id\":\"https:\/\/donbaraton.es\/en\/p\/gliding-armchair-footstool-2-swinging-mechanisms-ringsted\/#breadcrumb\"},\"inLanguage\":\"en-GB\",\"potentialAction\":[{\"@type\":\"ReadAction\",\"target\":[\"https:\/\/donbaraton.es\/en\/p\/gliding-armchair-footstool-2-swinging-mechanisms-ringsted\/\"]}]},{\"@type\":\"ImageObject\",\"inLanguage\":\"en-GB\",\"@id\":\"https:\/\/donbaraton.es\/en\/p\/gliding-armchair-footstool-2-swinging-mechanisms-ringsted\/#primaryimage\",\"url\":\"https:\/\/donbaraton.es\/wp-content\/uploads\/2020\/08\/Sillon-con-reposapiernas-2-mecanismos-de-balanceo-Ringsted.-Color-gris.jpg\",\"contentUrl\":\"https:\/\/donbaraton.es\/wp-content\/uploads\/2020\/08\/Sillon-con-reposapiernas-2-mecanismos-de-balanceo-Ringsted.-Color-gris.jpg\",\"width\":1000,\"height\":750,\"caption\":\"Gliding armchair and footstool, 2 swinging mechanisms - Ringsted. Grey fabric\"},{\"@type\":\"BreadcrumbList\",\"@id\":\"https:\/\/donbaraton.es\/en\/p\/gliding-armchair-footstool-2-swinging-mechanisms-ringsted\/#breadcrumb\",\"itemListElement\":[{\"@type\":\"ListItem\",\"position\":1,\"name\":\"Portada\",\"item\":\"https:\/\/donbaraton.es\/en\/\"},{\"@type\":\"ListItem\",\"position\":2,\"name\":\"Online Shop\",\"item\":\"https:\/\/donbaraton.es\/en\/shop\/\"},{\"@type\":\"ListItem\",\"position\":3,\"name\":\"Gliding Armchair and Footstool, 2 Swinging Mechanisms &#8211; Ringsted\"}]},{\"@type\":\"WebSite\",\"@id\":\"https:\/\/donbaraton.es\/#website\",\"url\":\"https:\/\/donbaraton.es\/\",\"name\":\"Don Baraton: tienda de sof\u00e1s, muebles y colchones\",\"description\":\"Sofas baratos desde el almac\u00e9n en Almorad\u00ed, Alicante\",\"publisher\":{\"@id\":\"https:\/\/donbaraton.es\/#organization\"},\"potentialAction\":[{\"@type\":\"SearchAction\",\"target\":{\"@type\":\"EntryPoint\",\"urlTemplate\":\"https:\/\/donbaraton.es\/?s={search_term_string}\"},\"query-input\":{\"@type\":\"PropertyValueSpecification\",\"valueRequired\":true,\"valueName\":\"search_term_string\"}}],\"inLanguage\":\"en-GB\"},{\"@type\":\"Organization\",\"@id\":\"https:\/\/donbaraton.es\/#organization\",\"name\":\"Don Baraton\",\"url\":\"https:\/\/donbaraton.es\/\",\"logo\":{\"@type\":\"ImageObject\",\"inLanguage\":\"en-GB\",\"@id\":\"https:\/\/donbaraton.es\/#\/schema\/logo\/image\/\",\"url\":\"https:\/\/i0.wp.com\/donbaraton.es\/wp-content\/uploads\/2016\/11\/logo_don_baraton.png?fit=228%2C110&ssl=1\",\"contentUrl\":\"https:\/\/i0.wp.com\/donbaraton.es\/wp-content\/uploads\/2016\/11\/logo_don_baraton.png?fit=228%2C110&ssl=1\",\"width\":228,\"height\":110,\"caption\":\"Don Baraton\"},\"image\":{\"@id\":\"https:\/\/donbaraton.es\/#\/schema\/logo\/image\/\"},\"sameAs\":[\"https:\/\/www.facebook.com\/donbaraton.es\",\"https:\/\/x.com\/don_baraton\",\"https:\/\/www.instagram.com\/donbaraton.es\",\"https:\/\/www.linkedin.com\/company\/donbaraton\/\",\"https:\/\/es.pinterest.com\/donbaraton\/\",\"https:\/\/www.youtube.com\/channel\/UCL02HOwx-F759Jq5MedAZfQ\"]}]}<\/script>\n<!-- \/ Yoast SEO plugin. -->","yoast_head_json":{"title":"Gliding Armchair and Footstool, 2 Swinging Mechanisms - Ringsted - Don Baraton: tienda de sof\u00e1s, muebles y colchones","robots":{"index":"index","follow":"follow","max-snippet":"max-snippet:-1","max-image-preview":"max-image-preview:large","max-video-preview":"max-video-preview:-1"},"canonical":"https:\/\/donbaraton.es\/en\/p\/gliding-armchair-footstool-2-swinging-mechanisms-ringsted\/","og_locale":"en_GB","og_type":"article","og_title":"Gliding Armchair and Footstool, 2 Swinging Mechanisms - Ringsted - Don Baraton: tienda de sof\u00e1s, muebles y colchones","og_description":"2 swinging mechanisms  Footstool included  Nordic style  Solid wood frame  Side pocket  Upholstered in grey fabric  Armchair: width 74 cm, height 105 cm, depth 83 cm. Footstool: width 61 cm, height 43 cm, depth 49 cm","og_url":"https:\/\/donbaraton.es\/en\/p\/gliding-armchair-footstool-2-swinging-mechanisms-ringsted\/","og_site_name":"Don Baraton: tienda de sof\u00e1s, muebles y colchones","article_publisher":"https:\/\/www.facebook.com\/donbaraton.es","article_modified_time":"2024-10-03T18:34:15+00:00","og_image":[{"width":1000,"height":750,"url":"https:\/\/i2.wp.com\/donbaraton.es\/wp-content\/uploads\/2020\/08\/Sillon-con-reposapiernas-2-mecanismos-de-balanceo-Ringsted.-Color-gris.jpg?fit=1000%2C750&ssl=1","type":"image\/jpeg"}],"twitter_card":"summary_large_image","twitter_site":"@don_baraton","schema":{"@context":"https:\/\/schema.org","@graph":[{"@type":"WebPage","@id":"https:\/\/donbaraton.es\/en\/p\/gliding-armchair-footstool-2-swinging-mechanisms-ringsted\/","url":"https:\/\/donbaraton.es\/en\/p\/gliding-armchair-footstool-2-swinging-mechanisms-ringsted\/","name":"Gliding Armchair and Footstool, 2 Swinging Mechanisms - Ringsted - Don Baraton: tienda de sof\u00e1s, muebles y colchones","isPartOf":{"@id":"https:\/\/donbaraton.es\/#website"},"primaryImageOfPage":{"@id":"https:\/\/donbaraton.es\/en\/p\/gliding-armchair-footstool-2-swinging-mechanisms-ringsted\/#primaryimage"},"image":{"@id":"https:\/\/donbaraton.es\/en\/p\/gliding-armchair-footstool-2-swinging-mechanisms-ringsted\/#primaryimage"},"thumbnailUrl":"https:\/\/donbaraton.es\/wp-content\/uploads\/2020\/08\/Sillon-con-reposapiernas-2-mecanismos-de-balanceo-Ringsted.-Color-gris.jpg","datePublished":"2020-08-27T01:33:37+00:00","dateModified":"2024-10-03T18:34:15+00:00","breadcrumb":{"@id":"https:\/\/donbaraton.es\/en\/p\/gliding-armchair-footstool-2-swinging-mechanisms-ringsted\/#breadcrumb"},"inLanguage":"en-GB","potentialAction":[{"@type":"ReadAction","target":["https:\/\/donbaraton.es\/en\/p\/gliding-armchair-footstool-2-swinging-mechanisms-ringsted\/"]}]},{"@type":"ImageObject","inLanguage":"en-GB","@id":"https:\/\/donbaraton.es\/en\/p\/gliding-armchair-footstool-2-swinging-mechanisms-ringsted\/#primaryimage","url":"https:\/\/donbaraton.es\/wp-content\/uploads\/2020\/08\/Sillon-con-reposapiernas-2-mecanismos-de-balanceo-Ringsted.-Color-gris.jpg","contentUrl":"https:\/\/donbaraton.es\/wp-content\/uploads\/2020\/08\/Sillon-con-reposapiernas-2-mecanismos-de-balanceo-Ringsted.-Color-gris.jpg","width":1000,"height":750,"caption":"Gliding armchair and footstool, 2 swinging mechanisms - Ringsted. Grey fabric"},{"@type":"BreadcrumbList","@id":"https:\/\/donbaraton.es\/en\/p\/gliding-armchair-footstool-2-swinging-mechanisms-ringsted\/#breadcrumb","itemListElement":[{"@type":"ListItem","position":1,"name":"Portada","item":"https:\/\/donbaraton.es\/en\/"},{"@type":"ListItem","position":2,"name":"Online Shop","item":"https:\/\/donbaraton.es\/en\/shop\/"},{"@type":"ListItem","position":3,"name":"Gliding Armchair and Footstool, 2 Swinging Mechanisms &#8211; Ringsted"}]},{"@type":"WebSite","@id":"https:\/\/donbaraton.es\/#website","url":"https:\/\/donbaraton.es\/","name":"Don Baraton: tienda de sof\u00e1s, muebles y colchones","description":"Sofas baratos desde el almac\u00e9n en Almorad\u00ed, Alicante","publisher":{"@id":"https:\/\/donbaraton.es\/#organization"},"potentialAction":[{"@type":"SearchAction","target":{"@type":"EntryPoint","urlTemplate":"https:\/\/donbaraton.es\/?s={search_term_string}"},"query-input":{"@type":"PropertyValueSpecification","valueRequired":true,"valueName":"search_term_string"}}],"inLanguage":"en-GB"},{"@type":"Organization","@id":"https:\/\/donbaraton.es\/#organization","name":"Don Baraton","url":"https:\/\/donbaraton.es\/","logo":{"@type":"ImageObject","inLanguage":"en-GB","@id":"https:\/\/donbaraton.es\/#\/schema\/logo\/image\/","url":"https:\/\/i0.wp.com\/donbaraton.es\/wp-content\/uploads\/2016\/11\/logo_don_baraton.png?fit=228%2C110&ssl=1","contentUrl":"https:\/\/i0.wp.com\/donbaraton.es\/wp-content\/uploads\/2016\/11\/logo_don_baraton.png?fit=228%2C110&ssl=1","width":228,"height":110,"caption":"Don Baraton"},"image":{"@id":"https:\/\/donbaraton.es\/#\/schema\/logo\/image\/"},"sameAs":["https:\/\/www.facebook.com\/donbaraton.es","https:\/\/x.com\/don_baraton","https:\/\/www.instagram.com\/donbaraton.es","https:\/\/www.linkedin.com\/company\/donbaraton\/","https:\/\/es.pinterest.com\/donbaraton\/","https:\/\/www.youtube.com\/channel\/UCL02HOwx-F759Jq5MedAZfQ"]}]}},"_links":{"self":[{"href":"https:\/\/donbaraton.es\/en\/wp-json\/wp\/v2\/product\/27075","targetHints":{"allow":["GET"]}}],"collection":[{"href":"https:\/\/donbaraton.es\/en\/wp-json\/wp\/v2\/product"}],"about":[{"href":"https:\/\/donbaraton.es\/en\/wp-json\/wp\/v2\/types\/product"}],"replies":[{"embeddable":true,"href":"https:\/\/donbaraton.es\/en\/wp-json\/wp\/v2\/comments?post=27075"}],"wp:featuredmedia":[{"embeddable":true,"href":"https:\/\/donbaraton.es\/en\/wp-json\/wp\/v2\/media\/26824"}],"wp:attachment":[{"href":"https:\/\/donbaraton.es\/en\/wp-json\/wp\/v2\/media?parent=27075"}],"wp:term":[{"taxonomy":"product_brand","embeddable":true,"href":"https:\/\/donbaraton.es\/en\/wp-json\/wp\/v2\/product_brand?post=27075"},{"taxonomy":"product_cat","embeddable":true,"href":"https:\/\/donbaraton.es\/en\/wp-json\/wp\/v2\/product_cat?post=27075"},{"taxonomy":"product_tag","embeddable":true,"href":"https:\/\/donbaraton.es\/en\/wp-json\/wp\/v2\/product_tag?post=27075"}],"curies":[{"name":"wp","href":"https:\/\/api.w.org\/{rel}","templated":true}]}}