{"id":27495,"date":"2021-11-13T03:30:36","date_gmt":"2020-09-22T23:30:36","guid":{"rendered":"https:\/\/donbaraton.es\/p\/super-king-size-bed-upholstered-faux-leather-180-200-monica\/"},"modified":"2026-02-01T23:40:09","modified_gmt":"2026-02-01T22:40:09","slug":"super-king-size-upholstered-bed-180-200-storage-monica","status":"publish","type":"product","link":"https:\/\/donbaraton.es\/en\/p\/super-king-size-upholstered-bed-180-200-storage-monica\/","title":{"rendered":"Super King Size Upholstered Bed, 180 x 200 cm, with Storage \u2013 Monica"},"content":{"rendered":"<p><strong>Super King Size Upholstered Bed, 180 x 200 cm, with Storage \u2013 Monica<\/strong><\/p>\n<p>A large beautiful box-spring bed. Two storage compartments under the mattress with three separated sections each. Included: bonnell sprung mattress, topper and headboard. Very easy to clean.<\/p>\n<p><strong>Dimensions:<\/strong> length 205 cm, width 180 cm, height of the base with topper 60 cm, height of the headboard 126 cm. <strong>Dimensions of the mattress:<\/strong> 180 x 200 cm.<\/p>\n","protected":false},"excerpt":{"rendered":"<ul>\n<li>Upholstered in fabric or synthetic leather<\/li>\n<li>High headboard included<\/li>\n<li>180 x 200 sprung split mattress included<\/li>\n<li>4 cm thick topper to cover the mattress\u00a0<\/li>\n<li>2 storage compartments under the mattress, with 3 sections each\u00a0<\/li>\n<\/ul>\n<p><strong>Dimensions:<\/strong> length 205 cm, width 180 cm, base height 60 cm<\/p>\n","protected":false},"featured_media":34490,"comment_status":"open","ping_status":"closed","template":"","meta":{"_et_pb_use_builder":"","_et_pb_old_content":"","_et_gb_content_width":""},"product_brand":[],"product_cat":[132],"product_tag":[],"class_list":{"0":"post-27495","1":"product","2":"type-product","3":"status-publish","4":"has-post-thumbnail","6":"product_cat-beds","7":"product_shipping_class-articulos-pesados","8":"pa_material-faux-leather","9":"pa_muelles-bonnell-springs","11":"first","12":"outofstock","13":"sale","14":"taxable","15":"shipping-taxable","16":"purchasable","17":"product-type-variable"},"yoast_head":"<!-- This site is optimized with the Yoast SEO plugin v27.2 - https:\/\/yoast.com\/product\/yoast-seo-wordpress\/ -->\n<title>Super King Size Upholstered Bed, 180 x 200 cm, with Storage \u2013 Monica - Don Baraton: tienda de sof\u00e1s, muebles y colchones<\/title>\n<meta name=\"robots\" content=\"index, follow, max-snippet:-1, max-image-preview:large, max-video-preview:-1\" \/>\n<link rel=\"canonical\" href=\"https:\/\/donbaraton.es\/en\/p\/super-king-size-upholstered-bed-180-200-storage-monica\/\" \/>\n<meta property=\"og:locale\" content=\"en_GB\" \/>\n<meta property=\"og:type\" content=\"article\" \/>\n<meta property=\"og:title\" content=\"Super King Size Upholstered Bed, 180 x 200 cm, with Storage \u2013 Monica - Don Baraton: tienda de sof\u00e1s, muebles y colchones\" \/>\n<meta property=\"og:description\" content=\"Upholstered in fabric or synthetic leather High headboard included 180 x 200 sprung split mattress included 4 cm thick topper to cover the mattress\u00a0 2 storage compartments under the mattress, with 3 sections each\u00a0  Dimensions: length 205 cm, width 180 cm, base height 60 cm\" \/>\n<meta property=\"og:url\" content=\"https:\/\/donbaraton.es\/en\/p\/super-king-size-upholstered-bed-180-200-storage-monica\/\" \/>\n<meta property=\"og:site_name\" content=\"Don Baraton: tienda de sof\u00e1s, muebles y colchones\" \/>\n<meta property=\"article:publisher\" content=\"https:\/\/www.facebook.com\/donbaraton.es\" \/>\n<meta property=\"article:modified_time\" content=\"2026-02-01T22:40:09+00:00\" \/>\n<meta property=\"og:image\" content=\"https:\/\/i2.wp.com\/donbaraton.es\/wp-content\/uploads\/2020\/09\/Cama-180-x-200-gris-tapizada-en-tela-con-arcones-Monica.jpg?fit=1000%2C750&ssl=1\" \/>\n\t<meta property=\"og:image:width\" content=\"1000\" \/>\n\t<meta property=\"og:image:height\" content=\"750\" \/>\n\t<meta property=\"og:image:type\" content=\"image\/jpeg\" \/>\n<meta name=\"twitter:card\" content=\"summary_large_image\" \/>\n<meta name=\"twitter:site\" content=\"@don_baraton\" \/>\n<script type=\"application\/ld+json\" class=\"yoast-schema-graph\">{\"@context\":\"https:\/\/schema.org\",\"@graph\":[{\"@type\":\"WebPage\",\"@id\":\"https:\/\/donbaraton.es\/en\/p\/super-king-size-upholstered-bed-180-200-storage-monica\/\",\"url\":\"https:\/\/donbaraton.es\/en\/p\/super-king-size-upholstered-bed-180-200-storage-monica\/\",\"name\":\"Super King Size Upholstered Bed, 180 x 200 cm, with Storage \u2013 Monica - Don Baraton: tienda de sof\u00e1s, muebles y colchones\",\"isPartOf\":{\"@id\":\"https:\/\/donbaraton.es\/#website\"},\"primaryImageOfPage\":{\"@id\":\"https:\/\/donbaraton.es\/en\/p\/super-king-size-upholstered-bed-180-200-storage-monica\/#primaryimage\"},\"image\":{\"@id\":\"https:\/\/donbaraton.es\/en\/p\/super-king-size-upholstered-bed-180-200-storage-monica\/#primaryimage\"},\"thumbnailUrl\":\"https:\/\/donbaraton.es\/wp-content\/uploads\/2020\/09\/Cama-180-x-200-gris-tapizada-en-tela-con-arcones-Monica.jpg\",\"datePublished\":\"2020-09-22T23:30:36+00:00\",\"dateModified\":\"2026-02-01T22:40:09+00:00\",\"breadcrumb\":{\"@id\":\"https:\/\/donbaraton.es\/en\/p\/super-king-size-upholstered-bed-180-200-storage-monica\/#breadcrumb\"},\"inLanguage\":\"en-GB\",\"potentialAction\":[{\"@type\":\"ReadAction\",\"target\":[\"https:\/\/donbaraton.es\/en\/p\/super-king-size-upholstered-bed-180-200-storage-monica\/\"]}]},{\"@type\":\"ImageObject\",\"inLanguage\":\"en-GB\",\"@id\":\"https:\/\/donbaraton.es\/en\/p\/super-king-size-upholstered-bed-180-200-storage-monica\/#primaryimage\",\"url\":\"https:\/\/donbaraton.es\/wp-content\/uploads\/2020\/09\/Cama-180-x-200-gris-tapizada-en-tela-con-arcones-Monica.jpg\",\"contentUrl\":\"https:\/\/donbaraton.es\/wp-content\/uploads\/2020\/09\/Cama-180-x-200-gris-tapizada-en-tela-con-arcones-Monica.jpg\",\"width\":1000,\"height\":750,\"caption\":\"Super King Size Upholstered Bed, 180 x 200 cm, with Storage \u2013 Monica. Grey\"},{\"@type\":\"BreadcrumbList\",\"@id\":\"https:\/\/donbaraton.es\/en\/p\/super-king-size-upholstered-bed-180-200-storage-monica\/#breadcrumb\",\"itemListElement\":[{\"@type\":\"ListItem\",\"position\":1,\"name\":\"Portada\",\"item\":\"https:\/\/donbaraton.es\/en\/\"},{\"@type\":\"ListItem\",\"position\":2,\"name\":\"Online Shop\",\"item\":\"https:\/\/donbaraton.es\/en\/shop\/\"},{\"@type\":\"ListItem\",\"position\":3,\"name\":\"Super King Size Upholstered Bed, 180 x 200 cm, with Storage \u2013 Monica\"}]},{\"@type\":\"WebSite\",\"@id\":\"https:\/\/donbaraton.es\/#website\",\"url\":\"https:\/\/donbaraton.es\/\",\"name\":\"Don Baraton: tienda de sof\u00e1s, muebles y colchones\",\"description\":\"Sofas baratos desde el almac\u00e9n en Almorad\u00ed, Alicante\",\"publisher\":{\"@id\":\"https:\/\/donbaraton.es\/#organization\"},\"potentialAction\":[{\"@type\":\"SearchAction\",\"target\":{\"@type\":\"EntryPoint\",\"urlTemplate\":\"https:\/\/donbaraton.es\/?s={search_term_string}\"},\"query-input\":{\"@type\":\"PropertyValueSpecification\",\"valueRequired\":true,\"valueName\":\"search_term_string\"}}],\"inLanguage\":\"en-GB\"},{\"@type\":\"Organization\",\"@id\":\"https:\/\/donbaraton.es\/#organization\",\"name\":\"Don Baraton\",\"url\":\"https:\/\/donbaraton.es\/\",\"logo\":{\"@type\":\"ImageObject\",\"inLanguage\":\"en-GB\",\"@id\":\"https:\/\/donbaraton.es\/#\/schema\/logo\/image\/\",\"url\":\"https:\/\/i0.wp.com\/donbaraton.es\/wp-content\/uploads\/2016\/11\/logo_don_baraton.png?fit=228%2C110&ssl=1\",\"contentUrl\":\"https:\/\/i0.wp.com\/donbaraton.es\/wp-content\/uploads\/2016\/11\/logo_don_baraton.png?fit=228%2C110&ssl=1\",\"width\":228,\"height\":110,\"caption\":\"Don Baraton\"},\"image\":{\"@id\":\"https:\/\/donbaraton.es\/#\/schema\/logo\/image\/\"},\"sameAs\":[\"https:\/\/www.facebook.com\/donbaraton.es\",\"https:\/\/x.com\/don_baraton\",\"https:\/\/www.instagram.com\/donbaraton.es\",\"https:\/\/www.linkedin.com\/company\/donbaraton\/\",\"https:\/\/es.pinterest.com\/donbaraton\/\",\"https:\/\/www.youtube.com\/channel\/UCL02HOwx-F759Jq5MedAZfQ\"]}]}<\/script>\n<!-- \/ Yoast SEO plugin. -->","yoast_head_json":{"title":"Super King Size Upholstered Bed, 180 x 200 cm, with Storage \u2013 Monica - Don Baraton: tienda de sof\u00e1s, muebles y colchones","robots":{"index":"index","follow":"follow","max-snippet":"max-snippet:-1","max-image-preview":"max-image-preview:large","max-video-preview":"max-video-preview:-1"},"canonical":"https:\/\/donbaraton.es\/en\/p\/super-king-size-upholstered-bed-180-200-storage-monica\/","og_locale":"en_GB","og_type":"article","og_title":"Super King Size Upholstered Bed, 180 x 200 cm, with Storage \u2013 Monica - Don Baraton: tienda de sof\u00e1s, muebles y colchones","og_description":"Upholstered in fabric or synthetic leather High headboard included 180 x 200 sprung split mattress included 4 cm thick topper to cover the mattress\u00a0 2 storage compartments under the mattress, with 3 sections each\u00a0  Dimensions: length 205 cm, width 180 cm, base height 60 cm","og_url":"https:\/\/donbaraton.es\/en\/p\/super-king-size-upholstered-bed-180-200-storage-monica\/","og_site_name":"Don Baraton: tienda de sof\u00e1s, muebles y colchones","article_publisher":"https:\/\/www.facebook.com\/donbaraton.es","article_modified_time":"2026-02-01T22:40:09+00:00","og_image":[{"width":1000,"height":750,"url":"https:\/\/i2.wp.com\/donbaraton.es\/wp-content\/uploads\/2020\/09\/Cama-180-x-200-gris-tapizada-en-tela-con-arcones-Monica.jpg?fit=1000%2C750&ssl=1","type":"image\/jpeg"}],"twitter_card":"summary_large_image","twitter_site":"@don_baraton","schema":{"@context":"https:\/\/schema.org","@graph":[{"@type":"WebPage","@id":"https:\/\/donbaraton.es\/en\/p\/super-king-size-upholstered-bed-180-200-storage-monica\/","url":"https:\/\/donbaraton.es\/en\/p\/super-king-size-upholstered-bed-180-200-storage-monica\/","name":"Super King Size Upholstered Bed, 180 x 200 cm, with Storage \u2013 Monica - Don Baraton: tienda de sof\u00e1s, muebles y colchones","isPartOf":{"@id":"https:\/\/donbaraton.es\/#website"},"primaryImageOfPage":{"@id":"https:\/\/donbaraton.es\/en\/p\/super-king-size-upholstered-bed-180-200-storage-monica\/#primaryimage"},"image":{"@id":"https:\/\/donbaraton.es\/en\/p\/super-king-size-upholstered-bed-180-200-storage-monica\/#primaryimage"},"thumbnailUrl":"https:\/\/donbaraton.es\/wp-content\/uploads\/2020\/09\/Cama-180-x-200-gris-tapizada-en-tela-con-arcones-Monica.jpg","datePublished":"2020-09-22T23:30:36+00:00","dateModified":"2026-02-01T22:40:09+00:00","breadcrumb":{"@id":"https:\/\/donbaraton.es\/en\/p\/super-king-size-upholstered-bed-180-200-storage-monica\/#breadcrumb"},"inLanguage":"en-GB","potentialAction":[{"@type":"ReadAction","target":["https:\/\/donbaraton.es\/en\/p\/super-king-size-upholstered-bed-180-200-storage-monica\/"]}]},{"@type":"ImageObject","inLanguage":"en-GB","@id":"https:\/\/donbaraton.es\/en\/p\/super-king-size-upholstered-bed-180-200-storage-monica\/#primaryimage","url":"https:\/\/donbaraton.es\/wp-content\/uploads\/2020\/09\/Cama-180-x-200-gris-tapizada-en-tela-con-arcones-Monica.jpg","contentUrl":"https:\/\/donbaraton.es\/wp-content\/uploads\/2020\/09\/Cama-180-x-200-gris-tapizada-en-tela-con-arcones-Monica.jpg","width":1000,"height":750,"caption":"Super King Size Upholstered Bed, 180 x 200 cm, with Storage \u2013 Monica. Grey"},{"@type":"BreadcrumbList","@id":"https:\/\/donbaraton.es\/en\/p\/super-king-size-upholstered-bed-180-200-storage-monica\/#breadcrumb","itemListElement":[{"@type":"ListItem","position":1,"name":"Portada","item":"https:\/\/donbaraton.es\/en\/"},{"@type":"ListItem","position":2,"name":"Online Shop","item":"https:\/\/donbaraton.es\/en\/shop\/"},{"@type":"ListItem","position":3,"name":"Super King Size Upholstered Bed, 180 x 200 cm, with Storage \u2013 Monica"}]},{"@type":"WebSite","@id":"https:\/\/donbaraton.es\/#website","url":"https:\/\/donbaraton.es\/","name":"Don Baraton: tienda de sof\u00e1s, muebles y colchones","description":"Sofas baratos desde el almac\u00e9n en Almorad\u00ed, Alicante","publisher":{"@id":"https:\/\/donbaraton.es\/#organization"},"potentialAction":[{"@type":"SearchAction","target":{"@type":"EntryPoint","urlTemplate":"https:\/\/donbaraton.es\/?s={search_term_string}"},"query-input":{"@type":"PropertyValueSpecification","valueRequired":true,"valueName":"search_term_string"}}],"inLanguage":"en-GB"},{"@type":"Organization","@id":"https:\/\/donbaraton.es\/#organization","name":"Don Baraton","url":"https:\/\/donbaraton.es\/","logo":{"@type":"ImageObject","inLanguage":"en-GB","@id":"https:\/\/donbaraton.es\/#\/schema\/logo\/image\/","url":"https:\/\/i0.wp.com\/donbaraton.es\/wp-content\/uploads\/2016\/11\/logo_don_baraton.png?fit=228%2C110&ssl=1","contentUrl":"https:\/\/i0.wp.com\/donbaraton.es\/wp-content\/uploads\/2016\/11\/logo_don_baraton.png?fit=228%2C110&ssl=1","width":228,"height":110,"caption":"Don Baraton"},"image":{"@id":"https:\/\/donbaraton.es\/#\/schema\/logo\/image\/"},"sameAs":["https:\/\/www.facebook.com\/donbaraton.es","https:\/\/x.com\/don_baraton","https:\/\/www.instagram.com\/donbaraton.es","https:\/\/www.linkedin.com\/company\/donbaraton\/","https:\/\/es.pinterest.com\/donbaraton\/","https:\/\/www.youtube.com\/channel\/UCL02HOwx-F759Jq5MedAZfQ"]}]}},"_links":{"self":[{"href":"https:\/\/donbaraton.es\/en\/wp-json\/wp\/v2\/product\/27495","targetHints":{"allow":["GET"]}}],"collection":[{"href":"https:\/\/donbaraton.es\/en\/wp-json\/wp\/v2\/product"}],"about":[{"href":"https:\/\/donbaraton.es\/en\/wp-json\/wp\/v2\/types\/product"}],"replies":[{"embeddable":true,"href":"https:\/\/donbaraton.es\/en\/wp-json\/wp\/v2\/comments?post=27495"}],"wp:featuredmedia":[{"embeddable":true,"href":"https:\/\/donbaraton.es\/en\/wp-json\/wp\/v2\/media\/34490"}],"wp:attachment":[{"href":"https:\/\/donbaraton.es\/en\/wp-json\/wp\/v2\/media?parent=27495"}],"wp:term":[{"taxonomy":"product_brand","embeddable":true,"href":"https:\/\/donbaraton.es\/en\/wp-json\/wp\/v2\/product_brand?post=27495"},{"taxonomy":"product_cat","embeddable":true,"href":"https:\/\/donbaraton.es\/en\/wp-json\/wp\/v2\/product_cat?post=27495"},{"taxonomy":"product_tag","embeddable":true,"href":"https:\/\/donbaraton.es\/en\/wp-json\/wp\/v2\/product_tag?post=27495"}],"curies":[{"name":"wp","href":"https:\/\/api.w.org\/{rel}","templated":true}]}}