{"id":27616,"date":"2020-09-29T20:02:06","date_gmt":"2020-09-29T18:02:06","guid":{"rendered":"https:\/\/donbaraton.es\/p\/chaise-longue-sofa-bed-storage-linen-imatation-fabric-richmond\/"},"modified":"2020-11-16T19:17:58","modified_gmt":"2020-11-16T18:17:58","slug":"chaise-longue-sofa-bed-storage-linen-imatation-fabric-richmond","status":"publish","type":"product","link":"https:\/\/donbaraton.es\/en\/p\/chaise-longue-sofa-bed-storage-linen-imatation-fabric-richmond\/","title":{"rendered":"Chaise Longue Sofa Bed with Storage, Linen Imitation Fabric &#8211; Richmond"},"content":{"rendered":"<p><strong>Chaise Longue Sofa Bed with Storage, Linen Imitation Fabric &#8211; Richmond<\/strong><\/p>\n<p>A large sofa upholstered in durable synthetic fabric and faux leather. Three backrest cushions and one small decorative cushion. The sofa converts into a spaciuos double bed.\u00a0<\/p>\n<p>Product video:<\/p>\n<p><iframe loading=\"lazy\" src=\"https:\/\/www.youtube.com\/embed\/W9k-FcEcU-k\" width=\"560\" height=\"315\" frameborder=\"0\" allowfullscreen=\"allowfullscreen\"><\/iframe><\/p>\n<p><strong>Dimensions:<\/strong> length 272 cm, chaise longue 183 cm, height 70 cm. <strong>Dimensions of the bed:\u00a0<\/strong>139 x 223 cm<\/p>\n","protected":false},"excerpt":{"rendered":"<ul>\n<li>Converts into a spacious bed, 139 x 223 cm\u00a0<\/li>\n<li>Mechanism with springs for easy bed opening\u00a0<\/li>\n<li>Upholstered in &#8220;linen imitation&#8221; fabric and faux leather<\/li>\n<li>Backside upholstery, suitable for the center of the living room<\/li>\n<li>Storage compartment under the seat<\/li>\n<li>Seats with wave springs\u00a0<\/li>\n<li>Chaise longue mounted on the left or on the right at home<\/li>\n<\/ul>\n<p><strong>Dimensions:<\/strong> length 272 cm, chaise longue 183 cm, height 70 cm<\/p>\n","protected":false},"featured_media":27614,"comment_status":"open","ping_status":"closed","template":"","meta":{"_et_pb_use_builder":"","_et_pb_old_content":"","_et_gb_content_width":""},"product_brand":[],"product_cat":[43,45,35],"product_tag":[],"class_list":{"0":"post-27616","1":"product","2":"type-product","3":"status-publish","4":"has-post-thumbnail","6":"product_cat-sofa-beds-chaise-longue","7":"product_cat-chaise-longue-sofas","8":"product_cat-sofas-en","9":"product_shipping_class-articulos-pesados","10":"pa_lado-left","11":"pa_lado-reversible-chaise","12":"pa_lado-right","13":"pa_largo-sofas-251-300-cm-en","14":"pa_material-fabric","15":"pa_material-faux-leather","16":"pa_muelles-sinuous-springs","17":"pa_plazas-3-seater-sofas","18":"pa_plazas-4-seater-sofas","20":"first","21":"outofstock","22":"sale","23":"taxable","24":"shipping-taxable","25":"purchasable","26":"product-type-variable"},"yoast_head":"<!-- This site is optimized with the Yoast SEO plugin v27.5 - https:\/\/yoast.com\/product\/yoast-seo-wordpress\/ -->\n<title>Chaise Longue Sofa Bed with Storage, Linen Imitation Fabric - Richmond - Don Baraton: tienda de sof\u00e1s, muebles y colchones<\/title>\n<meta name=\"robots\" content=\"index, follow, max-snippet:-1, max-image-preview:large, max-video-preview:-1\" \/>\n<link rel=\"canonical\" href=\"https:\/\/donbaraton.es\/en\/p\/chaise-longue-sofa-bed-storage-linen-imatation-fabric-richmond\/\" \/>\n<meta property=\"og:locale\" content=\"en_GB\" \/>\n<meta property=\"og:type\" content=\"article\" \/>\n<meta property=\"og:title\" content=\"Chaise Longue Sofa Bed with Storage, Linen Imitation Fabric - Richmond - Don Baraton: tienda de sof\u00e1s, muebles y colchones\" \/>\n<meta property=\"og:description\" content=\"Converts into a spacious bed, 139 x 223 cm\u00a0 Mechanism with springs for easy bed opening\u00a0 Upholstered in &quot;linen imitation&quot; fabric and faux leather Backside upholstery, suitable for the center of the living room Storage compartment under the seat Seats with wave springs\u00a0 Chaise longue mounted on the left or on the right at home  Dimensions: length 272 cm, chaise longue 183 cm, height 70 cm\" \/>\n<meta property=\"og:url\" content=\"https:\/\/donbaraton.es\/en\/p\/chaise-longue-sofa-bed-storage-linen-imatation-fabric-richmond\/\" \/>\n<meta property=\"og:site_name\" content=\"Don Baraton: tienda de sof\u00e1s, muebles y colchones\" \/>\n<meta property=\"article:publisher\" content=\"https:\/\/www.facebook.com\/donbaraton.es\" \/>\n<meta property=\"article:modified_time\" content=\"2020-11-16T18:17:58+00:00\" \/>\n<meta property=\"og:image\" content=\"https:\/\/i2.wp.com\/donbaraton.es\/wp-content\/uploads\/2020\/09\/Sofa-chaise-longue-cama-con-arcon-tela-imitacion-lino-Richmond.-Tela-marron-piel-sintetica-marron.-Chaise-longue-lado-izquierdo.jpg?fit=1000%2C750&ssl=1\" \/>\n\t<meta property=\"og:image:width\" content=\"1000\" \/>\n\t<meta property=\"og:image:height\" content=\"750\" \/>\n\t<meta property=\"og:image:type\" content=\"image\/jpeg\" \/>\n<meta name=\"twitter:card\" content=\"summary_large_image\" \/>\n<meta name=\"twitter:site\" content=\"@don_baraton\" \/>\n<script type=\"application\/ld+json\" class=\"yoast-schema-graph\">{\"@context\":\"https:\\\/\\\/schema.org\",\"@graph\":[{\"@type\":\"WebPage\",\"@id\":\"https:\\\/\\\/donbaraton.es\\\/en\\\/p\\\/chaise-longue-sofa-bed-storage-linen-imatation-fabric-richmond\\\/\",\"url\":\"https:\\\/\\\/donbaraton.es\\\/en\\\/p\\\/chaise-longue-sofa-bed-storage-linen-imatation-fabric-richmond\\\/\",\"name\":\"Chaise Longue Sofa Bed with Storage, Linen Imitation Fabric - Richmond - Don Baraton: tienda de sof\u00e1s, muebles y colchones\",\"isPartOf\":{\"@id\":\"https:\\\/\\\/donbaraton.es\\\/#website\"},\"primaryImageOfPage\":{\"@id\":\"https:\\\/\\\/donbaraton.es\\\/en\\\/p\\\/chaise-longue-sofa-bed-storage-linen-imatation-fabric-richmond\\\/#primaryimage\"},\"image\":{\"@id\":\"https:\\\/\\\/donbaraton.es\\\/en\\\/p\\\/chaise-longue-sofa-bed-storage-linen-imatation-fabric-richmond\\\/#primaryimage\"},\"thumbnailUrl\":\"https:\\\/\\\/donbaraton.es\\\/wp-content\\\/uploads\\\/2020\\\/09\\\/Sofa-chaise-longue-cama-con-arcon-tela-imitacion-lino-Richmond.-Tela-marron-piel-sintetica-marron.-Chaise-longue-lado-izquierdo.jpg\",\"datePublished\":\"2020-09-29T18:02:06+00:00\",\"dateModified\":\"2020-11-16T18:17:58+00:00\",\"breadcrumb\":{\"@id\":\"https:\\\/\\\/donbaraton.es\\\/en\\\/p\\\/chaise-longue-sofa-bed-storage-linen-imatation-fabric-richmond\\\/#breadcrumb\"},\"inLanguage\":\"en-GB\",\"potentialAction\":[{\"@type\":\"ReadAction\",\"target\":[\"https:\\\/\\\/donbaraton.es\\\/en\\\/p\\\/chaise-longue-sofa-bed-storage-linen-imatation-fabric-richmond\\\/\"]}]},{\"@type\":\"ImageObject\",\"inLanguage\":\"en-GB\",\"@id\":\"https:\\\/\\\/donbaraton.es\\\/en\\\/p\\\/chaise-longue-sofa-bed-storage-linen-imatation-fabric-richmond\\\/#primaryimage\",\"url\":\"https:\\\/\\\/donbaraton.es\\\/wp-content\\\/uploads\\\/2020\\\/09\\\/Sofa-chaise-longue-cama-con-arcon-tela-imitacion-lino-Richmond.-Tela-marron-piel-sintetica-marron.-Chaise-longue-lado-izquierdo.jpg\",\"contentUrl\":\"https:\\\/\\\/donbaraton.es\\\/wp-content\\\/uploads\\\/2020\\\/09\\\/Sofa-chaise-longue-cama-con-arcon-tela-imitacion-lino-Richmond.-Tela-marron-piel-sintetica-marron.-Chaise-longue-lado-izquierdo.jpg\",\"width\":1000,\"height\":750,\"caption\":\"Chaise longue sofa bed with storage - Richmond. Brown fabric, brown faux leather, chaise longue on the left\"},{\"@type\":\"BreadcrumbList\",\"@id\":\"https:\\\/\\\/donbaraton.es\\\/en\\\/p\\\/chaise-longue-sofa-bed-storage-linen-imatation-fabric-richmond\\\/#breadcrumb\",\"itemListElement\":[{\"@type\":\"ListItem\",\"position\":1,\"name\":\"Portada\",\"item\":\"https:\\\/\\\/donbaraton.es\\\/en\\\/\"},{\"@type\":\"ListItem\",\"position\":2,\"name\":\"Online Shop\",\"item\":\"https:\\\/\\\/donbaraton.es\\\/en\\\/shop\\\/\"},{\"@type\":\"ListItem\",\"position\":3,\"name\":\"Chaise Longue Sofa Bed with Storage, Linen Imitation Fabric &#8211; Richmond\"}]},{\"@type\":\"WebSite\",\"@id\":\"https:\\\/\\\/donbaraton.es\\\/#website\",\"url\":\"https:\\\/\\\/donbaraton.es\\\/\",\"name\":\"Don Baraton: tienda de sof\u00e1s, muebles y colchones\",\"description\":\"Sofas baratos desde el almac\u00e9n en Almorad\u00ed, Alicante\",\"publisher\":{\"@id\":\"https:\\\/\\\/donbaraton.es\\\/#organization\"},\"potentialAction\":[{\"@type\":\"SearchAction\",\"target\":{\"@type\":\"EntryPoint\",\"urlTemplate\":\"https:\\\/\\\/donbaraton.es\\\/?s={search_term_string}\"},\"query-input\":{\"@type\":\"PropertyValueSpecification\",\"valueRequired\":true,\"valueName\":\"search_term_string\"}}],\"inLanguage\":\"en-GB\"},{\"@type\":\"Organization\",\"@id\":\"https:\\\/\\\/donbaraton.es\\\/#organization\",\"name\":\"Don Baraton\",\"url\":\"https:\\\/\\\/donbaraton.es\\\/\",\"logo\":{\"@type\":\"ImageObject\",\"inLanguage\":\"en-GB\",\"@id\":\"https:\\\/\\\/donbaraton.es\\\/#\\\/schema\\\/logo\\\/image\\\/\",\"url\":\"https:\\\/\\\/i0.wp.com\\\/donbaraton.es\\\/wp-content\\\/uploads\\\/2016\\\/11\\\/logo_don_baraton.png?fit=228%2C110&ssl=1\",\"contentUrl\":\"https:\\\/\\\/i0.wp.com\\\/donbaraton.es\\\/wp-content\\\/uploads\\\/2016\\\/11\\\/logo_don_baraton.png?fit=228%2C110&ssl=1\",\"width\":228,\"height\":110,\"caption\":\"Don Baraton\"},\"image\":{\"@id\":\"https:\\\/\\\/donbaraton.es\\\/#\\\/schema\\\/logo\\\/image\\\/\"},\"sameAs\":[\"https:\\\/\\\/www.facebook.com\\\/donbaraton.es\",\"https:\\\/\\\/x.com\\\/don_baraton\",\"https:\\\/\\\/www.instagram.com\\\/donbaraton.es\",\"https:\\\/\\\/www.linkedin.com\\\/company\\\/donbaraton\\\/\",\"https:\\\/\\\/es.pinterest.com\\\/donbaraton\\\/\",\"https:\\\/\\\/www.youtube.com\\\/channel\\\/UCL02HOwx-F759Jq5MedAZfQ\"]}]}<\/script>\n<!-- \/ Yoast SEO plugin. -->","yoast_head_json":{"title":"Chaise Longue Sofa Bed with Storage, Linen Imitation Fabric - Richmond - Don Baraton: tienda de sof\u00e1s, muebles y colchones","robots":{"index":"index","follow":"follow","max-snippet":"max-snippet:-1","max-image-preview":"max-image-preview:large","max-video-preview":"max-video-preview:-1"},"canonical":"https:\/\/donbaraton.es\/en\/p\/chaise-longue-sofa-bed-storage-linen-imatation-fabric-richmond\/","og_locale":"en_GB","og_type":"article","og_title":"Chaise Longue Sofa Bed with Storage, Linen Imitation Fabric - Richmond - Don Baraton: tienda de sof\u00e1s, muebles y colchones","og_description":"Converts into a spacious bed, 139 x 223 cm\u00a0 Mechanism with springs for easy bed opening\u00a0 Upholstered in \"linen imitation\" fabric and faux leather Backside upholstery, suitable for the center of the living room Storage compartment under the seat Seats with wave springs\u00a0 Chaise longue mounted on the left or on the right at home  Dimensions: length 272 cm, chaise longue 183 cm, height 70 cm","og_url":"https:\/\/donbaraton.es\/en\/p\/chaise-longue-sofa-bed-storage-linen-imatation-fabric-richmond\/","og_site_name":"Don Baraton: tienda de sof\u00e1s, muebles y colchones","article_publisher":"https:\/\/www.facebook.com\/donbaraton.es","article_modified_time":"2020-11-16T18:17:58+00:00","og_image":[{"width":1000,"height":750,"url":"https:\/\/i2.wp.com\/donbaraton.es\/wp-content\/uploads\/2020\/09\/Sofa-chaise-longue-cama-con-arcon-tela-imitacion-lino-Richmond.-Tela-marron-piel-sintetica-marron.-Chaise-longue-lado-izquierdo.jpg?fit=1000%2C750&ssl=1","type":"image\/jpeg"}],"twitter_card":"summary_large_image","twitter_site":"@don_baraton","schema":{"@context":"https:\/\/schema.org","@graph":[{"@type":"WebPage","@id":"https:\/\/donbaraton.es\/en\/p\/chaise-longue-sofa-bed-storage-linen-imatation-fabric-richmond\/","url":"https:\/\/donbaraton.es\/en\/p\/chaise-longue-sofa-bed-storage-linen-imatation-fabric-richmond\/","name":"Chaise Longue Sofa Bed with Storage, Linen Imitation Fabric - Richmond - Don Baraton: tienda de sof\u00e1s, muebles y colchones","isPartOf":{"@id":"https:\/\/donbaraton.es\/#website"},"primaryImageOfPage":{"@id":"https:\/\/donbaraton.es\/en\/p\/chaise-longue-sofa-bed-storage-linen-imatation-fabric-richmond\/#primaryimage"},"image":{"@id":"https:\/\/donbaraton.es\/en\/p\/chaise-longue-sofa-bed-storage-linen-imatation-fabric-richmond\/#primaryimage"},"thumbnailUrl":"https:\/\/donbaraton.es\/wp-content\/uploads\/2020\/09\/Sofa-chaise-longue-cama-con-arcon-tela-imitacion-lino-Richmond.-Tela-marron-piel-sintetica-marron.-Chaise-longue-lado-izquierdo.jpg","datePublished":"2020-09-29T18:02:06+00:00","dateModified":"2020-11-16T18:17:58+00:00","breadcrumb":{"@id":"https:\/\/donbaraton.es\/en\/p\/chaise-longue-sofa-bed-storage-linen-imatation-fabric-richmond\/#breadcrumb"},"inLanguage":"en-GB","potentialAction":[{"@type":"ReadAction","target":["https:\/\/donbaraton.es\/en\/p\/chaise-longue-sofa-bed-storage-linen-imatation-fabric-richmond\/"]}]},{"@type":"ImageObject","inLanguage":"en-GB","@id":"https:\/\/donbaraton.es\/en\/p\/chaise-longue-sofa-bed-storage-linen-imatation-fabric-richmond\/#primaryimage","url":"https:\/\/donbaraton.es\/wp-content\/uploads\/2020\/09\/Sofa-chaise-longue-cama-con-arcon-tela-imitacion-lino-Richmond.-Tela-marron-piel-sintetica-marron.-Chaise-longue-lado-izquierdo.jpg","contentUrl":"https:\/\/donbaraton.es\/wp-content\/uploads\/2020\/09\/Sofa-chaise-longue-cama-con-arcon-tela-imitacion-lino-Richmond.-Tela-marron-piel-sintetica-marron.-Chaise-longue-lado-izquierdo.jpg","width":1000,"height":750,"caption":"Chaise longue sofa bed with storage - Richmond. Brown fabric, brown faux leather, chaise longue on the left"},{"@type":"BreadcrumbList","@id":"https:\/\/donbaraton.es\/en\/p\/chaise-longue-sofa-bed-storage-linen-imatation-fabric-richmond\/#breadcrumb","itemListElement":[{"@type":"ListItem","position":1,"name":"Portada","item":"https:\/\/donbaraton.es\/en\/"},{"@type":"ListItem","position":2,"name":"Online Shop","item":"https:\/\/donbaraton.es\/en\/shop\/"},{"@type":"ListItem","position":3,"name":"Chaise Longue Sofa Bed with Storage, Linen Imitation Fabric &#8211; Richmond"}]},{"@type":"WebSite","@id":"https:\/\/donbaraton.es\/#website","url":"https:\/\/donbaraton.es\/","name":"Don Baraton: tienda de sof\u00e1s, muebles y colchones","description":"Sofas baratos desde el almac\u00e9n en Almorad\u00ed, Alicante","publisher":{"@id":"https:\/\/donbaraton.es\/#organization"},"potentialAction":[{"@type":"SearchAction","target":{"@type":"EntryPoint","urlTemplate":"https:\/\/donbaraton.es\/?s={search_term_string}"},"query-input":{"@type":"PropertyValueSpecification","valueRequired":true,"valueName":"search_term_string"}}],"inLanguage":"en-GB"},{"@type":"Organization","@id":"https:\/\/donbaraton.es\/#organization","name":"Don Baraton","url":"https:\/\/donbaraton.es\/","logo":{"@type":"ImageObject","inLanguage":"en-GB","@id":"https:\/\/donbaraton.es\/#\/schema\/logo\/image\/","url":"https:\/\/i0.wp.com\/donbaraton.es\/wp-content\/uploads\/2016\/11\/logo_don_baraton.png?fit=228%2C110&ssl=1","contentUrl":"https:\/\/i0.wp.com\/donbaraton.es\/wp-content\/uploads\/2016\/11\/logo_don_baraton.png?fit=228%2C110&ssl=1","width":228,"height":110,"caption":"Don Baraton"},"image":{"@id":"https:\/\/donbaraton.es\/#\/schema\/logo\/image\/"},"sameAs":["https:\/\/www.facebook.com\/donbaraton.es","https:\/\/x.com\/don_baraton","https:\/\/www.instagram.com\/donbaraton.es","https:\/\/www.linkedin.com\/company\/donbaraton\/","https:\/\/es.pinterest.com\/donbaraton\/","https:\/\/www.youtube.com\/channel\/UCL02HOwx-F759Jq5MedAZfQ"]}]}},"_links":{"self":[{"href":"https:\/\/donbaraton.es\/en\/wp-json\/wp\/v2\/product\/27616","targetHints":{"allow":["GET"]}}],"collection":[{"href":"https:\/\/donbaraton.es\/en\/wp-json\/wp\/v2\/product"}],"about":[{"href":"https:\/\/donbaraton.es\/en\/wp-json\/wp\/v2\/types\/product"}],"replies":[{"embeddable":true,"href":"https:\/\/donbaraton.es\/en\/wp-json\/wp\/v2\/comments?post=27616"}],"wp:featuredmedia":[{"embeddable":true,"href":"https:\/\/donbaraton.es\/en\/wp-json\/wp\/v2\/media\/27614"}],"wp:attachment":[{"href":"https:\/\/donbaraton.es\/en\/wp-json\/wp\/v2\/media?parent=27616"}],"wp:term":[{"taxonomy":"product_brand","embeddable":true,"href":"https:\/\/donbaraton.es\/en\/wp-json\/wp\/v2\/product_brand?post=27616"},{"taxonomy":"product_cat","embeddable":true,"href":"https:\/\/donbaraton.es\/en\/wp-json\/wp\/v2\/product_cat?post=27616"},{"taxonomy":"product_tag","embeddable":true,"href":"https:\/\/donbaraton.es\/en\/wp-json\/wp\/v2\/product_tag?post=27616"}],"curies":[{"name":"wp","href":"https:\/\/api.w.org\/{rel}","templated":true}]}}