{"id":27682,"date":"2020-09-26T03:58:30","date_gmt":"2020-09-26T01:58:30","guid":{"rendered":"https:\/\/donbaraton.es\/p\/chaise-longue-sofa-bed-storage-vernon\/"},"modified":"2020-11-07T15:39:07","modified_gmt":"2020-11-07T14:39:07","slug":"chaise-longue-sofa-bed-storage-vernon","status":"publish","type":"product","link":"https:\/\/donbaraton.es\/en\/p\/chaise-longue-sofa-bed-storage-vernon\/","title":{"rendered":"Chaise Longue Sofa XXL with Bed and Storage &#8211; Vernon"},"content":{"rendered":"<p><strong>Chaise Longue Sofa XXL with Bed and Storage &#8211; Vernon<\/strong><\/p>\n<p>A very large chaise longue sofa, 3 meters long, upholstered in fabric and synthetic leather. Three backrest cushions and one smaller cushion.\u00a0\u00a0<\/p>\n<p><strong>Dimensions:<\/strong> length 300 cm, chaise longue 213 cm, height 80 cm. Depth of the seat 70 cm. Height of the backrest cushion 43 cm. Height of the seat from the floor 37 cm. <strong>Dimensions of the bed:<\/strong> 135 x 250 cm<\/p>\n","protected":false},"excerpt":{"rendered":"<ul>\n<li>Large size chaise longue sofa<\/li>\n<li>Converts into a spacious double bed, 135 x 250 cm\u00a0<\/li>\n<li>Mechanism with springs for easy bed opening\u00a0<\/li>\n<li>Upholstered in \u201clinen imitation\u201d fabric and faux leather<\/li>\n<li>Storage compartment under the seat<\/li>\n<li>Seats with wave springs\u00a0<\/li>\n<li>Chaise longue mounted on the left or on the right at home<\/li>\n<\/ul>\n<p><strong>Dimensions:<\/strong> length 300 cm, chaise longue 213 cm, height 80 cm<\/p>\n","protected":false},"featured_media":27673,"comment_status":"open","ping_status":"closed","template":"","meta":{"_et_pb_use_builder":"","_et_pb_old_content":"","_et_gb_content_width":""},"product_brand":[],"product_cat":[43,45,35],"product_tag":[],"class_list":{"0":"post-27682","1":"product","2":"type-product","3":"status-publish","4":"has-post-thumbnail","6":"product_cat-sofa-beds-chaise-longue","7":"product_cat-chaise-longue-sofas","8":"product_cat-sofas-en","9":"product_shipping_class-articulos-pesados","10":"pa_lado-left","11":"pa_lado-reversible-chaise","12":"pa_lado-right","13":"pa_largo-sofas-301-cm-plus","14":"pa_material-fabric","15":"pa_material-faux-leather","16":"pa_muelles-sinuous-springs","17":"pa_plazas-4-seater-sofas","18":"pa_plazas-large-sofas","20":"first","21":"outofstock","22":"sale","23":"taxable","24":"shipping-taxable","25":"purchasable","26":"product-type-variable"},"yoast_head":"<!-- This site is optimized with the Yoast SEO plugin v27.2 - https:\/\/yoast.com\/product\/yoast-seo-wordpress\/ -->\n<title>Chaise Longue Sofa XXL with Bed and Storage - Vernon - Don Baraton: tienda de sof\u00e1s, muebles y colchones<\/title>\n<meta name=\"robots\" content=\"index, follow, max-snippet:-1, max-image-preview:large, max-video-preview:-1\" \/>\n<link rel=\"canonical\" href=\"https:\/\/donbaraton.es\/en\/p\/chaise-longue-sofa-bed-storage-vernon\/\" \/>\n<meta property=\"og:locale\" content=\"en_GB\" \/>\n<meta property=\"og:type\" content=\"article\" \/>\n<meta property=\"og:title\" content=\"Chaise Longue Sofa XXL with Bed and Storage - Vernon - Don Baraton: tienda de sof\u00e1s, muebles y colchones\" \/>\n<meta property=\"og:description\" content=\"Large size chaise longue sofa Converts into a spacious double bed, 135 x 250 cm\u00a0 Mechanism with springs for easy bed opening\u00a0 Upholstered in \u201clinen imitation\u201d fabric and faux leather Storage compartment under the seat Seats with wave springs\u00a0 Chaise longue mounted on the left or on the right at home  Dimensions: length 300 cm, chaise longue 213 cm, height 80 cm\" \/>\n<meta property=\"og:url\" content=\"https:\/\/donbaraton.es\/en\/p\/chaise-longue-sofa-bed-storage-vernon\/\" \/>\n<meta property=\"og:site_name\" content=\"Don Baraton: tienda de sof\u00e1s, muebles y colchones\" \/>\n<meta property=\"article:publisher\" content=\"https:\/\/www.facebook.com\/donbaraton.es\" \/>\n<meta property=\"article:modified_time\" content=\"2020-11-07T14:39:07+00:00\" \/>\n<meta property=\"og:image\" content=\"https:\/\/i0.wp.com\/donbaraton.es\/wp-content\/uploads\/2020\/09\/Sofa-chaise-longue-grande-XXL-con-cama-y-arcon-Vernon.-Tela-gris-polipiel-negra.-Chaise-longue-lado-izquierdo.jpg?fit=1000%2C750&ssl=1\" \/>\n\t<meta property=\"og:image:width\" content=\"1000\" \/>\n\t<meta property=\"og:image:height\" content=\"750\" \/>\n\t<meta property=\"og:image:type\" content=\"image\/jpeg\" \/>\n<meta name=\"twitter:card\" content=\"summary_large_image\" \/>\n<meta name=\"twitter:site\" content=\"@don_baraton\" \/>\n<script type=\"application\/ld+json\" class=\"yoast-schema-graph\">{\"@context\":\"https:\/\/schema.org\",\"@graph\":[{\"@type\":\"WebPage\",\"@id\":\"https:\/\/donbaraton.es\/en\/p\/chaise-longue-sofa-bed-storage-vernon\/\",\"url\":\"https:\/\/donbaraton.es\/en\/p\/chaise-longue-sofa-bed-storage-vernon\/\",\"name\":\"Chaise Longue Sofa XXL with Bed and Storage - Vernon - Don Baraton: tienda de sof\u00e1s, muebles y colchones\",\"isPartOf\":{\"@id\":\"https:\/\/donbaraton.es\/#website\"},\"primaryImageOfPage\":{\"@id\":\"https:\/\/donbaraton.es\/en\/p\/chaise-longue-sofa-bed-storage-vernon\/#primaryimage\"},\"image\":{\"@id\":\"https:\/\/donbaraton.es\/en\/p\/chaise-longue-sofa-bed-storage-vernon\/#primaryimage\"},\"thumbnailUrl\":\"https:\/\/donbaraton.es\/wp-content\/uploads\/2020\/09\/Sofa-chaise-longue-grande-XXL-con-cama-y-arcon-Vernon.-Tela-gris-polipiel-negra.-Chaise-longue-lado-izquierdo.jpg\",\"datePublished\":\"2020-09-26T01:58:30+00:00\",\"dateModified\":\"2020-11-07T14:39:07+00:00\",\"breadcrumb\":{\"@id\":\"https:\/\/donbaraton.es\/en\/p\/chaise-longue-sofa-bed-storage-vernon\/#breadcrumb\"},\"inLanguage\":\"en-GB\",\"potentialAction\":[{\"@type\":\"ReadAction\",\"target\":[\"https:\/\/donbaraton.es\/en\/p\/chaise-longue-sofa-bed-storage-vernon\/\"]}]},{\"@type\":\"ImageObject\",\"inLanguage\":\"en-GB\",\"@id\":\"https:\/\/donbaraton.es\/en\/p\/chaise-longue-sofa-bed-storage-vernon\/#primaryimage\",\"url\":\"https:\/\/donbaraton.es\/wp-content\/uploads\/2020\/09\/Sofa-chaise-longue-grande-XXL-con-cama-y-arcon-Vernon.-Tela-gris-polipiel-negra.-Chaise-longue-lado-izquierdo.jpg\",\"contentUrl\":\"https:\/\/donbaraton.es\/wp-content\/uploads\/2020\/09\/Sofa-chaise-longue-grande-XXL-con-cama-y-arcon-Vernon.-Tela-gris-polipiel-negra.-Chaise-longue-lado-izquierdo.jpg\",\"width\":1000,\"height\":750,\"caption\":\"Chaise Longue Sofa XXL with Bed and Storage - Vernon. Grey fabric, black faux leather, chaise longue on the left\"},{\"@type\":\"BreadcrumbList\",\"@id\":\"https:\/\/donbaraton.es\/en\/p\/chaise-longue-sofa-bed-storage-vernon\/#breadcrumb\",\"itemListElement\":[{\"@type\":\"ListItem\",\"position\":1,\"name\":\"Portada\",\"item\":\"https:\/\/donbaraton.es\/en\/\"},{\"@type\":\"ListItem\",\"position\":2,\"name\":\"Online Shop\",\"item\":\"https:\/\/donbaraton.es\/en\/shop\/\"},{\"@type\":\"ListItem\",\"position\":3,\"name\":\"Chaise Longue Sofa XXL with Bed and Storage &#8211; Vernon\"}]},{\"@type\":\"WebSite\",\"@id\":\"https:\/\/donbaraton.es\/#website\",\"url\":\"https:\/\/donbaraton.es\/\",\"name\":\"Don Baraton: tienda de sof\u00e1s, muebles y colchones\",\"description\":\"Sofas baratos desde el almac\u00e9n en Almorad\u00ed, Alicante\",\"publisher\":{\"@id\":\"https:\/\/donbaraton.es\/#organization\"},\"potentialAction\":[{\"@type\":\"SearchAction\",\"target\":{\"@type\":\"EntryPoint\",\"urlTemplate\":\"https:\/\/donbaraton.es\/?s={search_term_string}\"},\"query-input\":{\"@type\":\"PropertyValueSpecification\",\"valueRequired\":true,\"valueName\":\"search_term_string\"}}],\"inLanguage\":\"en-GB\"},{\"@type\":\"Organization\",\"@id\":\"https:\/\/donbaraton.es\/#organization\",\"name\":\"Don Baraton\",\"url\":\"https:\/\/donbaraton.es\/\",\"logo\":{\"@type\":\"ImageObject\",\"inLanguage\":\"en-GB\",\"@id\":\"https:\/\/donbaraton.es\/#\/schema\/logo\/image\/\",\"url\":\"https:\/\/i0.wp.com\/donbaraton.es\/wp-content\/uploads\/2016\/11\/logo_don_baraton.png?fit=228%2C110&ssl=1\",\"contentUrl\":\"https:\/\/i0.wp.com\/donbaraton.es\/wp-content\/uploads\/2016\/11\/logo_don_baraton.png?fit=228%2C110&ssl=1\",\"width\":228,\"height\":110,\"caption\":\"Don Baraton\"},\"image\":{\"@id\":\"https:\/\/donbaraton.es\/#\/schema\/logo\/image\/\"},\"sameAs\":[\"https:\/\/www.facebook.com\/donbaraton.es\",\"https:\/\/x.com\/don_baraton\",\"https:\/\/www.instagram.com\/donbaraton.es\",\"https:\/\/www.linkedin.com\/company\/donbaraton\/\",\"https:\/\/es.pinterest.com\/donbaraton\/\",\"https:\/\/www.youtube.com\/channel\/UCL02HOwx-F759Jq5MedAZfQ\"]}]}<\/script>\n<!-- \/ Yoast SEO plugin. -->","yoast_head_json":{"title":"Chaise Longue Sofa XXL with Bed and Storage - Vernon - Don Baraton: tienda de sof\u00e1s, muebles y colchones","robots":{"index":"index","follow":"follow","max-snippet":"max-snippet:-1","max-image-preview":"max-image-preview:large","max-video-preview":"max-video-preview:-1"},"canonical":"https:\/\/donbaraton.es\/en\/p\/chaise-longue-sofa-bed-storage-vernon\/","og_locale":"en_GB","og_type":"article","og_title":"Chaise Longue Sofa XXL with Bed and Storage - Vernon - Don Baraton: tienda de sof\u00e1s, muebles y colchones","og_description":"Large size chaise longue sofa Converts into a spacious double bed, 135 x 250 cm\u00a0 Mechanism with springs for easy bed opening\u00a0 Upholstered in \u201clinen imitation\u201d fabric and faux leather Storage compartment under the seat Seats with wave springs\u00a0 Chaise longue mounted on the left or on the right at home  Dimensions: length 300 cm, chaise longue 213 cm, height 80 cm","og_url":"https:\/\/donbaraton.es\/en\/p\/chaise-longue-sofa-bed-storage-vernon\/","og_site_name":"Don Baraton: tienda de sof\u00e1s, muebles y colchones","article_publisher":"https:\/\/www.facebook.com\/donbaraton.es","article_modified_time":"2020-11-07T14:39:07+00:00","og_image":[{"width":1000,"height":750,"url":"https:\/\/i0.wp.com\/donbaraton.es\/wp-content\/uploads\/2020\/09\/Sofa-chaise-longue-grande-XXL-con-cama-y-arcon-Vernon.-Tela-gris-polipiel-negra.-Chaise-longue-lado-izquierdo.jpg?fit=1000%2C750&ssl=1","type":"image\/jpeg"}],"twitter_card":"summary_large_image","twitter_site":"@don_baraton","schema":{"@context":"https:\/\/schema.org","@graph":[{"@type":"WebPage","@id":"https:\/\/donbaraton.es\/en\/p\/chaise-longue-sofa-bed-storage-vernon\/","url":"https:\/\/donbaraton.es\/en\/p\/chaise-longue-sofa-bed-storage-vernon\/","name":"Chaise Longue Sofa XXL with Bed and Storage - Vernon - Don Baraton: tienda de sof\u00e1s, muebles y colchones","isPartOf":{"@id":"https:\/\/donbaraton.es\/#website"},"primaryImageOfPage":{"@id":"https:\/\/donbaraton.es\/en\/p\/chaise-longue-sofa-bed-storage-vernon\/#primaryimage"},"image":{"@id":"https:\/\/donbaraton.es\/en\/p\/chaise-longue-sofa-bed-storage-vernon\/#primaryimage"},"thumbnailUrl":"https:\/\/donbaraton.es\/wp-content\/uploads\/2020\/09\/Sofa-chaise-longue-grande-XXL-con-cama-y-arcon-Vernon.-Tela-gris-polipiel-negra.-Chaise-longue-lado-izquierdo.jpg","datePublished":"2020-09-26T01:58:30+00:00","dateModified":"2020-11-07T14:39:07+00:00","breadcrumb":{"@id":"https:\/\/donbaraton.es\/en\/p\/chaise-longue-sofa-bed-storage-vernon\/#breadcrumb"},"inLanguage":"en-GB","potentialAction":[{"@type":"ReadAction","target":["https:\/\/donbaraton.es\/en\/p\/chaise-longue-sofa-bed-storage-vernon\/"]}]},{"@type":"ImageObject","inLanguage":"en-GB","@id":"https:\/\/donbaraton.es\/en\/p\/chaise-longue-sofa-bed-storage-vernon\/#primaryimage","url":"https:\/\/donbaraton.es\/wp-content\/uploads\/2020\/09\/Sofa-chaise-longue-grande-XXL-con-cama-y-arcon-Vernon.-Tela-gris-polipiel-negra.-Chaise-longue-lado-izquierdo.jpg","contentUrl":"https:\/\/donbaraton.es\/wp-content\/uploads\/2020\/09\/Sofa-chaise-longue-grande-XXL-con-cama-y-arcon-Vernon.-Tela-gris-polipiel-negra.-Chaise-longue-lado-izquierdo.jpg","width":1000,"height":750,"caption":"Chaise Longue Sofa XXL with Bed and Storage - Vernon. Grey fabric, black faux leather, chaise longue on the left"},{"@type":"BreadcrumbList","@id":"https:\/\/donbaraton.es\/en\/p\/chaise-longue-sofa-bed-storage-vernon\/#breadcrumb","itemListElement":[{"@type":"ListItem","position":1,"name":"Portada","item":"https:\/\/donbaraton.es\/en\/"},{"@type":"ListItem","position":2,"name":"Online Shop","item":"https:\/\/donbaraton.es\/en\/shop\/"},{"@type":"ListItem","position":3,"name":"Chaise Longue Sofa XXL with Bed and Storage &#8211; Vernon"}]},{"@type":"WebSite","@id":"https:\/\/donbaraton.es\/#website","url":"https:\/\/donbaraton.es\/","name":"Don Baraton: tienda de sof\u00e1s, muebles y colchones","description":"Sofas baratos desde el almac\u00e9n en Almorad\u00ed, Alicante","publisher":{"@id":"https:\/\/donbaraton.es\/#organization"},"potentialAction":[{"@type":"SearchAction","target":{"@type":"EntryPoint","urlTemplate":"https:\/\/donbaraton.es\/?s={search_term_string}"},"query-input":{"@type":"PropertyValueSpecification","valueRequired":true,"valueName":"search_term_string"}}],"inLanguage":"en-GB"},{"@type":"Organization","@id":"https:\/\/donbaraton.es\/#organization","name":"Don Baraton","url":"https:\/\/donbaraton.es\/","logo":{"@type":"ImageObject","inLanguage":"en-GB","@id":"https:\/\/donbaraton.es\/#\/schema\/logo\/image\/","url":"https:\/\/i0.wp.com\/donbaraton.es\/wp-content\/uploads\/2016\/11\/logo_don_baraton.png?fit=228%2C110&ssl=1","contentUrl":"https:\/\/i0.wp.com\/donbaraton.es\/wp-content\/uploads\/2016\/11\/logo_don_baraton.png?fit=228%2C110&ssl=1","width":228,"height":110,"caption":"Don Baraton"},"image":{"@id":"https:\/\/donbaraton.es\/#\/schema\/logo\/image\/"},"sameAs":["https:\/\/www.facebook.com\/donbaraton.es","https:\/\/x.com\/don_baraton","https:\/\/www.instagram.com\/donbaraton.es","https:\/\/www.linkedin.com\/company\/donbaraton\/","https:\/\/es.pinterest.com\/donbaraton\/","https:\/\/www.youtube.com\/channel\/UCL02HOwx-F759Jq5MedAZfQ"]}]}},"_links":{"self":[{"href":"https:\/\/donbaraton.es\/en\/wp-json\/wp\/v2\/product\/27682","targetHints":{"allow":["GET"]}}],"collection":[{"href":"https:\/\/donbaraton.es\/en\/wp-json\/wp\/v2\/product"}],"about":[{"href":"https:\/\/donbaraton.es\/en\/wp-json\/wp\/v2\/types\/product"}],"replies":[{"embeddable":true,"href":"https:\/\/donbaraton.es\/en\/wp-json\/wp\/v2\/comments?post=27682"}],"wp:featuredmedia":[{"embeddable":true,"href":"https:\/\/donbaraton.es\/en\/wp-json\/wp\/v2\/media\/27673"}],"wp:attachment":[{"href":"https:\/\/donbaraton.es\/en\/wp-json\/wp\/v2\/media?parent=27682"}],"wp:term":[{"taxonomy":"product_brand","embeddable":true,"href":"https:\/\/donbaraton.es\/en\/wp-json\/wp\/v2\/product_brand?post=27682"},{"taxonomy":"product_cat","embeddable":true,"href":"https:\/\/donbaraton.es\/en\/wp-json\/wp\/v2\/product_cat?post=27682"},{"taxonomy":"product_tag","embeddable":true,"href":"https:\/\/donbaraton.es\/en\/wp-json\/wp\/v2\/product_tag?post=27682"}],"curies":[{"name":"wp","href":"https:\/\/api.w.org\/{rel}","templated":true}]}}