{"id":27726,"date":"2020-10-01T18:20:09","date_gmt":"2020-10-01T16:20:09","guid":{"rendered":"https:\/\/donbaraton.es\/p\/u-shaped-sofa-pull-out-bed-2-storage-compartments-grey-fabric-stratford\/"},"modified":"2020-10-05T19:05:43","modified_gmt":"2020-10-05T17:05:43","slug":"u-shaped-sofa-pull-out-bed-2-storage-compartments-grey-fabric-stratford","status":"publish","type":"product","link":"https:\/\/donbaraton.es\/en\/p\/u-shaped-sofa-pull-out-bed-2-storage-compartments-grey-fabric-stratford\/","title":{"rendered":"U-shaped Sofa with Pull-out Bed, 2 Storage Compartments, Grey Fabric &#8211; Stratford"},"content":{"rendered":"<p><strong>U-shaped Sofa with Pull-out Bed, 2 Storage Compartments, 2 Tones of Grey Fabric &#8211; Stratford<\/strong><\/p>\n<p><strong>Dimensions:<\/strong> length 311 cm, chaise longue 185 cm, corner 155 cm, height with cushions 90 cm, height without cushions 70 cm. Height of the seat from the floor 40 cm. Depth of the seat 60 cm. Height of the backrest cushions 50 cm. <strong>Dimensions of the bed:<\/strong> 145 x 273 cm<\/p>\n","protected":false},"excerpt":{"rendered":"<ul>\n<li>Upholstered in soft to touch fabric, 2 tones of gris<\/li>\n<li>2 storage compartments under the seats<\/li>\n<li>Pull-out bed 145 x 273 cm<\/li>\n<li>The longer and the shorter parts on sides can be swapped<\/li>\n<li>Seats with wave springs\u00a0<\/li>\n<\/ul>\n<p><strong>Dimensions:<\/strong> length 311 cm, longer part 185 cm, shorter part 155 cm, height 90 cm<\/p>\n","protected":false},"featured_media":27701,"comment_status":"open","ping_status":"closed","template":"","meta":{"_et_pb_use_builder":"","_et_pb_old_content":"","_et_gb_content_width":""},"product_brand":[],"product_cat":[43,45,108,41,35],"product_tag":[],"class_list":{"0":"post-27726","1":"product","2":"type-product","3":"status-publish","4":"has-post-thumbnail","6":"product_cat-sofa-beds-chaise-longue","7":"product_cat-chaise-longue-sofas","8":"product_cat-corner-sofas","9":"product_cat-sofa-beds","10":"product_cat-sofas-en","11":"product_shipping_class-articulos-pesados","12":"pa_largo-sofas-301-cm-plus","13":"pa_material-fabric","14":"pa_muelles-sinuous-springs","15":"pa_plazas-4-seater-sofas","17":"first","18":"outofstock","19":"sale","20":"taxable","21":"shipping-taxable","22":"purchasable","23":"product-type-simple"},"yoast_head":"<!-- This site is optimized with the Yoast SEO plugin v27.2 - https:\/\/yoast.com\/product\/yoast-seo-wordpress\/ -->\n<title>U-shaped Sofa with Pull-out Bed, 2 Storage Compartments, Grey Fabric - Stratford - Don Baraton: tienda de sof\u00e1s, muebles y colchones<\/title>\n<meta name=\"robots\" content=\"index, follow, max-snippet:-1, max-image-preview:large, max-video-preview:-1\" \/>\n<link rel=\"canonical\" href=\"https:\/\/donbaraton.es\/en\/p\/u-shaped-sofa-pull-out-bed-2-storage-compartments-grey-fabric-stratford\/\" \/>\n<meta property=\"og:locale\" content=\"en_GB\" \/>\n<meta property=\"og:type\" content=\"article\" \/>\n<meta property=\"og:title\" content=\"U-shaped Sofa with Pull-out Bed, 2 Storage Compartments, Grey Fabric - Stratford - Don Baraton: tienda de sof\u00e1s, muebles y colchones\" \/>\n<meta property=\"og:description\" content=\"Upholstered in soft to touch fabric, 2 tones of gris 2 storage compartments under the seats Pull-out bed 145 x 273 cm The longer and the shorter parts on sides can be swapped Seats with wave springs\u00a0  Dimensions: length 311 cm, longer part 185 cm, shorter part 155 cm, height 90 cm\" \/>\n<meta property=\"og:url\" content=\"https:\/\/donbaraton.es\/en\/p\/u-shaped-sofa-pull-out-bed-2-storage-compartments-grey-fabric-stratford\/\" \/>\n<meta property=\"og:site_name\" content=\"Don Baraton: tienda de sof\u00e1s, muebles y colchones\" \/>\n<meta property=\"article:publisher\" content=\"https:\/\/www.facebook.com\/donbaraton.es\" \/>\n<meta property=\"article:modified_time\" content=\"2020-10-05T17:05:43+00:00\" \/>\n<meta property=\"og:image\" content=\"https:\/\/i1.wp.com\/donbaraton.es\/wp-content\/uploads\/2020\/10\/Sofa-en-forma-de-U-con-cama-y-arcon-tapizado-en-tela-2-tonos-de-gris-Stratford.-Esquina-lado-izquierdo.jpg?fit=800%2C600&ssl=1\" \/>\n\t<meta property=\"og:image:width\" content=\"800\" \/>\n\t<meta property=\"og:image:height\" content=\"600\" \/>\n\t<meta property=\"og:image:type\" content=\"image\/jpeg\" \/>\n<meta name=\"twitter:card\" content=\"summary_large_image\" \/>\n<meta name=\"twitter:site\" content=\"@don_baraton\" \/>\n<script type=\"application\/ld+json\" class=\"yoast-schema-graph\">{\"@context\":\"https:\/\/schema.org\",\"@graph\":[{\"@type\":\"WebPage\",\"@id\":\"https:\/\/donbaraton.es\/en\/p\/u-shaped-sofa-pull-out-bed-2-storage-compartments-grey-fabric-stratford\/\",\"url\":\"https:\/\/donbaraton.es\/en\/p\/u-shaped-sofa-pull-out-bed-2-storage-compartments-grey-fabric-stratford\/\",\"name\":\"U-shaped Sofa with Pull-out Bed, 2 Storage Compartments, Grey Fabric - Stratford - Don Baraton: tienda de sof\u00e1s, muebles y colchones\",\"isPartOf\":{\"@id\":\"https:\/\/donbaraton.es\/#website\"},\"primaryImageOfPage\":{\"@id\":\"https:\/\/donbaraton.es\/en\/p\/u-shaped-sofa-pull-out-bed-2-storage-compartments-grey-fabric-stratford\/#primaryimage\"},\"image\":{\"@id\":\"https:\/\/donbaraton.es\/en\/p\/u-shaped-sofa-pull-out-bed-2-storage-compartments-grey-fabric-stratford\/#primaryimage\"},\"thumbnailUrl\":\"https:\/\/donbaraton.es\/wp-content\/uploads\/2020\/10\/Sofa-en-forma-de-U-con-cama-y-arcon-tapizado-en-tela-2-tonos-de-gris-Stratford.-Esquina-lado-izquierdo.jpg\",\"datePublished\":\"2020-10-01T16:20:09+00:00\",\"dateModified\":\"2020-10-05T17:05:43+00:00\",\"breadcrumb\":{\"@id\":\"https:\/\/donbaraton.es\/en\/p\/u-shaped-sofa-pull-out-bed-2-storage-compartments-grey-fabric-stratford\/#breadcrumb\"},\"inLanguage\":\"en-GB\",\"potentialAction\":[{\"@type\":\"ReadAction\",\"target\":[\"https:\/\/donbaraton.es\/en\/p\/u-shaped-sofa-pull-out-bed-2-storage-compartments-grey-fabric-stratford\/\"]}]},{\"@type\":\"ImageObject\",\"inLanguage\":\"en-GB\",\"@id\":\"https:\/\/donbaraton.es\/en\/p\/u-shaped-sofa-pull-out-bed-2-storage-compartments-grey-fabric-stratford\/#primaryimage\",\"url\":\"https:\/\/donbaraton.es\/wp-content\/uploads\/2020\/10\/Sofa-en-forma-de-U-con-cama-y-arcon-tapizado-en-tela-2-tonos-de-gris-Stratford.-Esquina-lado-izquierdo.jpg\",\"contentUrl\":\"https:\/\/donbaraton.es\/wp-content\/uploads\/2020\/10\/Sofa-en-forma-de-U-con-cama-y-arcon-tapizado-en-tela-2-tonos-de-gris-Stratford.-Esquina-lado-izquierdo.jpg\",\"width\":800,\"height\":600,\"caption\":\"U-shaped sofa with pull-out bed, 2 storage compartments - Stratford. Corner on the left\"},{\"@type\":\"BreadcrumbList\",\"@id\":\"https:\/\/donbaraton.es\/en\/p\/u-shaped-sofa-pull-out-bed-2-storage-compartments-grey-fabric-stratford\/#breadcrumb\",\"itemListElement\":[{\"@type\":\"ListItem\",\"position\":1,\"name\":\"Portada\",\"item\":\"https:\/\/donbaraton.es\/en\/\"},{\"@type\":\"ListItem\",\"position\":2,\"name\":\"Online Shop\",\"item\":\"https:\/\/donbaraton.es\/en\/shop\/\"},{\"@type\":\"ListItem\",\"position\":3,\"name\":\"U-shaped Sofa with Pull-out Bed, 2 Storage Compartments, Grey Fabric &#8211; Stratford\"}]},{\"@type\":\"WebSite\",\"@id\":\"https:\/\/donbaraton.es\/#website\",\"url\":\"https:\/\/donbaraton.es\/\",\"name\":\"Don Baraton: tienda de sof\u00e1s, muebles y colchones\",\"description\":\"Sofas baratos desde el almac\u00e9n en Almorad\u00ed, Alicante\",\"publisher\":{\"@id\":\"https:\/\/donbaraton.es\/#organization\"},\"potentialAction\":[{\"@type\":\"SearchAction\",\"target\":{\"@type\":\"EntryPoint\",\"urlTemplate\":\"https:\/\/donbaraton.es\/?s={search_term_string}\"},\"query-input\":{\"@type\":\"PropertyValueSpecification\",\"valueRequired\":true,\"valueName\":\"search_term_string\"}}],\"inLanguage\":\"en-GB\"},{\"@type\":\"Organization\",\"@id\":\"https:\/\/donbaraton.es\/#organization\",\"name\":\"Don Baraton\",\"url\":\"https:\/\/donbaraton.es\/\",\"logo\":{\"@type\":\"ImageObject\",\"inLanguage\":\"en-GB\",\"@id\":\"https:\/\/donbaraton.es\/#\/schema\/logo\/image\/\",\"url\":\"https:\/\/i0.wp.com\/donbaraton.es\/wp-content\/uploads\/2016\/11\/logo_don_baraton.png?fit=228%2C110&ssl=1\",\"contentUrl\":\"https:\/\/i0.wp.com\/donbaraton.es\/wp-content\/uploads\/2016\/11\/logo_don_baraton.png?fit=228%2C110&ssl=1\",\"width\":228,\"height\":110,\"caption\":\"Don Baraton\"},\"image\":{\"@id\":\"https:\/\/donbaraton.es\/#\/schema\/logo\/image\/\"},\"sameAs\":[\"https:\/\/www.facebook.com\/donbaraton.es\",\"https:\/\/x.com\/don_baraton\",\"https:\/\/www.instagram.com\/donbaraton.es\",\"https:\/\/www.linkedin.com\/company\/donbaraton\/\",\"https:\/\/es.pinterest.com\/donbaraton\/\",\"https:\/\/www.youtube.com\/channel\/UCL02HOwx-F759Jq5MedAZfQ\"]}]}<\/script>\n<!-- \/ Yoast SEO plugin. -->","yoast_head_json":{"title":"U-shaped Sofa with Pull-out Bed, 2 Storage Compartments, Grey Fabric - Stratford - Don Baraton: tienda de sof\u00e1s, muebles y colchones","robots":{"index":"index","follow":"follow","max-snippet":"max-snippet:-1","max-image-preview":"max-image-preview:large","max-video-preview":"max-video-preview:-1"},"canonical":"https:\/\/donbaraton.es\/en\/p\/u-shaped-sofa-pull-out-bed-2-storage-compartments-grey-fabric-stratford\/","og_locale":"en_GB","og_type":"article","og_title":"U-shaped Sofa with Pull-out Bed, 2 Storage Compartments, Grey Fabric - Stratford - Don Baraton: tienda de sof\u00e1s, muebles y colchones","og_description":"Upholstered in soft to touch fabric, 2 tones of gris 2 storage compartments under the seats Pull-out bed 145 x 273 cm The longer and the shorter parts on sides can be swapped Seats with wave springs\u00a0  Dimensions: length 311 cm, longer part 185 cm, shorter part 155 cm, height 90 cm","og_url":"https:\/\/donbaraton.es\/en\/p\/u-shaped-sofa-pull-out-bed-2-storage-compartments-grey-fabric-stratford\/","og_site_name":"Don Baraton: tienda de sof\u00e1s, muebles y colchones","article_publisher":"https:\/\/www.facebook.com\/donbaraton.es","article_modified_time":"2020-10-05T17:05:43+00:00","og_image":[{"width":800,"height":600,"url":"https:\/\/i1.wp.com\/donbaraton.es\/wp-content\/uploads\/2020\/10\/Sofa-en-forma-de-U-con-cama-y-arcon-tapizado-en-tela-2-tonos-de-gris-Stratford.-Esquina-lado-izquierdo.jpg?fit=800%2C600&ssl=1","type":"image\/jpeg"}],"twitter_card":"summary_large_image","twitter_site":"@don_baraton","schema":{"@context":"https:\/\/schema.org","@graph":[{"@type":"WebPage","@id":"https:\/\/donbaraton.es\/en\/p\/u-shaped-sofa-pull-out-bed-2-storage-compartments-grey-fabric-stratford\/","url":"https:\/\/donbaraton.es\/en\/p\/u-shaped-sofa-pull-out-bed-2-storage-compartments-grey-fabric-stratford\/","name":"U-shaped Sofa with Pull-out Bed, 2 Storage Compartments, Grey Fabric - Stratford - Don Baraton: tienda de sof\u00e1s, muebles y colchones","isPartOf":{"@id":"https:\/\/donbaraton.es\/#website"},"primaryImageOfPage":{"@id":"https:\/\/donbaraton.es\/en\/p\/u-shaped-sofa-pull-out-bed-2-storage-compartments-grey-fabric-stratford\/#primaryimage"},"image":{"@id":"https:\/\/donbaraton.es\/en\/p\/u-shaped-sofa-pull-out-bed-2-storage-compartments-grey-fabric-stratford\/#primaryimage"},"thumbnailUrl":"https:\/\/donbaraton.es\/wp-content\/uploads\/2020\/10\/Sofa-en-forma-de-U-con-cama-y-arcon-tapizado-en-tela-2-tonos-de-gris-Stratford.-Esquina-lado-izquierdo.jpg","datePublished":"2020-10-01T16:20:09+00:00","dateModified":"2020-10-05T17:05:43+00:00","breadcrumb":{"@id":"https:\/\/donbaraton.es\/en\/p\/u-shaped-sofa-pull-out-bed-2-storage-compartments-grey-fabric-stratford\/#breadcrumb"},"inLanguage":"en-GB","potentialAction":[{"@type":"ReadAction","target":["https:\/\/donbaraton.es\/en\/p\/u-shaped-sofa-pull-out-bed-2-storage-compartments-grey-fabric-stratford\/"]}]},{"@type":"ImageObject","inLanguage":"en-GB","@id":"https:\/\/donbaraton.es\/en\/p\/u-shaped-sofa-pull-out-bed-2-storage-compartments-grey-fabric-stratford\/#primaryimage","url":"https:\/\/donbaraton.es\/wp-content\/uploads\/2020\/10\/Sofa-en-forma-de-U-con-cama-y-arcon-tapizado-en-tela-2-tonos-de-gris-Stratford.-Esquina-lado-izquierdo.jpg","contentUrl":"https:\/\/donbaraton.es\/wp-content\/uploads\/2020\/10\/Sofa-en-forma-de-U-con-cama-y-arcon-tapizado-en-tela-2-tonos-de-gris-Stratford.-Esquina-lado-izquierdo.jpg","width":800,"height":600,"caption":"U-shaped sofa with pull-out bed, 2 storage compartments - Stratford. Corner on the left"},{"@type":"BreadcrumbList","@id":"https:\/\/donbaraton.es\/en\/p\/u-shaped-sofa-pull-out-bed-2-storage-compartments-grey-fabric-stratford\/#breadcrumb","itemListElement":[{"@type":"ListItem","position":1,"name":"Portada","item":"https:\/\/donbaraton.es\/en\/"},{"@type":"ListItem","position":2,"name":"Online Shop","item":"https:\/\/donbaraton.es\/en\/shop\/"},{"@type":"ListItem","position":3,"name":"U-shaped Sofa with Pull-out Bed, 2 Storage Compartments, Grey Fabric &#8211; Stratford"}]},{"@type":"WebSite","@id":"https:\/\/donbaraton.es\/#website","url":"https:\/\/donbaraton.es\/","name":"Don Baraton: tienda de sof\u00e1s, muebles y colchones","description":"Sofas baratos desde el almac\u00e9n en Almorad\u00ed, Alicante","publisher":{"@id":"https:\/\/donbaraton.es\/#organization"},"potentialAction":[{"@type":"SearchAction","target":{"@type":"EntryPoint","urlTemplate":"https:\/\/donbaraton.es\/?s={search_term_string}"},"query-input":{"@type":"PropertyValueSpecification","valueRequired":true,"valueName":"search_term_string"}}],"inLanguage":"en-GB"},{"@type":"Organization","@id":"https:\/\/donbaraton.es\/#organization","name":"Don Baraton","url":"https:\/\/donbaraton.es\/","logo":{"@type":"ImageObject","inLanguage":"en-GB","@id":"https:\/\/donbaraton.es\/#\/schema\/logo\/image\/","url":"https:\/\/i0.wp.com\/donbaraton.es\/wp-content\/uploads\/2016\/11\/logo_don_baraton.png?fit=228%2C110&ssl=1","contentUrl":"https:\/\/i0.wp.com\/donbaraton.es\/wp-content\/uploads\/2016\/11\/logo_don_baraton.png?fit=228%2C110&ssl=1","width":228,"height":110,"caption":"Don Baraton"},"image":{"@id":"https:\/\/donbaraton.es\/#\/schema\/logo\/image\/"},"sameAs":["https:\/\/www.facebook.com\/donbaraton.es","https:\/\/x.com\/don_baraton","https:\/\/www.instagram.com\/donbaraton.es","https:\/\/www.linkedin.com\/company\/donbaraton\/","https:\/\/es.pinterest.com\/donbaraton\/","https:\/\/www.youtube.com\/channel\/UCL02HOwx-F759Jq5MedAZfQ"]}]}},"_links":{"self":[{"href":"https:\/\/donbaraton.es\/en\/wp-json\/wp\/v2\/product\/27726","targetHints":{"allow":["GET"]}}],"collection":[{"href":"https:\/\/donbaraton.es\/en\/wp-json\/wp\/v2\/product"}],"about":[{"href":"https:\/\/donbaraton.es\/en\/wp-json\/wp\/v2\/types\/product"}],"replies":[{"embeddable":true,"href":"https:\/\/donbaraton.es\/en\/wp-json\/wp\/v2\/comments?post=27726"}],"wp:featuredmedia":[{"embeddable":true,"href":"https:\/\/donbaraton.es\/en\/wp-json\/wp\/v2\/media\/27701"}],"wp:attachment":[{"href":"https:\/\/donbaraton.es\/en\/wp-json\/wp\/v2\/media?parent=27726"}],"wp:term":[{"taxonomy":"product_brand","embeddable":true,"href":"https:\/\/donbaraton.es\/en\/wp-json\/wp\/v2\/product_brand?post=27726"},{"taxonomy":"product_cat","embeddable":true,"href":"https:\/\/donbaraton.es\/en\/wp-json\/wp\/v2\/product_cat?post=27726"},{"taxonomy":"product_tag","embeddable":true,"href":"https:\/\/donbaraton.es\/en\/wp-json\/wp\/v2\/product_tag?post=27726"}],"curies":[{"name":"wp","href":"https:\/\/api.w.org\/{rel}","templated":true}]}}