{"id":27756,"date":"2020-10-01T19:34:57","date_gmt":"2020-10-01T17:34:57","guid":{"rendered":"https:\/\/donbaraton.es\/p\/modern-corner-sofa-chrome-legs-brandon\/"},"modified":"2020-12-15T13:50:12","modified_gmt":"2020-12-15T12:50:12","slug":"modern-corner-sofa-chrome-legs-brandon","status":"publish","type":"product","link":"https:\/\/donbaraton.es\/en\/p\/modern-corner-sofa-chrome-legs-brandon\/","title":{"rendered":"Modern Corner Sofa with Chrome Legs &#8211; Brandon"},"content":{"rendered":"<p><strong>Modern Corner Sofa with Chrome Legs &#8211; Brandon<\/strong><\/p>\n<p><strong>Dimensions:<\/strong> length 262 cm, corner 192 cm, height with cushions 82 cm. Height without cushions 65 cm. Depth 80 cm. Depth of the seat 60 cm. Height of the backrest cushions 45 cm. Height of the seat from the floor 40 cm<\/p>\n","protected":false},"excerpt":{"rendered":"<ul>\n<li>Modern design<\/li>\n<li>Upholstered in light grey synthetic fabric<\/li>\n<li>Chrome legs<\/li>\n<li>Wave springs on the seats<\/li>\n<li>4 backrest cushions and 2 smaller decorative cushions<\/li>\n<\/ul>\n<p>\u00a0 <strong>Dimensions:<\/strong> length 262 cm, corner 192 cm, height 82 cm<\/p>\n","protected":false},"featured_media":27721,"comment_status":"open","ping_status":"closed","template":"","meta":{"_et_pb_use_builder":"","_et_pb_old_content":"","_et_gb_content_width":""},"product_brand":[],"product_cat":[108,35],"product_tag":[],"class_list":{"0":"post-27756","1":"product","2":"type-product","3":"status-publish","4":"has-post-thumbnail","6":"product_cat-corner-sofas","7":"product_cat-sofas-en","8":"product_shipping_class-articulos-pesados","9":"pa_lado-left","10":"pa_lado-right","11":"pa_largo-sofas-251-300-cm-en","12":"pa_material-fabric","13":"pa_muelles-sinuous-springs","14":"pa_plazas-4-seater-sofas","16":"first","17":"outofstock","18":"taxable","19":"shipping-taxable","20":"purchasable","21":"product-type-variable","22":"has-default-attributes"},"yoast_head":"<!-- This site is optimized with the Yoast SEO plugin v27.5 - https:\/\/yoast.com\/product\/yoast-seo-wordpress\/ -->\n<title>Modern Corner Sofa with Chrome Legs - Brandon - Don Baraton: tienda de sof\u00e1s, muebles y colchones<\/title>\n<meta name=\"robots\" content=\"index, follow, max-snippet:-1, max-image-preview:large, max-video-preview:-1\" \/>\n<link rel=\"canonical\" href=\"https:\/\/donbaraton.es\/en\/p\/modern-corner-sofa-chrome-legs-brandon\/\" \/>\n<meta property=\"og:locale\" content=\"en_GB\" \/>\n<meta property=\"og:type\" content=\"article\" \/>\n<meta property=\"og:title\" content=\"Modern Corner Sofa with Chrome Legs - Brandon - Don Baraton: tienda de sof\u00e1s, muebles y colchones\" \/>\n<meta property=\"og:description\" content=\"Modern design Upholstered in light grey synthetic fabric Chrome legs Wave springs on the seats 4 backrest cushions and 2 smaller decorative cushions  \u00a0 Dimensions: length 262 cm, corner 192 cm, height 82 cm\" \/>\n<meta property=\"og:url\" content=\"https:\/\/donbaraton.es\/en\/p\/modern-corner-sofa-chrome-legs-brandon\/\" \/>\n<meta property=\"og:site_name\" content=\"Don Baraton: tienda de sof\u00e1s, muebles y colchones\" \/>\n<meta property=\"article:publisher\" content=\"https:\/\/www.facebook.com\/donbaraton.es\" \/>\n<meta property=\"article:modified_time\" content=\"2020-12-15T12:50:12+00:00\" \/>\n<meta property=\"og:image\" content=\"https:\/\/i2.wp.com\/donbaraton.es\/wp-content\/uploads\/2020\/10\/Sofa-rinconera-moderno-con-patas-metalicas.-Esquina-lado-derecho.-Tela-gris-claro-Brandon.jpg?fit=1000%2C750&ssl=1\" \/>\n\t<meta property=\"og:image:width\" content=\"1000\" \/>\n\t<meta property=\"og:image:height\" content=\"750\" \/>\n\t<meta property=\"og:image:type\" content=\"image\/jpeg\" \/>\n<meta name=\"twitter:card\" content=\"summary_large_image\" \/>\n<meta name=\"twitter:site\" content=\"@don_baraton\" \/>\n<script type=\"application\/ld+json\" class=\"yoast-schema-graph\">{\"@context\":\"https:\\\/\\\/schema.org\",\"@graph\":[{\"@type\":\"WebPage\",\"@id\":\"https:\\\/\\\/donbaraton.es\\\/en\\\/p\\\/modern-corner-sofa-chrome-legs-brandon\\\/\",\"url\":\"https:\\\/\\\/donbaraton.es\\\/en\\\/p\\\/modern-corner-sofa-chrome-legs-brandon\\\/\",\"name\":\"Modern Corner Sofa with Chrome Legs - Brandon - Don Baraton: tienda de sof\u00e1s, muebles y colchones\",\"isPartOf\":{\"@id\":\"https:\\\/\\\/donbaraton.es\\\/#website\"},\"primaryImageOfPage\":{\"@id\":\"https:\\\/\\\/donbaraton.es\\\/en\\\/p\\\/modern-corner-sofa-chrome-legs-brandon\\\/#primaryimage\"},\"image\":{\"@id\":\"https:\\\/\\\/donbaraton.es\\\/en\\\/p\\\/modern-corner-sofa-chrome-legs-brandon\\\/#primaryimage\"},\"thumbnailUrl\":\"https:\\\/\\\/donbaraton.es\\\/wp-content\\\/uploads\\\/2020\\\/10\\\/Sofa-rinconera-moderno-con-patas-metalicas.-Esquina-lado-derecho.-Tela-gris-claro-Brandon.jpg\",\"datePublished\":\"2020-10-01T17:34:57+00:00\",\"dateModified\":\"2020-12-15T12:50:12+00:00\",\"breadcrumb\":{\"@id\":\"https:\\\/\\\/donbaraton.es\\\/en\\\/p\\\/modern-corner-sofa-chrome-legs-brandon\\\/#breadcrumb\"},\"inLanguage\":\"en-GB\",\"potentialAction\":[{\"@type\":\"ReadAction\",\"target\":[\"https:\\\/\\\/donbaraton.es\\\/en\\\/p\\\/modern-corner-sofa-chrome-legs-brandon\\\/\"]}]},{\"@type\":\"ImageObject\",\"inLanguage\":\"en-GB\",\"@id\":\"https:\\\/\\\/donbaraton.es\\\/en\\\/p\\\/modern-corner-sofa-chrome-legs-brandon\\\/#primaryimage\",\"url\":\"https:\\\/\\\/donbaraton.es\\\/wp-content\\\/uploads\\\/2020\\\/10\\\/Sofa-rinconera-moderno-con-patas-metalicas.-Esquina-lado-derecho.-Tela-gris-claro-Brandon.jpg\",\"contentUrl\":\"https:\\\/\\\/donbaraton.es\\\/wp-content\\\/uploads\\\/2020\\\/10\\\/Sofa-rinconera-moderno-con-patas-metalicas.-Esquina-lado-derecho.-Tela-gris-claro-Brandon.jpg\",\"width\":1000,\"height\":750,\"caption\":\"Modern corner sofa with chrome legs - Brandon. Corner on the right\"},{\"@type\":\"BreadcrumbList\",\"@id\":\"https:\\\/\\\/donbaraton.es\\\/en\\\/p\\\/modern-corner-sofa-chrome-legs-brandon\\\/#breadcrumb\",\"itemListElement\":[{\"@type\":\"ListItem\",\"position\":1,\"name\":\"Portada\",\"item\":\"https:\\\/\\\/donbaraton.es\\\/en\\\/\"},{\"@type\":\"ListItem\",\"position\":2,\"name\":\"Online Shop\",\"item\":\"https:\\\/\\\/donbaraton.es\\\/en\\\/shop\\\/\"},{\"@type\":\"ListItem\",\"position\":3,\"name\":\"Modern Corner Sofa with Chrome Legs &#8211; Brandon\"}]},{\"@type\":\"WebSite\",\"@id\":\"https:\\\/\\\/donbaraton.es\\\/#website\",\"url\":\"https:\\\/\\\/donbaraton.es\\\/\",\"name\":\"Don Baraton: tienda de sof\u00e1s, muebles y colchones\",\"description\":\"Sofas baratos desde el almac\u00e9n en Almorad\u00ed, Alicante\",\"publisher\":{\"@id\":\"https:\\\/\\\/donbaraton.es\\\/#organization\"},\"potentialAction\":[{\"@type\":\"SearchAction\",\"target\":{\"@type\":\"EntryPoint\",\"urlTemplate\":\"https:\\\/\\\/donbaraton.es\\\/?s={search_term_string}\"},\"query-input\":{\"@type\":\"PropertyValueSpecification\",\"valueRequired\":true,\"valueName\":\"search_term_string\"}}],\"inLanguage\":\"en-GB\"},{\"@type\":\"Organization\",\"@id\":\"https:\\\/\\\/donbaraton.es\\\/#organization\",\"name\":\"Don Baraton\",\"url\":\"https:\\\/\\\/donbaraton.es\\\/\",\"logo\":{\"@type\":\"ImageObject\",\"inLanguage\":\"en-GB\",\"@id\":\"https:\\\/\\\/donbaraton.es\\\/#\\\/schema\\\/logo\\\/image\\\/\",\"url\":\"https:\\\/\\\/i0.wp.com\\\/donbaraton.es\\\/wp-content\\\/uploads\\\/2016\\\/11\\\/logo_don_baraton.png?fit=228%2C110&ssl=1\",\"contentUrl\":\"https:\\\/\\\/i0.wp.com\\\/donbaraton.es\\\/wp-content\\\/uploads\\\/2016\\\/11\\\/logo_don_baraton.png?fit=228%2C110&ssl=1\",\"width\":228,\"height\":110,\"caption\":\"Don Baraton\"},\"image\":{\"@id\":\"https:\\\/\\\/donbaraton.es\\\/#\\\/schema\\\/logo\\\/image\\\/\"},\"sameAs\":[\"https:\\\/\\\/www.facebook.com\\\/donbaraton.es\",\"https:\\\/\\\/x.com\\\/don_baraton\",\"https:\\\/\\\/www.instagram.com\\\/donbaraton.es\",\"https:\\\/\\\/www.linkedin.com\\\/company\\\/donbaraton\\\/\",\"https:\\\/\\\/es.pinterest.com\\\/donbaraton\\\/\",\"https:\\\/\\\/www.youtube.com\\\/channel\\\/UCL02HOwx-F759Jq5MedAZfQ\"]}]}<\/script>\n<!-- \/ Yoast SEO plugin. -->","yoast_head_json":{"title":"Modern Corner Sofa with Chrome Legs - Brandon - Don Baraton: tienda de sof\u00e1s, muebles y colchones","robots":{"index":"index","follow":"follow","max-snippet":"max-snippet:-1","max-image-preview":"max-image-preview:large","max-video-preview":"max-video-preview:-1"},"canonical":"https:\/\/donbaraton.es\/en\/p\/modern-corner-sofa-chrome-legs-brandon\/","og_locale":"en_GB","og_type":"article","og_title":"Modern Corner Sofa with Chrome Legs - Brandon - Don Baraton: tienda de sof\u00e1s, muebles y colchones","og_description":"Modern design Upholstered in light grey synthetic fabric Chrome legs Wave springs on the seats 4 backrest cushions and 2 smaller decorative cushions  \u00a0 Dimensions: length 262 cm, corner 192 cm, height 82 cm","og_url":"https:\/\/donbaraton.es\/en\/p\/modern-corner-sofa-chrome-legs-brandon\/","og_site_name":"Don Baraton: tienda de sof\u00e1s, muebles y colchones","article_publisher":"https:\/\/www.facebook.com\/donbaraton.es","article_modified_time":"2020-12-15T12:50:12+00:00","og_image":[{"width":1000,"height":750,"url":"https:\/\/i2.wp.com\/donbaraton.es\/wp-content\/uploads\/2020\/10\/Sofa-rinconera-moderno-con-patas-metalicas.-Esquina-lado-derecho.-Tela-gris-claro-Brandon.jpg?fit=1000%2C750&ssl=1","type":"image\/jpeg"}],"twitter_card":"summary_large_image","twitter_site":"@don_baraton","schema":{"@context":"https:\/\/schema.org","@graph":[{"@type":"WebPage","@id":"https:\/\/donbaraton.es\/en\/p\/modern-corner-sofa-chrome-legs-brandon\/","url":"https:\/\/donbaraton.es\/en\/p\/modern-corner-sofa-chrome-legs-brandon\/","name":"Modern Corner Sofa with Chrome Legs - Brandon - Don Baraton: tienda de sof\u00e1s, muebles y colchones","isPartOf":{"@id":"https:\/\/donbaraton.es\/#website"},"primaryImageOfPage":{"@id":"https:\/\/donbaraton.es\/en\/p\/modern-corner-sofa-chrome-legs-brandon\/#primaryimage"},"image":{"@id":"https:\/\/donbaraton.es\/en\/p\/modern-corner-sofa-chrome-legs-brandon\/#primaryimage"},"thumbnailUrl":"https:\/\/donbaraton.es\/wp-content\/uploads\/2020\/10\/Sofa-rinconera-moderno-con-patas-metalicas.-Esquina-lado-derecho.-Tela-gris-claro-Brandon.jpg","datePublished":"2020-10-01T17:34:57+00:00","dateModified":"2020-12-15T12:50:12+00:00","breadcrumb":{"@id":"https:\/\/donbaraton.es\/en\/p\/modern-corner-sofa-chrome-legs-brandon\/#breadcrumb"},"inLanguage":"en-GB","potentialAction":[{"@type":"ReadAction","target":["https:\/\/donbaraton.es\/en\/p\/modern-corner-sofa-chrome-legs-brandon\/"]}]},{"@type":"ImageObject","inLanguage":"en-GB","@id":"https:\/\/donbaraton.es\/en\/p\/modern-corner-sofa-chrome-legs-brandon\/#primaryimage","url":"https:\/\/donbaraton.es\/wp-content\/uploads\/2020\/10\/Sofa-rinconera-moderno-con-patas-metalicas.-Esquina-lado-derecho.-Tela-gris-claro-Brandon.jpg","contentUrl":"https:\/\/donbaraton.es\/wp-content\/uploads\/2020\/10\/Sofa-rinconera-moderno-con-patas-metalicas.-Esquina-lado-derecho.-Tela-gris-claro-Brandon.jpg","width":1000,"height":750,"caption":"Modern corner sofa with chrome legs - Brandon. Corner on the right"},{"@type":"BreadcrumbList","@id":"https:\/\/donbaraton.es\/en\/p\/modern-corner-sofa-chrome-legs-brandon\/#breadcrumb","itemListElement":[{"@type":"ListItem","position":1,"name":"Portada","item":"https:\/\/donbaraton.es\/en\/"},{"@type":"ListItem","position":2,"name":"Online Shop","item":"https:\/\/donbaraton.es\/en\/shop\/"},{"@type":"ListItem","position":3,"name":"Modern Corner Sofa with Chrome Legs &#8211; Brandon"}]},{"@type":"WebSite","@id":"https:\/\/donbaraton.es\/#website","url":"https:\/\/donbaraton.es\/","name":"Don Baraton: tienda de sof\u00e1s, muebles y colchones","description":"Sofas baratos desde el almac\u00e9n en Almorad\u00ed, Alicante","publisher":{"@id":"https:\/\/donbaraton.es\/#organization"},"potentialAction":[{"@type":"SearchAction","target":{"@type":"EntryPoint","urlTemplate":"https:\/\/donbaraton.es\/?s={search_term_string}"},"query-input":{"@type":"PropertyValueSpecification","valueRequired":true,"valueName":"search_term_string"}}],"inLanguage":"en-GB"},{"@type":"Organization","@id":"https:\/\/donbaraton.es\/#organization","name":"Don Baraton","url":"https:\/\/donbaraton.es\/","logo":{"@type":"ImageObject","inLanguage":"en-GB","@id":"https:\/\/donbaraton.es\/#\/schema\/logo\/image\/","url":"https:\/\/i0.wp.com\/donbaraton.es\/wp-content\/uploads\/2016\/11\/logo_don_baraton.png?fit=228%2C110&ssl=1","contentUrl":"https:\/\/i0.wp.com\/donbaraton.es\/wp-content\/uploads\/2016\/11\/logo_don_baraton.png?fit=228%2C110&ssl=1","width":228,"height":110,"caption":"Don Baraton"},"image":{"@id":"https:\/\/donbaraton.es\/#\/schema\/logo\/image\/"},"sameAs":["https:\/\/www.facebook.com\/donbaraton.es","https:\/\/x.com\/don_baraton","https:\/\/www.instagram.com\/donbaraton.es","https:\/\/www.linkedin.com\/company\/donbaraton\/","https:\/\/es.pinterest.com\/donbaraton\/","https:\/\/www.youtube.com\/channel\/UCL02HOwx-F759Jq5MedAZfQ"]}]}},"_links":{"self":[{"href":"https:\/\/donbaraton.es\/en\/wp-json\/wp\/v2\/product\/27756","targetHints":{"allow":["GET"]}}],"collection":[{"href":"https:\/\/donbaraton.es\/en\/wp-json\/wp\/v2\/product"}],"about":[{"href":"https:\/\/donbaraton.es\/en\/wp-json\/wp\/v2\/types\/product"}],"replies":[{"embeddable":true,"href":"https:\/\/donbaraton.es\/en\/wp-json\/wp\/v2\/comments?post=27756"}],"wp:featuredmedia":[{"embeddable":true,"href":"https:\/\/donbaraton.es\/en\/wp-json\/wp\/v2\/media\/27721"}],"wp:attachment":[{"href":"https:\/\/donbaraton.es\/en\/wp-json\/wp\/v2\/media?parent=27756"}],"wp:term":[{"taxonomy":"product_brand","embeddable":true,"href":"https:\/\/donbaraton.es\/en\/wp-json\/wp\/v2\/product_brand?post=27756"},{"taxonomy":"product_cat","embeddable":true,"href":"https:\/\/donbaraton.es\/en\/wp-json\/wp\/v2\/product_cat?post=27756"},{"taxonomy":"product_tag","embeddable":true,"href":"https:\/\/donbaraton.es\/en\/wp-json\/wp\/v2\/product_tag?post=27756"}],"curies":[{"name":"wp","href":"https:\/\/api.w.org\/{rel}","templated":true}]}}