{"id":27893,"date":"2020-10-10T20:23:01","date_gmt":"2020-10-10T18:23:01","guid":{"rendered":"https:\/\/donbaraton.es\/p\/square-glass-coffee-table-80-80-onil\/"},"modified":"2022-07-12T13:44:59","modified_gmt":"2022-07-12T11:44:59","slug":"square-glass-coffee-table-80-80-onil","status":"publish","type":"product","link":"https:\/\/donbaraton.es\/en\/p\/square-glass-coffee-table-80-80-onil\/","title":{"rendered":"Square Glass Coffee Table, 80 x 80 cm &#8211; Onil"},"content":{"rendered":"<p><strong>Square Glass Coffee Table, 80 x 80 cm &#8211; Onil<\/strong><\/p>\n<p>A small table made of high quality tempered glass. Shelf under the top. The dimensions of the table (80 cm each side) allow this table to be placed in living rooms where a coffee table of 90-100 cm would&#8217;t fit.\u00a0\u00a0<\/p>\n<p><strong>Dimensions:<\/strong> length\/width 80 cm, height 35 cm<\/p>\n","protected":false},"excerpt":{"rendered":"<ul>\n<li>Toughened transparent glass<\/li>\n<li>Curved glass edges<\/li>\n<li>Glass shelf under the top<\/li>\n<li>Chrome legs and supports\u00a0<\/li>\n<\/ul>\n<p><strong>Dimensions:<\/strong> 80 x 80 cm, height 35 cm<\/p>\n","protected":false},"featured_media":27868,"comment_status":"open","ping_status":"closed","template":"","meta":{"_et_pb_use_builder":"","_et_pb_old_content":"","_et_gb_content_width":""},"product_brand":[],"product_cat":[276],"product_tag":[],"class_list":{"0":"post-27893","1":"product","2":"type-product","3":"status-publish","4":"has-post-thumbnail","6":"product_cat-tables","7":"product_shipping_class-3-20-kg-hasta-10-dias","8":"pa_material-glass","10":"first","11":"outofstock","12":"sale","13":"taxable","14":"shipping-taxable","15":"purchasable","16":"product-type-simple"},"yoast_head":"<!-- This site is optimized with the Yoast SEO plugin v27.2 - https:\/\/yoast.com\/product\/yoast-seo-wordpress\/ -->\n<title>Square Glass Coffee Table, 80 x 80 cm - Onil - Don Baraton: tienda de sof\u00e1s, muebles y colchones<\/title>\n<meta name=\"robots\" content=\"index, follow, max-snippet:-1, max-image-preview:large, max-video-preview:-1\" \/>\n<link rel=\"canonical\" href=\"https:\/\/donbaraton.es\/en\/p\/square-glass-coffee-table-80-80-onil\/\" \/>\n<meta property=\"og:locale\" content=\"en_GB\" \/>\n<meta property=\"og:type\" content=\"article\" \/>\n<meta property=\"og:title\" content=\"Square Glass Coffee Table, 80 x 80 cm - Onil - Don Baraton: tienda de sof\u00e1s, muebles y colchones\" \/>\n<meta property=\"og:description\" content=\"Toughened transparent glass Curved glass edges Glass shelf under the top Chrome legs and supports\u00a0  Dimensions: 80 x 80 cm, height 35 cm\" \/>\n<meta property=\"og:url\" content=\"https:\/\/donbaraton.es\/en\/p\/square-glass-coffee-table-80-80-onil\/\" \/>\n<meta property=\"og:site_name\" content=\"Don Baraton: tienda de sof\u00e1s, muebles y colchones\" \/>\n<meta property=\"article:publisher\" content=\"https:\/\/www.facebook.com\/donbaraton.es\" \/>\n<meta property=\"article:modified_time\" content=\"2022-07-12T11:44:59+00:00\" \/>\n<meta property=\"og:image\" content=\"https:\/\/i2.wp.com\/donbaraton.es\/wp-content\/uploads\/2020\/10\/Mesa-de-centro-de-cristal-cuadrada-80-x-80-cm-Onil.jpg?fit=800%2C600&ssl=1\" \/>\n\t<meta property=\"og:image:width\" content=\"800\" \/>\n\t<meta property=\"og:image:height\" content=\"600\" \/>\n\t<meta property=\"og:image:type\" content=\"image\/jpeg\" \/>\n<meta name=\"twitter:card\" content=\"summary_large_image\" \/>\n<meta name=\"twitter:site\" content=\"@don_baraton\" \/>\n<script type=\"application\/ld+json\" class=\"yoast-schema-graph\">{\"@context\":\"https:\/\/schema.org\",\"@graph\":[{\"@type\":\"WebPage\",\"@id\":\"https:\/\/donbaraton.es\/en\/p\/square-glass-coffee-table-80-80-onil\/\",\"url\":\"https:\/\/donbaraton.es\/en\/p\/square-glass-coffee-table-80-80-onil\/\",\"name\":\"Square Glass Coffee Table, 80 x 80 cm - Onil - Don Baraton: tienda de sof\u00e1s, muebles y colchones\",\"isPartOf\":{\"@id\":\"https:\/\/donbaraton.es\/#website\"},\"primaryImageOfPage\":{\"@id\":\"https:\/\/donbaraton.es\/en\/p\/square-glass-coffee-table-80-80-onil\/#primaryimage\"},\"image\":{\"@id\":\"https:\/\/donbaraton.es\/en\/p\/square-glass-coffee-table-80-80-onil\/#primaryimage\"},\"thumbnailUrl\":\"https:\/\/donbaraton.es\/wp-content\/uploads\/2020\/10\/Mesa-de-centro-de-cristal-cuadrada-80-x-80-cm-Onil.jpg\",\"datePublished\":\"2020-10-10T18:23:01+00:00\",\"dateModified\":\"2022-07-12T11:44:59+00:00\",\"breadcrumb\":{\"@id\":\"https:\/\/donbaraton.es\/en\/p\/square-glass-coffee-table-80-80-onil\/#breadcrumb\"},\"inLanguage\":\"en-GB\",\"potentialAction\":[{\"@type\":\"ReadAction\",\"target\":[\"https:\/\/donbaraton.es\/en\/p\/square-glass-coffee-table-80-80-onil\/\"]}]},{\"@type\":\"ImageObject\",\"inLanguage\":\"en-GB\",\"@id\":\"https:\/\/donbaraton.es\/en\/p\/square-glass-coffee-table-80-80-onil\/#primaryimage\",\"url\":\"https:\/\/donbaraton.es\/wp-content\/uploads\/2020\/10\/Mesa-de-centro-de-cristal-cuadrada-80-x-80-cm-Onil.jpg\",\"contentUrl\":\"https:\/\/donbaraton.es\/wp-content\/uploads\/2020\/10\/Mesa-de-centro-de-cristal-cuadrada-80-x-80-cm-Onil.jpg\",\"width\":800,\"height\":600,\"caption\":\"Square glass coffee table, 80 x 80 cm - Onil\"},{\"@type\":\"BreadcrumbList\",\"@id\":\"https:\/\/donbaraton.es\/en\/p\/square-glass-coffee-table-80-80-onil\/#breadcrumb\",\"itemListElement\":[{\"@type\":\"ListItem\",\"position\":1,\"name\":\"Portada\",\"item\":\"https:\/\/donbaraton.es\/en\/\"},{\"@type\":\"ListItem\",\"position\":2,\"name\":\"Online Shop\",\"item\":\"https:\/\/donbaraton.es\/en\/shop\/\"},{\"@type\":\"ListItem\",\"position\":3,\"name\":\"Square Glass Coffee Table, 80 x 80 cm &#8211; Onil\"}]},{\"@type\":\"WebSite\",\"@id\":\"https:\/\/donbaraton.es\/#website\",\"url\":\"https:\/\/donbaraton.es\/\",\"name\":\"Don Baraton: tienda de sof\u00e1s, muebles y colchones\",\"description\":\"Sofas baratos desde el almac\u00e9n en Almorad\u00ed, Alicante\",\"publisher\":{\"@id\":\"https:\/\/donbaraton.es\/#organization\"},\"potentialAction\":[{\"@type\":\"SearchAction\",\"target\":{\"@type\":\"EntryPoint\",\"urlTemplate\":\"https:\/\/donbaraton.es\/?s={search_term_string}\"},\"query-input\":{\"@type\":\"PropertyValueSpecification\",\"valueRequired\":true,\"valueName\":\"search_term_string\"}}],\"inLanguage\":\"en-GB\"},{\"@type\":\"Organization\",\"@id\":\"https:\/\/donbaraton.es\/#organization\",\"name\":\"Don Baraton\",\"url\":\"https:\/\/donbaraton.es\/\",\"logo\":{\"@type\":\"ImageObject\",\"inLanguage\":\"en-GB\",\"@id\":\"https:\/\/donbaraton.es\/#\/schema\/logo\/image\/\",\"url\":\"https:\/\/i0.wp.com\/donbaraton.es\/wp-content\/uploads\/2016\/11\/logo_don_baraton.png?fit=228%2C110&ssl=1\",\"contentUrl\":\"https:\/\/i0.wp.com\/donbaraton.es\/wp-content\/uploads\/2016\/11\/logo_don_baraton.png?fit=228%2C110&ssl=1\",\"width\":228,\"height\":110,\"caption\":\"Don Baraton\"},\"image\":{\"@id\":\"https:\/\/donbaraton.es\/#\/schema\/logo\/image\/\"},\"sameAs\":[\"https:\/\/www.facebook.com\/donbaraton.es\",\"https:\/\/x.com\/don_baraton\",\"https:\/\/www.instagram.com\/donbaraton.es\",\"https:\/\/www.linkedin.com\/company\/donbaraton\/\",\"https:\/\/es.pinterest.com\/donbaraton\/\",\"https:\/\/www.youtube.com\/channel\/UCL02HOwx-F759Jq5MedAZfQ\"]}]}<\/script>\n<!-- \/ Yoast SEO plugin. -->","yoast_head_json":{"title":"Square Glass Coffee Table, 80 x 80 cm - Onil - Don Baraton: tienda de sof\u00e1s, muebles y colchones","robots":{"index":"index","follow":"follow","max-snippet":"max-snippet:-1","max-image-preview":"max-image-preview:large","max-video-preview":"max-video-preview:-1"},"canonical":"https:\/\/donbaraton.es\/en\/p\/square-glass-coffee-table-80-80-onil\/","og_locale":"en_GB","og_type":"article","og_title":"Square Glass Coffee Table, 80 x 80 cm - Onil - Don Baraton: tienda de sof\u00e1s, muebles y colchones","og_description":"Toughened transparent glass Curved glass edges Glass shelf under the top Chrome legs and supports\u00a0  Dimensions: 80 x 80 cm, height 35 cm","og_url":"https:\/\/donbaraton.es\/en\/p\/square-glass-coffee-table-80-80-onil\/","og_site_name":"Don Baraton: tienda de sof\u00e1s, muebles y colchones","article_publisher":"https:\/\/www.facebook.com\/donbaraton.es","article_modified_time":"2022-07-12T11:44:59+00:00","og_image":[{"width":800,"height":600,"url":"https:\/\/i2.wp.com\/donbaraton.es\/wp-content\/uploads\/2020\/10\/Mesa-de-centro-de-cristal-cuadrada-80-x-80-cm-Onil.jpg?fit=800%2C600&ssl=1","type":"image\/jpeg"}],"twitter_card":"summary_large_image","twitter_site":"@don_baraton","schema":{"@context":"https:\/\/schema.org","@graph":[{"@type":"WebPage","@id":"https:\/\/donbaraton.es\/en\/p\/square-glass-coffee-table-80-80-onil\/","url":"https:\/\/donbaraton.es\/en\/p\/square-glass-coffee-table-80-80-onil\/","name":"Square Glass Coffee Table, 80 x 80 cm - Onil - Don Baraton: tienda de sof\u00e1s, muebles y colchones","isPartOf":{"@id":"https:\/\/donbaraton.es\/#website"},"primaryImageOfPage":{"@id":"https:\/\/donbaraton.es\/en\/p\/square-glass-coffee-table-80-80-onil\/#primaryimage"},"image":{"@id":"https:\/\/donbaraton.es\/en\/p\/square-glass-coffee-table-80-80-onil\/#primaryimage"},"thumbnailUrl":"https:\/\/donbaraton.es\/wp-content\/uploads\/2020\/10\/Mesa-de-centro-de-cristal-cuadrada-80-x-80-cm-Onil.jpg","datePublished":"2020-10-10T18:23:01+00:00","dateModified":"2022-07-12T11:44:59+00:00","breadcrumb":{"@id":"https:\/\/donbaraton.es\/en\/p\/square-glass-coffee-table-80-80-onil\/#breadcrumb"},"inLanguage":"en-GB","potentialAction":[{"@type":"ReadAction","target":["https:\/\/donbaraton.es\/en\/p\/square-glass-coffee-table-80-80-onil\/"]}]},{"@type":"ImageObject","inLanguage":"en-GB","@id":"https:\/\/donbaraton.es\/en\/p\/square-glass-coffee-table-80-80-onil\/#primaryimage","url":"https:\/\/donbaraton.es\/wp-content\/uploads\/2020\/10\/Mesa-de-centro-de-cristal-cuadrada-80-x-80-cm-Onil.jpg","contentUrl":"https:\/\/donbaraton.es\/wp-content\/uploads\/2020\/10\/Mesa-de-centro-de-cristal-cuadrada-80-x-80-cm-Onil.jpg","width":800,"height":600,"caption":"Square glass coffee table, 80 x 80 cm - Onil"},{"@type":"BreadcrumbList","@id":"https:\/\/donbaraton.es\/en\/p\/square-glass-coffee-table-80-80-onil\/#breadcrumb","itemListElement":[{"@type":"ListItem","position":1,"name":"Portada","item":"https:\/\/donbaraton.es\/en\/"},{"@type":"ListItem","position":2,"name":"Online Shop","item":"https:\/\/donbaraton.es\/en\/shop\/"},{"@type":"ListItem","position":3,"name":"Square Glass Coffee Table, 80 x 80 cm &#8211; Onil"}]},{"@type":"WebSite","@id":"https:\/\/donbaraton.es\/#website","url":"https:\/\/donbaraton.es\/","name":"Don Baraton: tienda de sof\u00e1s, muebles y colchones","description":"Sofas baratos desde el almac\u00e9n en Almorad\u00ed, Alicante","publisher":{"@id":"https:\/\/donbaraton.es\/#organization"},"potentialAction":[{"@type":"SearchAction","target":{"@type":"EntryPoint","urlTemplate":"https:\/\/donbaraton.es\/?s={search_term_string}"},"query-input":{"@type":"PropertyValueSpecification","valueRequired":true,"valueName":"search_term_string"}}],"inLanguage":"en-GB"},{"@type":"Organization","@id":"https:\/\/donbaraton.es\/#organization","name":"Don Baraton","url":"https:\/\/donbaraton.es\/","logo":{"@type":"ImageObject","inLanguage":"en-GB","@id":"https:\/\/donbaraton.es\/#\/schema\/logo\/image\/","url":"https:\/\/i0.wp.com\/donbaraton.es\/wp-content\/uploads\/2016\/11\/logo_don_baraton.png?fit=228%2C110&ssl=1","contentUrl":"https:\/\/i0.wp.com\/donbaraton.es\/wp-content\/uploads\/2016\/11\/logo_don_baraton.png?fit=228%2C110&ssl=1","width":228,"height":110,"caption":"Don Baraton"},"image":{"@id":"https:\/\/donbaraton.es\/#\/schema\/logo\/image\/"},"sameAs":["https:\/\/www.facebook.com\/donbaraton.es","https:\/\/x.com\/don_baraton","https:\/\/www.instagram.com\/donbaraton.es","https:\/\/www.linkedin.com\/company\/donbaraton\/","https:\/\/es.pinterest.com\/donbaraton\/","https:\/\/www.youtube.com\/channel\/UCL02HOwx-F759Jq5MedAZfQ"]}]}},"_links":{"self":[{"href":"https:\/\/donbaraton.es\/en\/wp-json\/wp\/v2\/product\/27893","targetHints":{"allow":["GET"]}}],"collection":[{"href":"https:\/\/donbaraton.es\/en\/wp-json\/wp\/v2\/product"}],"about":[{"href":"https:\/\/donbaraton.es\/en\/wp-json\/wp\/v2\/types\/product"}],"replies":[{"embeddable":true,"href":"https:\/\/donbaraton.es\/en\/wp-json\/wp\/v2\/comments?post=27893"}],"wp:featuredmedia":[{"embeddable":true,"href":"https:\/\/donbaraton.es\/en\/wp-json\/wp\/v2\/media\/27868"}],"wp:attachment":[{"href":"https:\/\/donbaraton.es\/en\/wp-json\/wp\/v2\/media?parent=27893"}],"wp:term":[{"taxonomy":"product_brand","embeddable":true,"href":"https:\/\/donbaraton.es\/en\/wp-json\/wp\/v2\/product_brand?post=27893"},{"taxonomy":"product_cat","embeddable":true,"href":"https:\/\/donbaraton.es\/en\/wp-json\/wp\/v2\/product_cat?post=27893"},{"taxonomy":"product_tag","embeddable":true,"href":"https:\/\/donbaraton.es\/en\/wp-json\/wp\/v2\/product_tag?post=27893"}],"curies":[{"name":"wp","href":"https:\/\/api.w.org\/{rel}","templated":true}]}}