{"id":27961,"date":"2020-09-19T05:20:28","date_gmt":"2020-09-19T03:20:28","guid":{"rendered":"https:\/\/donbaraton.es\/p\/fiber-pillow-harmoni-1\/"},"modified":"2020-10-23T20:42:04","modified_gmt":"2020-10-23T18:42:04","slug":"fiber-pillow-harmoni-1","status":"publish","type":"product","link":"https:\/\/donbaraton.es\/en\/p\/fiber-pillow-harmoni-1\/","title":{"rendered":"Fiber Pillow &#8211; Harmoni 1"},"content":{"rendered":"<p>The<strong> Harmoni 1 fiber pillow<\/strong> is a soft to touch and breathable pillow, made for a comfortable rest. The outer fabric of the product is microfiber fabric. The pillow is filled with siliconized hollow fiber. This material allows air circulation and releases moisture, avoiding heat while you rest.<\/p>\n<p>The fiber of the pillow is very light, with a high capacity of recovery and resistance. It returns to its original shape quickly without deforming.<\/p>\n<p>Harmoni fiber pillows are hypoallergenic.<\/p>\n<p>Machine washable.<\/p>\n<p><strong>Available sizes (for single and double beds):<\/strong> <strong>70 x 40 cm, 75 x 40 cm, 80 x 40 cm, 90 x 40 cm, 105 x 40 cm, 135 x 40 cm, 150 x 40 cm<\/strong><\/p>\n<p><strong>Composition:<\/strong> microfiber fabric, 100% polyester. <strong>Filling:<\/strong> silicone hollow fiber, 100% polyester.<\/p>\n<p>Plastic bag<\/p>\n","protected":false},"excerpt":{"rendered":"<ul>\n<li>Soft to touch<\/li>\n<li>Breathable<\/li>\n<li>Microfiber fabric<\/li>\n<li>Filled with siliconized hollow fiber to assure air circulation<\/li>\n<li>Height 13-15 cm<\/li>\n<li>7 sizes to choose<\/li>\n<\/ul>\n","protected":false},"featured_media":26312,"comment_status":"open","ping_status":"closed","template":"","meta":{"_et_pb_use_builder":"","_et_pb_old_content":"","_et_gb_content_width":""},"product_brand":[],"product_cat":[323],"product_tag":[],"class_list":{"0":"post-27961","1":"product","2":"type-product","3":"status-publish","4":"has-post-thumbnail","6":"product_cat-pillows","7":"product_shipping_class-articulos-ligeros","8":"pa_firmeza-almohada-medium-firm-pillows","10":"first","11":"instock","12":"sale","13":"taxable","14":"shipping-taxable","15":"purchasable","16":"product-type-variable"},"yoast_head":"<!-- This site is optimized with the Yoast SEO plugin v27.2 - https:\/\/yoast.com\/product\/yoast-seo-wordpress\/ -->\n<title>Fiber Pillow - Harmoni 1 - Don Baraton: tienda de sof\u00e1s, muebles y colchones<\/title>\n<meta name=\"robots\" content=\"index, follow, max-snippet:-1, max-image-preview:large, max-video-preview:-1\" \/>\n<link rel=\"canonical\" href=\"https:\/\/donbaraton.es\/en\/p\/fiber-pillow-harmoni-1\/\" \/>\n<meta property=\"og:locale\" content=\"en_GB\" \/>\n<meta property=\"og:type\" content=\"article\" \/>\n<meta property=\"og:title\" content=\"Fiber Pillow - Harmoni 1 - Don Baraton: tienda de sof\u00e1s, muebles y colchones\" \/>\n<meta property=\"og:description\" content=\"Soft to touch  Breathable  Microfiber fabric  Filled with siliconized hollow fiber to assure air circulation  Height 13-15 cm  7 sizes to choose\" \/>\n<meta property=\"og:url\" content=\"https:\/\/donbaraton.es\/en\/p\/fiber-pillow-harmoni-1\/\" \/>\n<meta property=\"og:site_name\" content=\"Don Baraton: tienda de sof\u00e1s, muebles y colchones\" \/>\n<meta property=\"article:publisher\" content=\"https:\/\/www.facebook.com\/donbaraton.es\" \/>\n<meta property=\"article:modified_time\" content=\"2020-10-23T18:42:04+00:00\" \/>\n<meta property=\"og:image\" content=\"https:\/\/i2.wp.com\/donbaraton.es\/wp-content\/uploads\/2020\/08\/Almohada-econ\u00f3mica-de-fibra-Harmoni.jpg?fit=1000%2C750&ssl=1\" \/>\n\t<meta property=\"og:image:width\" content=\"1000\" \/>\n\t<meta property=\"og:image:height\" content=\"750\" \/>\n\t<meta property=\"og:image:type\" content=\"image\/jpeg\" \/>\n<meta name=\"twitter:card\" content=\"summary_large_image\" \/>\n<meta name=\"twitter:site\" content=\"@don_baraton\" \/>\n<meta name=\"twitter:label1\" content=\"Estimated reading time\" \/>\n\t<meta name=\"twitter:data1\" content=\"1 minute\" \/>\n<script type=\"application\/ld+json\" class=\"yoast-schema-graph\">{\"@context\":\"https:\/\/schema.org\",\"@graph\":[{\"@type\":\"WebPage\",\"@id\":\"https:\/\/donbaraton.es\/en\/p\/fiber-pillow-harmoni-1\/\",\"url\":\"https:\/\/donbaraton.es\/en\/p\/fiber-pillow-harmoni-1\/\",\"name\":\"Fiber Pillow - Harmoni 1 - Don Baraton: tienda de sof\u00e1s, muebles y colchones\",\"isPartOf\":{\"@id\":\"https:\/\/donbaraton.es\/#website\"},\"primaryImageOfPage\":{\"@id\":\"https:\/\/donbaraton.es\/en\/p\/fiber-pillow-harmoni-1\/#primaryimage\"},\"image\":{\"@id\":\"https:\/\/donbaraton.es\/en\/p\/fiber-pillow-harmoni-1\/#primaryimage\"},\"thumbnailUrl\":\"https:\/\/donbaraton.es\/wp-content\/uploads\/2020\/08\/Almohada-econ\u00f3mica-de-fibra-Harmoni.jpg\",\"datePublished\":\"2020-09-19T03:20:28+00:00\",\"dateModified\":\"2020-10-23T18:42:04+00:00\",\"breadcrumb\":{\"@id\":\"https:\/\/donbaraton.es\/en\/p\/fiber-pillow-harmoni-1\/#breadcrumb\"},\"inLanguage\":\"en-GB\",\"potentialAction\":[{\"@type\":\"ReadAction\",\"target\":[\"https:\/\/donbaraton.es\/en\/p\/fiber-pillow-harmoni-1\/\"]}]},{\"@type\":\"ImageObject\",\"inLanguage\":\"en-GB\",\"@id\":\"https:\/\/donbaraton.es\/en\/p\/fiber-pillow-harmoni-1\/#primaryimage\",\"url\":\"https:\/\/donbaraton.es\/wp-content\/uploads\/2020\/08\/Almohada-econ\u00f3mica-de-fibra-Harmoni.jpg\",\"contentUrl\":\"https:\/\/donbaraton.es\/wp-content\/uploads\/2020\/08\/Almohada-econ\u00f3mica-de-fibra-Harmoni.jpg\",\"width\":1000,\"height\":750,\"caption\":\"Fiber Pillow - Harmoni 1\"},{\"@type\":\"BreadcrumbList\",\"@id\":\"https:\/\/donbaraton.es\/en\/p\/fiber-pillow-harmoni-1\/#breadcrumb\",\"itemListElement\":[{\"@type\":\"ListItem\",\"position\":1,\"name\":\"Portada\",\"item\":\"https:\/\/donbaraton.es\/en\/\"},{\"@type\":\"ListItem\",\"position\":2,\"name\":\"Online Shop\",\"item\":\"https:\/\/donbaraton.es\/en\/shop\/\"},{\"@type\":\"ListItem\",\"position\":3,\"name\":\"Fiber Pillow &#8211; Harmoni 1\"}]},{\"@type\":\"WebSite\",\"@id\":\"https:\/\/donbaraton.es\/#website\",\"url\":\"https:\/\/donbaraton.es\/\",\"name\":\"Don Baraton: tienda de sof\u00e1s, muebles y colchones\",\"description\":\"Sofas baratos desde el almac\u00e9n en Almorad\u00ed, Alicante\",\"publisher\":{\"@id\":\"https:\/\/donbaraton.es\/#organization\"},\"potentialAction\":[{\"@type\":\"SearchAction\",\"target\":{\"@type\":\"EntryPoint\",\"urlTemplate\":\"https:\/\/donbaraton.es\/?s={search_term_string}\"},\"query-input\":{\"@type\":\"PropertyValueSpecification\",\"valueRequired\":true,\"valueName\":\"search_term_string\"}}],\"inLanguage\":\"en-GB\"},{\"@type\":\"Organization\",\"@id\":\"https:\/\/donbaraton.es\/#organization\",\"name\":\"Don Baraton\",\"url\":\"https:\/\/donbaraton.es\/\",\"logo\":{\"@type\":\"ImageObject\",\"inLanguage\":\"en-GB\",\"@id\":\"https:\/\/donbaraton.es\/#\/schema\/logo\/image\/\",\"url\":\"https:\/\/i0.wp.com\/donbaraton.es\/wp-content\/uploads\/2016\/11\/logo_don_baraton.png?fit=228%2C110&ssl=1\",\"contentUrl\":\"https:\/\/i0.wp.com\/donbaraton.es\/wp-content\/uploads\/2016\/11\/logo_don_baraton.png?fit=228%2C110&ssl=1\",\"width\":228,\"height\":110,\"caption\":\"Don Baraton\"},\"image\":{\"@id\":\"https:\/\/donbaraton.es\/#\/schema\/logo\/image\/\"},\"sameAs\":[\"https:\/\/www.facebook.com\/donbaraton.es\",\"https:\/\/x.com\/don_baraton\",\"https:\/\/www.instagram.com\/donbaraton.es\",\"https:\/\/www.linkedin.com\/company\/donbaraton\/\",\"https:\/\/es.pinterest.com\/donbaraton\/\",\"https:\/\/www.youtube.com\/channel\/UCL02HOwx-F759Jq5MedAZfQ\"]}]}<\/script>\n<!-- \/ Yoast SEO plugin. -->","yoast_head_json":{"title":"Fiber Pillow - Harmoni 1 - Don Baraton: tienda de sof\u00e1s, muebles y colchones","robots":{"index":"index","follow":"follow","max-snippet":"max-snippet:-1","max-image-preview":"max-image-preview:large","max-video-preview":"max-video-preview:-1"},"canonical":"https:\/\/donbaraton.es\/en\/p\/fiber-pillow-harmoni-1\/","og_locale":"en_GB","og_type":"article","og_title":"Fiber Pillow - Harmoni 1 - Don Baraton: tienda de sof\u00e1s, muebles y colchones","og_description":"Soft to touch  Breathable  Microfiber fabric  Filled with siliconized hollow fiber to assure air circulation  Height 13-15 cm  7 sizes to choose","og_url":"https:\/\/donbaraton.es\/en\/p\/fiber-pillow-harmoni-1\/","og_site_name":"Don Baraton: tienda de sof\u00e1s, muebles y colchones","article_publisher":"https:\/\/www.facebook.com\/donbaraton.es","article_modified_time":"2020-10-23T18:42:04+00:00","og_image":[{"width":1000,"height":750,"url":"https:\/\/i2.wp.com\/donbaraton.es\/wp-content\/uploads\/2020\/08\/Almohada-econ\u00f3mica-de-fibra-Harmoni.jpg?fit=1000%2C750&ssl=1","type":"image\/jpeg"}],"twitter_card":"summary_large_image","twitter_site":"@don_baraton","twitter_misc":{"Estimated reading time":"1 minute"},"schema":{"@context":"https:\/\/schema.org","@graph":[{"@type":"WebPage","@id":"https:\/\/donbaraton.es\/en\/p\/fiber-pillow-harmoni-1\/","url":"https:\/\/donbaraton.es\/en\/p\/fiber-pillow-harmoni-1\/","name":"Fiber Pillow - Harmoni 1 - Don Baraton: tienda de sof\u00e1s, muebles y colchones","isPartOf":{"@id":"https:\/\/donbaraton.es\/#website"},"primaryImageOfPage":{"@id":"https:\/\/donbaraton.es\/en\/p\/fiber-pillow-harmoni-1\/#primaryimage"},"image":{"@id":"https:\/\/donbaraton.es\/en\/p\/fiber-pillow-harmoni-1\/#primaryimage"},"thumbnailUrl":"https:\/\/donbaraton.es\/wp-content\/uploads\/2020\/08\/Almohada-econ\u00f3mica-de-fibra-Harmoni.jpg","datePublished":"2020-09-19T03:20:28+00:00","dateModified":"2020-10-23T18:42:04+00:00","breadcrumb":{"@id":"https:\/\/donbaraton.es\/en\/p\/fiber-pillow-harmoni-1\/#breadcrumb"},"inLanguage":"en-GB","potentialAction":[{"@type":"ReadAction","target":["https:\/\/donbaraton.es\/en\/p\/fiber-pillow-harmoni-1\/"]}]},{"@type":"ImageObject","inLanguage":"en-GB","@id":"https:\/\/donbaraton.es\/en\/p\/fiber-pillow-harmoni-1\/#primaryimage","url":"https:\/\/donbaraton.es\/wp-content\/uploads\/2020\/08\/Almohada-econ\u00f3mica-de-fibra-Harmoni.jpg","contentUrl":"https:\/\/donbaraton.es\/wp-content\/uploads\/2020\/08\/Almohada-econ\u00f3mica-de-fibra-Harmoni.jpg","width":1000,"height":750,"caption":"Fiber Pillow - Harmoni 1"},{"@type":"BreadcrumbList","@id":"https:\/\/donbaraton.es\/en\/p\/fiber-pillow-harmoni-1\/#breadcrumb","itemListElement":[{"@type":"ListItem","position":1,"name":"Portada","item":"https:\/\/donbaraton.es\/en\/"},{"@type":"ListItem","position":2,"name":"Online Shop","item":"https:\/\/donbaraton.es\/en\/shop\/"},{"@type":"ListItem","position":3,"name":"Fiber Pillow &#8211; Harmoni 1"}]},{"@type":"WebSite","@id":"https:\/\/donbaraton.es\/#website","url":"https:\/\/donbaraton.es\/","name":"Don Baraton: tienda de sof\u00e1s, muebles y colchones","description":"Sofas baratos desde el almac\u00e9n en Almorad\u00ed, Alicante","publisher":{"@id":"https:\/\/donbaraton.es\/#organization"},"potentialAction":[{"@type":"SearchAction","target":{"@type":"EntryPoint","urlTemplate":"https:\/\/donbaraton.es\/?s={search_term_string}"},"query-input":{"@type":"PropertyValueSpecification","valueRequired":true,"valueName":"search_term_string"}}],"inLanguage":"en-GB"},{"@type":"Organization","@id":"https:\/\/donbaraton.es\/#organization","name":"Don Baraton","url":"https:\/\/donbaraton.es\/","logo":{"@type":"ImageObject","inLanguage":"en-GB","@id":"https:\/\/donbaraton.es\/#\/schema\/logo\/image\/","url":"https:\/\/i0.wp.com\/donbaraton.es\/wp-content\/uploads\/2016\/11\/logo_don_baraton.png?fit=228%2C110&ssl=1","contentUrl":"https:\/\/i0.wp.com\/donbaraton.es\/wp-content\/uploads\/2016\/11\/logo_don_baraton.png?fit=228%2C110&ssl=1","width":228,"height":110,"caption":"Don Baraton"},"image":{"@id":"https:\/\/donbaraton.es\/#\/schema\/logo\/image\/"},"sameAs":["https:\/\/www.facebook.com\/donbaraton.es","https:\/\/x.com\/don_baraton","https:\/\/www.instagram.com\/donbaraton.es","https:\/\/www.linkedin.com\/company\/donbaraton\/","https:\/\/es.pinterest.com\/donbaraton\/","https:\/\/www.youtube.com\/channel\/UCL02HOwx-F759Jq5MedAZfQ"]}]}},"_links":{"self":[{"href":"https:\/\/donbaraton.es\/en\/wp-json\/wp\/v2\/product\/27961","targetHints":{"allow":["GET"]}}],"collection":[{"href":"https:\/\/donbaraton.es\/en\/wp-json\/wp\/v2\/product"}],"about":[{"href":"https:\/\/donbaraton.es\/en\/wp-json\/wp\/v2\/types\/product"}],"replies":[{"embeddable":true,"href":"https:\/\/donbaraton.es\/en\/wp-json\/wp\/v2\/comments?post=27961"}],"wp:featuredmedia":[{"embeddable":true,"href":"https:\/\/donbaraton.es\/en\/wp-json\/wp\/v2\/media\/26312"}],"wp:attachment":[{"href":"https:\/\/donbaraton.es\/en\/wp-json\/wp\/v2\/media?parent=27961"}],"wp:term":[{"taxonomy":"product_brand","embeddable":true,"href":"https:\/\/donbaraton.es\/en\/wp-json\/wp\/v2\/product_brand?post=27961"},{"taxonomy":"product_cat","embeddable":true,"href":"https:\/\/donbaraton.es\/en\/wp-json\/wp\/v2\/product_cat?post=27961"},{"taxonomy":"product_tag","embeddable":true,"href":"https:\/\/donbaraton.es\/en\/wp-json\/wp\/v2\/product_tag?post=27961"}],"curies":[{"name":"wp","href":"https:\/\/api.w.org\/{rel}","templated":true}]}}