{"id":28559,"date":"2021-10-14T03:21:16","date_gmt":"2020-11-14T03:21:18","guid":{"rendered":"https:\/\/donbaraton.es\/?post_type=product&#038;p=28559"},"modified":"2022-07-14T19:30:32","modified_gmt":"2022-07-14T17:30:32","slug":"u-shaped-8-seater-sofa-xxl-chessy","status":"publish","type":"product","link":"https:\/\/donbaraton.es\/en\/p\/u-shaped-8-seater-sofa-xxl-chessy\/","title":{"rendered":"U-shaped 8 Seater Sofa, XXL &#8211; Chessy"},"content":{"rendered":"<p><strong>U-shaped 8 Seater Sofa, XXL &#8211; Chessy<\/strong><\/p>\n<p>A very large U-shaped sofa with side parts shorter than 2 metres. Perfect for large rectangular linging rooms. The model is upholstered in fabric and faux leather. You can easily install a large coffee table between the two parts of this spacious and comportable couch.<\/p>\n<p><strong>Product video:<\/strong><\/p>\n<p><iframe loading=\"lazy\" title=\"YouTube video player\" src=\"https:\/\/www.youtube.com\/embed\/Gj1U9znUT7k\" width=\"560\" height=\"315\" frameborder=\"0\" allowfullscreen=\"allowfullscreen\"><\/iframe><\/p>\n<p>Available in the following colours:<\/p>\n<ul>\n<li><strong>Grey<\/strong> fabric with <strong>white<\/strong> faux leather<\/li>\n<li><strong>Grey<\/strong> fabric with <strong>black<\/strong> faux leather<\/li>\n<li><strong>Light grey<\/strong> fabric with <strong>white<\/strong> faux leather<\/li>\n<li><strong>Light grey<\/strong> fabric with <strong>black<\/strong> faux leather<\/li>\n<li><strong>Black<\/strong> fabric with <strong>white<\/strong> faux leather<\/li>\n<li><strong>Brown<\/strong> fabric with <strong>brown<\/strong> faux leather<\/li>\n<li><strong>Beige<\/strong> fabric with <strong>brown<\/strong> faux leather<\/li>\n<\/ul>\n<p><strong>Dimensions:<\/strong> length 440 cm, corners 190 cm, height 80-100 cm. Distance between the two parts &#8211; 240 cm. Depth of the seats 58 cm, height of the seats (from the floor) 42 cm, height of the backrests 60 cm<\/p>\n","protected":false},"excerpt":{"rendered":"<ul>\n<li>A very large sofa, 4.4 metres long<\/li>\n<li>8 seats with high backrests<\/li>\n<li>6 reclining headrests (7 positions)<\/li>\n<li>2 wide armrests<\/li>\n<li>Upholstered in synthetic fabric (seats) and faux leather (lower part)<\/li>\n<\/ul>\n<p><strong>Dimensions:<\/strong> length 440 cm, sides 190 cm, height 100 cm<\/p>\n","protected":false},"featured_media":35656,"comment_status":"open","ping_status":"closed","template":"","meta":{"_et_pb_use_builder":"","_et_pb_old_content":"","_et_gb_content_width":""},"product_brand":[],"product_cat":[108,35],"product_tag":[],"class_list":{"0":"post-28559","1":"product","2":"type-product","3":"status-publish","4":"has-post-thumbnail","6":"product_cat-corner-sofas","7":"product_cat-sofas-en","8":"product_shipping_class-articulos-pesados","9":"pa_largo-sofas-301-cm-plus","10":"pa_material-fabric","11":"pa_material-faux-leather","12":"pa_muelles-sinuous-springs","13":"pa_plazas-large-sofas","15":"first","16":"instock","17":"sale","18":"taxable","19":"shipping-taxable","20":"purchasable","21":"product-type-variable"},"yoast_head":"<!-- This site is optimized with the Yoast SEO plugin v27.2 - https:\/\/yoast.com\/product\/yoast-seo-wordpress\/ -->\n<title>U-shaped 8 Seater Sofa, XXL - Chessy - Don Baraton: tienda de sof\u00e1s, muebles y colchones<\/title>\n<meta name=\"robots\" content=\"index, follow, max-snippet:-1, max-image-preview:large, max-video-preview:-1\" \/>\n<link rel=\"canonical\" href=\"https:\/\/donbaraton.es\/en\/p\/u-shaped-8-seater-sofa-xxl-chessy\/\" \/>\n<meta property=\"og:locale\" content=\"en_GB\" \/>\n<meta property=\"og:type\" content=\"article\" \/>\n<meta property=\"og:title\" content=\"U-shaped 8 Seater Sofa, XXL - Chessy - Don Baraton: tienda de sof\u00e1s, muebles y colchones\" \/>\n<meta property=\"og:description\" content=\"A very large sofa, 4.4 metres long  8 seats with high backrests  6 reclining headrests (7 positions)  2 wide armrests  Upholstered in synthetic fabric (seats) and faux leather (lower part)  Dimensions: length 440 cm, sides 190 cm, height 100 cm\" \/>\n<meta property=\"og:url\" content=\"https:\/\/donbaraton.es\/en\/p\/u-shaped-8-seater-sofa-xxl-chessy\/\" \/>\n<meta property=\"og:site_name\" content=\"Don Baraton: tienda de sof\u00e1s, muebles y colchones\" \/>\n<meta property=\"article:publisher\" content=\"https:\/\/www.facebook.com\/donbaraton.es\" \/>\n<meta property=\"article:modified_time\" content=\"2022-07-14T17:30:32+00:00\" \/>\n<meta property=\"og:image\" content=\"https:\/\/donbaraton.es\/wp-content\/uploads\/2021\/10\/Sofa-en-forma-de-U-8-plazas-XXL-Chessy.-Tela-beige-piel-sintetica-marron.jpg\" \/>\n\t<meta property=\"og:image:width\" content=\"1000\" \/>\n\t<meta property=\"og:image:height\" content=\"750\" \/>\n\t<meta property=\"og:image:type\" content=\"image\/jpeg\" \/>\n<meta name=\"twitter:card\" content=\"summary_large_image\" \/>\n<meta name=\"twitter:site\" content=\"@don_baraton\" \/>\n<meta name=\"twitter:label1\" content=\"Estimated reading time\" \/>\n\t<meta name=\"twitter:data1\" content=\"1 minute\" \/>\n<script type=\"application\/ld+json\" class=\"yoast-schema-graph\">{\"@context\":\"https:\/\/schema.org\",\"@graph\":[{\"@type\":\"WebPage\",\"@id\":\"https:\/\/donbaraton.es\/en\/p\/u-shaped-8-seater-sofa-xxl-chessy\/\",\"url\":\"https:\/\/donbaraton.es\/en\/p\/u-shaped-8-seater-sofa-xxl-chessy\/\",\"name\":\"U-shaped 8 Seater Sofa, XXL - Chessy - Don Baraton: tienda de sof\u00e1s, muebles y colchones\",\"isPartOf\":{\"@id\":\"https:\/\/donbaraton.es\/#website\"},\"primaryImageOfPage\":{\"@id\":\"https:\/\/donbaraton.es\/en\/p\/u-shaped-8-seater-sofa-xxl-chessy\/#primaryimage\"},\"image\":{\"@id\":\"https:\/\/donbaraton.es\/en\/p\/u-shaped-8-seater-sofa-xxl-chessy\/#primaryimage\"},\"thumbnailUrl\":\"https:\/\/donbaraton.es\/wp-content\/uploads\/2021\/10\/Sofa-en-forma-de-U-8-plazas-XXL-Chessy.-Tela-beige-piel-sintetica-marron.jpg\",\"datePublished\":\"2020-11-14T03:21:18+00:00\",\"dateModified\":\"2022-07-14T17:30:32+00:00\",\"breadcrumb\":{\"@id\":\"https:\/\/donbaraton.es\/en\/p\/u-shaped-8-seater-sofa-xxl-chessy\/#breadcrumb\"},\"inLanguage\":\"en-GB\",\"potentialAction\":[{\"@type\":\"ReadAction\",\"target\":[\"https:\/\/donbaraton.es\/en\/p\/u-shaped-8-seater-sofa-xxl-chessy\/\"]}]},{\"@type\":\"ImageObject\",\"inLanguage\":\"en-GB\",\"@id\":\"https:\/\/donbaraton.es\/en\/p\/u-shaped-8-seater-sofa-xxl-chessy\/#primaryimage\",\"url\":\"https:\/\/donbaraton.es\/wp-content\/uploads\/2021\/10\/Sofa-en-forma-de-U-8-plazas-XXL-Chessy.-Tela-beige-piel-sintetica-marron.jpg\",\"contentUrl\":\"https:\/\/donbaraton.es\/wp-content\/uploads\/2021\/10\/Sofa-en-forma-de-U-8-plazas-XXL-Chessy.-Tela-beige-piel-sintetica-marron.jpg\",\"width\":1000,\"height\":750,\"caption\":\"U-shaped 8 seater sofa, XXL - Chessy. Beige fabric, brown faux leather\"},{\"@type\":\"BreadcrumbList\",\"@id\":\"https:\/\/donbaraton.es\/en\/p\/u-shaped-8-seater-sofa-xxl-chessy\/#breadcrumb\",\"itemListElement\":[{\"@type\":\"ListItem\",\"position\":1,\"name\":\"Portada\",\"item\":\"https:\/\/donbaraton.es\/en\/\"},{\"@type\":\"ListItem\",\"position\":2,\"name\":\"Online Shop\",\"item\":\"https:\/\/donbaraton.es\/en\/shop\/\"},{\"@type\":\"ListItem\",\"position\":3,\"name\":\"U-shaped 8 Seater Sofa, XXL &#8211; Chessy\"}]},{\"@type\":\"WebSite\",\"@id\":\"https:\/\/donbaraton.es\/#website\",\"url\":\"https:\/\/donbaraton.es\/\",\"name\":\"Don Baraton: tienda de sof\u00e1s, muebles y colchones\",\"description\":\"Sofas baratos desde el almac\u00e9n en Almorad\u00ed, Alicante\",\"publisher\":{\"@id\":\"https:\/\/donbaraton.es\/#organization\"},\"potentialAction\":[{\"@type\":\"SearchAction\",\"target\":{\"@type\":\"EntryPoint\",\"urlTemplate\":\"https:\/\/donbaraton.es\/?s={search_term_string}\"},\"query-input\":{\"@type\":\"PropertyValueSpecification\",\"valueRequired\":true,\"valueName\":\"search_term_string\"}}],\"inLanguage\":\"en-GB\"},{\"@type\":\"Organization\",\"@id\":\"https:\/\/donbaraton.es\/#organization\",\"name\":\"Don Baraton\",\"url\":\"https:\/\/donbaraton.es\/\",\"logo\":{\"@type\":\"ImageObject\",\"inLanguage\":\"en-GB\",\"@id\":\"https:\/\/donbaraton.es\/#\/schema\/logo\/image\/\",\"url\":\"https:\/\/i0.wp.com\/donbaraton.es\/wp-content\/uploads\/2016\/11\/logo_don_baraton.png?fit=228%2C110&ssl=1\",\"contentUrl\":\"https:\/\/i0.wp.com\/donbaraton.es\/wp-content\/uploads\/2016\/11\/logo_don_baraton.png?fit=228%2C110&ssl=1\",\"width\":228,\"height\":110,\"caption\":\"Don Baraton\"},\"image\":{\"@id\":\"https:\/\/donbaraton.es\/#\/schema\/logo\/image\/\"},\"sameAs\":[\"https:\/\/www.facebook.com\/donbaraton.es\",\"https:\/\/x.com\/don_baraton\",\"https:\/\/www.instagram.com\/donbaraton.es\",\"https:\/\/www.linkedin.com\/company\/donbaraton\/\",\"https:\/\/es.pinterest.com\/donbaraton\/\",\"https:\/\/www.youtube.com\/channel\/UCL02HOwx-F759Jq5MedAZfQ\"]}]}<\/script>\n<!-- \/ Yoast SEO plugin. -->","yoast_head_json":{"title":"U-shaped 8 Seater Sofa, XXL - Chessy - Don Baraton: tienda de sof\u00e1s, muebles y colchones","robots":{"index":"index","follow":"follow","max-snippet":"max-snippet:-1","max-image-preview":"max-image-preview:large","max-video-preview":"max-video-preview:-1"},"canonical":"https:\/\/donbaraton.es\/en\/p\/u-shaped-8-seater-sofa-xxl-chessy\/","og_locale":"en_GB","og_type":"article","og_title":"U-shaped 8 Seater Sofa, XXL - Chessy - Don Baraton: tienda de sof\u00e1s, muebles y colchones","og_description":"A very large sofa, 4.4 metres long  8 seats with high backrests  6 reclining headrests (7 positions)  2 wide armrests  Upholstered in synthetic fabric (seats) and faux leather (lower part)  Dimensions: length 440 cm, sides 190 cm, height 100 cm","og_url":"https:\/\/donbaraton.es\/en\/p\/u-shaped-8-seater-sofa-xxl-chessy\/","og_site_name":"Don Baraton: tienda de sof\u00e1s, muebles y colchones","article_publisher":"https:\/\/www.facebook.com\/donbaraton.es","article_modified_time":"2022-07-14T17:30:32+00:00","og_image":[{"width":1000,"height":750,"url":"https:\/\/donbaraton.es\/wp-content\/uploads\/2021\/10\/Sofa-en-forma-de-U-8-plazas-XXL-Chessy.-Tela-beige-piel-sintetica-marron.jpg","type":"image\/jpeg"}],"twitter_card":"summary_large_image","twitter_site":"@don_baraton","twitter_misc":{"Estimated reading time":"1 minute"},"schema":{"@context":"https:\/\/schema.org","@graph":[{"@type":"WebPage","@id":"https:\/\/donbaraton.es\/en\/p\/u-shaped-8-seater-sofa-xxl-chessy\/","url":"https:\/\/donbaraton.es\/en\/p\/u-shaped-8-seater-sofa-xxl-chessy\/","name":"U-shaped 8 Seater Sofa, XXL - Chessy - Don Baraton: tienda de sof\u00e1s, muebles y colchones","isPartOf":{"@id":"https:\/\/donbaraton.es\/#website"},"primaryImageOfPage":{"@id":"https:\/\/donbaraton.es\/en\/p\/u-shaped-8-seater-sofa-xxl-chessy\/#primaryimage"},"image":{"@id":"https:\/\/donbaraton.es\/en\/p\/u-shaped-8-seater-sofa-xxl-chessy\/#primaryimage"},"thumbnailUrl":"https:\/\/donbaraton.es\/wp-content\/uploads\/2021\/10\/Sofa-en-forma-de-U-8-plazas-XXL-Chessy.-Tela-beige-piel-sintetica-marron.jpg","datePublished":"2020-11-14T03:21:18+00:00","dateModified":"2022-07-14T17:30:32+00:00","breadcrumb":{"@id":"https:\/\/donbaraton.es\/en\/p\/u-shaped-8-seater-sofa-xxl-chessy\/#breadcrumb"},"inLanguage":"en-GB","potentialAction":[{"@type":"ReadAction","target":["https:\/\/donbaraton.es\/en\/p\/u-shaped-8-seater-sofa-xxl-chessy\/"]}]},{"@type":"ImageObject","inLanguage":"en-GB","@id":"https:\/\/donbaraton.es\/en\/p\/u-shaped-8-seater-sofa-xxl-chessy\/#primaryimage","url":"https:\/\/donbaraton.es\/wp-content\/uploads\/2021\/10\/Sofa-en-forma-de-U-8-plazas-XXL-Chessy.-Tela-beige-piel-sintetica-marron.jpg","contentUrl":"https:\/\/donbaraton.es\/wp-content\/uploads\/2021\/10\/Sofa-en-forma-de-U-8-plazas-XXL-Chessy.-Tela-beige-piel-sintetica-marron.jpg","width":1000,"height":750,"caption":"U-shaped 8 seater sofa, XXL - Chessy. Beige fabric, brown faux leather"},{"@type":"BreadcrumbList","@id":"https:\/\/donbaraton.es\/en\/p\/u-shaped-8-seater-sofa-xxl-chessy\/#breadcrumb","itemListElement":[{"@type":"ListItem","position":1,"name":"Portada","item":"https:\/\/donbaraton.es\/en\/"},{"@type":"ListItem","position":2,"name":"Online Shop","item":"https:\/\/donbaraton.es\/en\/shop\/"},{"@type":"ListItem","position":3,"name":"U-shaped 8 Seater Sofa, XXL &#8211; Chessy"}]},{"@type":"WebSite","@id":"https:\/\/donbaraton.es\/#website","url":"https:\/\/donbaraton.es\/","name":"Don Baraton: tienda de sof\u00e1s, muebles y colchones","description":"Sofas baratos desde el almac\u00e9n en Almorad\u00ed, Alicante","publisher":{"@id":"https:\/\/donbaraton.es\/#organization"},"potentialAction":[{"@type":"SearchAction","target":{"@type":"EntryPoint","urlTemplate":"https:\/\/donbaraton.es\/?s={search_term_string}"},"query-input":{"@type":"PropertyValueSpecification","valueRequired":true,"valueName":"search_term_string"}}],"inLanguage":"en-GB"},{"@type":"Organization","@id":"https:\/\/donbaraton.es\/#organization","name":"Don Baraton","url":"https:\/\/donbaraton.es\/","logo":{"@type":"ImageObject","inLanguage":"en-GB","@id":"https:\/\/donbaraton.es\/#\/schema\/logo\/image\/","url":"https:\/\/i0.wp.com\/donbaraton.es\/wp-content\/uploads\/2016\/11\/logo_don_baraton.png?fit=228%2C110&ssl=1","contentUrl":"https:\/\/i0.wp.com\/donbaraton.es\/wp-content\/uploads\/2016\/11\/logo_don_baraton.png?fit=228%2C110&ssl=1","width":228,"height":110,"caption":"Don Baraton"},"image":{"@id":"https:\/\/donbaraton.es\/#\/schema\/logo\/image\/"},"sameAs":["https:\/\/www.facebook.com\/donbaraton.es","https:\/\/x.com\/don_baraton","https:\/\/www.instagram.com\/donbaraton.es","https:\/\/www.linkedin.com\/company\/donbaraton\/","https:\/\/es.pinterest.com\/donbaraton\/","https:\/\/www.youtube.com\/channel\/UCL02HOwx-F759Jq5MedAZfQ"]}]}},"_links":{"self":[{"href":"https:\/\/donbaraton.es\/en\/wp-json\/wp\/v2\/product\/28559","targetHints":{"allow":["GET"]}}],"collection":[{"href":"https:\/\/donbaraton.es\/en\/wp-json\/wp\/v2\/product"}],"about":[{"href":"https:\/\/donbaraton.es\/en\/wp-json\/wp\/v2\/types\/product"}],"replies":[{"embeddable":true,"href":"https:\/\/donbaraton.es\/en\/wp-json\/wp\/v2\/comments?post=28559"}],"wp:featuredmedia":[{"embeddable":true,"href":"https:\/\/donbaraton.es\/en\/wp-json\/wp\/v2\/media\/35656"}],"wp:attachment":[{"href":"https:\/\/donbaraton.es\/en\/wp-json\/wp\/v2\/media?parent=28559"}],"wp:term":[{"taxonomy":"product_brand","embeddable":true,"href":"https:\/\/donbaraton.es\/en\/wp-json\/wp\/v2\/product_brand?post=28559"},{"taxonomy":"product_cat","embeddable":true,"href":"https:\/\/donbaraton.es\/en\/wp-json\/wp\/v2\/product_cat?post=28559"},{"taxonomy":"product_tag","embeddable":true,"href":"https:\/\/donbaraton.es\/en\/wp-json\/wp\/v2\/product_tag?post=28559"}],"curies":[{"name":"wp","href":"https:\/\/api.w.org\/{rel}","templated":true}]}}