{"id":28902,"date":"2021-09-06T20:20:16","date_gmt":"2020-11-19T04:31:17","guid":{"rendered":"https:\/\/donbaraton.es\/?post_type=product&#038;p=28902"},"modified":"2024-07-18T05:48:21","modified_gmt":"2024-07-18T03:48:21","slug":"5-seater-corner-sofa-high-backrests-headrests-grenoble","status":"publish","type":"product","link":"https:\/\/donbaraton.es\/en\/p\/5-seater-corner-sofa-high-backrests-headrests-grenoble\/","title":{"rendered":"5 Seater Corner Sofa with High Backrests and Headrests &#8211; Grenoble"},"content":{"rendered":"<p><strong>5 Seater Corner Sofa with High Backrests and Headrests &#8211; Grenoble<\/strong><\/p>\n<p>This sofa can be assembled in two variations:<\/p>\n<ul>\n<li><strong>Option 1.<\/strong> One seat on one of the sides and three seats on another side (plus one seat in the corner). You need to choose the side where the shorter part will be (left or right, viewing front)<\/li>\n<li><strong>Option 2.<\/strong> Two seats on each side and one in the middle. You only need to choose the colour in this case\u00a0<\/li>\n<\/ul>\n<p>Available in the following colours:<\/p>\n<ul>\n<li><strong>Black<\/strong> fabric with <strong>white<\/strong> synthetic leather<\/li>\n<li><strong>Light grey<\/strong> fabric with <strong>white<\/strong> synthetic leather<\/li>\n<li><strong>Grey<\/strong> fabric with <strong>black<\/strong> synthetic leather<\/li>\n<li><strong>Grey<\/strong> fabric all over\u00a0<\/li>\n<li><strong>Beige<\/strong>\u00a0fabric with <strong>brown<\/strong> synthetic leather<\/li>\n<\/ul>\n<p><strong>Dimensions. Option1:<\/strong> length 325 cm, length of the shorter part 190 cm, height 80 &#8211; 100 cm (with headrests down and up), depth 100 cm<\/p>\n<p><strong>Dimensions. Option 2:<\/strong> length 265 x 265 cm, height 80 &#8211; 100 cm (with headrests down and up), depth 100 cm<\/p>\n<p><strong>Additional dimensions:<\/strong> seat depth 58 cm, seat height from the floor 42 cm, backrest height (including headrests) 60 cm, armrest width 30 cm<\/p>\n","protected":false},"excerpt":{"rendered":"<ul>\n<li>5 comfortable seats with high backrests\u00a0<\/li>\n<li>4 reclining headrests (7 positions)<\/li>\n<li>2 wide armrests<\/li>\n<li>2 assembly options\u00a0<\/li>\n<li>Upholstered in synthetic fabric (seats) and faux leather (lower part and inserts)<\/li>\n<li>Wave springs<\/li>\n<\/ul>\n<p><strong>Dimensions:<\/strong> 1) length 325 x 190 cm, height 100, depth 100 cm <strong>or<\/strong> 2) length 265 x 265 cm, height 100, depth 100 cm\u00a0<\/p>\n","protected":false},"featured_media":29037,"comment_status":"open","ping_status":"closed","template":"","meta":{"_et_pb_use_builder":"","_et_pb_old_content":"","_et_gb_content_width":""},"product_brand":[],"product_cat":[108,35],"product_tag":[],"class_list":{"0":"post-28902","1":"product","2":"type-product","3":"status-publish","4":"has-post-thumbnail","6":"product_cat-corner-sofas","7":"product_cat-sofas-en","8":"product_shipping_class-articulos-pesados","9":"pa_lado-left","10":"pa_lado-right","11":"pa_largo-sofas-251-300-cm-en","12":"pa_largo-sofas-301-cm-plus","13":"pa_material-fabric","14":"pa_material-faux-leather","15":"pa_muelles-sinuous-springs","16":"pa_plazas-large-sofas","18":"first","19":"instock","20":"sale","21":"taxable","22":"shipping-taxable","23":"purchasable","24":"product-type-variable"},"yoast_head":"<!-- This site is optimized with the Yoast SEO plugin v27.2 - https:\/\/yoast.com\/product\/yoast-seo-wordpress\/ -->\n<title>5 Seater Corner Sofa with High Backrests and Headrests - Grenoble - Don Baraton: tienda de sof\u00e1s, muebles y colchones<\/title>\n<meta name=\"robots\" content=\"index, follow, max-snippet:-1, max-image-preview:large, max-video-preview:-1\" \/>\n<link rel=\"canonical\" href=\"https:\/\/donbaraton.es\/en\/p\/5-seater-corner-sofa-high-backrests-headrests-grenoble\/\" \/>\n<meta property=\"og:locale\" content=\"en_GB\" \/>\n<meta property=\"og:type\" content=\"article\" \/>\n<meta property=\"og:title\" content=\"5 Seater Corner Sofa with High Backrests and Headrests - Grenoble - Don Baraton: tienda de sof\u00e1s, muebles y colchones\" \/>\n<meta property=\"og:description\" content=\"5 comfortable seats with high backrests\u00a0 4 reclining headrests (7 positions) 2 wide armrests 2 assembly options\u00a0 Upholstered in synthetic fabric (seats) and faux leather (lower part and inserts) Wave springs  Dimensions: 1) length 325 x 190 cm, height 100, depth 100 cm or 2) length 265 x 265 cm, height 100, depth 100 cm\u00a0\" \/>\n<meta property=\"og:url\" content=\"https:\/\/donbaraton.es\/en\/p\/5-seater-corner-sofa-high-backrests-headrests-grenoble\/\" \/>\n<meta property=\"og:site_name\" content=\"Don Baraton: tienda de sof\u00e1s, muebles y colchones\" \/>\n<meta property=\"article:publisher\" content=\"https:\/\/www.facebook.com\/donbaraton.es\" \/>\n<meta property=\"article:modified_time\" content=\"2024-07-18T03:48:21+00:00\" \/>\n<meta property=\"og:image\" content=\"https:\/\/i0.wp.com\/donbaraton.es\/wp-content\/uploads\/2020\/11\/Sofa-rinconera-5-plazas-altos-reposacebezas-y-respaldos-Grenoble.-Angulo-derecho-tela-beige-polipiel-marron.jpg?fit=1000%2C750&ssl=1\" \/>\n\t<meta property=\"og:image:width\" content=\"1000\" \/>\n\t<meta property=\"og:image:height\" content=\"750\" \/>\n\t<meta property=\"og:image:type\" content=\"image\/jpeg\" \/>\n<meta name=\"twitter:card\" content=\"summary_large_image\" \/>\n<meta name=\"twitter:site\" content=\"@don_baraton\" \/>\n<meta name=\"twitter:label1\" content=\"Estimated reading time\" \/>\n\t<meta name=\"twitter:data1\" content=\"1 minute\" \/>\n<script type=\"application\/ld+json\" class=\"yoast-schema-graph\">{\"@context\":\"https:\/\/schema.org\",\"@graph\":[{\"@type\":\"WebPage\",\"@id\":\"https:\/\/donbaraton.es\/en\/p\/5-seater-corner-sofa-high-backrests-headrests-grenoble\/\",\"url\":\"https:\/\/donbaraton.es\/en\/p\/5-seater-corner-sofa-high-backrests-headrests-grenoble\/\",\"name\":\"5 Seater Corner Sofa with High Backrests and Headrests - Grenoble - Don Baraton: tienda de sof\u00e1s, muebles y colchones\",\"isPartOf\":{\"@id\":\"https:\/\/donbaraton.es\/#website\"},\"primaryImageOfPage\":{\"@id\":\"https:\/\/donbaraton.es\/en\/p\/5-seater-corner-sofa-high-backrests-headrests-grenoble\/#primaryimage\"},\"image\":{\"@id\":\"https:\/\/donbaraton.es\/en\/p\/5-seater-corner-sofa-high-backrests-headrests-grenoble\/#primaryimage\"},\"thumbnailUrl\":\"https:\/\/donbaraton.es\/wp-content\/uploads\/2020\/11\/Sofa-rinconera-5-plazas-altos-reposacebezas-y-respaldos-Grenoble.-Angulo-derecho-tela-beige-polipiel-marron.jpg\",\"datePublished\":\"2020-11-19T04:31:17+00:00\",\"dateModified\":\"2024-07-18T03:48:21+00:00\",\"breadcrumb\":{\"@id\":\"https:\/\/donbaraton.es\/en\/p\/5-seater-corner-sofa-high-backrests-headrests-grenoble\/#breadcrumb\"},\"inLanguage\":\"en-GB\",\"potentialAction\":[{\"@type\":\"ReadAction\",\"target\":[\"https:\/\/donbaraton.es\/en\/p\/5-seater-corner-sofa-high-backrests-headrests-grenoble\/\"]}]},{\"@type\":\"ImageObject\",\"inLanguage\":\"en-GB\",\"@id\":\"https:\/\/donbaraton.es\/en\/p\/5-seater-corner-sofa-high-backrests-headrests-grenoble\/#primaryimage\",\"url\":\"https:\/\/donbaraton.es\/wp-content\/uploads\/2020\/11\/Sofa-rinconera-5-plazas-altos-reposacebezas-y-respaldos-Grenoble.-Angulo-derecho-tela-beige-polipiel-marron.jpg\",\"contentUrl\":\"https:\/\/donbaraton.es\/wp-content\/uploads\/2020\/11\/Sofa-rinconera-5-plazas-altos-reposacebezas-y-respaldos-Grenoble.-Angulo-derecho-tela-beige-polipiel-marron.jpg\",\"width\":1000,\"height\":750,\"caption\":\"5 seater corner sofa with high backrests and headrests - Grenoble. Beige fabric, brown faux leather. Corner on the right\"},{\"@type\":\"BreadcrumbList\",\"@id\":\"https:\/\/donbaraton.es\/en\/p\/5-seater-corner-sofa-high-backrests-headrests-grenoble\/#breadcrumb\",\"itemListElement\":[{\"@type\":\"ListItem\",\"position\":1,\"name\":\"Portada\",\"item\":\"https:\/\/donbaraton.es\/en\/\"},{\"@type\":\"ListItem\",\"position\":2,\"name\":\"Online Shop\",\"item\":\"https:\/\/donbaraton.es\/en\/shop\/\"},{\"@type\":\"ListItem\",\"position\":3,\"name\":\"5 Seater Corner Sofa with High Backrests and Headrests &#8211; Grenoble\"}]},{\"@type\":\"WebSite\",\"@id\":\"https:\/\/donbaraton.es\/#website\",\"url\":\"https:\/\/donbaraton.es\/\",\"name\":\"Don Baraton: tienda de sof\u00e1s, muebles y colchones\",\"description\":\"Sofas baratos desde el almac\u00e9n en Almorad\u00ed, Alicante\",\"publisher\":{\"@id\":\"https:\/\/donbaraton.es\/#organization\"},\"potentialAction\":[{\"@type\":\"SearchAction\",\"target\":{\"@type\":\"EntryPoint\",\"urlTemplate\":\"https:\/\/donbaraton.es\/?s={search_term_string}\"},\"query-input\":{\"@type\":\"PropertyValueSpecification\",\"valueRequired\":true,\"valueName\":\"search_term_string\"}}],\"inLanguage\":\"en-GB\"},{\"@type\":\"Organization\",\"@id\":\"https:\/\/donbaraton.es\/#organization\",\"name\":\"Don Baraton\",\"url\":\"https:\/\/donbaraton.es\/\",\"logo\":{\"@type\":\"ImageObject\",\"inLanguage\":\"en-GB\",\"@id\":\"https:\/\/donbaraton.es\/#\/schema\/logo\/image\/\",\"url\":\"https:\/\/i0.wp.com\/donbaraton.es\/wp-content\/uploads\/2016\/11\/logo_don_baraton.png?fit=228%2C110&ssl=1\",\"contentUrl\":\"https:\/\/i0.wp.com\/donbaraton.es\/wp-content\/uploads\/2016\/11\/logo_don_baraton.png?fit=228%2C110&ssl=1\",\"width\":228,\"height\":110,\"caption\":\"Don Baraton\"},\"image\":{\"@id\":\"https:\/\/donbaraton.es\/#\/schema\/logo\/image\/\"},\"sameAs\":[\"https:\/\/www.facebook.com\/donbaraton.es\",\"https:\/\/x.com\/don_baraton\",\"https:\/\/www.instagram.com\/donbaraton.es\",\"https:\/\/www.linkedin.com\/company\/donbaraton\/\",\"https:\/\/es.pinterest.com\/donbaraton\/\",\"https:\/\/www.youtube.com\/channel\/UCL02HOwx-F759Jq5MedAZfQ\"]}]}<\/script>\n<!-- \/ Yoast SEO plugin. -->","yoast_head_json":{"title":"5 Seater Corner Sofa with High Backrests and Headrests - Grenoble - Don Baraton: tienda de sof\u00e1s, muebles y colchones","robots":{"index":"index","follow":"follow","max-snippet":"max-snippet:-1","max-image-preview":"max-image-preview:large","max-video-preview":"max-video-preview:-1"},"canonical":"https:\/\/donbaraton.es\/en\/p\/5-seater-corner-sofa-high-backrests-headrests-grenoble\/","og_locale":"en_GB","og_type":"article","og_title":"5 Seater Corner Sofa with High Backrests and Headrests - Grenoble - Don Baraton: tienda de sof\u00e1s, muebles y colchones","og_description":"5 comfortable seats with high backrests\u00a0 4 reclining headrests (7 positions) 2 wide armrests 2 assembly options\u00a0 Upholstered in synthetic fabric (seats) and faux leather (lower part and inserts) Wave springs  Dimensions: 1) length 325 x 190 cm, height 100, depth 100 cm or 2) length 265 x 265 cm, height 100, depth 100 cm\u00a0","og_url":"https:\/\/donbaraton.es\/en\/p\/5-seater-corner-sofa-high-backrests-headrests-grenoble\/","og_site_name":"Don Baraton: tienda de sof\u00e1s, muebles y colchones","article_publisher":"https:\/\/www.facebook.com\/donbaraton.es","article_modified_time":"2024-07-18T03:48:21+00:00","og_image":[{"width":1000,"height":750,"url":"https:\/\/i0.wp.com\/donbaraton.es\/wp-content\/uploads\/2020\/11\/Sofa-rinconera-5-plazas-altos-reposacebezas-y-respaldos-Grenoble.-Angulo-derecho-tela-beige-polipiel-marron.jpg?fit=1000%2C750&ssl=1","type":"image\/jpeg"}],"twitter_card":"summary_large_image","twitter_site":"@don_baraton","twitter_misc":{"Estimated reading time":"1 minute"},"schema":{"@context":"https:\/\/schema.org","@graph":[{"@type":"WebPage","@id":"https:\/\/donbaraton.es\/en\/p\/5-seater-corner-sofa-high-backrests-headrests-grenoble\/","url":"https:\/\/donbaraton.es\/en\/p\/5-seater-corner-sofa-high-backrests-headrests-grenoble\/","name":"5 Seater Corner Sofa with High Backrests and Headrests - Grenoble - Don Baraton: tienda de sof\u00e1s, muebles y colchones","isPartOf":{"@id":"https:\/\/donbaraton.es\/#website"},"primaryImageOfPage":{"@id":"https:\/\/donbaraton.es\/en\/p\/5-seater-corner-sofa-high-backrests-headrests-grenoble\/#primaryimage"},"image":{"@id":"https:\/\/donbaraton.es\/en\/p\/5-seater-corner-sofa-high-backrests-headrests-grenoble\/#primaryimage"},"thumbnailUrl":"https:\/\/donbaraton.es\/wp-content\/uploads\/2020\/11\/Sofa-rinconera-5-plazas-altos-reposacebezas-y-respaldos-Grenoble.-Angulo-derecho-tela-beige-polipiel-marron.jpg","datePublished":"2020-11-19T04:31:17+00:00","dateModified":"2024-07-18T03:48:21+00:00","breadcrumb":{"@id":"https:\/\/donbaraton.es\/en\/p\/5-seater-corner-sofa-high-backrests-headrests-grenoble\/#breadcrumb"},"inLanguage":"en-GB","potentialAction":[{"@type":"ReadAction","target":["https:\/\/donbaraton.es\/en\/p\/5-seater-corner-sofa-high-backrests-headrests-grenoble\/"]}]},{"@type":"ImageObject","inLanguage":"en-GB","@id":"https:\/\/donbaraton.es\/en\/p\/5-seater-corner-sofa-high-backrests-headrests-grenoble\/#primaryimage","url":"https:\/\/donbaraton.es\/wp-content\/uploads\/2020\/11\/Sofa-rinconera-5-plazas-altos-reposacebezas-y-respaldos-Grenoble.-Angulo-derecho-tela-beige-polipiel-marron.jpg","contentUrl":"https:\/\/donbaraton.es\/wp-content\/uploads\/2020\/11\/Sofa-rinconera-5-plazas-altos-reposacebezas-y-respaldos-Grenoble.-Angulo-derecho-tela-beige-polipiel-marron.jpg","width":1000,"height":750,"caption":"5 seater corner sofa with high backrests and headrests - Grenoble. Beige fabric, brown faux leather. Corner on the right"},{"@type":"BreadcrumbList","@id":"https:\/\/donbaraton.es\/en\/p\/5-seater-corner-sofa-high-backrests-headrests-grenoble\/#breadcrumb","itemListElement":[{"@type":"ListItem","position":1,"name":"Portada","item":"https:\/\/donbaraton.es\/en\/"},{"@type":"ListItem","position":2,"name":"Online Shop","item":"https:\/\/donbaraton.es\/en\/shop\/"},{"@type":"ListItem","position":3,"name":"5 Seater Corner Sofa with High Backrests and Headrests &#8211; Grenoble"}]},{"@type":"WebSite","@id":"https:\/\/donbaraton.es\/#website","url":"https:\/\/donbaraton.es\/","name":"Don Baraton: tienda de sof\u00e1s, muebles y colchones","description":"Sofas baratos desde el almac\u00e9n en Almorad\u00ed, Alicante","publisher":{"@id":"https:\/\/donbaraton.es\/#organization"},"potentialAction":[{"@type":"SearchAction","target":{"@type":"EntryPoint","urlTemplate":"https:\/\/donbaraton.es\/?s={search_term_string}"},"query-input":{"@type":"PropertyValueSpecification","valueRequired":true,"valueName":"search_term_string"}}],"inLanguage":"en-GB"},{"@type":"Organization","@id":"https:\/\/donbaraton.es\/#organization","name":"Don Baraton","url":"https:\/\/donbaraton.es\/","logo":{"@type":"ImageObject","inLanguage":"en-GB","@id":"https:\/\/donbaraton.es\/#\/schema\/logo\/image\/","url":"https:\/\/i0.wp.com\/donbaraton.es\/wp-content\/uploads\/2016\/11\/logo_don_baraton.png?fit=228%2C110&ssl=1","contentUrl":"https:\/\/i0.wp.com\/donbaraton.es\/wp-content\/uploads\/2016\/11\/logo_don_baraton.png?fit=228%2C110&ssl=1","width":228,"height":110,"caption":"Don Baraton"},"image":{"@id":"https:\/\/donbaraton.es\/#\/schema\/logo\/image\/"},"sameAs":["https:\/\/www.facebook.com\/donbaraton.es","https:\/\/x.com\/don_baraton","https:\/\/www.instagram.com\/donbaraton.es","https:\/\/www.linkedin.com\/company\/donbaraton\/","https:\/\/es.pinterest.com\/donbaraton\/","https:\/\/www.youtube.com\/channel\/UCL02HOwx-F759Jq5MedAZfQ"]}]}},"_links":{"self":[{"href":"https:\/\/donbaraton.es\/en\/wp-json\/wp\/v2\/product\/28902","targetHints":{"allow":["GET"]}}],"collection":[{"href":"https:\/\/donbaraton.es\/en\/wp-json\/wp\/v2\/product"}],"about":[{"href":"https:\/\/donbaraton.es\/en\/wp-json\/wp\/v2\/types\/product"}],"replies":[{"embeddable":true,"href":"https:\/\/donbaraton.es\/en\/wp-json\/wp\/v2\/comments?post=28902"}],"wp:featuredmedia":[{"embeddable":true,"href":"https:\/\/donbaraton.es\/en\/wp-json\/wp\/v2\/media\/29037"}],"wp:attachment":[{"href":"https:\/\/donbaraton.es\/en\/wp-json\/wp\/v2\/media?parent=28902"}],"wp:term":[{"taxonomy":"product_brand","embeddable":true,"href":"https:\/\/donbaraton.es\/en\/wp-json\/wp\/v2\/product_brand?post=28902"},{"taxonomy":"product_cat","embeddable":true,"href":"https:\/\/donbaraton.es\/en\/wp-json\/wp\/v2\/product_cat?post=28902"},{"taxonomy":"product_tag","embeddable":true,"href":"https:\/\/donbaraton.es\/en\/wp-json\/wp\/v2\/product_tag?post=28902"}],"curies":[{"name":"wp","href":"https:\/\/api.w.org\/{rel}","templated":true}]}}