{"id":30807,"date":"2021-11-10T05:08:20","date_gmt":"2021-02-13T19:08:20","guid":{"rendered":"https:\/\/donbaraton.es\/p\/u-shaped-sofa-pull-out-bed-storage-wide-armrest-luton\/"},"modified":"2021-11-22T11:39:46","modified_gmt":"2021-11-22T10:39:46","slug":"u-shaped-sofa-pull-out-bed-storage-wide-armrest-luton","status":"publish","type":"product","link":"https:\/\/donbaraton.es\/en\/p\/u-shaped-sofa-pull-out-bed-storage-wide-armrest-luton\/","title":{"rendered":"U-shaped Sofa with Pull-out Bed, Storage, Wide Armrest &#8211; Luton"},"content":{"rendered":"<p><strong>U-shaped Sofa with Pull-out Bed, Storage, Wide Armrest &#8211; Luton<\/strong><\/p>\n<p><iframe loading=\"lazy\" src=\"https:\/\/www.youtube.com\/embed\/6ydJZDegsz4\" width=\"560\" height=\"315\" frameborder=\"0\" allowfullscreen=\"allowfullscreen\"><\/iframe> <strong>Dimensions: <\/strong>length 340 cm, depth (chaise longue and corner) 200 cm, height 88 cm. <strong>Dimensions of the bed:<\/strong> 120 x 295 cm <strong>Additional dimensions:<\/strong> height of the seat from the floor 37 cm, depth of the seat 53 cm, height of the backrest cushions 51 cm <strong>Packaging. Pack 1:<\/strong> 40 x 70 x 100 cm. <strong>Pack 2.<\/strong> 140 x 50 x 100 cm. <strong>Pack 3:<\/strong> 200 x 120 x 50 cm <strong>Pack 4:<\/strong> 200 x 120 x 70 cm <strong>Weight:<\/strong> 200 kg<\/p>\n","protected":false},"excerpt":{"rendered":"<ul>\n<li>7 backrest cushions<\/li>\n<li>Pull-out bed 120 x 295 cm<\/li>\n<li>Upholstered in fabric and faux leather<\/li>\n<li>Storage under the seat<\/li>\n<li>Chrome legs<\/li>\n<\/ul>\n<p><strong>Dimensions:<\/strong> length 340 cm, depth (chaise longue and corner) 200 cm, height 88 cm<\/p>\n","protected":false},"featured_media":30781,"comment_status":"open","ping_status":"closed","template":"","meta":{"_et_pb_use_builder":"","_et_pb_old_content":"","_et_gb_content_width":""},"product_brand":[],"product_cat":[108,35],"product_tag":[],"class_list":{"0":"post-30807","1":"product","2":"type-product","3":"status-publish","4":"has-post-thumbnail","6":"product_cat-corner-sofas","7":"product_cat-sofas-en","8":"product_shipping_class-articulos-pesados","9":"pa_lado-left","10":"pa_lado-right","11":"pa_largo-sofas-301-cm-plus","12":"pa_material-fabric","13":"pa_material-faux-leather","14":"pa_muelles-sinuous-springs","15":"pa_plazas-large-sofas","17":"first","18":"outofstock","19":"sale","20":"taxable","21":"shipping-taxable","22":"purchasable","23":"product-type-variable","24":"has-default-attributes"},"yoast_head":"<!-- This site is optimized with the Yoast SEO plugin v27.2 - https:\/\/yoast.com\/product\/yoast-seo-wordpress\/ -->\n<title>U-shaped Sofa with Pull-out Bed, Storage, Wide Armrest - Luton - Don Baraton: tienda de sof\u00e1s, muebles y colchones<\/title>\n<meta name=\"robots\" content=\"index, follow, max-snippet:-1, max-image-preview:large, max-video-preview:-1\" \/>\n<link rel=\"canonical\" href=\"https:\/\/donbaraton.es\/en\/p\/u-shaped-sofa-pull-out-bed-storage-wide-armrest-luton\/\" \/>\n<meta property=\"og:locale\" content=\"en_GB\" \/>\n<meta property=\"og:type\" content=\"article\" \/>\n<meta property=\"og:title\" content=\"U-shaped Sofa with Pull-out Bed, Storage, Wide Armrest - Luton - Don Baraton: tienda de sof\u00e1s, muebles y colchones\" \/>\n<meta property=\"og:description\" content=\"7 backrest cushions Pull-out bed 120 x 295 cm Upholstered in fabric and faux leather Storage under the seat Chrome legs  Dimensions: length 340 cm, depth (chaise longue and corner) 200 cm, height 88 cm\" \/>\n<meta property=\"og:url\" content=\"https:\/\/donbaraton.es\/en\/p\/u-shaped-sofa-pull-out-bed-storage-wide-armrest-luton\/\" \/>\n<meta property=\"og:site_name\" content=\"Don Baraton: tienda de sof\u00e1s, muebles y colchones\" \/>\n<meta property=\"article:publisher\" content=\"https:\/\/www.facebook.com\/donbaraton.es\" \/>\n<meta property=\"article:modified_time\" content=\"2021-11-22T10:39:46+00:00\" \/>\n<meta property=\"og:image\" content=\"https:\/\/i2.wp.com\/donbaraton.es\/wp-content\/uploads\/2021\/02\/Sofa-en-forma-de-U-con-cama-extraible-arcon-ancho-reposabrazos-Luton.-Esquina-lado-izquierdo-tela-gris-polipiel-blanca.jpg?fit=1000%2C750&ssl=1\" \/>\n\t<meta property=\"og:image:width\" content=\"1000\" \/>\n\t<meta property=\"og:image:height\" content=\"750\" \/>\n\t<meta property=\"og:image:type\" content=\"image\/jpeg\" \/>\n<meta name=\"twitter:card\" content=\"summary_large_image\" \/>\n<meta name=\"twitter:site\" content=\"@don_baraton\" \/>\n<meta name=\"twitter:label1\" content=\"Estimated reading time\" \/>\n\t<meta name=\"twitter:data1\" content=\"1 minute\" \/>\n<script type=\"application\/ld+json\" class=\"yoast-schema-graph\">{\"@context\":\"https:\/\/schema.org\",\"@graph\":[{\"@type\":\"WebPage\",\"@id\":\"https:\/\/donbaraton.es\/en\/p\/u-shaped-sofa-pull-out-bed-storage-wide-armrest-luton\/\",\"url\":\"https:\/\/donbaraton.es\/en\/p\/u-shaped-sofa-pull-out-bed-storage-wide-armrest-luton\/\",\"name\":\"U-shaped Sofa with Pull-out Bed, Storage, Wide Armrest - Luton - Don Baraton: tienda de sof\u00e1s, muebles y colchones\",\"isPartOf\":{\"@id\":\"https:\/\/donbaraton.es\/#website\"},\"primaryImageOfPage\":{\"@id\":\"https:\/\/donbaraton.es\/en\/p\/u-shaped-sofa-pull-out-bed-storage-wide-armrest-luton\/#primaryimage\"},\"image\":{\"@id\":\"https:\/\/donbaraton.es\/en\/p\/u-shaped-sofa-pull-out-bed-storage-wide-armrest-luton\/#primaryimage\"},\"thumbnailUrl\":\"https:\/\/donbaraton.es\/wp-content\/uploads\/2021\/02\/Sofa-en-forma-de-U-con-cama-extraible-arcon-ancho-reposabrazos-Luton.-Esquina-lado-izquierdo-tela-gris-polipiel-blanca.jpg\",\"datePublished\":\"2021-02-13T19:08:20+00:00\",\"dateModified\":\"2021-11-22T10:39:46+00:00\",\"breadcrumb\":{\"@id\":\"https:\/\/donbaraton.es\/en\/p\/u-shaped-sofa-pull-out-bed-storage-wide-armrest-luton\/#breadcrumb\"},\"inLanguage\":\"en-GB\",\"potentialAction\":[{\"@type\":\"ReadAction\",\"target\":[\"https:\/\/donbaraton.es\/en\/p\/u-shaped-sofa-pull-out-bed-storage-wide-armrest-luton\/\"]}]},{\"@type\":\"ImageObject\",\"inLanguage\":\"en-GB\",\"@id\":\"https:\/\/donbaraton.es\/en\/p\/u-shaped-sofa-pull-out-bed-storage-wide-armrest-luton\/#primaryimage\",\"url\":\"https:\/\/donbaraton.es\/wp-content\/uploads\/2021\/02\/Sofa-en-forma-de-U-con-cama-extraible-arcon-ancho-reposabrazos-Luton.-Esquina-lado-izquierdo-tela-gris-polipiel-blanca.jpg\",\"contentUrl\":\"https:\/\/donbaraton.es\/wp-content\/uploads\/2021\/02\/Sofa-en-forma-de-U-con-cama-extraible-arcon-ancho-reposabrazos-Luton.-Esquina-lado-izquierdo-tela-gris-polipiel-blanca.jpg\",\"width\":1000,\"height\":750,\"caption\":\"U-shaped sofa with pull-out bed, storage, wide armrest - Luton. Corner on the left, grey fabric, white faux leather\"},{\"@type\":\"BreadcrumbList\",\"@id\":\"https:\/\/donbaraton.es\/en\/p\/u-shaped-sofa-pull-out-bed-storage-wide-armrest-luton\/#breadcrumb\",\"itemListElement\":[{\"@type\":\"ListItem\",\"position\":1,\"name\":\"Portada\",\"item\":\"https:\/\/donbaraton.es\/en\/\"},{\"@type\":\"ListItem\",\"position\":2,\"name\":\"Online Shop\",\"item\":\"https:\/\/donbaraton.es\/en\/shop\/\"},{\"@type\":\"ListItem\",\"position\":3,\"name\":\"U-shaped Sofa with Pull-out Bed, Storage, Wide Armrest &#8211; Luton\"}]},{\"@type\":\"WebSite\",\"@id\":\"https:\/\/donbaraton.es\/#website\",\"url\":\"https:\/\/donbaraton.es\/\",\"name\":\"Don Baraton: tienda de sof\u00e1s, muebles y colchones\",\"description\":\"Sofas baratos desde el almac\u00e9n en Almorad\u00ed, Alicante\",\"publisher\":{\"@id\":\"https:\/\/donbaraton.es\/#organization\"},\"potentialAction\":[{\"@type\":\"SearchAction\",\"target\":{\"@type\":\"EntryPoint\",\"urlTemplate\":\"https:\/\/donbaraton.es\/?s={search_term_string}\"},\"query-input\":{\"@type\":\"PropertyValueSpecification\",\"valueRequired\":true,\"valueName\":\"search_term_string\"}}],\"inLanguage\":\"en-GB\"},{\"@type\":\"Organization\",\"@id\":\"https:\/\/donbaraton.es\/#organization\",\"name\":\"Don Baraton\",\"url\":\"https:\/\/donbaraton.es\/\",\"logo\":{\"@type\":\"ImageObject\",\"inLanguage\":\"en-GB\",\"@id\":\"https:\/\/donbaraton.es\/#\/schema\/logo\/image\/\",\"url\":\"https:\/\/i0.wp.com\/donbaraton.es\/wp-content\/uploads\/2016\/11\/logo_don_baraton.png?fit=228%2C110&ssl=1\",\"contentUrl\":\"https:\/\/i0.wp.com\/donbaraton.es\/wp-content\/uploads\/2016\/11\/logo_don_baraton.png?fit=228%2C110&ssl=1\",\"width\":228,\"height\":110,\"caption\":\"Don Baraton\"},\"image\":{\"@id\":\"https:\/\/donbaraton.es\/#\/schema\/logo\/image\/\"},\"sameAs\":[\"https:\/\/www.facebook.com\/donbaraton.es\",\"https:\/\/x.com\/don_baraton\",\"https:\/\/www.instagram.com\/donbaraton.es\",\"https:\/\/www.linkedin.com\/company\/donbaraton\/\",\"https:\/\/es.pinterest.com\/donbaraton\/\",\"https:\/\/www.youtube.com\/channel\/UCL02HOwx-F759Jq5MedAZfQ\"]}]}<\/script>\n<!-- \/ Yoast SEO plugin. -->","yoast_head_json":{"title":"U-shaped Sofa with Pull-out Bed, Storage, Wide Armrest - Luton - Don Baraton: tienda de sof\u00e1s, muebles y colchones","robots":{"index":"index","follow":"follow","max-snippet":"max-snippet:-1","max-image-preview":"max-image-preview:large","max-video-preview":"max-video-preview:-1"},"canonical":"https:\/\/donbaraton.es\/en\/p\/u-shaped-sofa-pull-out-bed-storage-wide-armrest-luton\/","og_locale":"en_GB","og_type":"article","og_title":"U-shaped Sofa with Pull-out Bed, Storage, Wide Armrest - Luton - Don Baraton: tienda de sof\u00e1s, muebles y colchones","og_description":"7 backrest cushions Pull-out bed 120 x 295 cm Upholstered in fabric and faux leather Storage under the seat Chrome legs  Dimensions: length 340 cm, depth (chaise longue and corner) 200 cm, height 88 cm","og_url":"https:\/\/donbaraton.es\/en\/p\/u-shaped-sofa-pull-out-bed-storage-wide-armrest-luton\/","og_site_name":"Don Baraton: tienda de sof\u00e1s, muebles y colchones","article_publisher":"https:\/\/www.facebook.com\/donbaraton.es","article_modified_time":"2021-11-22T10:39:46+00:00","og_image":[{"width":1000,"height":750,"url":"https:\/\/i2.wp.com\/donbaraton.es\/wp-content\/uploads\/2021\/02\/Sofa-en-forma-de-U-con-cama-extraible-arcon-ancho-reposabrazos-Luton.-Esquina-lado-izquierdo-tela-gris-polipiel-blanca.jpg?fit=1000%2C750&ssl=1","type":"image\/jpeg"}],"twitter_card":"summary_large_image","twitter_site":"@don_baraton","twitter_misc":{"Estimated reading time":"1 minute"},"schema":{"@context":"https:\/\/schema.org","@graph":[{"@type":"WebPage","@id":"https:\/\/donbaraton.es\/en\/p\/u-shaped-sofa-pull-out-bed-storage-wide-armrest-luton\/","url":"https:\/\/donbaraton.es\/en\/p\/u-shaped-sofa-pull-out-bed-storage-wide-armrest-luton\/","name":"U-shaped Sofa with Pull-out Bed, Storage, Wide Armrest - Luton - Don Baraton: tienda de sof\u00e1s, muebles y colchones","isPartOf":{"@id":"https:\/\/donbaraton.es\/#website"},"primaryImageOfPage":{"@id":"https:\/\/donbaraton.es\/en\/p\/u-shaped-sofa-pull-out-bed-storage-wide-armrest-luton\/#primaryimage"},"image":{"@id":"https:\/\/donbaraton.es\/en\/p\/u-shaped-sofa-pull-out-bed-storage-wide-armrest-luton\/#primaryimage"},"thumbnailUrl":"https:\/\/donbaraton.es\/wp-content\/uploads\/2021\/02\/Sofa-en-forma-de-U-con-cama-extraible-arcon-ancho-reposabrazos-Luton.-Esquina-lado-izquierdo-tela-gris-polipiel-blanca.jpg","datePublished":"2021-02-13T19:08:20+00:00","dateModified":"2021-11-22T10:39:46+00:00","breadcrumb":{"@id":"https:\/\/donbaraton.es\/en\/p\/u-shaped-sofa-pull-out-bed-storage-wide-armrest-luton\/#breadcrumb"},"inLanguage":"en-GB","potentialAction":[{"@type":"ReadAction","target":["https:\/\/donbaraton.es\/en\/p\/u-shaped-sofa-pull-out-bed-storage-wide-armrest-luton\/"]}]},{"@type":"ImageObject","inLanguage":"en-GB","@id":"https:\/\/donbaraton.es\/en\/p\/u-shaped-sofa-pull-out-bed-storage-wide-armrest-luton\/#primaryimage","url":"https:\/\/donbaraton.es\/wp-content\/uploads\/2021\/02\/Sofa-en-forma-de-U-con-cama-extraible-arcon-ancho-reposabrazos-Luton.-Esquina-lado-izquierdo-tela-gris-polipiel-blanca.jpg","contentUrl":"https:\/\/donbaraton.es\/wp-content\/uploads\/2021\/02\/Sofa-en-forma-de-U-con-cama-extraible-arcon-ancho-reposabrazos-Luton.-Esquina-lado-izquierdo-tela-gris-polipiel-blanca.jpg","width":1000,"height":750,"caption":"U-shaped sofa with pull-out bed, storage, wide armrest - Luton. Corner on the left, grey fabric, white faux leather"},{"@type":"BreadcrumbList","@id":"https:\/\/donbaraton.es\/en\/p\/u-shaped-sofa-pull-out-bed-storage-wide-armrest-luton\/#breadcrumb","itemListElement":[{"@type":"ListItem","position":1,"name":"Portada","item":"https:\/\/donbaraton.es\/en\/"},{"@type":"ListItem","position":2,"name":"Online Shop","item":"https:\/\/donbaraton.es\/en\/shop\/"},{"@type":"ListItem","position":3,"name":"U-shaped Sofa with Pull-out Bed, Storage, Wide Armrest &#8211; Luton"}]},{"@type":"WebSite","@id":"https:\/\/donbaraton.es\/#website","url":"https:\/\/donbaraton.es\/","name":"Don Baraton: tienda de sof\u00e1s, muebles y colchones","description":"Sofas baratos desde el almac\u00e9n en Almorad\u00ed, Alicante","publisher":{"@id":"https:\/\/donbaraton.es\/#organization"},"potentialAction":[{"@type":"SearchAction","target":{"@type":"EntryPoint","urlTemplate":"https:\/\/donbaraton.es\/?s={search_term_string}"},"query-input":{"@type":"PropertyValueSpecification","valueRequired":true,"valueName":"search_term_string"}}],"inLanguage":"en-GB"},{"@type":"Organization","@id":"https:\/\/donbaraton.es\/#organization","name":"Don Baraton","url":"https:\/\/donbaraton.es\/","logo":{"@type":"ImageObject","inLanguage":"en-GB","@id":"https:\/\/donbaraton.es\/#\/schema\/logo\/image\/","url":"https:\/\/i0.wp.com\/donbaraton.es\/wp-content\/uploads\/2016\/11\/logo_don_baraton.png?fit=228%2C110&ssl=1","contentUrl":"https:\/\/i0.wp.com\/donbaraton.es\/wp-content\/uploads\/2016\/11\/logo_don_baraton.png?fit=228%2C110&ssl=1","width":228,"height":110,"caption":"Don Baraton"},"image":{"@id":"https:\/\/donbaraton.es\/#\/schema\/logo\/image\/"},"sameAs":["https:\/\/www.facebook.com\/donbaraton.es","https:\/\/x.com\/don_baraton","https:\/\/www.instagram.com\/donbaraton.es","https:\/\/www.linkedin.com\/company\/donbaraton\/","https:\/\/es.pinterest.com\/donbaraton\/","https:\/\/www.youtube.com\/channel\/UCL02HOwx-F759Jq5MedAZfQ"]}]}},"_links":{"self":[{"href":"https:\/\/donbaraton.es\/en\/wp-json\/wp\/v2\/product\/30807","targetHints":{"allow":["GET"]}}],"collection":[{"href":"https:\/\/donbaraton.es\/en\/wp-json\/wp\/v2\/product"}],"about":[{"href":"https:\/\/donbaraton.es\/en\/wp-json\/wp\/v2\/types\/product"}],"replies":[{"embeddable":true,"href":"https:\/\/donbaraton.es\/en\/wp-json\/wp\/v2\/comments?post=30807"}],"wp:featuredmedia":[{"embeddable":true,"href":"https:\/\/donbaraton.es\/en\/wp-json\/wp\/v2\/media\/30781"}],"wp:attachment":[{"href":"https:\/\/donbaraton.es\/en\/wp-json\/wp\/v2\/media?parent=30807"}],"wp:term":[{"taxonomy":"product_brand","embeddable":true,"href":"https:\/\/donbaraton.es\/en\/wp-json\/wp\/v2\/product_brand?post=30807"},{"taxonomy":"product_cat","embeddable":true,"href":"https:\/\/donbaraton.es\/en\/wp-json\/wp\/v2\/product_cat?post=30807"},{"taxonomy":"product_tag","embeddable":true,"href":"https:\/\/donbaraton.es\/en\/wp-json\/wp\/v2\/product_tag?post=30807"}],"curies":[{"name":"wp","href":"https:\/\/api.w.org\/{rel}","templated":true}]}}