{"id":31636,"date":"2021-03-01T15:58:32","date_gmt":"2021-03-01T14:58:32","guid":{"rendered":"https:\/\/donbaraton.es\/p\/3-seater-sofa-bed-narrow-armrests-bruges\/"},"modified":"2021-03-01T15:58:32","modified_gmt":"2021-03-01T14:58:32","slug":"3-seater-sofa-bed-narrow-armrests-bruges","status":"publish","type":"product","link":"https:\/\/donbaraton.es\/en\/p\/3-seater-sofa-bed-narrow-armrests-bruges\/","title":{"rendered":"3 Seater Sofa Bed With Narrow Armrests &#8211; Bruges"},"content":{"rendered":"<p><strong>3 Seater Sofa Bed With Narrow Armrests &#8211; Bruges<\/strong><\/p>\n<p><strong>Product video:<\/strong><\/p>\n<p><iframe loading=\"lazy\" src=\"https:\/\/www.youtube.com\/embed\/j6IOOHDlCCE\" width=\"560\" height=\"315\" frameborder=\"0\" allowfullscreen=\"allowfullscreen\"><\/iframe><\/p>\n<p><strong>Dimensions:<\/strong> length 208 cm, depth 100 cm, height 80 cm. <strong>Dimensions of the bed: <\/strong>148 x 190 cm. <strong>Height of the seat from the floor: <\/strong>42 cm. <strong>Depth of the seat:<\/strong> 47 cm.<strong> Height of the cushions: <\/strong>52 cm.<strong> Width of the armrests:<\/strong> 9 cm<\/p>\n","protected":false},"excerpt":{"rendered":"<ul>\n<li>Bed 148 x 190 cm<\/li>\n<li>Upholseted in fabric<\/li>\n<li>Storage under the seat<\/li>\n<li>Narrow armrests to save space\u00a0<\/li>\n<li>Sprung seat<\/li>\n<\/ul>\n<p><strong>Dimensions:<\/strong> length 208 cm, depth 100 cm, height 80 cm<\/p>\n","protected":false},"featured_media":31034,"comment_status":"open","ping_status":"closed","template":"","meta":{"_et_pb_use_builder":"","_et_pb_old_content":"","_et_gb_content_width":""},"product_brand":[],"product_cat":[41,35],"product_tag":[],"class_list":{"0":"post-31636","1":"product","2":"type-product","3":"status-publish","4":"has-post-thumbnail","6":"product_cat-sofa-beds","7":"product_cat-sofas-en","8":"product_shipping_class-articulos-pesados","9":"pa_largo-sofas-201-250-cm-en","10":"pa_material-fabric","11":"pa_plazas-3-seater-sofas","13":"first","14":"outofstock","15":"taxable","16":"shipping-taxable","17":"product-type-variable"},"yoast_head":"<!-- This site is optimized with the Yoast SEO plugin v27.2 - https:\/\/yoast.com\/product\/yoast-seo-wordpress\/ -->\n<title>3 Seater Sofa Bed With Narrow Armrests - Bruges - Don Baraton: tienda de sof\u00e1s, muebles y colchones<\/title>\n<meta name=\"robots\" content=\"index, follow, max-snippet:-1, max-image-preview:large, max-video-preview:-1\" \/>\n<link rel=\"canonical\" href=\"https:\/\/donbaraton.es\/en\/p\/3-seater-sofa-bed-narrow-armrests-bruges\/\" \/>\n<meta property=\"og:locale\" content=\"en_GB\" \/>\n<meta property=\"og:type\" content=\"article\" \/>\n<meta property=\"og:title\" content=\"3 Seater Sofa Bed With Narrow Armrests - Bruges - Don Baraton: tienda de sof\u00e1s, muebles y colchones\" \/>\n<meta property=\"og:description\" content=\"Bed 148 x 190 cm Upholseted in fabric Storage under the seat Narrow armrests to save space\u00a0 Sprung seat  Dimensions: length 208 cm, depth 100 cm, height 80 cm\" \/>\n<meta property=\"og:url\" content=\"https:\/\/donbaraton.es\/en\/p\/3-seater-sofa-bed-narrow-armrests-bruges\/\" \/>\n<meta property=\"og:site_name\" content=\"Don Baraton: tienda de sof\u00e1s, muebles y colchones\" \/>\n<meta property=\"article:publisher\" content=\"https:\/\/www.facebook.com\/donbaraton.es\" \/>\n<meta property=\"og:image\" content=\"https:\/\/i0.wp.com\/donbaraton.es\/wp-content\/uploads\/2021\/03\/Sofa-cama-3-plazas-con-brazos-estrechos-Bruges.-Tela-gris.jpg?fit=1000%2C750&ssl=1\" \/>\n\t<meta property=\"og:image:width\" content=\"1000\" \/>\n\t<meta property=\"og:image:height\" content=\"750\" \/>\n\t<meta property=\"og:image:type\" content=\"image\/jpeg\" \/>\n<meta name=\"twitter:card\" content=\"summary_large_image\" \/>\n<meta name=\"twitter:site\" content=\"@don_baraton\" \/>\n<script type=\"application\/ld+json\" class=\"yoast-schema-graph\">{\"@context\":\"https:\/\/schema.org\",\"@graph\":[{\"@type\":\"WebPage\",\"@id\":\"https:\/\/donbaraton.es\/en\/p\/3-seater-sofa-bed-narrow-armrests-bruges\/\",\"url\":\"https:\/\/donbaraton.es\/en\/p\/3-seater-sofa-bed-narrow-armrests-bruges\/\",\"name\":\"3 Seater Sofa Bed With Narrow Armrests - Bruges - Don Baraton: tienda de sof\u00e1s, muebles y colchones\",\"isPartOf\":{\"@id\":\"https:\/\/donbaraton.es\/#website\"},\"primaryImageOfPage\":{\"@id\":\"https:\/\/donbaraton.es\/en\/p\/3-seater-sofa-bed-narrow-armrests-bruges\/#primaryimage\"},\"image\":{\"@id\":\"https:\/\/donbaraton.es\/en\/p\/3-seater-sofa-bed-narrow-armrests-bruges\/#primaryimage\"},\"thumbnailUrl\":\"https:\/\/donbaraton.es\/wp-content\/uploads\/2021\/03\/Sofa-cama-3-plazas-con-brazos-estrechos-Bruges.-Tela-gris.jpg\",\"datePublished\":\"2021-03-01T14:58:32+00:00\",\"breadcrumb\":{\"@id\":\"https:\/\/donbaraton.es\/en\/p\/3-seater-sofa-bed-narrow-armrests-bruges\/#breadcrumb\"},\"inLanguage\":\"en-GB\",\"potentialAction\":[{\"@type\":\"ReadAction\",\"target\":[\"https:\/\/donbaraton.es\/en\/p\/3-seater-sofa-bed-narrow-armrests-bruges\/\"]}]},{\"@type\":\"ImageObject\",\"inLanguage\":\"en-GB\",\"@id\":\"https:\/\/donbaraton.es\/en\/p\/3-seater-sofa-bed-narrow-armrests-bruges\/#primaryimage\",\"url\":\"https:\/\/donbaraton.es\/wp-content\/uploads\/2021\/03\/Sofa-cama-3-plazas-con-brazos-estrechos-Bruges.-Tela-gris.jpg\",\"contentUrl\":\"https:\/\/donbaraton.es\/wp-content\/uploads\/2021\/03\/Sofa-cama-3-plazas-con-brazos-estrechos-Bruges.-Tela-gris.jpg\",\"width\":1000,\"height\":750,\"caption\":\"3 seater sofa bed with narrow armrests - Bruges. Grey fabric\"},{\"@type\":\"BreadcrumbList\",\"@id\":\"https:\/\/donbaraton.es\/en\/p\/3-seater-sofa-bed-narrow-armrests-bruges\/#breadcrumb\",\"itemListElement\":[{\"@type\":\"ListItem\",\"position\":1,\"name\":\"Portada\",\"item\":\"https:\/\/donbaraton.es\/en\/\"},{\"@type\":\"ListItem\",\"position\":2,\"name\":\"Online Shop\",\"item\":\"https:\/\/donbaraton.es\/en\/shop\/\"},{\"@type\":\"ListItem\",\"position\":3,\"name\":\"3 Seater Sofa Bed With Narrow Armrests &#8211; Bruges\"}]},{\"@type\":\"WebSite\",\"@id\":\"https:\/\/donbaraton.es\/#website\",\"url\":\"https:\/\/donbaraton.es\/\",\"name\":\"Don Baraton: tienda de sof\u00e1s, muebles y colchones\",\"description\":\"Sofas baratos desde el almac\u00e9n en Almorad\u00ed, Alicante\",\"publisher\":{\"@id\":\"https:\/\/donbaraton.es\/#organization\"},\"potentialAction\":[{\"@type\":\"SearchAction\",\"target\":{\"@type\":\"EntryPoint\",\"urlTemplate\":\"https:\/\/donbaraton.es\/?s={search_term_string}\"},\"query-input\":{\"@type\":\"PropertyValueSpecification\",\"valueRequired\":true,\"valueName\":\"search_term_string\"}}],\"inLanguage\":\"en-GB\"},{\"@type\":\"Organization\",\"@id\":\"https:\/\/donbaraton.es\/#organization\",\"name\":\"Don Baraton\",\"url\":\"https:\/\/donbaraton.es\/\",\"logo\":{\"@type\":\"ImageObject\",\"inLanguage\":\"en-GB\",\"@id\":\"https:\/\/donbaraton.es\/#\/schema\/logo\/image\/\",\"url\":\"https:\/\/i0.wp.com\/donbaraton.es\/wp-content\/uploads\/2016\/11\/logo_don_baraton.png?fit=228%2C110&ssl=1\",\"contentUrl\":\"https:\/\/i0.wp.com\/donbaraton.es\/wp-content\/uploads\/2016\/11\/logo_don_baraton.png?fit=228%2C110&ssl=1\",\"width\":228,\"height\":110,\"caption\":\"Don Baraton\"},\"image\":{\"@id\":\"https:\/\/donbaraton.es\/#\/schema\/logo\/image\/\"},\"sameAs\":[\"https:\/\/www.facebook.com\/donbaraton.es\",\"https:\/\/x.com\/don_baraton\",\"https:\/\/www.instagram.com\/donbaraton.es\",\"https:\/\/www.linkedin.com\/company\/donbaraton\/\",\"https:\/\/es.pinterest.com\/donbaraton\/\",\"https:\/\/www.youtube.com\/channel\/UCL02HOwx-F759Jq5MedAZfQ\"]}]}<\/script>\n<!-- \/ Yoast SEO plugin. -->","yoast_head_json":{"title":"3 Seater Sofa Bed With Narrow Armrests - Bruges - Don Baraton: tienda de sof\u00e1s, muebles y colchones","robots":{"index":"index","follow":"follow","max-snippet":"max-snippet:-1","max-image-preview":"max-image-preview:large","max-video-preview":"max-video-preview:-1"},"canonical":"https:\/\/donbaraton.es\/en\/p\/3-seater-sofa-bed-narrow-armrests-bruges\/","og_locale":"en_GB","og_type":"article","og_title":"3 Seater Sofa Bed With Narrow Armrests - Bruges - Don Baraton: tienda de sof\u00e1s, muebles y colchones","og_description":"Bed 148 x 190 cm Upholseted in fabric Storage under the seat Narrow armrests to save space\u00a0 Sprung seat  Dimensions: length 208 cm, depth 100 cm, height 80 cm","og_url":"https:\/\/donbaraton.es\/en\/p\/3-seater-sofa-bed-narrow-armrests-bruges\/","og_site_name":"Don Baraton: tienda de sof\u00e1s, muebles y colchones","article_publisher":"https:\/\/www.facebook.com\/donbaraton.es","og_image":[{"width":1000,"height":750,"url":"https:\/\/i0.wp.com\/donbaraton.es\/wp-content\/uploads\/2021\/03\/Sofa-cama-3-plazas-con-brazos-estrechos-Bruges.-Tela-gris.jpg?fit=1000%2C750&ssl=1","type":"image\/jpeg"}],"twitter_card":"summary_large_image","twitter_site":"@don_baraton","schema":{"@context":"https:\/\/schema.org","@graph":[{"@type":"WebPage","@id":"https:\/\/donbaraton.es\/en\/p\/3-seater-sofa-bed-narrow-armrests-bruges\/","url":"https:\/\/donbaraton.es\/en\/p\/3-seater-sofa-bed-narrow-armrests-bruges\/","name":"3 Seater Sofa Bed With Narrow Armrests - Bruges - Don Baraton: tienda de sof\u00e1s, muebles y colchones","isPartOf":{"@id":"https:\/\/donbaraton.es\/#website"},"primaryImageOfPage":{"@id":"https:\/\/donbaraton.es\/en\/p\/3-seater-sofa-bed-narrow-armrests-bruges\/#primaryimage"},"image":{"@id":"https:\/\/donbaraton.es\/en\/p\/3-seater-sofa-bed-narrow-armrests-bruges\/#primaryimage"},"thumbnailUrl":"https:\/\/donbaraton.es\/wp-content\/uploads\/2021\/03\/Sofa-cama-3-plazas-con-brazos-estrechos-Bruges.-Tela-gris.jpg","datePublished":"2021-03-01T14:58:32+00:00","breadcrumb":{"@id":"https:\/\/donbaraton.es\/en\/p\/3-seater-sofa-bed-narrow-armrests-bruges\/#breadcrumb"},"inLanguage":"en-GB","potentialAction":[{"@type":"ReadAction","target":["https:\/\/donbaraton.es\/en\/p\/3-seater-sofa-bed-narrow-armrests-bruges\/"]}]},{"@type":"ImageObject","inLanguage":"en-GB","@id":"https:\/\/donbaraton.es\/en\/p\/3-seater-sofa-bed-narrow-armrests-bruges\/#primaryimage","url":"https:\/\/donbaraton.es\/wp-content\/uploads\/2021\/03\/Sofa-cama-3-plazas-con-brazos-estrechos-Bruges.-Tela-gris.jpg","contentUrl":"https:\/\/donbaraton.es\/wp-content\/uploads\/2021\/03\/Sofa-cama-3-plazas-con-brazos-estrechos-Bruges.-Tela-gris.jpg","width":1000,"height":750,"caption":"3 seater sofa bed with narrow armrests - Bruges. Grey fabric"},{"@type":"BreadcrumbList","@id":"https:\/\/donbaraton.es\/en\/p\/3-seater-sofa-bed-narrow-armrests-bruges\/#breadcrumb","itemListElement":[{"@type":"ListItem","position":1,"name":"Portada","item":"https:\/\/donbaraton.es\/en\/"},{"@type":"ListItem","position":2,"name":"Online Shop","item":"https:\/\/donbaraton.es\/en\/shop\/"},{"@type":"ListItem","position":3,"name":"3 Seater Sofa Bed With Narrow Armrests &#8211; Bruges"}]},{"@type":"WebSite","@id":"https:\/\/donbaraton.es\/#website","url":"https:\/\/donbaraton.es\/","name":"Don Baraton: tienda de sof\u00e1s, muebles y colchones","description":"Sofas baratos desde el almac\u00e9n en Almorad\u00ed, Alicante","publisher":{"@id":"https:\/\/donbaraton.es\/#organization"},"potentialAction":[{"@type":"SearchAction","target":{"@type":"EntryPoint","urlTemplate":"https:\/\/donbaraton.es\/?s={search_term_string}"},"query-input":{"@type":"PropertyValueSpecification","valueRequired":true,"valueName":"search_term_string"}}],"inLanguage":"en-GB"},{"@type":"Organization","@id":"https:\/\/donbaraton.es\/#organization","name":"Don Baraton","url":"https:\/\/donbaraton.es\/","logo":{"@type":"ImageObject","inLanguage":"en-GB","@id":"https:\/\/donbaraton.es\/#\/schema\/logo\/image\/","url":"https:\/\/i0.wp.com\/donbaraton.es\/wp-content\/uploads\/2016\/11\/logo_don_baraton.png?fit=228%2C110&ssl=1","contentUrl":"https:\/\/i0.wp.com\/donbaraton.es\/wp-content\/uploads\/2016\/11\/logo_don_baraton.png?fit=228%2C110&ssl=1","width":228,"height":110,"caption":"Don Baraton"},"image":{"@id":"https:\/\/donbaraton.es\/#\/schema\/logo\/image\/"},"sameAs":["https:\/\/www.facebook.com\/donbaraton.es","https:\/\/x.com\/don_baraton","https:\/\/www.instagram.com\/donbaraton.es","https:\/\/www.linkedin.com\/company\/donbaraton\/","https:\/\/es.pinterest.com\/donbaraton\/","https:\/\/www.youtube.com\/channel\/UCL02HOwx-F759Jq5MedAZfQ"]}]}},"_links":{"self":[{"href":"https:\/\/donbaraton.es\/en\/wp-json\/wp\/v2\/product\/31636","targetHints":{"allow":["GET"]}}],"collection":[{"href":"https:\/\/donbaraton.es\/en\/wp-json\/wp\/v2\/product"}],"about":[{"href":"https:\/\/donbaraton.es\/en\/wp-json\/wp\/v2\/types\/product"}],"replies":[{"embeddable":true,"href":"https:\/\/donbaraton.es\/en\/wp-json\/wp\/v2\/comments?post=31636"}],"wp:featuredmedia":[{"embeddable":true,"href":"https:\/\/donbaraton.es\/en\/wp-json\/wp\/v2\/media\/31034"}],"wp:attachment":[{"href":"https:\/\/donbaraton.es\/en\/wp-json\/wp\/v2\/media?parent=31636"}],"wp:term":[{"taxonomy":"product_brand","embeddable":true,"href":"https:\/\/donbaraton.es\/en\/wp-json\/wp\/v2\/product_brand?post=31636"},{"taxonomy":"product_cat","embeddable":true,"href":"https:\/\/donbaraton.es\/en\/wp-json\/wp\/v2\/product_cat?post=31636"},{"taxonomy":"product_tag","embeddable":true,"href":"https:\/\/donbaraton.es\/en\/wp-json\/wp\/v2\/product_tag?post=31636"}],"curies":[{"name":"wp","href":"https:\/\/api.w.org\/{rel}","templated":true}]}}