{"id":32046,"date":"2021-05-14T02:18:30","date_gmt":"2021-04-15T00:18:30","guid":{"rendered":"https:\/\/donbaraton.es\/p\/u-shaped-6-seater-sofa-grenoble\/"},"modified":"2025-09-11T08:08:33","modified_gmt":"2025-09-11T06:08:33","slug":"u-shaped-6-seater-sofa-grenoble","status":"publish","type":"product","link":"https:\/\/donbaraton.es\/en\/p\/u-shaped-6-seater-sofa-grenoble\/","title":{"rendered":"U-shaped 6 Seater Sofa &#8211; Grenoble"},"content":{"rendered":"<p><strong>U-shaped Six Seater Sofa &#8211; Grenoble<\/strong><\/p>\n<p><strong>Product video:<\/strong><\/p>\n<p><iframe loading=\"lazy\" title=\"YouTube video player\" src=\"https:\/\/www.youtube.com\/embed\/Jk_RhkRggvU\" width=\"560\" height=\"315\" frameborder=\"0\" allowfullscreen=\"allowfullscreen\"><\/iframe><\/p>\n<p>A u-shaped sofa with side parts shorter than 2 metres. The model is upholstered in fabric and faux leather.\u00a0<\/p>\n<p>Available in the following colours:<\/p>\n<ul>\n<li><strong>Grey<\/strong> fabric with <strong>black<\/strong> faux leather<\/li>\n<li><strong>Biege<\/strong> fabric with <strong>brown<\/strong> faux leather<\/li>\n<li><strong>Black<\/strong> fabric with <strong>white<\/strong> faux leather<\/li>\n<li><strong>Light grey<\/strong> fabric with <strong>white<\/strong> faux leather<\/li>\n<\/ul>\n<p><strong>Dimensions:<\/strong> length 320 cm, corners 190 cm, height 80-100 cm. Distance between the two parts &#8211; 120 cm. Depth of the seats 58 cm, height of the seats (from the floor) 42 cm, height of the backrests 60 cm<\/p>\n","protected":false},"excerpt":{"rendered":"<ul>\n<li>Spaciuos 3.2 meters long sofa\u00a0<\/li>\n<li>1.9 m side parts<\/li>\n<li>6 seats with high backrests<\/li>\n<li>4 reclining headrests (7 positions)<\/li>\n<li>2 wide armrests<\/li>\n<li>Upholstered in synthetic fabric (seats) and faux leather (lower part)<\/li>\n<li>Wave springs<\/li>\n<\/ul>\n<p><strong>Dimensions:<\/strong> length 320 cm, sides 190 cm, height 100 cm<\/p>\n","protected":false},"featured_media":31999,"comment_status":"open","ping_status":"closed","template":"","meta":{"_et_pb_use_builder":"","_et_pb_old_content":"","_et_gb_content_width":""},"product_brand":[],"product_cat":[108,35],"product_tag":[],"class_list":{"0":"post-32046","1":"product","2":"type-product","3":"status-publish","4":"has-post-thumbnail","6":"product_cat-corner-sofas","7":"product_cat-sofas-en","8":"product_shipping_class-articulos-pesados","9":"pa_lado-left","10":"pa_lado-reversible-chaise","11":"pa_lado-right","12":"pa_largo-sofas-301-cm-plus","13":"pa_material-fabric","14":"pa_material-faux-leather","15":"pa_muelles-sinuous-springs","16":"pa_plazas-large-sofas","18":"first","19":"instock","20":"sale","21":"taxable","22":"shipping-taxable","23":"purchasable","24":"product-type-variable"},"yoast_head":"<!-- This site is optimized with the Yoast SEO plugin v27.2 - https:\/\/yoast.com\/product\/yoast-seo-wordpress\/ -->\n<title>U-shaped 6 Seater Sofa - Grenoble - Don Baraton: tienda de sof\u00e1s, muebles y colchones<\/title>\n<meta name=\"robots\" content=\"index, follow, max-snippet:-1, max-image-preview:large, max-video-preview:-1\" \/>\n<link rel=\"canonical\" href=\"https:\/\/donbaraton.es\/en\/p\/u-shaped-6-seater-sofa-grenoble\/\" \/>\n<meta property=\"og:locale\" content=\"en_GB\" \/>\n<meta property=\"og:type\" content=\"article\" \/>\n<meta property=\"og:title\" content=\"U-shaped 6 Seater Sofa - Grenoble - Don Baraton: tienda de sof\u00e1s, muebles y colchones\" \/>\n<meta property=\"og:description\" content=\"Spaciuos 3.2 meters long sofa\u00a0 1.9 m side parts 6 seats with high backrests 4 reclining headrests (7 positions) 2 wide armrests Upholstered in synthetic fabric (seats) and faux leather (lower part) Wave springs  Dimensions: length 320 cm, sides 190 cm, height 100 cm\" \/>\n<meta property=\"og:url\" content=\"https:\/\/donbaraton.es\/en\/p\/u-shaped-6-seater-sofa-grenoble\/\" \/>\n<meta property=\"og:site_name\" content=\"Don Baraton: tienda de sof\u00e1s, muebles y colchones\" \/>\n<meta property=\"article:publisher\" content=\"https:\/\/www.facebook.com\/donbaraton.es\" \/>\n<meta property=\"article:modified_time\" content=\"2025-09-11T06:08:33+00:00\" \/>\n<meta property=\"og:image\" content=\"https:\/\/i2.wp.com\/donbaraton.es\/wp-content\/uploads\/2021\/04\/Sofa-en-forma-de-U-6-plazas-Grenoble.-Tela-gris-polipiel-negra.jpg?fit=1000%2C750&ssl=1\" \/>\n\t<meta property=\"og:image:width\" content=\"1000\" \/>\n\t<meta property=\"og:image:height\" content=\"750\" \/>\n\t<meta property=\"og:image:type\" content=\"image\/jpeg\" \/>\n<meta name=\"twitter:card\" content=\"summary_large_image\" \/>\n<meta name=\"twitter:site\" content=\"@don_baraton\" \/>\n<script type=\"application\/ld+json\" class=\"yoast-schema-graph\">{\"@context\":\"https:\/\/schema.org\",\"@graph\":[{\"@type\":\"WebPage\",\"@id\":\"https:\/\/donbaraton.es\/en\/p\/u-shaped-6-seater-sofa-grenoble\/\",\"url\":\"https:\/\/donbaraton.es\/en\/p\/u-shaped-6-seater-sofa-grenoble\/\",\"name\":\"U-shaped 6 Seater Sofa - Grenoble - Don Baraton: tienda de sof\u00e1s, muebles y colchones\",\"isPartOf\":{\"@id\":\"https:\/\/donbaraton.es\/#website\"},\"primaryImageOfPage\":{\"@id\":\"https:\/\/donbaraton.es\/en\/p\/u-shaped-6-seater-sofa-grenoble\/#primaryimage\"},\"image\":{\"@id\":\"https:\/\/donbaraton.es\/en\/p\/u-shaped-6-seater-sofa-grenoble\/#primaryimage\"},\"thumbnailUrl\":\"https:\/\/donbaraton.es\/wp-content\/uploads\/2021\/04\/Sofa-en-forma-de-U-6-plazas-Grenoble.-Tela-gris-polipiel-negra.jpg\",\"datePublished\":\"2021-04-15T00:18:30+00:00\",\"dateModified\":\"2025-09-11T06:08:33+00:00\",\"breadcrumb\":{\"@id\":\"https:\/\/donbaraton.es\/en\/p\/u-shaped-6-seater-sofa-grenoble\/#breadcrumb\"},\"inLanguage\":\"en-GB\",\"potentialAction\":[{\"@type\":\"ReadAction\",\"target\":[\"https:\/\/donbaraton.es\/en\/p\/u-shaped-6-seater-sofa-grenoble\/\"]}]},{\"@type\":\"ImageObject\",\"inLanguage\":\"en-GB\",\"@id\":\"https:\/\/donbaraton.es\/en\/p\/u-shaped-6-seater-sofa-grenoble\/#primaryimage\",\"url\":\"https:\/\/donbaraton.es\/wp-content\/uploads\/2021\/04\/Sofa-en-forma-de-U-6-plazas-Grenoble.-Tela-gris-polipiel-negra.jpg\",\"contentUrl\":\"https:\/\/donbaraton.es\/wp-content\/uploads\/2021\/04\/Sofa-en-forma-de-U-6-plazas-Grenoble.-Tela-gris-polipiel-negra.jpg\",\"width\":1000,\"height\":750,\"caption\":\"U-shaped 6 seater sofa - Grenoble. Grey fabric, black faux leather\"},{\"@type\":\"BreadcrumbList\",\"@id\":\"https:\/\/donbaraton.es\/en\/p\/u-shaped-6-seater-sofa-grenoble\/#breadcrumb\",\"itemListElement\":[{\"@type\":\"ListItem\",\"position\":1,\"name\":\"Portada\",\"item\":\"https:\/\/donbaraton.es\/en\/\"},{\"@type\":\"ListItem\",\"position\":2,\"name\":\"Online Shop\",\"item\":\"https:\/\/donbaraton.es\/en\/shop\/\"},{\"@type\":\"ListItem\",\"position\":3,\"name\":\"U-shaped 6 Seater Sofa &#8211; Grenoble\"}]},{\"@type\":\"WebSite\",\"@id\":\"https:\/\/donbaraton.es\/#website\",\"url\":\"https:\/\/donbaraton.es\/\",\"name\":\"Don Baraton: tienda de sof\u00e1s, muebles y colchones\",\"description\":\"Sofas baratos desde el almac\u00e9n en Almorad\u00ed, Alicante\",\"publisher\":{\"@id\":\"https:\/\/donbaraton.es\/#organization\"},\"potentialAction\":[{\"@type\":\"SearchAction\",\"target\":{\"@type\":\"EntryPoint\",\"urlTemplate\":\"https:\/\/donbaraton.es\/?s={search_term_string}\"},\"query-input\":{\"@type\":\"PropertyValueSpecification\",\"valueRequired\":true,\"valueName\":\"search_term_string\"}}],\"inLanguage\":\"en-GB\"},{\"@type\":\"Organization\",\"@id\":\"https:\/\/donbaraton.es\/#organization\",\"name\":\"Don Baraton\",\"url\":\"https:\/\/donbaraton.es\/\",\"logo\":{\"@type\":\"ImageObject\",\"inLanguage\":\"en-GB\",\"@id\":\"https:\/\/donbaraton.es\/#\/schema\/logo\/image\/\",\"url\":\"https:\/\/i0.wp.com\/donbaraton.es\/wp-content\/uploads\/2016\/11\/logo_don_baraton.png?fit=228%2C110&ssl=1\",\"contentUrl\":\"https:\/\/i0.wp.com\/donbaraton.es\/wp-content\/uploads\/2016\/11\/logo_don_baraton.png?fit=228%2C110&ssl=1\",\"width\":228,\"height\":110,\"caption\":\"Don Baraton\"},\"image\":{\"@id\":\"https:\/\/donbaraton.es\/#\/schema\/logo\/image\/\"},\"sameAs\":[\"https:\/\/www.facebook.com\/donbaraton.es\",\"https:\/\/x.com\/don_baraton\",\"https:\/\/www.instagram.com\/donbaraton.es\",\"https:\/\/www.linkedin.com\/company\/donbaraton\/\",\"https:\/\/es.pinterest.com\/donbaraton\/\",\"https:\/\/www.youtube.com\/channel\/UCL02HOwx-F759Jq5MedAZfQ\"]}]}<\/script>\n<!-- \/ Yoast SEO plugin. -->","yoast_head_json":{"title":"U-shaped 6 Seater Sofa - Grenoble - Don Baraton: tienda de sof\u00e1s, muebles y colchones","robots":{"index":"index","follow":"follow","max-snippet":"max-snippet:-1","max-image-preview":"max-image-preview:large","max-video-preview":"max-video-preview:-1"},"canonical":"https:\/\/donbaraton.es\/en\/p\/u-shaped-6-seater-sofa-grenoble\/","og_locale":"en_GB","og_type":"article","og_title":"U-shaped 6 Seater Sofa - Grenoble - Don Baraton: tienda de sof\u00e1s, muebles y colchones","og_description":"Spaciuos 3.2 meters long sofa\u00a0 1.9 m side parts 6 seats with high backrests 4 reclining headrests (7 positions) 2 wide armrests Upholstered in synthetic fabric (seats) and faux leather (lower part) Wave springs  Dimensions: length 320 cm, sides 190 cm, height 100 cm","og_url":"https:\/\/donbaraton.es\/en\/p\/u-shaped-6-seater-sofa-grenoble\/","og_site_name":"Don Baraton: tienda de sof\u00e1s, muebles y colchones","article_publisher":"https:\/\/www.facebook.com\/donbaraton.es","article_modified_time":"2025-09-11T06:08:33+00:00","og_image":[{"width":1000,"height":750,"url":"https:\/\/i2.wp.com\/donbaraton.es\/wp-content\/uploads\/2021\/04\/Sofa-en-forma-de-U-6-plazas-Grenoble.-Tela-gris-polipiel-negra.jpg?fit=1000%2C750&ssl=1","type":"image\/jpeg"}],"twitter_card":"summary_large_image","twitter_site":"@don_baraton","schema":{"@context":"https:\/\/schema.org","@graph":[{"@type":"WebPage","@id":"https:\/\/donbaraton.es\/en\/p\/u-shaped-6-seater-sofa-grenoble\/","url":"https:\/\/donbaraton.es\/en\/p\/u-shaped-6-seater-sofa-grenoble\/","name":"U-shaped 6 Seater Sofa - Grenoble - Don Baraton: tienda de sof\u00e1s, muebles y colchones","isPartOf":{"@id":"https:\/\/donbaraton.es\/#website"},"primaryImageOfPage":{"@id":"https:\/\/donbaraton.es\/en\/p\/u-shaped-6-seater-sofa-grenoble\/#primaryimage"},"image":{"@id":"https:\/\/donbaraton.es\/en\/p\/u-shaped-6-seater-sofa-grenoble\/#primaryimage"},"thumbnailUrl":"https:\/\/donbaraton.es\/wp-content\/uploads\/2021\/04\/Sofa-en-forma-de-U-6-plazas-Grenoble.-Tela-gris-polipiel-negra.jpg","datePublished":"2021-04-15T00:18:30+00:00","dateModified":"2025-09-11T06:08:33+00:00","breadcrumb":{"@id":"https:\/\/donbaraton.es\/en\/p\/u-shaped-6-seater-sofa-grenoble\/#breadcrumb"},"inLanguage":"en-GB","potentialAction":[{"@type":"ReadAction","target":["https:\/\/donbaraton.es\/en\/p\/u-shaped-6-seater-sofa-grenoble\/"]}]},{"@type":"ImageObject","inLanguage":"en-GB","@id":"https:\/\/donbaraton.es\/en\/p\/u-shaped-6-seater-sofa-grenoble\/#primaryimage","url":"https:\/\/donbaraton.es\/wp-content\/uploads\/2021\/04\/Sofa-en-forma-de-U-6-plazas-Grenoble.-Tela-gris-polipiel-negra.jpg","contentUrl":"https:\/\/donbaraton.es\/wp-content\/uploads\/2021\/04\/Sofa-en-forma-de-U-6-plazas-Grenoble.-Tela-gris-polipiel-negra.jpg","width":1000,"height":750,"caption":"U-shaped 6 seater sofa - Grenoble. Grey fabric, black faux leather"},{"@type":"BreadcrumbList","@id":"https:\/\/donbaraton.es\/en\/p\/u-shaped-6-seater-sofa-grenoble\/#breadcrumb","itemListElement":[{"@type":"ListItem","position":1,"name":"Portada","item":"https:\/\/donbaraton.es\/en\/"},{"@type":"ListItem","position":2,"name":"Online Shop","item":"https:\/\/donbaraton.es\/en\/shop\/"},{"@type":"ListItem","position":3,"name":"U-shaped 6 Seater Sofa &#8211; Grenoble"}]},{"@type":"WebSite","@id":"https:\/\/donbaraton.es\/#website","url":"https:\/\/donbaraton.es\/","name":"Don Baraton: tienda de sof\u00e1s, muebles y colchones","description":"Sofas baratos desde el almac\u00e9n en Almorad\u00ed, Alicante","publisher":{"@id":"https:\/\/donbaraton.es\/#organization"},"potentialAction":[{"@type":"SearchAction","target":{"@type":"EntryPoint","urlTemplate":"https:\/\/donbaraton.es\/?s={search_term_string}"},"query-input":{"@type":"PropertyValueSpecification","valueRequired":true,"valueName":"search_term_string"}}],"inLanguage":"en-GB"},{"@type":"Organization","@id":"https:\/\/donbaraton.es\/#organization","name":"Don Baraton","url":"https:\/\/donbaraton.es\/","logo":{"@type":"ImageObject","inLanguage":"en-GB","@id":"https:\/\/donbaraton.es\/#\/schema\/logo\/image\/","url":"https:\/\/i0.wp.com\/donbaraton.es\/wp-content\/uploads\/2016\/11\/logo_don_baraton.png?fit=228%2C110&ssl=1","contentUrl":"https:\/\/i0.wp.com\/donbaraton.es\/wp-content\/uploads\/2016\/11\/logo_don_baraton.png?fit=228%2C110&ssl=1","width":228,"height":110,"caption":"Don Baraton"},"image":{"@id":"https:\/\/donbaraton.es\/#\/schema\/logo\/image\/"},"sameAs":["https:\/\/www.facebook.com\/donbaraton.es","https:\/\/x.com\/don_baraton","https:\/\/www.instagram.com\/donbaraton.es","https:\/\/www.linkedin.com\/company\/donbaraton\/","https:\/\/es.pinterest.com\/donbaraton\/","https:\/\/www.youtube.com\/channel\/UCL02HOwx-F759Jq5MedAZfQ"]}]}},"_links":{"self":[{"href":"https:\/\/donbaraton.es\/en\/wp-json\/wp\/v2\/product\/32046","targetHints":{"allow":["GET"]}}],"collection":[{"href":"https:\/\/donbaraton.es\/en\/wp-json\/wp\/v2\/product"}],"about":[{"href":"https:\/\/donbaraton.es\/en\/wp-json\/wp\/v2\/types\/product"}],"replies":[{"embeddable":true,"href":"https:\/\/donbaraton.es\/en\/wp-json\/wp\/v2\/comments?post=32046"}],"wp:featuredmedia":[{"embeddable":true,"href":"https:\/\/donbaraton.es\/en\/wp-json\/wp\/v2\/media\/31999"}],"wp:attachment":[{"href":"https:\/\/donbaraton.es\/en\/wp-json\/wp\/v2\/media?parent=32046"}],"wp:term":[{"taxonomy":"product_brand","embeddable":true,"href":"https:\/\/donbaraton.es\/en\/wp-json\/wp\/v2\/product_brand?post=32046"},{"taxonomy":"product_cat","embeddable":true,"href":"https:\/\/donbaraton.es\/en\/wp-json\/wp\/v2\/product_cat?post=32046"},{"taxonomy":"product_tag","embeddable":true,"href":"https:\/\/donbaraton.es\/en\/wp-json\/wp\/v2\/product_tag?post=32046"}],"curies":[{"name":"wp","href":"https:\/\/api.w.org\/{rel}","templated":true}]}}