{"id":32160,"date":"2021-04-22T04:05:03","date_gmt":"2021-04-22T02:05:04","guid":{"rendered":"https:\/\/donbaraton.es\/?post_type=product&#038;p=32160"},"modified":"2021-04-23T05:42:23","modified_gmt":"2021-04-23T03:42:23","slug":"sofa-unfolding-large-bed-namur","status":"publish","type":"product","link":"https:\/\/donbaraton.es\/en\/p\/sofa-unfolding-large-bed-namur\/","title":{"rendered":"Sofa Unfolding Into Large Bed, Brown Fabric &#8211; Namur"},"content":{"rendered":"<p><strong>Sofa Unfolding Into Large Bed, Brown Fabric &#8211; Namur<\/strong><\/p>\n<p>A relateviely small sofa that converts into a large bed of 149 x 201 cm. Upholsted in durable brown fabric. Spung seat (wave springs). Sturdy frame made of chipboard and solid wood. Two backrest cushions and two side cushions used as armrests. Spacious storage compartment under the seat.<\/p>\n<p><strong>Dimensions:<\/strong> length 201 cm, height (with cushions) 93 cm, depth 89 cm. <strong>Dimensions of the bed:<\/strong> 149 x 201 cm. <strong>Additional dimensions:<\/strong> depth of the seat (without backrest cushions) 74 cm, depth of the seat (with backrest cushions) 53 cm, height of the seat from the floor 41 cm<\/p>\n","protected":false},"excerpt":{"rendered":"<ul>\n<li>Side armrest cushions<\/li>\n<li>Bed 149 x 201 cm<\/li>\n<li>Sprung seat (wave springs)<\/li>\n<li>Upholstered in brown fabric<\/li>\n<li>Storage compartment under the seat<\/li>\n<\/ul>\n<p><strong>Dimensions:<\/strong> length 201 cm, height 93 cm, depth 89 cm<\/p>\n","protected":false},"featured_media":32204,"comment_status":"open","ping_status":"closed","template":"","meta":{"_et_pb_use_builder":"","_et_pb_old_content":"","_et_gb_content_width":""},"product_brand":[],"product_cat":[41,35],"product_tag":[],"class_list":{"0":"post-32160","1":"product","2":"type-product","3":"status-publish","4":"has-post-thumbnail","6":"product_cat-sofa-beds","7":"product_cat-sofas-en","8":"product_shipping_class-articulos-pesados","9":"pa_largo-sofas-201-250-cm-en","10":"pa_material-fabric","11":"pa_plazas-2-seater-sofas","12":"pa_plazas-3-seater-sofas","14":"first","15":"outofstock","16":"sale","17":"taxable","18":"shipping-taxable","19":"purchasable","20":"product-type-variable","21":"has-default-attributes"},"yoast_head":"<!-- This site is optimized with the Yoast SEO plugin v27.2 - https:\/\/yoast.com\/product\/yoast-seo-wordpress\/ -->\n<title>Sofa Unfolding Into Large Bed, Brown Fabric - Namur - Don Baraton: tienda de sof\u00e1s, muebles y colchones<\/title>\n<meta name=\"robots\" content=\"index, follow, max-snippet:-1, max-image-preview:large, max-video-preview:-1\" \/>\n<link rel=\"canonical\" href=\"https:\/\/donbaraton.es\/en\/p\/sofa-unfolding-large-bed-namur\/\" \/>\n<meta property=\"og:locale\" content=\"en_GB\" \/>\n<meta property=\"og:type\" content=\"article\" \/>\n<meta property=\"og:title\" content=\"Sofa Unfolding Into Large Bed, Brown Fabric - Namur - Don Baraton: tienda de sof\u00e1s, muebles y colchones\" \/>\n<meta property=\"og:description\" content=\"Side armrest cushions Bed 149 x 201 cm Sprung seat (wave springs) Upholstered in brown fabric Storage compartment under the seat  Dimensions: length 201 cm, height 93 cm, depth 89 cm\" \/>\n<meta property=\"og:url\" content=\"https:\/\/donbaraton.es\/en\/p\/sofa-unfolding-large-bed-namur\/\" \/>\n<meta property=\"og:site_name\" content=\"Don Baraton: tienda de sof\u00e1s, muebles y colchones\" \/>\n<meta property=\"article:publisher\" content=\"https:\/\/www.facebook.com\/donbaraton.es\" \/>\n<meta property=\"article:modified_time\" content=\"2021-04-23T03:42:23+00:00\" \/>\n<meta property=\"og:image\" content=\"https:\/\/i1.wp.com\/donbaraton.es\/wp-content\/uploads\/2021\/04\/Sofa-cama-matrimonio-con-cojines-Namur.-Tela-marron.jpg?fit=1000%2C750&ssl=1\" \/>\n\t<meta property=\"og:image:width\" content=\"1000\" \/>\n\t<meta property=\"og:image:height\" content=\"750\" \/>\n\t<meta property=\"og:image:type\" content=\"image\/jpeg\" \/>\n<meta name=\"twitter:card\" content=\"summary_large_image\" \/>\n<meta name=\"twitter:site\" content=\"@don_baraton\" \/>\n<script type=\"application\/ld+json\" class=\"yoast-schema-graph\">{\"@context\":\"https:\/\/schema.org\",\"@graph\":[{\"@type\":\"WebPage\",\"@id\":\"https:\/\/donbaraton.es\/en\/p\/sofa-unfolding-large-bed-namur\/\",\"url\":\"https:\/\/donbaraton.es\/en\/p\/sofa-unfolding-large-bed-namur\/\",\"name\":\"Sofa Unfolding Into Large Bed, Brown Fabric - Namur - Don Baraton: tienda de sof\u00e1s, muebles y colchones\",\"isPartOf\":{\"@id\":\"https:\/\/donbaraton.es\/#website\"},\"primaryImageOfPage\":{\"@id\":\"https:\/\/donbaraton.es\/en\/p\/sofa-unfolding-large-bed-namur\/#primaryimage\"},\"image\":{\"@id\":\"https:\/\/donbaraton.es\/en\/p\/sofa-unfolding-large-bed-namur\/#primaryimage\"},\"thumbnailUrl\":\"https:\/\/donbaraton.es\/wp-content\/uploads\/2021\/04\/Sofa-cama-matrimonio-con-cojines-Namur.-Tela-marron.jpg\",\"datePublished\":\"2021-04-22T02:05:04+00:00\",\"dateModified\":\"2021-04-23T03:42:23+00:00\",\"breadcrumb\":{\"@id\":\"https:\/\/donbaraton.es\/en\/p\/sofa-unfolding-large-bed-namur\/#breadcrumb\"},\"inLanguage\":\"en-GB\",\"potentialAction\":[{\"@type\":\"ReadAction\",\"target\":[\"https:\/\/donbaraton.es\/en\/p\/sofa-unfolding-large-bed-namur\/\"]}]},{\"@type\":\"ImageObject\",\"inLanguage\":\"en-GB\",\"@id\":\"https:\/\/donbaraton.es\/en\/p\/sofa-unfolding-large-bed-namur\/#primaryimage\",\"url\":\"https:\/\/donbaraton.es\/wp-content\/uploads\/2021\/04\/Sofa-cama-matrimonio-con-cojines-Namur.-Tela-marron.jpg\",\"contentUrl\":\"https:\/\/donbaraton.es\/wp-content\/uploads\/2021\/04\/Sofa-cama-matrimonio-con-cojines-Namur.-Tela-marron.jpg\",\"width\":1000,\"height\":750,\"caption\":\"Sof\u00e1\u00a0cama matrimonio con cojines - Namur. Tela marr\u00f3n\"},{\"@type\":\"BreadcrumbList\",\"@id\":\"https:\/\/donbaraton.es\/en\/p\/sofa-unfolding-large-bed-namur\/#breadcrumb\",\"itemListElement\":[{\"@type\":\"ListItem\",\"position\":1,\"name\":\"Portada\",\"item\":\"https:\/\/donbaraton.es\/en\/\"},{\"@type\":\"ListItem\",\"position\":2,\"name\":\"Online Shop\",\"item\":\"https:\/\/donbaraton.es\/en\/shop\/\"},{\"@type\":\"ListItem\",\"position\":3,\"name\":\"Sofa Unfolding Into Large Bed, Brown Fabric &#8211; Namur\"}]},{\"@type\":\"WebSite\",\"@id\":\"https:\/\/donbaraton.es\/#website\",\"url\":\"https:\/\/donbaraton.es\/\",\"name\":\"Don Baraton: tienda de sof\u00e1s, muebles y colchones\",\"description\":\"Sofas baratos desde el almac\u00e9n en Almorad\u00ed, Alicante\",\"publisher\":{\"@id\":\"https:\/\/donbaraton.es\/#organization\"},\"potentialAction\":[{\"@type\":\"SearchAction\",\"target\":{\"@type\":\"EntryPoint\",\"urlTemplate\":\"https:\/\/donbaraton.es\/?s={search_term_string}\"},\"query-input\":{\"@type\":\"PropertyValueSpecification\",\"valueRequired\":true,\"valueName\":\"search_term_string\"}}],\"inLanguage\":\"en-GB\"},{\"@type\":\"Organization\",\"@id\":\"https:\/\/donbaraton.es\/#organization\",\"name\":\"Don Baraton\",\"url\":\"https:\/\/donbaraton.es\/\",\"logo\":{\"@type\":\"ImageObject\",\"inLanguage\":\"en-GB\",\"@id\":\"https:\/\/donbaraton.es\/#\/schema\/logo\/image\/\",\"url\":\"https:\/\/i0.wp.com\/donbaraton.es\/wp-content\/uploads\/2016\/11\/logo_don_baraton.png?fit=228%2C110&ssl=1\",\"contentUrl\":\"https:\/\/i0.wp.com\/donbaraton.es\/wp-content\/uploads\/2016\/11\/logo_don_baraton.png?fit=228%2C110&ssl=1\",\"width\":228,\"height\":110,\"caption\":\"Don Baraton\"},\"image\":{\"@id\":\"https:\/\/donbaraton.es\/#\/schema\/logo\/image\/\"},\"sameAs\":[\"https:\/\/www.facebook.com\/donbaraton.es\",\"https:\/\/x.com\/don_baraton\",\"https:\/\/www.instagram.com\/donbaraton.es\",\"https:\/\/www.linkedin.com\/company\/donbaraton\/\",\"https:\/\/es.pinterest.com\/donbaraton\/\",\"https:\/\/www.youtube.com\/channel\/UCL02HOwx-F759Jq5MedAZfQ\"]}]}<\/script>\n<!-- \/ Yoast SEO plugin. -->","yoast_head_json":{"title":"Sofa Unfolding Into Large Bed, Brown Fabric - Namur - Don Baraton: tienda de sof\u00e1s, muebles y colchones","robots":{"index":"index","follow":"follow","max-snippet":"max-snippet:-1","max-image-preview":"max-image-preview:large","max-video-preview":"max-video-preview:-1"},"canonical":"https:\/\/donbaraton.es\/en\/p\/sofa-unfolding-large-bed-namur\/","og_locale":"en_GB","og_type":"article","og_title":"Sofa Unfolding Into Large Bed, Brown Fabric - Namur - Don Baraton: tienda de sof\u00e1s, muebles y colchones","og_description":"Side armrest cushions Bed 149 x 201 cm Sprung seat (wave springs) Upholstered in brown fabric Storage compartment under the seat  Dimensions: length 201 cm, height 93 cm, depth 89 cm","og_url":"https:\/\/donbaraton.es\/en\/p\/sofa-unfolding-large-bed-namur\/","og_site_name":"Don Baraton: tienda de sof\u00e1s, muebles y colchones","article_publisher":"https:\/\/www.facebook.com\/donbaraton.es","article_modified_time":"2021-04-23T03:42:23+00:00","og_image":[{"width":1000,"height":750,"url":"https:\/\/i1.wp.com\/donbaraton.es\/wp-content\/uploads\/2021\/04\/Sofa-cama-matrimonio-con-cojines-Namur.-Tela-marron.jpg?fit=1000%2C750&ssl=1","type":"image\/jpeg"}],"twitter_card":"summary_large_image","twitter_site":"@don_baraton","schema":{"@context":"https:\/\/schema.org","@graph":[{"@type":"WebPage","@id":"https:\/\/donbaraton.es\/en\/p\/sofa-unfolding-large-bed-namur\/","url":"https:\/\/donbaraton.es\/en\/p\/sofa-unfolding-large-bed-namur\/","name":"Sofa Unfolding Into Large Bed, Brown Fabric - Namur - Don Baraton: tienda de sof\u00e1s, muebles y colchones","isPartOf":{"@id":"https:\/\/donbaraton.es\/#website"},"primaryImageOfPage":{"@id":"https:\/\/donbaraton.es\/en\/p\/sofa-unfolding-large-bed-namur\/#primaryimage"},"image":{"@id":"https:\/\/donbaraton.es\/en\/p\/sofa-unfolding-large-bed-namur\/#primaryimage"},"thumbnailUrl":"https:\/\/donbaraton.es\/wp-content\/uploads\/2021\/04\/Sofa-cama-matrimonio-con-cojines-Namur.-Tela-marron.jpg","datePublished":"2021-04-22T02:05:04+00:00","dateModified":"2021-04-23T03:42:23+00:00","breadcrumb":{"@id":"https:\/\/donbaraton.es\/en\/p\/sofa-unfolding-large-bed-namur\/#breadcrumb"},"inLanguage":"en-GB","potentialAction":[{"@type":"ReadAction","target":["https:\/\/donbaraton.es\/en\/p\/sofa-unfolding-large-bed-namur\/"]}]},{"@type":"ImageObject","inLanguage":"en-GB","@id":"https:\/\/donbaraton.es\/en\/p\/sofa-unfolding-large-bed-namur\/#primaryimage","url":"https:\/\/donbaraton.es\/wp-content\/uploads\/2021\/04\/Sofa-cama-matrimonio-con-cojines-Namur.-Tela-marron.jpg","contentUrl":"https:\/\/donbaraton.es\/wp-content\/uploads\/2021\/04\/Sofa-cama-matrimonio-con-cojines-Namur.-Tela-marron.jpg","width":1000,"height":750,"caption":"Sof\u00e1\u00a0cama matrimonio con cojines - Namur. Tela marr\u00f3n"},{"@type":"BreadcrumbList","@id":"https:\/\/donbaraton.es\/en\/p\/sofa-unfolding-large-bed-namur\/#breadcrumb","itemListElement":[{"@type":"ListItem","position":1,"name":"Portada","item":"https:\/\/donbaraton.es\/en\/"},{"@type":"ListItem","position":2,"name":"Online Shop","item":"https:\/\/donbaraton.es\/en\/shop\/"},{"@type":"ListItem","position":3,"name":"Sofa Unfolding Into Large Bed, Brown Fabric &#8211; Namur"}]},{"@type":"WebSite","@id":"https:\/\/donbaraton.es\/#website","url":"https:\/\/donbaraton.es\/","name":"Don Baraton: tienda de sof\u00e1s, muebles y colchones","description":"Sofas baratos desde el almac\u00e9n en Almorad\u00ed, Alicante","publisher":{"@id":"https:\/\/donbaraton.es\/#organization"},"potentialAction":[{"@type":"SearchAction","target":{"@type":"EntryPoint","urlTemplate":"https:\/\/donbaraton.es\/?s={search_term_string}"},"query-input":{"@type":"PropertyValueSpecification","valueRequired":true,"valueName":"search_term_string"}}],"inLanguage":"en-GB"},{"@type":"Organization","@id":"https:\/\/donbaraton.es\/#organization","name":"Don Baraton","url":"https:\/\/donbaraton.es\/","logo":{"@type":"ImageObject","inLanguage":"en-GB","@id":"https:\/\/donbaraton.es\/#\/schema\/logo\/image\/","url":"https:\/\/i0.wp.com\/donbaraton.es\/wp-content\/uploads\/2016\/11\/logo_don_baraton.png?fit=228%2C110&ssl=1","contentUrl":"https:\/\/i0.wp.com\/donbaraton.es\/wp-content\/uploads\/2016\/11\/logo_don_baraton.png?fit=228%2C110&ssl=1","width":228,"height":110,"caption":"Don Baraton"},"image":{"@id":"https:\/\/donbaraton.es\/#\/schema\/logo\/image\/"},"sameAs":["https:\/\/www.facebook.com\/donbaraton.es","https:\/\/x.com\/don_baraton","https:\/\/www.instagram.com\/donbaraton.es","https:\/\/www.linkedin.com\/company\/donbaraton\/","https:\/\/es.pinterest.com\/donbaraton\/","https:\/\/www.youtube.com\/channel\/UCL02HOwx-F759Jq5MedAZfQ"]}]}},"_links":{"self":[{"href":"https:\/\/donbaraton.es\/en\/wp-json\/wp\/v2\/product\/32160","targetHints":{"allow":["GET"]}}],"collection":[{"href":"https:\/\/donbaraton.es\/en\/wp-json\/wp\/v2\/product"}],"about":[{"href":"https:\/\/donbaraton.es\/en\/wp-json\/wp\/v2\/types\/product"}],"replies":[{"embeddable":true,"href":"https:\/\/donbaraton.es\/en\/wp-json\/wp\/v2\/comments?post=32160"}],"wp:featuredmedia":[{"embeddable":true,"href":"https:\/\/donbaraton.es\/en\/wp-json\/wp\/v2\/media\/32204"}],"wp:attachment":[{"href":"https:\/\/donbaraton.es\/en\/wp-json\/wp\/v2\/media?parent=32160"}],"wp:term":[{"taxonomy":"product_brand","embeddable":true,"href":"https:\/\/donbaraton.es\/en\/wp-json\/wp\/v2\/product_brand?post=32160"},{"taxonomy":"product_cat","embeddable":true,"href":"https:\/\/donbaraton.es\/en\/wp-json\/wp\/v2\/product_cat?post=32160"},{"taxonomy":"product_tag","embeddable":true,"href":"https:\/\/donbaraton.es\/en\/wp-json\/wp\/v2\/product_tag?post=32160"}],"curies":[{"name":"wp","href":"https:\/\/api.w.org\/{rel}","templated":true}]}}