{"id":34587,"date":"2021-07-01T03:00:59","date_gmt":"2021-07-31T01:00:59","guid":{"rendered":"https:\/\/donbaraton.es\/p\/small-2-seater-sofa-bed-storage-compartments-ostend\/"},"modified":"2021-11-29T23:13:33","modified_gmt":"2021-11-29T22:13:33","slug":"small-2-seater-sofa-bed-storage-compartments-ostend","status":"publish","type":"product","link":"https:\/\/donbaraton.es\/en\/p\/small-2-seater-sofa-bed-storage-compartments-ostend\/","title":{"rendered":"Small 2 Seater Sofa Bed With Storage Compartments &#8211; Ostend 2"},"content":{"rendered":"<p><strong>Small 2 Seater Sofa Bed With Storage Compartments &#8211; Ostend 2<\/strong><\/p>\n<p><strong>Dimensions:<\/strong> length 177 cm, depth 102 cm, height with backrest cushions 100 cm. Depth of the seats 60 cm. Heoght of the seat from the floor 47 cm. Height of the backrest cushions 50 cm. Width of the armrests 26 cm. <strong>Dimensions of the bed:<\/strong> 135 x 204 cm\u00a0<\/p>\n","protected":false},"excerpt":{"rendered":"<ul>\n<li>Double bed 135 x 204 cm<\/li>\n<li>Bottle rack in one of the armrests and a shelf<\/li>\n<li>Storage compartment in the other armrest\u00a0\u00a0<\/li>\n<li>Upholstered in fabric<\/li>\n<\/ul>\n<p><strong>Dimensions:<\/strong> length 177 cm, depth 102 cm, height 100 cm<\/p>\n","protected":false},"featured_media":34278,"comment_status":"open","ping_status":"closed","template":"","meta":{"_et_pb_use_builder":"","_et_pb_old_content":"","_et_gb_content_width":""},"product_brand":[],"product_cat":[41,35],"product_tag":[],"class_list":{"0":"post-34587","1":"product","2":"type-product","3":"status-publish","4":"has-post-thumbnail","6":"product_cat-sofa-beds","7":"product_cat-sofas-en","8":"product_shipping_class-articulos-pesados","9":"pa_largo-sofas-200-cm-less","10":"pa_material-fabric","11":"pa_plazas-2-seater-sofas","13":"first","14":"outofstock","15":"sale","16":"taxable","17":"shipping-taxable","18":"purchasable","19":"product-type-variable","20":"has-default-attributes"},"yoast_head":"<!-- This site is optimized with the Yoast SEO plugin v27.2 - https:\/\/yoast.com\/product\/yoast-seo-wordpress\/ -->\n<title>Small 2 Seater Sofa Bed With Storage Compartments - Ostend 2 - Don Baraton: tienda de sof\u00e1s, muebles y colchones<\/title>\n<meta name=\"robots\" content=\"index, follow, max-snippet:-1, max-image-preview:large, max-video-preview:-1\" \/>\n<link rel=\"canonical\" href=\"https:\/\/donbaraton.es\/en\/p\/small-2-seater-sofa-bed-storage-compartments-ostend\/\" \/>\n<meta property=\"og:locale\" content=\"en_GB\" \/>\n<meta property=\"og:type\" content=\"article\" \/>\n<meta property=\"og:title\" content=\"Small 2 Seater Sofa Bed With Storage Compartments - Ostend 2 - Don Baraton: tienda de sof\u00e1s, muebles y colchones\" \/>\n<meta property=\"og:description\" content=\"Double bed 135 x 204 cm Bottle rack in one of the armrests and a shelf Storage compartment in the other armrest\u00a0\u00a0 Upholstered in fabric  Dimensions: length 177 cm, depth 102 cm, height 100 cm\" \/>\n<meta property=\"og:url\" content=\"https:\/\/donbaraton.es\/en\/p\/small-2-seater-sofa-bed-storage-compartments-ostend\/\" \/>\n<meta property=\"og:site_name\" content=\"Don Baraton: tienda de sof\u00e1s, muebles y colchones\" \/>\n<meta property=\"article:publisher\" content=\"https:\/\/www.facebook.com\/donbaraton.es\" \/>\n<meta property=\"article:modified_time\" content=\"2021-11-29T22:13:33+00:00\" \/>\n<meta property=\"og:image\" content=\"https:\/\/i2.wp.com\/donbaraton.es\/wp-content\/uploads\/2021\/03\/Sofa-cama-pequeno-2-plazas-con-cajones-Ostend-2.-Tela-color-gris-izquierdo.jpg?fit=1000%2C750&ssl=1\" \/>\n\t<meta property=\"og:image:width\" content=\"1000\" \/>\n\t<meta property=\"og:image:height\" content=\"750\" \/>\n\t<meta property=\"og:image:type\" content=\"image\/jpeg\" \/>\n<meta name=\"twitter:card\" content=\"summary_large_image\" \/>\n<meta name=\"twitter:site\" content=\"@don_baraton\" \/>\n<script type=\"application\/ld+json\" class=\"yoast-schema-graph\">{\"@context\":\"https:\/\/schema.org\",\"@graph\":[{\"@type\":\"WebPage\",\"@id\":\"https:\/\/donbaraton.es\/en\/p\/small-2-seater-sofa-bed-storage-compartments-ostend\/\",\"url\":\"https:\/\/donbaraton.es\/en\/p\/small-2-seater-sofa-bed-storage-compartments-ostend\/\",\"name\":\"Small 2 Seater Sofa Bed With Storage Compartments - Ostend 2 - Don Baraton: tienda de sof\u00e1s, muebles y colchones\",\"isPartOf\":{\"@id\":\"https:\/\/donbaraton.es\/#website\"},\"primaryImageOfPage\":{\"@id\":\"https:\/\/donbaraton.es\/en\/p\/small-2-seater-sofa-bed-storage-compartments-ostend\/#primaryimage\"},\"image\":{\"@id\":\"https:\/\/donbaraton.es\/en\/p\/small-2-seater-sofa-bed-storage-compartments-ostend\/#primaryimage\"},\"thumbnailUrl\":\"https:\/\/donbaraton.es\/wp-content\/uploads\/2021\/03\/Sofa-cama-pequeno-2-plazas-con-cajones-Ostend-2.-Tela-color-gris-izquierdo.jpg\",\"datePublished\":\"2021-07-31T01:00:59+00:00\",\"dateModified\":\"2021-11-29T22:13:33+00:00\",\"breadcrumb\":{\"@id\":\"https:\/\/donbaraton.es\/en\/p\/small-2-seater-sofa-bed-storage-compartments-ostend\/#breadcrumb\"},\"inLanguage\":\"en-GB\",\"potentialAction\":[{\"@type\":\"ReadAction\",\"target\":[\"https:\/\/donbaraton.es\/en\/p\/small-2-seater-sofa-bed-storage-compartments-ostend\/\"]}]},{\"@type\":\"ImageObject\",\"inLanguage\":\"en-GB\",\"@id\":\"https:\/\/donbaraton.es\/en\/p\/small-2-seater-sofa-bed-storage-compartments-ostend\/#primaryimage\",\"url\":\"https:\/\/donbaraton.es\/wp-content\/uploads\/2021\/03\/Sofa-cama-pequeno-2-plazas-con-cajones-Ostend-2.-Tela-color-gris-izquierdo.jpg\",\"contentUrl\":\"https:\/\/donbaraton.es\/wp-content\/uploads\/2021\/03\/Sofa-cama-pequeno-2-plazas-con-cajones-Ostend-2.-Tela-color-gris-izquierdo.jpg\",\"width\":1000,\"height\":750,\"caption\":\"Small 2 seater sofa bed with storage compartments - Ostend 2. Grey fabric\"},{\"@type\":\"BreadcrumbList\",\"@id\":\"https:\/\/donbaraton.es\/en\/p\/small-2-seater-sofa-bed-storage-compartments-ostend\/#breadcrumb\",\"itemListElement\":[{\"@type\":\"ListItem\",\"position\":1,\"name\":\"Portada\",\"item\":\"https:\/\/donbaraton.es\/en\/\"},{\"@type\":\"ListItem\",\"position\":2,\"name\":\"Online Shop\",\"item\":\"https:\/\/donbaraton.es\/en\/shop\/\"},{\"@type\":\"ListItem\",\"position\":3,\"name\":\"Small 2 Seater Sofa Bed With Storage Compartments &#8211; Ostend 2\"}]},{\"@type\":\"WebSite\",\"@id\":\"https:\/\/donbaraton.es\/#website\",\"url\":\"https:\/\/donbaraton.es\/\",\"name\":\"Don Baraton: tienda de sof\u00e1s, muebles y colchones\",\"description\":\"Sofas baratos desde el almac\u00e9n en Almorad\u00ed, Alicante\",\"publisher\":{\"@id\":\"https:\/\/donbaraton.es\/#organization\"},\"potentialAction\":[{\"@type\":\"SearchAction\",\"target\":{\"@type\":\"EntryPoint\",\"urlTemplate\":\"https:\/\/donbaraton.es\/?s={search_term_string}\"},\"query-input\":{\"@type\":\"PropertyValueSpecification\",\"valueRequired\":true,\"valueName\":\"search_term_string\"}}],\"inLanguage\":\"en-GB\"},{\"@type\":\"Organization\",\"@id\":\"https:\/\/donbaraton.es\/#organization\",\"name\":\"Don Baraton\",\"url\":\"https:\/\/donbaraton.es\/\",\"logo\":{\"@type\":\"ImageObject\",\"inLanguage\":\"en-GB\",\"@id\":\"https:\/\/donbaraton.es\/#\/schema\/logo\/image\/\",\"url\":\"https:\/\/i0.wp.com\/donbaraton.es\/wp-content\/uploads\/2016\/11\/logo_don_baraton.png?fit=228%2C110&ssl=1\",\"contentUrl\":\"https:\/\/i0.wp.com\/donbaraton.es\/wp-content\/uploads\/2016\/11\/logo_don_baraton.png?fit=228%2C110&ssl=1\",\"width\":228,\"height\":110,\"caption\":\"Don Baraton\"},\"image\":{\"@id\":\"https:\/\/donbaraton.es\/#\/schema\/logo\/image\/\"},\"sameAs\":[\"https:\/\/www.facebook.com\/donbaraton.es\",\"https:\/\/x.com\/don_baraton\",\"https:\/\/www.instagram.com\/donbaraton.es\",\"https:\/\/www.linkedin.com\/company\/donbaraton\/\",\"https:\/\/es.pinterest.com\/donbaraton\/\",\"https:\/\/www.youtube.com\/channel\/UCL02HOwx-F759Jq5MedAZfQ\"]}]}<\/script>\n<!-- \/ Yoast SEO plugin. -->","yoast_head_json":{"title":"Small 2 Seater Sofa Bed With Storage Compartments - Ostend 2 - Don Baraton: tienda de sof\u00e1s, muebles y colchones","robots":{"index":"index","follow":"follow","max-snippet":"max-snippet:-1","max-image-preview":"max-image-preview:large","max-video-preview":"max-video-preview:-1"},"canonical":"https:\/\/donbaraton.es\/en\/p\/small-2-seater-sofa-bed-storage-compartments-ostend\/","og_locale":"en_GB","og_type":"article","og_title":"Small 2 Seater Sofa Bed With Storage Compartments - Ostend 2 - Don Baraton: tienda de sof\u00e1s, muebles y colchones","og_description":"Double bed 135 x 204 cm Bottle rack in one of the armrests and a shelf Storage compartment in the other armrest\u00a0\u00a0 Upholstered in fabric  Dimensions: length 177 cm, depth 102 cm, height 100 cm","og_url":"https:\/\/donbaraton.es\/en\/p\/small-2-seater-sofa-bed-storage-compartments-ostend\/","og_site_name":"Don Baraton: tienda de sof\u00e1s, muebles y colchones","article_publisher":"https:\/\/www.facebook.com\/donbaraton.es","article_modified_time":"2021-11-29T22:13:33+00:00","og_image":[{"width":1000,"height":750,"url":"https:\/\/i2.wp.com\/donbaraton.es\/wp-content\/uploads\/2021\/03\/Sofa-cama-pequeno-2-plazas-con-cajones-Ostend-2.-Tela-color-gris-izquierdo.jpg?fit=1000%2C750&ssl=1","type":"image\/jpeg"}],"twitter_card":"summary_large_image","twitter_site":"@don_baraton","schema":{"@context":"https:\/\/schema.org","@graph":[{"@type":"WebPage","@id":"https:\/\/donbaraton.es\/en\/p\/small-2-seater-sofa-bed-storage-compartments-ostend\/","url":"https:\/\/donbaraton.es\/en\/p\/small-2-seater-sofa-bed-storage-compartments-ostend\/","name":"Small 2 Seater Sofa Bed With Storage Compartments - Ostend 2 - Don Baraton: tienda de sof\u00e1s, muebles y colchones","isPartOf":{"@id":"https:\/\/donbaraton.es\/#website"},"primaryImageOfPage":{"@id":"https:\/\/donbaraton.es\/en\/p\/small-2-seater-sofa-bed-storage-compartments-ostend\/#primaryimage"},"image":{"@id":"https:\/\/donbaraton.es\/en\/p\/small-2-seater-sofa-bed-storage-compartments-ostend\/#primaryimage"},"thumbnailUrl":"https:\/\/donbaraton.es\/wp-content\/uploads\/2021\/03\/Sofa-cama-pequeno-2-plazas-con-cajones-Ostend-2.-Tela-color-gris-izquierdo.jpg","datePublished":"2021-07-31T01:00:59+00:00","dateModified":"2021-11-29T22:13:33+00:00","breadcrumb":{"@id":"https:\/\/donbaraton.es\/en\/p\/small-2-seater-sofa-bed-storage-compartments-ostend\/#breadcrumb"},"inLanguage":"en-GB","potentialAction":[{"@type":"ReadAction","target":["https:\/\/donbaraton.es\/en\/p\/small-2-seater-sofa-bed-storage-compartments-ostend\/"]}]},{"@type":"ImageObject","inLanguage":"en-GB","@id":"https:\/\/donbaraton.es\/en\/p\/small-2-seater-sofa-bed-storage-compartments-ostend\/#primaryimage","url":"https:\/\/donbaraton.es\/wp-content\/uploads\/2021\/03\/Sofa-cama-pequeno-2-plazas-con-cajones-Ostend-2.-Tela-color-gris-izquierdo.jpg","contentUrl":"https:\/\/donbaraton.es\/wp-content\/uploads\/2021\/03\/Sofa-cama-pequeno-2-plazas-con-cajones-Ostend-2.-Tela-color-gris-izquierdo.jpg","width":1000,"height":750,"caption":"Small 2 seater sofa bed with storage compartments - Ostend 2. Grey fabric"},{"@type":"BreadcrumbList","@id":"https:\/\/donbaraton.es\/en\/p\/small-2-seater-sofa-bed-storage-compartments-ostend\/#breadcrumb","itemListElement":[{"@type":"ListItem","position":1,"name":"Portada","item":"https:\/\/donbaraton.es\/en\/"},{"@type":"ListItem","position":2,"name":"Online Shop","item":"https:\/\/donbaraton.es\/en\/shop\/"},{"@type":"ListItem","position":3,"name":"Small 2 Seater Sofa Bed With Storage Compartments &#8211; Ostend 2"}]},{"@type":"WebSite","@id":"https:\/\/donbaraton.es\/#website","url":"https:\/\/donbaraton.es\/","name":"Don Baraton: tienda de sof\u00e1s, muebles y colchones","description":"Sofas baratos desde el almac\u00e9n en Almorad\u00ed, Alicante","publisher":{"@id":"https:\/\/donbaraton.es\/#organization"},"potentialAction":[{"@type":"SearchAction","target":{"@type":"EntryPoint","urlTemplate":"https:\/\/donbaraton.es\/?s={search_term_string}"},"query-input":{"@type":"PropertyValueSpecification","valueRequired":true,"valueName":"search_term_string"}}],"inLanguage":"en-GB"},{"@type":"Organization","@id":"https:\/\/donbaraton.es\/#organization","name":"Don Baraton","url":"https:\/\/donbaraton.es\/","logo":{"@type":"ImageObject","inLanguage":"en-GB","@id":"https:\/\/donbaraton.es\/#\/schema\/logo\/image\/","url":"https:\/\/i0.wp.com\/donbaraton.es\/wp-content\/uploads\/2016\/11\/logo_don_baraton.png?fit=228%2C110&ssl=1","contentUrl":"https:\/\/i0.wp.com\/donbaraton.es\/wp-content\/uploads\/2016\/11\/logo_don_baraton.png?fit=228%2C110&ssl=1","width":228,"height":110,"caption":"Don Baraton"},"image":{"@id":"https:\/\/donbaraton.es\/#\/schema\/logo\/image\/"},"sameAs":["https:\/\/www.facebook.com\/donbaraton.es","https:\/\/x.com\/don_baraton","https:\/\/www.instagram.com\/donbaraton.es","https:\/\/www.linkedin.com\/company\/donbaraton\/","https:\/\/es.pinterest.com\/donbaraton\/","https:\/\/www.youtube.com\/channel\/UCL02HOwx-F759Jq5MedAZfQ"]}]}},"_links":{"self":[{"href":"https:\/\/donbaraton.es\/en\/wp-json\/wp\/v2\/product\/34587","targetHints":{"allow":["GET"]}}],"collection":[{"href":"https:\/\/donbaraton.es\/en\/wp-json\/wp\/v2\/product"}],"about":[{"href":"https:\/\/donbaraton.es\/en\/wp-json\/wp\/v2\/types\/product"}],"replies":[{"embeddable":true,"href":"https:\/\/donbaraton.es\/en\/wp-json\/wp\/v2\/comments?post=34587"}],"wp:featuredmedia":[{"embeddable":true,"href":"https:\/\/donbaraton.es\/en\/wp-json\/wp\/v2\/media\/34278"}],"wp:attachment":[{"href":"https:\/\/donbaraton.es\/en\/wp-json\/wp\/v2\/media?parent=34587"}],"wp:term":[{"taxonomy":"product_brand","embeddable":true,"href":"https:\/\/donbaraton.es\/en\/wp-json\/wp\/v2\/product_brand?post=34587"},{"taxonomy":"product_cat","embeddable":true,"href":"https:\/\/donbaraton.es\/en\/wp-json\/wp\/v2\/product_cat?post=34587"},{"taxonomy":"product_tag","embeddable":true,"href":"https:\/\/donbaraton.es\/en\/wp-json\/wp\/v2\/product_tag?post=34587"}],"curies":[{"name":"wp","href":"https:\/\/api.w.org\/{rel}","templated":true}]}}