{"id":34742,"date":"2021-08-31T01:41:04","date_gmt":"2021-08-30T23:41:05","guid":{"rendered":"https:\/\/donbaraton.es\/?post_type=product&#038;p=34742"},"modified":"2021-09-05T02:31:09","modified_gmt":"2021-09-05T00:31:09","slug":"corner-sofa-real-leather-reclining-electric-seats-wels","status":"publish","type":"product","link":"https:\/\/donbaraton.es\/en\/p\/corner-sofa-real-leather-reclining-electric-seats-wels\/","title":{"rendered":"Corner Sofa in White and Grey Real Leather with Reclining Electric Seats &#8211; Wels"},"content":{"rendered":"<p><strong>Corner Sofa in White and Grey Real Leather with Reclining Electric Seats &#8211; Wels<\/strong><\/p>\n<p>Corner sofa with two reclining electric seats. Upholstered in high quality snow-white and grey genuine leather.<\/p>\n<p><strong>Dimensions:<\/strong> length 260 x 260 cm, height 106 cm, depth 103 cm, height of the seat from the floor 46 cm, height of the beckrest 69 cm, depth of the seats 50 cm, depth of the sofa with the extended seat 153 cm, width of the armrest 30 cm\u00a0<\/p>\n","protected":false},"excerpt":{"rendered":"<ul>\n<li>White and grey high quality real leather<\/li>\n<li>Left and right parts of the same length\u00a0<\/li>\n<li>2 reclining seats with electric motors<\/li>\n<li>Chrome legs<\/li>\n<\/ul>\n<p><strong>Dimensions:<\/strong> length 260 x 260 cm, height 106 cm, depth 103 cm<\/p>\n","protected":false},"featured_media":34767,"comment_status":"open","ping_status":"closed","template":"","meta":{"_et_pb_use_builder":"","_et_pb_old_content":"","_et_gb_content_width":""},"product_brand":[],"product_cat":[108,35],"product_tag":[],"class_list":{"0":"post-34742","1":"product","2":"type-product","3":"status-publish","4":"has-post-thumbnail","6":"product_cat-corner-sofas","7":"product_cat-sofas-en","8":"product_shipping_class-articulos-pesados","9":"pa_largo-sofas-251-300-cm-en","10":"pa_material-leather","11":"pa_muelles-sinuous-springs","12":"pa_plazas-large-sofas","14":"first","15":"outofstock","16":"sale","17":"taxable","18":"shipping-taxable","19":"purchasable","20":"product-type-simple"},"yoast_head":"<!-- This site is optimized with the Yoast SEO plugin v27.2 - https:\/\/yoast.com\/product\/yoast-seo-wordpress\/ -->\n<title>Corner Sofa in White and Grey Real Leather with Reclining Electric Seats - Wels - Don Baraton: tienda de sof\u00e1s, muebles y colchones<\/title>\n<meta name=\"robots\" content=\"index, follow, max-snippet:-1, max-image-preview:large, max-video-preview:-1\" \/>\n<link rel=\"canonical\" href=\"https:\/\/donbaraton.es\/en\/p\/corner-sofa-real-leather-reclining-electric-seats-wels\/\" \/>\n<meta property=\"og:locale\" content=\"en_GB\" \/>\n<meta property=\"og:type\" content=\"article\" \/>\n<meta property=\"og:title\" content=\"Corner Sofa in White and Grey Real Leather with Reclining Electric Seats - Wels - Don Baraton: tienda de sof\u00e1s, muebles y colchones\" \/>\n<meta property=\"og:description\" content=\"White and grey high quality real leather Left and right parts of the same length\u00a0 2 reclining seats with electric motors Chrome legs  Dimensions: length 260 x 260 cm, height 106 cm, depth 103 cm\" \/>\n<meta property=\"og:url\" content=\"https:\/\/donbaraton.es\/en\/p\/corner-sofa-real-leather-reclining-electric-seats-wels\/\" \/>\n<meta property=\"og:site_name\" content=\"Don Baraton: tienda de sof\u00e1s, muebles y colchones\" \/>\n<meta property=\"article:publisher\" content=\"https:\/\/www.facebook.com\/donbaraton.es\" \/>\n<meta property=\"article:modified_time\" content=\"2021-09-05T00:31:09+00:00\" \/>\n<meta property=\"og:image\" content=\"https:\/\/i0.wp.com\/donbaraton.es\/wp-content\/uploads\/2021\/08\/Sofa-rinconero-en-piel-autentica-color-blanco-y-gris-asientos-electricos-Wels.jpg?fit=1000%2C750&ssl=1\" \/>\n\t<meta property=\"og:image:width\" content=\"1000\" \/>\n\t<meta property=\"og:image:height\" content=\"750\" \/>\n\t<meta property=\"og:image:type\" content=\"image\/jpeg\" \/>\n<meta name=\"twitter:card\" content=\"summary_large_image\" \/>\n<meta name=\"twitter:site\" content=\"@don_baraton\" \/>\n<script type=\"application\/ld+json\" class=\"yoast-schema-graph\">{\"@context\":\"https:\/\/schema.org\",\"@graph\":[{\"@type\":\"WebPage\",\"@id\":\"https:\/\/donbaraton.es\/en\/p\/corner-sofa-real-leather-reclining-electric-seats-wels\/\",\"url\":\"https:\/\/donbaraton.es\/en\/p\/corner-sofa-real-leather-reclining-electric-seats-wels\/\",\"name\":\"Corner Sofa in White and Grey Real Leather with Reclining Electric Seats - Wels - Don Baraton: tienda de sof\u00e1s, muebles y colchones\",\"isPartOf\":{\"@id\":\"https:\/\/donbaraton.es\/#website\"},\"primaryImageOfPage\":{\"@id\":\"https:\/\/donbaraton.es\/en\/p\/corner-sofa-real-leather-reclining-electric-seats-wels\/#primaryimage\"},\"image\":{\"@id\":\"https:\/\/donbaraton.es\/en\/p\/corner-sofa-real-leather-reclining-electric-seats-wels\/#primaryimage\"},\"thumbnailUrl\":\"https:\/\/donbaraton.es\/wp-content\/uploads\/2021\/08\/Sofa-rinconero-en-piel-autentica-color-blanco-y-gris-asientos-electricos-Wels.jpg\",\"datePublished\":\"2021-08-30T23:41:05+00:00\",\"dateModified\":\"2021-09-05T00:31:09+00:00\",\"breadcrumb\":{\"@id\":\"https:\/\/donbaraton.es\/en\/p\/corner-sofa-real-leather-reclining-electric-seats-wels\/#breadcrumb\"},\"inLanguage\":\"en-GB\",\"potentialAction\":[{\"@type\":\"ReadAction\",\"target\":[\"https:\/\/donbaraton.es\/en\/p\/corner-sofa-real-leather-reclining-electric-seats-wels\/\"]}]},{\"@type\":\"ImageObject\",\"inLanguage\":\"en-GB\",\"@id\":\"https:\/\/donbaraton.es\/en\/p\/corner-sofa-real-leather-reclining-electric-seats-wels\/#primaryimage\",\"url\":\"https:\/\/donbaraton.es\/wp-content\/uploads\/2021\/08\/Sofa-rinconero-en-piel-autentica-color-blanco-y-gris-asientos-electricos-Wels.jpg\",\"contentUrl\":\"https:\/\/donbaraton.es\/wp-content\/uploads\/2021\/08\/Sofa-rinconero-en-piel-autentica-color-blanco-y-gris-asientos-electricos-Wels.jpg\",\"width\":1000,\"height\":750,\"caption\":\"Corner Sofa in White and Grey Real Leather with Reclining Electric Seats - Wels\"},{\"@type\":\"BreadcrumbList\",\"@id\":\"https:\/\/donbaraton.es\/en\/p\/corner-sofa-real-leather-reclining-electric-seats-wels\/#breadcrumb\",\"itemListElement\":[{\"@type\":\"ListItem\",\"position\":1,\"name\":\"Portada\",\"item\":\"https:\/\/donbaraton.es\/en\/\"},{\"@type\":\"ListItem\",\"position\":2,\"name\":\"Online Shop\",\"item\":\"https:\/\/donbaraton.es\/en\/shop\/\"},{\"@type\":\"ListItem\",\"position\":3,\"name\":\"Corner Sofa in White and Grey Real Leather with Reclining Electric Seats &#8211; Wels\"}]},{\"@type\":\"WebSite\",\"@id\":\"https:\/\/donbaraton.es\/#website\",\"url\":\"https:\/\/donbaraton.es\/\",\"name\":\"Don Baraton: tienda de sof\u00e1s, muebles y colchones\",\"description\":\"Sofas baratos desde el almac\u00e9n en Almorad\u00ed, Alicante\",\"publisher\":{\"@id\":\"https:\/\/donbaraton.es\/#organization\"},\"potentialAction\":[{\"@type\":\"SearchAction\",\"target\":{\"@type\":\"EntryPoint\",\"urlTemplate\":\"https:\/\/donbaraton.es\/?s={search_term_string}\"},\"query-input\":{\"@type\":\"PropertyValueSpecification\",\"valueRequired\":true,\"valueName\":\"search_term_string\"}}],\"inLanguage\":\"en-GB\"},{\"@type\":\"Organization\",\"@id\":\"https:\/\/donbaraton.es\/#organization\",\"name\":\"Don Baraton\",\"url\":\"https:\/\/donbaraton.es\/\",\"logo\":{\"@type\":\"ImageObject\",\"inLanguage\":\"en-GB\",\"@id\":\"https:\/\/donbaraton.es\/#\/schema\/logo\/image\/\",\"url\":\"https:\/\/i0.wp.com\/donbaraton.es\/wp-content\/uploads\/2016\/11\/logo_don_baraton.png?fit=228%2C110&ssl=1\",\"contentUrl\":\"https:\/\/i0.wp.com\/donbaraton.es\/wp-content\/uploads\/2016\/11\/logo_don_baraton.png?fit=228%2C110&ssl=1\",\"width\":228,\"height\":110,\"caption\":\"Don Baraton\"},\"image\":{\"@id\":\"https:\/\/donbaraton.es\/#\/schema\/logo\/image\/\"},\"sameAs\":[\"https:\/\/www.facebook.com\/donbaraton.es\",\"https:\/\/x.com\/don_baraton\",\"https:\/\/www.instagram.com\/donbaraton.es\",\"https:\/\/www.linkedin.com\/company\/donbaraton\/\",\"https:\/\/es.pinterest.com\/donbaraton\/\",\"https:\/\/www.youtube.com\/channel\/UCL02HOwx-F759Jq5MedAZfQ\"]}]}<\/script>\n<!-- \/ Yoast SEO plugin. -->","yoast_head_json":{"title":"Corner Sofa in White and Grey Real Leather with Reclining Electric Seats - Wels - Don Baraton: tienda de sof\u00e1s, muebles y colchones","robots":{"index":"index","follow":"follow","max-snippet":"max-snippet:-1","max-image-preview":"max-image-preview:large","max-video-preview":"max-video-preview:-1"},"canonical":"https:\/\/donbaraton.es\/en\/p\/corner-sofa-real-leather-reclining-electric-seats-wels\/","og_locale":"en_GB","og_type":"article","og_title":"Corner Sofa in White and Grey Real Leather with Reclining Electric Seats - Wels - Don Baraton: tienda de sof\u00e1s, muebles y colchones","og_description":"White and grey high quality real leather Left and right parts of the same length\u00a0 2 reclining seats with electric motors Chrome legs  Dimensions: length 260 x 260 cm, height 106 cm, depth 103 cm","og_url":"https:\/\/donbaraton.es\/en\/p\/corner-sofa-real-leather-reclining-electric-seats-wels\/","og_site_name":"Don Baraton: tienda de sof\u00e1s, muebles y colchones","article_publisher":"https:\/\/www.facebook.com\/donbaraton.es","article_modified_time":"2021-09-05T00:31:09+00:00","og_image":[{"width":1000,"height":750,"url":"https:\/\/i0.wp.com\/donbaraton.es\/wp-content\/uploads\/2021\/08\/Sofa-rinconero-en-piel-autentica-color-blanco-y-gris-asientos-electricos-Wels.jpg?fit=1000%2C750&ssl=1","type":"image\/jpeg"}],"twitter_card":"summary_large_image","twitter_site":"@don_baraton","schema":{"@context":"https:\/\/schema.org","@graph":[{"@type":"WebPage","@id":"https:\/\/donbaraton.es\/en\/p\/corner-sofa-real-leather-reclining-electric-seats-wels\/","url":"https:\/\/donbaraton.es\/en\/p\/corner-sofa-real-leather-reclining-electric-seats-wels\/","name":"Corner Sofa in White and Grey Real Leather with Reclining Electric Seats - Wels - Don Baraton: tienda de sof\u00e1s, muebles y colchones","isPartOf":{"@id":"https:\/\/donbaraton.es\/#website"},"primaryImageOfPage":{"@id":"https:\/\/donbaraton.es\/en\/p\/corner-sofa-real-leather-reclining-electric-seats-wels\/#primaryimage"},"image":{"@id":"https:\/\/donbaraton.es\/en\/p\/corner-sofa-real-leather-reclining-electric-seats-wels\/#primaryimage"},"thumbnailUrl":"https:\/\/donbaraton.es\/wp-content\/uploads\/2021\/08\/Sofa-rinconero-en-piel-autentica-color-blanco-y-gris-asientos-electricos-Wels.jpg","datePublished":"2021-08-30T23:41:05+00:00","dateModified":"2021-09-05T00:31:09+00:00","breadcrumb":{"@id":"https:\/\/donbaraton.es\/en\/p\/corner-sofa-real-leather-reclining-electric-seats-wels\/#breadcrumb"},"inLanguage":"en-GB","potentialAction":[{"@type":"ReadAction","target":["https:\/\/donbaraton.es\/en\/p\/corner-sofa-real-leather-reclining-electric-seats-wels\/"]}]},{"@type":"ImageObject","inLanguage":"en-GB","@id":"https:\/\/donbaraton.es\/en\/p\/corner-sofa-real-leather-reclining-electric-seats-wels\/#primaryimage","url":"https:\/\/donbaraton.es\/wp-content\/uploads\/2021\/08\/Sofa-rinconero-en-piel-autentica-color-blanco-y-gris-asientos-electricos-Wels.jpg","contentUrl":"https:\/\/donbaraton.es\/wp-content\/uploads\/2021\/08\/Sofa-rinconero-en-piel-autentica-color-blanco-y-gris-asientos-electricos-Wels.jpg","width":1000,"height":750,"caption":"Corner Sofa in White and Grey Real Leather with Reclining Electric Seats - Wels"},{"@type":"BreadcrumbList","@id":"https:\/\/donbaraton.es\/en\/p\/corner-sofa-real-leather-reclining-electric-seats-wels\/#breadcrumb","itemListElement":[{"@type":"ListItem","position":1,"name":"Portada","item":"https:\/\/donbaraton.es\/en\/"},{"@type":"ListItem","position":2,"name":"Online Shop","item":"https:\/\/donbaraton.es\/en\/shop\/"},{"@type":"ListItem","position":3,"name":"Corner Sofa in White and Grey Real Leather with Reclining Electric Seats &#8211; Wels"}]},{"@type":"WebSite","@id":"https:\/\/donbaraton.es\/#website","url":"https:\/\/donbaraton.es\/","name":"Don Baraton: tienda de sof\u00e1s, muebles y colchones","description":"Sofas baratos desde el almac\u00e9n en Almorad\u00ed, Alicante","publisher":{"@id":"https:\/\/donbaraton.es\/#organization"},"potentialAction":[{"@type":"SearchAction","target":{"@type":"EntryPoint","urlTemplate":"https:\/\/donbaraton.es\/?s={search_term_string}"},"query-input":{"@type":"PropertyValueSpecification","valueRequired":true,"valueName":"search_term_string"}}],"inLanguage":"en-GB"},{"@type":"Organization","@id":"https:\/\/donbaraton.es\/#organization","name":"Don Baraton","url":"https:\/\/donbaraton.es\/","logo":{"@type":"ImageObject","inLanguage":"en-GB","@id":"https:\/\/donbaraton.es\/#\/schema\/logo\/image\/","url":"https:\/\/i0.wp.com\/donbaraton.es\/wp-content\/uploads\/2016\/11\/logo_don_baraton.png?fit=228%2C110&ssl=1","contentUrl":"https:\/\/i0.wp.com\/donbaraton.es\/wp-content\/uploads\/2016\/11\/logo_don_baraton.png?fit=228%2C110&ssl=1","width":228,"height":110,"caption":"Don Baraton"},"image":{"@id":"https:\/\/donbaraton.es\/#\/schema\/logo\/image\/"},"sameAs":["https:\/\/www.facebook.com\/donbaraton.es","https:\/\/x.com\/don_baraton","https:\/\/www.instagram.com\/donbaraton.es","https:\/\/www.linkedin.com\/company\/donbaraton\/","https:\/\/es.pinterest.com\/donbaraton\/","https:\/\/www.youtube.com\/channel\/UCL02HOwx-F759Jq5MedAZfQ"]}]}},"_links":{"self":[{"href":"https:\/\/donbaraton.es\/en\/wp-json\/wp\/v2\/product\/34742","targetHints":{"allow":["GET"]}}],"collection":[{"href":"https:\/\/donbaraton.es\/en\/wp-json\/wp\/v2\/product"}],"about":[{"href":"https:\/\/donbaraton.es\/en\/wp-json\/wp\/v2\/types\/product"}],"replies":[{"embeddable":true,"href":"https:\/\/donbaraton.es\/en\/wp-json\/wp\/v2\/comments?post=34742"}],"wp:featuredmedia":[{"embeddable":true,"href":"https:\/\/donbaraton.es\/en\/wp-json\/wp\/v2\/media\/34767"}],"wp:attachment":[{"href":"https:\/\/donbaraton.es\/en\/wp-json\/wp\/v2\/media?parent=34742"}],"wp:term":[{"taxonomy":"product_brand","embeddable":true,"href":"https:\/\/donbaraton.es\/en\/wp-json\/wp\/v2\/product_brand?post=34742"},{"taxonomy":"product_cat","embeddable":true,"href":"https:\/\/donbaraton.es\/en\/wp-json\/wp\/v2\/product_cat?post=34742"},{"taxonomy":"product_tag","embeddable":true,"href":"https:\/\/donbaraton.es\/en\/wp-json\/wp\/v2\/product_tag?post=34742"}],"curies":[{"name":"wp","href":"https:\/\/api.w.org\/{rel}","templated":true}]}}