{"id":35477,"date":"2021-10-04T15:33:39","date_gmt":"2021-10-04T13:33:40","guid":{"rendered":"https:\/\/donbaraton.es\/?post_type=product&#038;p=35477"},"modified":"2021-12-26T11:38:40","modified_gmt":"2021-12-26T10:38:40","slug":"inexpensive-2-seater-sofa-fabric-liege","status":"publish","type":"product","link":"https:\/\/donbaraton.es\/en\/p\/inexpensive-2-seater-sofa-fabric-liege\/","title":{"rendered":"Inexpensive 2-Seater Sofa in Grey Fabric &#8211; Liege"},"content":{"rendered":"<p><strong>Inexpensive 2-seater sofa in grey fabric &#8211; Liege<\/strong><\/p>\n<p><strong>Specifications:<\/strong> Pine tree and high quality chipboard frame. Seats and backrests are supported by 80 mm and 60 mm bands. Comfortable and soft seats\u2019 cushions made of 25 kg density foam. Covers of backrests, armrests and seats are removable and washable. Perforated foam on backrests and armrests. Painted wooden front legs. Stain-resistant synthetic fabric.<\/p>\n<p><strong>Dimensions:\u00a0<\/strong>length 145 cm, height 100 cm, depth 95 cm. <strong>Additional measurements:<\/strong> depth of the seat 53 cm, height of the seat from the floor 50 cm, height of the backrest 62 cm, width of the armrest cushion 30 cm<\/p>\n","protected":false},"excerpt":{"rendered":"<ul>\n<li>Stain-resistant synthetic fabric<\/li>\n<li>Pine tree and high quality chipboard frame<\/li>\n<li>Removable and washable\u00a0covers<\/li>\n<li>Painted wooden legs<\/li>\n<\/ul>\n<p><strong>Dimensions:\u00a0<\/strong>length 145 cm, height 100 cm, depth 95 cm<\/p>\n","protected":false},"featured_media":35517,"comment_status":"open","ping_status":"closed","template":"","meta":{"_et_pb_use_builder":"","_et_pb_old_content":"","_et_gb_content_width":""},"product_brand":[],"product_cat":[35],"product_tag":[],"class_list":{"0":"post-35477","1":"product","2":"type-product","3":"status-publish","4":"has-post-thumbnail","6":"product_cat-sofas-en","7":"product_shipping_class-articulos-pesados","8":"pa_largo-sofas-200-cm-less","9":"pa_material-fabric","10":"pa_plazas-2-seater-sofas","12":"first","13":"outofstock","14":"sale","15":"taxable","16":"shipping-taxable","17":"purchasable","18":"product-type-variable","19":"has-default-attributes"},"yoast_head":"<!-- This site is optimized with the Yoast SEO plugin v27.2 - https:\/\/yoast.com\/product\/yoast-seo-wordpress\/ -->\n<title>Inexpensive 2-Seater Sofa in Grey Fabric - Liege - Don Baraton: tienda de sof\u00e1s, muebles y colchones<\/title>\n<meta name=\"robots\" content=\"index, follow, max-snippet:-1, max-image-preview:large, max-video-preview:-1\" \/>\n<link rel=\"canonical\" href=\"https:\/\/donbaraton.es\/en\/p\/inexpensive-2-seater-sofa-fabric-liege\/\" \/>\n<meta property=\"og:locale\" content=\"en_GB\" \/>\n<meta property=\"og:type\" content=\"article\" \/>\n<meta property=\"og:title\" content=\"Inexpensive 2-Seater Sofa in Grey Fabric - Liege - Don Baraton: tienda de sof\u00e1s, muebles y colchones\" \/>\n<meta property=\"og:description\" content=\"Stain-resistant synthetic fabric Pine tree and high quality chipboard frame Removable and washable\u00a0covers Painted wooden legs  Dimensions:\u00a0length 145 cm, height 100 cm, depth 95 cm\" \/>\n<meta property=\"og:url\" content=\"https:\/\/donbaraton.es\/en\/p\/inexpensive-2-seater-sofa-fabric-liege\/\" \/>\n<meta property=\"og:site_name\" content=\"Don Baraton: tienda de sof\u00e1s, muebles y colchones\" \/>\n<meta property=\"article:publisher\" content=\"https:\/\/www.facebook.com\/donbaraton.es\" \/>\n<meta property=\"article:modified_time\" content=\"2021-12-26T10:38:40+00:00\" \/>\n<meta property=\"og:image\" content=\"https:\/\/i0.wp.com\/donbaraton.es\/wp-content\/uploads\/2021\/10\/Sofa-2-plazas-economico-en-tela-gris-Liege.jpg?fit=1000%2C750&ssl=1\" \/>\n\t<meta property=\"og:image:width\" content=\"1000\" \/>\n\t<meta property=\"og:image:height\" content=\"750\" \/>\n\t<meta property=\"og:image:type\" content=\"image\/jpeg\" \/>\n<meta name=\"twitter:card\" content=\"summary_large_image\" \/>\n<meta name=\"twitter:site\" content=\"@don_baraton\" \/>\n<meta name=\"twitter:label1\" content=\"Estimated reading time\" \/>\n\t<meta name=\"twitter:data1\" content=\"1 minute\" \/>\n<script type=\"application\/ld+json\" class=\"yoast-schema-graph\">{\"@context\":\"https:\/\/schema.org\",\"@graph\":[{\"@type\":\"WebPage\",\"@id\":\"https:\/\/donbaraton.es\/en\/p\/inexpensive-2-seater-sofa-fabric-liege\/\",\"url\":\"https:\/\/donbaraton.es\/en\/p\/inexpensive-2-seater-sofa-fabric-liege\/\",\"name\":\"Inexpensive 2-Seater Sofa in Grey Fabric - Liege - Don Baraton: tienda de sof\u00e1s, muebles y colchones\",\"isPartOf\":{\"@id\":\"https:\/\/donbaraton.es\/#website\"},\"primaryImageOfPage\":{\"@id\":\"https:\/\/donbaraton.es\/en\/p\/inexpensive-2-seater-sofa-fabric-liege\/#primaryimage\"},\"image\":{\"@id\":\"https:\/\/donbaraton.es\/en\/p\/inexpensive-2-seater-sofa-fabric-liege\/#primaryimage\"},\"thumbnailUrl\":\"https:\/\/donbaraton.es\/wp-content\/uploads\/2021\/10\/Sofa-2-plazas-economico-en-tela-gris-Liege.jpg\",\"datePublished\":\"2021-10-04T13:33:40+00:00\",\"dateModified\":\"2021-12-26T10:38:40+00:00\",\"breadcrumb\":{\"@id\":\"https:\/\/donbaraton.es\/en\/p\/inexpensive-2-seater-sofa-fabric-liege\/#breadcrumb\"},\"inLanguage\":\"en-GB\",\"potentialAction\":[{\"@type\":\"ReadAction\",\"target\":[\"https:\/\/donbaraton.es\/en\/p\/inexpensive-2-seater-sofa-fabric-liege\/\"]}]},{\"@type\":\"ImageObject\",\"inLanguage\":\"en-GB\",\"@id\":\"https:\/\/donbaraton.es\/en\/p\/inexpensive-2-seater-sofa-fabric-liege\/#primaryimage\",\"url\":\"https:\/\/donbaraton.es\/wp-content\/uploads\/2021\/10\/Sofa-2-plazas-economico-en-tela-gris-Liege.jpg\",\"contentUrl\":\"https:\/\/donbaraton.es\/wp-content\/uploads\/2021\/10\/Sofa-2-plazas-economico-en-tela-gris-Liege.jpg\",\"width\":1000,\"height\":750,\"caption\":\"Inexpensive 2-Seater Sofa in Grey Fabric - Liege\"},{\"@type\":\"BreadcrumbList\",\"@id\":\"https:\/\/donbaraton.es\/en\/p\/inexpensive-2-seater-sofa-fabric-liege\/#breadcrumb\",\"itemListElement\":[{\"@type\":\"ListItem\",\"position\":1,\"name\":\"Portada\",\"item\":\"https:\/\/donbaraton.es\/en\/\"},{\"@type\":\"ListItem\",\"position\":2,\"name\":\"Online Shop\",\"item\":\"https:\/\/donbaraton.es\/en\/shop\/\"},{\"@type\":\"ListItem\",\"position\":3,\"name\":\"Inexpensive 2-Seater Sofa in Grey Fabric &#8211; Liege\"}]},{\"@type\":\"WebSite\",\"@id\":\"https:\/\/donbaraton.es\/#website\",\"url\":\"https:\/\/donbaraton.es\/\",\"name\":\"Don Baraton: tienda de sof\u00e1s, muebles y colchones\",\"description\":\"Sofas baratos desde el almac\u00e9n en Almorad\u00ed, Alicante\",\"publisher\":{\"@id\":\"https:\/\/donbaraton.es\/#organization\"},\"potentialAction\":[{\"@type\":\"SearchAction\",\"target\":{\"@type\":\"EntryPoint\",\"urlTemplate\":\"https:\/\/donbaraton.es\/?s={search_term_string}\"},\"query-input\":{\"@type\":\"PropertyValueSpecification\",\"valueRequired\":true,\"valueName\":\"search_term_string\"}}],\"inLanguage\":\"en-GB\"},{\"@type\":\"Organization\",\"@id\":\"https:\/\/donbaraton.es\/#organization\",\"name\":\"Don Baraton\",\"url\":\"https:\/\/donbaraton.es\/\",\"logo\":{\"@type\":\"ImageObject\",\"inLanguage\":\"en-GB\",\"@id\":\"https:\/\/donbaraton.es\/#\/schema\/logo\/image\/\",\"url\":\"https:\/\/i0.wp.com\/donbaraton.es\/wp-content\/uploads\/2016\/11\/logo_don_baraton.png?fit=228%2C110&ssl=1\",\"contentUrl\":\"https:\/\/i0.wp.com\/donbaraton.es\/wp-content\/uploads\/2016\/11\/logo_don_baraton.png?fit=228%2C110&ssl=1\",\"width\":228,\"height\":110,\"caption\":\"Don Baraton\"},\"image\":{\"@id\":\"https:\/\/donbaraton.es\/#\/schema\/logo\/image\/\"},\"sameAs\":[\"https:\/\/www.facebook.com\/donbaraton.es\",\"https:\/\/x.com\/don_baraton\",\"https:\/\/www.instagram.com\/donbaraton.es\",\"https:\/\/www.linkedin.com\/company\/donbaraton\/\",\"https:\/\/es.pinterest.com\/donbaraton\/\",\"https:\/\/www.youtube.com\/channel\/UCL02HOwx-F759Jq5MedAZfQ\"]}]}<\/script>\n<!-- \/ Yoast SEO plugin. -->","yoast_head_json":{"title":"Inexpensive 2-Seater Sofa in Grey Fabric - Liege - Don Baraton: tienda de sof\u00e1s, muebles y colchones","robots":{"index":"index","follow":"follow","max-snippet":"max-snippet:-1","max-image-preview":"max-image-preview:large","max-video-preview":"max-video-preview:-1"},"canonical":"https:\/\/donbaraton.es\/en\/p\/inexpensive-2-seater-sofa-fabric-liege\/","og_locale":"en_GB","og_type":"article","og_title":"Inexpensive 2-Seater Sofa in Grey Fabric - Liege - Don Baraton: tienda de sof\u00e1s, muebles y colchones","og_description":"Stain-resistant synthetic fabric Pine tree and high quality chipboard frame Removable and washable\u00a0covers Painted wooden legs  Dimensions:\u00a0length 145 cm, height 100 cm, depth 95 cm","og_url":"https:\/\/donbaraton.es\/en\/p\/inexpensive-2-seater-sofa-fabric-liege\/","og_site_name":"Don Baraton: tienda de sof\u00e1s, muebles y colchones","article_publisher":"https:\/\/www.facebook.com\/donbaraton.es","article_modified_time":"2021-12-26T10:38:40+00:00","og_image":[{"width":1000,"height":750,"url":"https:\/\/i0.wp.com\/donbaraton.es\/wp-content\/uploads\/2021\/10\/Sofa-2-plazas-economico-en-tela-gris-Liege.jpg?fit=1000%2C750&ssl=1","type":"image\/jpeg"}],"twitter_card":"summary_large_image","twitter_site":"@don_baraton","twitter_misc":{"Estimated reading time":"1 minute"},"schema":{"@context":"https:\/\/schema.org","@graph":[{"@type":"WebPage","@id":"https:\/\/donbaraton.es\/en\/p\/inexpensive-2-seater-sofa-fabric-liege\/","url":"https:\/\/donbaraton.es\/en\/p\/inexpensive-2-seater-sofa-fabric-liege\/","name":"Inexpensive 2-Seater Sofa in Grey Fabric - Liege - Don Baraton: tienda de sof\u00e1s, muebles y colchones","isPartOf":{"@id":"https:\/\/donbaraton.es\/#website"},"primaryImageOfPage":{"@id":"https:\/\/donbaraton.es\/en\/p\/inexpensive-2-seater-sofa-fabric-liege\/#primaryimage"},"image":{"@id":"https:\/\/donbaraton.es\/en\/p\/inexpensive-2-seater-sofa-fabric-liege\/#primaryimage"},"thumbnailUrl":"https:\/\/donbaraton.es\/wp-content\/uploads\/2021\/10\/Sofa-2-plazas-economico-en-tela-gris-Liege.jpg","datePublished":"2021-10-04T13:33:40+00:00","dateModified":"2021-12-26T10:38:40+00:00","breadcrumb":{"@id":"https:\/\/donbaraton.es\/en\/p\/inexpensive-2-seater-sofa-fabric-liege\/#breadcrumb"},"inLanguage":"en-GB","potentialAction":[{"@type":"ReadAction","target":["https:\/\/donbaraton.es\/en\/p\/inexpensive-2-seater-sofa-fabric-liege\/"]}]},{"@type":"ImageObject","inLanguage":"en-GB","@id":"https:\/\/donbaraton.es\/en\/p\/inexpensive-2-seater-sofa-fabric-liege\/#primaryimage","url":"https:\/\/donbaraton.es\/wp-content\/uploads\/2021\/10\/Sofa-2-plazas-economico-en-tela-gris-Liege.jpg","contentUrl":"https:\/\/donbaraton.es\/wp-content\/uploads\/2021\/10\/Sofa-2-plazas-economico-en-tela-gris-Liege.jpg","width":1000,"height":750,"caption":"Inexpensive 2-Seater Sofa in Grey Fabric - Liege"},{"@type":"BreadcrumbList","@id":"https:\/\/donbaraton.es\/en\/p\/inexpensive-2-seater-sofa-fabric-liege\/#breadcrumb","itemListElement":[{"@type":"ListItem","position":1,"name":"Portada","item":"https:\/\/donbaraton.es\/en\/"},{"@type":"ListItem","position":2,"name":"Online Shop","item":"https:\/\/donbaraton.es\/en\/shop\/"},{"@type":"ListItem","position":3,"name":"Inexpensive 2-Seater Sofa in Grey Fabric &#8211; Liege"}]},{"@type":"WebSite","@id":"https:\/\/donbaraton.es\/#website","url":"https:\/\/donbaraton.es\/","name":"Don Baraton: tienda de sof\u00e1s, muebles y colchones","description":"Sofas baratos desde el almac\u00e9n en Almorad\u00ed, Alicante","publisher":{"@id":"https:\/\/donbaraton.es\/#organization"},"potentialAction":[{"@type":"SearchAction","target":{"@type":"EntryPoint","urlTemplate":"https:\/\/donbaraton.es\/?s={search_term_string}"},"query-input":{"@type":"PropertyValueSpecification","valueRequired":true,"valueName":"search_term_string"}}],"inLanguage":"en-GB"},{"@type":"Organization","@id":"https:\/\/donbaraton.es\/#organization","name":"Don Baraton","url":"https:\/\/donbaraton.es\/","logo":{"@type":"ImageObject","inLanguage":"en-GB","@id":"https:\/\/donbaraton.es\/#\/schema\/logo\/image\/","url":"https:\/\/i0.wp.com\/donbaraton.es\/wp-content\/uploads\/2016\/11\/logo_don_baraton.png?fit=228%2C110&ssl=1","contentUrl":"https:\/\/i0.wp.com\/donbaraton.es\/wp-content\/uploads\/2016\/11\/logo_don_baraton.png?fit=228%2C110&ssl=1","width":228,"height":110,"caption":"Don Baraton"},"image":{"@id":"https:\/\/donbaraton.es\/#\/schema\/logo\/image\/"},"sameAs":["https:\/\/www.facebook.com\/donbaraton.es","https:\/\/x.com\/don_baraton","https:\/\/www.instagram.com\/donbaraton.es","https:\/\/www.linkedin.com\/company\/donbaraton\/","https:\/\/es.pinterest.com\/donbaraton\/","https:\/\/www.youtube.com\/channel\/UCL02HOwx-F759Jq5MedAZfQ"]}]}},"_links":{"self":[{"href":"https:\/\/donbaraton.es\/en\/wp-json\/wp\/v2\/product\/35477","targetHints":{"allow":["GET"]}}],"collection":[{"href":"https:\/\/donbaraton.es\/en\/wp-json\/wp\/v2\/product"}],"about":[{"href":"https:\/\/donbaraton.es\/en\/wp-json\/wp\/v2\/types\/product"}],"replies":[{"embeddable":true,"href":"https:\/\/donbaraton.es\/en\/wp-json\/wp\/v2\/comments?post=35477"}],"wp:featuredmedia":[{"embeddable":true,"href":"https:\/\/donbaraton.es\/en\/wp-json\/wp\/v2\/media\/35517"}],"wp:attachment":[{"href":"https:\/\/donbaraton.es\/en\/wp-json\/wp\/v2\/media?parent=35477"}],"wp:term":[{"taxonomy":"product_brand","embeddable":true,"href":"https:\/\/donbaraton.es\/en\/wp-json\/wp\/v2\/product_brand?post=35477"},{"taxonomy":"product_cat","embeddable":true,"href":"https:\/\/donbaraton.es\/en\/wp-json\/wp\/v2\/product_cat?post=35477"},{"taxonomy":"product_tag","embeddable":true,"href":"https:\/\/donbaraton.es\/en\/wp-json\/wp\/v2\/product_tag?post=35477"}],"curies":[{"name":"wp","href":"https:\/\/api.w.org\/{rel}","templated":true}]}}