{"id":36309,"date":"2021-12-16T04:00:39","date_gmt":"2021-12-16T03:00:41","guid":{"rendered":"https:\/\/donbaraton.es\/?post_type=product&#038;p=36309"},"modified":"2024-08-30T21:33:35","modified_gmt":"2024-08-30T19:33:35","slug":"recliner-corner-sofa-upholstered-fabric-malaga","status":"publish","type":"product","link":"https:\/\/donbaraton.es\/en\/p\/recliner-corner-sofa-upholstered-fabric-malaga\/","title":{"rendered":"Recliner Corner Sofa Upholstered in Fabric \u2013 Malaga"},"content":{"rendered":"<p><strong>Recliner Corner Sofa Upholstered in Fabric \u2013 Malaga<\/strong><\/p>\n<p><strong>Dimensions:<\/strong> width 225.5 x 225.5 cm (the wall), height 103 cm, depth 98 cm<\/p>\n","protected":false},"excerpt":{"rendered":"<ul>\n<li>Manual reclining mechanism<\/li>\n<li>2 side seats with reclining backrests and extandable footrests<\/li>\n<li>Wooden frame<\/li>\n<li>3 colours to choose: grey, beige and brown (chocolate)<\/li>\n<\/ul>\n<p><strong>Dimensions:<\/strong> width 225.5 x 225.5 cm (the wall), height 103 cm, depth 98 cm<\/p>\n","protected":false},"featured_media":36348,"comment_status":"open","ping_status":"closed","template":"","meta":{"_et_pb_use_builder":"","_et_pb_old_content":"","_et_gb_content_width":""},"product_brand":[],"product_cat":[108,35],"product_tag":[],"class_list":{"0":"post-36309","1":"product","2":"type-product","3":"status-publish","4":"has-post-thumbnail","6":"product_cat-corner-sofas","7":"product_cat-sofas-en","8":"product_shipping_class-articulos-pesados","9":"pa_largo-sofas-201-250-cm-en","10":"pa_material-fabric","11":"pa_muelles-pocket-springs","12":"pa_plazas-3-seater-sofas","14":"first","15":"instock","16":"sale","17":"taxable","18":"shipping-taxable","19":"purchasable","20":"product-type-variable"},"yoast_head":"<!-- This site is optimized with the Yoast SEO plugin v27.2 - https:\/\/yoast.com\/product\/yoast-seo-wordpress\/ -->\n<title>Recliner Corner Sofa Upholstered in Fabric \u2013 Malaga - Don Baraton: tienda de sof\u00e1s, muebles y colchones<\/title>\n<meta name=\"robots\" content=\"index, follow, max-snippet:-1, max-image-preview:large, max-video-preview:-1\" \/>\n<link rel=\"canonical\" href=\"https:\/\/donbaraton.es\/en\/p\/recliner-corner-sofa-upholstered-fabric-malaga\/\" \/>\n<meta property=\"og:locale\" content=\"en_GB\" \/>\n<meta property=\"og:type\" content=\"article\" \/>\n<meta property=\"og:title\" content=\"Recliner Corner Sofa Upholstered in Fabric \u2013 Malaga - Don Baraton: tienda de sof\u00e1s, muebles y colchones\" \/>\n<meta property=\"og:description\" content=\"Manual reclining mechanism 2 side seats with reclining backrests and extandable footrests Wooden frame 3 colours to choose: grey, beige and brown (chocolate)  Dimensions: width 225.5 x 225.5 cm (the wall), height 103 cm, depth 98 cm\" \/>\n<meta property=\"og:url\" content=\"https:\/\/donbaraton.es\/en\/p\/recliner-corner-sofa-upholstered-fabric-malaga\/\" \/>\n<meta property=\"og:site_name\" content=\"Don Baraton: tienda de sof\u00e1s, muebles y colchones\" \/>\n<meta property=\"article:publisher\" content=\"https:\/\/www.facebook.com\/donbaraton.es\" \/>\n<meta property=\"article:modified_time\" content=\"2024-08-30T19:33:35+00:00\" \/>\n<meta property=\"og:image\" content=\"https:\/\/donbaraton.es\/wp-content\/uploads\/2021\/12\/Modo-abierto.-Sofa-rinconera-relax-reposapies-abatibles-y-respaldos-reclinables-Malaga.-Color-beige.jpg\" \/>\n\t<meta property=\"og:image:width\" content=\"1000\" \/>\n\t<meta property=\"og:image:height\" content=\"750\" \/>\n\t<meta property=\"og:image:type\" content=\"image\/jpeg\" \/>\n<meta name=\"twitter:card\" content=\"summary_large_image\" \/>\n<meta name=\"twitter:site\" content=\"@don_baraton\" \/>\n<script type=\"application\/ld+json\" class=\"yoast-schema-graph\">{\"@context\":\"https:\/\/schema.org\",\"@graph\":[{\"@type\":\"WebPage\",\"@id\":\"https:\/\/donbaraton.es\/en\/p\/recliner-corner-sofa-upholstered-fabric-malaga\/\",\"url\":\"https:\/\/donbaraton.es\/en\/p\/recliner-corner-sofa-upholstered-fabric-malaga\/\",\"name\":\"Recliner Corner Sofa Upholstered in Fabric \u2013 Malaga - Don Baraton: tienda de sof\u00e1s, muebles y colchones\",\"isPartOf\":{\"@id\":\"https:\/\/donbaraton.es\/#website\"},\"primaryImageOfPage\":{\"@id\":\"https:\/\/donbaraton.es\/en\/p\/recliner-corner-sofa-upholstered-fabric-malaga\/#primaryimage\"},\"image\":{\"@id\":\"https:\/\/donbaraton.es\/en\/p\/recliner-corner-sofa-upholstered-fabric-malaga\/#primaryimage\"},\"thumbnailUrl\":\"https:\/\/donbaraton.es\/wp-content\/uploads\/2021\/12\/Modo-abierto.-Sofa-rinconera-relax-reposapies-abatibles-y-respaldos-reclinables-Malaga.-Color-beige.jpg\",\"datePublished\":\"2021-12-16T03:00:41+00:00\",\"dateModified\":\"2024-08-30T19:33:35+00:00\",\"breadcrumb\":{\"@id\":\"https:\/\/donbaraton.es\/en\/p\/recliner-corner-sofa-upholstered-fabric-malaga\/#breadcrumb\"},\"inLanguage\":\"en-GB\",\"potentialAction\":[{\"@type\":\"ReadAction\",\"target\":[\"https:\/\/donbaraton.es\/en\/p\/recliner-corner-sofa-upholstered-fabric-malaga\/\"]}]},{\"@type\":\"ImageObject\",\"inLanguage\":\"en-GB\",\"@id\":\"https:\/\/donbaraton.es\/en\/p\/recliner-corner-sofa-upholstered-fabric-malaga\/#primaryimage\",\"url\":\"https:\/\/donbaraton.es\/wp-content\/uploads\/2021\/12\/Modo-abierto.-Sofa-rinconera-relax-reposapies-abatibles-y-respaldos-reclinables-Malaga.-Color-beige.jpg\",\"contentUrl\":\"https:\/\/donbaraton.es\/wp-content\/uploads\/2021\/12\/Modo-abierto.-Sofa-rinconera-relax-reposapies-abatibles-y-respaldos-reclinables-Malaga.-Color-beige.jpg\",\"width\":1000,\"height\":750,\"caption\":\"Extended footrests. Recliner corner sofa upholstered in fabric \u2013 Malaga. Beige\"},{\"@type\":\"BreadcrumbList\",\"@id\":\"https:\/\/donbaraton.es\/en\/p\/recliner-corner-sofa-upholstered-fabric-malaga\/#breadcrumb\",\"itemListElement\":[{\"@type\":\"ListItem\",\"position\":1,\"name\":\"Portada\",\"item\":\"https:\/\/donbaraton.es\/en\/\"},{\"@type\":\"ListItem\",\"position\":2,\"name\":\"Online Shop\",\"item\":\"https:\/\/donbaraton.es\/en\/shop\/\"},{\"@type\":\"ListItem\",\"position\":3,\"name\":\"Recliner Corner Sofa Upholstered in Fabric \u2013 Malaga\"}]},{\"@type\":\"WebSite\",\"@id\":\"https:\/\/donbaraton.es\/#website\",\"url\":\"https:\/\/donbaraton.es\/\",\"name\":\"Don Baraton: tienda de sof\u00e1s, muebles y colchones\",\"description\":\"Sofas baratos desde el almac\u00e9n en Almorad\u00ed, Alicante\",\"publisher\":{\"@id\":\"https:\/\/donbaraton.es\/#organization\"},\"potentialAction\":[{\"@type\":\"SearchAction\",\"target\":{\"@type\":\"EntryPoint\",\"urlTemplate\":\"https:\/\/donbaraton.es\/?s={search_term_string}\"},\"query-input\":{\"@type\":\"PropertyValueSpecification\",\"valueRequired\":true,\"valueName\":\"search_term_string\"}}],\"inLanguage\":\"en-GB\"},{\"@type\":\"Organization\",\"@id\":\"https:\/\/donbaraton.es\/#organization\",\"name\":\"Don Baraton\",\"url\":\"https:\/\/donbaraton.es\/\",\"logo\":{\"@type\":\"ImageObject\",\"inLanguage\":\"en-GB\",\"@id\":\"https:\/\/donbaraton.es\/#\/schema\/logo\/image\/\",\"url\":\"https:\/\/i0.wp.com\/donbaraton.es\/wp-content\/uploads\/2016\/11\/logo_don_baraton.png?fit=228%2C110&ssl=1\",\"contentUrl\":\"https:\/\/i0.wp.com\/donbaraton.es\/wp-content\/uploads\/2016\/11\/logo_don_baraton.png?fit=228%2C110&ssl=1\",\"width\":228,\"height\":110,\"caption\":\"Don Baraton\"},\"image\":{\"@id\":\"https:\/\/donbaraton.es\/#\/schema\/logo\/image\/\"},\"sameAs\":[\"https:\/\/www.facebook.com\/donbaraton.es\",\"https:\/\/x.com\/don_baraton\",\"https:\/\/www.instagram.com\/donbaraton.es\",\"https:\/\/www.linkedin.com\/company\/donbaraton\/\",\"https:\/\/es.pinterest.com\/donbaraton\/\",\"https:\/\/www.youtube.com\/channel\/UCL02HOwx-F759Jq5MedAZfQ\"]}]}<\/script>\n<!-- \/ Yoast SEO plugin. -->","yoast_head_json":{"title":"Recliner Corner Sofa Upholstered in Fabric \u2013 Malaga - Don Baraton: tienda de sof\u00e1s, muebles y colchones","robots":{"index":"index","follow":"follow","max-snippet":"max-snippet:-1","max-image-preview":"max-image-preview:large","max-video-preview":"max-video-preview:-1"},"canonical":"https:\/\/donbaraton.es\/en\/p\/recliner-corner-sofa-upholstered-fabric-malaga\/","og_locale":"en_GB","og_type":"article","og_title":"Recliner Corner Sofa Upholstered in Fabric \u2013 Malaga - Don Baraton: tienda de sof\u00e1s, muebles y colchones","og_description":"Manual reclining mechanism 2 side seats with reclining backrests and extandable footrests Wooden frame 3 colours to choose: grey, beige and brown (chocolate)  Dimensions: width 225.5 x 225.5 cm (the wall), height 103 cm, depth 98 cm","og_url":"https:\/\/donbaraton.es\/en\/p\/recliner-corner-sofa-upholstered-fabric-malaga\/","og_site_name":"Don Baraton: tienda de sof\u00e1s, muebles y colchones","article_publisher":"https:\/\/www.facebook.com\/donbaraton.es","article_modified_time":"2024-08-30T19:33:35+00:00","og_image":[{"width":1000,"height":750,"url":"https:\/\/donbaraton.es\/wp-content\/uploads\/2021\/12\/Modo-abierto.-Sofa-rinconera-relax-reposapies-abatibles-y-respaldos-reclinables-Malaga.-Color-beige.jpg","type":"image\/jpeg"}],"twitter_card":"summary_large_image","twitter_site":"@don_baraton","schema":{"@context":"https:\/\/schema.org","@graph":[{"@type":"WebPage","@id":"https:\/\/donbaraton.es\/en\/p\/recliner-corner-sofa-upholstered-fabric-malaga\/","url":"https:\/\/donbaraton.es\/en\/p\/recliner-corner-sofa-upholstered-fabric-malaga\/","name":"Recliner Corner Sofa Upholstered in Fabric \u2013 Malaga - Don Baraton: tienda de sof\u00e1s, muebles y colchones","isPartOf":{"@id":"https:\/\/donbaraton.es\/#website"},"primaryImageOfPage":{"@id":"https:\/\/donbaraton.es\/en\/p\/recliner-corner-sofa-upholstered-fabric-malaga\/#primaryimage"},"image":{"@id":"https:\/\/donbaraton.es\/en\/p\/recliner-corner-sofa-upholstered-fabric-malaga\/#primaryimage"},"thumbnailUrl":"https:\/\/donbaraton.es\/wp-content\/uploads\/2021\/12\/Modo-abierto.-Sofa-rinconera-relax-reposapies-abatibles-y-respaldos-reclinables-Malaga.-Color-beige.jpg","datePublished":"2021-12-16T03:00:41+00:00","dateModified":"2024-08-30T19:33:35+00:00","breadcrumb":{"@id":"https:\/\/donbaraton.es\/en\/p\/recliner-corner-sofa-upholstered-fabric-malaga\/#breadcrumb"},"inLanguage":"en-GB","potentialAction":[{"@type":"ReadAction","target":["https:\/\/donbaraton.es\/en\/p\/recliner-corner-sofa-upholstered-fabric-malaga\/"]}]},{"@type":"ImageObject","inLanguage":"en-GB","@id":"https:\/\/donbaraton.es\/en\/p\/recliner-corner-sofa-upholstered-fabric-malaga\/#primaryimage","url":"https:\/\/donbaraton.es\/wp-content\/uploads\/2021\/12\/Modo-abierto.-Sofa-rinconera-relax-reposapies-abatibles-y-respaldos-reclinables-Malaga.-Color-beige.jpg","contentUrl":"https:\/\/donbaraton.es\/wp-content\/uploads\/2021\/12\/Modo-abierto.-Sofa-rinconera-relax-reposapies-abatibles-y-respaldos-reclinables-Malaga.-Color-beige.jpg","width":1000,"height":750,"caption":"Extended footrests. Recliner corner sofa upholstered in fabric \u2013 Malaga. Beige"},{"@type":"BreadcrumbList","@id":"https:\/\/donbaraton.es\/en\/p\/recliner-corner-sofa-upholstered-fabric-malaga\/#breadcrumb","itemListElement":[{"@type":"ListItem","position":1,"name":"Portada","item":"https:\/\/donbaraton.es\/en\/"},{"@type":"ListItem","position":2,"name":"Online Shop","item":"https:\/\/donbaraton.es\/en\/shop\/"},{"@type":"ListItem","position":3,"name":"Recliner Corner Sofa Upholstered in Fabric \u2013 Malaga"}]},{"@type":"WebSite","@id":"https:\/\/donbaraton.es\/#website","url":"https:\/\/donbaraton.es\/","name":"Don Baraton: tienda de sof\u00e1s, muebles y colchones","description":"Sofas baratos desde el almac\u00e9n en Almorad\u00ed, Alicante","publisher":{"@id":"https:\/\/donbaraton.es\/#organization"},"potentialAction":[{"@type":"SearchAction","target":{"@type":"EntryPoint","urlTemplate":"https:\/\/donbaraton.es\/?s={search_term_string}"},"query-input":{"@type":"PropertyValueSpecification","valueRequired":true,"valueName":"search_term_string"}}],"inLanguage":"en-GB"},{"@type":"Organization","@id":"https:\/\/donbaraton.es\/#organization","name":"Don Baraton","url":"https:\/\/donbaraton.es\/","logo":{"@type":"ImageObject","inLanguage":"en-GB","@id":"https:\/\/donbaraton.es\/#\/schema\/logo\/image\/","url":"https:\/\/i0.wp.com\/donbaraton.es\/wp-content\/uploads\/2016\/11\/logo_don_baraton.png?fit=228%2C110&ssl=1","contentUrl":"https:\/\/i0.wp.com\/donbaraton.es\/wp-content\/uploads\/2016\/11\/logo_don_baraton.png?fit=228%2C110&ssl=1","width":228,"height":110,"caption":"Don Baraton"},"image":{"@id":"https:\/\/donbaraton.es\/#\/schema\/logo\/image\/"},"sameAs":["https:\/\/www.facebook.com\/donbaraton.es","https:\/\/x.com\/don_baraton","https:\/\/www.instagram.com\/donbaraton.es","https:\/\/www.linkedin.com\/company\/donbaraton\/","https:\/\/es.pinterest.com\/donbaraton\/","https:\/\/www.youtube.com\/channel\/UCL02HOwx-F759Jq5MedAZfQ"]}]}},"_links":{"self":[{"href":"https:\/\/donbaraton.es\/en\/wp-json\/wp\/v2\/product\/36309","targetHints":{"allow":["GET"]}}],"collection":[{"href":"https:\/\/donbaraton.es\/en\/wp-json\/wp\/v2\/product"}],"about":[{"href":"https:\/\/donbaraton.es\/en\/wp-json\/wp\/v2\/types\/product"}],"replies":[{"embeddable":true,"href":"https:\/\/donbaraton.es\/en\/wp-json\/wp\/v2\/comments?post=36309"}],"wp:featuredmedia":[{"embeddable":true,"href":"https:\/\/donbaraton.es\/en\/wp-json\/wp\/v2\/media\/36348"}],"wp:attachment":[{"href":"https:\/\/donbaraton.es\/en\/wp-json\/wp\/v2\/media?parent=36309"}],"wp:term":[{"taxonomy":"product_brand","embeddable":true,"href":"https:\/\/donbaraton.es\/en\/wp-json\/wp\/v2\/product_brand?post=36309"},{"taxonomy":"product_cat","embeddable":true,"href":"https:\/\/donbaraton.es\/en\/wp-json\/wp\/v2\/product_cat?post=36309"},{"taxonomy":"product_tag","embeddable":true,"href":"https:\/\/donbaraton.es\/en\/wp-json\/wp\/v2\/product_tag?post=36309"}],"curies":[{"name":"wp","href":"https:\/\/api.w.org\/{rel}","templated":true}]}}