{"id":5128,"date":"2017-09-09T20:11:18","date_gmt":"2017-09-09T18:11:18","guid":{"rendered":"https:\/\/donbaraton.es\/producto\/uncategorized\/professional-stainless-steel-deep-fryer-3-5-litres\/"},"modified":"2017-09-10T03:25:18","modified_gmt":"2017-09-10T01:25:18","slug":"professional-stainless-steel-deep-fryer-3-5-litres","status":"publish","type":"product","link":"https:\/\/donbaraton.es\/en\/p\/professional-stainless-steel-deep-fryer-3-5-litres\/","title":{"rendered":"Professional Stainless Steel Deep Fryer 3.5 Litres"},"content":{"rendered":"<p>Professional Stainless Steel Deep Fryer 3.5 Litres<\/p>\n<ul>\n<li>Capacity: 3.5 litres<\/li>\n<li>&#8220;Cold Zone&#8221; technology (for fast heating and odorless frying).<\/li>\n<li>Continuously adjustable thermostat\u00a0(130\u00b0C &#8211; 190\u00b0C).<\/li>\n<li>Timer from 5 to 30 minutes (automatically switches the fryer on and off)<\/li>\n<li>Two control lights: &#8220;power&#8221; and &#8220;heating&#8221;<\/li>\n<li>Overheating protection (the fryer switches off automatically if the oil gets too hot).<\/li>\n<li>Cable tray.<\/li>\n<\/ul>\n<p>Voltage: 230V<\/p>\n<p>Frequency: 50\/60Hz<\/p>\n<p>Power: 2000W<\/p>\n<p>Dishwasher safe. Frying receptacle, baskets, handles and the lid can be washed in warm water with mild detergent.<\/p>\n","protected":false},"excerpt":{"rendered":"<p>Professional Stainless Steel Deep Fryer 3.5 Litres<\/p>\n<ul>\n<li>Capacity: 3.5 litres<\/li>\n<li>&#8220;Cold Zone&#8221; technology (for fast heating and odorless frying).<\/li>\n<li>Continuously adjustable thermostat\u00a0(130\u00b0C &#8211; 190\u00b0C).<\/li>\n<li>Timer from 5 to 30 minutes (automatically switches the fryer on and off)<\/li>\n<li>Two control lights: &#8220;power&#8221; and &#8220;heating&#8221;<\/li>\n<li>Overheating protection (the fryer switches off automatically if the oil gets too hot).<\/li>\n<li>Cable tray.<\/li>\n<\/ul>\n<p>Voltage: 230V<\/p>\n<p>Frequency: 50\/60Hz<\/p>\n<p>Power: 2000W<\/p>\n","protected":false},"featured_media":5101,"comment_status":"open","ping_status":"closed","template":"","meta":{"_et_pb_use_builder":"","_et_pb_old_content":"","_et_gb_content_width":""},"product_brand":[],"product_cat":[37],"product_tag":[],"class_list":{"0":"post-5128","1":"product","2":"type-product","3":"status-publish","4":"has-post-thumbnail","6":"product_cat-home-appliances","7":"product_shipping_class-articulos-ligeros","9":"first","10":"outofstock","11":"sale","12":"taxable","13":"shipping-taxable","14":"purchasable","15":"product-type-simple"},"yoast_head":"<!-- This site is optimized with the Yoast SEO plugin v27.2 - https:\/\/yoast.com\/product\/yoast-seo-wordpress\/ -->\n<title>Professional Stainless Steel Deep Fryer 3.5 Litres - Don Baraton: tienda de sof\u00e1s, muebles y colchones<\/title>\n<meta name=\"robots\" content=\"index, follow, max-snippet:-1, max-image-preview:large, max-video-preview:-1\" \/>\n<link rel=\"canonical\" href=\"https:\/\/donbaraton.es\/en\/p\/professional-stainless-steel-deep-fryer-3-5-litres\/\" \/>\n<meta property=\"og:locale\" content=\"en_GB\" \/>\n<meta property=\"og:type\" content=\"article\" \/>\n<meta property=\"og:title\" content=\"Professional Stainless Steel Deep Fryer 3.5 Litres - Don Baraton: tienda de sof\u00e1s, muebles y colchones\" \/>\n<meta property=\"og:description\" content=\"Professional Stainless Steel Deep Fryer 3.5 Litres   Capacity: 3.5 litres  &quot;Cold Zone&quot; technology (for fast heating and odorless frying).  Continuously adjustable thermostat\u00a0(130\u00b0C - 190\u00b0C).  Timer from 5 to 30 minutes (automatically switches the fryer on and off)  Two control lights: &quot;power&quot; and &quot;heating&quot;  Overheating protection (the fryer switches off automatically if the oil gets too hot).  Cable tray.  Voltage: 230V  Frequency: 50\/60Hz  Power: 2000W\" \/>\n<meta property=\"og:url\" content=\"https:\/\/donbaraton.es\/en\/p\/professional-stainless-steel-deep-fryer-3-5-litres\/\" \/>\n<meta property=\"og:site_name\" content=\"Don Baraton: tienda de sof\u00e1s, muebles y colchones\" \/>\n<meta property=\"article:publisher\" content=\"https:\/\/www.facebook.com\/donbaraton.es\" \/>\n<meta property=\"article:modified_time\" content=\"2017-09-10T01:25:18+00:00\" \/>\n<meta property=\"og:image\" content=\"https:\/\/i2.wp.com\/donbaraton.es\/wp-content\/uploads\/2017\/09\/Freidora-profesional-de-acero-inoxidable.jpg?fit=900%2C751&ssl=1\" \/>\n\t<meta property=\"og:image:width\" content=\"900\" \/>\n\t<meta property=\"og:image:height\" content=\"751\" \/>\n\t<meta property=\"og:image:type\" content=\"image\/jpeg\" \/>\n<meta name=\"twitter:card\" content=\"summary_large_image\" \/>\n<meta name=\"twitter:site\" content=\"@don_baraton\" \/>\n<script type=\"application\/ld+json\" class=\"yoast-schema-graph\">{\"@context\":\"https:\/\/schema.org\",\"@graph\":[{\"@type\":\"WebPage\",\"@id\":\"https:\/\/donbaraton.es\/en\/p\/professional-stainless-steel-deep-fryer-3-5-litres\/\",\"url\":\"https:\/\/donbaraton.es\/en\/p\/professional-stainless-steel-deep-fryer-3-5-litres\/\",\"name\":\"Professional Stainless Steel Deep Fryer 3.5 Litres - Don Baraton: tienda de sof\u00e1s, muebles y colchones\",\"isPartOf\":{\"@id\":\"https:\/\/donbaraton.es\/#website\"},\"primaryImageOfPage\":{\"@id\":\"https:\/\/donbaraton.es\/en\/p\/professional-stainless-steel-deep-fryer-3-5-litres\/#primaryimage\"},\"image\":{\"@id\":\"https:\/\/donbaraton.es\/en\/p\/professional-stainless-steel-deep-fryer-3-5-litres\/#primaryimage\"},\"thumbnailUrl\":\"https:\/\/donbaraton.es\/wp-content\/uploads\/2017\/09\/Freidora-profesional-de-acero-inoxidable.jpg\",\"datePublished\":\"2017-09-09T18:11:18+00:00\",\"dateModified\":\"2017-09-10T01:25:18+00:00\",\"breadcrumb\":{\"@id\":\"https:\/\/donbaraton.es\/en\/p\/professional-stainless-steel-deep-fryer-3-5-litres\/#breadcrumb\"},\"inLanguage\":\"en-GB\",\"potentialAction\":[{\"@type\":\"ReadAction\",\"target\":[\"https:\/\/donbaraton.es\/en\/p\/professional-stainless-steel-deep-fryer-3-5-litres\/\"]}]},{\"@type\":\"ImageObject\",\"inLanguage\":\"en-GB\",\"@id\":\"https:\/\/donbaraton.es\/en\/p\/professional-stainless-steel-deep-fryer-3-5-litres\/#primaryimage\",\"url\":\"https:\/\/donbaraton.es\/wp-content\/uploads\/2017\/09\/Freidora-profesional-de-acero-inoxidable.jpg\",\"contentUrl\":\"https:\/\/donbaraton.es\/wp-content\/uploads\/2017\/09\/Freidora-profesional-de-acero-inoxidable.jpg\",\"width\":900,\"height\":751,\"caption\":\"Professional Stainless Steel Deep Fryer 3.5 Litres\"},{\"@type\":\"BreadcrumbList\",\"@id\":\"https:\/\/donbaraton.es\/en\/p\/professional-stainless-steel-deep-fryer-3-5-litres\/#breadcrumb\",\"itemListElement\":[{\"@type\":\"ListItem\",\"position\":1,\"name\":\"Portada\",\"item\":\"https:\/\/donbaraton.es\/en\/\"},{\"@type\":\"ListItem\",\"position\":2,\"name\":\"Online Shop\",\"item\":\"https:\/\/donbaraton.es\/en\/shop\/\"},{\"@type\":\"ListItem\",\"position\":3,\"name\":\"Professional Stainless Steel Deep Fryer 3.5 Litres\"}]},{\"@type\":\"WebSite\",\"@id\":\"https:\/\/donbaraton.es\/#website\",\"url\":\"https:\/\/donbaraton.es\/\",\"name\":\"Don Baraton: tienda de sof\u00e1s, muebles y colchones\",\"description\":\"Sofas baratos desde el almac\u00e9n en Almorad\u00ed, Alicante\",\"publisher\":{\"@id\":\"https:\/\/donbaraton.es\/#organization\"},\"potentialAction\":[{\"@type\":\"SearchAction\",\"target\":{\"@type\":\"EntryPoint\",\"urlTemplate\":\"https:\/\/donbaraton.es\/?s={search_term_string}\"},\"query-input\":{\"@type\":\"PropertyValueSpecification\",\"valueRequired\":true,\"valueName\":\"search_term_string\"}}],\"inLanguage\":\"en-GB\"},{\"@type\":\"Organization\",\"@id\":\"https:\/\/donbaraton.es\/#organization\",\"name\":\"Don Baraton\",\"url\":\"https:\/\/donbaraton.es\/\",\"logo\":{\"@type\":\"ImageObject\",\"inLanguage\":\"en-GB\",\"@id\":\"https:\/\/donbaraton.es\/#\/schema\/logo\/image\/\",\"url\":\"https:\/\/i0.wp.com\/donbaraton.es\/wp-content\/uploads\/2016\/11\/logo_don_baraton.png?fit=228%2C110&ssl=1\",\"contentUrl\":\"https:\/\/i0.wp.com\/donbaraton.es\/wp-content\/uploads\/2016\/11\/logo_don_baraton.png?fit=228%2C110&ssl=1\",\"width\":228,\"height\":110,\"caption\":\"Don Baraton\"},\"image\":{\"@id\":\"https:\/\/donbaraton.es\/#\/schema\/logo\/image\/\"},\"sameAs\":[\"https:\/\/www.facebook.com\/donbaraton.es\",\"https:\/\/x.com\/don_baraton\",\"https:\/\/www.instagram.com\/donbaraton.es\",\"https:\/\/www.linkedin.com\/company\/donbaraton\/\",\"https:\/\/es.pinterest.com\/donbaraton\/\",\"https:\/\/www.youtube.com\/channel\/UCL02HOwx-F759Jq5MedAZfQ\"]}]}<\/script>\n<!-- \/ Yoast SEO plugin. -->","yoast_head_json":{"title":"Professional Stainless Steel Deep Fryer 3.5 Litres - Don Baraton: tienda de sof\u00e1s, muebles y colchones","robots":{"index":"index","follow":"follow","max-snippet":"max-snippet:-1","max-image-preview":"max-image-preview:large","max-video-preview":"max-video-preview:-1"},"canonical":"https:\/\/donbaraton.es\/en\/p\/professional-stainless-steel-deep-fryer-3-5-litres\/","og_locale":"en_GB","og_type":"article","og_title":"Professional Stainless Steel Deep Fryer 3.5 Litres - Don Baraton: tienda de sof\u00e1s, muebles y colchones","og_description":"Professional Stainless Steel Deep Fryer 3.5 Litres   Capacity: 3.5 litres  \"Cold Zone\" technology (for fast heating and odorless frying).  Continuously adjustable thermostat\u00a0(130\u00b0C - 190\u00b0C).  Timer from 5 to 30 minutes (automatically switches the fryer on and off)  Two control lights: \"power\" and \"heating\"  Overheating protection (the fryer switches off automatically if the oil gets too hot).  Cable tray.  Voltage: 230V  Frequency: 50\/60Hz  Power: 2000W","og_url":"https:\/\/donbaraton.es\/en\/p\/professional-stainless-steel-deep-fryer-3-5-litres\/","og_site_name":"Don Baraton: tienda de sof\u00e1s, muebles y colchones","article_publisher":"https:\/\/www.facebook.com\/donbaraton.es","article_modified_time":"2017-09-10T01:25:18+00:00","og_image":[{"width":900,"height":751,"url":"https:\/\/i2.wp.com\/donbaraton.es\/wp-content\/uploads\/2017\/09\/Freidora-profesional-de-acero-inoxidable.jpg?fit=900%2C751&ssl=1","type":"image\/jpeg"}],"twitter_card":"summary_large_image","twitter_site":"@don_baraton","schema":{"@context":"https:\/\/schema.org","@graph":[{"@type":"WebPage","@id":"https:\/\/donbaraton.es\/en\/p\/professional-stainless-steel-deep-fryer-3-5-litres\/","url":"https:\/\/donbaraton.es\/en\/p\/professional-stainless-steel-deep-fryer-3-5-litres\/","name":"Professional Stainless Steel Deep Fryer 3.5 Litres - Don Baraton: tienda de sof\u00e1s, muebles y colchones","isPartOf":{"@id":"https:\/\/donbaraton.es\/#website"},"primaryImageOfPage":{"@id":"https:\/\/donbaraton.es\/en\/p\/professional-stainless-steel-deep-fryer-3-5-litres\/#primaryimage"},"image":{"@id":"https:\/\/donbaraton.es\/en\/p\/professional-stainless-steel-deep-fryer-3-5-litres\/#primaryimage"},"thumbnailUrl":"https:\/\/donbaraton.es\/wp-content\/uploads\/2017\/09\/Freidora-profesional-de-acero-inoxidable.jpg","datePublished":"2017-09-09T18:11:18+00:00","dateModified":"2017-09-10T01:25:18+00:00","breadcrumb":{"@id":"https:\/\/donbaraton.es\/en\/p\/professional-stainless-steel-deep-fryer-3-5-litres\/#breadcrumb"},"inLanguage":"en-GB","potentialAction":[{"@type":"ReadAction","target":["https:\/\/donbaraton.es\/en\/p\/professional-stainless-steel-deep-fryer-3-5-litres\/"]}]},{"@type":"ImageObject","inLanguage":"en-GB","@id":"https:\/\/donbaraton.es\/en\/p\/professional-stainless-steel-deep-fryer-3-5-litres\/#primaryimage","url":"https:\/\/donbaraton.es\/wp-content\/uploads\/2017\/09\/Freidora-profesional-de-acero-inoxidable.jpg","contentUrl":"https:\/\/donbaraton.es\/wp-content\/uploads\/2017\/09\/Freidora-profesional-de-acero-inoxidable.jpg","width":900,"height":751,"caption":"Professional Stainless Steel Deep Fryer 3.5 Litres"},{"@type":"BreadcrumbList","@id":"https:\/\/donbaraton.es\/en\/p\/professional-stainless-steel-deep-fryer-3-5-litres\/#breadcrumb","itemListElement":[{"@type":"ListItem","position":1,"name":"Portada","item":"https:\/\/donbaraton.es\/en\/"},{"@type":"ListItem","position":2,"name":"Online Shop","item":"https:\/\/donbaraton.es\/en\/shop\/"},{"@type":"ListItem","position":3,"name":"Professional Stainless Steel Deep Fryer 3.5 Litres"}]},{"@type":"WebSite","@id":"https:\/\/donbaraton.es\/#website","url":"https:\/\/donbaraton.es\/","name":"Don Baraton: tienda de sof\u00e1s, muebles y colchones","description":"Sofas baratos desde el almac\u00e9n en Almorad\u00ed, Alicante","publisher":{"@id":"https:\/\/donbaraton.es\/#organization"},"potentialAction":[{"@type":"SearchAction","target":{"@type":"EntryPoint","urlTemplate":"https:\/\/donbaraton.es\/?s={search_term_string}"},"query-input":{"@type":"PropertyValueSpecification","valueRequired":true,"valueName":"search_term_string"}}],"inLanguage":"en-GB"},{"@type":"Organization","@id":"https:\/\/donbaraton.es\/#organization","name":"Don Baraton","url":"https:\/\/donbaraton.es\/","logo":{"@type":"ImageObject","inLanguage":"en-GB","@id":"https:\/\/donbaraton.es\/#\/schema\/logo\/image\/","url":"https:\/\/i0.wp.com\/donbaraton.es\/wp-content\/uploads\/2016\/11\/logo_don_baraton.png?fit=228%2C110&ssl=1","contentUrl":"https:\/\/i0.wp.com\/donbaraton.es\/wp-content\/uploads\/2016\/11\/logo_don_baraton.png?fit=228%2C110&ssl=1","width":228,"height":110,"caption":"Don Baraton"},"image":{"@id":"https:\/\/donbaraton.es\/#\/schema\/logo\/image\/"},"sameAs":["https:\/\/www.facebook.com\/donbaraton.es","https:\/\/x.com\/don_baraton","https:\/\/www.instagram.com\/donbaraton.es","https:\/\/www.linkedin.com\/company\/donbaraton\/","https:\/\/es.pinterest.com\/donbaraton\/","https:\/\/www.youtube.com\/channel\/UCL02HOwx-F759Jq5MedAZfQ"]}]}},"_links":{"self":[{"href":"https:\/\/donbaraton.es\/en\/wp-json\/wp\/v2\/product\/5128","targetHints":{"allow":["GET"]}}],"collection":[{"href":"https:\/\/donbaraton.es\/en\/wp-json\/wp\/v2\/product"}],"about":[{"href":"https:\/\/donbaraton.es\/en\/wp-json\/wp\/v2\/types\/product"}],"replies":[{"embeddable":true,"href":"https:\/\/donbaraton.es\/en\/wp-json\/wp\/v2\/comments?post=5128"}],"wp:featuredmedia":[{"embeddable":true,"href":"https:\/\/donbaraton.es\/en\/wp-json\/wp\/v2\/media\/5101"}],"wp:attachment":[{"href":"https:\/\/donbaraton.es\/en\/wp-json\/wp\/v2\/media?parent=5128"}],"wp:term":[{"taxonomy":"product_brand","embeddable":true,"href":"https:\/\/donbaraton.es\/en\/wp-json\/wp\/v2\/product_brand?post=5128"},{"taxonomy":"product_cat","embeddable":true,"href":"https:\/\/donbaraton.es\/en\/wp-json\/wp\/v2\/product_cat?post=5128"},{"taxonomy":"product_tag","embeddable":true,"href":"https:\/\/donbaraton.es\/en\/wp-json\/wp\/v2\/product_tag?post=5128"}],"curies":[{"name":"wp","href":"https:\/\/api.w.org\/{rel}","templated":true}]}}