{"id":5284,"date":"2017-09-21T01:29:26","date_gmt":"2017-09-20T23:29:26","guid":{"rendered":"https:\/\/donbaraton.es\/producto\/uncategorized\/ceramic-hair-iron-hair-straightener\/"},"modified":"2017-09-21T23:55:33","modified_gmt":"2017-09-21T21:55:33","slug":"ceramic-hair-iron-hair-straightener","status":"publish","type":"product","link":"https:\/\/donbaraton.es\/en\/p\/ceramic-hair-iron-hair-straightener\/","title":{"rendered":"Ceramic Hair Iron (Hair Straightener)"},"content":{"rendered":"<p>Wash and dry hair before use. Divide your hair in strands with a comb.<\/p>\n<p>Place a stand (approximately 5 cm wide) between forefinger and middle finger. Place the stand between ceramic plates and press the hair. You may need to use hair clips to separate strands.<\/p>\n<p>Keep the hair pressed between the plates for a few seconds.<\/p>\n<p>Slowly move the straightener away from the roots of the hair towards its tips.<\/p>\n<p>Don not touch the hot surface of the plates. Don not place the appliance too close to the skin.\u00a0Do not immerse the appliance in water or other liquid.\u00a0Do not pull the cord of the appliance to unplug it.\u00a0Do not leave the iron exposed to the sun or rain.\u00a0Do not use for small children or babies.<\/p>\n<p>The hair iron should only be used for the styling of the natural hair.<\/p>\n","protected":false},"excerpt":{"rendered":"<p>Our hair iron (hair straightener) is a small and lightweight appliance designed to flatten and style the natural hair. Ceramic plates allow smooth styling at a stable temperature. The iron is ideal for travel due to its light weight.<\/p>\n<p><strong>Features:<\/strong><\/p>\n<ul>\n<li>Pink colour<\/li>\n<li>100% solid ceramic plates<\/li>\n<li>Fast heating technology<\/li>\n<li>360\u00b0 rotating cable<\/li>\n<li>New improved locking system<\/li>\n<li>Operation indicator light<\/li>\n<li>Suitable for all hair types<\/li>\n<li>Temperature regulator\u00a0\u00a0180\u00b0C<\/li>\n<li>Smooth styling without\u00a0adhesion to the hair<\/li>\n<li>User manual in English, Spanish and Portuguese<\/li>\n<\/ul>\n<p><strong>Power:<\/strong> 30 Watts<\/p>\n<p><strong>Voltage:\u00a0<\/strong>AC 220-240V, 50-60Hz<\/p>\n","protected":false},"featured_media":5269,"comment_status":"open","ping_status":"closed","template":"","meta":{"_et_pb_use_builder":"","_et_pb_old_content":"","_et_gb_content_width":""},"product_brand":[],"product_cat":[37],"product_tag":[],"class_list":{"0":"post-5284","1":"product","2":"type-product","3":"status-publish","4":"has-post-thumbnail","6":"product_cat-home-appliances","7":"product_shipping_class-articulos-ligeros","9":"first","10":"outofstock","11":"sale","12":"taxable","13":"shipping-taxable","14":"purchasable","15":"product-type-simple"},"yoast_head":"<!-- This site is optimized with the Yoast SEO plugin v27.2 - https:\/\/yoast.com\/product\/yoast-seo-wordpress\/ -->\n<title>Ceramic Hair Iron (Hair Straightener) - Don Baraton: tienda de sof\u00e1s, muebles y colchones<\/title>\n<meta name=\"robots\" content=\"index, follow, max-snippet:-1, max-image-preview:large, max-video-preview:-1\" \/>\n<link rel=\"canonical\" href=\"https:\/\/donbaraton.es\/en\/p\/ceramic-hair-iron-hair-straightener\/\" \/>\n<meta property=\"og:locale\" content=\"en_GB\" \/>\n<meta property=\"og:type\" content=\"article\" \/>\n<meta property=\"og:title\" content=\"Ceramic Hair Iron (Hair Straightener) - Don Baraton: tienda de sof\u00e1s, muebles y colchones\" \/>\n<meta property=\"og:description\" content=\"Our hair iron (hair straightener) is a small and lightweight appliance designed to flatten and style the natural hair. Ceramic plates allow smooth styling at a stable temperature. The iron is ideal for travel due to its light weight.  Features:   Pink colour  100% solid ceramic plates  Fast heating technology  360\u00b0 rotating cable  New improved locking system  Operation indicator light  Suitable for all hair types  Temperature regulator\u00a0\u00a0180\u00b0C  Smooth styling without\u00a0adhesion to the hair  User manual in English, Spanish and Portuguese  Power: 30 Watts  Voltage:\u00a0AC 220-240V, 50-60Hz\" \/>\n<meta property=\"og:url\" content=\"https:\/\/donbaraton.es\/en\/p\/ceramic-hair-iron-hair-straightener\/\" \/>\n<meta property=\"og:site_name\" content=\"Don Baraton: tienda de sof\u00e1s, muebles y colchones\" \/>\n<meta property=\"article:publisher\" content=\"https:\/\/www.facebook.com\/donbaraton.es\" \/>\n<meta property=\"article:modified_time\" content=\"2017-09-21T21:55:33+00:00\" \/>\n<meta property=\"og:image\" content=\"https:\/\/i2.wp.com\/donbaraton.es\/wp-content\/uploads\/2017\/09\/Plancha-de-pelo-con-placas-de-cer\u00e1mica-1.jpg?fit=900%2C591&ssl=1\" \/>\n\t<meta property=\"og:image:width\" content=\"900\" \/>\n\t<meta property=\"og:image:height\" content=\"591\" \/>\n\t<meta property=\"og:image:type\" content=\"image\/jpeg\" \/>\n<meta name=\"twitter:card\" content=\"summary_large_image\" \/>\n<meta name=\"twitter:site\" content=\"@don_baraton\" \/>\n<meta name=\"twitter:label1\" content=\"Estimated reading time\" \/>\n\t<meta name=\"twitter:data1\" content=\"1 minute\" \/>\n<script type=\"application\/ld+json\" class=\"yoast-schema-graph\">{\"@context\":\"https:\/\/schema.org\",\"@graph\":[{\"@type\":\"WebPage\",\"@id\":\"https:\/\/donbaraton.es\/en\/p\/ceramic-hair-iron-hair-straightener\/\",\"url\":\"https:\/\/donbaraton.es\/en\/p\/ceramic-hair-iron-hair-straightener\/\",\"name\":\"Ceramic Hair Iron (Hair Straightener) - Don Baraton: tienda de sof\u00e1s, muebles y colchones\",\"isPartOf\":{\"@id\":\"https:\/\/donbaraton.es\/#website\"},\"primaryImageOfPage\":{\"@id\":\"https:\/\/donbaraton.es\/en\/p\/ceramic-hair-iron-hair-straightener\/#primaryimage\"},\"image\":{\"@id\":\"https:\/\/donbaraton.es\/en\/p\/ceramic-hair-iron-hair-straightener\/#primaryimage\"},\"thumbnailUrl\":\"https:\/\/donbaraton.es\/wp-content\/uploads\/2017\/09\/Plancha-de-pelo-con-placas-de-cer\u00e1mica-1.jpg\",\"datePublished\":\"2017-09-20T23:29:26+00:00\",\"dateModified\":\"2017-09-21T21:55:33+00:00\",\"breadcrumb\":{\"@id\":\"https:\/\/donbaraton.es\/en\/p\/ceramic-hair-iron-hair-straightener\/#breadcrumb\"},\"inLanguage\":\"en-GB\",\"potentialAction\":[{\"@type\":\"ReadAction\",\"target\":[\"https:\/\/donbaraton.es\/en\/p\/ceramic-hair-iron-hair-straightener\/\"]}]},{\"@type\":\"ImageObject\",\"inLanguage\":\"en-GB\",\"@id\":\"https:\/\/donbaraton.es\/en\/p\/ceramic-hair-iron-hair-straightener\/#primaryimage\",\"url\":\"https:\/\/donbaraton.es\/wp-content\/uploads\/2017\/09\/Plancha-de-pelo-con-placas-de-cer\u00e1mica-1.jpg\",\"contentUrl\":\"https:\/\/donbaraton.es\/wp-content\/uploads\/2017\/09\/Plancha-de-pelo-con-placas-de-cer\u00e1mica-1.jpg\",\"width\":900,\"height\":591,\"caption\":\"Ceramic Hair Iron (Hair Straightener)\"},{\"@type\":\"BreadcrumbList\",\"@id\":\"https:\/\/donbaraton.es\/en\/p\/ceramic-hair-iron-hair-straightener\/#breadcrumb\",\"itemListElement\":[{\"@type\":\"ListItem\",\"position\":1,\"name\":\"Portada\",\"item\":\"https:\/\/donbaraton.es\/en\/\"},{\"@type\":\"ListItem\",\"position\":2,\"name\":\"Online Shop\",\"item\":\"https:\/\/donbaraton.es\/en\/shop\/\"},{\"@type\":\"ListItem\",\"position\":3,\"name\":\"Ceramic Hair Iron (Hair Straightener)\"}]},{\"@type\":\"WebSite\",\"@id\":\"https:\/\/donbaraton.es\/#website\",\"url\":\"https:\/\/donbaraton.es\/\",\"name\":\"Don Baraton: tienda de sof\u00e1s, muebles y colchones\",\"description\":\"Sofas baratos desde el almac\u00e9n en Almorad\u00ed, Alicante\",\"publisher\":{\"@id\":\"https:\/\/donbaraton.es\/#organization\"},\"potentialAction\":[{\"@type\":\"SearchAction\",\"target\":{\"@type\":\"EntryPoint\",\"urlTemplate\":\"https:\/\/donbaraton.es\/?s={search_term_string}\"},\"query-input\":{\"@type\":\"PropertyValueSpecification\",\"valueRequired\":true,\"valueName\":\"search_term_string\"}}],\"inLanguage\":\"en-GB\"},{\"@type\":\"Organization\",\"@id\":\"https:\/\/donbaraton.es\/#organization\",\"name\":\"Don Baraton\",\"url\":\"https:\/\/donbaraton.es\/\",\"logo\":{\"@type\":\"ImageObject\",\"inLanguage\":\"en-GB\",\"@id\":\"https:\/\/donbaraton.es\/#\/schema\/logo\/image\/\",\"url\":\"https:\/\/i0.wp.com\/donbaraton.es\/wp-content\/uploads\/2016\/11\/logo_don_baraton.png?fit=228%2C110&ssl=1\",\"contentUrl\":\"https:\/\/i0.wp.com\/donbaraton.es\/wp-content\/uploads\/2016\/11\/logo_don_baraton.png?fit=228%2C110&ssl=1\",\"width\":228,\"height\":110,\"caption\":\"Don Baraton\"},\"image\":{\"@id\":\"https:\/\/donbaraton.es\/#\/schema\/logo\/image\/\"},\"sameAs\":[\"https:\/\/www.facebook.com\/donbaraton.es\",\"https:\/\/x.com\/don_baraton\",\"https:\/\/www.instagram.com\/donbaraton.es\",\"https:\/\/www.linkedin.com\/company\/donbaraton\/\",\"https:\/\/es.pinterest.com\/donbaraton\/\",\"https:\/\/www.youtube.com\/channel\/UCL02HOwx-F759Jq5MedAZfQ\"]}]}<\/script>\n<!-- \/ Yoast SEO plugin. -->","yoast_head_json":{"title":"Ceramic Hair Iron (Hair Straightener) - Don Baraton: tienda de sof\u00e1s, muebles y colchones","robots":{"index":"index","follow":"follow","max-snippet":"max-snippet:-1","max-image-preview":"max-image-preview:large","max-video-preview":"max-video-preview:-1"},"canonical":"https:\/\/donbaraton.es\/en\/p\/ceramic-hair-iron-hair-straightener\/","og_locale":"en_GB","og_type":"article","og_title":"Ceramic Hair Iron (Hair Straightener) - Don Baraton: tienda de sof\u00e1s, muebles y colchones","og_description":"Our hair iron (hair straightener) is a small and lightweight appliance designed to flatten and style the natural hair. Ceramic plates allow smooth styling at a stable temperature. The iron is ideal for travel due to its light weight.  Features:   Pink colour  100% solid ceramic plates  Fast heating technology  360\u00b0 rotating cable  New improved locking system  Operation indicator light  Suitable for all hair types  Temperature regulator\u00a0\u00a0180\u00b0C  Smooth styling without\u00a0adhesion to the hair  User manual in English, Spanish and Portuguese  Power: 30 Watts  Voltage:\u00a0AC 220-240V, 50-60Hz","og_url":"https:\/\/donbaraton.es\/en\/p\/ceramic-hair-iron-hair-straightener\/","og_site_name":"Don Baraton: tienda de sof\u00e1s, muebles y colchones","article_publisher":"https:\/\/www.facebook.com\/donbaraton.es","article_modified_time":"2017-09-21T21:55:33+00:00","og_image":[{"width":900,"height":591,"url":"https:\/\/i2.wp.com\/donbaraton.es\/wp-content\/uploads\/2017\/09\/Plancha-de-pelo-con-placas-de-cer\u00e1mica-1.jpg?fit=900%2C591&ssl=1","type":"image\/jpeg"}],"twitter_card":"summary_large_image","twitter_site":"@don_baraton","twitter_misc":{"Estimated reading time":"1 minute"},"schema":{"@context":"https:\/\/schema.org","@graph":[{"@type":"WebPage","@id":"https:\/\/donbaraton.es\/en\/p\/ceramic-hair-iron-hair-straightener\/","url":"https:\/\/donbaraton.es\/en\/p\/ceramic-hair-iron-hair-straightener\/","name":"Ceramic Hair Iron (Hair Straightener) - Don Baraton: tienda de sof\u00e1s, muebles y colchones","isPartOf":{"@id":"https:\/\/donbaraton.es\/#website"},"primaryImageOfPage":{"@id":"https:\/\/donbaraton.es\/en\/p\/ceramic-hair-iron-hair-straightener\/#primaryimage"},"image":{"@id":"https:\/\/donbaraton.es\/en\/p\/ceramic-hair-iron-hair-straightener\/#primaryimage"},"thumbnailUrl":"https:\/\/donbaraton.es\/wp-content\/uploads\/2017\/09\/Plancha-de-pelo-con-placas-de-cer\u00e1mica-1.jpg","datePublished":"2017-09-20T23:29:26+00:00","dateModified":"2017-09-21T21:55:33+00:00","breadcrumb":{"@id":"https:\/\/donbaraton.es\/en\/p\/ceramic-hair-iron-hair-straightener\/#breadcrumb"},"inLanguage":"en-GB","potentialAction":[{"@type":"ReadAction","target":["https:\/\/donbaraton.es\/en\/p\/ceramic-hair-iron-hair-straightener\/"]}]},{"@type":"ImageObject","inLanguage":"en-GB","@id":"https:\/\/donbaraton.es\/en\/p\/ceramic-hair-iron-hair-straightener\/#primaryimage","url":"https:\/\/donbaraton.es\/wp-content\/uploads\/2017\/09\/Plancha-de-pelo-con-placas-de-cer\u00e1mica-1.jpg","contentUrl":"https:\/\/donbaraton.es\/wp-content\/uploads\/2017\/09\/Plancha-de-pelo-con-placas-de-cer\u00e1mica-1.jpg","width":900,"height":591,"caption":"Ceramic Hair Iron (Hair Straightener)"},{"@type":"BreadcrumbList","@id":"https:\/\/donbaraton.es\/en\/p\/ceramic-hair-iron-hair-straightener\/#breadcrumb","itemListElement":[{"@type":"ListItem","position":1,"name":"Portada","item":"https:\/\/donbaraton.es\/en\/"},{"@type":"ListItem","position":2,"name":"Online Shop","item":"https:\/\/donbaraton.es\/en\/shop\/"},{"@type":"ListItem","position":3,"name":"Ceramic Hair Iron (Hair Straightener)"}]},{"@type":"WebSite","@id":"https:\/\/donbaraton.es\/#website","url":"https:\/\/donbaraton.es\/","name":"Don Baraton: tienda de sof\u00e1s, muebles y colchones","description":"Sofas baratos desde el almac\u00e9n en Almorad\u00ed, Alicante","publisher":{"@id":"https:\/\/donbaraton.es\/#organization"},"potentialAction":[{"@type":"SearchAction","target":{"@type":"EntryPoint","urlTemplate":"https:\/\/donbaraton.es\/?s={search_term_string}"},"query-input":{"@type":"PropertyValueSpecification","valueRequired":true,"valueName":"search_term_string"}}],"inLanguage":"en-GB"},{"@type":"Organization","@id":"https:\/\/donbaraton.es\/#organization","name":"Don Baraton","url":"https:\/\/donbaraton.es\/","logo":{"@type":"ImageObject","inLanguage":"en-GB","@id":"https:\/\/donbaraton.es\/#\/schema\/logo\/image\/","url":"https:\/\/i0.wp.com\/donbaraton.es\/wp-content\/uploads\/2016\/11\/logo_don_baraton.png?fit=228%2C110&ssl=1","contentUrl":"https:\/\/i0.wp.com\/donbaraton.es\/wp-content\/uploads\/2016\/11\/logo_don_baraton.png?fit=228%2C110&ssl=1","width":228,"height":110,"caption":"Don Baraton"},"image":{"@id":"https:\/\/donbaraton.es\/#\/schema\/logo\/image\/"},"sameAs":["https:\/\/www.facebook.com\/donbaraton.es","https:\/\/x.com\/don_baraton","https:\/\/www.instagram.com\/donbaraton.es","https:\/\/www.linkedin.com\/company\/donbaraton\/","https:\/\/es.pinterest.com\/donbaraton\/","https:\/\/www.youtube.com\/channel\/UCL02HOwx-F759Jq5MedAZfQ"]}]}},"_links":{"self":[{"href":"https:\/\/donbaraton.es\/en\/wp-json\/wp\/v2\/product\/5284","targetHints":{"allow":["GET"]}}],"collection":[{"href":"https:\/\/donbaraton.es\/en\/wp-json\/wp\/v2\/product"}],"about":[{"href":"https:\/\/donbaraton.es\/en\/wp-json\/wp\/v2\/types\/product"}],"replies":[{"embeddable":true,"href":"https:\/\/donbaraton.es\/en\/wp-json\/wp\/v2\/comments?post=5284"}],"wp:featuredmedia":[{"embeddable":true,"href":"https:\/\/donbaraton.es\/en\/wp-json\/wp\/v2\/media\/5269"}],"wp:attachment":[{"href":"https:\/\/donbaraton.es\/en\/wp-json\/wp\/v2\/media?parent=5284"}],"wp:term":[{"taxonomy":"product_brand","embeddable":true,"href":"https:\/\/donbaraton.es\/en\/wp-json\/wp\/v2\/product_brand?post=5284"},{"taxonomy":"product_cat","embeddable":true,"href":"https:\/\/donbaraton.es\/en\/wp-json\/wp\/v2\/product_cat?post=5284"},{"taxonomy":"product_tag","embeddable":true,"href":"https:\/\/donbaraton.es\/en\/wp-json\/wp\/v2\/product_tag?post=5284"}],"curies":[{"name":"wp","href":"https:\/\/api.w.org\/{rel}","templated":true}]}}